{"id":919,"date":"2025-08-27T16:05:43","date_gmt":"2025-08-27T08:05:43","guid":{"rendered":"https:\/\/corn-machines.com\/?post_type=product&#038;p=919"},"modified":"2025-09-05T17:02:32","modified_gmt":"2025-09-05T09:02:32","slug":"stainless-steel-milling-machine","status":"publish","type":"product","link":"https:\/\/corn-machines.com\/vi\/product\/stainless-steel-milling-machine\/","title":{"rendered":"M\u00e1y phay th\u00e9p kh\u00f4ng g\u1ec9"},"content":{"rendered":"<p class=\"translation-block\">M\u00e1y nghi\u1ec1n b\u1eb1ng <strong>th\u00e9p kh\u00f4ng g\u1ec9<\/strong> \u0111\u01b0\u1ee3c thi\u1ebft k\u1ebf \u0111\u1ec3 xay nhi\u1ec1u lo\u1ea1i ng\u0169 c\u1ed1c th\u00e0nh b\u1ed9t m\u1ecbn. S\u1ea3n ph\u1ea9m th\u00e0nh ph\u1ea9m th\u01b0\u1eddng c\u00f3 k\u00edch th\u01b0\u1edbc h\u1ea1t 20-120 mesh. N\u00f3 \u0111a n\u0103ng v\u00e0 c\u00f3 th\u1ec3 \u0111\u01b0\u1ee3c s\u1eed d\u1ee5ng \u0111\u1ec3 ch\u1ebf bi\u1ebfn ng\u00f4, l\u00faa m\u00ec, gia v\u1ecb, h\u1ea1t c\u00e0 ph\u00ea, \u1edbt v\u00e0 nhi\u1ec1u lo\u1ea1i kh\u00e1c.<\/p>    <p>M\u00e1y xay ng\u00f4 c\u1ee7a ch\u00fang t\u00f4i d\u1ec5 v\u1eadn h\u00e0nh v\u00e0 hi\u1ec7u qu\u1ea3 cao, v\u1edbi c\u00f4ng su\u1ea5t t\u1ed1i \u0111a 1500 kg\/h. Do \u0111\u00f3, n\u00f3 ph\u1ed5 bi\u1ebfn \u1edf nhi\u1ec1u qu\u1ed1c gia. N\u00f3 \u0111\u00e3 \u0111\u01b0\u1ee3c xu\u1ea5t kh\u1ea9u sang c\u00e1c qu\u1ed1c gia nh\u01b0 Nigeria v\u00e0 \u1ea4n \u0110\u1ed9. N\u1ebfu b\u1ea1n \u0111ang t\u00ecm ki\u1ebfm m\u1ed9t m\u00e1y xay ng\u0169 c\u1ed1c, h\u00e3y li\u00ean h\u1ec7 v\u1edbi ch\u00fang t\u00f4i v\u00e0 ch\u00fang t\u00f4i s\u1ebd cung c\u1ea5p cho b\u1ea1n m\u1ee9c gi\u00e1 t\u1ed1t nh\u1ea5t v\u00e0 ch\u1ea5t l\u01b0\u1ee3ng cao nh\u1ea5t.<\/p>    <figure class=\"wp-block-embed is-type-video is-provider-youtube wp-block-embed-youtube wp-embed-aspect-16-9 wp-has-aspect-ratio\"><div class=\"wp-block-embed__wrapper\"> <iframe loading=\"lazy\" title=\"M\u00e1y nghi\u1ec1n th\u00e9p kh\u00f4ng g\u1ec9 t\u1ed1t nh\u1ea5t &amp; M\u00e1y nghi\u1ec1n th\u00e9p kh\u00f4ng g\u1ec9 ho\u1ea1t \u0111\u1ed9ng nh\u01b0 th\u1ebf n\u00e0o?#milling\" width=\"500\" height=\"281\" src=\"https:\/\/www.youtube.com\/embed\/djN5FJNMrys?feature=oembed\" frameborder=\"0\" allow=\"accelerometer; autoplay; clipboard-write; encrypted-media; gyroscope; picture-in-picture; web-share\" referrerpolicy=\"strict-origin-when-cross-origin\" allowfullscreen><\/iframe> <\/div><figcaption class=\"wp-element-caption\">quy tr\u00ecnh l\u00e0m vi\u1ec7c c\u1ee7a m\u00e1y nghi\u1ec1n b\u1eb1ng th\u00e9p kh\u00f4ng g\u1ec9<\/figcaption><\/figure>    <h2 class=\"wp-block-heading\"><strong>\u01afu \u0111i\u1ec3m c\u1ee7a m\u00e1y xay b\u1eb1ng th\u00e9p kh\u00f4ng g\u1ec9<\/strong><\/h2>    <ul class=\"wp-block-list\"> <li>S\u1ea3n l\u01b0\u1ee3ng t\u1ed1i \u0111a c\u1ee7a m\u00e1y nghi\u1ec1n th\u00e9p kh\u00f4ng g\u1ec9 c\u00f3 th\u1ec3 \u0111\u1ea1t \u0111\u01b0\u1ee3c <strong>1500kg\/h<\/strong>. N\u00f3 ph\u00f9 h\u1ee3p \u0111\u1ec3 s\u1ea3n xu\u1ea5t tr\u00ean m\u1ecdi quy m\u00f4, v\u00e0 b\u1ea1n c\u00f3 th\u1ec3 ch\u1ecdn m\u00f4 h\u00ecnh ph\u00f9 h\u1ee3p v\u1edbi nhu c\u1ea7u c\u1ee7a m\u00ecnh.<\/li>    <li>K\u00edch th\u01b0\u1edbc h\u1ea1t c\u1ee7a s\u1ea3n ph\u1ea9m ho\u00e0n thi\u1ec7n \u1ed5n \u0111\u1ecbnh t\u1ea1i <strong>20-120 l\u01b0\u1edbi<\/strong>, bao g\u1ed3m nhu c\u1ea7u nghi\u1ec1n th\u00f4 \u0111\u1ebfn m\u1ecbn. B\u1ea1n c\u00f3 th\u1ec3 \u0111i\u1ec1u ch\u1ec9nh theo nhu c\u1ea7u c\u1ee7a c\u00e1c t\u00ecnh hu\u1ed1ng kh\u00e1c nhau.<\/li>    <li>M\u00e1y nghi\u1ec1n b\u1ed9t ng\u00f4 Taizy c\u00f3 m\u1ed9t<strong> ph\u1ea1m vi \u1ee9ng d\u1ee5ng r\u1ed9ng r\u00e3i<\/strong>. It can process corn, chili peppers, coffee beans, ginger, and beans, achieving &#8220;one machine, multiple uses.&#8221; <\/li>    <li>M\u00e1y xay b\u1eb1ng th\u00e9p kh\u00f4ng g\u1ec9 c\u1ee7a ch\u00fang t\u00f4i \u0111\u01b0\u1ee3c l\u00e0m t\u1eeb ch\u1ea5t li\u1ec7u \u1ed5n \u0111\u1ecbnh kh\u00f4ng ph\u1ea3n \u1ee9ng v\u1edbi th\u00e0nh ph\u1ea7n th\u1ef1c ph\u1ea9m, \u0111\u00e1p \u1ee9ng ti\u00eau chu\u1ea9n an to\u00e0n th\u1ef1c ph\u1ea9m, v\u00e0 \u0111\u1ea3m b\u1ea3o an to\u00e0n. N\u00f3 c\u0169ng ch\u1ed1ng \u0103n m\u00f2n, v\u00ec v\u1eady n\u00f3 c\u00f3 m\u1ed9t <strong>th\u1eddi gian s\u1eed d\u1ee5ng l\u00e2u d\u00e0i<\/strong>.<\/li> <\/ul>    <figure class=\"wp-block-gallery has-nested-images columns-default is-cropped wp-block-gallery-2 is-layout-flex wp-block-gallery-is-layout-flex\"> <figure class=\"wp-block-image size-large\"><img loading=\"lazy\" decoding=\"async\" width=\"720\" height=\"540\" data-id=\"920\" src=\"https:\/\/corn-machines.com\/wp-content\/uploads\/2025\/08\/stainless-steel-grinding-machine.webp\" alt=\"m\u00e1y xay b\u1eb1ng th\u00e9p kh\u00f4ng g\u1ec9\" class=\"wp-image-920\" srcset=\"https:\/\/corn-machines.com\/wp-content\/uploads\/2025\/08\/stainless-steel-grinding-machine.webp 720w, https:\/\/corn-machines.com\/wp-content\/uploads\/2025\/08\/stainless-steel-grinding-machine-300x225.webp 300w, https:\/\/corn-machines.com\/wp-content\/uploads\/2025\/08\/stainless-steel-grinding-machine-16x12.webp 16w\" sizes=\"auto, (max-width: 720px) 100vw, 720px\" \/><figcaption class=\"wp-element-caption\">m\u00e1y xay b\u1eb1ng th\u00e9p kh\u00f4ng g\u1ec9<\/figcaption><\/figure>    <figure class=\"wp-block-image size-large\"><img loading=\"lazy\" decoding=\"async\" width=\"720\" height=\"540\" data-id=\"921\" src=\"https:\/\/corn-machines.com\/wp-content\/uploads\/2025\/08\/detail-of-corn-milling-machine.webp\" alt=\"chi ti\u1ebft m\u00e1y xay ng\u00f4\" class=\"wp-image-921\" srcset=\"https:\/\/corn-machines.com\/wp-content\/uploads\/2025\/08\/detail-of-corn-milling-machine.webp 720w, https:\/\/corn-machines.com\/wp-content\/uploads\/2025\/08\/detail-of-corn-milling-machine-300x225.webp 300w, https:\/\/corn-machines.com\/wp-content\/uploads\/2025\/08\/detail-of-corn-milling-machine-16x12.webp 16w\" sizes=\"auto, (max-width: 720px) 100vw, 720px\" \/><figcaption class=\"wp-element-caption\">chi ti\u1ebft m\u00e1y xay ng\u00f4<\/figcaption><\/figure> <\/figure>    <h2 class=\"wp-block-heading\"><strong>C\u00e1c lo\u1ea1i v\u00e0 th\u00f4ng s\u1ed1 k\u1ef9 thu\u1eadt c\u1ee7a m\u00e1y xay b\u1eb1ng th\u00e9p kh\u00f4ng g\u1ec9<\/strong><\/h2>    <p>\u0110\u1ec3 \u0111\u00e1p \u1ee9ng nhu c\u1ea7u c\u1ee7a c\u00e1c kh\u00e1ch h\u00e0ng kh\u00e1c nhau, ch\u00fang t\u00f4i cung c\u1ea5p hai lo\u1ea1i m\u00e1y xay b\u1ed9t ng\u0169 c\u1ed1c: m\u00e1y xay b\u1ed9t b\u1eb1ng th\u00e9p kh\u00f4ng g\u1ec9 v\u00e0 m\u00e1y xay b\u1eb1ng th\u00e9p kh\u00f4ng g\u1ec9 c\u1ee1 nh\u1ecf. H\u00ecnh \u1ea3nh v\u00e0 th\u00f4ng s\u1ed1 k\u1ef9 thu\u1eadt c\u1ee7a hai lo\u1ea1i n\u00e0y nh\u01b0 sau:<\/p>    <p class=\"translation-block\"><strong>M\u00e1y xay b\u1ed9t b\u1eb1ng th\u00e9p kh\u00f4ng g\u1ec9<\/strong><\/p>    <p>M\u00e1y n\u00e0y c\u00f3 n\u0103m m\u1eabu: 15B, 20B, 30B, 40B v\u00e0 50B. Th\u00f4ng s\u1ed1 k\u1ef9 thu\u1eadt c\u1ee5 th\u1ec3 c\u1ee7a m\u00e1y nh\u01b0 sau:<\/p>    <figure class=\"wp-block-table\"><table class=\"has-fixed-layout\"><tbody><tr><td>Ng\u01b0\u1eddi m\u1eabu<\/td><td>15B<\/td><td>20B<\/td><td>30B<\/td><td>40B<\/td><td>50B<\/td><\/tr><tr><td>Ch\u1ea5t li\u1ec7u<\/td><td>SUS 304<\/td><td>SUS 304<\/td><td>SUS 304<\/td><td>SUS 304<\/td><td>SUS 304<\/td><\/tr><tr><td>Quy\u1ec1n l\u1ef1c<\/td><td>2,2kw<\/td><td>4kw<\/td><td>7,5kw<\/td><td>11kw<\/td><td>18.5kw<\/td><\/tr><tr><td>T\u1ed1c \u0111\u1ed9 quay<\/td><td>6000 v\u00f2ng\/ph\u00fat<\/td><td>4500 v\u00f2ng\/ph\u00fat<\/td><td>3800 v\u00f2ng\/ph\u00fat<\/td><td>3400 v\u00f2ng\/ph\u00fat<\/td><td>3200 v\u00f2ng\/ph\u00fat<\/td><\/tr><tr><td>K\u00edch th\u01b0\u1edbc v\u1eadt li\u1ec7u<\/td><td>&lt;8mm<\/td><td>&lt;8mm<\/td><td>&lt;10mm<\/td><td>&lt;12mm<\/td><td>&lt;14mm<\/td><\/tr><tr><td>Dung t\u00edch<\/td><td>10-60kg\/h<\/td><td>60-150kg\/h<\/td><td>100-300kg\/h<\/td><td>160-800kg\/h<\/td><td>500-1500kg\/h<\/td><\/tr><tr><td>\u0110\u1ed9 m\u1ecbn<\/td><td>20-120 mesh<\/td><td>20-120 mesh<\/td><td>20-120 mesh<\/td><td>20-120 mesh<\/td><td>20-120 mesh<\/td><\/tr><tr><td>C\u00e2n n\u1eb7ng<\/td><td>150kg<\/td><td>280kg<\/td><td>340kg<\/td><td>450kg<\/td><td>530kg<\/td><\/tr><\/tbody><\/table><figcaption class=\"wp-element-caption\">th\u00f4ng s\u1ed1 m\u00e1y xay b\u1ed9t b\u1eb1ng th\u00e9p kh\u00f4ng g\u1ec9 <\/figcaption><\/figure>   <div class=\"wp-block-image\"> <figure class=\"aligncenter size-full\"><img loading=\"lazy\" decoding=\"async\" width=\"720\" height=\"540\" src=\"https:\/\/corn-machines.com\/wp-content\/uploads\/2025\/08\/stainless-steel-milling-machine.webp\" alt=\"m\u00e1y phay th\u00e9p kh\u00f4ng g\u1ec9\" class=\"wp-image-922\" srcset=\"https:\/\/corn-machines.com\/wp-content\/uploads\/2025\/08\/stainless-steel-milling-machine.webp 720w, https:\/\/corn-machines.com\/wp-content\/uploads\/2025\/08\/stainless-steel-milling-machine-300x225.webp 300w, https:\/\/corn-machines.com\/wp-content\/uploads\/2025\/08\/stainless-steel-milling-machine-16x12.webp 16w\" sizes=\"auto, (max-width: 720px) 100vw, 720px\" \/><figcaption class=\"wp-element-caption\">m\u00e1y phay th\u00e9p kh\u00f4ng g\u1ec9<\/figcaption><\/figure> <\/div>   <p class=\"translation-block\"><strong>M\u00e1y xay b\u1eb1ng th\u00e9p kh\u00f4ng g\u1ec9 c\u1ee1 nh\u1ecf<\/strong><\/p>    <p>M\u00e1y n\u00e0y c\u00f3 ba m\u1eabu: HAO-1200, HAO-2200 v\u00e0 HAO-3000. Th\u00f4ng s\u1ed1 k\u1ef9 thu\u1eadt c\u1ee5 th\u1ec3 c\u1ee7a m\u00e1y nh\u01b0 sau:<\/p>    <figure class=\"wp-block-table\"><table class=\"has-fixed-layout\"><tbody><tr><td>Ng\u01b0\u1eddi m\u1eabu<\/td><td>HAO-1200<\/td><td>HAO-2200<\/td><td>HAO-3000<\/td><\/tr><tr><td>Quy\u1ec1n l\u1ef1c<\/td><td>1.1kw<\/td><td>2,2kw<\/td><td>3kw<\/td><\/tr><tr><td>T\u1ed1c \u0111\u1ed9 quay<\/td><td>1400 v\u00f2ng\/ph\u00fat<\/td><td>1420 v\u00f2ng\/ph\u00fat<\/td><td>1420 v\u00f2ng\/ph\u00fat<\/td><\/tr><tr><td>Dung t\u00edch<\/td><td>15-40kg\/h<\/td><td>30-50kg\/h<\/td><td>30-60kg\/h<\/td><\/tr><tr><td>\u0110\u1ed9 m\u1ecbn<\/td><td>50-200 mesh<\/td><td>50-200 mesh<\/td><td>50-200 mesh<\/td><\/tr><tr><td>K\u00edch th\u01b0\u1edbc m\u00e1y<\/td><td>47*22*34cm<\/td><td>55*28*41cm<\/td><td>60*30*46cm<\/td><\/tr><tr><td>Tr\u1ecdng l\u01b0\u1ee3ng m\u00e1y<\/td><td>30kg<\/td><td>40kg<\/td><td>48kg<\/td><\/tr><\/tbody><\/table><figcaption class=\"wp-element-caption\">th\u00f4ng s\u1ed1 k\u1ef9 thu\u1eadt m\u00e1y c\u1ee1 nh\u1ecf b\u1eb1ng th\u00e9p kh\u00f4ng g\u1ec9<\/figcaption><\/figure>   <div class=\"wp-block-image\"> <figure class=\"aligncenter size-full\"><img loading=\"lazy\" decoding=\"async\" width=\"720\" height=\"540\" src=\"https:\/\/corn-machines.com\/wp-content\/uploads\/2025\/08\/Small-stainless-steel-milling-machine.webp\" alt=\"m\u00e1y xay b\u1eb1ng th\u00e9p kh\u00f4ng g\u1ec9 c\u1ee1 nh\u1ecf\" class=\"wp-image-923\" srcset=\"https:\/\/corn-machines.com\/wp-content\/uploads\/2025\/08\/Small-stainless-steel-milling-machine.webp 720w, https:\/\/corn-machines.com\/wp-content\/uploads\/2025\/08\/Small-stainless-steel-milling-machine-300x225.webp 300w, https:\/\/corn-machines.com\/wp-content\/uploads\/2025\/08\/Small-stainless-steel-milling-machine-16x12.webp 16w\" sizes=\"auto, (max-width: 720px) 100vw, 720px\" \/><figcaption class=\"wp-element-caption\">m\u00e1y xay b\u1eb1ng th\u00e9p kh\u00f4ng g\u1ec9 c\u1ee1 nh\u1ecf<\/figcaption><\/figure> <\/div>   <h2 class=\"wp-block-heading\"><strong>C\u1ea5u t\u1ea1o c\u1ee7a m\u00e1y xay ng\u0169 c\u1ed1c<\/strong><\/h2>    <div class=\"wp-block-media-text is-stacked-on-mobile\"><figure class=\"wp-block-media-text__media\"><img loading=\"lazy\" decoding=\"async\" width=\"540\" height=\"720\" src=\"https:\/\/corn-machines.com\/wp-content\/uploads\/2025\/08\/stainless-steel-grinding-mill.webp\" alt=\"m\u00e1y xay b\u1eb1ng th\u00e9p kh\u00f4ng g\u1ec9\" class=\"wp-image-924 size-full\" srcset=\"https:\/\/corn-machines.com\/wp-content\/uploads\/2025\/08\/stainless-steel-grinding-mill.webp 540w, https:\/\/corn-machines.com\/wp-content\/uploads\/2025\/08\/stainless-steel-grinding-mill-225x300.webp 225w, https:\/\/corn-machines.com\/wp-content\/uploads\/2025\/08\/stainless-steel-grinding-mill-9x12.webp 9w\" sizes=\"auto, (max-width: 540px) 100vw, 540px\" \/><\/figure><div class=\"wp-block-media-text__content\"> <p>C\u1ea5u tr\u00fac t\u1ed5ng th\u1ec3 c\u1ee7a m\u00e1y xay b\u1eb1ng th\u00e9p kh\u00f4ng g\u1ec9 r\u1ea5t \u0111\u01a1n gi\u1ea3n, bao g\u1ed3m c\u00e1c b\u1ed9 ph\u1eadn ch\u00ednh sau:<\/p>    <ul class=\"wp-block-list\"> <li>\u0110\u1ea7u v\u00e0o<\/li>    <li>\u0110i\u1ec1u ch\u1ec9nh t\u1ed1c \u0111\u1ed9<\/li>    <li>Khoang nghi\u1ec1n<\/li>    <li>\u0110ai \u1ed1c l\u1ecfng<\/li>    <li>N\u00fat c\u00f4ng t\u1eafc<\/li>    <li>\u0110\u1ea7u ra<\/li> <\/ul> <\/div><\/div>    <h2 class=\"wp-block-heading\"><strong>Nguy\u00ean l\u00fd ho\u1ea1t \u0111\u1ed9ng c\u1ee7a m\u00e1y xay ng\u0169 c\u1ed1c<\/strong><\/h2>    <p>M\u00e1y nghi\u1ec1n n\u00e0y s\u1eed d\u1ee5ng chuy\u1ec3n \u0111\u1ed9ng t\u01b0\u01a1ng \u0111\u1ed1i gi\u1eefa \u0111\u0129a r\u0103ng di \u0111\u1ed9ng v\u00e0 \u0111\u0129a r\u0103ng c\u1ed1 \u0111\u1ecbnh \u0111\u1ec3 nghi\u1ec1n v\u1eadt li\u1ec7u th\u00f4ng qua t\u00e1c \u0111\u1ed9ng, c\u1eaft, ma s\u00e1t v\u00e0 va ch\u1ea1m c\u1ee7a r\u0103ng. V\u1eadt li\u1ec7u sau khi nghi\u1ec1n \u0111\u01b0\u1ee3c x\u1ea3 tr\u1ef1c ti\u1ebfp t\u1eeb khoang nghi\u1ec1n.<\/p>    <p>K\u00edch th\u01b0\u1edbc h\u1ea1t cu\u1ed1i c\u00f9ng c\u1ee7a s\u1ea3n ph\u1ea9m c\u1ee7a m\u00e1y n\u00e0y \u0111\u01b0\u1ee3c x\u00e1c \u0111\u1ecbnh b\u1edfi l\u01b0\u1edbi s\u00e0ng, c\u00f3 th\u1ec3 thay \u0111\u1ed5i \u0111\u1ec3 ph\u00f9 h\u1ee3p v\u1edbi k\u00edch th\u01b0\u1edbc h\u1ea1t mong mu\u1ed1n c\u1ee7a b\u1ea1n.<\/p>    <figure class=\"wp-block-gallery has-nested-images columns-default is-cropped wp-block-gallery-3 is-layout-flex wp-block-gallery-is-layout-flex\"> <figure class=\"wp-block-image size-full\"><img loading=\"lazy\" decoding=\"async\" width=\"540\" height=\"720\" data-id=\"934\" src=\"https:\/\/corn-machines.com\/wp-content\/uploads\/2025\/08\/\u56fe\u7247\u6587\u5b57\u4fee\u6539-tuya_\u7ed3\u679c.webp\" alt=\"chi ti\u1ebft m\u00e1y xay b\u1ed9t b\u1eb1ng th\u00e9p kh\u00f4ng g\u1ec9\" class=\"wp-image-934\" srcset=\"https:\/\/corn-machines.com\/wp-content\/uploads\/2025\/08\/\u56fe\u7247\u6587\u5b57\u4fee\u6539-tuya_\u7ed3\u679c.webp 540w, https:\/\/corn-machines.com\/wp-content\/uploads\/2025\/08\/\u56fe\u7247\u6587\u5b57\u4fee\u6539-tuya_\u7ed3\u679c-225x300.webp 225w, https:\/\/corn-machines.com\/wp-content\/uploads\/2025\/08\/\u56fe\u7247\u6587\u5b57\u4fee\u6539-tuya_\u7ed3\u679c-9x12.webp 9w\" sizes=\"auto, (max-width: 540px) 100vw, 540px\" \/><figcaption class=\"wp-element-caption\">chi ti\u1ebft m\u00e1y xay b\u1ed9t b\u1eb1ng th\u00e9p kh\u00f4ng g\u1ec9<\/figcaption><\/figure>    <figure class=\"wp-block-image size-large\"><img loading=\"lazy\" decoding=\"async\" width=\"540\" height=\"720\" data-id=\"925\" src=\"https:\/\/corn-machines.com\/wp-content\/uploads\/2025\/08\/detail-of-small-grain-milling-machine.webp\" alt=\"chi ti\u1ebft m\u00e1y xay ng\u0169 c\u1ed1c c\u1ee1 nh\u1ecf\" class=\"wp-image-925\" srcset=\"https:\/\/corn-machines.com\/wp-content\/uploads\/2025\/08\/detail-of-small-grain-milling-machine.webp 540w, https:\/\/corn-machines.com\/wp-content\/uploads\/2025\/08\/detail-of-small-grain-milling-machine-225x300.webp 225w, https:\/\/corn-machines.com\/wp-content\/uploads\/2025\/08\/detail-of-small-grain-milling-machine-9x12.webp 9w\" sizes=\"auto, (max-width: 540px) 100vw, 540px\" \/><figcaption class=\"wp-element-caption\">chi ti\u1ebft m\u00e1y xay ng\u0169 c\u1ed1c c\u1ee1 nh\u1ecf<\/figcaption><\/figure>    <figure class=\"wp-block-image size-large\"><img loading=\"lazy\" decoding=\"async\" width=\"540\" height=\"720\" data-id=\"926\" src=\"https:\/\/corn-machines.com\/wp-content\/uploads\/2025\/08\/sieve-of-stainless-steel-small-mill.webp\" alt=\"s\u00e0ng c\u1ee7a m\u00e1y xay c\u1ee1 nh\u1ecf b\u1eb1ng th\u00e9p kh\u00f4ng g\u1ec9\" class=\"wp-image-926\" srcset=\"https:\/\/corn-machines.com\/wp-content\/uploads\/2025\/08\/sieve-of-stainless-steel-small-mill.webp 540w, https:\/\/corn-machines.com\/wp-content\/uploads\/2025\/08\/sieve-of-stainless-steel-small-mill-225x300.webp 225w, https:\/\/corn-machines.com\/wp-content\/uploads\/2025\/08\/sieve-of-stainless-steel-small-mill-9x12.webp 9w\" sizes=\"auto, (max-width: 540px) 100vw, 540px\" \/><figcaption class=\"wp-element-caption\">s\u00e0ng c\u1ee7a m\u00e1y xay c\u1ee1 nh\u1ecf b\u1eb1ng th\u00e9p kh\u00f4ng g\u1ec9<\/figcaption><\/figure> <\/figure>    <h2 class=\"wp-block-heading\"><strong>\u1ee8ng d\u1ee5ng c\u1ee7a m\u00e1y xay b\u1eb1ng th\u00e9p kh\u00f4ng g\u1ec9<\/strong><\/h2>    <p>M\u00e1y xay b\u1eb1ng th\u00e9p kh\u00f4ng g\u1ec9 Taizy c\u00f3 \u1ee9ng d\u1ee5ng r\u1ed9ng r\u00e3i, ch\u1eb3ng h\u1ea1n nh\u01b0 h\u1ea1t c\u00e0 ph\u00ea, g\u1eebng, h\u1ea1t ti\u00eau, \u0111\u1eadu n\u00e0nh, \u1edbt, th\u1ea3o m\u1ed9c, v.v.<\/p>    <figure class=\"wp-block-gallery has-nested-images columns-default is-cropped wp-block-gallery-4 is-layout-flex wp-block-gallery-is-layout-flex\"> <figure class=\"wp-block-image size-large\"><img loading=\"lazy\" decoding=\"async\" width=\"720\" height=\"540\" data-id=\"930\" src=\"https:\/\/corn-machines.com\/wp-content\/uploads\/2025\/08\/application-of-stainless-steel-flour-mill-machine.webp\" alt=\"\u1ee9ng d\u1ee5ng c\u1ee7a m\u00e1y xay b\u1ed9t b\u1eb1ng th\u00e9p kh\u00f4ng g\u1ec9\" class=\"wp-image-930\" srcset=\"https:\/\/corn-machines.com\/wp-content\/uploads\/2025\/08\/application-of-stainless-steel-flour-mill-machine.webp 720w, https:\/\/corn-machines.com\/wp-content\/uploads\/2025\/08\/application-of-stainless-steel-flour-mill-machine-300x225.webp 300w, https:\/\/corn-machines.com\/wp-content\/uploads\/2025\/08\/application-of-stainless-steel-flour-mill-machine-16x12.webp 16w\" sizes=\"auto, (max-width: 720px) 100vw, 720px\" \/><figcaption class=\"wp-element-caption\">\u1ee9ng d\u1ee5ng c\u1ee7a m\u00e1y xay b\u1ed9t b\u1eb1ng th\u00e9p kh\u00f4ng g\u1ec9<\/figcaption><\/figure>    <figure class=\"wp-block-image size-large\"><img loading=\"lazy\" decoding=\"async\" width=\"720\" height=\"540\" data-id=\"931\" src=\"https:\/\/corn-machines.com\/wp-content\/uploads\/2025\/08\/application-of-stainless-steel-milling-machine.webp\" alt=\"\u1ee9ng d\u1ee5ng c\u1ee7a m\u00e1y xay b\u1eb1ng th\u00e9p kh\u00f4ng g\u1ec9\" class=\"wp-image-931\" srcset=\"https:\/\/corn-machines.com\/wp-content\/uploads\/2025\/08\/application-of-stainless-steel-milling-machine.webp 720w, https:\/\/corn-machines.com\/wp-content\/uploads\/2025\/08\/application-of-stainless-steel-milling-machine-300x225.webp 300w, https:\/\/corn-machines.com\/wp-content\/uploads\/2025\/08\/application-of-stainless-steel-milling-machine-16x12.webp 16w\" sizes=\"auto, (max-width: 720px) 100vw, 720px\" \/><figcaption class=\"wp-element-caption\">\u1ee9ng d\u1ee5ng c\u1ee7a m\u00e1y xay b\u1eb1ng th\u00e9p kh\u00f4ng g\u1ec9<\/figcaption><\/figure> <\/figure>    <h2 class=\"wp-block-heading\"><strong>Gi\u00e1 m\u00e1y xay ng\u00f4 l\u00e0 bao nhi\u00eau?<\/strong><\/h2>    <p>Ch\u00fang t\u00f4i cung c\u1ea5p nhi\u1ec1u m\u1eabu m\u00e1y xay ng\u0169 c\u1ed1c v\u00e0 m\u00e1y xay ng\u00f4. M\u1ed9t s\u1ed1 y\u1ebfu t\u1ed1 quy\u1ebft \u0111\u1ecbnh gi\u00e1 c\u1ee7a m\u00e1y xay ng\u0169 c\u1ed1c.<\/p>    <ul class=\"wp-block-list\"> <li>Th\u1ee9 nh\u1ea5t, m\u1eabu m\u00e1y. C\u00e1c m\u1eabu kh\u00e1c nhau t\u1ea1o ra c\u00e1c m\u1ee9c \u0111\u1ed9 ho\u00e0n thi\u1ec7n s\u1ea3n ph\u1ea9m v\u00e0 hi\u1ec7u qu\u1ea3 x\u1eed l\u00fd kh\u00e1c nhau, d\u1eabn \u0111\u1ebfn s\u1ef1 kh\u00e1c bi\u1ec7t v\u1ec1 gi\u00e1 c\u1ea3.<\/li>    <li>Th\u1ee9 hai, ph\u1ee5 ki\u1ec7n m\u00e1y. V\u00ed d\u1ee5, n\u1ebfu b\u1ea1n c\u1ea7n mua th\u00eam c\u00e1c b\u1ed9 ph\u1eadn ti\u00eau hao (nh\u01b0 m\u00e0n h\u00ecnh) ho\u1eb7c thi\u1ebft b\u1ecb ph\u1ee5 tr\u1ee3 (nh\u01b0 thi\u1ebft b\u1ecb x\u1eed l\u00fd v\u1eadt li\u1ec7u). Trong tr\u01b0\u1eddng h\u1ee3p \u0111\u00f3, chi ph\u00ed ph\u1ee5 ki\u1ec7n t\u01b0\u01a1ng \u1ee9ng s\u1ebd \u0111\u01b0\u1ee3c c\u1ed9ng v\u00e0o gi\u00e1 c\u01a1 b\u1ea3n.<\/li>    <li>Th\u1ee9 ba, qu\u1ed1c gia \u0111\u1ebfn. \u0110i\u1ec1u n\u00e0y ch\u1ee7 y\u1ebfu li\u00ean quan \u0111\u1ebfn c\u01b0\u1edbc v\u1eadn chuy\u1ec3n \u0111\u01b0\u1eddng bi\u1ec3n qu\u1ed1c t\u1ebf, thay \u0111\u1ed5i theo \u0111i\u1ec3m \u0111\u1ebfn v\u00e0 \u1ea3nh h\u01b0\u1edfng tr\u1ef1c ti\u1ebfp \u0111\u1ebfn gi\u00e1 t\u1ed5ng th\u1ec3 c\u1ee7a m\u00e1y.<\/li> <\/ul>    <figure class=\"wp-block-gallery has-nested-images columns-default is-cropped wp-block-gallery-5 is-layout-flex wp-block-gallery-is-layout-flex\"> <figure class=\"wp-block-image size-large\"><img loading=\"lazy\" decoding=\"async\" width=\"540\" height=\"720\" data-id=\"928\" src=\"https:\/\/corn-machines.com\/wp-content\/uploads\/2025\/08\/stainless-steel-grinder-machine.webp\" alt=\"m\u00e1y xay b\u1eb1ng th\u00e9p kh\u00f4ng g\u1ec9\" class=\"wp-image-928\" srcset=\"https:\/\/corn-machines.com\/wp-content\/uploads\/2025\/08\/stainless-steel-grinder-machine.webp 540w, https:\/\/corn-machines.com\/wp-content\/uploads\/2025\/08\/stainless-steel-grinder-machine-225x300.webp 225w, https:\/\/corn-machines.com\/wp-content\/uploads\/2025\/08\/stainless-steel-grinder-machine-9x12.webp 9w\" sizes=\"auto, (max-width: 540px) 100vw, 540px\" \/><figcaption class=\"wp-element-caption\">m\u00e1y xay b\u1eb1ng th\u00e9p kh\u00f4ng g\u1ec9<\/figcaption><\/figure>    <figure class=\"wp-block-image size-large\"><img loading=\"lazy\" decoding=\"async\" width=\"540\" height=\"720\" data-id=\"929\" src=\"https:\/\/corn-machines.com\/wp-content\/uploads\/2025\/08\/stainless-steel-small-mill.webp\" alt=\"m\u00e1y xay c\u1ee1 nh\u1ecf b\u1eb1ng th\u00e9p kh\u00f4ng g\u1ec9\" class=\"wp-image-929\" srcset=\"https:\/\/corn-machines.com\/wp-content\/uploads\/2025\/08\/stainless-steel-small-mill.webp 540w, https:\/\/corn-machines.com\/wp-content\/uploads\/2025\/08\/stainless-steel-small-mill-225x300.webp 225w, https:\/\/corn-machines.com\/wp-content\/uploads\/2025\/08\/stainless-steel-small-mill-9x12.webp 9w\" sizes=\"auto, (max-width: 540px) 100vw, 540px\" \/><figcaption class=\"wp-element-caption\">m\u00e1y xay c\u1ee1 nh\u1ecf b\u1eb1ng th\u00e9p kh\u00f4ng g\u1ec9<\/figcaption><\/figure> <\/figure>    <h2 class=\"wp-block-heading\"><strong>T\u1ea1i sao ch\u1ecdn ch\u00fang t\u00f4i l\u00e0m nh\u00e0 cung c\u1ea5p?<\/strong><\/h2>    <p class=\"translation-block\">Taizy l\u00e0 m\u1ed9t c\u00f4ng ty chuy\u00ean v\u1ec1 thi\u1ebft b\u1ecb ch\u1ebf bi\u1ebfn n\u00f4ng s\u1ea3n. Ch\u00fang t\u00f4i cung c\u1ea5p m\u1ed9t d\u1ea3i m\u00e1y to\u00e0n di\u1ec7n, bao g\u1ed3m m\u00e1y xay b\u1eb1ng th\u00e9p kh\u00f4ng g\u1ec9, <a href=\"https:\/\/corn-machines.com\/vi\/product\/mini-corn-harvesting-machine-maize-picker-machine\/\">m\u00e1y g\u1eb7t ng\u00f4<\/a>, <a href=\"https:\/\/corn-machines.com\/vi\/product\/grain-dryer\/\">m\u00e1y s\u1ea5y ng\u00f4<\/a>, <a href=\"https:\/\/corn-machines.com\/vi\/product\/fresh-corn-thresher-sweet-corn-sheller\/\">m\u00e1y tu\u1ed1t ng\u00f4<\/a>, v\u00e0 <a href=\"https:\/\/corn-machines.com\/vi\/product\/corn-grits-machine\/\">m\u00e1y xay b\u1ed9t ng\u00f4<\/a>. <\/p>    <p>Ch\u00fang t\u00f4i cung c\u1ea5p d\u1ecbch v\u1ee5 m\u1ed9t c\u1eeda cho kh\u00e1ch h\u00e0ng. Kh\u00e1ch h\u00e0ng c\u1ee7a ch\u00fang t\u00f4i tr\u1ea3i kh\u1eafp to\u00e0n c\u1ea7u, v\u1edbi s\u1ea3n l\u01b0\u1ee3ng b\u00e1n h\u00e0ng l\u1edbn nh\u1ea5t cho thi\u1ebft b\u1ecb ch\u1ebf bi\u1ebfn ng\u00f4 \u1edf c\u00e1c n\u01b0\u1edbc nh\u01b0 \u00dd, Bangladesh, Th\u1ed5 Nh\u0129 K\u1ef3, Dubai, Hoa K\u1ef3, Nigeria v\u00e0 Ecuador. Ch\u00fang t\u00f4i \u0111\u00e3 nh\u1eadn \u0111\u01b0\u1ee3c s\u1ef1 khen ng\u1ee3i \u0111\u1ed3ng thu\u1eadn t\u1eeb ph\u00eda kh\u00e1ch h\u00e0ng.<\/p>    <p> N\u1ebfu b\u1ea1n quan t\u00e2m \u0111\u1ebfn b\u1ea5t k\u1ef3 m\u00e1y n\u00e0o, h\u00e3y li\u00ean h\u1ec7 v\u1edbi ch\u00fang t\u00f4i ngay v\u00e0 ch\u00fang t\u00f4i s\u1ebd cung c\u1ea5p cho b\u1ea1n d\u1ecbch v\u1ee5 t\u1ed1t nh\u1ea5t v\u00e0 gi\u1ea3i ph\u00e1p hi\u1ec7u qu\u1ea3 nh\u1ea5t.<\/p>","protected":false},"excerpt":{"rendered":"<p>B\u00e0i vi\u1ebft n\u00e0y ch\u1ee7 y\u1ebfu gi\u1edbi thi\u1ec7u m\u00e1y phay th\u00e9p kh\u00f4ng g\u1ec9, bao g\u1ed3m ch\u1ee9c n\u0103ng, \u01b0u \u0111i\u1ec3m, m\u1eabu m\u00e3, v.v. Gi\u1edbi thi\u1ec7u to\u00e0n di\u1ec7n cung c\u1ea5p t\u00e0i li\u1ec7u tham kh\u1ea3o cho kh\u00e1ch h\u00e0ng c\u00f3 nhu c\u1ea7u.<\/p>","protected":false},"author":1,"featured_media":933,"parent":0,"template":"","tags":[42,76,43],"product-type":[5],"class_list":["post-919","product","type-product","status-publish","has-post-thumbnail","hentry","tag-corn","tag-corn-milling","tag-maize","product-type-maize-grits-milling-machine"],"_links":{"self":[{"href":"https:\/\/corn-machines.com\/vi\/wp-json\/wp\/v2\/product\/919","targetHints":{"allow":["GET"]}}],"collection":[{"href":"https:\/\/corn-machines.com\/vi\/wp-json\/wp\/v2\/product"}],"about":[{"href":"https:\/\/corn-machines.com\/vi\/wp-json\/wp\/v2\/types\/product"}],"author":[{"embeddable":true,"href":"https:\/\/corn-machines.com\/vi\/wp-json\/wp\/v2\/users\/1"}],"wp:featuredmedia":[{"embeddable":true,"href":"https:\/\/corn-machines.com\/vi\/wp-json\/wp\/v2\/media\/933"}],"wp:attachment":[{"href":"https:\/\/corn-machines.com\/vi\/wp-json\/wp\/v2\/media?parent=919"}],"wp:term":[{"taxonomy":"post_tag","embeddable":true,"href":"https:\/\/corn-machines.com\/vi\/wp-json\/wp\/v2\/tags?post=919"},{"taxonomy":"product-type","embeddable":true,"href":"https:\/\/corn-machines.com\/vi\/wp-json\/wp\/v2\/product-type?post=919"}],"curies":[{"name":"wp","href":"https:\/\/api.w.org\/{rel}","templated":true}]}}