{"id":877,"date":"2025-08-21T15:12:18","date_gmt":"2025-08-21T07:12:18","guid":{"rendered":"https:\/\/corn-machines.com\/?post_type=product&#038;p=877"},"modified":"2025-08-29T16:05:41","modified_gmt":"2025-08-29T08:05:41","slug":"corn-cutter-machine","status":"publish","type":"product","link":"https:\/\/corn-machines.com\/vi\/product\/corn-cutter-machine\/","title":{"rendered":"M\u00e1y c\u1eaft ng\u00f4 t\u1ef1 \u0111\u1ed9ng"},"content":{"rendered":"<p class=\"translation-block\">M\u00e1y c\u1eaft ng\u00f4 <strong> <\/strong><span style=\"margin: 0px;padding: 0px\"><strong>m\u00e1y<\/strong> c\u00f3 th\u1ec3<\/span> lo\u1ea1i b\u1ecf nhanh ch\u00f3ng \u0111\u1ea7u v\u00e0 \u0111u\u00f4i c\u1ee7a ng\u00f4. N\u00f3 c\u00f3 hi\u1ec7u su\u1ea5t cao v\u00e0 c\u00f3 th\u1ec3 x\u1eed l\u00fd ng\u00f4 v\u1edbi t\u1ed1c \u0111\u1ed9 3000-5000 b\u1eafp m\u1ed7i gi\u1edd. \u0110\u1ed9 d\u00e0i c\u1ee7a ng\u00f4 \u0111\u00e3 \u0111\u01b0\u1ee3c x\u1eed l\u00fd c\u00f3 th\u1ec3 \u0111\u01b0\u1ee3c t\u00f9y ch\u1ec9nh theo nhu c\u1ea7u c\u1ee7a b\u1ea1n, ng\u1eafn nh\u1ea5t l\u00e0 15cm.<\/p>    <p>Ng\u00f4 \u0111\u00e3 lo\u1ea1i b\u1ecf \u0111\u1ea7u v\u00e0 \u0111u\u00f4i c\u00f3 th\u1ec3 \u0111\u01b0\u1ee3c ch\u1ebf bi\u1ebfn th\u00e0nh th\u1ef1c ph\u1ea9m ho\u1eb7c b\u00e1n tr\u1ef1c ti\u1ebfp l\u00e0m nguy\u00ean li\u1ec7u. Do \u0111\u00f3, m\u00e1y lo\u1ea1i b\u1ecf \u0111\u1ea7u v\u00e0 \u0111u\u00f4i ng\u00f4 r\u1ea5t ph\u1ed5 bi\u1ebfn trong c\u1ea3 ng\u00e0nh n\u00f4ng nghi\u1ec7p v\u00e0 th\u1ef1c ph\u1ea9m. N\u00f3 \u0111\u00e3 \u0111\u01b0\u1ee3c xu\u1ea5t kh\u1ea9u sang \u1ea4n \u0110\u1ed9, Nigeria v\u00e0 c\u00e1c qu\u1ed1c gia kh\u00e1c v\u00e0 nh\u1eadn \u0111\u01b0\u1ee3c s\u1ef1 ca ng\u1ee3i nh\u1ea5t tr\u00ed. N\u1ebfu b\u1ea1n c\u1ea7n m\u00e1y c\u1eaft ng\u00f4, h\u00e3y li\u00ean h\u1ec7 v\u1edbi ch\u00fang t\u00f4i ngay \u0111\u1ec3 bi\u1ebft th\u00eam th\u00f4ng tin.<\/p>    <figure class=\"wp-block-embed is-type-video is-provider-youtube wp-block-embed-youtube wp-embed-aspect-16-9 wp-has-aspect-ratio\"><div class=\"wp-block-embed__wrapper\"> <iframe loading=\"lazy\" title=\"\ud83c\udf3d\ud83c\udf3dM\u00e1y C\u1eaft Ng\u00f4 B\u00e1n Ch\u1ea1y | M\u00e1y Lo\u1ea1i B\u1ecf \u0110\u1ea7u V\u00e0 \u0110u\u00f4i Ng\u00f4 T\u01b0\u01a1i Ho\u1ea1t \u0110\u1ed9ng Nh\u01b0 Th\u1ebf N\u00e0o?#corn\" width=\"500\" height=\"281\" src=\"https:\/\/www.youtube.com\/embed\/Tr77gb29nc8?feature=oembed\" frameborder=\"0\" allow=\"accelerometer; autoplay; clipboard-write; encrypted-media; gyroscope; picture-in-picture; web-share\" referrerpolicy=\"strict-origin-when-cross-origin\" allowfullscreen><\/iframe> <\/div><figcaption class=\"wp-element-caption\">video ho\u1ea1t \u0111\u1ed9ng c\u1ee7a m\u00e1y lo\u1ea1i b\u1ecf \u0111\u1ea7u v\u00e0 \u0111u\u00f4i ng\u00f4<\/figcaption><\/figure>    <h2 class=\"wp-block-heading\"><strong>\u01afu \u0111i\u1ec3m c\u1ee7a m\u00e1y lo\u1ea1i b\u1ecf \u0111\u1ea7u v\u00e0 \u0111u\u00f4i ng\u00f4<\/strong><\/h2>    <ul class=\"wp-block-list\"> <li>Th\u00e2n c\u1ee7a ng\u00f4 \u0111\u00f4ng l\u1ea1nh <strong>m\u00e1y c\u1eaft ng\u00f4<\/strong> \u0111\u01b0\u1ee3c l\u00e0m t\u1eeb <strong>Th\u00e9p kh\u00f4ng g\u1ec9 304<\/strong>, trong \u0111\u00f3 <span style=\"box-sizing: border-box; margin: 0px; padding: 0px;\">cung c\u1ea5p kh\u1ea3 n\u0103ng ch\u1ed1ng \u0103n m\u00f2n v\u00e0 m\u00e0i m\u00f2n m\u1ea1nh m\u1ebd<\/span>, mang l\u1ea1i tu\u1ed5i th\u1ecd l\u00e2u h\u01a1n cho thi\u1ebft b\u1ecb.<\/li>    <li>N\u00f3 c\u00f3 <strong>kh\u1ea3 n\u0103ng \u1ee9ng d\u1ee5ng m\u1ea1nh m\u1ebd<\/strong> v\u00e0 c\u00f3 th\u1ec3 x\u1eed l\u00fd nguy\u00ean li\u1ec7u th\u00f4 \u1edf c\u00e1c tr\u1ea1ng th\u00e1i kh\u00e1c nhau, nh\u01b0 ng\u00f4 ch\u01b0a b\u1ecf v\u1ecf, ng\u00f4 \u0111\u00f4ng l\u1ea1nh v\u00e0 ng\u00f4 t\u01b0\u01a1i, m\u00e0 kh\u00f4ng c\u1ea7n x\u1eed l\u00fd s\u01a1 b\u1ed9 b\u1ed5 sung (nh\u01b0 r\u00e3 \u0111\u00f4ng v\u00e0 b\u00f3c v\u1ecf), gi\u1ea3m quy tr\u00ecnh v\u00e0 n\u00e2ng cao hi\u1ec7u qu\u1ea3 ch\u1ebf bi\u1ebfn.<\/li>    <li>M\u00e1y c\u1eaft ng\u00f4 c\u1ee7a ch\u00fang t\u00f4i <strong>h\u1ed7 tr\u1ee3 \u0111i\u1ec1u ch\u1ec9nh chi\u1ec1u d\u00e0i ng\u00f4<\/strong>. N\u00f3 c\u00f3 th\u1ec3 ch\u00ednh x\u00e1c lo\u1ea1i b\u1ecf \u0111\u1ea7u v\u00e0 \u0111u\u00f4i theo y\u00eau c\u1ea7u x\u1eed l\u00fd, gi\u1ea3m l\u00e3ng ph\u00ed nguy\u00ean li\u1ec7u th\u00f4 v\u00e0 \u0111\u1ea3m b\u1ea3o t\u00ednh nh\u1ea5t qu\u00e1n c\u1ee7a s\u1ea3n ph\u1ea9m ho\u00e0n ch\u1ec9nh.<\/li>    <li>M\u00e1y c\u1eaft ng\u00f4 Taziy thay th\u1ebf vi\u1ec7c lo\u1ea1i b\u1ecf th\u1ee7 c\u00f4ng \u0111\u1ea7u v\u00e0 \u0111u\u00f4i, gi\u00fap ti\u1ebft ki\u1ec7m \u0111\u00e1ng k\u1ec3<strong> t\u0103ng t\u1ed1c \u0111\u1ed9 x\u1eed l\u00fd, gi\u1ea3m chi ph\u00ed lao \u0111\u1ed9ng<\/strong>. N\u00f3 \u0111\u1eb7c bi\u1ec7t ph\u00f9 h\u1ee3p v\u1edbi c\u00e1c k\u1ecbch b\u1ea3n s\u1ea3n xu\u1ea5t quy m\u00f4 l\u1edbn v\u00e0 h\u00e0ng lo\u1ea1t (nh\u01b0 nh\u00e0 \u0111\u00f3ng h\u1ed9p v\u00e0 nh\u00e0 m\u00e1y ch\u1ebf bi\u1ebfn th\u1ef1c ph\u1ea9m \u0111\u00f4ng l\u1ea1nh nhanh).<\/li>    <li>M\u00e1y lo\u1ea1i b\u1ecf \u0111\u1ea7u v\u00e0 \u0111u\u00f4i ng\u00f4 c\u00f3 m\u1ed9t <strong>s\u1ef1 k\u1ebft h\u1ee3p m\u1ea1nh m\u1ebd<\/strong>, v\u00e0 c\u00f3 th\u1ec3 \u0111\u01b0\u1ee3c s\u1eed d\u1ee5ng c\u00f9ng v\u1edbi c\u00e1c thi\u1ebft b\u1ecb x\u1eed l\u00fd kh\u00e1c (nh\u01b0 <a href=\"https:\/\/corn-machines.com\/vi\/product\/sweet-corn-cutter-machine\/\">m\u00e1y c\u1eaft ng\u00f4 ng\u1ecdt<\/a>, m\u00e1y \u0111\u00f3ng g\u00f3i), gi\u00fap n\u00e2ng cao n\u0103ng l\u1ef1c s\u1ea3n xu\u1ea5t t\u1ed5ng th\u1ec3 t\u1ed1t h\u01a1n.<\/li> <\/ul>   <div class=\"wp-block-image\"> <figure class=\"aligncenter size-full\"><img loading=\"lazy\" decoding=\"async\" width=\"720\" height=\"540\" src=\"https:\/\/corn-machines.com\/wp-content\/uploads\/2025\/08\/corn-head-and-tail-removing-machine.webp\" alt=\"m\u00e1y lo\u1ea1i b\u1ecf \u0111\u1ea7u v\u00e0 \u0111u\u00f4i ng\u00f4\" class=\"wp-image-879\" srcset=\"https:\/\/corn-machines.com\/wp-content\/uploads\/2025\/08\/corn-head-and-tail-removing-machine.webp 720w, https:\/\/corn-machines.com\/wp-content\/uploads\/2025\/08\/corn-head-and-tail-removing-machine-300x225.webp 300w, https:\/\/corn-machines.com\/wp-content\/uploads\/2025\/08\/corn-head-and-tail-removing-machine-16x12.webp 16w\" sizes=\"auto, (max-width: 720px) 100vw, 720px\" \/><figcaption class=\"wp-element-caption\">m\u00e1y lo\u1ea1i b\u1ecf \u0111\u1ea7u v\u00e0 \u0111u\u00f4i ng\u00f4<\/figcaption><\/figure> <\/div>   <h2 class=\"wp-block-heading\"><strong>Th\u00f4ng s\u1ed1 k\u1ef9 thu\u1eadt c\u1ee7a m\u00e1y c\u1eaft ng\u00f4<\/strong><\/h2>    <figure class=\"wp-block-table\"><table class=\"has-fixed-layout\"><tbody><tr><td>Ng\u01b0\u1eddi m\u1eabu<\/td><td> M\u00e1y c\u1eaft ng\u00f4 m\u1ed9t h\u00e0ng<\/td><td>M\u00e1y c\u1eaft ng\u00f4 hai h\u00e0ng<\/td><\/tr><tr><td>Quy\u1ec1n l\u1ef1c<\/td><td>1.5kw<\/td><td>1.5kw<\/td><\/tr><tr><td>C\u00e2n n\u1eb7ng<\/td><td>350kg<\/td><td>\/<\/td><\/tr><tr><td>K\u00edch c\u1ee1<\/td><td>2600*750*1200mm<\/td><td>7000*1700*1900mm<\/td><\/tr><tr><td>Ch\u1ea5t li\u1ec7u th\u00e2n m\u00e1y<\/td><td>Th\u00e9p kh\u00f4ng g\u1ec9 304<\/td><td>Th\u00e9p kh\u00f4ng g\u1ec9 304<\/td><\/tr><tr><td>C\u00f4ng su\u1ea5t s\u1ea3n xu\u1ea5t<\/td><td>3000 b\u1eafp\/gi\u1edd<\/td><td>5000 b\u1eafp\/gi\u1edd<\/td><\/tr><\/tbody><\/table><figcaption class=\"wp-element-caption\">Th\u00f4ng s\u1ed1 k\u1ef9 thu\u1eadt c\u1ee7a m\u00e1y lo\u1ea1i b\u1ecf \u0111\u1ea7u v\u00e0 \u0111u\u00f4i ng\u00f4<\/figcaption><\/figure>    <h2 class=\"wp-block-heading\"><strong>\u1ee8ng d\u1ee5ng c\u1ee7a m\u00e1y lo\u1ea1i b\u1ecf \u0111\u1ea7u v\u00e0 \u0111u\u00f4i ng\u00f4<\/strong><\/h2>    <p class=\"translation-block\"><strong>M\u00e1y c\u1eaft ng\u00f4<\/strong> c\u00f3 kh\u1ea3 n\u0103ng th\u00edch \u1ee9ng cao v\u00e0 ph\u00f9 h\u1ee3p v\u1edbi nhi\u1ec1u lo\u1ea1i ng\u00f4 kh\u00e1c nhau, ch\u1eb3ng h\u1ea1n nh\u01b0 ng\u00f4 c\u00f2n v\u1ecf, ng\u00f4 \u0111\u00f4ng l\u1ea1nh, ng\u00f4 t\u01b0\u01a1i, v.v. Ng\u00f4 \u0111\u01b0\u1ee3c x\u1eed l\u00fd b\u1edfi m\u00e1y lo\u1ea1i b\u1ecf \u0111\u1ea7u v\u00e0 \u0111u\u00f4i ng\u00f4 c\u00f3 nhi\u1ec1u \u1ee9ng d\u1ee5ng:<\/p>    <ul class=\"wp-block-list\"> <li><strong>S\u1ea3n xu\u1ea5t th\u1ef1c ph\u1ea9m \u0111\u00f3ng h\u1ed9p<\/strong>: Khi \u0111\u00f3ng h\u1ed9p ng\u00f4 ng\u1ecdt, ph\u1ea7n \u0111\u1ea7u (c\u1ee9ng h\u01a1n v\u00e0 c\u00f3 k\u1ebft c\u1ea5u k\u00e9m h\u01a1n) v\u00e0 ph\u1ea7n \u0111u\u00f4i (c\u00f3 th\u1ec3 ch\u1ee9a t\u01a1 ho\u1eb7c ph\u1ea7n g\u1ed7) ph\u1ea3i \u0111\u01b0\u1ee3c lo\u1ea1i b\u1ecf \u0111\u1ec3 \u0111\u1ea3m b\u1ea3o v\u1ecb \u0111\u1ed3ng \u0111\u1ec1u v\u00e0 h\u00ecnh th\u1ee9c g\u1ecdn g\u00e0ng.<\/li>    <li><strong>X\u1eed l\u00fd th\u1ef1c ph\u1ea9m \u0111\u00f4ng l\u1ea1nh<\/strong>: Khi x\u1eed l\u00fd ng\u00f4 t\u01b0\u01a1i ho\u1eb7c ng\u00f4 c\u00f3 v\u1ecf, sau khi lo\u1ea1i b\u1ecf \u0111\u1ea7u v\u00e0 \u0111u\u00f4i, ng\u00f4 c\u00f3 th\u1ec3 \u0111\u01b0\u1ee3c c\u1eaft th\u00e0nh \u0111o\u1ea1n (nh\u01b0 \u0111o\u1ea1n ng\u00f4 \u0111\u00f4ng l\u1ea1nh) ho\u1eb7c t\u00e1ch h\u1ea1t (nh\u01b0 h\u1ea1t ng\u00f4 \u0111\u00f4ng l\u1ea1nh) \u0111\u1ec3 \u0111\u00e1p \u1ee9ng c\u00e1c y\u00eau c\u1ea7u ti\u00eau chu\u1ea9n c\u1ee7a si\u00eau th\u1ecb, nh\u00e0 h\u00e0ng v\u00e0 c\u00e1c k\u00eanh kh\u00e1c.<\/li>    <li><strong>S\u1ea3n xu\u1ea5t \u0111\u1ed3 \u0103n v\u1eb7t<\/strong>: C\u00e1c s\u1ea3n ph\u1ea9m ti\u1ec1n x\u1eed l\u00fd nh\u01b0 b\u00e1nh ng\u00f4 v\u00e0 snack v\u1ecf ng\u00f4 lo\u1ea1i b\u1ecf c\u00e1c ph\u1ea7n kh\u00f4ng mong mu\u1ed1n, \u0111\u1ea3m b\u1ea3o ch\u1ea5t l\u01b0\u1ee3ng nguy\u00ean li\u1ec7u th\u00f4, v\u00e0 n\u00e2ng cao hi\u1ec7u qu\u1ea3 c\u1ee7a qu\u00e1 tr\u00ecnh x\u1eed l\u00fd ti\u1ebfp theo (nh\u01b0 chi\u00ean v\u00e0 \u01b0\u1edbp gia v\u1ecb).<\/li>    <li><strong>X\u1eed l\u00fd th\u1ef1c ph\u1ea9m \u0111\u00e3 chu\u1ea9n b\u1ecb<\/strong>: Ng\u00f4 \u0111\u01b0\u1ee3c x\u1eed l\u00fd b\u1edfi <strong>m\u00e1y c\u1eaft ng\u00f4<\/strong> c\u00f3 th\u1ec3 \u0111\u00f3ng g\u00f3i ch\u00e2n kh\u00f4ng tr\u1ef1c ti\u1ebfp nh\u01b0 th\u1ef1c ph\u1ea9m \u0111\u00e3 chu\u1ea9n b\u1ecb sau khi n\u1ea5u ch\u00edn.<\/li> <\/ul>    <figure class=\"wp-block-gallery has-nested-images columns-default is-cropped wp-block-gallery-2 is-layout-flex wp-block-gallery-is-layout-flex\"> <figure class=\"wp-block-image size-large\"><img loading=\"lazy\" decoding=\"async\" width=\"720\" height=\"540\" data-id=\"882\" src=\"https:\/\/corn-machines.com\/wp-content\/uploads\/2025\/08\/appliction-of-fresh-corn-cuttre.webp\" alt=\"\u1ee8ng d\u1ee5ng c\u1ee7a m\u00e1y c\u1eaft ng\u00f4 t\u01b0\u01a1i\" class=\"wp-image-882\" srcset=\"https:\/\/corn-machines.com\/wp-content\/uploads\/2025\/08\/appliction-of-fresh-corn-cuttre.webp 720w, https:\/\/corn-machines.com\/wp-content\/uploads\/2025\/08\/appliction-of-fresh-corn-cuttre-300x225.webp 300w, https:\/\/corn-machines.com\/wp-content\/uploads\/2025\/08\/appliction-of-fresh-corn-cuttre-16x12.webp 16w\" sizes=\"auto, (max-width: 720px) 100vw, 720px\" \/><figcaption class=\"wp-element-caption\">\u1ee8ng d\u1ee5ng c\u1ee7a m\u00e1y c\u1eaft ng\u00f4 t\u01b0\u01a1i<\/figcaption><\/figure>    <figure class=\"wp-block-image size-large\"><img loading=\"lazy\" decoding=\"async\" width=\"720\" height=\"540\" data-id=\"880\" src=\"https:\/\/corn-machines.com\/wp-content\/uploads\/2025\/08\/application-of-dry-maize-cutter.webp\" alt=\"\u1ee8ng d\u1ee5ng c\u1ee7a m\u00e1y c\u1eaft ng\u00f4 kh\u00f4\" class=\"wp-image-880\" srcset=\"https:\/\/corn-machines.com\/wp-content\/uploads\/2025\/08\/application-of-dry-maize-cutter.webp 720w, https:\/\/corn-machines.com\/wp-content\/uploads\/2025\/08\/application-of-dry-maize-cutter-300x225.webp 300w, https:\/\/corn-machines.com\/wp-content\/uploads\/2025\/08\/application-of-dry-maize-cutter-16x12.webp 16w\" sizes=\"auto, (max-width: 720px) 100vw, 720px\" \/><figcaption class=\"wp-element-caption\">\u1ee8ng d\u1ee5ng c\u1ee7a m\u00e1y c\u1eaft ng\u00f4 kh\u00f4<\/figcaption><\/figure>    <figure class=\"wp-block-image size-large\"><img loading=\"lazy\" decoding=\"async\" width=\"720\" height=\"540\" data-id=\"881\" src=\"https:\/\/corn-machines.com\/wp-content\/uploads\/2025\/08\/application-of-frozen-corn-cutting-machine.webp\" alt=\"\u1ee8ng d\u1ee5ng c\u1ee7a m\u00e1y c\u1eaft ng\u00f4 \u0111\u00f4ng l\u1ea1nh\" class=\"wp-image-881\" srcset=\"https:\/\/corn-machines.com\/wp-content\/uploads\/2025\/08\/application-of-frozen-corn-cutting-machine.webp 720w, https:\/\/corn-machines.com\/wp-content\/uploads\/2025\/08\/application-of-frozen-corn-cutting-machine-300x225.webp 300w, https:\/\/corn-machines.com\/wp-content\/uploads\/2025\/08\/application-of-frozen-corn-cutting-machine-16x12.webp 16w\" sizes=\"auto, (max-width: 720px) 100vw, 720px\" \/><figcaption class=\"wp-element-caption\">\u1ee8ng d\u1ee5ng c\u1ee7a m\u00e1y c\u1eaft ng\u00f4 \u0111\u00f4ng l\u1ea1nh<\/figcaption><\/figure> <\/figure>    <h2 class=\"wp-block-heading\"><strong>Nh\u1eefng \u0111i\u1ec1u c\u1ea7n c\u00e2n nh\u1eafc tr\u01b0\u1edbc khi mua m\u00e1y c\u1eaft ng\u00f4<\/strong><\/h2>    <ol class=\"wp-block-list\"> <li>Tr\u01b0\u1edbc khi mua, b\u1ea1n c\u1ea7n x\u00e1c \u0111\u1ecbnh r\u00f5 lo\u1ea1i ng\u00f4 b\u1ea1n mu\u1ed1n x\u1eed l\u00fd. M\u00e1y n\u00e0y ph\u00f9 h\u1ee3p v\u1edbi c\u1ea3 ng\u00f4 t\u01b0\u01a1i v\u00e0 ng\u00f4 \u0111\u00f4ng l\u1ea1nh, nh\u01b0ng l\u01b0\u1ee1i dao d\u00f9ng \u0111\u1ec3 c\u1eaft ng\u00f4 \u0111\u00f4ng l\u1ea1nh v\u00e0 ng\u00f4 t\u01b0\u01a1i l\u00e0 kh\u00e1c nhau. B\u1ea1n c\u1ea7n mua theo nhu c\u1ea7u c\u1ee7a m\u00ecnh.<\/li>    <li>X\u00e1c \u0111\u1ecbnh r\u00f5 chi\u1ec1u d\u00e0i cu\u1ed1i c\u00f9ng mong mu\u1ed1n c\u1ee7a ng\u00f4 tr\u01b0\u1edbc khi mua. Chi\u1ec1u d\u00e0i cu\u1ed1i c\u00f9ng c\u1ee7a ng\u00f4 \u0111\u00f2i h\u1ecfi c\u00e1c khay ng\u00f4 c\u00f3 k\u00edch th\u01b0\u1edbc kh\u00e1c nhau. Chi\u1ec1u d\u00e0i c\u1ee7a khay ng\u00f4 l\u00e0 chi\u1ec1u d\u00e0i ng\u00f4 ng\u1eafn nh\u1ea5t.<\/li>    <li>Tr\u01b0\u1edbc khi mua, b\u1ea1n c\u1ea7n bi\u1ebft kh\u1ed1i l\u01b0\u1ee3ng s\u1ea3n xu\u1ea5t m\u1ee5c ti\u00eau c\u1ee7a m\u00ecnh. \u0110i\u1ec1u n\u00e0y <strong>m\u00e1y c\u1eaft ng\u00f4<\/strong> c\u00f3 s\u1eb5n c\u1ea3 m\u00f4 h\u00ecnh h\u00e0ng d\u1ecdc \u0111\u01a1n v\u00e0 h\u00e0ng d\u1ecdc \u0111\u00f4i. C\u00f4ng su\u1ea5t c\u1ee7a m\u00e1y c\u1eaft ng\u00f4 h\u00e0ng d\u1ecdc \u0111\u01a1n l\u00e0 3000 b\u1eafp\/h, v\u00e0 c\u00f4ng su\u1ea5t c\u1ee7a m\u00e1y c\u1eaft ng\u00f4 h\u00e0ng d\u1ecdc \u0111\u00f4i l\u00e0 5000 b\u1eafp\/h. B\u1ea1n c\u00f3 th\u1ec3 ch\u1ecdn theo quy m\u00f4 s\u1ea3n xu\u1ea5t c\u1ee7a m\u00ecnh.<\/li> <\/ol>    <figure class=\"wp-block-gallery has-nested-images columns-default is-cropped wp-block-gallery-3 is-layout-flex wp-block-gallery-is-layout-flex\"> <figure class=\"wp-block-image size-large\"><img loading=\"lazy\" decoding=\"async\" width=\"720\" height=\"540\" data-id=\"883\" src=\"https:\/\/corn-machines.com\/wp-content\/uploads\/2025\/08\/corn-cutting-machine.webp\" alt=\"m\u00e1y c\u1eaft ng\u00f4\" class=\"wp-image-883\" srcset=\"https:\/\/corn-machines.com\/wp-content\/uploads\/2025\/08\/corn-cutting-machine.webp 720w, https:\/\/corn-machines.com\/wp-content\/uploads\/2025\/08\/corn-cutting-machine-300x225.webp 300w, https:\/\/corn-machines.com\/wp-content\/uploads\/2025\/08\/corn-cutting-machine-16x12.webp 16w\" sizes=\"auto, (max-width: 720px) 100vw, 720px\" \/><figcaption class=\"wp-element-caption\">m\u00e1y c\u1eaft ng\u00f4<\/figcaption><\/figure>    <figure class=\"wp-block-image size-large\"><img loading=\"lazy\" decoding=\"async\" width=\"720\" height=\"540\" data-id=\"884\" src=\"https:\/\/corn-machines.com\/wp-content\/uploads\/2025\/08\/single-row-corn-cuttre.webp\" alt=\"m\u00e1y c\u1eaft ng\u00f4 m\u1ed9t h\u00e0ng\" class=\"wp-image-884\" srcset=\"https:\/\/corn-machines.com\/wp-content\/uploads\/2025\/08\/single-row-corn-cuttre.webp 720w, https:\/\/corn-machines.com\/wp-content\/uploads\/2025\/08\/single-row-corn-cuttre-300x225.webp 300w, https:\/\/corn-machines.com\/wp-content\/uploads\/2025\/08\/single-row-corn-cuttre-16x12.webp 16w\" sizes=\"auto, (max-width: 720px) 100vw, 720px\" \/><figcaption class=\"wp-element-caption\">m\u00e1y c\u1eaft ng\u00f4 m\u1ed9t h\u00e0ng<\/figcaption><\/figure>    <figure class=\"wp-block-image size-large\"><img loading=\"lazy\" decoding=\"async\" width=\"720\" height=\"540\" data-id=\"885\" src=\"https:\/\/corn-machines.com\/wp-content\/uploads\/2025\/08\/double-corn-head-and-tail-remover.webp\" alt=\"m\u00e1y lo\u1ea1i b\u1ecf \u0111\u1ea7u v\u00e0 \u0111u\u00f4i ng\u00f4 hai h\u00e0ng\" class=\"wp-image-885\" srcset=\"https:\/\/corn-machines.com\/wp-content\/uploads\/2025\/08\/double-corn-head-and-tail-remover.webp 720w, https:\/\/corn-machines.com\/wp-content\/uploads\/2025\/08\/double-corn-head-and-tail-remover-300x225.webp 300w, https:\/\/corn-machines.com\/wp-content\/uploads\/2025\/08\/double-corn-head-and-tail-remover-16x12.webp 16w\" sizes=\"auto, (max-width: 720px) 100vw, 720px\" \/><figcaption class=\"wp-element-caption\">m\u00e1y lo\u1ea1i b\u1ecf \u0111\u1ea7u v\u00e0 \u0111u\u00f4i ng\u00f4 hai h\u00e0ng<\/figcaption><\/figure> <\/figure>    <h2 class=\"wp-block-heading\"><strong>T\u1ea1i sao ch\u1ecdn ch\u00fang t\u00f4i l\u00e0m nh\u00e0 cung c\u1ea5p?<\/strong><\/h2>    <p class=\"translation-block\">Taizy l\u00e0 m\u1ed9t c\u00f4ng ty thi\u1ebft b\u1ecb ch\u1ebf bi\u1ebfn ng\u00f4 hi\u1ec7n \u0111\u1ea1i. Ch\u00fang t\u00f4i cung c\u1ea5p \u0111\u1ea7y \u0111\u1ee7 c\u00e1c lo\u1ea1i thi\u1ebft b\u1ecb v\u00e0 d\u1ecbch v\u1ee5 m\u1ed9t c\u1eeda cho c\u00e1c nh\u00e0 s\u1ea3n xu\u1ea5t ng\u00f4, \u0111\u1ea3m b\u1ea3o s\u1ef1 y\u00ean t\u00e2m v\u00e0 ti\u1ebft ki\u1ec7m th\u1eddi gian. Ngo\u00e0i <strong>m\u00e1y c\u1eaft ng\u00f4<\/strong>, ch\u00fang t\u00f4i c\u00f2n cung c\u1ea5p <a href=\"https:\/\/corn-machines.com\/vi\/product\/automated-corn-sowing-machine\/\">m\u00e1y gieo h\u1ea1t ng\u00f4<\/a>, <a href=\"https:\/\/corn-machines.com\/vi\/product\/corn-harvester-machine\/\">m\u00e1y thu ho\u1ea1ch ng\u00f4<\/a>, <a href=\"https:\/\/corn-machines.com\/vi\/product\/mobile-grain-dryer-for-drying-grain\/\">m\u00e1y s\u1ea5y ng\u00f4<\/a>, v\u00e0 nhi\u1ec1u h\u01a1n n\u1eefa. N\u1ebfu b\u1ea1n c\u00f3 b\u1ea5t k\u1ef3 nhu c\u1ea7u n\u00e0o, vui l\u00f2ng li\u00ean h\u1ec7 v\u1edbi ch\u00fang t\u00f4i v\u00e0 ch\u00fang t\u00f4i s\u1ebd cung c\u1ea5p cho b\u1ea1n d\u1ecbch v\u1ee5 v\u00e0 thi\u1ebft b\u1ecb chuy\u00ean nghi\u1ec7p nh\u1ea5t!<\/p>","protected":false},"excerpt":{"rendered":"<p>B\u00e0i vi\u1ebft n\u00e0y ch\u1ee7 y\u1ebfu gi\u1edbi thi\u1ec7u ch\u1ee9c n\u0103ng, \u01b0u \u0111i\u1ec3m v\u00e0 \u1ee9ng d\u1ee5ng c\u1ee7a m\u00e1y th\u00e1i ng\u00f4. N\u00f3 cung c\u1ea5p m\u1ed9t t\u00e0i li\u1ec7u tham kh\u1ea3o cho kh\u00e1ch h\u00e0ng c\u00f3 nhu c\u1ea7u.<\/p>","protected":false},"author":1,"featured_media":878,"parent":0,"template":"","tags":[42,70,43],"product-type":[71],"class_list":["post-877","product","type-product","status-publish","has-post-thumbnail","hentry","tag-corn","tag-corn-cutting","tag-maize","product-type-corn-cutting-machine"],"_links":{"self":[{"href":"https:\/\/corn-machines.com\/vi\/wp-json\/wp\/v2\/product\/877","targetHints":{"allow":["GET"]}}],"collection":[{"href":"https:\/\/corn-machines.com\/vi\/wp-json\/wp\/v2\/product"}],"about":[{"href":"https:\/\/corn-machines.com\/vi\/wp-json\/wp\/v2\/types\/product"}],"author":[{"embeddable":true,"href":"https:\/\/corn-machines.com\/vi\/wp-json\/wp\/v2\/users\/1"}],"wp:featuredmedia":[{"embeddable":true,"href":"https:\/\/corn-machines.com\/vi\/wp-json\/wp\/v2\/media\/878"}],"wp:attachment":[{"href":"https:\/\/corn-machines.com\/vi\/wp-json\/wp\/v2\/media?parent=877"}],"wp:term":[{"taxonomy":"post_tag","embeddable":true,"href":"https:\/\/corn-machines.com\/vi\/wp-json\/wp\/v2\/tags?post=877"},{"taxonomy":"product-type","embeddable":true,"href":"https:\/\/corn-machines.com\/vi\/wp-json\/wp\/v2\/product-type?post=877"}],"curies":[{"name":"wp","href":"https:\/\/api.w.org\/{rel}","templated":true}]}}