{"id":857,"date":"2025-08-20T16:09:27","date_gmt":"2025-08-20T08:09:27","guid":{"rendered":"https:\/\/corn-machines.com\/?post_type=product&#038;p=857"},"modified":"2025-08-29T15:55:16","modified_gmt":"2025-08-29T07:55:16","slug":"sweet-corn-cutter-machine","status":"publish","type":"product","link":"https:\/\/corn-machines.com\/vi\/product\/sweet-corn-cutter-machine\/","title":{"rendered":"M\u00e1y c\u1eaft b\u1eafp ng\u1ecdt \u0111\u1ec3 ch\u1ebf bi\u1ebfn ng\u00f4"},"content":{"rendered":"<p class=\"translation-block\">M\u00e1y <strong>c\u1eaft ng\u00f4 ng\u1ecdt<\/strong> c\u00f3 th\u1ec3 nhanh ch\u00f3ng v\u00e0 hi\u1ec7u qu\u1ea3 x\u1eed l\u00fd ng\u00f4 t\u01b0\u01a1i th\u00e0nh c\u00e1c \u0111o\u1ea1n c\u00f3 chi\u1ec1u d\u00e0i \u0111\u1ed3ng nh\u1ea5t. C\u00e1c chi\u1ec1u d\u00e0i ph\u1ed5 bi\u1ebfn c\u1ee7a \u0111o\u1ea1n ng\u00f4 ng\u1ecdt l\u00e0 3cm, 5cm v\u00e0 7cm (chi\u1ec1u d\u00e0i c\u00f3 th\u1ec3 \u0111\u01b0\u1ee3c t\u00f9y ch\u1ec9nh theo nhu c\u1ea7u c\u1ee7a b\u1ea1n). N\u00f3 c\u00f3 th\u1ec3 c\u1eaft ng\u00f4 v\u00e0 nhi\u1ec1u lo\u1ea1i rau nh\u01b0 c\u00e0 r\u1ed1t v\u00e0 d\u01b0a chu\u1ed9t.<\/p>    <p>C\u00f4ng su\u1ea5t c\u1ee7a n\u00f3 c\u00f3 th\u1ec3 \u0111\u1ea1t 500kg\/h, gi\u00fap ti\u1ebft ki\u1ec7m \u0111\u00e1ng k\u1ec3 th\u1eddi gian v\u00e0 nh\u00e2n l\u1ef1c. N\u00f3 \u0111\u00e3 \u0111\u01b0\u1ee3c xu\u1ea5t kh\u1ea9u sang Vi\u1ec7t Nam, \u1ea4n \u0110\u1ed9 v\u00e0 c\u00e1c khu v\u1ef1c kh\u00e1c, v\u00e0 \u0111\u00e3 nh\u1eadn \u0111\u01b0\u1ee3c s\u1ef1 khen ng\u1ee3i t\u1eeb kh\u00e1ch h\u00e0ng. N\u1ebfu b\u1ea1n \u0111ang t\u00ecm ki\u1ebfm m\u00e1y c\u1eaft ng\u00f4, h\u00e3y li\u00ean h\u1ec7 v\u1edbi ch\u00fang t\u00f4i ngay, v\u00e0 ch\u00fang t\u00f4i s\u1ebd cung c\u1ea5p cho b\u1ea1n th\u00f4ng tin chi ti\u1ebft.<\/p>    <figure class=\"wp-block-embed is-type-video is-provider-youtube wp-block-embed-youtube wp-embed-aspect-16-9 wp-has-aspect-ratio\"><div class=\"wp-block-embed__wrapper\"> <iframe loading=\"lazy\" title=\"M\u00e1y T\u1ef1 \u0110\u1ed9ng C\u1eaft Ng\u00f4 | M\u00e1y C\u1eaft Ng\u00f4 Ng\u1ecdt Ho\u1ea1t \u0110\u1ed9ng Nh\u01b0 Th\u1ebf N\u00e0o? #cornprocessing #corn\" width=\"500\" height=\"281\" src=\"https:\/\/www.youtube.com\/embed\/k-undA0xvkc?feature=oembed\" frameborder=\"0\" allow=\"accelerometer; autoplay; clipboard-write; encrypted-media; gyroscope; picture-in-picture; web-share\" referrerpolicy=\"strict-origin-when-cross-origin\" allowfullscreen><\/iframe> <\/div><figcaption class=\"wp-element-caption\">quy tr\u00ecnh l\u00e0m vi\u1ec7c c\u1ee7a m\u00e1y c\u1eaft ng\u00f4 t\u01b0\u01a1i<\/figcaption><\/figure>    <h2 class=\"wp-block-heading\"><strong>\u01afu \u0111i\u1ec3m c\u1ee7a m\u00e1y c\u1eaft ng\u00f4<\/strong><\/h2>    <ul class=\"wp-block-list\"> <li><strong>Tu\u1ed5i th\u1ecd d\u00e0i<\/strong>: Khung c\u1ee7a m\u00e1y c\u1eaft ng\u00f4 \u0111\u01b0\u1ee3c l\u00e0m b\u1eb1ng th\u00e9p kh\u00f4ng g\u1ec9 304, kh\u00f4ng ch\u1ec9 s\u1ea1ch s\u1ebd v\u00e0 h\u1ee3p v\u1ec7 sinh, m\u00e0 c\u00f2n kh\u00f4ng d\u1ec5 b\u1ecb h\u01b0 h\u1ecfng v\u00e0 c\u00f3 tu\u1ed5i th\u1ecd l\u00e2u d\u00e0i.<\/li>    <li><strong>C\u1eaft \u0111\u1ec1u<\/strong>: So v\u1edbi vi\u1ec7c c\u1eaft th\u1ee7 c\u00f4ng b\u1eb1ng dao, the <strong>m\u00e1y c\u1eaft ng\u00f4 ng\u1ecdt<\/strong> : C\u00f3 kho\u1ea3ng c\u00e1ch l\u01b0\u1ee1i dao c\u1ed1 \u0111\u1ecbnh v\u00e0 t\u1ed1c \u0111\u1ed9 b\u0103ng chuy\u1ec1n \u0111\u1ec3 c\u1eaft ng\u00f4 th\u00e0nh c\u00e1c \u0111o\u1ea1n \u0111\u1ec1u nhau.<\/li>    <li><strong>Chi\u1ec1u d\u00e0i c\u00f3 th\u1ec3 \u0111i\u1ec1u ch\u1ec9nh<\/strong>: Chi\u1ec1u d\u00e0i c\u1eaft c\u00f3 th\u1ec3 \u0111i\u1ec1u ch\u1ec9nh \u0111\u1ec3 ph\u00f9 h\u1ee3p v\u1edbi c\u00e1c y\u00eau c\u1ea7u c\u1ee7a c\u00e1c t\u00ecnh hu\u1ed1ng kh\u00e1c nhau.<\/li>    <li><strong>D\u1ec5 v\u1eadn h\u00e0nh<\/strong>: M\u00e1y c\u1eaft b\u1eafp ng\u00f4 hi\u1ec7n \u0111\u1ea1i d\u1ec5 v\u1eadn h\u00e0nh. Ch\u1ec9 c\u1ea7n \u0111\u1eb7t ng\u00f4 v\u00e0o c\u1eeda c\u1ea5p li\u1ec7u, v\u00e0 m\u00e1y t\u1ef1 \u0111\u1ed9ng v\u1eadn chuy\u1ec3n v\u00e0 c\u1eaft ng\u00f4. Kh\u00f4ng c\u1ea7n \u0111\u00e0o t\u1ea1o chuy\u00ean s\u00e2u.<\/li>    <li><strong>D\u1ec5 b\u1ea3o tr\u00ec<\/strong>: C\u00e1c th\u00e0nh ph\u1ea7n ch\u00ednh c\u1ee7a m\u00e1y ph\u00e2n \u0111o\u1ea1n ng\u00f4, nh\u01b0 l\u01b0\u1ee1i dao, d\u1ec5 d\u00e0ng th\u00e1o r\u1eddi v\u00e0 thay th\u1ebf, \u0111\u01a1n gi\u1ea3n h\u00f3a vi\u1ec7c b\u1ea3o tr\u00ec \u0111\u1ecbnh k\u1ef3. <\/li>    <li><strong>Ph\u1ea1m vi \u1ee9ng d\u1ee5ng r\u1ed9ng r\u00e3i<\/strong>: M\u00e1y c\u1eaft ng\u00f4 Taizy c\u00f3 ph\u1ea1m vi \u1ee9ng d\u1ee5ng r\u1ed9ng r\u00e3i v\u00e0 c\u00f3 th\u1ec3 \u0111\u01b0\u1ee3c s\u1eed d\u1ee5ng \u0111\u1ec3 c\u1eaft c\u00e1c lo\u1ea1i ng\u00f4 kh\u00e1c nhau, c\u0169ng nh\u01b0 \u0111\u1ec3 x\u1eed l\u00fd c\u00e1c lo\u1ea1i rau c\u1ee7 nh\u01b0 c\u00e0 r\u1ed1t v\u00e0 zucchini.<\/li> <\/ul>    <figure class=\"wp-block-gallery has-nested-images columns-default is-cropped wp-block-gallery-2 is-layout-flex wp-block-gallery-is-layout-flex\"> <figure class=\"wp-block-image size-large\"><img loading=\"lazy\" decoding=\"async\" width=\"720\" height=\"540\" data-id=\"859\" src=\"https:\/\/corn-machines.com\/wp-content\/uploads\/2025\/08\/maize-cutting-machine.webp\" alt=\"may c\u1eaft ng\u00f4\" class=\"wp-image-859\" srcset=\"https:\/\/corn-machines.com\/wp-content\/uploads\/2025\/08\/maize-cutting-machine.webp 720w, https:\/\/corn-machines.com\/wp-content\/uploads\/2025\/08\/maize-cutting-machine-300x225.webp 300w, https:\/\/corn-machines.com\/wp-content\/uploads\/2025\/08\/maize-cutting-machine-16x12.webp 16w\" sizes=\"auto, (max-width: 720px) 100vw, 720px\" \/><figcaption class=\"wp-element-caption\">may c\u1eaft ng\u00f4<\/figcaption><\/figure>    <figure class=\"wp-block-image size-large\"><img loading=\"lazy\" decoding=\"async\" width=\"720\" height=\"540\" data-id=\"860\" src=\"https:\/\/corn-machines.com\/wp-content\/uploads\/2025\/08\/sweet-corn-cutting-machine.webp\" alt=\"m\u00e1y c\u1eaft ng\u00f4 ng\u1ecdt\" class=\"wp-image-860\" srcset=\"https:\/\/corn-machines.com\/wp-content\/uploads\/2025\/08\/sweet-corn-cutting-machine.webp 720w, https:\/\/corn-machines.com\/wp-content\/uploads\/2025\/08\/sweet-corn-cutting-machine-300x225.webp 300w, https:\/\/corn-machines.com\/wp-content\/uploads\/2025\/08\/sweet-corn-cutting-machine-16x12.webp 16w\" sizes=\"auto, (max-width: 720px) 100vw, 720px\" \/><figcaption class=\"wp-element-caption\">m\u00e1y c\u1eaft ng\u00f4 ng\u1ecdt<\/figcaption><\/figure> <\/figure>    <h2 class=\"wp-block-heading\"><strong>C\u1ea5u tr\u00fac c\u1ee7a m\u00e1y c\u1eaft ng\u00f4 ng\u1ecdt<\/strong><\/h2>    <p class=\"translation-block\">C\u1ea5u tr\u00fac c\u1ee7a <strong>m\u00e1y c\u1eaft ng\u00f4 ng\u1ecdt<\/strong> r\u1ea5t \u0111\u01a1n gi\u1ea3n, th\u01b0\u1eddng g\u1ed3m h\u1ed9p \u0111i\u1ec1u khi\u1ec3n, b\u0103ng t\u1ea3i, thi\u1ebft b\u1ecb c\u1eaft, v.v.<\/p>    <ul class=\"wp-block-list\"> <li><strong>H\u1ed9p \u0111i\u1ec1u khi\u1ec3n<\/strong>: H\u1ed9p \u0111i\u1ec1u khi\u1ec3n ch\u1ee7 y\u1ebfu \u0111i\u1ec1u khi\u1ec3n ho\u1ea1t \u0111\u1ed9ng c\u1ee7a m\u00e1y c\u1eaft ng\u00f4 v\u00e0 ch\u1ee9a c\u00e1c c\u00f4ng t\u1eafc \u0111\u1ec3 c\u1eaft, v\u1eadn chuy\u1ec3n v\u00e0 n\u00e2ng.<\/li>    <li><strong>B\u0103ng chuy\u1ec1n<\/strong>: H\u1ec7 th\u1ed1ng b\u0103ng chuy\u1ec1n v\u1eadn chuy\u1ec3n ng\u00f4 (c\u00f3 th\u1ec3 l\u00e0 h\u00e0ng \u0111\u01a1n ho\u1eb7c h\u00e0ng \u0111\u00f4i). M\u00e1y c\u1eaft ng\u00f4 h\u00e0ng \u0111\u01a1n c\u00f3 n\u0103ng su\u1ea5t 1500 h\u1ea1t\/ng\u00e0y, trong khi h\u00e0ng \u0111\u00f4i c\u00f3 th\u1ec3 x\u1eed l\u00fd 3000 h\u1ea1t\/ng\u00e0y.<\/li>    <li><strong>C\u01a1 ch\u1ebf c\u1eaft<\/strong>: The cutter&#8217;s main function is to cut the corn into uniform lengths (the length of the segments is adjustable).<\/li> <\/ul>    <figure class=\"wp-block-gallery has-nested-images columns-default is-cropped wp-block-gallery-3 is-layout-flex wp-block-gallery-is-layout-flex\"> <figure class=\"wp-block-image size-large\"><img loading=\"lazy\" decoding=\"async\" width=\"720\" height=\"540\" data-id=\"861\" src=\"https:\/\/corn-machines.com\/wp-content\/uploads\/2025\/08\/control-box-of-maize-cutter.webp\" alt=\"h\u1ed9p \u0111i\u1ec1u khi\u1ec3n c\u1ee7a m\u00e1y c\u1eaft ng\u00f4\" class=\"wp-image-861\" srcset=\"https:\/\/corn-machines.com\/wp-content\/uploads\/2025\/08\/control-box-of-maize-cutter.webp 720w, https:\/\/corn-machines.com\/wp-content\/uploads\/2025\/08\/control-box-of-maize-cutter-300x225.webp 300w, https:\/\/corn-machines.com\/wp-content\/uploads\/2025\/08\/control-box-of-maize-cutter-16x12.webp 16w\" sizes=\"auto, (max-width: 720px) 100vw, 720px\" \/><figcaption class=\"wp-element-caption\">h\u1ed9p \u0111i\u1ec1u khi\u1ec3n c\u1ee7a m\u00e1y c\u1eaft ng\u00f4<\/figcaption><\/figure>    <figure class=\"wp-block-image size-large\"><img loading=\"lazy\" decoding=\"async\" width=\"720\" height=\"540\" data-id=\"862\" src=\"https:\/\/corn-machines.com\/wp-content\/uploads\/2025\/08\/conveying-device-of-corn-cutter.webp\" alt=\"thi\u1ebft b\u1ecb v\u1eadn chuy\u1ec3n c\u1ee7a m\u00e1y c\u1eaft ng\u00f4\" class=\"wp-image-862\" srcset=\"https:\/\/corn-machines.com\/wp-content\/uploads\/2025\/08\/conveying-device-of-corn-cutter.webp 720w, https:\/\/corn-machines.com\/wp-content\/uploads\/2025\/08\/conveying-device-of-corn-cutter-300x225.webp 300w, https:\/\/corn-machines.com\/wp-content\/uploads\/2025\/08\/conveying-device-of-corn-cutter-16x12.webp 16w\" sizes=\"auto, (max-width: 720px) 100vw, 720px\" \/><figcaption class=\"wp-element-caption\">thi\u1ebft b\u1ecb v\u1eadn chuy\u1ec3n c\u1ee7a m\u00e1y c\u1eaft ng\u00f4<\/figcaption><\/figure>    <figure class=\"wp-block-image size-large\"><img loading=\"lazy\" decoding=\"async\" width=\"720\" height=\"540\" data-id=\"868\" src=\"https:\/\/corn-machines.com\/wp-content\/uploads\/2025\/08\/blade-of-automatic-corn-cutter.webp\" alt=\"l\u01b0\u1ee1i c\u1eaft c\u1ee7a m\u00e1y c\u1eaft ng\u00f4 t\u1ef1 \u0111\u1ed9ng\" class=\"wp-image-868\" srcset=\"https:\/\/corn-machines.com\/wp-content\/uploads\/2025\/08\/blade-of-automatic-corn-cutter.webp 720w, https:\/\/corn-machines.com\/wp-content\/uploads\/2025\/08\/blade-of-automatic-corn-cutter-300x225.webp 300w, https:\/\/corn-machines.com\/wp-content\/uploads\/2025\/08\/blade-of-automatic-corn-cutter-16x12.webp 16w\" sizes=\"auto, (max-width: 720px) 100vw, 720px\" \/><figcaption class=\"wp-element-caption\">l\u01b0\u1ee1i c\u1eaft c\u1ee7a m\u00e1y c\u1eaft ng\u00f4 t\u1ef1 \u0111\u1ed9ng<\/figcaption><\/figure> <\/figure>    <h2 class=\"wp-block-heading\"><strong>Th\u00f4ng s\u1ed1 c\u1ee7a m\u00e1y c\u1eaft ng\u00f4<\/strong><\/h2>    <figure class=\"wp-block-table\"><table class=\"has-fixed-layout\"><tbody><tr><td>Ng\u01b0\u1eddi m\u1eabu<\/td><td>TZ-1<\/td><\/tr><tr><td>Quy\u1ec1n l\u1ef1c<\/td><td>3kw<\/td><\/tr><tr><td>\u0110i\u1ec7n \u00e1p<\/td><td>380v\/50hz<\/td><\/tr><tr><td>Dung t\u00edch <\/td><td>500kg\/h<\/td><\/tr><tr><td>K\u00edch c\u1ee1<\/td><td>2300*800*850mm<\/td><\/tr><tr><td>C\u00e2n n\u1eb7ng<\/td><td>300kg<\/td><\/tr><tr><td>s\u1ed1 l\u01b0\u1ee3ng l\u01b0\u1ee1i c\u1eaft<\/td><td>2pcs<\/td><\/tr><\/tbody><\/table><figcaption class=\"wp-element-caption\"><strong>th\u00f4ng s\u1ed1 c\u1ee7a m\u00e1y c\u1eaft ng\u00f4<\/strong><\/figcaption><\/figure>    <h2 class=\"wp-block-heading\"><strong>\u1ee8ng d\u1ee5ng c\u1ee7a m\u00e1y c\u1eaft l\u00f5i ng\u00f4<\/strong><\/h2>    <p class=\"translation-block\">\u1ee8ng d\u1ee5ng c\u1ee7a <strong>m\u00e1y c\u1eaft ng\u00f4 ng\u1ecdt<\/strong> r\u1ea5t r\u1ed9ng. N\u00f3 c\u00f3 th\u1ec3 x\u1eed l\u00fd nhi\u1ec1u lo\u1ea1i ng\u00f4, nh\u01b0 ng\u00f4 t\u01b0\u01a1i, ng\u00f4 \u0111\u00f3ng b\u0103ng, ng\u00f4 kh\u00f4, ng\u00f4 ng\u1ecdt v\u00e0 ng\u00f4 d\u01a1n. Ngo\u00e0i ra, m\u00e1y c\u1eaft ng\u00f4 c\u0169ng c\u00f3 th\u1ec3 d\u00f9ng \u0111\u1ec3 c\u1eaft c\u00e1c lo\u1ea1i rau c\u1ee7 nh\u01b0 d\u01b0a chu\u1ed9t, c\u00e0 r\u1ed1t v\u00e0 c\u00e0 t\u00edm.<\/p>    <figure class=\"wp-block-gallery has-nested-images columns-default is-cropped wp-block-gallery-4 is-layout-flex wp-block-gallery-is-layout-flex\"> <figure class=\"wp-block-image size-large\"><img loading=\"lazy\" decoding=\"async\" width=\"720\" height=\"540\" data-id=\"863\" src=\"https:\/\/corn-machines.com\/wp-content\/uploads\/2025\/08\/application-of-corn-cob-cutter.webp\" alt=\"c\u1eaft b\u1eafp ng\u00f4\" class=\"wp-image-863\" srcset=\"https:\/\/corn-machines.com\/wp-content\/uploads\/2025\/08\/application-of-corn-cob-cutter.webp 720w, https:\/\/corn-machines.com\/wp-content\/uploads\/2025\/08\/application-of-corn-cob-cutter-300x225.webp 300w, https:\/\/corn-machines.com\/wp-content\/uploads\/2025\/08\/application-of-corn-cob-cutter-16x12.webp 16w\" sizes=\"auto, (max-width: 720px) 100vw, 720px\" \/><figcaption class=\"wp-element-caption\">c\u1eaft b\u1eafp ng\u00f4<\/figcaption><\/figure>    <figure class=\"wp-block-image size-large\"><img loading=\"lazy\" decoding=\"async\" width=\"720\" height=\"540\" data-id=\"864\" src=\"https:\/\/corn-machines.com\/wp-content\/uploads\/2025\/08\/application-of-maize-cutter.webp\" alt=\"c\u1eaft ng\u00f4\" class=\"wp-image-864\" srcset=\"https:\/\/corn-machines.com\/wp-content\/uploads\/2025\/08\/application-of-maize-cutter.webp 720w, https:\/\/corn-machines.com\/wp-content\/uploads\/2025\/08\/application-of-maize-cutter-300x225.webp 300w, https:\/\/corn-machines.com\/wp-content\/uploads\/2025\/08\/application-of-maize-cutter-16x12.webp 16w\" sizes=\"auto, (max-width: 720px) 100vw, 720px\" \/><figcaption class=\"wp-element-caption\">c\u1eaft ng\u00f4<\/figcaption><\/figure>    <figure class=\"wp-block-image size-large\"><img loading=\"lazy\" decoding=\"async\" width=\"720\" height=\"540\" data-id=\"865\" src=\"https:\/\/corn-machines.com\/wp-content\/uploads\/2025\/08\/appliction-of-sweet-corn-cutter.webp\" alt=\"c\u1eaft ng\u00f4 ng\u1ecdt\" class=\"wp-image-865\" srcset=\"https:\/\/corn-machines.com\/wp-content\/uploads\/2025\/08\/appliction-of-sweet-corn-cutter.webp 720w, https:\/\/corn-machines.com\/wp-content\/uploads\/2025\/08\/appliction-of-sweet-corn-cutter-300x225.webp 300w, https:\/\/corn-machines.com\/wp-content\/uploads\/2025\/08\/appliction-of-sweet-corn-cutter-16x12.webp 16w\" sizes=\"auto, (max-width: 720px) 100vw, 720px\" \/><figcaption class=\"wp-element-caption\">c\u1eaft ng\u00f4 ng\u1ecdt<\/figcaption><\/figure> <\/figure>    <h2 class=\"wp-block-heading\"><strong>FAQ c\u1ee7a m\u00e1y c\u1eaft ng\u00f4 t\u1ef1 \u0111\u1ed9ng<\/strong><\/h2>   <div id=\"rank-math-faq\" class=\"rank-math-block\"> <div class=\"rank-math-list\"> <div id=\"faq-question-1755670962546\" class=\"rank-math-list-item\"> <h3 class=\"rank-math-question\">M\u00e1y c\u1eaft ng\u00f4 c\u00f3 th\u1ec3 c\u1eaft lo\u1ea1i ng\u00f4 n\u00e0o?<\/h3> <div class=\"rank-math-answer\">  <p>T\u1ea5t c\u1ea3 c\u00e1c lo\u1ea1i ng\u00f4, ch\u1eb3ng h\u1ea1n nh\u01b0 ng\u00f4 t\u01b0\u01a1i, ng\u00f4 kh\u00f4, ng\u00f4 n\u1ebfp, v.v.<\/p>  <\/div> <\/div> <div id=\"faq-question-1755671090690\" class=\"rank-math-list-item\"> <h3 class=\"rank-math-question\">Chi\u1ec1u d\u00e0i c\u1ee7a c\u00e1c \u0111o\u1ea1n ng\u00f4 c\u00f3 th\u1ec3 \u0111i\u1ec1u ch\u1ec9nh \u0111\u01b0\u1ee3c kh\u00f4ng?<\/h3> <div class=\"rank-math-answer\">  <p>Chi\u1ec1u d\u00e0i c\u1ee7a c\u00e1c \u0111o\u1ea1n ng\u00f4 th\u01b0\u1eddng l\u00e0 3cm, 5cm v\u00e0 7cm, c\u00f3 th\u1ec3 \u0111i\u1ec1u ch\u1ec9nh theo nhu c\u1ea7u c\u1ee7a b\u1ea1n<\/p>  <\/div> <\/div> <div id=\"faq-question-1755671367710\" class=\"rank-math-list-item\"> <h3 class=\"rank-math-question\">Ch\u1ea5t li\u1ec7u c\u1ee7a m\u00e1y l\u00e0 g\u00ec? N\u00f3 c\u00f3 d\u1ec5 b\u1ecb h\u01b0 h\u1ecfng kh\u00f4ng?<\/h3> <div class=\"rank-math-answer\">  <p>To\u00e0n b\u1ed9 m\u00e1y c\u1eaft ng\u00f4 \u0111\u01b0\u1ee3c l\u00e0m b\u1eb1ng th\u00e9p kh\u00f4ng g\u1ec9 304, kh\u00f4ng d\u1ec5 h\u01b0 h\u1ecfng v\u00e0 c\u00f3 tu\u1ed5i th\u1ecd cao.<\/p>  <\/div> <\/div> <div id=\"faq-question-1755671528074\" class=\"rank-math-list-item\"> <h3 class=\"rank-math-question\">C\u00f3 kh\u00f3 v\u1eadn h\u00e0nh m\u00e1y c cutting ng\u00f4 ng\u1ecdt?<\/h3> <div class=\"rank-math-answer\">  <p>M\u00e1y r\u1ea5t d\u1ec5 v\u1eadn h\u00e0nh v\u00e0 kh\u00f4ng y\u00eau c\u1ea7u k\u1ef9 thu\u1eadt vi\u00ean chuy\u00ean m\u00f4n. Ch\u00fang t\u00f4i s\u1ebd cung c\u1ea5p video h\u01b0\u1edbng d\u1eabn c\u00e1ch v\u1eadn h\u00e0nh m\u00e1y.<\/p>  <\/div> <\/div> <div id=\"faq-question-1755676936997\" class=\"rank-math-list-item\"> <h3 class=\"rank-math-question\">L\u00e0m s\u1ea1ch m\u00e1y c\u1eaft b\u1eafp nh\u01b0 th\u1ebf n\u00e0o?<\/h3> <div class=\"rank-math-answer\">  <p>M\u00e1y c\u1eaft ng\u00f4 ng\u1ecdt r\u1ea5t d\u1ec5 v\u1ec7 sinh v\u00e0 c\u00f3 th\u1ec3 \u0111\u01b0\u1ee3c r\u1eeda tr\u1ef1c ti\u1ebfp b\u1eb1ng n\u01b0\u1edbc s\u1ea1ch.<\/p>  <\/div> <\/div> <\/div> <\/div>   <h2 class=\"wp-block-heading\"><strong>Tr\u01b0\u1eddng h\u1ee3p th\u00e0nh c\u00f4ng c\u1ee7a m\u00e1y c\u1eaft ng\u00f4 ng\u1ecdt<\/strong><\/h2>    <p class=\"translation-block\"><strong>M\u00e1y c\u1eaft ng\u00f4 ng\u1ecdt TZ-1 \u0111\u00e3 \u0111\u01b0\u1ee3c g\u1eedi \u0111\u1ebfn Vi\u1ec7t Nam<\/strong><\/p>    <p>Kh\u00e1ch h\u00e0ng c\u1ee7a ch\u00fang t\u00f4i l\u00e0 ch\u1ee7 s\u1edf h\u1eefu m\u1ed9t nh\u00e0 m\u00e1y ch\u1ebf bi\u1ebfn n\u00f4ng s\u1ea3n \u0111\u1ecba ph\u01b0\u01a1ng t\u1ea1i Vi\u1ec7t Nam. Nh\u00e0 m\u00e1y n\u00e0y ch\u1ee7 y\u1ebfu ch\u1ebf bi\u1ebfn v\u00e0 b\u00e1n ng\u00f4, g\u1ea1o v\u00e0 c\u00e1c s\u1ea3n ph\u1ea9m n\u00f4ng nghi\u1ec7p kh\u00e1c. \u00d4ng gi\u1ea3i th\u00edch r\u1eb1ng h\u1ecd \u0111ang m\u1edf r\u1ed9ng, nh\u01b0ng ph\u01b0\u01a1ng ph\u00e1p c\u1eaft th\u1ee7 c\u00f4ng c\u1ee7a h\u1ecd kh\u00f4ng hi\u1ec7u qu\u1ea3 v\u00e0 t\u1ed1n k\u00e9m. <\/p>    <p>V\u00ec v\u1eady, anh \u1ea5y \u0111\u00e3 li\u00ean h\u1ec7 v\u1edbi ch\u00fang t\u00f4i v\u00e0 h\u1ecfi v\u1ec1 m\u00e1y c\u1eaft ng\u00f4 Taizy. Ch\u00fang t\u00f4i gi\u1edbi thi\u1ec7u c\u00e1c t\u00ednh n\u0103ng v\u00e0 chi ti\u1ebft c\u1ee7a m\u00e1y, v\u00e0 g\u1eedi cho anh \u1ea5y video v\u1ec1 m\u00e1y \u0111ang ho\u1ea1t \u0111\u1ed9ng. Kh\u00e1ch h\u00e0ng t\u1ecf ra r\u1ea5t h\u00e0i l\u00f2ng v\u00e0 quy\u1ebft \u0111\u1ecbnh \u0111\u1eb7t h\u00e0ng ngay l\u1eadp t\u1ee9c.<\/p>    <p>M\u00e1y c\u1eaft ng\u00f4 \u0111\u00e3 \u0111\u1ebfn Vi\u1ec7t Nam \u0111\u00fang h\u1ea1n. Sau m\u1ed9t th\u00e1ng s\u1eed d\u1ee5ng, kh\u00e1ch h\u00e0ng cho bi\u1ebft m\u00e1y v\u01b0\u1ee3t qu\u00e1 mong \u0111\u1ee3i. N\u00f3 kh\u00f4ng ch\u1ec9 cho c\u00e1c v\u1ebft c\u1eaft \u0111\u1ec1u m\u00e0 c\u00f2n ti\u1ebft ki\u1ec7m th\u1eddi gian, gi\u1ea3m 30% th\u1eddi gian c\u1eaft ng\u00f4 v\u00e0 gi\u1ea3m chi ph\u00ed lao \u0111\u1ed9ng.<\/p>    <figure class=\"wp-block-gallery has-nested-images columns-default is-cropped wp-block-gallery-5 is-layout-flex wp-block-gallery-is-layout-flex\"> <figure class=\"wp-block-image size-large\"><img loading=\"lazy\" decoding=\"async\" width=\"540\" height=\"720\" data-id=\"867\" src=\"https:\/\/corn-machines.com\/wp-content\/uploads\/2025\/08\/sweet-corn-cutter-packaging.webp\" alt=\"\u0111\u00f3ng g\u00f3i m\u00e1y c\u1eaft ng\u00f4 ng\u1ecdt\" class=\"wp-image-867\" srcset=\"https:\/\/corn-machines.com\/wp-content\/uploads\/2025\/08\/sweet-corn-cutter-packaging.webp 540w, https:\/\/corn-machines.com\/wp-content\/uploads\/2025\/08\/sweet-corn-cutter-packaging-225x300.webp 225w, https:\/\/corn-machines.com\/wp-content\/uploads\/2025\/08\/sweet-corn-cutter-packaging-9x12.webp 9w\" sizes=\"auto, (max-width: 540px) 100vw, 540px\" \/><figcaption class=\"wp-element-caption\">\u0111\u00f3ng g\u00f3i m\u00e1y c\u1eaft ng\u00f4 ng\u1ecdt<\/figcaption><\/figure>    <figure class=\"wp-block-image size-large\"><img loading=\"lazy\" decoding=\"async\" width=\"540\" height=\"720\" data-id=\"866\" src=\"https:\/\/corn-machines.com\/wp-content\/uploads\/2025\/08\/corn-cutter-packaging.webp\" alt=\"\u0111\u00f3ng g\u00f3i m\u00e1y c\u1eaft ng\u00f4\" class=\"wp-image-866\" srcset=\"https:\/\/corn-machines.com\/wp-content\/uploads\/2025\/08\/corn-cutter-packaging.webp 540w, https:\/\/corn-machines.com\/wp-content\/uploads\/2025\/08\/corn-cutter-packaging-225x300.webp 225w, https:\/\/corn-machines.com\/wp-content\/uploads\/2025\/08\/corn-cutter-packaging-9x12.webp 9w\" sizes=\"auto, (max-width: 540px) 100vw, 540px\" \/><figcaption class=\"wp-element-caption\">\u0111\u00f3ng g\u00f3i m\u00e1y c\u1eaft ng\u00f4<\/figcaption><\/figure> <\/figure>    <h2 class=\"wp-block-heading\"><strong>Li\u00ean h\u1ec7 v\u1edbi ch\u00fang t\u00f4i ngay!<\/strong><\/h2>    <p class=\"translation-block\">C\u00f4ng ty ch\u00fang t\u00f4i chuy\u00ean s\u1ea3n xu\u1ea5t m\u00e1y m\u00f3c n\u00f4ng nghi\u1ec7p hi\u1ec7n \u0111\u1ea1i. Ngo\u00e0i m\u00e1y c\u1eaft ng\u00f4 ng\u1ecdt, ch\u00fang t\u00f4i c\u0169ng cung c\u1ea5p c\u00e1c m\u00e1y kh\u00e1c nh\u01b0 <a href=\"https:\/\/corn-machines.com\/vi\/product\/automated-corn-sowing-machine\/\">m\u00e1y gieo ng\u00f4<\/a>, <a href=\"https:\/\/corn-machines.com\/vi\/product\/mini-corn-harvesting-machine-maize-picker-machine\/\">m\u00e1y thu ho\u1ea1ch ng\u00f4<\/a>, <a href=\"https:\/\/corn-machines.com\/vi\/product\/multifunctional-corn-thresher\/\">m\u00e1y tu\u1ed1t ng\u00f4<\/a>, v.v. <\/p>    <p>Ch\u00fang t\u00f4i \u0111\u1ea7u t\u01b0 nhi\u1ec1u th\u1eddi gian v\u00e0 c\u00f4ng s\u1ee9c v\u00e0o vi\u1ec7c ph\u00e1t tri\u1ec3n thi\u1ebft b\u1ecb \u0111\u00e1p \u1ee9ng nhu c\u1ea7u s\u1ea3n xu\u1ea5t n\u00f4ng nghi\u1ec7p hi\u1ec7n \u0111\u1ea1i, t\u1ed1i \u0111a h\u00f3a hi\u1ec7u qu\u1ea3 s\u1ea3n xu\u1ea5t n\u00f4ng nghi\u1ec7p. N\u1ebfu b\u1ea1n c\u1ea7n m\u00e1y, h\u00e3y li\u00ean h\u1ec7 v\u1edbi ch\u00fang t\u00f4i ngay, v\u00e0 ch\u00fang t\u00f4i s\u1ebd cung c\u1ea5p cho b\u1ea1n thi\u1ebft b\u1ecb v\u00e0 d\u1ecbch v\u1ee5 chuy\u00ean nghi\u1ec7p nh\u1ea5t.<\/p>","protected":false},"excerpt":{"rendered":"<p>B\u00e0i vi\u1ebft n\u00e0y ch\u1ee7 y\u1ebfu gi\u1edbi thi\u1ec7u m\u00e1y c\u1eaft ng\u00f4 ng\u1ecdt, bao g\u1ed3m c\u00e1c th\u00f4ng s\u1ed1 chi ti\u1ebft, c\u1ea5u tr\u00fac, \u01b0u \u0111i\u1ec3m v\u00e0 \u1ee9ng d\u1ee5ng, v.v. N\u00f3 cung c\u1ea5p m\u1ed9t t\u00e0i li\u1ec7u tham kh\u1ea3o cho kh\u00e1ch h\u00e0ng c\u1ea7n m\u00e1y t\u00e1ch ng\u00f4.<\/p>","protected":false},"author":1,"featured_media":858,"parent":0,"template":"","tags":[42,70,43],"product-type":[71],"class_list":["post-857","product","type-product","status-publish","has-post-thumbnail","hentry","tag-corn","tag-corn-cutting","tag-maize","product-type-corn-cutting-machine"],"_links":{"self":[{"href":"https:\/\/corn-machines.com\/vi\/wp-json\/wp\/v2\/product\/857","targetHints":{"allow":["GET"]}}],"collection":[{"href":"https:\/\/corn-machines.com\/vi\/wp-json\/wp\/v2\/product"}],"about":[{"href":"https:\/\/corn-machines.com\/vi\/wp-json\/wp\/v2\/types\/product"}],"author":[{"embeddable":true,"href":"https:\/\/corn-machines.com\/vi\/wp-json\/wp\/v2\/users\/1"}],"wp:featuredmedia":[{"embeddable":true,"href":"https:\/\/corn-machines.com\/vi\/wp-json\/wp\/v2\/media\/858"}],"wp:attachment":[{"href":"https:\/\/corn-machines.com\/vi\/wp-json\/wp\/v2\/media?parent=857"}],"wp:term":[{"taxonomy":"post_tag","embeddable":true,"href":"https:\/\/corn-machines.com\/vi\/wp-json\/wp\/v2\/tags?post=857"},{"taxonomy":"product-type","embeddable":true,"href":"https:\/\/corn-machines.com\/vi\/wp-json\/wp\/v2\/product-type?post=857"}],"curies":[{"name":"wp","href":"https:\/\/api.w.org\/{rel}","templated":true}]}}