{"id":783,"date":"2025-08-12T18:24:10","date_gmt":"2025-08-12T10:24:10","guid":{"rendered":"https:\/\/corn-machines.com\/?post_type=product&#038;p=783"},"modified":"2025-11-27T16:18:10","modified_gmt":"2025-11-27T08:18:10","slug":"corn-peeling-machine","status":"publish","type":"product","link":"https:\/\/corn-machines.com\/vi\/product\/corn-peeling-machine\/","title":{"rendered":"M\u00e1y l\u1ed9t ng\u00f4 \u0111\u1ec3 lo\u1ea1i b\u1ecf v\u1ecf ng\u00f4"},"content":{"rendered":"<p class=\"translation-block\"><strong>M\u00e1y t\u00e1ch v\u1ecf ng\u00f4<\/strong> \u0111\u01b0\u1ee3c s\u1eed d\u1ee5ng \u0111\u1ec3 lo\u1ea1i b\u1ecf v\u1ecf v\u00e0 m\u1ea7m ng\u00f4, sau \u0111\u00f3 nghi\u1ec1n ng\u00f4 th\u00e0nh c\u00e1c h\u1ea1t nh\u1ecf. C\u00e1c h\u1ea1t thu \u0111\u01b0\u1ee3c c\u00f3 k\u00edch th\u01b0\u1edbc \u0111\u1ed3ng \u0111\u1ec1u, m\u1ecbn, kh\u00f4ng c\u00f3 m\u1ea7m \u0111en v\u00e0 c\u00e1m. Ng\u00f4 \u0111\u00e3 t\u00e1ch v\u1ecf c\u00f3 h\u01b0\u01a1ng v\u1ecb th\u01a1m ngon v\u00e0 d\u1ec5 d\u00e0ng ch\u1ebf bi\u1ebfn th\u00e0nh b\u1ed9t ng\u00f4 c\u0169ng nh\u01b0 c\u00e1c lo\u1ea1i \u0111\u1ed3 \u0103n nh\u1eb9 kh\u00e1c nhau. M\u00e1y t\u00e1ch v\u1ecf ng\u00f4 c\u00f3 hi\u1ec7u su\u1ea5t cao, v\u1edbi c\u00f4ng su\u1ea5t c\u00f3 th\u1ec3 \u0111\u1ea1t 300-800kg\/h.<\/p>    <p>M\u00e1y t\u00e1ch v\u1ecf ng\u00f4 c\u1ee7a ch\u00fang t\u00f4i c\u00f3 \u01b0u \u0111i\u1ec3m l\u00e0 hi\u1ec7u su\u1ea5t cao, v\u1eadn h\u00e0nh \u0111\u01a1n gi\u1ea3n v\u00e0 s\u1ea3n ph\u1ea9m ho\u00e0n ch\u1ec9nh tuy\u1ec7t v\u1eddi. Do \u0111\u00f3, m\u00e1y r\u1ea5t ph\u1ed5 bi\u1ebfn \u1edf nhi\u1ec1u n\u01a1i. V\u00ed d\u1ee5, 30 m\u00e1y t\u00e1ch v\u1ecf l\u00f5i ng\u00f4 \u0111\u00e3 \u0111\u01b0\u1ee3c v\u1eadn chuy\u1ec3n \u0111\u1ebfn Burkina Faso, v\u00e0 ph\u1ea3n h\u1ed3i c\u1ee7a kh\u00e1ch h\u00e0ng r\u1ea5t t\u1ed1t.<\/p>    <figure class=\"wp-block-embed is-type-video is-provider-youtube wp-block-embed-youtube wp-embed-aspect-16-9 wp-has-aspect-ratio\"><div class=\"wp-block-embed__wrapper\"> <iframe loading=\"lazy\" title=\"M\u00e1y b\u00f3c v\u1ecf ng\u00f4 hi\u1ec7u su\u1ea5t cao | M\u00e1y ho\u1ea1t \u0111\u1ed9ng nh\u01b0 th\u1ebf n\u00e0o \u0111\u1ec3 b\u00f3c kernel ng\u00f4?#n\u00f4ng nghi\u1ec7p\" width=\"500\" height=\"281\" src=\"https:\/\/www.youtube.com\/embed\/ZY_oyhSynDk?feature=oembed\" frameborder=\"0\" allow=\"accelerometer; autoplay; clipboard-write; encrypted-media; gyroscope; picture-in-picture; web-share\" referrerpolicy=\"strict-origin-when-cross-origin\" allowfullscreen><\/iframe> <\/div><figcaption class=\"wp-element-caption\">qu\u00e1 tr\u00ecnh l\u00e0m vi\u1ec7c c\u1ee7a m\u00e1y b\u00f3c v\u1ecf ng\u00f4<\/figcaption><\/figure>    <h2 class=\"wp-block-heading\"><strong>Th\u00f4ng s\u1ed1 v\u00e0 m\u00f4 h\u00ecnh c\u1ee7a m\u00e1y b\u00f3c v\u1ecf ng\u00f4<\/strong><\/h2>    <p class=\"translation-block\"><strong>M\u00e1y t\u00e1ch v\u1ecf ng\u00f4<\/strong> c\u1ee7a ch\u00fang t\u00f4i c\u00f3 hai m\u1eabu: CP-90 v\u00e0 CP-120. CP-90 c\u00f3 c\u00f4ng su\u1ea5t 300-500 kg\/h, trong khi CP-120 c\u00f3 c\u00f4ng su\u1ea5t 700-800 kg\/h. Qu\u00fd kh\u00e1ch c\u00f3 th\u1ec3 l\u1ef1a ch\u1ecdn m\u00e1y t\u00e1ch v\u1ecf ng\u00f4 d\u1ef1a tr\u00ean quy m\u00f4 s\u1ea3n xu\u1ea5t v\u00e0 nhu c\u1ea7u c\u1ee7a m\u00ecnh.<\/p>    <figure class=\"wp-block-table\"><table class=\"has-fixed-layout\"><tbody><tr><td>Ng\u01b0\u1eddi m\u1eabu<\/td><td>CP-90<\/td><td>CP-120<\/td><\/tr><tr><td>Quy\u1ec1n l\u1ef1c<\/td><td>5.5kw<\/td><td>7.5-11kw<\/td><\/tr><tr><td>Dung t\u00edch<\/td><td>300-500kg\/h<\/td><td>700-800kg\/h<\/td><\/tr><tr><td>C\u00e2n n\u1eb7ng<\/td><td>100kg<\/td><td>135kg<\/td><\/tr><tr><td>K\u00edch c\u1ee1<\/td><td>660*450*1020mm<\/td><td>880*550*1200mm<\/td><\/tr><\/tbody><\/table><figcaption class=\"wp-element-caption\">th\u00f4ng s\u1ed1 c\u1ee7a m\u00e1y b\u00f3c v\u1ecf ng\u00f4<\/figcaption><\/figure>    <h2 class=\"wp-block-heading\"><strong>C\u1ea5u tr\u00fac c\u1ee7a m\u00e1y b\u00f3c v\u1ecf ng\u00f4<\/strong><\/h2>    <p class=\"translation-block\"><strong>M\u00e1y t\u00e1ch v\u1ecf ng\u00f4<\/strong> n\u00e0y c\u00f3 thi\u1ebft k\u1ebf nh\u1ecf g\u1ecdn, k\u00edch th\u01b0\u1edbc t\u01b0\u01a1ng \u0111\u1ed1i nh\u1ecf v\u00e0 d\u1ec5 v\u1eadn h\u00e0nh. M\u00e1y c\u00f3 th\u1ec3 ch\u1ea1y b\u1eb1ng \u0111\u1ed9ng c\u01a1 diesel ho\u1eb7c \u0111\u1ed9ng c\u01a1 \u0111i\u1ec7n, cho ph\u00e9p nhi\u1ec1u m\u1ee9c c\u00f4ng su\u1ea5t \u0111\u1ea7u ra kh\u00e1c nhau \u0111\u1ec3 \u0111\u00e1p \u1ee9ng nhu c\u1ea7u \u0111a d\u1ea1ng c\u1ee7a kh\u00e1ch h\u00e0ng. M\u00e1y th\u01b0\u1eddng bao g\u1ed3m b\u1ed9 ph\u1eadn n\u1ea1p li\u1ec7u, tr\u1ee5c v\u00edt \u0111\u1ec3 ki\u1ec3m so\u00e1t t\u1ed1c \u0111\u1ed9 n\u1ea1p, l\u01b0\u1ee1i t\u00e1ch v\u1ecf, c\u1eeda tho\u00e1t v\u1ecf v\u00e0 c\u1eeda tho\u00e1t s\u1ea3n ph\u1ea9m ho\u00e0n ch\u1ec9nh.<\/p>   <div class=\"wp-block-image\"> <figure class=\"aligncenter size-full\"><img loading=\"lazy\" decoding=\"async\" width=\"720\" height=\"540\" src=\"https:\/\/corn-machines.com\/wp-content\/uploads\/2025\/08\/structure-of-maize-peeler.webp\" alt=\"c\u1ea5u tr\u00fac c\u1ee7a m\u00e1y b\u00f3c v\u1ecf ng\u00f4\" class=\"wp-image-784\" srcset=\"https:\/\/corn-machines.com\/wp-content\/uploads\/2025\/08\/structure-of-maize-peeler.webp 720w, https:\/\/corn-machines.com\/wp-content\/uploads\/2025\/08\/structure-of-maize-peeler-300x225.webp 300w, https:\/\/corn-machines.com\/wp-content\/uploads\/2025\/08\/structure-of-maize-peeler-16x12.webp 16w\" sizes=\"auto, (max-width: 720px) 100vw, 720px\" \/><figcaption class=\"wp-element-caption\">c\u1ea5u tr\u00fac c\u1ee7a m\u00e1y b\u00f3c v\u1ecf ng\u00f4<\/figcaption><\/figure> <\/div>   <h2 class=\"wp-block-heading\"><strong>\u1ee8ng d\u1ee5ng c\u1ee7a m\u00e1y b\u00f3c v\u1ecf ng\u00f4<\/strong><\/h2>    <p class=\"translation-block\">Sau khi t\u00e1ch v\u1ecf, c\u00e1c h\u1ea1t ng\u00f4 c\u00f3 k\u00edch th\u01b0\u1edbc \u0111\u1ed3ng \u0111\u1ec1u, m\u1ecbn v\u00e0 kh\u00f4ng c\u00f3 t\u1ea1p ch\u1ea5t. Ng\u00f4 \u0111\u00e3 t\u00e1ch v\u1ecf c\u00f3 h\u01b0\u01a1ng v\u1ecb th\u01a1m ngon v\u00e0 d\u1ec5 d\u00e0ng ch\u1ebf bi\u1ebfn th\u00e0nh b\u1ed9t ng\u00f4, h\u1ea1t ng\u00f4 v\u00e0 nhi\u1ec1u lo\u1ea1i kh\u00e1c. <strong>M\u00e1y t\u00e1ch v\u1ecf ng\u00f4<\/strong> kh\u00f4ng ch\u1ec9 ph\u00f9 h\u1ee3p v\u1edbi c\u00e1c nh\u00e0 m\u00e1y ch\u1ebf bi\u1ebfn ng\u0169 c\u1ed1c v\u00e0 th\u1ef1c ph\u1ea9m quy m\u00f4 nh\u1ecf, m\u00e0 c\u00f2n c\u00f3 th\u1ec3 \u0111\u01b0\u1ee3c s\u1eed d\u1ee5ng nh\u01b0 m\u1ed9t c\u00f4ng c\u1ee5 t\u00e1ch v\u1ecf ng\u00f4 t\u1ea1i nh\u00e0.<\/p>    <figure class=\"wp-block-gallery has-nested-images columns-default is-cropped wp-block-gallery-2 is-layout-flex wp-block-gallery-is-layout-flex\"> <figure class=\"wp-block-image size-large\"><img loading=\"lazy\" decoding=\"async\" width=\"720\" height=\"540\" data-id=\"791\" src=\"https:\/\/corn-machines.com\/wp-content\/uploads\/2025\/08\/effect-of-corn-peeling-machine.webp\" alt=\"t\u00e1c d\u1ee5ng c\u1ee7a m\u00e1y b\u00f3c v\u1ecf ng\u00f4\" class=\"wp-image-791\" srcset=\"https:\/\/corn-machines.com\/wp-content\/uploads\/2025\/08\/effect-of-corn-peeling-machine.webp 720w, https:\/\/corn-machines.com\/wp-content\/uploads\/2025\/08\/effect-of-corn-peeling-machine-300x225.webp 300w, https:\/\/corn-machines.com\/wp-content\/uploads\/2025\/08\/effect-of-corn-peeling-machine-16x12.webp 16w\" sizes=\"auto, (max-width: 720px) 100vw, 720px\" \/><figcaption class=\"wp-element-caption\">hi\u1ec7u qu\u1ea3 c\u1ee7a m\u00e1y b\u00f3c v\u1ecf ng\u00f4<\/figcaption><\/figure>    <figure class=\"wp-block-image size-large\"><img loading=\"lazy\" decoding=\"async\" width=\"720\" height=\"540\" data-id=\"785\" src=\"https:\/\/corn-machines.com\/wp-content\/uploads\/2025\/08\/application-of-corn-peeler-machine.webp\" alt=\"\u1ee9ng d\u1ee5ng c\u1ee7a m\u00e1y b\u00f3c v\u1ecf ng\u00f4\" class=\"wp-image-785\" srcset=\"https:\/\/corn-machines.com\/wp-content\/uploads\/2025\/08\/application-of-corn-peeler-machine.webp 720w, https:\/\/corn-machines.com\/wp-content\/uploads\/2025\/08\/application-of-corn-peeler-machine-300x225.webp 300w, https:\/\/corn-machines.com\/wp-content\/uploads\/2025\/08\/application-of-corn-peeler-machine-16x12.webp 16w\" sizes=\"auto, (max-width: 720px) 100vw, 720px\" \/><figcaption class=\"wp-element-caption\">\u1ee9ng d\u1ee5ng c\u1ee7a m\u00e1y b\u00f3c v\u1ecf ng\u00f4<\/figcaption><\/figure> <\/figure>    <h2 class=\"wp-block-heading\"><strong>\u01afu \u0111i\u1ec3m c\u1ee7a m\u00e1y b\u00f3c v\u1ecf ng\u00f4 t\u1ef1 \u0111\u1ed9ng<\/strong><\/h2>    <p>N\u00f3 c\u00f3 th\u1ec3 nhanh ch\u00f3ng ho\u00e0n t\u1ea5t c\u00f4ng vi\u1ec7c b\u00f3c ng\u00f4, r\u00fat ng\u1eafn th\u1eddi gian thu ho\u1ea1ch v\u00e0 gi\u1ea3m chi ph\u00ed lao \u0111\u1ed9ng; ngo\u00e0i ra, c\u00e1c m\u00e1y l\u1eab m\u00e1y th\u00ed c\u00f3 kh\u1ea3 n\u0103ng th\u00edch \u1ee9ng m\u1ea1nh v\u00e0 d\u1ec5 v\u1eadn h\u00e0nh.<\/p>    <ul class=\"wp-block-list\"> <li>So v\u1edbi vi\u1ec7c g\u1ecdt v\u1ecf th\u1ee7 c\u00f4ng truy\u1ec1n th\u1ed1ng, m\u00e1y <strong>m\u00e1y g\u1ecdt v\u1ecf ng\u00f4<\/strong> c\u00f3 th\u1ec3 ho\u00e0n th\u00e0nh qu\u00e1 tr\u00ecnh t\u00e1ch v\u1ecf nhanh h\u01a1n, v\u1edbi <strong>c\u00f4ng su\u1ea5t 300-800 kg\/h<\/strong>, r\u00fat ng\u1eafn th\u1eddi gian thu ho\u1ea1ch \u0111\u00e1ng k\u1ec3 v\u00e0 n\u00e2ng cao hi\u1ec7u qu\u1ea3 c\u00f4ng vi\u1ec7c.<\/li>    <li> The maize peeler machine significantly reduces farmers&#8217; labor intensity, reduces the drudgery of manual peeling, and <strong>c\u1ea3i thi\u1ec7n s\u1ef1 tho\u1ea3i m\u00e1i c\u1ee7a c\u00f4ng nh\u00e2n<\/strong>.<\/li>    <li> D\u1ec5 v\u1eadn h\u00e0nh v\u00e0 c\u00f3 th\u1ec3 ho\u00e0n th\u00e0nh b\u1edfi m\u1ed9t ng\u01b0\u1eddi. K\u00edch th\u01b0\u1edbc nh\u1ecf g\u1ecdn c\u1ee7a n\u00f3 l\u00e0m cho n\u00f3 <strong>d\u1ec5 di chuy\u1ec3n<\/strong> v\u00e0 th\u00edch nghi v\u1edbi nhi\u1ec1u \u0111\u1ecba \u0111i\u1ec3m kh\u00e1c nhau.<\/li>    <li> S\u1ea3n ph\u1ea9m ho\u00e0n ch\u1ec9nh do m\u00e1y g\u1ecdt v\u1ecf ng\u00f4 t\u1ea1o ra l\u00e0 <strong>m\u1ecbn, \u0111\u1ed3ng \u0111\u1ec1u v\u1ec1 k\u00edch th\u01b0\u1edbc, v\u00e0 kh\u00f4ng c\u00f3 t\u1ea1p ch\u1ea5t.<\/strong><\/li>    <li>M\u00e1y g\u1ecdt v\u1ecf b\u1eafp Taizy \u0111\u01b0\u1ee3c s\u1ea3n xu\u1ea5t v\u00e0 b\u00e1n b\u1edfi ch\u00ednh ch\u00fang t\u00f4i, cung c\u1ea5p m\u1ed9t <strong>l\u1ee3i th\u1ebf v\u1ec1 gi\u00e1<\/strong> trong c\u00f9ng th\u1ecb tr\u01b0\u1eddng.<\/li>    <li>M\u00e1y g\u1ecdt v\u1ecf ng\u00f4 \u0111i k\u00e8m v\u1edbi m\u1ed9t <strong>b\u1ea3o h\u00e0nh m\u1ed9t n\u0103m<\/strong> v\u00e0 m\u1ed9t \u0111\u1ed9i ng\u0169 d\u1ecbch v\u1ee5 h\u1eadu m\u00e3i chuy\u00ean nghi\u1ec7p \u0111\u1ec3 h\u1ed7 tr\u1ee3 m\u1ecdi v\u1ea5n \u0111\u1ec1.<\/li> <\/ul>    <figure class=\"wp-block-gallery has-nested-images columns-default is-cropped wp-block-gallery-3 is-layout-flex wp-block-gallery-is-layout-flex\"> <figure class=\"wp-block-image size-large\"><img loading=\"lazy\" decoding=\"async\" width=\"540\" height=\"720\" data-id=\"786\" src=\"https:\/\/corn-machines.com\/wp-content\/uploads\/2025\/08\/automatic-corn-peeler.webp\" alt=\"m\u00e1y t\u00e1ch v\u1ecf ng\u00f4 t\u1ef1 \u0111\u1ed9ng\" class=\"wp-image-786\" srcset=\"https:\/\/corn-machines.com\/wp-content\/uploads\/2025\/08\/automatic-corn-peeler.webp 540w, https:\/\/corn-machines.com\/wp-content\/uploads\/2025\/08\/automatic-corn-peeler-225x300.webp 225w, https:\/\/corn-machines.com\/wp-content\/uploads\/2025\/08\/automatic-corn-peeler-9x12.webp 9w\" sizes=\"auto, (max-width: 540px) 100vw, 540px\" \/><figcaption class=\"wp-element-caption\">m\u00e1y t\u00e1ch v\u1ecf ng\u00f4 t\u1ef1 \u0111\u1ed9ng<\/figcaption><\/figure>    <figure class=\"wp-block-image size-full\"><img loading=\"lazy\" decoding=\"async\" width=\"720\" height=\"540\" data-id=\"787\" src=\"https:\/\/corn-machines.com\/wp-content\/uploads\/2025\/08\/corn-peeler.webp\" alt=\"tr\u01b0ng b\u00e0y m\u00e1y t\u00e1ch v\u1ecf ng\u00f4\" class=\"wp-image-787\" srcset=\"https:\/\/corn-machines.com\/wp-content\/uploads\/2025\/08\/corn-peeler.webp 720w, https:\/\/corn-machines.com\/wp-content\/uploads\/2025\/08\/corn-peeler-300x225.webp 300w, https:\/\/corn-machines.com\/wp-content\/uploads\/2025\/08\/corn-peeler-16x12.webp 16w\" sizes=\"auto, (max-width: 720px) 100vw, 720px\" \/><figcaption class=\"wp-element-caption\">m\u00e1y t\u00e1ch v\u1ecf ng\u00f4<\/figcaption><\/figure> <\/figure>    <h2 class=\"wp-block-heading\"><strong>M\u00e1y b\u00f3c v\u1ecf ng\u00f4 c\u00f3 gi\u00e1 bao nhi\u00eau\uff1f<\/strong><\/h2>    <p>Gi\u00e1 c\u1ee7a m\u00e1y t\u00e1ch v\u1ecf ng\u00f4 b\u1ecb \u1ea3nh h\u01b0\u1edfng b\u1edfi nhi\u1ec1u y\u1ebfu t\u1ed1, ch\u1ee7 y\u1ebfu l\u00e0 m\u1eabu m\u00e3 v\u00e0 ngu\u1ed3n c\u1ea5p \u0111i\u1ec7n. M\u1ed9t m\u1eb7t, gi\u00e1 m\u00e1y t\u00e1ch v\u1ecf ng\u00f4 thay \u0111\u1ed5i t\u00f9y thu\u1ed9c v\u00e0o m\u1eabu m\u00e3, v\u00e0 gi\u00e1 c\u1ee7a lo\u1ea1i c\u00f3 c\u00f4ng su\u1ea5t l\u1edbn h\u01a1n s\u1ebd t\u01b0\u01a1ng \u0111\u1ed1i cao h\u01a1n. M\u1eb7t kh\u00e1c, m\u00e1y t\u00e1ch v\u1ecf ng\u00f4 c\u1ee7a ch\u00fang t\u00f4i c\u00f3 th\u1ec3 \u0111\u01b0\u1ee3c trang b\u1ecb c\u1ea3 \u0111\u1ed9ng c\u01a1 \u0111i\u1ec7n v\u00e0 \u0111\u1ed9ng c\u01a1 diesel, v\u00ec v\u1eady gi\u00e1 kh\u00f4ng c\u1ed1 \u0111\u1ecbnh. H\u01a1n n\u1eefa, \u0111\u00e2y l\u00e0 m\u1ed9t lo\u1ea1i m\u00e1y n\u00f4ng nghi\u1ec7p nh\u1ecf, v\u00ec v\u1eady s\u1ed1 l\u01b0\u1ee3ng b\u1ea1n mua c\u00e0ng nhi\u1ec1u th\u00ec gi\u00e1 c\u00e0ng \u01b0u \u0111\u00e3i. N\u1ebfu b\u1ea1n mu\u1ed1n bi\u1ebft chi ti\u1ebft v\u1ec1 gi\u00e1 m\u00e1y t\u00e1ch v\u1ecf ng\u00f4 c\u1ee7a ch\u00fang t\u00f4i, vui l\u00f2ng li\u00ean h\u1ec7 v\u1edbi ch\u00fang t\u00f4i.<\/p>   <div class=\"wp-block-image\"> <figure class=\"aligncenter size-full\"><img loading=\"lazy\" decoding=\"async\" width=\"720\" height=\"540\" src=\"https:\/\/corn-machines.com\/wp-content\/uploads\/2025\/08\/maize-peeling-machine.webp\" alt=\"m\u00e1y t\u00e1ch v\u1ecf ng\u00f4\" class=\"wp-image-789\" srcset=\"https:\/\/corn-machines.com\/wp-content\/uploads\/2025\/08\/maize-peeling-machine.webp 720w, https:\/\/corn-machines.com\/wp-content\/uploads\/2025\/08\/maize-peeling-machine-300x225.webp 300w, https:\/\/corn-machines.com\/wp-content\/uploads\/2025\/08\/maize-peeling-machine-16x12.webp 16w\" sizes=\"auto, (max-width: 720px) 100vw, 720px\" \/><figcaption class=\"wp-element-caption\">m\u00e1y t\u00e1ch v\u1ecf ng\u00f4<\/figcaption><\/figure> <\/div>   <h2 class=\"wp-block-heading\"><strong> Tr\u01b0\u1eddng h\u1ee3p th\u00e0nh c\u00f4ng c\u1ee7a m\u00e1y b\u00f3c kernel ng\u00f4<\/strong><\/h2>    <p class=\"translation-block\"><strong>Ba m\u01b0\u01a1i m\u00e1y t\u00e1ch v\u1ecf ng\u00f4 \u0111\u00e3 \u0111\u01b0\u1ee3c v\u1eadn chuy\u1ec3n \u0111\u1ebfn Burkina Faso<\/strong><\/p>    <p class=\"translation-block\"><strong>M\u00e1y t\u00e1ch v\u1ecf ng\u00f4<\/strong> Taizy \u0111\u01b0\u1ee3c kh\u00e1ch h\u00e0ng t\u1eeb m\u1ecdi khu v\u1ef1c \u01b0a chu\u1ed9ng nh\u1edd hi\u1ec7u su\u1ea5t tuy\u1ec7t v\u1eddi. Ch\u00fang \u0111\u00e3 \u0111\u01b0\u1ee3c xu\u1ea5t kh\u1ea9u t\u1edbi Nigeria, Ukraine, Burkina Faso v\u00e0 c\u00e1c khu v\u1ef1c kh\u00e1c. Ba m\u01b0\u01a1i chi\u1ebfc m\u00e1y n\u00e0y \u0111\u00e3 \u0111\u01b0\u1ee3c v\u1eadn chuy\u1ec3n \u0111\u1ebfn Burkina Faso.<\/p>    <p>Kh\u00e1ch h\u00e0ng, m\u1ed9t \u0111\u1ea1i l\u00fd m\u00e1y n\u00f4ng nghi\u1ec7p \u0111\u1ecba ph\u01b0\u01a1ng, \u0111\u00e3 bi\u1ebft r\u1eb1ng c\u00f3 nhu c\u1ea7u cao v\u1ec1 m\u00e1y t\u00e1ch v\u1ecf ng\u00f4 trong khu v\u1ef1c. C\u1ea3 nh\u00e0 m\u00e1y s\u1ea3n xu\u1ea5t b\u1ed9t v\u00e0 nh\u00e0 m\u00e1y ch\u1ebf bi\u1ebfn th\u1ef1c ph\u1ea9m t\u1eeb ng\u00f4 \u0111\u1ec1u c\u1ea7n m\u00e1y t\u00e1ch v\u1ecf ng\u00f4. Do \u0111\u00f3, \u00f4ng \u1ea5y mu\u1ed1n \u0111\u1eb7t h\u00e0ng m\u1ed9t l\u00f4 m\u00e1y n\u00e0y. Ch\u00fang t\u00f4i \u0111\u00e3 cung c\u1ea5p cho \u00f4ng \u1ea5y th\u00f4ng tin v\u00e0 h\u00ecnh \u1ea3nh v\u1ec1 m\u00e1y m\u00f3c, v\u00e0 \u00f4ng \u1ea5y b\u00e0y t\u1ecf s\u1ef1 h\u00e0i l\u00f2ng v\u00e0 \u0111\u1eb7t h\u00e0ng ba m\u01b0\u01a1i m\u00e1y t\u00e1ch v\u1ecf ng\u00f4. Theo ph\u1ea3n h\u1ed3i c\u1ee7a kh\u00e1ch h\u00e0ng, m\u00e1y t\u00e1ch v\u1ecf ng\u00f4 \u0111ang b\u00e1n ch\u1ea1y tr\u00ean th\u1ecb tr\u01b0\u1eddng \u0111\u1ecba ph\u01b0\u01a1ng v\u00e0 ng\u01b0\u1eddi mua \u0111\u00e3 \u0111\u00e1nh gi\u00e1 r\u1ea5t cao.<\/p>   <div class=\"wp-block-image\"> <figure class=\"aligncenter size-full\"><img loading=\"lazy\" decoding=\"async\" width=\"720\" height=\"540\" src=\"https:\/\/corn-machines.com\/wp-content\/uploads\/2025\/08\/corn-peeler.webp\" alt=\"tr\u01b0ng b\u00e0y m\u00e1y t\u00e1ch v\u1ecf ng\u00f4\" class=\"wp-image-787\" srcset=\"https:\/\/corn-machines.com\/wp-content\/uploads\/2025\/08\/corn-peeler.webp 720w, https:\/\/corn-machines.com\/wp-content\/uploads\/2025\/08\/corn-peeler-300x225.webp 300w, https:\/\/corn-machines.com\/wp-content\/uploads\/2025\/08\/corn-peeler-16x12.webp 16w\" sizes=\"auto, (max-width: 720px) 100vw, 720px\" \/><figcaption class=\"wp-element-caption\">m\u00e1y t\u00e1ch v\u1ecf ng\u00f4<\/figcaption><\/figure> <\/div>   <h2 class=\"wp-block-heading\"><strong>H\u00e3y h\u00e0nh \u0111\u1ed9ng ngay v\u00e0 li\u00ean h\u1ec7 v\u1edbi ch\u00fang t\u00f4i\uff01<\/strong><\/h2>    <p class=\"translation-block\">Cho d\u00f9 b\u1ea1n l\u00e0 nh\u00e0 m\u00e1y ch\u1ebf bi\u1ebfn ng\u00f4 hay \u0111\u1ea1i l\u00fd m\u00e1y n\u00f4ng nghi\u1ec7p, <strong>m\u00e1y t\u00e1ch v\u1ecf ng\u00f4<\/strong> Taizy l\u00e0 m\u1ed9t l\u1ef1a ch\u1ecdn tuy\u1ec7t v\u1eddi! Ngo\u00e0i m\u00e1y t\u00e1ch v\u1ecf ng\u00f4, c\u00f4ng ty ch\u00fang t\u00f4i c\u00f2n cung c\u1ea5p c\u00e1c lo\u1ea1i m\u00e1y ng\u00f4 kh\u00e1c nh\u01b0 <a href=\"https:\/\/corn-machines.com\/vi\/product\/automated-corn-sowing-machine\/\">m\u00e1y gieo h\u1ea1t ng\u00f4 t\u1ef1 \u0111\u1ed9ng<\/a>, <a href=\"https:\/\/corn-machines.com\/vi\/product\/corn-harvester-machine\/\">m\u00e1y thu ho\u1ea1ch ng\u00f4<\/a> v\u00e0 <a href=\"https:\/\/corn-machines.com\/vi\/product\/corn-grits-machine\/\">m\u00e1y l\u00e0m h\u1ea1t ng\u00f4<\/a>. N\u1ebfu b\u1ea1n quan t\u00e2m, vui l\u00f2ng li\u00ean h\u1ec7 v\u1edbi ch\u00fang t\u00f4i! Ch\u00fang t\u00f4i s\u1ebd cung c\u1ea5p cho b\u1ea1n d\u1ecbch v\u1ee5 chuy\u00ean nghi\u1ec7p nh\u1ea5t v\u00e0 nh\u1eefng chi\u1ebfc m\u00e1y ch\u1ea5t l\u01b0\u1ee3ng cao.<\/p>","protected":false},"excerpt":{"rendered":"<p>B\u00e0i vi\u1ebft n\u00e0y ch\u1ee7 y\u1ebfu gi\u1edbi thi\u1ec7u m\u00e1y g\u1ecdt v\u1ecf ng\u00f4, bao g\u1ed3m tham s\u1ed1, c\u1ea5u tr\u00fac, \u01b0u \u0111i\u1ec3m v\u00e0 c\u00e1c tr\u01b0\u1eddng h\u1ee3p th\u00e0nh c\u00f4ng. M\u00e1y n\u00e0y c\u00f3 c\u00f4ng su\u1ea5t 300-800kg\/h v\u00e0 r\u1ea5t ti\u1ebft ki\u1ec7m th\u1eddi gian, c\u00f3 th\u1ec3 \u0111\u00e1p \u1ee9ng nhu c\u1ea7u x\u1eed l\u00fd \u1edf c\u00e1c quy m\u00f4 kh\u00e1c nhau.<\/p>","protected":false},"author":1,"featured_media":788,"parent":0,"template":"","tags":[42,68,67],"product-type":[66],"class_list":["post-783","product","type-product","status-publish","has-post-thumbnail","hentry","tag-corn","tag-corn-kernels","tag-corn-peeling","product-type-corn-peeling-machine"],"_links":{"self":[{"href":"https:\/\/corn-machines.com\/vi\/wp-json\/wp\/v2\/product\/783","targetHints":{"allow":["GET"]}}],"collection":[{"href":"https:\/\/corn-machines.com\/vi\/wp-json\/wp\/v2\/product"}],"about":[{"href":"https:\/\/corn-machines.com\/vi\/wp-json\/wp\/v2\/types\/product"}],"author":[{"embeddable":true,"href":"https:\/\/corn-machines.com\/vi\/wp-json\/wp\/v2\/users\/1"}],"wp:featuredmedia":[{"embeddable":true,"href":"https:\/\/corn-machines.com\/vi\/wp-json\/wp\/v2\/media\/788"}],"wp:attachment":[{"href":"https:\/\/corn-machines.com\/vi\/wp-json\/wp\/v2\/media?parent=783"}],"wp:term":[{"taxonomy":"post_tag","embeddable":true,"href":"https:\/\/corn-machines.com\/vi\/wp-json\/wp\/v2\/tags?post=783"},{"taxonomy":"product-type","embeddable":true,"href":"https:\/\/corn-machines.com\/vi\/wp-json\/wp\/v2\/product-type?post=783"}],"curies":[{"name":"wp","href":"https:\/\/api.w.org\/{rel}","templated":true}]}}