{"id":771,"date":"2025-08-11T16:34:51","date_gmt":"2025-08-11T08:34:51","guid":{"rendered":"https:\/\/corn-machines.com\/?post_type=product&#038;p=771"},"modified":"2025-08-18T14:42:57","modified_gmt":"2025-08-18T06:42:57","slug":"corn-cleaner-machine","status":"publish","type":"product","link":"https:\/\/corn-machines.com\/vi\/product\/corn-cleaner-machine\/","title":{"rendered":"M\u00e1y l\u00e0m s\u1ea1ch ng\u00f4 \u0111\u1ec3 lo\u1ea1i b\u1ecf t\u1ea1p ch\u1ea5t kh\u1ecfi h\u1ea1t th\u00f4"},"content":{"rendered":"<p class=\"translation-block\">M\u00e1y <strong>l\u00e0m s\u1ea1ch ng\u00f4<\/strong> ch\u1ee7 y\u1ebfu lo\u1ea1i b\u1ecf t\u1ea1p ch\u1ea5t nh\u01b0 b\u1ee5i, \u0111\u00e1 v\u00e0 r\u01a1m t\u1eeb h\u1ea1t th\u00f4. K\u00edch th\u01b0\u1edbc nh\u1ecf g\u1ecdn, \u0111\u1ed9 t\u1ef1 \u0111\u1ed9ng h\u00f3a cao v\u00e0 thi\u1ebft k\u1ebf \u0111a d\u1ea1ng khi\u1ebfn n\u00f3 tr\u1edf th\u00e0nh m\u1ed9t thi\u1ebft b\u1ecb l\u00fd t\u01b0\u1edfng cho c\u00e1c m\u00e1y l\u00e0m b\u1ed9t ng\u00f4. N\u00f3 c\u00f3 th\u1ec3 \u0111\u01b0\u1ee3c s\u1eed d\u1ee5ng \u0111\u1ec3 l\u00e0m s\u1ea1ch ng\u00f4, l\u00faa m\u00ec, ki\u1ec1u m\u1ea1ch, k\u00ea v\u00e0 c\u00e1c lo\u1ea1i ng\u0169 c\u1ed1c kh\u00e1c, v\u1edbi c\u00f4ng su\u1ea5t t\u1eeb 400-1200 kg\/h.<\/p>    <p>M\u00e1y l\u00e0m s\u1ea1ch ng\u00f4 hi\u1ec7u qu\u1ea3, d\u1ec5 v\u1eadn h\u00e0nh v\u00e0 c\u00f3 t\u00ednh \u1ee9ng d\u1ee5ng cao. Do \u0111\u00f3, n\u00f3 \u0111\u01b0\u1ee3c kh\u00e1ch h\u00e0ng \u1edf nhi\u1ec1u v\u00f9ng \u01b0a chu\u1ed9ng. \u0110\u00e3 \u0111\u01b0\u1ee3c xu\u1ea5t kh\u1ea9u \u0111\u1ebfn nhi\u1ec1u khu v\u1ef1c, bao g\u1ed3m Angola v\u00e0 Cameroon, v\u00e0 nh\u1eadn \u0111\u01b0\u1ee3c s\u1ef1 ng\u1ee3i khen r\u1ed9ng r\u00e3i.<\/p>    <figure class=\"wp-block-embed is-type-video is-provider-youtube wp-block-embed-youtube wp-embed-aspect-16-9 wp-has-aspect-ratio\"><div class=\"wp-block-embed__wrapper\"> <iframe loading=\"lazy\" title=\"[M\u00e1y l\u00e0m s\u1ea1ch ng\u00f4 b\u00e1n ch\u1ea1y h\u00e0ng \u0111\u1ea7u | C\u00e1ch ho\u1ea1t \u0111\u1ed9ng c\u1ee7a m\u00e1y l\u00e0m s\u1ea1ch h\u1ea1t ng\u00f4?#n\u00f4ngnghi\u1ec7pm\u00e1y m\u00f3c]\" width=\"500\" height=\"281\" src=\"https:\/\/www.youtube.com\/embed\/w8UjR2vlGq8?feature=oembed\" frameborder=\"0\" allow=\"accelerometer; autoplay; clipboard-write; encrypted-media; gyroscope; picture-in-picture; web-share\" referrerpolicy=\"strict-origin-when-cross-origin\" allowfullscreen><\/iframe> <\/div><figcaption class=\"wp-element-caption\">quy tr\u00ecnh l\u00e0m vi\u1ec7c c\u1ee7a m\u00e1y l\u00e0m s\u1ea1ch ng\u00f4<\/figcaption><\/figure>    <h2 class=\"wp-block-heading\"><strong>\u01afu \u0111i\u1ec3m c\u1ee7a m\u00e1y l\u00e0m s\u1ea1ch h\u1ea1t<\/strong><\/h2>    <ul class=\"wp-block-list\"> <li> N\u00f3 c\u00f3 n\u0103ng su\u1ea5t cao, v\u1edbi <strong>c\u00f4ng su\u1ea5t t\u1eeb 400-1200 kg\/h<\/strong>, \u0111\u00e1p \u1ee9ng nhu c\u1ea7u s\u1ea3n xu\u1ea5t v\u1edbi c\u00e1c quy m\u00f4 kh\u00e1c nhau.<\/li>    <li>c\u00e1c <strong>m\u00e1y l\u1ecdc ng\u00f4<\/strong> c\u00f3 <strong>m\u1ed9t ph\u1ea1m vi \u1ee9ng d\u1ee5ng r\u1ed9ng r\u00e3i<\/strong>, kh\u00f4ng ch\u1ec9 \u0111\u1ec3 l\u00e0m s\u1ea1ch ng\u00f4, m\u00e0 c\u00f2n \u0111\u1ec3 l\u00e0m s\u1ea1ch l\u00faa m\u00ec, k\u00ea, millet v\u00e0 c\u00e1c lo\u1ea1i h\u1ea1t kh\u00e1c.<\/li>    <li> Th\u00f4ng th\u01b0\u1eddng, m\u1ed9t ng\u01b0\u1eddi c\u00f3 th\u1ec3 ho\u00e0n th\u00e0nh c\u00f4ng vi\u1ec7c, <strong>ti\u1ebft ki\u1ec7m 30% th\u1eddi gian<\/strong>.<\/li>    <li> M\u00e1y ph\u00e2n lo\u1ea1i ng\u00f4 c\u00f3 t\u00ednh linh ho\u1ea1t cao v\u00e0 c\u00f3 th\u1ec3 <strong>k\u1ebft h\u1ee3p v\u1edbi c\u00e1c m\u00e1y kh\u00e1c<\/strong>, ch\u1eb3ng h\u1ea1n nh\u01b0 <a href=\"https:\/\/corn-machines.com\/vi\/product\/corn-grits-machine\/\">m\u00e1y l\u00e0m b\u1ed9t ng\u00f4<\/a>.<\/li>    <li>Ho\u1ea1t \u0111\u1ed9ng \u0111\u01a1n gi\u1ea3n, ch\u1ec9 c\u1ea7n <strong>m\u1ed9t ng\u01b0\u1eddi<\/strong> ho\u00e0n th\u00e0nh nhi\u1ec7m v\u1ee5 l\u00e0m s\u1ea1ch ng\u00f4.<\/li>    <li> M\u00e1y l\u00e0m s\u1ea1ch ng\u00f4 Taizy \u0111\u01b0\u1ee3c s\u1ea3n xu\u1ea5t v\u00e0 b\u00e1n b\u1edfi ch\u00ednh ch\u00fang t\u00f4i, v\u00e0 <strong>gi\u00e1 c\u1ea3 kh\u00e1 c\u1ea1nh tranh<\/strong><\/li> <\/ul>    <figure class=\"wp-block-gallery has-nested-images columns-default is-cropped wp-block-gallery-2 is-layout-flex wp-block-gallery-is-layout-flex\"> <figure class=\"wp-block-image size-large\"><img loading=\"lazy\" decoding=\"async\" width=\"720\" height=\"540\" data-id=\"774\" src=\"https:\/\/corn-machines.com\/wp-content\/uploads\/2025\/08\/maize-cleaner-machine.webp\" alt=\"m\u00e1y l\u00e0m s\u1ea1ch ng\u00f4\" class=\"wp-image-774\" srcset=\"https:\/\/corn-machines.com\/wp-content\/uploads\/2025\/08\/maize-cleaner-machine.webp 720w, https:\/\/corn-machines.com\/wp-content\/uploads\/2025\/08\/maize-cleaner-machine-300x225.webp 300w, https:\/\/corn-machines.com\/wp-content\/uploads\/2025\/08\/maize-cleaner-machine-16x12.webp 16w\" sizes=\"auto, (max-width: 720px) 100vw, 720px\" \/><figcaption class=\"wp-element-caption\">m\u00e1y l\u00e0m s\u1ea1ch ng\u00f4<\/figcaption><\/figure>    <figure class=\"wp-block-image size-large\"><img loading=\"lazy\" decoding=\"async\" width=\"720\" height=\"540\" data-id=\"775\" src=\"https:\/\/corn-machines.com\/wp-content\/uploads\/2025\/08\/corn-seed-cleaner.webp\" alt=\"hi\u1ec3n th\u1ecb m\u00e1y l\u00e0m s\u1ea1ch h\u1ea1t ng\u00f4\" class=\"wp-image-775\" srcset=\"https:\/\/corn-machines.com\/wp-content\/uploads\/2025\/08\/corn-seed-cleaner.webp 720w, https:\/\/corn-machines.com\/wp-content\/uploads\/2025\/08\/corn-seed-cleaner-300x225.webp 300w, https:\/\/corn-machines.com\/wp-content\/uploads\/2025\/08\/corn-seed-cleaner-16x12.webp 16w\" sizes=\"auto, (max-width: 720px) 100vw, 720px\" \/><figcaption class=\"wp-element-caption\">m\u00e1y l\u00e0m s\u1ea1ch h\u1ea1t ng\u00f4<\/figcaption><\/figure> <\/figure>    <h2 class=\"wp-block-heading\"><strong>Th\u00f4ng s\u1ed1 c\u1ee7a m\u00e1y l\u00e0m s\u1ea1ch ng\u00f4<\/strong><\/h2>    <p>M\u00e1y l\u00e0m s\u1ea1ch ng\u00f4 Taizy c\u00f3 s\u1eb5n trong hai m\u1eabu: FSQDJ-57 v\u00e0 FSQDJ-100. M\u1ed7i m\u1eabu c\u00f3 c\u00f4ng su\u1ea5t kh\u00e1c nhau: FSQDJ-57 c\u00f3 c\u00f4ng su\u1ea5t t\u1eeb 400-600 kg\/h, trong khi FSQDJ-100 c\u00f3 c\u00f4ng su\u1ea5t t\u1eeb 800-1200 kg\/h. C\u00e1c th\u00f4ng s\u1ed1 c\u1ee5 th\u1ec3 c\u1ee7a m\u00e1y l\u00e0m s\u1ea1ch ng\u00f4 nh\u01b0 sau:<\/p>    <figure class=\"wp-block-table\"><table class=\"has-fixed-layout\"><tbody><tr><td>Ng\u01b0\u1eddi m\u1eabu<\/td><td>FSQDJ-57<\/td><td>FSQDJ-100<\/td><\/tr><tr><td>Quy\u1ec1n l\u1ef1c<\/td><td>3kw<\/td><td>4kw<\/td><\/tr><tr><td>Dung t\u00edch<\/td><td>400-600kg\/h<\/td><td>800-1200kg\/h<\/td><\/tr><tr><td>C\u00e2n n\u1eb7ng<\/td><td>300kg<\/td><td>400kg<\/td><\/tr><tr><td>K\u00edch c\u1ee1<\/td><td>1.7*0.8*2.9m<\/td><td>1.9*1*3m<\/td><\/tr><\/tbody><\/table><figcaption class=\"wp-element-caption\">th\u00f4ng s\u1ed1 c\u1ee7a m\u00e1y l\u00e0m s\u1ea1ch ng\u00f4<\/figcaption><\/figure>    <h2 class=\"wp-block-heading\"><strong>C\u1ea5u tr\u00fac c\u1ee7a m\u00e1y l\u00e0m s\u1ea1ch ng\u00f4<\/strong><\/h2>    <p class=\"translation-block\">M\u00e1y <strong>l\u00e0m s\u1ea1ch ng\u00f4<\/strong> c\u00f3 c\u1ea5u tr\u00fac \u0111\u01a1n gi\u1ea3n. V\u1ec1 m\u1eb7t b\u00ean ngo\u00e0i, n\u00f3 ch\u1ee7 y\u1ebfu bao g\u1ed3m qu\u1ea1t, b\u0103ng t\u1ea3i, l\u1ed1i ra \u0111\u00e1, l\u1ed1i v\u00e0o ng\u00f4 v\u00e0 \u0111\u1ed9ng c\u01a1. V\u1ec1 c\u1ea5u tr\u00fac, n\u00f3 ch\u1ee7 y\u1ebfu bao g\u1ed3m thi\u1ebft b\u1ecb c\u1ea5p li\u1ec7u t\u1ef1 \u0111\u1ed9ng, m\u00e0n h\u00ecnh rung hai t\u1ea7ng, thi\u1ebft b\u1ecb lo\u1ea1i b\u1ecf \u0111\u00e1 tr\u1ecdng l\u1ef1c v\u00e0 thi\u1ebft b\u1ecb l\u1ecdc kh\u00f4ng kh\u00ed.<\/p>    <ul class=\"wp-block-list\"> <li>Thi\u1ebft b\u1ecb c\u1ea5p li\u1ec7u t\u1ef1 \u0111\u1ed9ng: S\u1eed d\u1ee5ng tr\u1ecdng l\u1ef1c v\u00e0 d\u00f2ng kh\u00f4ng kh\u00ed \u0111\u1ec3 n\u1ea1p t\u1ef1 \u0111\u1ed9ng.<\/li>    <li>M\u00e0n h\u00ecnh rung hai t\u1ea7ng: S\u1eed d\u1ee5ng k\u00edch th\u01b0\u1edbc h\u1ea1t kh\u00e1c nhau c\u1ee7a v\u1eadt li\u1ec7u v\u00e0 t\u1ea1p ch\u1ea5t \u0111\u1ec3 lo\u1ea1i b\u1ecf t\u1ea1p ch\u1ea5t nh\u1ecf h\u01a1n ho\u1eb7c l\u1edbn h\u01a1n v\u1eadt li\u1ec7u.<\/li>    <li>Thi\u1ebft b\u1ecb lo\u1ea1i b\u1ecf \u0111\u00e1 tr\u1ecdng l\u1ef1c: S\u1eed d\u1ee5ng tr\u1ecdng l\u01b0\u1ee3ng ri\u00eang kh\u00e1c nhau c\u1ee7a v\u1eadt li\u1ec7u v\u00e0 t\u1ea1p ch\u1ea5t \u0111\u1ec3 lo\u1ea1i b\u1ecf t\u1ea1p ch\u1ea5t l\u1edbn h\u01a1n.<\/li>    <li>Thi\u1ebft b\u1ecb thanh l\u1ecdc kh\u00ed: N\u00f3 ph\u00e1 v\u1ee1 b\u1ee5i v\u00e0 t\u1ea1p ch\u1ea5t d\u1ec5 v\u1ee1 b\u00e1m v\u00e0o v\u1eadt li\u1ec7u v\u00e0 x\u1ea3 ch\u00fang qua c\u1eeda x\u1ea3.<\/li> <\/ul>   <div class=\"wp-block-image\"> <figure class=\"aligncenter size-full\"><img loading=\"lazy\" decoding=\"async\" width=\"720\" height=\"540\" src=\"https:\/\/corn-machines.com\/wp-content\/uploads\/2025\/08\/structure-of-corn-cleaner.webp\" alt=\"c\u1ea5u tr\u00fac c\u1ee7a m\u00e1y l\u00e0m s\u1ea1ch ng\u00f4\" class=\"wp-image-773\" srcset=\"https:\/\/corn-machines.com\/wp-content\/uploads\/2025\/08\/structure-of-corn-cleaner.webp 720w, https:\/\/corn-machines.com\/wp-content\/uploads\/2025\/08\/structure-of-corn-cleaner-300x225.webp 300w, https:\/\/corn-machines.com\/wp-content\/uploads\/2025\/08\/structure-of-corn-cleaner-16x12.webp 16w\" sizes=\"auto, (max-width: 720px) 100vw, 720px\" \/><figcaption class=\"wp-element-caption\">c\u1ea5u tr\u00fac c\u1ee7a m\u00e1y l\u00e0m s\u1ea1ch ng\u00f4<\/figcaption><\/figure> <\/div>   <h2 class=\"wp-block-heading\"><strong>\u1ee8ng d\u1ee5ng c\u1ee7a m\u00e1y ph\u00e2n lo\u1ea1i ng\u00f4<\/strong><\/h2>    <p class=\"translation-block\">M\u00e1y <strong>l\u00e0m s\u1ea1ch ng\u00f4<\/strong> c\u1ee7a ch\u00fang t\u00f4i c\u00f3 nhi\u1ec1u \u1ee9ng d\u1ee5ng r\u1ed9ng r\u00e3i. N\u00f3 kh\u00f4ng ch\u1ec9 c\u00f3 th\u1ec3 \u0111\u01b0\u1ee3c s\u1eed d\u1ee5ng \u0111\u1ec3 l\u00e0m s\u1ea1ch ng\u00f4, m\u00e0 c\u00f2n \u0111\u1ec3 l\u00e0m s\u1ea1ch c\u00e1c lo\u1ea1i ng\u0169 c\u1ed1c kh\u00e1c nh\u01b0 l\u00faa m\u00ec, k\u00ea, ki\u1ec1u m\u1ea1ch, v.v. D\u00f9 b\u1ea1n l\u00e0 nh\u00e0 m\u00e1y ch\u1ebf bi\u1ebfn ng\u00f4 hay nh\u00e0 m\u00e1y ch\u1ebf bi\u1ebfn \u0111a ng\u0169 c\u1ed1c, n\u00f3 c\u00f3 th\u1ec3 gi\u00fap b\u1ea1n!<\/p>   <div class=\"wp-block-image\"> <figure class=\"aligncenter size-full\"><img loading=\"lazy\" decoding=\"async\" width=\"720\" height=\"540\" src=\"https:\/\/corn-machines.com\/wp-content\/uploads\/2025\/08\/application-of-corn-seed-cleaner-2.webp\" alt=\"\u1ee9ng d\u1ee5ng c\u1ee7a m\u00e1y l\u00e0m s\u1ea1ch h\u1ea1t ng\u00f4\" class=\"wp-image-778\" srcset=\"https:\/\/corn-machines.com\/wp-content\/uploads\/2025\/08\/application-of-corn-seed-cleaner-2.webp 720w, https:\/\/corn-machines.com\/wp-content\/uploads\/2025\/08\/application-of-corn-seed-cleaner-2-300x225.webp 300w, https:\/\/corn-machines.com\/wp-content\/uploads\/2025\/08\/application-of-corn-seed-cleaner-2-16x12.webp 16w\" sizes=\"auto, (max-width: 720px) 100vw, 720px\" \/><figcaption class=\"wp-element-caption\">\u1ee9ng d\u1ee5ng c\u1ee7a m\u00e1y l\u00e0m s\u1ea1ch h\u1ea1t ng\u00f4<\/figcaption><\/figure> <\/div>   <h2 class=\"wp-block-heading\"><strong>Gi\u00e1 c\u1ee7a m\u00e1y l\u00e0m s\u1ea1ch ng\u00f4 l\u00e0 bao nhi\u00eau\uff1f<\/strong><\/h2>    <p>Gi\u00e1 c\u1ee7a m\u00e1y ph\u00e2n lo\u1ea1i ng\u00f4 b\u1ecb \u1ea3nh h\u01b0\u1edfng b\u1edfi nhi\u1ec1u y\u1ebfu t\u1ed1. V\u00ed d\u1ee5, chi ph\u00ed v\u1eadn chuy\u1ec3n khu v\u1ef1c c\u00f3 th\u1ec3 khi\u1ebfn gi\u00e1 kh\u00e1c nhau. M\u1ed9t y\u1ebfu t\u1ed1 kh\u00e1c l\u00e0 c\u00f4ng su\u1ea5t c\u1ee7a m\u00e1y, c\u0169ng c\u00f3 th\u1ec3 \u1ea3nh h\u01b0\u1edfng \u0111\u1ebfn gi\u00e1. N\u00f3i chung, m\u00e1y c\u00f3 c\u00f4ng su\u1ea5t cao h\u01a1n s\u1ebd \u0111\u1eaft h\u01a1n. V\u00ed d\u1ee5, gi\u00e1 c\u1ee7a FSQDJ-100 cao h\u01a1n FSQDJ-57. N\u1ebfu b\u1ea1n mu\u1ed1n bi\u1ebft gi\u00e1 ch\u00ednh x\u00e1c, xin vui l\u00f2ng li\u00ean h\u1ec7 v\u1edbi ch\u00fang t\u00f4i!<\/p>   <div class=\"wp-block-image\"> <figure class=\"aligncenter size-full\"><img loading=\"lazy\" decoding=\"async\" width=\"720\" height=\"540\" src=\"https:\/\/corn-machines.com\/wp-content\/uploads\/2025\/08\/corn-sorting-machine.webp\" alt=\"hi\u1ec3n th\u1ecb m\u00e1y ph\u00e2n lo\u1ea1i ng\u00f4\" class=\"wp-image-779\" srcset=\"https:\/\/corn-machines.com\/wp-content\/uploads\/2025\/08\/corn-sorting-machine.webp 720w, https:\/\/corn-machines.com\/wp-content\/uploads\/2025\/08\/corn-sorting-machine-300x225.webp 300w, https:\/\/corn-machines.com\/wp-content\/uploads\/2025\/08\/corn-sorting-machine-16x12.webp 16w\" sizes=\"auto, (max-width: 720px) 100vw, 720px\" \/><figcaption class=\"wp-element-caption\">m\u00e1y ph\u00e2n lo\u1ea1i ng\u00f4<\/figcaption><\/figure> <\/div>   <h2 class=\"wp-block-heading\"><strong>Tr\u01b0\u1eddng h\u1ee3p th\u00e0nh c\u00f4ng c\u1ee7a m\u00e1y l\u00e0m s\u1ea1ch h\u1ea1t ng\u00f4<\/strong><\/h2>    <p class=\"translation-block\"><strong>M\u00e1y l\u00e0m s\u1ea1ch ng\u00f4 FSQDJ-57 \u0111\u00e3 \u0111\u01b0\u1ee3c giao \u0111\u1ebfn Cameroon<\/strong>.<\/p>    <p>Kh\u00e1ch h\u00e0ng \u0111i\u1ec1u h\u00e0nh m\u1ed9t tr\u1ea1m ng\u0169 c\u1ed1c \u1edf Cameroon. Anh \u1ea5y ph\u00e0n n\u00e0n r\u1eb1ng vi\u1ec7c l\u01b0u tr\u1eef ng\u00f4 c\u00f3 t\u1ea1p ch\u1ea5t tr\u1ef1c ti\u1ebfp c\u00f3 th\u1ec3 d\u1ec5 d\u00e0ng d\u1eabn \u0111\u1ebfn n\u1ea5m m\u1ed1c. Vi\u1ec7c lo\u1ea1i b\u1ecf t\u1ea1p ch\u1ea5t kh\u1ecfi ng\u0169 c\u1ed1c b\u1eb1ng tay l\u00e3ng ph\u00ed m\u1ed9t l\u01b0\u1ee3ng th\u1eddi gian v\u00e0 c\u00f4ng s\u1ee9c \u0111\u00e1ng k\u1ec3. Ch\u00fang t\u00f4i \u0111\u00e3 gi\u1edbi thi\u1ec7u m\u00e1y l\u00e0m s\u1ea1ch ng\u0169 c\u1ed1c Taizy cho kh\u00e1ch h\u00e0ng v\u00e0 cung c\u1ea5p cho anh \u1ea5y th\u00f4ng tin chi ti\u1ebft v\u00e0 h\u00ecnh \u1ea3nh. Kh\u00e1ch h\u00e0ng r\u1ea5t h\u00e0i l\u00f2ng v\u00e0 ngay l\u1eadp t\u1ee9c \u0111\u1eb7t h\u00e0ng.<\/p>    <p class=\"translation-block\">Sau khi nh\u1eadn \u0111\u01b0\u1ee3c <strong>m\u00e1y l\u00e0m s\u1ea1ch ng\u00f4<\/strong>, kh\u00e1ch h\u00e0ng \u0111\u00e3 b\u1eaft \u0111\u1ea7u l\u00e0m s\u1ea1ch ng\u00f4 v\u00e0 b\u00e1o c\u00e1o r\u1eb1ng n\u00f3 \u0111\u00e3 gi\u00fap \u0111\u1ee1 \u0111\u00e1ng k\u1ec3. T\u1ea1p ch\u1ea5t \u0111\u00e3 \u0111\u01b0\u1ee3c lo\u1ea1i b\u1ecf ho\u00e0n to\u00e0n, v\u00e0 vi\u1ec7c v\u1eadn h\u00e0nh r\u1ea5t \u0111\u01a1n gi\u1ea3n, gi\u00fap h\u1ecd ti\u1ebft ki\u1ec7m th\u1eddi gian v\u00e0 c\u00f4ng s\u1ee9c.<\/p>   <div class=\"wp-block-image\"> <figure class=\"aligncenter size-full\"><img loading=\"lazy\" decoding=\"async\" width=\"720\" height=\"540\" src=\"https:\/\/corn-machines.com\/wp-content\/uploads\/2025\/08\/corn-cleaning-machine-factory.webp\" alt=\"nh\u00e0 m\u00e1y s\u1ea3n xu\u1ea5t m\u00e1y l\u00e0m s\u1ea1ch ng\u00f4\" class=\"wp-image-780\" srcset=\"https:\/\/corn-machines.com\/wp-content\/uploads\/2025\/08\/corn-cleaning-machine-factory.webp 720w, https:\/\/corn-machines.com\/wp-content\/uploads\/2025\/08\/corn-cleaning-machine-factory-300x225.webp 300w, https:\/\/corn-machines.com\/wp-content\/uploads\/2025\/08\/corn-cleaning-machine-factory-16x12.webp 16w\" sizes=\"auto, (max-width: 720px) 100vw, 720px\" \/><figcaption class=\"wp-element-caption\">m\u00e1y l\u00e0m s\u1ea1ch ng\u00f4 <\/figcaption><\/figure> <\/div>   <h2 class=\"wp-block-heading\"><strong>V\u1ec1 c\u00f4ng ty ch\u00fang t\u00f4i<\/strong><\/h2>    <p class=\"translation-block\">L\u00e0 m\u1ed9t nh\u00e0 cung c\u1ea5p \u0111\u00e1ng tin c\u1eady c\u1ee7a thi\u1ebft b\u1ecb s\u1ea3n xu\u1ea5t n\u00f4ng nghi\u1ec7p, c\u00f4ng ty ch\u00fang t\u00f4i cung c\u1ea5p thi\u1ebft b\u1ecb cho to\u00e0n b\u1ed9 ng\u00e0nh c\u00f4ng nghi\u1ec7p ng\u00f4 v\u00e0 ng\u0169 c\u1ed1c. Ch\u00fang t\u00f4i li\u00ean t\u1ee5c cung c\u1ea5p cho kh\u00e1ch h\u00e0ng tr\u00ean to\u00e0n th\u1ebf gi\u1edbi c\u00e1c gi\u1ea3i ph\u00e1p kh\u1ea3 thi b\u1eb1ng c\u00e1ch s\u1eed d\u1ee5ng thi\u1ebft b\u1ecb t\u1ed1t nh\u1ea5t v\u00e0 d\u1ecbch v\u1ee5 \u0111\u1ea3m b\u1ea3o, gi\u1ea3i quy\u1ebft nhi\u1ec1u th\u00e1ch th\u1ee9c trong s\u1ea3n xu\u1ea5t. Thi\u1ebft b\u1ecb c\u1ee7a ch\u00fang t\u00f4i, ch\u1eb3ng h\u1ea1n nh\u01b0 <strong>m\u00e1y l\u00e0m s\u1ea1ch ng\u00f4<\/strong> v\u00e0 m\u00e1y gieo ng\u00f4, c\u00f3 c\u00f4ng ngh\u1ec7 ti\u00ean ti\u1ebfn t\u1ea1i Trung Qu\u1ed1c. N\u1ebfu b\u1ea1n quan t\u00e2m \u0111\u1ebfn thi\u1ebft b\u1ecb c\u1ee7a ch\u00fang t\u00f4i, vui l\u00f2ng li\u00ean h\u1ec7 v\u1edbi ch\u00fang t\u00f4i v\u00e0 ch\u00fang t\u00f4i s\u1ebd cung c\u1ea5p cho b\u1ea1n d\u1ecbch v\u1ee5 v\u00e0 thi\u1ebft b\u1ecb t\u1ed1t nh\u1ea5t!<\/p>","protected":false},"excerpt":{"rendered":"<p>B\u00e0i vi\u1ebft n\u00e0y ch\u1ee7 y\u1ebfu gi\u1edbi thi\u1ec7u m\u00e1y l\u00e0m s\u1ea1ch ng\u00f4. N\u00f3 bao g\u1ed3m c\u1ea5u tr\u00fac, \u01b0u \u0111i\u1ec3m, \u1ee9ng d\u1ee5ng, v.v. M\u00e1y l\u00e0m s\u1ea1ch ng\u00f4 n\u00e0y \u0111\u01b0\u1ee3c kh\u00e1ch h\u00e0ng \u1edf c\u00e1c v\u00f9ng kh\u00e1c nhau y\u00eau th\u00edch nh\u1edd nh\u1eefng \u01b0u \u0111i\u1ec3m tuy\u1ec7t v\u1eddi v\u00e0 mang l\u1ea1i cho h\u1ecd s\u1ef1 gi\u00fap \u0111\u1ee1 to l\u1edbn.<\/p>","protected":false},"author":1,"featured_media":772,"parent":0,"template":"","tags":[42,64,61,57],"product-type":[65],"class_list":["post-771","product","type-product","status-publish","has-post-thumbnail","hentry","tag-corn","tag-corn-cleaning","tag-millet","tag-wheat","product-type-corn-cleaning-machine"],"_links":{"self":[{"href":"https:\/\/corn-machines.com\/vi\/wp-json\/wp\/v2\/product\/771","targetHints":{"allow":["GET"]}}],"collection":[{"href":"https:\/\/corn-machines.com\/vi\/wp-json\/wp\/v2\/product"}],"about":[{"href":"https:\/\/corn-machines.com\/vi\/wp-json\/wp\/v2\/types\/product"}],"author":[{"embeddable":true,"href":"https:\/\/corn-machines.com\/vi\/wp-json\/wp\/v2\/users\/1"}],"wp:featuredmedia":[{"embeddable":true,"href":"https:\/\/corn-machines.com\/vi\/wp-json\/wp\/v2\/media\/772"}],"wp:attachment":[{"href":"https:\/\/corn-machines.com\/vi\/wp-json\/wp\/v2\/media?parent=771"}],"wp:term":[{"taxonomy":"post_tag","embeddable":true,"href":"https:\/\/corn-machines.com\/vi\/wp-json\/wp\/v2\/tags?post=771"},{"taxonomy":"product-type","embeddable":true,"href":"https:\/\/corn-machines.com\/vi\/wp-json\/wp\/v2\/product-type?post=771"}],"curies":[{"name":"wp","href":"https:\/\/api.w.org\/{rel}","templated":true}]}}