{"id":76,"date":"2022-09-07T03:13:08","date_gmt":"2022-09-07T03:13:08","guid":{"rendered":"https:\/\/corn-machines.com\/?post_type=product&#038;p=76"},"modified":"2024-01-05T17:32:15","modified_gmt":"2024-01-05T09:32:15","slug":"small-corn-seeding-machine","status":"publish","type":"product","link":"https:\/\/corn-machines.com\/vi\/product\/small-corn-seeding-machine\/","title":{"rendered":"M\u00e1y gieo h\u1ea1t ng\u00f4 nh\u1ecf | M\u00e1y gieo h\u1ea1t ng\u00f4 c\u1ea7m tay"},"content":{"rendered":"<p>M\u00e1y gieo h\u1ea1t ng\u00f4 nh\u1ecf l\u00e0 m\u1ed9t lo\u1ea1i m\u00e1y s\u1ea3n xu\u1ea5t n\u00f4ng nghi\u1ec7p d\u00f9ng \u0111\u1ec3 tr\u1ed3ng ng\u00f4. B\u1eb1ng c\u00e1ch s\u1eed d\u1ee5ng m\u00e1y tr\u1ed3ng, t\u1ef7 l\u1ec7 n\u1ea3y m\u1ea7m c\u1ee7a ng\u00f4 v\u00e0 s\u1ef1 s\u1eafp x\u1ebfp ng\u00f4 c\u00f3 tr\u1eadt t\u1ef1 \u0111\u01b0\u1ee3c c\u1ea3i thi\u1ec7n. <\/p>    <p class=\"translation-block\">M\u00e1y gieo h\u1ea1t ng\u00f4 n\u00e0y l\u00e0 m\u1ed9t m\u00e1y gieo ng\u00f4 nh\u1ecf v\u00e0 l\u00e0 m\u1ed9t m\u00e1y gieo h\u1ea1t ng\u00f4 b\u00e1n t\u1ef1 \u0111\u1ed9ng. Ch\u00fang t\u00f4i c\u0169ng c\u00f3 <a href=\"https:\/\/corn-machines.com\/vi\/product\/automated-corn-sowing-machine\/\">m\u00e1y gieo ng\u00f4 ho\u00e0n to\u00e0n t\u1ef1 \u0111\u1ed9ng<\/a> c\u00f3 s\u1eb5n. <\/p>    <p>M\u00e1y gieo h\u1ea1t ng\u00f4 c\u1ea7m tay l\u00e0 m\u1ed9t trong nh\u1eefng lo\u1ea1i m\u00e1y \u0111\u01b0\u1ee3c \u01b0a chu\u1ed9ng s\u1eed d\u1ee5ng cho m\u00e1y s\u1ea3n xu\u1ea5t n\u00f4ng nghi\u1ec7p gia \u0111\u00ecnh v\u00ec gi\u00e1 th\u00e0nh ph\u1ea3i ch\u0103ng.<\/p>    <figure class=\"wp-block-embed is-type-video is-provider-youtube wp-block-embed-youtube wp-embed-aspect-16-9 wp-has-aspect-ratio\"><div class=\"wp-block-embed__wrapper\"> <iframe loading=\"lazy\" title=\"N\u00f4ng nghi\u1ec7p th\u00e2n thi\u1ec7n v\u1edbi ng\u00e2n s\u00e1ch: Kh\u00e1m ph\u00e1 kh\u1ea3 n\u0103ng chi tr\u1ea3 c\u1ee7a m\u00e1y gieo h\u1ea1t ng\u00f4 \u0111\u1ea9y tay #corn #maize\" width=\"500\" height=\"281\" src=\"https:\/\/www.youtube.com\/embed\/fpNdordty5E?start=56&#038;feature=oembed\" frameborder=\"0\" allow=\"accelerometer; autoplay; clipboard-write; encrypted-media; gyroscope; picture-in-picture; web-share\" referrerpolicy=\"strict-origin-when-cross-origin\" allowfullscreen><\/iframe> <\/div><figcaption class=\"wp-element-caption\">video ho\u1ea1t \u0111\u1ed9ng c\u1ee7a m\u00e1y gieo h\u1ea1t ng\u00f4<\/figcaption><\/figure>    <h2 class=\"wp-block-heading\" id=\"h-the-function-of-small-corn-seeding-machine\">Ch\u1ee9c n\u0103ng c\u1ee7a m\u00e1y gieo h\u1ea1t ng\u00f4 nh\u1ecf<\/h2>    <p class=\"translation-block\">Ba m\u00e1y gieo h\u1ea1t ng\u00f4 c\u1ea7m tay b\u00e1n t\u1ef1 \u0111\u1ed9ng n\u00e0y c\u00f3 th\u1ec3 gieo c\u00e1c lo\u1ea1i h\u1ea1t nh\u01b0 ng\u00f4, l\u00faa m\u00ec, sorghum, \u0111\u1eadu n\u00e0nh, v.v. Ngo\u00e0i vi\u1ec7c gieo h\u1ea1t, ch\u00fang c\u0169ng c\u00f3 th\u1ec3 <a href=\"https:\/\/en.wikipedia.org\/wiki\/Fertilizer\" target=\"_blank\" rel=\"noopener\">b\u00f3n ph\u00e2n<\/a>.<\/p>    <p>\u0110i\u1ec1u \u0111\u00e1ng ch\u00fa \u00fd l\u00e0 kh\u00f4ng th\u1ec3 gieo h\u1ea1t v\u00e0 b\u00f3n ph\u00e2n c\u00f9ng m\u1ed9t l\u00fac, v\u00ec h\u1ea1t v\u1eeba n\u1ea3y m\u1ea7m qu\u00e1 m\u1ec1m, b\u00f3n qu\u00e1 nhi\u1ec1u ph\u00e2n c\u00f3 th\u1ec3 \u1ea3nh h\u01b0\u1edfng \u0111\u1ebfn s\u1ef1 ph\u00e1t tri\u1ec3n c\u1ee7a ng\u00f4, nh\u1eefng ng\u01b0\u1eddi tr\u1ed3ng ng\u00f4 c\u00f3 kinh nghi\u1ec7m c\u0169ng \u0111\u00e3 quen v\u1edbi \u0111i\u1ec1u n\u00e0y.<\/p>    <figure class=\"wp-block-image size-full\"><img loading=\"lazy\" decoding=\"async\" width=\"720\" height=\"540\" src=\"https:\/\/corn-machines.com\/wp-content\/uploads\/2022\/09\/corn-planter.webp\" alt=\"ng\u01b0\u1eddi tr\u1ed3ng ng\u00f4\" class=\"wp-image-81\" srcset=\"https:\/\/corn-machines.com\/wp-content\/uploads\/2022\/09\/corn-planter.webp 720w, https:\/\/corn-machines.com\/wp-content\/uploads\/2022\/09\/corn-planter-300x225.webp 300w\" sizes=\"auto, (max-width: 720px) 100vw, 720px\" \/><figcaption class=\"wp-element-caption\">C\u1ea7n b\u00e1n m\u00e1y tr\u1ed3ng ng\u00f4<\/figcaption><\/figure>    <h2 class=\"wp-block-heading\" id=\"h-type-one-one-row-corn-planter\">Lo\u1ea1i 1: m\u00e1y tr\u1ed3ng ng\u00f4 m\u1ed9t h\u00e0ng<\/h2>    <figure class=\"wp-block-image size-full\"><img loading=\"lazy\" decoding=\"async\" width=\"720\" height=\"540\" src=\"https:\/\/corn-machines.com\/wp-content\/uploads\/2022\/09\/corn-seeding-machine-1.webp\" alt=\"m\u00e1y gieo h\u1ea1t ng\u00f4\" class=\"wp-image-82\" srcset=\"https:\/\/corn-machines.com\/wp-content\/uploads\/2022\/09\/corn-seeding-machine-1.webp 720w, https:\/\/corn-machines.com\/wp-content\/uploads\/2022\/09\/corn-seeding-machine-1-300x225.webp 300w\" sizes=\"auto, (max-width: 720px) 100vw, 720px\" \/><figcaption class=\"wp-element-caption\">m\u00e1y gieo h\u1ea1t ng\u00f4 gi\u00e1 t\u1ed1t<\/figcaption><\/figure>    <p>M\u00e1y tr\u1ed3ng ng\u00f4 m\u1ed9t h\u00e0ng, lo\u1ea1i m\u00e1y n\u00e0y t\u01b0\u01a1ng \u0111\u1ed1i nh\u1ecf, ngo\u00e0i ra c\u0169ng t\u01b0\u01a1ng \u0111\u1ed1i nh\u1eb9, c\u00f3 th\u1ec3 \u0111\u1ea9y th\u1eb3ng v\u00e0o \u0111\u1ea5t n\u00f4ng nghi\u1ec7p, c\u00f3 th\u1ec3 \u0111\u1eb7t l\u00ean xe v\u00e0 k\u00e9o tr\u1ef1c ti\u1ebfp. d\u1ec5 s\u1eed d\u1ee5ng. N\u0103ng su\u1ea5t trung b\u00ecnh l\u00e0 0,5 m\u1eabu Anh\/gi\u1edd.<\/p>    <h3 class=\"wp-block-heading\" id=\"h-one-row-corn-planter-parameter\">Th\u00f4ng s\u1ed1 m\u00e1y tr\u1ed3ng ng\u00f4 m\u1ed9t h\u00e0ng<\/h3>    <figure class=\"wp-block-image size-full\"><img loading=\"lazy\" decoding=\"async\" width=\"720\" height=\"540\" src=\"https:\/\/corn-machines.com\/wp-content\/uploads\/2022\/09\/corn-seeder.webp\" alt=\"m\u00e1y gieo h\u1ea1t ng\u00f4\" class=\"wp-image-83\" srcset=\"https:\/\/corn-machines.com\/wp-content\/uploads\/2022\/09\/corn-seeder.webp 720w, https:\/\/corn-machines.com\/wp-content\/uploads\/2022\/09\/corn-seeder-300x225.webp 300w\" sizes=\"auto, (max-width: 720px) 100vw, 720px\" \/><figcaption class=\"wp-element-caption\">m\u00e1y gieo h\u1ea1t ng\u00f4<\/figcaption><\/figure>    <figure class=\"wp-block-table\"><table><tbody><tr><td>T\u00ean<\/td><td>M\u00e1y gieo h\u1ea1t<\/td><\/tr><tr><td>Ng\u01b0\u1eddi m\u1eabu<\/td><td>TZY-100<\/td><\/tr><tr><td>Dung t\u00edch<\/td><td>0,5 m\u1eabu Anh \/ gi\u1edd<\/td><\/tr><tr><td>K\u00edch c\u1ee1<\/td><td>1370*420*900<\/td><\/tr><tr><td>C\u00e2n n\u1eb7ng<\/td><td>12kg<\/td><\/tr><\/tbody><\/table><figcaption class=\"wp-element-caption\">th\u00f4ng s\u1ed1 tr\u1ed3ng ng\u00f4 m\u1ed9t h\u00e0ng<\/figcaption><\/figure>    <h3 class=\"wp-block-heading\" id=\"h-how-to-use-a-one-row-corn-planter\">L\u00e0m th\u1ebf n\u00e0o \u0111\u1ec3 s\u1eed d\u1ee5ng m\u00e1y tr\u1ed3ng ng\u00f4 m\u1ed9t h\u00e0ng?<\/h3>    <figure class=\"wp-block-image size-full\"><img loading=\"lazy\" decoding=\"async\" width=\"720\" height=\"540\" src=\"https:\/\/corn-machines.com\/wp-content\/uploads\/2022\/09\/Corn-planter-structure.webp\" alt=\"C\u1ea5u tr\u00fac m\u00e1y tr\u1ed3ng ng\u00f4\" class=\"wp-image-84\" srcset=\"https:\/\/corn-machines.com\/wp-content\/uploads\/2022\/09\/Corn-planter-structure.webp 720w, https:\/\/corn-machines.com\/wp-content\/uploads\/2022\/09\/Corn-planter-structure-300x225.webp 300w\" sizes=\"auto, (max-width: 720px) 100vw, 720px\" \/><figcaption class=\"wp-element-caption\">C\u1ea5u t\u1ea1o m\u00e1y tr\u1ed3ng ng\u00f4 c\u1ea7m tay<\/figcaption><\/figure>    <p>Do s\u1ee9c c\u1ea3n c\u1ee7a \u0111\u1ea5t khi tr\u1ed3ng c\u00e2y n\u00ean hai ng\u01b0\u1eddi s\u1ebd thao t\u00e1c d\u1ec5 d\u00e0ng h\u01a1n. M\u1ed9t ng\u01b0\u1eddi \u0111\u1ea9y t\u1eeb ph\u00eda sau v\u00e0 ng\u01b0\u1eddi kia k\u00e9o t\u1eeb ph\u00eda tr\u01b0\u1edbc. \u0110\u1ed9 s\u00e2u gieo h\u1ea1t v\u00e0 kho\u1ea3ng c\u00e1ch gieo h\u1ea1t \u0111\u01b0\u1ee3c \u0111i\u1ec1u khi\u1ec3n th\u1ee7 c\u00f4ng. <\/p>    <p>M\u00e1y tr\u1ed3ng ng\u00f4 c\u00f3 hai b\u00e1nh, m\u1ed9t b\u00e1nh l\u1edbn, m\u1ed9t b\u00e1nh nh\u1ecf. B\u00e1nh xe l\u1edbn c\u00f3 nhi\u1ec7m v\u1ee5 di chuy\u1ec3n v\u1ec1 ph\u00eda tr\u01b0\u1edbc, b\u00e1nh xe nh\u1ecf c\u00f2n l\u1ea1i ph\u1ee7 \u0111\u1ea5t l\u00ean h\u1ea1t \u0111\u00e3 gieo.<\/p>    <figure class=\"wp-block-embed is-type-video is-provider-youtube wp-block-embed-youtube wp-embed-aspect-16-9 wp-has-aspect-ratio\"><div class=\"wp-block-embed__wrapper\"> <iframe loading=\"lazy\" title=\"M\u00e1y tr\u1ed3ng ng\u00f4 \u0111\u1eadu ph\u1ed9ng nh\u1ecf | m\u00e1y gieo h\u1ea1t ng\u00f4 | m\u00e1y gieo h\u1ea1t l\u1ea1c | m\u00e1y gieo h\u1ea1t ng\u00f4 c\u1ea7m tay\" width=\"500\" height=\"281\" src=\"https:\/\/www.youtube.com\/embed\/Kk85uepTKMg?feature=oembed\" frameborder=\"0\" allow=\"accelerometer; autoplay; clipboard-write; encrypted-media; gyroscope; picture-in-picture; web-share\" referrerpolicy=\"strict-origin-when-cross-origin\" allowfullscreen><\/iframe> <\/div><figcaption class=\"wp-element-caption\">m\u00e1y gieo h\u1ea1t ng\u00f4 \u0111\u1eadu ph\u1ed9ng<\/figcaption><\/figure>    <h2 class=\"wp-block-heading\" id=\"h-type-two-duckbill-corn-seeding-machine\">Lo\u1ea1i 2: M\u00e1y gieo h\u1ea1t ng\u00f4 m\u1ecf v\u1ecbt<\/h2>    <figure class=\"wp-block-image size-full\"><img loading=\"lazy\" decoding=\"async\" width=\"720\" height=\"540\" src=\"https:\/\/corn-machines.com\/wp-content\/uploads\/2022\/09\/duckbill-corn-seeding-machine.webp\" alt=\"m\u00e1y gieo h\u1ea1t ng\u00f4 m\u1ecf v\u1ecbt\" class=\"wp-image-85\" srcset=\"https:\/\/corn-machines.com\/wp-content\/uploads\/2022\/09\/duckbill-corn-seeding-machine.webp 720w, https:\/\/corn-machines.com\/wp-content\/uploads\/2022\/09\/duckbill-corn-seeding-machine-300x225.webp 300w\" sizes=\"auto, (max-width: 720px) 100vw, 720px\" \/><figcaption class=\"wp-element-caption\">m\u00e1y gieo h\u1ea1t ng\u00f4 m\u1ecf v\u1ecbt<\/figcaption><\/figure>    <p>H\u00ecnh d\u00e1ng c\u1ee7a chi\u1ebfc m\u00e1y gieo h\u1ea1t ng\u00f4 m\u1ecf v\u1ecbt n\u00e0y t\u01b0\u01a1ng \u0111\u1ed1i \u0111\u1ed9c \u0111\u00e1o. C\u00f3 nhi\u1ec1u l\u1ed7 gieo h\u1ea1t t\u01b0\u01a1ng t\u1ef1 nh\u01b0 m\u1ecf v\u1ecbt. C\u00e0ng h\u1edf nhi\u1ec1u th\u00ec kho\u1ea3ng c\u00e1ch gieo h\u1ea1t c\u00e0ng g\u1ea7n n\u00ean kho\u1ea3ng c\u00e1ch gieo h\u1ea1t c\u0169ng c\u00f3 th\u1ec3 \u0111i\u1ec1u ch\u1ec9nh \u0111\u01b0\u1ee3c. <\/p>    <p>\u0110\u1ed9 s\u00e2u gieo h\u1ea1t c\u1ee7a m\u00e1y gieo h\u1ea1t l\u00e0 3,5-7,8 cm. N\u00f3 c\u00f3 th\u1ec3 \u0111\u01b0\u1ee3c v\u1eadn h\u00e0nh b\u1edfi m\u1ed9t ng\u01b0\u1eddi, trung b\u00ecnh m\u1ed7i ng\u00e0y c\u00f3 th\u1ec3 tr\u1ed3ng 6-8 mu, hi\u1ec7u qu\u1ea3 c\u00f4ng vi\u1ec7c cao. M\u1ed9t ng\u01b0\u1eddi v\u00e0 m\u1ed9t m\u00e1y c\u00f3 th\u1ec3 gieo 6-8 m\u1eabu m\u1ed7i ng\u00e0y<\/p>    <h3 class=\"wp-block-heading\" id=\"h-duckbill-corn-seeding-machine-parameters\">Th\u00f4ng s\u1ed1 m\u00e1y gieo h\u1ea1t ng\u00f4 Duckbill<\/h3>    <figure class=\"wp-block-image size-full\"><img loading=\"lazy\" decoding=\"async\" width=\"720\" height=\"540\" src=\"https:\/\/corn-machines.com\/wp-content\/uploads\/2022\/09\/corn-seeding-machine-structure.webp\" alt=\"c\u1ea5u t\u1ea1o m\u00e1y gieo h\u1ea1t ng\u00f4\" class=\"wp-image-86\" srcset=\"https:\/\/corn-machines.com\/wp-content\/uploads\/2022\/09\/corn-seeding-machine-structure.webp 720w, https:\/\/corn-machines.com\/wp-content\/uploads\/2022\/09\/corn-seeding-machine-structure-300x225.webp 300w\" sizes=\"auto, (max-width: 720px) 100vw, 720px\" \/><figcaption class=\"wp-element-caption\">C\u1ea5u t\u1ea1o m\u00e1y gieo h\u1ea1t ng\u00f4 c\u00f4ng nghi\u1ec7p<\/figcaption><\/figure>    <figure class=\"wp-block-table\"><table><tbody><tr><td>\u0110\u1ed9 s\u00e2u gieo h\u1ea1t<\/td><td>3,5-7,8cm<\/td><\/tr><tr><td>S\u1ed1 l\u01b0\u1ee3ng gieo h\u1ea1t<\/td><td>1-3 chi\u1ebfc, c\u00f3 th\u1ec3 \u0111i\u1ec1u ch\u1ec9nh<\/td><\/tr><tr><td>m\u1ecf v\u1ecbt<\/td><td>T\u1ed1i \u0111a. 12 chi\u1ebfc<\/td><\/tr><tr><td>C\u00e2n n\u1eb7ng<\/td><td>11 kg<\/td><\/tr><tr><td>K\u00edch th\u01b0\u1edbc \u0111\u00f3ng g\u00f3i<\/td><td>58*58*25\u00a0mm<\/td><\/tr><\/tbody><\/table><figcaption class=\"wp-element-caption\">Th\u00f4ng s\u1ed1 m\u00e1y gieo h\u1ea1t ng\u00f4 m\u1ecf v\u1ecbt<\/figcaption><\/figure>    <h2 class=\"wp-block-heading\" id=\"h-type-three-gasoline-hand-push-planter\">Lo\u1ea1i 3: M\u00e1y tr\u1ed3ng c\u00e2y \u0111\u1ea9y tay ch\u1ea1y x\u0103ng<\/h2>    <figure class=\"wp-block-image size-full\"><img loading=\"lazy\" decoding=\"async\" width=\"720\" height=\"540\" src=\"https:\/\/corn-machines.com\/wp-content\/uploads\/2022\/09\/gasoline-hand-push-planter.webp\" alt=\"m\u00e1y tr\u1ed3ng c\u00e2y \u0111\u1ea9y tay ch\u1ea1y x\u0103ng\" class=\"wp-image-87\" srcset=\"https:\/\/corn-machines.com\/wp-content\/uploads\/2022\/09\/gasoline-hand-push-planter.webp 720w, https:\/\/corn-machines.com\/wp-content\/uploads\/2022\/09\/gasoline-hand-push-planter-300x225.webp 300w\" sizes=\"auto, (max-width: 720px) 100vw, 720px\" \/><figcaption class=\"wp-element-caption\">m\u00e1y tr\u1ed3ng c\u00e2y \u0111\u1ea9y tay ch\u1ea1y x\u0103ng<\/figcaption><\/figure>    <p>M\u00e1y tr\u1ed3ng c\u00e2y \u0111\u1ea9y tay ch\u1ea1y x\u0103ng ti\u1ebft ki\u1ec7m th\u1eddi gian v\u00e0 nh\u00e2n c\u00f4ng h\u01a1n hai lo\u1ea1i m\u00e1y c\u1ea7m tay \u0111\u1ea7u ti\u00ean, c\u00f3 k\u1ebft c\u1ea5u \u0111\u01a1n gi\u1ea3n, gi\u00e1 th\u00e0nh h\u1ee3p l\u00fd. <\/p>    <p>Ngay c\u1ea3 m\u1ed9t di\u1ec7n t\u00edch tr\u1ed3ng tr\u1ecdt nh\u1ecf c\u0169ng c\u00f3 th\u1ec3 \u0111\u01b0\u1ee3c v\u1eadn h\u00e0nh, \u00edt b\u1ecb h\u1ea1n ch\u1ebf b\u1edfi \u0111i\u1ec1u ki\u1ec7n \u0111\u1ecba h\u00ecnh. N\u00f3 c\u00f3 th\u1ec3 \u0111\u01b0\u1ee3c \u00e1p d\u1ee5ng cho c\u00e1c lo\u1ea1i \u0111\u1ea5t kh\u00e1c nhau nh\u01b0 \u0111\u1ed3ng b\u1eb1ng, n\u00fai v\u00e0 \u0111\u1ed3i.<\/p>    <h3 class=\"wp-block-heading\" id=\"h-the-structure-of-the-gasoline-hand-push-planter\">C\u1ea5u t\u1ea1o c\u1ee7a m\u00e1y tr\u1ed3ng c\u00e2y \u0111\u1ea9y tay ch\u1ea1y x\u0103ng<\/h3>    <p>Tay \u0111i\u1ec1u khi\u1ec3n ga, phanh tay, tay \u0111\u1ea9y, h\u1ed9p gieo h\u1ea1t, \u0111\u0129a gieo h\u1ea1t m\u1ecbn, l\u00f2 xo x\u00edch, l\u00f2 xo s\u00e2u v\u00e0 n\u00f4ng, b\u00e1nh xe cao su ph\u00eda sau, khung, g\u00f3c gieo h\u1ea1t d\u01b0\u1edbi, b\u00ecnh x\u0103ng, h\u1ed9p \u0111ai, b\u00e1nh s\u1eaft ph\u00eda tr\u01b0\u1edbc. <\/p>    <p>M\u00e1y tr\u1ed3ng ng\u00f4 ch\u1ea1y x\u0103ng c\u00f3 c\u1ea5u tr\u00fac \u0111\u01a1n gi\u1ea3n, hi\u1ec7u qu\u1ea3 l\u00e0m vi\u1ec7c cao v\u00e0 kh\u1ea3 n\u0103ng \u0111i\u1ec1u khi\u1ec3n m\u1ea1nh m\u1ebd. H\u01b0\u1edbng c\u00f3 th\u1ec3 \u0111\u01b0\u1ee3c \u0111i\u1ec1u khi\u1ec3n b\u1eb1ng tay c\u1ea7m v\u00e0 n\u00f3 c\u0169ng c\u00f3 c\u00e1c c\u1ea5u tr\u00fac nh\u01b0 phanh tay.<\/p>    <figure class=\"wp-block-gallery has-nested-images columns-default is-cropped wp-block-gallery-2 is-layout-flex wp-block-gallery-is-layout-flex\"> <figure class=\"wp-block-image size-large\"><img loading=\"lazy\" decoding=\"async\" width=\"720\" height=\"540\" data-id=\"88\" src=\"https:\/\/corn-machines.com\/wp-content\/uploads\/2022\/09\/wheel-of-the-gasoline-hand-push-planter.webp\" alt=\"b\u00e1nh xe c\u1ee7a m\u00e1y tr\u1ed3ng c\u00e2y \u0111\u1ea9y tay ch\u1ea1y x\u0103ng\" class=\"wp-image-88\" srcset=\"https:\/\/corn-machines.com\/wp-content\/uploads\/2022\/09\/wheel-of-the-gasoline-hand-push-planter.webp 720w, https:\/\/corn-machines.com\/wp-content\/uploads\/2022\/09\/wheel-of-the-gasoline-hand-push-planter-300x225.webp 300w\" sizes=\"auto, (max-width: 720px) 100vw, 720px\" \/><figcaption class=\"wp-element-caption\">b\u00e1nh xe c\u1ee7a m\u00e1y tr\u1ed3ng ng\u00f4 \u0111\u1ea9y tay ch\u1ea1y x\u0103ng<\/figcaption><\/figure>    <figure class=\"wp-block-image size-large\"><img loading=\"lazy\" decoding=\"async\" width=\"720\" height=\"540\" data-id=\"89\" src=\"https:\/\/corn-machines.com\/wp-content\/uploads\/2022\/09\/planter-engine.webp\" alt=\"\u0111\u1ed9ng c\u01a1 tr\u1ed3ng c\u00e2y\" class=\"wp-image-89\" srcset=\"https:\/\/corn-machines.com\/wp-content\/uploads\/2022\/09\/planter-engine.webp 720w, https:\/\/corn-machines.com\/wp-content\/uploads\/2022\/09\/planter-engine-300x225.webp 300w\" sizes=\"auto, (max-width: 720px) 100vw, 720px\" \/><figcaption class=\"wp-element-caption\">\u0111\u1ed9ng c\u01a1 tr\u1ed3ng c\u00e2y<\/figcaption><\/figure>    <figure class=\"wp-block-image size-large\"><img loading=\"lazy\" decoding=\"async\" width=\"720\" height=\"540\" data-id=\"90\" src=\"https:\/\/corn-machines.com\/wp-content\/uploads\/2022\/09\/Seed-funnel-for-planter.webp\" alt=\"Ph\u1ec5u gieo h\u1ea1t cho ch\u1eadu tr\u1ed3ng c\u00e2y\" class=\"wp-image-90\" srcset=\"https:\/\/corn-machines.com\/wp-content\/uploads\/2022\/09\/Seed-funnel-for-planter.webp 720w, https:\/\/corn-machines.com\/wp-content\/uploads\/2022\/09\/Seed-funnel-for-planter-300x225.webp 300w\" sizes=\"auto, (max-width: 720px) 100vw, 720px\" \/><figcaption class=\"wp-element-caption\">m\u00e1y gieo h\u1ea1t ng\u00f4<\/figcaption><\/figure> <\/figure>    <h2 class=\"wp-block-heading\" id=\"h-advantages-of-gasoline-hand-push-planter\">\u01afu \u0111i\u1ec3m c\u1ee7a m\u00e1y tr\u1ed3ng c\u00e2y \u0111\u1ea9y tay ch\u1ea1y x\u0103ng<\/h2>    <ol class=\"wp-block-list\"> <li><strong>Gi\u00e1 c\u1ea3 ph\u1ea3i ch\u0103ng:<\/strong> M\u00e1y tr\u1ed3ng c\u00e2y \u0111\u1ea9y tay th\u01b0\u1eddng c\u00f3 gi\u00e1 c\u1ea3 ph\u1ea3i ch\u0103ng h\u01a1n so v\u1edbi m\u00e1y tr\u1ed3ng c\u00e2y c\u00f3 \u0111\u1ed9ng c\u01a1 l\u1edbn h\u01a1n. \u0110i\u1ec1u n\u00e0y gi\u00fap n\u00f4ng d\u00e2n quy m\u00f4 nh\u1ecf c\u00f3 th\u1ec3 ti\u1ebfp c\u1eadn \u0111\u01b0\u1ee3c v\u1edbi ng\u00e2n s\u00e1ch h\u1ea1n ch\u1ebf, cung c\u1ea5p gi\u1ea3i ph\u00e1p ti\u1ebft ki\u1ec7m chi ph\u00ed cho nhu c\u1ea7u tr\u1ed3ng tr\u1ecdt.<\/li>    <li><strong>\u0110\u01a1n gi\u1ea3n v\u00e0 d\u1ec5 s\u1eed d\u1ee5ng:<\/strong> Nh\u1eefng m\u00e1y tr\u1ed3ng c\u00e2y n\u00e0y \u0111\u01b0\u1ee3c thi\u1ebft k\u1ebf v\u1edbi m\u1ee5c \u0111\u00edch \u0111\u01a1n gi\u1ea3n, gi\u00fap ch\u00fang d\u1ec5 s\u1eed d\u1ee5ng, ngay c\u1ea3 \u0111\u1ed1i v\u1edbi nh\u1eefng c\u00e1 nh\u00e2n kh\u00f4ng c\u00f3 nhi\u1ec1u kinh nghi\u1ec7m v\u1ec1 m\u00e1y m\u00f3c n\u00f4ng nghi\u1ec7p. C\u1ea7n \u0111\u00e0o t\u1ea1o t\u1ed1i thi\u1ec3u, cho ph\u00e9p n\u00f4ng d\u00e2n nhanh ch\u00f3ng \u00e1p d\u1ee5ng v\u00e0 t\u00edch h\u1ee3p ch\u00fang v\u00e0o quy tr\u00ecnh tr\u1ed3ng tr\u1ecdt c\u1ee7a h\u1ecd.<\/li>    <li><strong>T\u00ednh di \u0111\u1ed9ng:<\/strong> M\u00e1y tr\u1ed3ng c\u00e2y \u0111\u1ea9y tay r\u1ea5t nh\u1eb9 v\u00e0 di \u0111\u1ed9ng, cho ph\u00e9p n\u00f4ng d\u00e2n d\u1ec5 d\u00e0ng di chuy\u1ec3n ch\u00fang quanh ru\u1ed9ng. T\u00ednh di \u0111\u1ed9ng n\u00e0y thu\u1eadn l\u1ee3i \u1edf nh\u1eefng khu v\u1ef1c c\u00f3 \u0111\u1ecba h\u00ecnh kh\u00f4ng b\u1eb1ng ph\u1eb3ng ho\u1eb7c nh\u1eefng khu \u0111\u1ea5t nh\u1ecf, n\u01a1i vi\u1ec7c \u0111i\u1ec1u khi\u1ec3n m\u00e1y m\u00f3c l\u1edbn h\u01a1n c\u00f3 th\u1ec3 g\u1eb7p kh\u00f3 kh\u0103n.<\/li>    <li><strong>Tr\u1ed3ng ch\u00ednh x\u00e1c:<\/strong> M\u1eb7c d\u00f9 \u0111\u01b0\u1ee3c v\u1eadn h\u00e0nh th\u1ee7 c\u00f4ng nh\u01b0ng m\u00e1y tr\u1ed3ng c\u00e2y \u0111\u1ea9y tay c\u00f3 th\u1ec3 mang l\u1ea1i m\u1ee9c \u0111\u1ed9 ch\u00ednh x\u00e1c cao trong vi\u1ec7c \u0111\u1eb7t h\u1ea1t gi\u1ed1ng. \u0110i\u1ec1u n\u00e0y r\u1ea5t c\u1ea7n thi\u1ebft \u0111\u1ec3 t\u1ed1i \u01b0u h\u00f3a s\u1ef1 ph\u00e1t tri\u1ec3n c\u1ee7a c\u00e2y tr\u1ed3ng, \u0111\u1ea3m b\u1ea3o s\u1eed d\u1ee5ng h\u1ea1t gi\u1ed1ng hi\u1ec7u qu\u1ea3 v\u00e0 t\u1ed1i \u0111a h\u00f3a n\u0103ng su\u1ea5t c\u00e2y tr\u1ed3ng.<\/li> <\/ol>    <figure class=\"wp-block-image size-full\"><img loading=\"lazy\" decoding=\"async\" width=\"720\" height=\"540\" src=\"https:\/\/corn-machines.com\/wp-content\/uploads\/2022\/09\/corn-planting.webp\" alt=\"tr\u1ed3ng ng\u00f4\" class=\"wp-image-80\" srcset=\"https:\/\/corn-machines.com\/wp-content\/uploads\/2022\/09\/corn-planting.webp 720w, https:\/\/corn-machines.com\/wp-content\/uploads\/2022\/09\/corn-planting-300x225.webp 300w\" sizes=\"auto, (max-width: 720px) 100vw, 720px\" \/><figcaption class=\"wp-element-caption\">tr\u1ed3ng ng\u00f4<\/figcaption><\/figure>    <h2 class=\"wp-block-heading\">C\u00e2u h\u1ecfi th\u01b0\u1eddng g\u1eb7p v\u1ec1 m\u00e1y gieo h\u1ea1t ng\u00f4 c\u1ee7a ch\u00fang t\u00f4i<\/h2>   <div id=\"rank-math-faq\" class=\"rank-math-block\"> <div class=\"rank-math-list\"> <div id=\"faq-question-1704439665626\" class=\"rank-math-list-item\"> <h3 class=\"rank-math-question\"><strong>S\u1ed1 l\u01b0\u1ee3ng \u0111\u1eb7t h\u00e0ng t\u1ed1i thi\u1ec3u c\u1ea7n v\u1eadn chuy\u1ec3n l\u00e0 bao nhi\u00eau?<\/strong><\/h3> <div class=\"rank-math-answer\">  <p>S\u1ed1 l\u01b0\u1ee3ng mua t\u1ed1i thi\u1ec3u l\u00e0 20 chi\u1ebfc.<\/p>  <\/div> <\/div> <div id=\"faq-question-1704439674339\" class=\"rank-math-list-item\"> <h3 class=\"rank-math-question\"><strong>Ng\u01b0\u1eddi tr\u1ed3ng c\u00e2y nh\u1ecf c\u00f3 th\u1ec3 gieo nh\u1eefng lo\u1ea1i ng\u0169 c\u1ed1c n\u00e0o?<\/strong><\/h3> <div class=\"rank-math-answer\">  <p>L\u00faa m\u00ec, b\u00f4ng, l\u00faa mi\u1ebfn, \u0111\u1eadu ph\u1ed9ng, \u0111\u1eadu, h\u1ea1t c\u1ea3i d\u1ea7u, v.v.<\/p>  <\/div> <\/div> <div id=\"faq-question-1704439692227\" class=\"rank-math-list-item\"> <h3 class=\"rank-math-question\"><strong>B\u1ea1n c\u00f3 th\u1ec3 giao m\u00e1y trong bao l\u00e2u?<\/strong><\/h3> <div class=\"rank-math-answer\">  <p>N\u00f3i chung, sau khi nh\u1eadn \u0111\u01b0\u1ee3c ti\u1ec1n \u0111\u1eb7t c\u1ecdc, ch\u00fang t\u00f4i c\u1ea7n m\u1ed9t tu\u1ea7n \u0111\u1ec3 s\u1eafp x\u1ebfp h\u00e0ng h\u00f3a.<\/p>  <\/div> <\/div> <div id=\"faq-question-1704439708401\" class=\"rank-math-list-item\"> <h3 class=\"rank-math-question\"><strong>B\u1ea1n s\u1eed d\u1ee5ng ph\u01b0\u01a1ng th\u1ee9c v\u1eadn chuy\u1ec3n n\u00e0o?<\/strong><\/h3> <div class=\"rank-math-answer\">  <p>Th\u00f4ng th\u01b0\u1eddng b\u1eb1ng \u0111\u01b0\u1eddng bi\u1ec3n. Xin vui l\u00f2ng cho ch\u00fang t\u00f4i bi\u1ebft n\u1ebfu b\u1ea1n c\u00f3 y\u00eau c\u1ea7u kh\u00e1c. Ch\u00fang t\u00f4i s\u1ebd s\u1eafp x\u1ebfp ph\u01b0\u01a1ng th\u1ee9c v\u1eadn chuy\u1ec3n ph\u00f9 h\u1ee3p nh\u1ea5t.<\/p>  <\/div> <\/div> <div id=\"faq-question-1704439724753\" class=\"rank-math-list-item\"> <h3 class=\"rank-math-question\"><strong>H\u01b0\u1edbng d\u1eabn s\u1eed d\u1ee5ng b\u1eb1ng ti\u1ebfng Trung hay ti\u1ebfng Anh?<\/strong><\/h3> <div class=\"rank-math-answer\">  <p>Ch\u00fang t\u00f4i s\u1ebd \u0111\u00ednh k\u00e8m h\u01b0\u1edbng d\u1eabn s\u1eed d\u1ee5ng ti\u1ebfng Anh v\u00e0 g\u1eedi video v\u1eadn h\u00e0nh.<\/p>  <\/div> <\/div> <\/div> <\/div>   <figure class=\"wp-block-image size-full\"><img loading=\"lazy\" decoding=\"async\" width=\"720\" height=\"540\" src=\"https:\/\/corn-machines.com\/wp-content\/uploads\/2022\/09\/gasoline-hand-push-planter-1.webp\" alt=\"M\u00e1y tr\u1ed3ng ng\u00f4 \u0111\u1ea9y tay xu\u1ea5t kh\u1ea9u\" class=\"wp-image-91\" srcset=\"https:\/\/corn-machines.com\/wp-content\/uploads\/2022\/09\/gasoline-hand-push-planter-1.webp 720w, https:\/\/corn-machines.com\/wp-content\/uploads\/2022\/09\/gasoline-hand-push-planter-1-300x225.webp 300w\" sizes=\"auto, (max-width: 720px) 100vw, 720px\" \/><figcaption class=\"wp-element-caption\">m\u00e1y tr\u1ed3ng ng\u00f4 \u0111\u1ea9y tay xu\u1ea5t kh\u1ea9u<\/figcaption><\/figure>    <h2 class=\"wp-block-heading\">\u0110\u1ea7u t\u01b0 v\u00e0o m\u00e1y gieo h\u1ea1t ng\u00f4 c\u1ea7m tay c\u1ee7a ch\u00fang t\u00f4i<\/h2>    <p>H\u00e3y \u0111\u1ea7u t\u01b0 ngay v\u00e0o m\u00e1y gieo h\u1ea1t ng\u00f4 c\u1ea7m tay c\u1ee7a ch\u00fang t\u00f4i \u0111\u1ec3 \u0111\u00f3n nh\u1eadn nh\u1eefng th\u00e1ch th\u1ee9c c\u1ee7a n\u1ec1n n\u00f4ng nghi\u1ec7p trong t\u01b0\u01a1ng lai v\u00e0 \u0111\u1ea1t \u0111\u01b0\u1ee3c n\u0103ng su\u1ea5t cao h\u01a1n c\u0169ng nh\u01b0 hi\u1ec7u qu\u1ea3 cao h\u01a1n trong s\u1ea3n xu\u1ea5t n\u00f4ng nghi\u1ec7p. H\u00e3y li\u00ean h\u1ec7 \u0111\u1ec3 \u0111\u01b0\u1ee3c gi\u1ea3i \u0111\u00e1p th\u1eafc m\u1eafc; c\u00e1c nh\u00e0 qu\u1ea3n l\u00fd kinh doanh c\u1ee7a ch\u00fang t\u00f4i s\u1eb5n s\u00e0ng cung c\u1ea5p cho b\u1ea1n nh\u1eefng c\u00e2u tr\u1ea3 l\u1eddi chuy\u00ean nghi\u1ec7p. <\/p>    <p>Vui l\u00f2ng li\u00ean h\u1ec7 v\u1edbi nh\u00f3m b\u00e1n h\u00e0ng c\u1ee7a ch\u00fang t\u00f4i \u0111\u1ec3 bi\u1ebft th\u00eam chi ti\u1ebft v\u00e0 \u01b0u \u0111\u00e3i \u0111\u1eb7c bi\u1ec7t. H\u00e3y c\u00f9ng ch\u00fang t\u00f4i tham gia h\u00e0nh tr\u00ecnh \u0111\u1ebfn \u0111\u1ec9nh cao c\u1ee7a c\u00f4ng ngh\u1ec7 n\u00f4ng nghi\u1ec7p, c\u00f9ng nhau \u0111\u1ecbnh h\u00ecnh m\u1ed9t t\u01b0\u01a1ng lai t\u01b0\u01a1i s\u00e1ng h\u01a1n cho ng\u00e0nh n\u00f4ng nghi\u1ec7p!<\/p>","protected":false},"excerpt":{"rendered":"<p>M\u00e1y gieo h\u1ea1t ng\u00f4 nh\u1ecf l\u00e0 m\u1ed9t m\u00e1y s\u1ea3n xu\u1ea5t n\u00f4ng nghi\u1ec7p \u0111\u01b0\u1ee3c s\u1eed d\u1ee5ng \u0111\u1ec3 tr\u1ed3ng ng\u00f4. B\u1eb1ng c\u00e1ch s\u1eed d\u1ee5ng m\u00e1y gieo h\u1ea1t, t\u1ef7 l\u1ec7 n\u1ea3y m\u1ea7m c\u1ee7a ng\u00f4 v\u00e0 s\u1ef1 s\u1eafp x\u1ebfp ng\u00f4 \u0111\u01b0\u1ee3c c\u1ea3i thi\u1ec7n.<\/p>","protected":false},"author":1,"featured_media":79,"parent":0,"template":"","tags":[30,13],"product-type":[2],"class_list":["post-76","product","type-product","status-publish","has-post-thumbnail","hentry","tag-corn-planting-machine","tag-corn-seeding-machine","product-type-corn-planting-machine"],"_links":{"self":[{"href":"https:\/\/corn-machines.com\/vi\/wp-json\/wp\/v2\/product\/76","targetHints":{"allow":["GET"]}}],"collection":[{"href":"https:\/\/corn-machines.com\/vi\/wp-json\/wp\/v2\/product"}],"about":[{"href":"https:\/\/corn-machines.com\/vi\/wp-json\/wp\/v2\/types\/product"}],"author":[{"embeddable":true,"href":"https:\/\/corn-machines.com\/vi\/wp-json\/wp\/v2\/users\/1"}],"wp:featuredmedia":[{"embeddable":true,"href":"https:\/\/corn-machines.com\/vi\/wp-json\/wp\/v2\/media\/79"}],"wp:attachment":[{"href":"https:\/\/corn-machines.com\/vi\/wp-json\/wp\/v2\/media?parent=76"}],"wp:term":[{"taxonomy":"post_tag","embeddable":true,"href":"https:\/\/corn-machines.com\/vi\/wp-json\/wp\/v2\/tags?post=76"},{"taxonomy":"product-type","embeddable":true,"href":"https:\/\/corn-machines.com\/vi\/wp-json\/wp\/v2\/product-type?post=76"}],"curies":[{"name":"wp","href":"https:\/\/api.w.org\/{rel}","templated":true}]}}