{"id":749,"date":"2025-08-07T16:14:31","date_gmt":"2025-08-07T08:14:31","guid":{"rendered":"https:\/\/corn-machines.com\/?post_type=product&#038;p=749"},"modified":"2025-08-21T18:21:23","modified_gmt":"2025-08-21T10:21:23","slug":"multifunctional-corn-thresher","status":"publish","type":"product","link":"https:\/\/corn-machines.com\/vi\/product\/multifunctional-corn-thresher\/","title":{"rendered":"M\u00e1y \u0111\u1eadp ng\u00f4 \u0111a n\u0103ng d\u00f9ng cho ng\u00f4, k\u00ea, l\u00faa mi\u1ebfn"},"content":{"rendered":"<p class=\"translation-block\"><strong>M\u00e1y t\u00e1ch h\u1ea1t ng\u00f4<\/strong> \u0111a ch\u1ee9c n\u0103ng l\u00e0 m\u1ed9t m\u00e1y n\u00f4ng nghi\u1ec7p hi\u1ec7n \u0111\u1ea1i v\u1edbi \u1ee9ng d\u1ee5ng r\u1ed9ng r\u00e3i v\u00e0 hi\u1ec7u qu\u1ea3 cao. Ch\u1ee9c n\u0103ng ch\u00ednh c\u1ee7a n\u00f3 l\u00e0 t\u00e1ch h\u1ea1t nhanh ch\u00f3ng v\u00e0 hi\u1ec7u qu\u1ea3. M\u00e1y t\u00e1ch ng\u00f4 n\u00e0y kh\u00f4ng ch\u1ec9 ph\u00f9 h\u1ee3p v\u1edbi ng\u00f4 m\u00e0 c\u00f2n v\u1edbi c\u00e1c lo\u1ea1i ng\u0169 c\u1ed1c kh\u00e1c nh\u01b0 l\u00faa m\u00ec, l\u00faa mi\u1ebfn v\u00e0 \u0111\u1eadu n\u00e0nh. N\u0103ng su\u1ea5t c\u1ee7a n\u00f3 c\u00f3 th\u1ec3 \u0111\u1ea1t 2-6t\/h, t\u1ef7 l\u1ec7 t\u00e1ch c\u00f3 th\u1ec3 \u0111\u1ea1t 98% v\u00e0 t\u1ef7 l\u1ec7 v\u1ee1 d\u01b0\u1edbi 1,5%.<\/p>    <p>M\u00e1y g\u1eb7t \u0111\u1eadp ng\u0169 c\u1ed1c n\u00e0y \u0111\u00e3 tr\u1edf th\u00e0nh l\u1ef1a ch\u1ecdn ph\u1ed5 bi\u1ebfn trong s\u1ed1 kh\u00e1ch h\u00e0ng \u1edf nhi\u1ec1u khu v\u1ef1c, bao g\u1ed3m Ethiopia v\u00e0 Nicaragua. Nh\u1eefng kh\u00e1ch h\u00e0ng \u0111\u00e3 mua m\u00e1y n\u00e0y lu\u00f4n khen ng\u1ee3i hi\u1ec7u su\u1ea5t cao c\u1ee7a n\u00f3.<\/p>    <figure class=\"wp-block-embed is-type-video is-provider-youtube wp-block-embed-youtube wp-embed-aspect-16-9 wp-has-aspect-ratio\"><div class=\"wp-block-embed__wrapper\"> <iframe loading=\"lazy\" title=\"M\u00e1y g\u1ea1t h\u1ea1t ng\u00f4 \u0111a ch\u1ee9c n\u0103ng | M\u00e1y xay s\u00e0ng g\u1eb7t ng\u00f4 \u0111a ch\u1ee9c n\u0103ng cho ng\u00f4, k\u00ea, m\u1ea1ch, \u0111\u1eadu n\u00e0nh\" width=\"500\" height=\"281\" src=\"https:\/\/www.youtube.com\/embed\/0Yt9iAhSbVU?feature=oembed\" frameborder=\"0\" allow=\"accelerometer; autoplay; clipboard-write; encrypted-media; gyroscope; picture-in-picture; web-share\" referrerpolicy=\"strict-origin-when-cross-origin\" allowfullscreen><\/iframe> <\/div><figcaption class=\"wp-element-caption\">quy tr\u00ecnh l\u00e0m vi\u1ec7c c\u1ee7a m\u00e1y g\u1eb7t \u0111\u1eadp \u0111a ch\u1ee9c n\u0103ng<\/figcaption><\/figure>    <h2 class=\"wp-block-heading\"><strong>C\u00e1c th\u00f4ng s\u1ed1 c\u1ee7a m\u00e1y t\u00e1ch h\u1ea1t \u0111a n\u0103ng<\/strong><\/h2>    <p class=\"translation-block\">M\u1eabu b\u00e1n ch\u1ea1y nh\u1ea5t c\u1ee7a <strong>m\u00e1y t\u00e1ch h\u1ea1t ng\u00f4<\/strong> n\u00e0y l\u00e0 5TD-1000. N\u00f3 c\u00f3 th\u1ec3 \u0111\u01b0\u1ee3c trang b\u1ecb \u0111\u1ed9ng c\u01a1 diesel, \u0111\u1ed9ng c\u01a1 \u0111i\u1ec7n v\u00e0 PTO, kh\u00f4ng b\u1ecb gi\u1edbi h\u1ea1n b\u1edfi \u0111i\u1ec7n v\u00e0 ph\u00f9 h\u1ee3p v\u1edbi nhi\u1ec1u v\u00f9ng kh\u00e1c nhau. Th\u00f4ng s\u1ed1 k\u1ef9 thu\u1eadt c\u1ee7a n\u00f3 nh\u01b0 sau:<\/p>    <figure class=\"wp-block-table\"><table class=\"has-fixed-layout\"><tbody><tr><td>Ng\u01b0\u1eddi m\u1eabu<\/td><td>5TD-1000<\/td><\/tr><tr><td>Quy\u1ec1n l\u1ef1c<\/td><td>\u0110\u1ed9ng c\u01a1 diesel 15hp, \u0111\u1ed9ng c\u01a1 11kw, PTO<\/td><\/tr><tr><td>Dung t\u00edch<\/td><td>0.5-4t\/h<\/td><\/tr><tr><td>C\u00e2n n\u1eb7ng<\/td><td>650kg<\/td><\/tr><tr><td>K\u00edch th\u01b0\u1edbc t\u1ed5ng th\u1ec3<\/td><td>3400mm*2100mm*1980mm<\/td><\/tr><\/tbody><\/table><figcaption class=\"wp-element-caption\">c\u00e1c th\u00f4ng s\u1ed1 c\u1ee7a m\u00e1y g\u1eb7t \u0111\u1eadp \u0111a ch\u1ee9c n\u0103ng 5TD-1000<\/figcaption><\/figure>    <h2 class=\"wp-block-heading\"><strong>C\u1ea5u tr\u00fac c\u1ee7a m\u00e1y x\u00e1t ng\u00f4<\/strong> m\u00e1y<\/h2>    <p>M\u00e1y g\u1eb7t \u0111\u1eadp ng\u00f4 \u0111a ch\u1ee9c n\u0103ng c\u00f3 c\u1ea5u tr\u00fac g\u1ecdn g\u00e0ng, ch\u1ee7 y\u1ebfu bao g\u1ed3m c\u1eeda v\u00e0o, c\u1eeda ra c\u1ee7a b\u1eafp ng\u00f4, c\u1eeda ra c\u1ee7a h\u1ea1t ng\u00f4, qu\u1ea1t, v.v. Ngo\u00e0i ra, n\u00f3 c\u0169ng c\u00f3 th\u1ec3 \u0111\u01b0\u1ee3c trang b\u1ecb khung k\u00e9o v\u00e0 b\u00e1nh l\u1edbn, cho ph\u00e9p k\u00e9o m\u00e1y \u0111\u1ebfn n\u01a1i b\u1ea1n c\u1ea7n \u0111\u1ec3 g\u1eb7t \u0111\u1eadp.<\/p>    <figure class=\"wp-block-gallery has-nested-images columns-default is-cropped wp-block-gallery-2 is-layout-flex wp-block-gallery-is-layout-flex\"> <figure class=\"wp-block-image size-large\"><img loading=\"lazy\" decoding=\"async\" width=\"720\" height=\"540\" data-id=\"757\" src=\"https:\/\/corn-machines.com\/wp-content\/uploads\/2025\/08\/structure-of-multifunctional-crop-thresher.webp\" alt=\"c\u1ea5u tr\u00fac c\u1ee7a m\u00e1y g\u1eb7t \u0111\u1eadp c\u00e2y tr\u1ed3ng \u0111a ch\u1ee9c n\u0103ng\" class=\"wp-image-757\" srcset=\"https:\/\/corn-machines.com\/wp-content\/uploads\/2025\/08\/structure-of-multifunctional-crop-thresher.webp 720w, https:\/\/corn-machines.com\/wp-content\/uploads\/2025\/08\/structure-of-multifunctional-crop-thresher-300x225.webp 300w, https:\/\/corn-machines.com\/wp-content\/uploads\/2025\/08\/structure-of-multifunctional-crop-thresher-16x12.webp 16w\" sizes=\"auto, (max-width: 720px) 100vw, 720px\" \/><figcaption class=\"wp-element-caption\">c\u1ea5u tr\u00fac c\u1ee7a m\u00e1y g\u1eb7t \u0111\u1eadp c\u00e2y tr\u1ed3ng \u0111a ch\u1ee9c n\u0103ng<\/figcaption><\/figure>    <figure class=\"wp-block-image size-large\"><img loading=\"lazy\" decoding=\"async\" width=\"720\" height=\"540\" data-id=\"751\" src=\"https:\/\/corn-machines.com\/wp-content\/uploads\/2025\/08\/millet-thresher.webp\" alt=\"tr\u01b0ng b\u00e0y m\u00e1y g\u1eb7t \u0111\u1eadp k\u00ea\" class=\"wp-image-751\" srcset=\"https:\/\/corn-machines.com\/wp-content\/uploads\/2025\/08\/millet-thresher.webp 720w, https:\/\/corn-machines.com\/wp-content\/uploads\/2025\/08\/millet-thresher-300x225.webp 300w, https:\/\/corn-machines.com\/wp-content\/uploads\/2025\/08\/millet-thresher-16x12.webp 16w\" sizes=\"auto, (max-width: 720px) 100vw, 720px\" \/><figcaption class=\"wp-element-caption\">m\u00e1y g\u1eb7t \u0111\u1eadp k\u00ea<\/figcaption><\/figure> <\/figure>    <h2 class=\"wp-block-heading\"><strong>\u01afu \u0111i\u1ec3m c\u1ee7a m\u00e1y t\u00e1ch h\u1ea1t \u0111a n\u0103ng<\/strong><\/h2>    <ul class=\"wp-block-list\"> <li><strong>\u1ee8ng d\u1ee5ng r\u1ed9ng r\u00e3i<\/strong>: So v\u1edbi c\u00e1c lo\u1ea1i m\u00e1y truy\u1ec1n th\u1ed1ng <a href=\"https:\/\/corn-machines.com\/vi\/product\/corn-shelling-machine\/\">m\u00e1y tu\u1ed1t ng\u00f4<\/a>, m\u00e1y x\u00e1t \u0111a ch\u1ee9c n\u0103ng c\u00f3 ph\u1ea1m vi \u1ee9ng d\u1ee5ng r\u1ed9ng h\u01a1n. Ch\u00fang c\u00f3 th\u1ec3 \u0111\u01b0\u1ee3c s\u1eed d\u1ee5ng cho ng\u00f4, th\u00f3c, g\u1ea1o, millet, l\u00faa m\u00ec, \u0111\u1eadu n\u00e0nh v\u00e0 c\u00e1c lo\u1ea1i h\u1ea1t kh\u00e1c. M\u1ed9t m\u00e1y c\u00f3 th\u1ec3 x\u00e1t nhi\u1ec1u lo\u1ea1i h\u1ea1t kh\u00e1c nhau.<\/li>    <li><strong>Ch\u1ea5t l\u01b0\u1ee3ng x\u00e1t cao<\/strong>: M\u00e1y x\u00e1t millet \u0111a ch\u1ee9c n\u0103ng n\u00e0y \u0111\u1ea1t t\u1ef7 l\u1ec7 x\u00e1t v\u01b0\u1ee3t qu\u00e1 98%, v\u1edbi t\u1ef7 l\u1ec7 h\u1ecfng d\u01b0\u1edbi 1,5%, \u0111\u1ea3m b\u1ea3o t\u00ednh to\u00e0n v\u1eb9n c\u1ee7a h\u1ea1t v\u00e0 gi\u1ea3m thi\u1ec3u th\u1ea5t tho\u00e1t h\u1ea1t.<\/li>    <li><strong>V\u1eadn h\u00e0nh d\u1ec5 d\u00e0ng<\/strong>: M\u00e1y x\u00e1t \u0111a ch\u1ee9c n\u0103ng th\u01b0\u1eddng \u0111\u01a1n gi\u1ea3n v\u1ec1 thi\u1ebft k\u1ebf v\u00e0 d\u1ec5 v\u1eadn h\u00e0nh, cho ph\u00e9p ng\u01b0\u1eddi d\u00f9ng nhanh ch\u00f3ng l\u00e0m quen quy tr\u00ecnh. M\u1ed9t ng\u01b0\u1eddi c\u00f3 th\u1ec3 v\u1eadn h\u00e0nh n\u00f3.<\/li>    <li><strong>Ti\u1ebft ki\u1ec7m nh\u00e2n l\u1ef1c<\/strong>: So v\u1edbi x\u00e1t th\u1ee7 c\u00f4ng truy\u1ec1n th\u1ed1ng, m\u00e1y x\u00e1t ng\u00f4 \u0111a ch\u1ee9c n\u0103ng c\u00f3 th\u1ec3 gi\u1ea3m \u0111\u00e1ng k\u1ec3 c\u00f4ng s\u1ee9c lao \u0111\u1ed9ng, \u0111\u1eb7c bi\u1ec7t trong c\u00e1c ho\u1ea1t \u0111\u1ed9ng n\u00f4ng tr\u01b0\u1eddng quy m\u00f4 l\u1edbn, ti\u1ebft ki\u1ec7m \u0111\u00e1ng k\u1ec3 nh\u00e2n l\u1ef1c.<\/li> <\/ul>   <div class=\"wp-block-image\"> <figure class=\"aligncenter size-full\"><img loading=\"lazy\" decoding=\"async\" width=\"720\" height=\"540\" src=\"https:\/\/corn-machines.com\/wp-content\/uploads\/2025\/08\/multipurpose-thresher-1.webp\" alt=\"tr\u01b0ng b\u00e0y m\u00e1y g\u1eb7t \u0111\u1eadp \u0111a n\u0103ng\" class=\"wp-image-756\" srcset=\"https:\/\/corn-machines.com\/wp-content\/uploads\/2025\/08\/multipurpose-thresher-1.webp 720w, https:\/\/corn-machines.com\/wp-content\/uploads\/2025\/08\/multipurpose-thresher-1-300x225.webp 300w, https:\/\/corn-machines.com\/wp-content\/uploads\/2025\/08\/multipurpose-thresher-1-16x12.webp 16w\" sizes=\"auto, (max-width: 720px) 100vw, 720px\" \/><figcaption class=\"wp-element-caption\">m\u00e1y g\u1eb7t \u0111\u1eadp \u0111a n\u0103ng<\/figcaption><\/figure> <\/div>   <h2 class=\"wp-block-heading\"><strong>\u1ee8ng d\u1ee5ng c\u1ee7a m\u00e1y t\u00e1ch h\u1ea1t ng\u00f4 \u0111a n\u0103ng <\/strong><\/h2>    <p>M\u00e1y th\u1ee5 tinh h\u1ea1t Taizy \u0111\u01b0\u1ee3c s\u1eed d\u1ee5ng r\u1ed9ng r\u00e3i, kh\u00f4ng ch\u1ec9 cho ng\u00f4 m\u00e0 c\u00f2n cho nhi\u1ec1u lo\u1ea1i ng\u0169 c\u1ed1c kh\u00e1c nh\u01b0 l\u00faa m\u00ec, \u0111\u1eadu n\u00e0nh, k\u00ea, m\u00eda \u0111\u01b0\u1eddng v\u00e0 g\u1ea1o.<\/p>   <div class=\"wp-block-image\"> <figure class=\"aligncenter size-full\"><img loading=\"lazy\" decoding=\"async\" width=\"720\" height=\"540\" src=\"https:\/\/corn-machines.com\/wp-content\/uploads\/2025\/08\/application-of-multifunction-maize-thresher.webp\" alt=\"\u1ee9ng d\u1ee5ng c\u1ee7a m\u00e1y g\u1eb7t \u0111\u1eadp ng\u00f4 \u0111a ch\u1ee9c n\u0103ng\" class=\"wp-image-750\" srcset=\"https:\/\/corn-machines.com\/wp-content\/uploads\/2025\/08\/application-of-multifunction-maize-thresher.webp 720w, https:\/\/corn-machines.com\/wp-content\/uploads\/2025\/08\/application-of-multifunction-maize-thresher-300x225.webp 300w, https:\/\/corn-machines.com\/wp-content\/uploads\/2025\/08\/application-of-multifunction-maize-thresher-16x12.webp 16w\" sizes=\"auto, (max-width: 720px) 100vw, 720px\" \/><figcaption class=\"wp-element-caption\">\u1ee9ng d\u1ee5ng c\u1ee7a m\u00e1y g\u1eb7t \u0111\u1eadp ng\u00f4 \u0111a ch\u1ee9c n\u0103ng<\/figcaption><\/figure> <\/div>   <h2 class=\"wp-block-heading\"><strong>Thao t\u00e1c v\u00e0 s\u1eed d\u1ee5ng m\u00e1y t\u00e1ch h\u1ea1t ng\u00f4 \u0111a n\u0103ng <\/strong><\/h2>    <ul class=\"wp-block-list\"> <li>\u0110\u1ec3 thu\u1eadn ti\u1ec7n cho v\u1eadn chuy\u1ec3n, ch\u00fang t\u00f4i t\u1ed1i gi\u1ea3n k\u00edch th\u01b0\u1edbc m\u00e1y v\u00e0 th\u00e1o r\u1eddi m\u1ed9t s\u1ed1 b\u1ed9 ph\u1eadn \u0111\u1ec3 v\u1eadn chuy\u1ec3n. Khi s\u1eed d\u1ee5ng, l\u1eafp r\u00e1p l\u1ea1i theo s\u01a1 \u0111\u1ed3 h\u1ec7 th\u1ed1ng.<\/li>    <li>Tr\u01b0\u1edbc khi v\u1eadn h\u00e0nh, h\u00e3y ki\u1ec3m tra c\u1ea9n th\u1eadn t\u1ea5t c\u1ea3 c\u00e1c b\u1ed9 ph\u1eadn g\u1eafn k\u1ebft \u0111\u1ec3 ph\u00e1t hi\u1ec7n s\u1ef1 l\u1ecfng l\u1ebbo, \u0111\u1ed9 linh ho\u1ea1t c\u1ee7a c\u00e1c b\u1ed9 ph\u1eadn quay v\u00e0 s\u1ef1 hi\u1ec7n di\u1ec7n c\u1ee7a c\u00e1c v\u1eadt th\u1ec3 l\u1ea1 trong tr\u1ed1ng qu\u1ea1t. Quay d\u00e2y \u0111ai \u0111\u1ec3 ki\u1ec3m tra xem c\u00f3 b\u1ea5t k\u1ef3 ma s\u00e1t ho\u1eb7c va ch\u1ea1m n\u00e0o kh\u00f4ng, sau \u0111\u00f3 v\u1eadn h\u00e0nh m\u00e1y khi kh\u00f4ng t\u1ea3i. Ch\u1ec9 kh\u1edfi \u0111\u1ed9ng m\u00e1y sau khi x\u00e1c nh\u1eadn r\u1eb1ng m\u1ecdi th\u1ee9 \u0111ang ho\u1ea1t \u0111\u1ed9ng b\u00ecnh th\u01b0\u1eddng.<\/li>    <li>Tr\u01b0\u1edbc m\u1ed7i l\u1ea7n v\u1eadn h\u00e0nh, l\u00e0m b\u00f4i tr\u01a1n \u0111\u1ea7y \u0111\u1ee7 \u1ed5 bi v\u00e0 \u0111\u1ed5 d\u1ea7u cho \u0111\u1ed9ng c\u01a1 diesel \u0111\u1ea7y \u0111\u1ee7. Ch\u1ea1y kh\u00f4ng t\u1ea3i v\u00e0i ph\u00fat v\u00e0 \u0111\u1ee3i cho \u0111\u1ebfn khi m\u00e1y ho\u1ea1t \u0111\u1ed9ng b\u00ecnh th\u01b0\u1eddng tr\u01b0\u1edbc khi cho ng\u0169 c\u1ed1c v\u00e0o.<\/li>    <li>T\u1ed1c \u0111\u1ed9 qu\u00e1 m\u1ee9c l\u00e0 nghi\u00eam c\u1ea5m \u0111\u1ec3 tr\u00e1nh tai n\u1ea1n.<\/li>    <li>Trong khi m\u00e1y \u0111ang ch\u1ea1y, kh\u00f4ng th\u00f2 tay v\u00e0o b\u1ea5t k\u1ef3 b\u1ed9 ph\u1eadn quay n\u00e0o \u0111\u1ec3 \u0111i\u1ec1u ch\u1ec9nh, kh\u1eafc ph\u1ee5c s\u1ef1 c\u1ed1 ho\u1eb7c ki\u1ec3m tra m\u00e1y.<\/li>    <li>Ng\u00f4 kh\u00f4ng n\u00ean qu\u00e1 \u01b0\u1edbt trong qu\u00e1 tr\u00ecnh v\u1eadn h\u00e0nh.<\/li>    <li>Sau khi v\u1eadn h\u00e0nh, h\u00e3y l\u00e0m s\u1ea1ch b\u00ean trong m\u00e1y v\u00e0 b\u00f4i tr\u01a1n v\u00e0 b\u1ea3o tr\u00ec t\u1ea5t c\u1ea3 c\u00e1c b\u1ed9 ph\u1eadn b\u00f4i tr\u01a1n. Khi kh\u00f4ng s\u1eed d\u1ee5ng trong th\u1eddi gian d\u00e0i, h\u00e3y b\u1ea3o qu\u1ea3n m\u00e1y \u1edf n\u01a1i kh\u00f4 r\u00e1o, th\u00f4ng tho\u00e1ng v\u00e0 \u0111\u01b0\u1ee3c b\u1ea3o v\u1ec7 kh\u1ecfi m\u01b0a v\u00e0 \u0111\u1ed9 \u1ea9m.<\/li> <\/ul>    <figure class=\"wp-block-gallery has-nested-images columns-default is-cropped wp-block-gallery-3 is-layout-flex wp-block-gallery-is-layout-flex\"> <figure class=\"wp-block-image size-full\"><img loading=\"lazy\" decoding=\"async\" width=\"720\" height=\"540\" data-id=\"818\" src=\"https:\/\/corn-machines.com\/wp-content\/uploads\/2025\/08\/multifunctional-threshing-machine-2.webp\" alt=\"m\u00e1y t\u00e1ch h\u1ea1t \u0111a n\u0103ng\" class=\"wp-image-818\" srcset=\"https:\/\/corn-machines.com\/wp-content\/uploads\/2025\/08\/multifunctional-threshing-machine-2.webp 720w, https:\/\/corn-machines.com\/wp-content\/uploads\/2025\/08\/multifunctional-threshing-machine-2-300x225.webp 300w, https:\/\/corn-machines.com\/wp-content\/uploads\/2025\/08\/multifunctional-threshing-machine-2-16x12.webp 16w\" sizes=\"auto, (max-width: 720px) 100vw, 720px\" \/><figcaption class=\"wp-element-caption\">m\u00e1y t\u00e1ch h\u1ea1t \u0111a n\u0103ng<\/figcaption><\/figure>    <figure class=\"wp-block-image size-large\"><img loading=\"lazy\" decoding=\"async\" width=\"720\" height=\"540\" data-id=\"752\" src=\"https:\/\/corn-machines.com\/wp-content\/uploads\/2025\/08\/multifunction-corn-thresher.webp\" alt=\"M\u00e1y g\u1eb7t \u0111\u1eadp ng\u00f4 \u0111a ch\u1ee9c n\u0103ng\" class=\"wp-image-752\" srcset=\"https:\/\/corn-machines.com\/wp-content\/uploads\/2025\/08\/multifunction-corn-thresher.webp 720w, https:\/\/corn-machines.com\/wp-content\/uploads\/2025\/08\/multifunction-corn-thresher-300x225.webp 300w, https:\/\/corn-machines.com\/wp-content\/uploads\/2025\/08\/multifunction-corn-thresher-16x12.webp 16w\" sizes=\"auto, (max-width: 720px) 100vw, 720px\" \/><figcaption class=\"wp-element-caption\">m\u00e1y tu\u1ed1t ng\u00f4 \u0111a n\u0103ng<\/figcaption><\/figure> <\/figure>    <h2 class=\"wp-block-heading\"><strong>Tr\u01b0\u1eddng h\u1ee3p th\u00e0nh c\u00f4ng c\u1ee7a m\u00e1y t\u00e1ch h\u1ea1t ng\u00f4 \u0111a n\u0103ng<\/strong><\/h2>    <p>M\u00e1y thresher ng\u0169 c\u1ed1c \u0111a ch\u1ee9c n\u0103ng Taizy \u0111\u00e3 \u0111\u01b0\u1ee3c kh\u00e1ch h\u00e0ng tr\u00ean to\u00e0n th\u1ebf gi\u1edbi \u01b0a chu\u1ed9ng nh\u1edd nh\u1eefng \u01b0u \u0111i\u1ec3m tuy\u1ec7t v\u1eddi. M\u1ed9t kh\u00e1ch h\u00e0ng \u1edf Nicaragua \u0111\u00e3 \u0111\u1eb7t n\u0103m m\u00e1y thresher ng\u00f4.<\/p>    <p>Kh\u00e1ch h\u00e0ng s\u1edf h\u1eefu m\u1ed9t trang tr\u1ea1i n\u01a1i \u00f4ng tr\u1ed3ng nhi\u1ec1u lo\u1ea1i c\u00e2y kh\u00e1c nhau. \u0110\u1ec3 c\u1ea3i thi\u1ec7n hi\u1ec7u qu\u1ea3 thresher cho nhi\u1ec1u lo\u1ea1i ng\u0169 c\u1ed1c, \u00f4ng \u0111\u00e3 tham kh\u1ea3o \u00fd ki\u1ebfn c\u1ee7a ch\u00fang t\u00f4i v\u1ec1 m\u00e1y n\u00e0y. Sau nhi\u1ec1u v\u00f2ng trao \u0111\u1ed5i, kh\u00e1ch h\u00e0ng \u0111\u00e3 \u0111\u1eb7t mua n\u0103m m\u00e1y \u0111a ch\u1ee9c n\u0103ng. Khi nh\u1eadn m\u00e1y, kh\u00e1ch h\u00e0ng l\u1eadp t\u1ee9c \u0111\u01b0a v\u00e0o l\u00e0m vi\u1ec7c thresher v\u00e0 b\u00e0y t\u1ecf s\u1ef1 h\u00e0i l\u00f2ng. \u00d4ng cho bi\u1ebft m\u00e1y kh\u00f4ng ch\u1ec9 c\u1ea3i thi\u1ec7n n\u0103ng su\u1ea5t m\u00e0 c\u00f2n ti\u1ebft ki\u1ec7m \u0111\u00e1ng k\u1ec3 th\u1eddi gian v\u00e0 c\u00f4ng s\u1ee9c.<\/p>   <div class=\"wp-block-image\"> <figure class=\"aligncenter size-full\"><img loading=\"lazy\" decoding=\"async\" width=\"720\" height=\"540\" src=\"https:\/\/corn-machines.com\/wp-content\/uploads\/2025\/08\/Transportation-of-multipurpose-thresher.webp\" alt=\"v\u1eadn chuy\u1ec3n m\u00e1y t\u00e1ch h\u1ea1t \u0111a n\u0103ng\" class=\"wp-image-740\" srcset=\"https:\/\/corn-machines.com\/wp-content\/uploads\/2025\/08\/Transportation-of-multipurpose-thresher.webp 720w, https:\/\/corn-machines.com\/wp-content\/uploads\/2025\/08\/Transportation-of-multipurpose-thresher-300x225.webp 300w, https:\/\/corn-machines.com\/wp-content\/uploads\/2025\/08\/Transportation-of-multipurpose-thresher-16x12.webp 16w\" sizes=\"auto, (max-width: 720px) 100vw, 720px\" \/><figcaption class=\"wp-element-caption\">v\u1eadn chuy\u1ec3n m\u00e1y t\u00e1ch h\u1ea1t \u0111a n\u0103ng<\/figcaption><\/figure> <\/div>   <h2 class=\"wp-block-heading\"><strong>Li\u00ean h\u1ec7 v\u1edbi ch\u00fang t\u00f4i ngay!<\/strong><\/h2>    <p class=\"translation-block\">D\u00f9 b\u1ea1n \u0111ang mu\u1ed1n c\u1ea3i thi\u1ec7n hi\u1ec7u qu\u1ea3 t\u00e1ch h\u1ea1t hay m\u1edf r\u1ed9ng sang c\u00e1c l\u0129nh v\u1ef1c n\u00f4ng nghi\u1ec7p m\u1edbi, m\u00e1y t\u00e1ch h\u1ea1t \u0111a ch\u1ee9c n\u0103ng l\u00e0 m\u1ed9t c\u00f4ng c\u1ee5 thi\u1ebft y\u1ebfu. L\u00e0 nh\u00e0 cung c\u1ea5p m\u00e1y <strong>t\u00e1ch ng\u00f4<\/strong> \u0111a ch\u1ee9c n\u0103ng \u0111\u00e1ng tin c\u1eady nh\u1ea5t trong ng\u00e0nh, c\u00f4ng ty ch\u00fang t\u00f4i \u01b0u ti\u00ean ch\u1ea5t l\u01b0\u1ee3ng s\u1ea3n ph\u1ea9m v\u00e0 s\u1ef1 h\u00e0i l\u00f2ng c\u1ee7a kh\u00e1ch h\u00e0ng. Ch\u00fang t\u00f4i t\u1ef1 s\u1ea3n xu\u1ea5t v\u00e0 t\u1ef1 b\u00e1n s\u1ea3n ph\u1ea9m n\u00ean c\u00f3 l\u1ee3i th\u1ebf v\u1ec1 gi\u00e1 c\u1ea3. Ch\u00e0o m\u1eebng b\u1ea1n li\u00ean h\u1ec7 v\u1edbi ch\u00fang t\u00f4i, ch\u00fang t\u00f4i s\u1ebd cung c\u1ea5p cho b\u1ea1n th\u00f4ng tin chi ti\u1ebft h\u01a1n.<\/p>","protected":false},"excerpt":{"rendered":"<p>B\u00e0i b\u00e1o n\u00e0y t\u1eadp trung v\u00e0o c\u00e1c th\u00f4ng s\u1ed1 k\u1ef9 thu\u1eadt, c\u1ea5u tr\u00fac, \u01b0u \u0111i\u1ec3m v\u00e0 \u1ee9ng d\u1ee5ng c\u1ee7a m\u1ed9t m\u00e1y \u0111\u1eadp ng\u00f4 \u0111a ch\u1ee9c n\u0103ng. M\u00e1y c\u00f3 hi\u1ec7u su\u1ea5t \u0111\u1eadp \u0111\u1ea1t 98% v\u00e0 t\u1ef7 l\u1ec7 v\u1ee1 h\u1ea1t d\u01b0\u1edbi 1,5%, gi\u00fap c\u1ea3i thi\u1ec7n \u0111\u00e1ng k\u1ec3 hi\u1ec7u qu\u1ea3 \u0111\u1eadp ng\u0169 c\u1ed1c.<\/p>","protected":false},"author":1,"featured_media":753,"parent":0,"template":"","tags":[42,55,52,61,59],"product-type":[4],"class_list":["post-749","product","type-product","status-publish","has-post-thumbnail","hentry","tag-corn","tag-corn-threshing","tag-grain","tag-millet","tag-soybean","product-type-corn-thresher-machine"],"_links":{"self":[{"href":"https:\/\/corn-machines.com\/vi\/wp-json\/wp\/v2\/product\/749","targetHints":{"allow":["GET"]}}],"collection":[{"href":"https:\/\/corn-machines.com\/vi\/wp-json\/wp\/v2\/product"}],"about":[{"href":"https:\/\/corn-machines.com\/vi\/wp-json\/wp\/v2\/types\/product"}],"author":[{"embeddable":true,"href":"https:\/\/corn-machines.com\/vi\/wp-json\/wp\/v2\/users\/1"}],"wp:featuredmedia":[{"embeddable":true,"href":"https:\/\/corn-machines.com\/vi\/wp-json\/wp\/v2\/media\/753"}],"wp:attachment":[{"href":"https:\/\/corn-machines.com\/vi\/wp-json\/wp\/v2\/media?parent=749"}],"wp:term":[{"taxonomy":"post_tag","embeddable":true,"href":"https:\/\/corn-machines.com\/vi\/wp-json\/wp\/v2\/tags?post=749"},{"taxonomy":"product-type","embeddable":true,"href":"https:\/\/corn-machines.com\/vi\/wp-json\/wp\/v2\/product-type?post=749"}],"curies":[{"name":"wp","href":"https:\/\/api.w.org\/{rel}","templated":true}]}}