{"id":706,"date":"2025-08-05T08:58:53","date_gmt":"2025-08-05T00:58:53","guid":{"rendered":"https:\/\/corn-machines.com\/?post_type=product&#038;p=706"},"modified":"2025-11-04T13:36:20","modified_gmt":"2025-11-04T05:36:20","slug":"mobile-grain-dryer-for-drying-grain","status":"publish","type":"product","link":"https:\/\/corn-machines.com\/vi\/product\/mobile-grain-dryer-for-drying-grain\/","title":{"rendered":"M\u00e1y s\u1ea5y ng\u0169 c\u1ed1c di \u0111\u1ed9ng \u0111\u1ec3 l\u00e0m kh\u00f4 c\u00e2y tr\u1ed3ng"},"content":{"rendered":"<p class=\"translation-block\"><strong>M\u00e1y s\u1ea5y ng\u0169 c\u1ed1c di \u0111\u1ed9ng<\/strong> c\u00f3 th\u1ec3 nhanh ch\u00f3ng lo\u1ea1i b\u1ecf \u0111\u1ed9 \u1ea9m kh\u1ecfi c\u00e1c lo\u1ea1i ng\u0169 c\u1ed1c kh\u00e1c nhau, \u0111\u1ea3m b\u1ea3o ch\u00fang \u0111\u1ea1t \u0111\u1ed9 \u1ea9m an to\u00e0n tr\u01b0\u1edbc khi b\u1ea3o qu\u1ea3n. N\u00f3 ph\u00f9 h\u1ee3p v\u1edbi nhi\u1ec1u lo\u1ea1i ng\u0169 c\u1ed1c, bao g\u1ed3m l\u00faa, l\u00faa m\u00ec, ng\u00f4, \u0111\u1eadu n\u00e0nh, v.v.<\/p>    <p>M\u00e1y s\u1ea5y ng\u00f4 di \u0111\u1ed9ng c\u1ee7a ch\u00fang t\u00f4i c\u00f3 hi\u1ec7u su\u1ea5t cao, v\u1edbi c\u00f4ng su\u1ea5t 10-240 t\u1ea5n\/24 gi\u1edd, \u0111\u00e1p \u1ee9ng nhu c\u1ea7u c\u1ee7a c\u00e1c c\u01a1 s\u1edf s\u1ea3n xu\u1ea5t l\u1edbn h\u01a1n. Silo s\u1ea5y \u0111\u01b0\u1ee3c l\u00e0m b\u1eb1ng th\u00e9p kh\u00f4ng g\u1ec9 ch\u1ed1ng g\u1ec9, c\u1ee9ng v\u00e0 ch\u1ed1ng m\u00e0i m\u00f2n, \u0111\u1ea3m b\u1ea3o tu\u1ed5i th\u1ecd cao. N\u1ebfu b\u1ea1n \u0111ang t\u00ecm ki\u1ebfm m\u1ed9t m\u00e1y s\u1ea5y ng\u00f4, m\u00e1y s\u1ea5y ng\u00f4 di \u0111\u1ed9ng Taizy l\u00e0 m\u1ed9t l\u1ef1a ch\u1ecdn tuy\u1ec7t v\u1eddi. Li\u00ean h\u1ec7 v\u1edbi ch\u00fang t\u00f4i \u0111\u1ec3 bi\u1ebft th\u00f4ng tin chi ti\u1ebft.<\/p>    <figure class=\"wp-block-embed is-type-video is-provider-youtube wp-block-embed-youtube wp-embed-aspect-16-9 wp-has-aspect-ratio\"><div class=\"wp-block-embed__wrapper\"> <iframe loading=\"lazy\" title=\"M\u00e1y s\u1ea5y ng\u0169 c\u1ed1c di \u0111\u1ed9ng b\u00e1n ch\u1ea1y v\u1edbi c\u00f4ng su\u1ea5t 10-240 t\u1ea5n\/24h #maysayngucoc #lamvuon\" width=\"500\" height=\"281\" src=\"https:\/\/www.youtube.com\/embed\/xObmWqhUEqM?feature=oembed\" frameborder=\"0\" allow=\"accelerometer; autoplay; clipboard-write; encrypted-media; gyroscope; picture-in-picture; web-share\" referrerpolicy=\"strict-origin-when-cross-origin\" allowfullscreen><\/iframe> <\/div><figcaption class=\"wp-element-caption\">quy tr\u00ecnh l\u00e0m vi\u1ec7c c\u1ee7a m\u00e1y s\u1ea5y ng\u0169 c\u1ed1c di \u0111\u1ed9ng<\/figcaption><\/figure>    <h2 class=\"wp-block-heading\"><strong>M\u00f4 h\u00ecnh m\u00e1y s\u1ea5y ng\u0169 c\u1ed1c di \u0111\u1ed9ng<\/strong><\/h2>    <p class=\"translation-block\">C\u00f3 hai lo\u1ea1i <strong>m\u00e1y s\u1ea5y ng\u0169 c\u1ed1c di \u0111\u1ed9ng<\/strong>: m\u00e1y s\u1ea5y m\u1ed9t khoang v\u00e0 m\u00e1y s\u1ea5y hai khoang. C\u00f4ng su\u1ea5t c\u1ee7a m\u00e1y n\u00e0y dao \u0111\u1ed9ng t\u1eeb 10 t\u1ea5n\/24 gi\u1edd \u0111\u1ebfn 240 t\u1ea5n, cho ph\u00e9p b\u1ea1n ch\u1ecdn m\u1eabu m\u00e1y ph\u00f9 h\u1ee3p nh\u1ea5t v\u1edbi nhu c\u1ea7u c\u1ee7a m\u00ecnh.<\/p>    <p>M\u00e1y s\u1ea5y ng\u0169 c\u1ed1c v\u1edbi m\u1ed9t khoang:<\/p>    <figure class=\"wp-block-table\"><table class=\"has-fixed-layout\"><tbody><tr><td class=\"has-text-align-center\" data-align=\"center\"><strong>Ng\u01b0\u1eddi m\u1eabu<\/strong><\/td><td class=\"has-text-align-center\" data-align=\"center\"><strong>C\u00f4ng su\u1ea5t (KW)<\/strong><\/td><td class=\"has-text-align-center\" data-align=\"center\"><strong>Tr\u1ecdng l\u01b0\u1ee3ng (T\u1ea5n)<\/strong><\/td><td class=\"has-text-align-center\" data-align=\"center\"><strong>K\u00edch th\u01b0\u1edbc (mm)<\/strong><\/td><td class=\"has-text-align-center\" data-align=\"center\"><strong>\u0110\u1ea7u ra (24 gi\u1edd)<\/strong><\/td><\/tr><tr><td class=\"has-text-align-center\" data-align=\"center\">2T<\/td><td class=\"has-text-align-center\" data-align=\"center\">11<\/td><td class=\"has-text-align-center\" data-align=\"center\">2.8<\/td><td class=\"has-text-align-center\" data-align=\"center\">5100*2000*3800<\/td><td class=\"has-text-align-center\" data-align=\"center\">20T<\/td><\/tr><tr><td class=\"has-text-align-center\" data-align=\"center\">4T<\/td><td class=\"has-text-align-center\" data-align=\"center\">19<\/td><td class=\"has-text-align-center\" data-align=\"center\">4.5<\/td><td class=\"has-text-align-center\" data-align=\"center\">5400*2100*3900<\/td><td class=\"has-text-align-center\" data-align=\"center\">40T<\/td><\/tr><tr><td class=\"has-text-align-center\" data-align=\"center\">6T<\/td><td class=\"has-text-align-center\" data-align=\"center\">24<\/td><td class=\"has-text-align-center\" data-align=\"center\">5.3<\/td><td class=\"has-text-align-center\" data-align=\"center\">5600*2100*4300<\/td><td class=\"has-text-align-center\" data-align=\"center\">60T<\/td><\/tr><tr><td class=\"has-text-align-center\" data-align=\"center\">8T<\/td><td class=\"has-text-align-center\" data-align=\"center\">28<\/td><td class=\"has-text-align-center\" data-align=\"center\">6.5<\/td><td class=\"has-text-align-center\" data-align=\"center\">6000*2100*5800<\/td><td class=\"has-text-align-center\" data-align=\"center\">80T<\/td><\/tr><tr><td class=\"has-text-align-center\" data-align=\"center\">10T<\/td><td class=\"has-text-align-center\" data-align=\"center\">32<\/td><td class=\"has-text-align-center\" data-align=\"center\">7.4<\/td><td class=\"has-text-align-center\" data-align=\"center\">6200*2100*6400<\/td><td class=\"has-text-align-center\" data-align=\"center\">100T<\/td><\/tr><\/tbody><\/table><figcaption class=\"wp-element-caption\">Th\u00f4ng s\u1ed1 c\u1ee7a m\u00e1y s\u1ea5y ng\u0169 c\u1ed1c m\u1ed9t th\u00f9ng<\/figcaption><\/figure>    <h2 class=\"wp-block-heading\"><strong>\u01afu \u0111i\u1ec3m c\u1ee7a m\u00e1y s\u1ea5y ng\u0169 c\u1ed1c di \u0111\u1ed9ng Taizy<\/strong><\/h2>    <ul class=\"wp-block-list\"> <li><strong>Tu\u1ed5i th\u1ecd d\u00e0i<\/strong>Silo c\u1ee7a m\u00e1y s\u1ea5y \u0111\u01b0\u1ee3c l\u00e0m b\u1eb1ng th\u00e9p kh\u00f4ng g\u1ec9, c\u00f3 kh\u1ea3 n\u0103ng ch\u1ed1ng g\u1ec9, c\u1ee9ng v\u00e0 ch\u1ed1ng m\u00e0i m\u00f2n. N\u00f3 c\u00f3 tu\u1ed5i th\u1ecd l\u00e2u h\u01a1n so v\u1edbi c\u00e1c m\u00e1y s\u1ea5y \u0111\u01b0\u1ee3c l\u00e0m t\u1eeb v\u1eadt li\u1ec7u th\u00f4ng th\u01b0\u1eddng.<\/li>    <li><strong>\u1ee8ng d\u1ee5ng r\u1ed9ng r\u00e3i<\/strong>N\u00f3 c\u00f3 nhi\u1ec1u \u1ee9ng d\u1ee5ng kh\u00e1c nhau, v\u00e0 c\u00e1c lo\u1ea1i h\u1ea1t \u00e1p d\u1ee5ng bao g\u1ed3m ng\u00f4, l\u00faa m\u00ec, \u0111\u1eadu, g\u1ea1o, sorgo, k\u00ea, h\u1ea1t c\u1ea3i d\u1ea7u, v.v.<\/li>    <li><strong>D\u1ec5 d\u00e0ng di chuy\u1ec3n<\/strong>M\u00e1y s\u1ea5y di \u0111\u1ed9ng d\u1ec5 v\u1eadn h\u00e0nh v\u00e0 c\u00f3 th\u1ec3 \u0111\u01b0\u1ee3c k\u00e9o \u0111i \u0111\u1ec3 d\u1ec5 d\u00e0ng di chuy\u1ec3n. Khi kh\u00f4ng s\u1eed d\u1ee5ng, n\u00f3 c\u00f3 th\u1ec3 \u0111\u01b0\u1ee3c di chuy\u1ec3n v\u00e0o trong kho \u0111\u1ec3 b\u1ea3o v\u1ec7 kh\u1ecfi gi\u00f3 v\u00e0 n\u1eafng.<\/li>    <li><strong>Hi\u1ec7u su\u1ea5t cao<\/strong>: M\u00e1y s\u1ea5y <strong>m\u00e1y s\u1ea5y ng\u0169 c\u1ed1c di \u0111\u1ed9ng<\/strong> c\u00f3 hi\u1ec7u su\u1ea5t s\u1ea5y cao, v\u1edbi c\u00f4ng su\u1ea5t 10-240 t\u1ea5n m\u1ed7i 24 gi\u1edd.<\/li>    <li><strong>B\u1ea3o \u0111\u1ea3m sau b\u00e1n h\u00e0ng<\/strong>To\u00e0n b\u1ed9 m\u00e1y \u0111\u01b0\u1ee3c b\u1ea3o h\u00e0nh m\u1ed9t n\u0103m. Ch\u00fang t\u00f4i c\u00f3 \u0111\u1ed9i ng\u0169 d\u1ecbch v\u1ee5 sau b\u00e1n h\u00e0ng chuy\u00ean nghi\u1ec7p v\u00e0 h\u1ed7 tr\u1ee3 k\u1ef9 thu\u1eadt, bao g\u1ed3m d\u1ecbch v\u1ee5 l\u1eafp \u0111\u1eb7t v\u00e0 ch\u1ea1y th\u1eed t\u1ea1i ch\u1ed7.<\/li>    <li><strong>S\u1ef1 c\u1ea1nh tranh v\u1ec1 gi\u00e1<\/strong>: Taizy t\u1ef1 s\u1ea3n xu\u1ea5t v\u00e0 b\u00e1n m\u00e1y s\u1ea5y di \u0111\u1ed9ng c\u1ee7a m\u00ecnh, v\u00ec v\u1eady n\u00f3 c\u00f3 kh\u1ea3 n\u0103ng c\u1ea1nh tranh v\u1ec1 gi\u00e1 m\u1ea1nh m\u1ebd tr\u00ean th\u1ecb tr\u01b0\u1eddng.<\/li> <\/ul>   <div class=\"wp-block-image\"> <figure class=\"aligncenter size-full\"><img loading=\"lazy\" decoding=\"async\" width=\"720\" height=\"540\" src=\"https:\/\/corn-machines.com\/wp-content\/uploads\/2025\/08\/mobile-corn-dryer.webp\" alt=\"m\u00e1y s\u1ea5y ng\u00f4 di \u0111\u1ed9ng hi\u1ec3n th\u1ecb\" class=\"wp-image-709\" srcset=\"https:\/\/corn-machines.com\/wp-content\/uploads\/2025\/08\/mobile-corn-dryer.webp 720w, https:\/\/corn-machines.com\/wp-content\/uploads\/2025\/08\/mobile-corn-dryer-300x225.webp 300w, https:\/\/corn-machines.com\/wp-content\/uploads\/2025\/08\/mobile-corn-dryer-16x12.webp 16w\" sizes=\"auto, (max-width: 720px) 100vw, 720px\" \/><figcaption class=\"wp-element-caption\">m\u00e1y s\u1ea5y ng\u00f4 di \u0111\u1ed9ng<\/figcaption><\/figure> <\/div>   <h2 class=\"wp-block-heading\"><strong>C\u1ea5u tr\u00fac c\u1ee7a m\u00e1y s\u1ea5y ng\u0169 c\u1ed1c t\u1ef1 \u0111\u1ed9ng<\/strong><\/h2>    <p class=\"translation-block\"><strong>M\u00e1y s\u1ea5y ng\u0169 c\u1ed1c di \u0111\u1ed9ng<\/strong> bao g\u1ed3m m\u1ed9t silo, thang, c\u1ed5ng n\u1ea1p li\u1ec7u, m\u00e1y s\u1ea5y, b\u1ed9 t\u00e1ch l\u1ed1c xo\u00e1y, m\u00e1y s\u1ea5y, n\u00f3n, b\u00e1nh xe v\u00e0 qu\u1ea1t. Trong s\u1ed1 \u0111\u00f3, silo c\u1ee7a n\u00f3 \u0111\u01b0\u1ee3c l\u00e0m b\u1eb1ng th\u00e9p kh\u00f4ng g\u1ec9, c\u00f3 kh\u1ea3 n\u0103ng ch\u1ed1ng \u0103n m\u00f2n do m\u01b0a, c\u00f3 \u0111\u1ed9 c\u1ee9ng cao, ch\u1eafc ch\u1eafn v\u00e0 ch\u1ed1ng m\u00e0i m\u00f2n.<\/p>   <div class=\"wp-block-image\"> <figure class=\"aligncenter size-full\"><img loading=\"lazy\" decoding=\"async\" width=\"720\" height=\"540\" src=\"https:\/\/corn-machines.com\/wp-content\/uploads\/2025\/08\/the-structure-of-the-grain-drying-machine.webp\" alt=\"c\u1ea5u tr\u00fac c\u1ee7a m\u00e1y s\u1ea5y ng\u0169 c\u1ed1c\" class=\"wp-image-713\" srcset=\"https:\/\/corn-machines.com\/wp-content\/uploads\/2025\/08\/the-structure-of-the-grain-drying-machine.webp 720w, https:\/\/corn-machines.com\/wp-content\/uploads\/2025\/08\/the-structure-of-the-grain-drying-machine-300x225.webp 300w, https:\/\/corn-machines.com\/wp-content\/uploads\/2025\/08\/the-structure-of-the-grain-drying-machine-16x12.webp 16w\" sizes=\"auto, (max-width: 720px) 100vw, 720px\" \/><figcaption class=\"wp-element-caption\">c\u1ea5u tr\u00fac c\u1ee7a m\u00e1y s\u1ea5y ng\u0169 c\u1ed1c<\/figcaption><\/figure> <\/div>   <h2 class=\"wp-block-heading\"><strong>\u1ee8ng d\u1ee5ng c\u1ee7a m\u00e1y s\u1ea5y ng\u00f4<\/strong><\/h2>    <p class=\"translation-block\"><strong>M\u00e1y s\u1ea5y ng\u0169 c\u1ed1c di \u0111\u1ed9ng<\/strong> c\u00f3 ph\u1ea1m vi \u1ee9ng d\u1ee5ng r\u1ed9ng r\u00e3i. N\u00f3 c\u00f3 th\u1ec3 l\u00e0m kh\u00f4 c\u00e1c lo\u1ea1i ng\u0169 c\u1ed1c nh\u01b0 l\u00faa m\u00ec, ng\u00f4, l\u00faa mi\u1ebfn, \u0111\u1eadu n\u00e0nh v\u00e0 k\u00ea. M\u00e1y s\u1ea5y c\u1ee7a ch\u00fang t\u00f4i s\u1eed d\u1ee5ng lu\u1ed3ng kh\u00f4ng kh\u00ed n\u00f3ng t\u1eeb d\u1ea7u th\u1ef1c v\u1eadt \u0111\u1ec3 l\u00e0m kh\u00f4 ng\u0169 c\u1ed1c, kh\u00f4ng l\u00e0m h\u1ecfng ch\u1ea5t l\u01b0\u1ee3ng ho\u1eb7c m\u00e0u s\u1eafc c\u1ee7a ng\u0169 c\u1ed1c.<\/p>   <div class=\"wp-block-image\"> <figure class=\"aligncenter size-full\"><img loading=\"lazy\" decoding=\"async\" width=\"720\" height=\"540\" src=\"https:\/\/corn-machines.com\/wp-content\/uploads\/2025\/08\/application-of-the-mobile-grain-dryer.webp\" alt=\"\u1ee9ng d\u1ee5ng c\u1ee7a m\u00e1y s\u1ea5y ng\u0169 c\u1ed1c di \u0111\u1ed9ng\" class=\"wp-image-707\" srcset=\"https:\/\/corn-machines.com\/wp-content\/uploads\/2025\/08\/application-of-the-mobile-grain-dryer.webp 720w, https:\/\/corn-machines.com\/wp-content\/uploads\/2025\/08\/application-of-the-mobile-grain-dryer-300x225.webp 300w, https:\/\/corn-machines.com\/wp-content\/uploads\/2025\/08\/application-of-the-mobile-grain-dryer-16x12.webp 16w\" sizes=\"auto, (max-width: 720px) 100vw, 720px\" \/><figcaption class=\"wp-element-caption\">\u1ee9ng d\u1ee5ng c\u1ee7a m\u00e1y s\u1ea5y h\u1ea1t<\/figcaption><\/figure> <\/div>   <h2 class=\"wp-block-heading\"><strong>S\u1ef1 kh\u00e1c bi\u1ec7t gi\u1eefa m\u00e1y s\u1ea5y di \u0111\u1ed9ng v\u00e0 m\u00e1y s\u1ea5y th\u00e1p<\/strong><\/h2>    <p>L\u1ee3i th\u1ebf c\u1ee7a m\u00e1y s\u1ea5y ng\u0169 c\u1ed1c di \u0111\u1ed9ng l\u00e0 d\u1ec5 v\u1eadn h\u00e0nh v\u00e0 di chuy\u1ec3n, c\u00f3 th\u1ec3 k\u00e9o v\u00e0o kho khi kh\u00f4ng s\u1eed d\u1ee5ng. C\u00e1c silo ng\u0169 c\u1ed1c b\u1eb1ng th\u00e9p kh\u00f4ng g\u1ec9 c\u0169ng kh\u00f4ng lo b\u1ecb g\u1ec9 s\u00e9t v\u00e0 c\u00f3 chi ph\u00ed b\u1ea3o tr\u00ec th\u1ea5p.<\/p>    <p class=\"translation-block\">M\u00e1y s\u1ea5y th\u00e1p chi\u1ebfm nhi\u1ec1u kh\u00f4ng gian v\u00e0 \u1ed3n \u00e0o. Ch\u00fang ti\u1ebfp x\u00fac v\u1edbi c\u00e1c y\u1ebfu t\u1ed1 m\u00f4i tr\u01b0\u1eddng quanh n\u0103m, v\u00e0 chi ph\u00ed b\u1ea3o tr\u00ec h\u00e0ng n\u0103m c\u1ee7a ch\u00fang cao h\u01a1n so v\u1edbi m\u00e1y s\u1ea5y di \u0111\u1ed9ng.<\/p>    <figure class=\"wp-block-table\"><table class=\"has-fixed-layout\"><tbody><tr><td class=\"has-text-align-center\" data-align=\"center\">C\u00e1c lo\u1ea1i<\/td><td class=\"has-text-align-center\" data-align=\"center\">M\u00e1y s\u1ea5y h\u1ea1t di \u0111\u1ed9ng<\/td><td class=\"has-text-align-center\" data-align=\"center\">M\u00e1y s\u1ea5y h\u1ea1t th\u00e1p<\/td><\/tr><tr><td class=\"has-text-align-center\" data-align=\"center\">Di\u1ec7n t\u00edch s\u00e0n<\/td><td class=\"has-text-align-center\" data-align=\"center\">Nh\u1ecf<\/td><td class=\"has-text-align-center\" data-align=\"center\">L\u1edbn<\/td><\/tr><tr><td class=\"has-text-align-center\" data-align=\"center\">Chi ph\u00ed b\u1ea3o tr\u00ec<\/td><td class=\"has-text-align-center\" data-align=\"center\">Th\u1ea5p<\/td><td class=\"has-text-align-center\" data-align=\"center\">Cao<\/td><\/tr><tr><td class=\"has-text-align-center\" data-align=\"center\">M\u1ee9c \u0111\u1ed9 ti\u1ebfng \u1ed3n<\/td><td class=\"has-text-align-center\" data-align=\"center\">Th\u1ea5p<\/td><td class=\"has-text-align-center\" data-align=\"center\">Cao<\/td><\/tr><tr><td class=\"has-text-align-center\" data-align=\"center\">Di chuy\u1ec3n<\/td><td class=\"has-text-align-center\" data-align=\"center\">D\u1ec5 d\u00e0ng<\/td><td class=\"has-text-align-center\" data-align=\"center\">Kh\u00f3 kh\u0103n<\/td><\/tr><\/tbody><\/table><figcaption class=\"wp-element-caption\"><strong>S\u1ef1 kh\u00e1c bi\u1ec7t gi\u1eefa m\u00e1y s\u1ea5y ng\u00f4 di \u0111\u1ed9ng v\u00e0 m\u00e1y s\u1ea5y h\u1ea1t th\u00e1p<\/strong><\/figcaption><\/figure>    <figure class=\"wp-block-gallery has-nested-images columns-default is-cropped wp-block-gallery-2 is-layout-flex wp-block-gallery-is-layout-flex\"> <figure class=\"wp-block-image size-full\"><img loading=\"lazy\" decoding=\"async\" width=\"720\" height=\"540\" data-id=\"715\" src=\"https:\/\/corn-machines.com\/wp-content\/uploads\/2025\/08\/the-tower-grain-dryer-1.webp\" alt=\"m\u00e1y s\u1ea5y ng\u0169 c\u1ed1c th\u00e1p\" class=\"wp-image-715\" srcset=\"https:\/\/corn-machines.com\/wp-content\/uploads\/2025\/08\/the-tower-grain-dryer-1.webp 720w, https:\/\/corn-machines.com\/wp-content\/uploads\/2025\/08\/the-tower-grain-dryer-1-300x225.webp 300w, https:\/\/corn-machines.com\/wp-content\/uploads\/2025\/08\/the-tower-grain-dryer-1-16x12.webp 16w\" sizes=\"auto, (max-width: 720px) 100vw, 720px\" \/><figcaption class=\"wp-element-caption\">m\u00e1y s\u1ea5y ng\u0169 c\u1ed1c th\u00e1p<\/figcaption><\/figure>    <figure class=\"wp-block-image size-full\"><img loading=\"lazy\" decoding=\"async\" width=\"720\" height=\"540\" data-id=\"815\" src=\"https:\/\/corn-machines.com\/wp-content\/uploads\/2025\/08\/mobile-corn-drying-machine.webp\" alt=\"tr\u01b0ng b\u00e0y m\u00e1y s\u1ea5y ng\u00f4 di \u0111\u1ed9ng\" class=\"wp-image-815\" srcset=\"https:\/\/corn-machines.com\/wp-content\/uploads\/2025\/08\/mobile-corn-drying-machine.webp 720w, https:\/\/corn-machines.com\/wp-content\/uploads\/2025\/08\/mobile-corn-drying-machine-300x225.webp 300w, https:\/\/corn-machines.com\/wp-content\/uploads\/2025\/08\/mobile-corn-drying-machine-16x12.webp 16w\" sizes=\"auto, (max-width: 720px) 100vw, 720px\" \/><figcaption class=\"wp-element-caption\">m\u00e1y s\u1ea5y ng\u00f4 di \u0111\u1ed9ng<\/figcaption><\/figure> <\/figure>    <h2 class=\"wp-block-heading\"><strong>M\u1ed9t m\u00e1y s\u1ea5y ng\u0169 c\u1ed1c di \u0111\u1ed9ng gi\u00e1 bao nhi\u00eau?<\/strong><\/h2>    <p class=\"translation-block\">Gi\u00e1 c\u1ee7a <strong>m\u00e1y s\u1ea5y ng\u0169 c\u1ed1c di \u0111\u1ed9ng<\/strong> b\u1ecb \u1ea3nh h\u01b0\u1edfng b\u1edfi nhi\u1ec1u y\u1ebfu t\u1ed1, bao g\u1ed3m m\u1eabu m\u00e1y, c\u00f4ng su\u1ea5t s\u1ea3n xu\u1ea5t, lo\u1ea1i \u0111\u1ea7u \u0111\u1ed1t v\u00e0 li\u1ec7u n\u00f3 c\u00f3 th\u1ec3 t\u00f9y ch\u1ec9nh hay kh\u00f4ng.<\/p>    <p>M\u00f4 h\u00ecnh v\u00e0 c\u00f4ng su\u1ea5t: M\u00e1y s\u1ea5y ng\u00f4 c\u00f3 c\u00e1c m\u00f4 h\u00ecnh v\u00e0 c\u00f4ng su\u1ea5t kh\u00e1c nhau c\u00f3 gi\u00e1 kh\u00e1c nhau. N\u00f3i chung, m\u00e1y s\u1ea5y l\u1edbn h\u01a1n v\u00e0 c\u00f3 c\u00f4ng su\u1ea5t cao h\u01a1n th\u01b0\u1eddng \u0111\u1eaft h\u01a1n do hi\u1ec7u su\u1ea5t cao h\u01a1n v\u00e0 c\u00f4ng su\u1ea5t l\u1edbn h\u01a1n.<\/p>    <p>T\u00f9y ch\u1ec9nh: Vi\u1ec7c m\u1ed9t m\u00e1y s\u1ea5y h\u1ea1t t\u1ef1 \u0111\u1ed9ng c\u00f3 c\u1ea7n t\u00f9y ch\u1ec9nh hay kh\u00f4ng c\u0169ng \u1ea3nh h\u01b0\u1edfng \u0111\u1ebfn gi\u00e1 c\u1ee7a n\u00f3. C\u00e1c t\u00f9y ch\u1ecdn t\u00f9y ch\u1ec9nh b\u1ed5 sung, ch\u1eb3ng h\u1ea1n nh\u01b0 v\u1eadt li\u1ec7u b\u1ec1n cho c\u00e1c m\u00f4i tr\u01b0\u1eddng chuy\u00ean bi\u1ec7t, c\u00f3 th\u1ec3 l\u00e0m t\u0103ng gi\u00e1.<\/p>   <div class=\"wp-block-image\"> <figure class=\"aligncenter size-full\"><img loading=\"lazy\" decoding=\"async\" width=\"720\" height=\"540\" src=\"https:\/\/corn-machines.com\/wp-content\/uploads\/2025\/08\/the-mobile-cereal-drying-machine.webp\" alt=\"m\u00e1y s\u1ea5y ng\u0169 c\u1ed1c di \u0111\u1ed9ng\" class=\"wp-image-712\" srcset=\"https:\/\/corn-machines.com\/wp-content\/uploads\/2025\/08\/the-mobile-cereal-drying-machine.webp 720w, https:\/\/corn-machines.com\/wp-content\/uploads\/2025\/08\/the-mobile-cereal-drying-machine-300x225.webp 300w, https:\/\/corn-machines.com\/wp-content\/uploads\/2025\/08\/the-mobile-cereal-drying-machine-16x12.webp 16w\" sizes=\"auto, (max-width: 720px) 100vw, 720px\" \/><figcaption class=\"wp-element-caption\">m\u00e1y s\u1ea5y ng\u0169 c\u1ed1c di \u0111\u1ed9ng<\/figcaption><\/figure> <\/div>   <h2 class=\"wp-block-heading\">C\u00e2u h\u1ecfi th\u01b0\u1eddng g\u1eb7p v\u1ec1 m\u00e1y s\u1ea5y ng\u0169 c\u1ed1c di \u0111\u1ed9ng<\/h2>   <div id=\"rank-math-faq\" class=\"rank-math-block\"> <div class=\"rank-math-list\"> <div id=\"faq-question-1754355955598\" class=\"rank-math-list-item\"> <h3 class=\"rank-math-question\">L\u1ee3i \u00edch c\u1ee7a th\u00e9p kh\u00f4ng g\u1ec9 l\u00e0 g\u00ec?<\/h3> <div class=\"rank-math-answer\">  <p>L\u1ee3i th\u1ebf c\u1ee7a th\u00e9p kh\u00f4ng g\u1ec9 l\u00e0 khi m\u00e1y \u0111ang ho\u1ea1t \u0111\u1ed9ng, h\u01a1i n\u01b0\u1edbc s\u1ebd tho\u00e1t ra. Th\u00e9p kh\u00f4ng g\u1ec9 kh\u00f4ng s\u1ee3 b\u1ecb \u0103n m\u00f2n v\u00e0 s\u1ebd kh\u00f4ng c\u00f3 v\u1ebft g\u1ec9. Ngay c\u1ea3 khi m\u00e1y \u0111\u01b0\u1ee3c c\u1ea5t \u0111i sau khi s\u1eed d\u1ee5ng trong n\u0103m nay, n\u00f3 v\u1eabn s\u1ebd s\u1eed d\u1ee5ng t\u1ed1t v\u00e0o n\u0103m sau.<\/p>  <\/div> <\/div> <div id=\"faq-question-1754355991319\" class=\"rank-math-list-item\"> <h3 class=\"rank-math-question\">Nh\u1eefng lo\u1ea1i c\u00e2y tr\u1ed3ng n\u00e0o c\u00f3 th\u1ec3 \u0111\u01b0\u1ee3c s\u1ea5y trong m\u00e1y s\u1ea5y ng\u0169 c\u1ed1c di \u0111\u1ed9ng? Nhi\u1ec7t \u0111\u1ed9 l\u00e0 bao nhi\u00eau?<\/h3> <div class=\"rank-math-answer\">  <p>N\u00f3 c\u00f3 th\u1ec3 s\u1ea5y ng\u00f4, l\u00faa m\u00ec, \u0111\u1eadu, g\u1ea1o, k\u00ea, h\u1ea1t c\u1ea3i d\u1ea7u, v.v. Nhi\u1ec7t \u0111\u1ed9 s\u1ea5y nh\u01b0 sau.<br \/>Ng\u00f4: 100-140\u00b0C.<br \/>L\u00faa m\u00ec: 80-90\u00b0C.<br \/>G\u1ea1o: 60-70\u00b0C.<br \/>Sorghum: 100-140\u00b0C.<br \/>H\u1ea1t c\u1ea3i d\u1ea7u: 100\u00b0C.<\/p>  <\/div> <\/div> <div id=\"faq-question-1754356184021\" class=\"rank-math-list-item\"> <h3 class=\"rank-math-question\">Nh\u1eefng ngu\u1ed3n nhi\u1ec7t n\u00e0o c\u00f3 th\u1ec3 \u0111\u01b0\u1ee3c s\u1eed d\u1ee5ng?<\/h3> <div class=\"rank-math-answer\">  <p>M\u00e1y s\u1ea5y c\u00e2y tr\u1ed3ng c\u00f3 th\u1ec3 \u0111\u01b0\u1ee3c cung c\u1ea5p n\u0103ng l\u01b0\u1ee3ng b\u1eb1ng than, d\u1ea7u, methanol, sinh kh\u1ed1i ho\u1eb7c \u0111i\u1ec7n.<\/p>  <\/div> <\/div> <div id=\"faq-question-1754356195689\" class=\"rank-math-list-item\"> <h3 class=\"rank-math-question\">Ngu\u1ed3n nhi\u1ec7t n\u00e0o l\u00e0 hi\u1ec7u qu\u1ea3 v\u1ec1 chi ph\u00ed nh\u1ea5t \u0111\u1ec3 s\u1eed d\u1ee5ng?<\/h3> <div class=\"rank-math-answer\">  <p>Than \u0111\u00e1 l\u00e0 r\u1ebb nh\u1ea5t, c\u00f3 gi\u00e1 trung b\u00ecnh t\u1eeb 35-40 nh\u00e2n d\u00e2n t\u1ec7 m\u1ed7i t\u1ea5n than kh\u00f4. \u0110i\u1ec7n l\u00e0 \u0111\u1eaft nh\u1ea5t, v\u00e0 h\u1ea7u h\u1ebft n\u00f4ng d\u00e2n kh\u00f4ng s\u1eed d\u1ee5ng n\u00f3. Nh\u1eefng ng\u01b0\u1eddi s\u1eed d\u1ee5ng \u0111i\u1ec7n ch\u1ec9 l\u00e0 c\u00e1c tr\u1ea1m ng\u0169 c\u1ed1c l\u1edbn, h\u1ecd s\u1eed d\u1ee5ng c\u00e1c m\u00e1y bi\u1ebfn \u00e1p ri\u00eang v\u00e0 nh\u1eadn tr\u1ee3 c\u1ea5p t\u1eeb ch\u00ednh ph\u1ee7.<\/p>  <\/div> <\/div> <\/div> <\/div>   <h2 class=\"wp-block-heading\"><strong>Li\u00ean h\u1ec7 v\u1edbi ch\u00fang t\u00f4i ngay b\u00e2y gi\u1edd!<\/strong><\/h2>    <p>D\u00f9 b\u1ea1n l\u00e0 m\u1ed9t n\u00f4ng d\u00e2n nh\u1ecf hay m\u1ed9t nh\u00e0 \u0111i\u1ec1u h\u00e0nh kho h\u1ea1t l\u1edbn, m\u00e1y s\u1ea5y n\u00f4ng s\u1ea3n di \u0111\u1ed9ng n\u00e0y ch\u1eafc ch\u1eafn s\u1ebd \u0111\u00e1p \u1ee9ng nhu c\u1ea7u c\u1ee7a b\u1ea1n. Hi\u1ec7u su\u1ea5t v\u01b0\u1ee3t tr\u1ed9i v\u00e0 \u0111\u1ed9i ng\u0169 ch\u0103m s\u00f3c kh\u00e1ch h\u00e0ng t\u1eadn t\u00e2m \u0111\u00e3 khi\u1ebfn n\u00f3 tr\u1edf th\u00e0nh s\u1ef1 l\u1ef1a ch\u1ecdn ph\u1ed5 bi\u1ebfn tr\u00ean to\u00e0n c\u1ea7u. N\u1ebfu b\u1ea1n c\u00f3 b\u1ea5t k\u1ef3 c\u00e2u h\u1ecfi n\u00e0o, vui l\u00f2ng li\u00ean h\u1ec7 v\u1edbi ch\u00fang t\u00f4i h\u00f4m nay!<\/p>","protected":false},"excerpt":{"rendered":"<p>B\u00e0i vi\u1ebft n\u00e0y ch\u1ee7 y\u1ebfu gi\u1edbi thi\u1ec7u v\u1ec1 m\u00e1y s\u1ea5y ng\u0169 c\u1ed1c di \u0111\u1ed9ng, bao g\u1ed3m c\u00e1c m\u1eabu m\u00e3, th\u00f4ng s\u1ed1 k\u1ef9 thu\u1eadt, \u1ee9ng d\u1ee5ng v\u00e0 l\u1ee3i \u00edch c\u1ee7a ch\u00fang. N\u00f3 cung c\u1ea5p th\u00f4ng tin tham kh\u1ea3o qu\u00fd gi\u00e1 cho kh\u00e1ch h\u00e0ng c\u1ea7n m\u00e1y s\u1ea5y.<\/p>","protected":false},"author":1,"featured_media":708,"parent":0,"template":"","tags":[42,52,53],"product-type":[6],"class_list":["post-706","product","type-product","status-publish","has-post-thumbnail","hentry","tag-corn","tag-grain","tag-grain-drying","product-type-grain-drying-machine"],"_links":{"self":[{"href":"https:\/\/corn-machines.com\/vi\/wp-json\/wp\/v2\/product\/706","targetHints":{"allow":["GET"]}}],"collection":[{"href":"https:\/\/corn-machines.com\/vi\/wp-json\/wp\/v2\/product"}],"about":[{"href":"https:\/\/corn-machines.com\/vi\/wp-json\/wp\/v2\/types\/product"}],"author":[{"embeddable":true,"href":"https:\/\/corn-machines.com\/vi\/wp-json\/wp\/v2\/users\/1"}],"wp:featuredmedia":[{"embeddable":true,"href":"https:\/\/corn-machines.com\/vi\/wp-json\/wp\/v2\/media\/708"}],"wp:attachment":[{"href":"https:\/\/corn-machines.com\/vi\/wp-json\/wp\/v2\/media?parent=706"}],"wp:term":[{"taxonomy":"post_tag","embeddable":true,"href":"https:\/\/corn-machines.com\/vi\/wp-json\/wp\/v2\/tags?post=706"},{"taxonomy":"product-type","embeddable":true,"href":"https:\/\/corn-machines.com\/vi\/wp-json\/wp\/v2\/product-type?post=706"}],"curies":[{"name":"wp","href":"https:\/\/api.w.org\/{rel}","templated":true}]}}