{"id":426,"date":"2022-10-21T18:37:25","date_gmt":"2022-10-21T10:37:25","guid":{"rendered":"https:\/\/corn-machines.com\/?post_type=product&#038;p=426"},"modified":"2025-09-01T09:35:06","modified_gmt":"2025-09-01T01:35:06","slug":"corn-harvester-machine","status":"publish","type":"product","link":"https:\/\/corn-machines.com\/vi\/product\/corn-harvester-machine\/","title":{"rendered":"M\u00e1y g\u1eb7t ng\u00f4 2 h\u00e0ng | m\u00e1y h\u00e1i ng\u00f4"},"content":{"rendered":"<p>M\u1ed9t m\u00e1y g\u1eb7t ng\u00f4 l\u00e0 m\u1ed9t thi\u1ebft b\u1ecb thu ho\u1ea1ch ng\u00f4. M\u00e1y g\u1eb7t ng\u00f4 \u0111\u01b0\u1ee3c k\u1ebft h\u1ee3p v\u1edbi m\u1ed9t chi\u1ebfc m\u00e1y k\u00e9o v\u00e0 c\u00f3 th\u1ec3 v\u1eadn h\u00e0nh trong cabin. M\u00e1y g\u1eb7t ng\u00f4 n\u00e0y l\u00e0 m\u1ed9t m\u00e1y g\u1eb7t ng\u00f4 hai h\u00e0ng c\u1ee1 trung b\u00ecnh v\u00e0 l\u00e0 m\u1eabu \u0111\u01b0\u1ee3c \u01b0a chu\u1ed9ng nh\u1ea5t. M\u00e1y g\u1eb7t ng\u00f4 c\u00f3 th\u1ec3 nghi\u1ec1n n\u00e1t th\u00e2n c\u00e2y ng\u00f4 v\u00e0 c\u0169ng c\u00f3 th\u1ec3 b\u00f3c v\u1ecf ng\u00f4. T\u1ed1c \u0111\u1ed9 thu ho\u1ea1ch ng\u00f4 l\u00ean t\u1edbi 97%<\/p>    <figure class=\"wp-block-image size-full\"><img loading=\"lazy\" decoding=\"async\" width=\"720\" height=\"540\" src=\"https:\/\/corn-machines.com\/wp-content\/uploads\/2022\/10\/corn-harvester-machine.jpg\" alt=\"m\u00e1y thu ho\u1ea1ch ng\u00f4\" class=\"wp-image-433\" srcset=\"https:\/\/corn-machines.com\/wp-content\/uploads\/2022\/10\/corn-harvester-machine.jpg 720w, https:\/\/corn-machines.com\/wp-content\/uploads\/2022\/10\/corn-harvester-machine-300x225.jpg 300w\" sizes=\"auto, (max-width: 720px) 100vw, 720px\" \/><figcaption class=\"wp-element-caption\">m\u00e1y thu ho\u1ea1ch ng\u00f4<\/figcaption><\/figure>    <h2 class=\"wp-block-heading\">M\u00e1y g\u1eb7t ng\u00f4 c\u00f3 ch\u1ee9c n\u0103ng g\u00ec?<\/h2>    <figure class=\"wp-block-gallery has-nested-images columns-default is-cropped wp-block-gallery-2 is-layout-flex wp-block-gallery-is-layout-flex\"> <figure class=\"wp-block-image size-large\"><img loading=\"lazy\" decoding=\"async\" width=\"720\" height=\"540\" data-id=\"435\" src=\"https:\/\/corn-machines.com\/wp-content\/uploads\/2022\/10\/corn-with-straw.jpg\" alt=\"ng\u00f4 v\u1edbi r\u01a1m\" class=\"wp-image-435\" srcset=\"https:\/\/corn-machines.com\/wp-content\/uploads\/2022\/10\/corn-with-straw.jpg 720w, https:\/\/corn-machines.com\/wp-content\/uploads\/2022\/10\/corn-with-straw-300x225.jpg 300w\" sizes=\"auto, (max-width: 720px) 100vw, 720px\" \/><figcaption class=\"wp-element-caption\">ng\u00f4 v\u1edbi r\u01a1m<\/figcaption><\/figure>    <figure class=\"wp-block-image size-large\"><img loading=\"lazy\" decoding=\"async\" width=\"720\" height=\"540\" data-id=\"436\" src=\"https:\/\/corn-machines.com\/wp-content\/uploads\/2022\/10\/corn.jpg\" alt=\"ng\u00f4\" class=\"wp-image-436\" srcset=\"https:\/\/corn-machines.com\/wp-content\/uploads\/2022\/10\/corn.jpg 720w, https:\/\/corn-machines.com\/wp-content\/uploads\/2022\/10\/corn-300x225.jpg 300w\" sizes=\"auto, (max-width: 720px) 100vw, 720px\" \/><figcaption class=\"wp-element-caption\">ng\u00f4<\/figcaption><\/figure> <\/figure>    <p class=\"translation-block\">M\u00e1y thu ho\u1ea1ch ng\u00f4 c\u00f3 th\u1ec3 nghi\u1ec1n n\u00e1t th\u00e2n ng\u00f4, v\u00e0 c\u0169ng c\u00f3 th\u1ec3 b\u00f3c v\u1ecf m\u1ed9t m\u00e9t, v\u00ec v\u1eady m\u00e1y n\u00e0y c\u00f3 hai ch\u1ee9c n\u0103ng, ng\u00f4 xay c\u00f3 th\u1ec3 \u0111\u01b0\u1ee3c s\u1eed d\u1ee5ng tr\u1ef1c ti\u1ebfp l\u00e0m ph\u00e2n b\u00f3n \u1edf ru\u1ed9ng. Sau khi ng\u00f4 \u0111\u01b0\u1ee3c b\u00f3c v\u1ecf, n\u00f3 c\u00f3 th\u1ec3 \u0111\u01b0\u1ee3c s\u1ea5y kh\u00f4 tr\u1ef1c ti\u1ebfp, r\u1ed3i sau \u0111\u00f3 \u0111\u01b0\u1ee3c th\u00f3c b\u1eb1ng m\u1ed9t<a href=\"https:\/\/corn-machines.com\/vi\/product\/corn-shelling-machine\/\" data-type=\"URL\" data-id=\"https:\/\/corn-machines.com\/product\/corn-shelling-machine\/\"> m\u00e1y s\u1ea3y ng\u00f4<\/a> \u0111\u1ec3 ho\u00e0n th\u00e0nh s\u1ea3n xu\u1ea5t c\u00f3 c\u01a1 gi\u1edbi ho\u00e1 c\u1ee7a ng\u00f4.<\/p>    <h2 class=\"wp-block-heading\">C\u00f3 nh\u1eefng lo\u1ea1i m\u00e1y g\u1eb7t ng\u00f4 n\u00e0o?<\/h2>    <figure class=\"wp-block-image size-full\"><img loading=\"lazy\" decoding=\"async\" width=\"720\" height=\"540\" src=\"https:\/\/corn-machines.com\/wp-content\/uploads\/2022\/10\/corn-harvester-machine-1.jpg\" alt=\"m\u00e1y thu ho\u1ea1ch ng\u00f4\" class=\"wp-image-437\" srcset=\"https:\/\/corn-machines.com\/wp-content\/uploads\/2022\/10\/corn-harvester-machine-1.jpg 720w, https:\/\/corn-machines.com\/wp-content\/uploads\/2022\/10\/corn-harvester-machine-1-300x225.jpg 300w\" sizes=\"auto, (max-width: 720px) 100vw, 720px\" \/><figcaption class=\"wp-element-caption\">m\u00e1y thu ho\u1ea1ch ng\u00f4<\/figcaption><\/figure>    <p class=\"translation-block\">M\u00e1y thu ho\u1ea1ch ng\u00f4 n\u00e0y l\u00e0 m\u1ed9t m\u00e1y thu ho\u1ea1ch ng\u00f4 c\u00f3 th\u1ec3 thu ho\u1ea1ch hai h\u00e0ng c\u00f9ng l\u00fac, v\u00e0 c\u00f2n c\u00f3 <a href=\"https:\/\/corn-machines.com\/vi\/product\/mini-corn-harvesting-machine-maize-picker-machine\/\" data-type=\"URL\" data-id=\"https:\/\/corn-machines.com\/product\/mini-corn-harvesting-machine-maize-picker-machine\/\">m\u00e1y thu ho\u1ea1ch ng\u00f4 1 h\u00e0ng di \u0111\u1ed9ng<\/a>, m\u00e1y thu ho\u1ea1ch ng\u00f4 ba h\u00e0ng v\u00e0 m\u00e1y thu ho\u1ea1ch ng\u00f4 4 h\u00e0ng, t\u1ea5t c\u1ea3 \u0111\u1ec1u c\u00f3 th\u1ec3 \u0111\u01b0\u1ee3c ch\u1ecdn.<\/p>    <h2 class=\"wp-block-heading\">S\u1eed d\u1ee5ng m\u00e1y g\u1eb7t ng\u00f4 nh\u01b0 th\u1ebf n\u00e0o?<\/h2>    <p>M\u00e1y g\u1eb7t ng\u00f4 hai h\u00e0ng n\u00e0y c\u1ea7n \u0111\u01b0\u1ee3c s\u1eed d\u1ee5ng k\u1ebft h\u1ee3p v\u1edbi m\u00e1y k\u00e9o. M\u00e1y g\u1eb7t ng\u00f4 ba h\u00e0ng v\u00e0 m\u00e1y g\u1eb7t ng\u00f4 b\u1ed1n h\u00e0ng c\u0169ng c\u1ea7n \u0111\u01b0\u1ee3c trang b\u1ecb m\u00e1y k\u00e9o, tuy nhi\u00ean m\u00e3 l\u1ef1c c\u1ee7a m\u00e1y k\u00e9o c\u1ea7n trang b\u1ecb c\u0169ng kh\u00e1c nhau t\u00f9y theo t\u1eebng m\u1eabu m\u00e1y. M\u00e1y g\u1eb7t ng\u00f4 hai h\u00e0ng n\u00e0y c\u00f3 th\u1ec3 \u0111\u01b0\u1ee3c \u0111i\u1ec1u khi\u1ec3n v\u00e0 c\u00f3 kh\u1ea3 n\u0103ng \u0111i\u1ec1u khi\u1ec3n m\u1ea1nh m\u1ebd.<\/p>    <h2 class=\"wp-block-heading\">Th\u00f4ng s\u1ed1 c\u1ee7a m\u00e1y g\u1eb7t ng\u00f4 hai h\u00e0ng<\/h2>    <figure class=\"wp-block-image size-full\"><img loading=\"lazy\" decoding=\"async\" width=\"720\" height=\"540\" src=\"https:\/\/corn-machines.com\/wp-content\/uploads\/2022\/10\/corn-harvester.jpg\" alt=\"m\u00e1y g\u1eb7t ng\u00f4\" class=\"wp-image-438\" srcset=\"https:\/\/corn-machines.com\/wp-content\/uploads\/2022\/10\/corn-harvester.jpg 720w, https:\/\/corn-machines.com\/wp-content\/uploads\/2022\/10\/corn-harvester-300x225.jpg 300w\" sizes=\"auto, (max-width: 720px) 100vw, 720px\" \/><figcaption class=\"wp-element-caption\">m\u00e1y g\u1eb7t ng\u00f4<\/figcaption><\/figure>    <figure class=\"wp-block-table\"><table><tbody><tr><td>Ng\u01b0\u1eddi m\u1eabu<\/td><td>CH-2<\/td><\/tr><tr><td>xi lanh<\/td><td>4<\/td><\/tr><tr><td>K\u00edch th\u01b0\u1edbc<\/td><td>4850*1450*2600mm<\/td><\/tr><tr><td>C\u00e2n n\u1eb7ng<\/td><td>2650<\/td><\/tr><tr><td>H\u00e0ng ngang<\/td><td>2<\/td><\/tr><tr><td>Chi\u1ec1u r\u1ed9ng c\u1eaft<\/td><td>1135mm<\/td><\/tr><tr><td>Kho\u1ea3ng c\u00e1ch h\u00e0ng<\/td><td>420-890mm<\/td><\/tr><tr><td>Chi\u1ec1u cao c\u1eaft t\u1ed1i \u0111a<\/td><td>2120mm<\/td><\/tr><tr><td>Kho\u1ea3ng c\u00e1ch t\u1ed1i thi\u1ec3u t\u1eeb m\u1eb7t \u0111\u1ea5t<\/td><td>150mm<\/td><\/tr><tr><td>T\u1ed1c \u0111\u1ed9 l\u00e0m vi\u1ec7c<\/td><td>2,2-5,0 km\/h<\/td><\/tr><tr><td>Dung t\u00edch<\/td><td>0,15-0,3h\u33a1\/h<\/td><\/tr><tr><td>Ti\u00eau th\u1ee5 nhi\u00ean li\u1ec7u<\/td><td>D\u01b0\u1edbi 25kg\/gi\u1edd \u33a1<\/td><\/tr><tr><td>Con l\u0103n l\u1ed9t<\/td><td>Con l\u0103n cao su xo\u1eafn \u1ed1c<\/td><\/tr><tr><td>Thi\u1ebft b\u1ecb l\u1ed9t<\/td><td>8 con l\u0103n l\u1ed9t<\/td><\/tr><tr><td>Kho\u1ea3ng c\u00e1ch tr\u1ee5c<\/td><td>2300mm<\/td><\/tr><tr><td>Chi\u1ec1u r\u1ed9ng c\u1ee7a r\u01a1m tr\u1edf v\u1ec1 ru\u1ed9ng<\/td><td>930mm<\/td><\/tr><tr><td>Kho\u1ea3ng c\u00e1ch b\u00e1nh xe<\/td><td>B\u00e1nh tr\u01b0\u1edbc (1200mm)<br>B\u00e1nh sau (1300mm)<\/td><\/tr><\/tbody><\/table><\/figure>    <figure class=\"wp-block-gallery has-nested-images columns-default is-cropped wp-block-gallery-3 is-layout-flex wp-block-gallery-is-layout-flex\"> <figure class=\"wp-block-image size-large\"><img loading=\"lazy\" decoding=\"async\" width=\"720\" height=\"540\" data-id=\"439\" src=\"https:\/\/corn-machines.com\/wp-content\/uploads\/2022\/10\/Before-corn-harvest.jpg\" alt=\"Tr\u01b0\u1edbc khi thu ho\u1ea1ch ng\u00f4\" class=\"wp-image-439\" srcset=\"https:\/\/corn-machines.com\/wp-content\/uploads\/2022\/10\/Before-corn-harvest.jpg 720w, https:\/\/corn-machines.com\/wp-content\/uploads\/2022\/10\/Before-corn-harvest-300x225.jpg 300w\" sizes=\"auto, (max-width: 720px) 100vw, 720px\" \/><figcaption class=\"wp-element-caption\">Tr\u01b0\u1edbc khi thu ho\u1ea1ch ng\u00f4<\/figcaption><\/figure>    <figure class=\"wp-block-image size-large\"><img loading=\"lazy\" decoding=\"async\" width=\"720\" height=\"540\" data-id=\"440\" src=\"https:\/\/corn-machines.com\/wp-content\/uploads\/2022\/10\/after-corn-harvest.jpg\" alt=\"sau khi thu ho\u1ea1ch ng\u00f4\" class=\"wp-image-440\" srcset=\"https:\/\/corn-machines.com\/wp-content\/uploads\/2022\/10\/after-corn-harvest.jpg 720w, https:\/\/corn-machines.com\/wp-content\/uploads\/2022\/10\/after-corn-harvest-300x225.jpg 300w\" sizes=\"auto, (max-width: 720px) 100vw, 720px\" \/><figcaption class=\"wp-element-caption\">sau khi thu ho\u1ea1ch ng\u00f4<\/figcaption><\/figure> <\/figure>    <h2 class=\"wp-block-heading\">Video m\u00e1y h\u00e1i ng\u00f4<\/h2>    <figure class=\"wp-block-embed is-type-video is-provider-youtube wp-block-embed-youtube wp-embed-aspect-16-9 wp-has-aspect-ratio\"><div class=\"wp-block-embed__wrapper\"> <iframe loading=\"lazy\" title=\"B\u00e1n m\u00e1y g\u1eb7t ng\u00f4 2 h\u00e0ng | m\u00e1y thu ho\u1ea1ch ng\u00f4 | mahcine \u0111\u00f3ng g\u00f3i ng\u00f4 | thi\u1ebft b\u1ecb ng\u00f4\" width=\"500\" height=\"281\" src=\"https:\/\/www.youtube.com\/embed\/5iZVlFGZIks?start=50&#038;feature=oembed\" frameborder=\"0\" allow=\"accelerometer; autoplay; clipboard-write; encrypted-media; gyroscope; picture-in-picture; web-share\" referrerpolicy=\"strict-origin-when-cross-origin\" allowfullscreen><\/iframe> <\/div><figcaption class=\"wp-element-caption\">Video m\u00e1y h\u00e1i ng\u00f4<\/figcaption><\/figure>","protected":false},"excerpt":{"rendered":"<p>A corn harvester machine is an equipment for harvesting corn. The corn harvester is combined with a tractor and can be operated in a cab. This maize harvester is a medium-sized two-row corn harvester and is the most popular model. The corn harvester can crush corn stalks and also perform corn peeling. The harvest rate [&hellip;]<\/p>\n","protected":false},"author":1,"featured_media":428,"parent":0,"template":"","tags":[19],"product-type":[3],"class_list":["post-426","product","type-product","status-publish","has-post-thumbnail","hentry","tag-corn-harvesting-machine","product-type-corn-harvesting-machine"],"_links":{"self":[{"href":"https:\/\/corn-machines.com\/vi\/wp-json\/wp\/v2\/product\/426","targetHints":{"allow":["GET"]}}],"collection":[{"href":"https:\/\/corn-machines.com\/vi\/wp-json\/wp\/v2\/product"}],"about":[{"href":"https:\/\/corn-machines.com\/vi\/wp-json\/wp\/v2\/types\/product"}],"author":[{"embeddable":true,"href":"https:\/\/corn-machines.com\/vi\/wp-json\/wp\/v2\/users\/1"}],"wp:featuredmedia":[{"embeddable":true,"href":"https:\/\/corn-machines.com\/vi\/wp-json\/wp\/v2\/media\/428"}],"wp:attachment":[{"href":"https:\/\/corn-machines.com\/vi\/wp-json\/wp\/v2\/media?parent=426"}],"wp:term":[{"taxonomy":"post_tag","embeddable":true,"href":"https:\/\/corn-machines.com\/vi\/wp-json\/wp\/v2\/tags?post=426"},{"taxonomy":"product-type","embeddable":true,"href":"https:\/\/corn-machines.com\/vi\/wp-json\/wp\/v2\/product-type?post=426"}],"curies":[{"name":"wp","href":"https:\/\/api.w.org\/{rel}","templated":true}]}}