{"id":290,"date":"2022-09-14T03:32:11","date_gmt":"2022-09-14T03:32:11","guid":{"rendered":"https:\/\/corn-machines.com\/?post_type=product&#038;p=290"},"modified":"2022-10-31T09:29:52","modified_gmt":"2022-10-31T01:29:52","slug":"grain-dryer","status":"publish","type":"product","link":"https:\/\/corn-machines.com\/vi\/product\/grain-dryer\/","title":{"rendered":"M\u00e1y s\u1ea5y ng\u0169 c\u1ed1c | m\u00e1y s\u1ea5y ng\u00f4"},"content":{"rendered":"<p>M\u00e1y s\u1ea5y ng\u0169 c\u1ed1c l\u00e0 m\u00e1y s\u1ea5y ng\u0169 c\u1ed1c v\u00e0 h\u1ea1t \u1edf nhi\u1ec7t \u0111\u1ed9 th\u1ea5p. C\u00f3 nhi\u1ec1u lo\u1ea1i ng\u0169 c\u1ed1c c\u00f3 th\u1ec3 s\u1ea5y kh\u00f4 v\u00e0 c\u00f3 th\u1ec3 ch\u1ebf bi\u1ebfn c\u00e1c s\u1ea3n ph\u1ea9m nh\u01b0 l\u00faa m\u00ec, \u0111\u1eadu n\u00e0nh, ng\u00f4 v\u00e0 h\u1ea1t h\u01b0\u1edbng d\u01b0\u01a1ng. Th\u00edch h\u1ee3p \u0111\u1ec3 s\u1eed d\u1ee5ng trong c\u00e1c nh\u00e0 m\u00e1y ch\u1ebf bi\u1ebfn th\u1ef1c ph\u1ea9m, nh\u00e0 m\u00e1y ch\u1ebf bi\u1ebfn th\u1ee9c \u0103n ch\u0103n nu\u00f4i, trang tr\u1ea1i, tr\u1ea1m ng\u0169 c\u1ed1c v\u00e0 c\u00e1c nh\u00f3m kh\u00e1c. S\u1ea5y \u1edf nhi\u1ec7t \u0111\u1ed9 th\u1ea5p r\u1ea5t th\u00edch h\u1ee3p cho vi\u1ec7c ch\u1ebf bi\u1ebfn h\u1ea1t ng\u00f4. Ph\u01b0\u01a1ng ph\u00e1p s\u1ea5y \u1edf nhi\u1ec7t \u0111\u1ed9 th\u1ea5p s\u1ebd kh\u00f4ng \u1ea3nh h\u01b0\u1edfng \u0111\u1ebfn t\u1ef7 l\u1ec7 n\u1ea3y m\u1ea7m c\u1ee7a ng\u00f4 v\u00e0 c\u00f3 th\u1ec3 c\u1ea7n ph\u1ea3i \u0111\u1eb7t h\u1ea1t ng\u00f4 \u0111\u1ec3 t\u1ea1o khu\u00f4n cho ng\u00f4.<\/p>    <figure class=\"wp-block-image size-full\"><img loading=\"lazy\" decoding=\"async\" width=\"720\" height=\"540\" src=\"https:\/\/corn-machines.com\/wp-content\/uploads\/2022\/09\/corn-dryer.webp\" alt=\"m\u00e1y s\u1ea5y ng\u00f4\" class=\"wp-image-312\" srcset=\"https:\/\/corn-machines.com\/wp-content\/uploads\/2022\/09\/corn-dryer.webp 720w, https:\/\/corn-machines.com\/wp-content\/uploads\/2022\/09\/corn-dryer-300x225.webp 300w\" sizes=\"auto, (max-width: 720px) 100vw, 720px\" \/><figcaption>m\u00e1y s\u1ea5y ng\u00f4<\/figcaption><\/figure>    <h2 class=\"wp-block-heading\" id=\"h-grain-drying-machine-raw-material\">Nguy\u00ean li\u1ec7u m\u00e1y s\u1ea5y ng\u0169 c\u1ed1c<\/h2>    <figure class=\"wp-block-image size-full\"><img loading=\"lazy\" decoding=\"async\" width=\"720\" height=\"540\" src=\"https:\/\/corn-machines.com\/wp-content\/uploads\/2022\/09\/raw-material-of-corn-dryer.webp\" alt=\"nguy\u00ean li\u1ec7u c\u1ee7a m\u00e1y s\u1ea5y ng\u00f4\" class=\"wp-image-311\" srcset=\"https:\/\/corn-machines.com\/wp-content\/uploads\/2022\/09\/raw-material-of-corn-dryer.webp 720w, https:\/\/corn-machines.com\/wp-content\/uploads\/2022\/09\/raw-material-of-corn-dryer-300x225.webp 300w\" sizes=\"auto, (max-width: 720px) 100vw, 720px\" \/><figcaption>nguy\u00ean li\u1ec7u c\u1ee7a m\u00e1y s\u1ea5y ng\u00f4<\/figcaption><\/figure>    <p class=\"translation-block\">M\u00e1y s\u1ea5y ng\u0169 c\u1ed1c c\u00f3 th\u1ec3 s\u1ea5y c\u00e1c lo\u1ea1i c\u00e2y ng\u0169 c\u1ed1c nh\u01b0 l\u00faa, ng\u00f4, l\u00faa m\u00ec, <a href=\"https:\/\/en.wikipedia.org\/wiki\/Sorghum\" data-type=\"URL\" data-id=\"https:\/\/en.wikipedia.org\/wiki\/Sorghum\" target=\"_blank\" rel=\"noopener\">l\u00faa mi\u1ebfn<\/a>, \u0111\u1eadu t\u01b0\u01a1ng, h\u1ea1t gi\u1ed1ng, h\u1ea1t h\u01b0\u1edbng d\u01b0\u01a1ng, v.v. M\u00e1y s\u1eed d\u1ee5ng ph\u01b0\u01a1ng ph\u00e1p tu\u1ea7n ho\u00e0n nhi\u1ec7t \u0111\u1ed9 th\u1ea5p \u0111\u1ec3 \u0111\u1ea3m b\u1ea3o t\u1ef7 l\u1ec7 n\u1ea3y m\u1ea7m cao c\u1ee7a ng\u0169 c\u1ed1c m\u00e0 kh\u00f4ng l\u00e0m h\u1ecfng b\u1ec1 m\u1eb7t h\u1ea1t.<\/p>    <h2 class=\"wp-block-heading\" id=\"h-which-drying-heat-source-does-the-grain-dryer-use\">M\u00e1y s\u1ea5y ng\u0169 c\u1ed1c s\u1eed d\u1ee5ng ngu\u1ed3n nhi\u1ec7t s\u1ea5y n\u00e0o?<\/h2>    <figure class=\"wp-block-gallery has-nested-images columns-default is-cropped wp-block-gallery-2 is-layout-flex wp-block-gallery-is-layout-flex\"> <figure class=\"wp-block-image size-large\"><img loading=\"lazy\" decoding=\"async\" width=\"720\" height=\"540\" data-id=\"308\" src=\"https:\/\/corn-machines.com\/wp-content\/uploads\/2022\/09\/corn-drying-machine-1.webp\" alt=\"m\u00e1y s\u1ea5y ng\u00f4\" class=\"wp-image-308\" srcset=\"https:\/\/corn-machines.com\/wp-content\/uploads\/2022\/09\/corn-drying-machine-1.webp 720w, https:\/\/corn-machines.com\/wp-content\/uploads\/2022\/09\/corn-drying-machine-1-300x225.webp 300w\" sizes=\"auto, (max-width: 720px) 100vw, 720px\" \/><figcaption>m\u00e1y s\u1ea5y ng\u00f4<\/figcaption><\/figure>    <figure class=\"wp-block-image size-large\"><img loading=\"lazy\" decoding=\"async\" width=\"720\" height=\"540\" data-id=\"309\" src=\"https:\/\/corn-machines.com\/wp-content\/uploads\/2022\/09\/hopper.webp\" alt=\"c\u00e1i ph\u1ec5u\" class=\"wp-image-309\" srcset=\"https:\/\/corn-machines.com\/wp-content\/uploads\/2022\/09\/hopper.webp 720w, https:\/\/corn-machines.com\/wp-content\/uploads\/2022\/09\/hopper-300x225.webp 300w\" sizes=\"auto, (max-width: 720px) 100vw, 720px\" \/><figcaption>c\u00e1i ph\u1ec5u<\/figcaption><\/figure>    <figure class=\"wp-block-image size-large\"><img loading=\"lazy\" decoding=\"async\" width=\"720\" height=\"540\" data-id=\"310\" src=\"https:\/\/corn-machines.com\/wp-content\/uploads\/2022\/09\/corn-drying-machine-2.webp\" alt=\"m\u00e1y s\u1ea5y ng\u00f4\" class=\"wp-image-310\" srcset=\"https:\/\/corn-machines.com\/wp-content\/uploads\/2022\/09\/corn-drying-machine-2.webp 720w, https:\/\/corn-machines.com\/wp-content\/uploads\/2022\/09\/corn-drying-machine-2-300x225.webp 300w\" sizes=\"auto, (max-width: 720px) 100vw, 720px\" \/><figcaption>m\u00e1y s\u1ea5y ng\u00f4<\/figcaption><\/figure> <\/figure>    <p>M\u00e1y s\u1ea5y ng\u0169 c\u1ed1c c\u00f3 th\u1ec3 s\u1eed d\u1ee5ng nhi\u1ec1u ph\u01b0\u01a1ng ph\u00e1p gia nhi\u1ec7t kh\u00e1c nhau nh\u01b0 vi\u00ean sinh kh\u1ed1i, d\u1ea7u nhi\u00ean li\u1ec7u sinh kh\u1ed1i, kh\u00ed t\u1ef1 nhi\u00ean, kh\u00ed h\u00f3a l\u1ecfng v\u00e0 than \u0111\u00e1, \u0111\u1ed3ng th\u1eddi m\u00e1y s\u1ea5y ng\u0169 c\u1ed1c c\u00f3 hi\u1ec7u su\u1ea5t b\u1ecbt k\u00edn t\u1ed1t v\u00e0 kh\u00f4ng g\u00e2y \u00f4 nhi\u1ec5m cho h\u1ea1t kh\u00f4.<\/p>    <h2 class=\"wp-block-heading\" id=\"h-why-choose-a-grain-dryer\">T\u1ea1i sao n\u00ean ch\u1ecdn m\u00e1y s\u1ea5y ng\u0169 c\u1ed1c?<\/h2>    <figure class=\"wp-block-image size-full\"><img loading=\"lazy\" decoding=\"async\" width=\"720\" height=\"540\" src=\"https:\/\/corn-machines.com\/wp-content\/uploads\/2022\/09\/grain-drying-machine-working.webp\" alt=\"m\u00e1y s\u1ea5y ng\u0169 c\u1ed1c \u0111ang ho\u1ea1t \u0111\u1ed9ng\" class=\"wp-image-307\" srcset=\"https:\/\/corn-machines.com\/wp-content\/uploads\/2022\/09\/grain-drying-machine-working.webp 720w, https:\/\/corn-machines.com\/wp-content\/uploads\/2022\/09\/grain-drying-machine-working-300x225.webp 300w\" sizes=\"auto, (max-width: 720px) 100vw, 720px\" \/><figcaption>m\u00e1y s\u1ea5y ng\u0169 c\u1ed1c \u0111ang ho\u1ea1t \u0111\u1ed9ng<\/figcaption><\/figure>    <p class=\"translation-block\">Trong qu\u00e1 tr\u00ecnh ch\u1ebf bi\u1ebfn th\u1ef1c ph\u1ea9m ho\u1eb7c s\u1ea3n xu\u1ea5t h\u1ea1t gi\u1ed1ng, c\u1ea7n ph\u1ea3i s\u1ea5y nhanh m\u1ed9t l\u01b0\u1ee3ng l\u1edbn ng\u0169 c\u1ed1c. \u0110\u00e2y l\u00e0 l\u1ef1a ch\u1ecdn t\u1ed1t nh\u1ea5t \u0111\u1ec3 s\u1eed d\u1ee5ng m\u00e1y s\u1ea5y ng\u0169 c\u1ed1c. M\u00e1y s\u1ea5y ng\u00f4 n\u00e0y s\u1eed d\u1ee5ng nguy\u00ean l\u00fd nhi\u1ec7t \u0111\u1ed9 th\u1ea5p v\u00e0 l\u01b0u l\u01b0\u1ee3ng gi\u00f3 cao \u0111\u1ec3 s\u1ea5y ng\u0169 c\u1ed1c. Thi\u1ebft k\u1ebf n\u00e0y kh\u00f4ng ch\u1ec9 ti\u1ebft ki\u1ec7m n\u0103ng l\u01b0\u1ee3ng m\u00e0 c\u00f2n \u0111\u1ea3m b\u1ea3o ng\u0169 c\u1ed1c kh\u00f4ng b\u1ecb m\u1ea5t \u0111\u1ed9 \u1ea9m trong qu\u00e1 tr\u00ecnh s\u1ea5y. Gi\u1eef cho b\u1ec1 m\u1eb7t s\u00e1ng b\u00f3ng v\u00e0 kh\u00f4ng l\u00e0m m\u1ea5t \u0111i c\u00e1c ch\u1ea5t dinh d\u01b0\u1ee1ng. Ngo\u00e0i ra, <a href=\"https:\/\/corn-machines.com\/vi\/Info\/prevent-corn-from-getting-moldy\/\" data-type=\"URL\" data-id=\"https:\/\/corn-machines.com\/Info\/prevent-corn-from-getting-moldy\/\">sau khi s\u1ea5y ng\u00f4 c\u00f3 th\u1ec3 ng\u0103n ng\u1eeba ng\u00f4 b\u1ecb m\u1ed1c.<\/a><\/p>    <h2 class=\"wp-block-heading\" id=\"h-grain-dryer-parameters\">Th\u00f4ng s\u1ed1 m\u00e1y s\u1ea5y ng\u0169 c\u1ed1c<\/h2>    <figure class=\"wp-block-image size-full\"><img loading=\"lazy\" decoding=\"async\" width=\"720\" height=\"540\" src=\"https:\/\/corn-machines.com\/wp-content\/uploads\/2022\/09\/grain-drying-machine.webp\" alt=\"m\u00e1y s\u1ea5y ng\u0169 c\u1ed1c \u0111\u01b0\u1ee3c v\u1eadn chuy\u1ec3n\" class=\"wp-image-306\" srcset=\"https:\/\/corn-machines.com\/wp-content\/uploads\/2022\/09\/grain-drying-machine.webp 720w, https:\/\/corn-machines.com\/wp-content\/uploads\/2022\/09\/grain-drying-machine-300x225.webp 300w\" sizes=\"auto, (max-width: 720px) 100vw, 720px\" \/><figcaption>m\u00e1y s\u1ea5y ng\u0169 c\u1ed1c \u0111\u01b0\u1ee3c v\u1eadn chuy\u1ec3n<\/figcaption><\/figure>    <figure class=\"wp-block-table\"><table><tbody><tr><td>Ng\u01b0\u1eddi m\u1eabu<\/td><td>5H-15<\/td><\/tr><tr><td>T\u1ed5ng tr\u1ecdng l\u01b0\u1ee3ng<\/td><td>3200kg<\/td><\/tr><tr><td>Quy\u1ec1n l\u1ef1c<\/td><td>6,5kW (82\/3HP)<\/td><\/tr><tr><td>Th\u1eddi gian cho \u0103n<\/td><td>Kho\u1ea3ng 63 ph\u00fat<\/td><\/tr><tr><td>Th\u1eddi gian x\u1ea3<\/td><td>Kho\u1ea3ng 69 ph\u00fat<\/td><\/tr><tr><td>C\u00f4ng su\u1ea5t s\u1ea5y<\/td><td>15-20t\u00b7%\/h<\/td><\/tr><tr><td>Ng\u01b0\u1eddi m\u1eabu<\/td><td>5H-32<\/td><\/tr><tr><td>T\u1ed5ng tr\u1ecdng l\u01b0\u1ee3ng<\/td><td>7500kg<\/td><\/tr><tr><td>Quy\u1ec1n l\u1ef1c<\/td><td>12,65kW<\/td><\/tr><tr><td>Th\u1eddi gian cho \u0103n<\/td><td>Kho\u1ea3ng 58 ph\u00fat<\/td><\/tr><tr><td>Th\u1eddi gian x\u1ea3<\/td><td>Kho\u1ea3ng 64 ph\u00fat<\/td><\/tr><tr><td>C\u00f4ng su\u1ea5t s\u1ea5y<\/td><td>25-35t\u00b7%\/h<\/td><\/tr><\/tbody><\/table><\/figure>    <h2 class=\"wp-block-heading\" id=\"h-advantages-of-corn-drye\">\u01afu \u0111i\u1ec3m c\u1ee7a m\u00e1y s\u1ea5y ng\u00f4<\/h2>    <figure class=\"wp-block-gallery has-nested-images columns-default is-cropped wp-block-gallery-3 is-layout-flex wp-block-gallery-is-layout-flex\"> <figure class=\"wp-block-image size-large\"><img loading=\"lazy\" decoding=\"async\" width=\"720\" height=\"540\" data-id=\"300\" src=\"https:\/\/corn-machines.com\/wp-content\/uploads\/2022\/09\/grain-drying-machine-shipped.webp\" alt=\"m\u00e1y s\u1ea5y ng\u0169 c\u1ed1c \u0111\u01b0\u1ee3c v\u1eadn chuy\u1ec3n\" class=\"wp-image-300\" srcset=\"https:\/\/corn-machines.com\/wp-content\/uploads\/2022\/09\/grain-drying-machine-shipped.webp 720w, https:\/\/corn-machines.com\/wp-content\/uploads\/2022\/09\/grain-drying-machine-shipped-300x225.webp 300w\" sizes=\"auto, (max-width: 720px) 100vw, 720px\" \/><figcaption>m\u00e1y s\u1ea5y ng\u0169 c\u1ed1c \u0111\u01b0\u1ee3c v\u1eadn chuy\u1ec3n<\/figcaption><\/figure>    <figure class=\"wp-block-image size-large\"><img loading=\"lazy\" decoding=\"async\" width=\"720\" height=\"540\" data-id=\"305\" src=\"https:\/\/corn-machines.com\/wp-content\/uploads\/2022\/09\/grain-drying-machine-shipped-5.webp\" alt=\"m\u00e1y s\u1ea5y ng\u0169 c\u1ed1c \u0111\u01b0\u1ee3c v\u1eadn chuy\u1ec3n\" class=\"wp-image-305\" srcset=\"https:\/\/corn-machines.com\/wp-content\/uploads\/2022\/09\/grain-drying-machine-shipped-5.webp 720w, https:\/\/corn-machines.com\/wp-content\/uploads\/2022\/09\/grain-drying-machine-shipped-5-300x225.webp 300w\" sizes=\"auto, (max-width: 720px) 100vw, 720px\" \/><figcaption>m\u00e1y s\u1ea5y ng\u0169 c\u1ed1c \u0111\u01b0\u1ee3c v\u1eadn chuy\u1ec3n<\/figcaption><\/figure>    <figure class=\"wp-block-image size-large\"><img loading=\"lazy\" decoding=\"async\" width=\"720\" height=\"540\" data-id=\"301\" src=\"https:\/\/corn-machines.com\/wp-content\/uploads\/2022\/09\/grain-drying-machine-shipped-1.webp\" alt=\"m\u00e1y s\u1ea5y ng\u0169 c\u1ed1c \u0111\u01b0\u1ee3c v\u1eadn chuy\u1ec3n\" class=\"wp-image-301\" srcset=\"https:\/\/corn-machines.com\/wp-content\/uploads\/2022\/09\/grain-drying-machine-shipped-1.webp 720w, https:\/\/corn-machines.com\/wp-content\/uploads\/2022\/09\/grain-drying-machine-shipped-1-300x225.webp 300w\" sizes=\"auto, (max-width: 720px) 100vw, 720px\" \/><figcaption>m\u00e1y s\u1ea5y ng\u0169 c\u1ed1c \u0111\u01b0\u1ee3c v\u1eadn chuy\u1ec3n<\/figcaption><\/figure>    <figure class=\"wp-block-image size-large\"><img loading=\"lazy\" decoding=\"async\" width=\"720\" height=\"540\" data-id=\"302\" src=\"https:\/\/corn-machines.com\/wp-content\/uploads\/2022\/09\/grain-drying-machine-shipped-2.webp\" alt=\"m\u00e1y s\u1ea5y ng\u0169 c\u1ed1c \u0111\u01b0\u1ee3c v\u1eadn chuy\u1ec3n\" class=\"wp-image-302\" srcset=\"https:\/\/corn-machines.com\/wp-content\/uploads\/2022\/09\/grain-drying-machine-shipped-2.webp 720w, https:\/\/corn-machines.com\/wp-content\/uploads\/2022\/09\/grain-drying-machine-shipped-2-300x225.webp 300w\" sizes=\"auto, (max-width: 720px) 100vw, 720px\" \/><figcaption>m\u00e1y s\u1ea5y ng\u0169 c\u1ed1c \u0111\u01b0\u1ee3c v\u1eadn chuy\u1ec3n<\/figcaption><\/figure>    <figure class=\"wp-block-image size-large\"><img loading=\"lazy\" decoding=\"async\" width=\"720\" height=\"540\" data-id=\"303\" src=\"https:\/\/corn-machines.com\/wp-content\/uploads\/2022\/09\/grain-drying-machine-shipped-3.webp\" alt=\"m\u00e1y s\u1ea5y ng\u0169 c\u1ed1c \u0111\u01b0\u1ee3c v\u1eadn chuy\u1ec3n\" class=\"wp-image-303\" srcset=\"https:\/\/corn-machines.com\/wp-content\/uploads\/2022\/09\/grain-drying-machine-shipped-3.webp 720w, https:\/\/corn-machines.com\/wp-content\/uploads\/2022\/09\/grain-drying-machine-shipped-3-300x225.webp 300w\" sizes=\"auto, (max-width: 720px) 100vw, 720px\" \/><figcaption>m\u00e1y s\u1ea5y ng\u0169 c\u1ed1c \u0111\u01b0\u1ee3c v\u1eadn chuy\u1ec3n<\/figcaption><\/figure>    <figure class=\"wp-block-image size-large\"><img loading=\"lazy\" decoding=\"async\" width=\"720\" height=\"540\" data-id=\"304\" src=\"https:\/\/corn-machines.com\/wp-content\/uploads\/2022\/09\/grain-drying-machine-shipped-4.webp\" alt=\"m\u00e1y s\u1ea5y ng\u0169 c\u1ed1c \u0111\u01b0\u1ee3c v\u1eadn chuy\u1ec3n\" class=\"wp-image-304\" srcset=\"https:\/\/corn-machines.com\/wp-content\/uploads\/2022\/09\/grain-drying-machine-shipped-4.webp 720w, https:\/\/corn-machines.com\/wp-content\/uploads\/2022\/09\/grain-drying-machine-shipped-4-300x225.webp 300w\" sizes=\"auto, (max-width: 720px) 100vw, 720px\" \/><figcaption>m\u00e1y s\u1ea5y ng\u0169 c\u1ed1c \u0111\u01b0\u1ee3c v\u1eadn chuy\u1ec3n<\/figcaption><\/figure> <\/figure>    <p>1. C\u00e1c lo\u1ea1i ng\u0169 c\u1ed1c \u0111\u01b0\u1ee3c l\u00e0m n\u00f3ng \u0111\u1ec1u s\u1ebd \u0111\u01b0\u1ee3c s\u1ea5y kh\u00f4 k\u1ef9 v\u00e0 \u0111\u1ec1u, v\u00e0 c\u00e1c lo\u1ea1i ng\u0169 c\u1ed1c \u0111\u00e3 s\u1ea5y kh\u00f4 c\u00f3 th\u1ec3 \u0111\u01b0\u1ee3c b\u1ea3o qu\u1ea3n tr\u1ef1c ti\u1ebfp.<\/p>    <p>2. Ti\u1ebft ki\u1ec7m chi ph\u00ed M\u1ee9c ti\u00eau th\u1ee5 nhi\u1ec7t \u0111\u01a1n v\u1ecb th\u1ea5p, c\u00f3 th\u1ec3 \u0111\u1ea3m b\u1ea3o ch\u1ea5t l\u01b0\u1ee3ng c\u1ee7a h\u1ea1t n\u01b0\u1edbng m\u00e0 kh\u00f4ng g\u00e2y \u00f4 nhi\u1ec5m.<\/p>    <p>3. \u1ee8ng d\u1ee5ng r\u1ed9ng r\u00e3i. Th\u00edch h\u1ee3p cho m\u1ecdi lo\u1ea1i ng\u0169 c\u1ed1c v\u00e0 ng\u0169 c\u1ed1c, nhi\u1ec7t \u0111\u1ed9 c\u00f3 th\u1ec3 \u0111i\u1ec1u ch\u1ec9nh theo t\u1eebng lo\u1ea1i ng\u0169 c\u1ed1c<\/p>    <p>4. H\u1ec7 th\u1ed1ng \u0111i\u1ec1u khi\u1ec3n t\u1ef1 \u0111\u1ed9ng ch\u1ec9 \u00e1p d\u1ee5ng c\u00f4ng ngh\u1ec7 s\u1ea5y \u0111\u1ec3 t\u1ef1 \u0111\u1ed9ng \u0111i\u1ec1u ch\u1ec9nh nhi\u1ec7t \u0111\u1ed9 v\u00e0 th\u1eddi gian s\u1ea5y h\u1ea1t \u0111\u1ec3 \u0111\u00e1p \u1ee9ng c\u00e1c y\u00eau c\u1ea7u nhi\u1ec7t \u0111\u1ed9 kh\u00e1c nhau c\u1ee7a c\u00e1c lo\u1ea1i h\u1ea1t kh\u00e1c nhau.<\/p>    <p>5. V\u1eadn h\u00e0nh li\u00ean t\u1ee5c M\u00e1y s\u1ea5y ng\u0169 c\u1ed1c c\u00f3 m\u1ee9c \u0111\u1ed9 t\u1ef1 \u0111\u1ed9ng h\u00f3a cao v\u00e0 s\u1ea3n l\u01b0\u1ee3ng l\u1edbn.<\/p>    <figure class=\"wp-block-image size-full\"><img loading=\"lazy\" decoding=\"async\" width=\"720\" height=\"540\" src=\"https:\/\/corn-machines.com\/wp-content\/uploads\/2022\/09\/grain-drying-equipment.webp\" alt=\"thi\u1ebft b\u1ecb s\u1ea5y ng\u0169 c\u1ed1c\" class=\"wp-image-313\" srcset=\"https:\/\/corn-machines.com\/wp-content\/uploads\/2022\/09\/grain-drying-equipment.webp 720w, https:\/\/corn-machines.com\/wp-content\/uploads\/2022\/09\/grain-drying-equipment-300x225.webp 300w\" sizes=\"auto, (max-width: 720px) 100vw, 720px\" \/><figcaption>thi\u1ebft b\u1ecb s\u1ea5y ng\u0169 c\u1ed1c<\/figcaption><\/figure>    <h2 class=\"wp-block-heading\">Video m\u00e1y s\u1ea5y ng\u0169 c\u1ed1c<\/h2>    <figure class=\"wp-block-embed is-type-video is-provider-youtube wp-block-embed-youtube wp-embed-aspect-16-9 wp-has-aspect-ratio\"><div class=\"wp-block-embed__wrapper\"> <iframe loading=\"lazy\" title=\"Thi\u1ebft b\u1ecb s\u1ea5y ng\u0169 c\u1ed1c | m\u00e1y s\u1ea5y th\u00e1p ng\u0169 c\u1ed1c | thi\u1ebft b\u1ecb lo\u1ea1i b\u1ecf \u0111\u1ed9 \u1ea9m ng\u00f4, g\u1ea1o, l\u00faa m\u00ec, \u0111\u1eadu n\u00e0nh\" width=\"500\" height=\"281\" src=\"https:\/\/www.youtube.com\/embed\/hwjuDu4h18w?feature=oembed\" frameborder=\"0\" allow=\"accelerometer; autoplay; clipboard-write; encrypted-media; gyroscope; picture-in-picture; web-share\" referrerpolicy=\"strict-origin-when-cross-origin\" allowfullscreen><\/iframe> <\/div><\/figure>","protected":false},"excerpt":{"rendered":"<p>A grain dryer is a machine for drying grains and seeds at low temperatures. There are a wide variety of grains that can be dried, and products such as wheat, soybeans, corn, and sunflower seeds can be processed. Suitable for use in food processing plants, feed processing plants, farms, grain stations, and other groups. Low-temperature [&hellip;]<\/p>\n","protected":false},"author":1,"featured_media":298,"parent":0,"template":"","tags":[36,35],"product-type":[6],"class_list":["post-290","product","type-product","status-publish","has-post-thumbnail","hentry","tag-corn-drying-machine","tag-corn-treshing-machine","product-type-grain-drying-machine"],"_links":{"self":[{"href":"https:\/\/corn-machines.com\/vi\/wp-json\/wp\/v2\/product\/290","targetHints":{"allow":["GET"]}}],"collection":[{"href":"https:\/\/corn-machines.com\/vi\/wp-json\/wp\/v2\/product"}],"about":[{"href":"https:\/\/corn-machines.com\/vi\/wp-json\/wp\/v2\/types\/product"}],"author":[{"embeddable":true,"href":"https:\/\/corn-machines.com\/vi\/wp-json\/wp\/v2\/users\/1"}],"wp:featuredmedia":[{"embeddable":true,"href":"https:\/\/corn-machines.com\/vi\/wp-json\/wp\/v2\/media\/298"}],"wp:attachment":[{"href":"https:\/\/corn-machines.com\/vi\/wp-json\/wp\/v2\/media?parent=290"}],"wp:term":[{"taxonomy":"post_tag","embeddable":true,"href":"https:\/\/corn-machines.com\/vi\/wp-json\/wp\/v2\/tags?post=290"},{"taxonomy":"product-type","embeddable":true,"href":"https:\/\/corn-machines.com\/vi\/wp-json\/wp\/v2\/product-type?post=290"}],"curies":[{"name":"wp","href":"https:\/\/api.w.org\/{rel}","templated":true}]}}