{"id":235,"date":"2022-09-09T08:12:05","date_gmt":"2022-09-09T08:12:05","guid":{"rendered":"https:\/\/corn-machines.com\/?post_type=product&#038;p=235"},"modified":"2024-04-07T14:47:24","modified_gmt":"2024-04-07T06:47:24","slug":"corn-grain-mill-machine","status":"publish","type":"product","link":"https:\/\/corn-machines.com\/vi\/product\/corn-grain-mill-machine\/","title":{"rendered":"M\u00e1y nghi\u1ec1n h\u1ea1t ng\u00f4 | M\u00e1y nghi\u1ec1n b\u1ed9t ng\u00f4"},"content":{"rendered":"<p>M\u00e1y nghi\u1ec1n h\u1ea1t ng\u00f4 l\u00e0 m\u00e1y d\u00f9ng \u0111\u1ec3 nghi\u1ec1n c\u00e1c lo\u1ea1i ng\u0169 c\u1ed1c th\u00e0nh b\u1ed9t. Ng\u00f4 l\u00e0 nguy\u00ean li\u1ec7u th\u00f4 \u0111\u01b0\u1ee3c ch\u1ebf bi\u1ebfn th\u01b0\u1eddng xuy\u00ean v\u00e0 c\u00f3 th\u1ec3 ch\u1ebf bi\u1ebfn th\u00e0nh b\u1ed9t si\u00eau m\u1ecbn 0,2-8mm. M\u00e1y nghi\u1ec1n ng\u00f4 \u0111\u01b0\u1ee3c s\u1eed d\u1ee5ng r\u1ed9ng r\u00e3i trong ng\u00e0nh ch\u1ebf bi\u1ebfn th\u1ef1c ph\u1ea9m v\u00e0 ng\u00e0nh d\u01b0\u1ee3c ph\u1ea9m. <\/p>    <p class=\"translation-block\">M\u00e1y nghi\u1ec1n ng\u00f4 n\u00e0y c\u00f3 th\u1ec3 s\u1eed d\u1ee5ng \u0111\u1ed9ng c\u01a1 diesel, \u0111\u1ed9ng c\u01a1 \u0111i\u1ec7n v\u00e0 \u0111\u1ed9ng c\u01a1 x\u0103ng. Ngo\u00e0i m\u00e1y nghi\u1ec1n ng\u00f4 nh\u1ecf n\u00e0y, c\u00f2n c\u00f3 <a href=\"https:\/\/corn-machines.com\/vi\/product\/corn-grits-machine\/\" data-type=\"URL\" data-id=\"https:\/\/corn-machines.com\/product\/corn-grits-machine\/\">m\u00e1y nghi\u1ec1n ng\u00f4 l\u1edbn<\/a>.<\/p>    <figure class=\"wp-block-embed is-type-video is-provider-youtube wp-block-embed-youtube wp-embed-aspect-16-9 wp-has-aspect-ratio\"><div class=\"wp-block-embed__wrapper\"> <iframe loading=\"lazy\" title=\"M\u00e1y nghi\u1ec1n ng\u00f4 l\u00e0 g\u00ec? | m\u00e1y nghi\u1ec1n h\u1ea1t ng\u00f4 | m\u00e1y l\u00e0m b\u1ed9t ng\u00f4 | xay x\u00e1t ng\u00f4\" width=\"500\" height=\"281\" src=\"https:\/\/www.youtube.com\/embed\/gNReEaxFyno?feature=oembed\" frameborder=\"0\" allow=\"accelerometer; autoplay; clipboard-write; encrypted-media; gyroscope; picture-in-picture; web-share\" referrerpolicy=\"strict-origin-when-cross-origin\" allowfullscreen><\/iframe> <\/div><figcaption class=\"wp-element-caption\">m\u00e1y nghi\u1ec1n ng\u00f4 ki\u1ec3u h\u00fat t\u1ef1 \u0111\u1ed9ng<\/figcaption><\/figure>    <h2 class=\"wp-block-heading\" id=\"h-raw-materials-for-corn-grain-mill-machine\">Nguy\u00ean li\u1ec7u cho m\u00e1y nghi\u1ec1n h\u1ea1t ng\u00f4<\/h2>    <figure class=\"wp-block-gallery has-nested-images columns-default is-cropped wp-block-gallery-2 is-layout-flex wp-block-gallery-is-layout-flex\"> <figure class=\"wp-block-image size-large\"><img loading=\"lazy\" decoding=\"async\" width=\"720\" height=\"540\" data-id=\"258\" src=\"https:\/\/corn-machines.com\/wp-content\/uploads\/2022\/09\/corn-grain-mill-machine-raw-material.webp\" alt=\"nguy\u00ean li\u1ec7u m\u00e1y nghi\u1ec1n h\u1ea1t ng\u00f4\" class=\"wp-image-258\" srcset=\"https:\/\/corn-machines.com\/wp-content\/uploads\/2022\/09\/corn-grain-mill-machine-raw-material.webp 720w, https:\/\/corn-machines.com\/wp-content\/uploads\/2022\/09\/corn-grain-mill-machine-raw-material-300x225.webp 300w\" sizes=\"auto, (max-width: 720px) 100vw, 720px\" \/><figcaption class=\"wp-element-caption\">nguy\u00ean li\u1ec7u m\u00e1y nghi\u1ec1n h\u1ea1t ng\u00f4<\/figcaption><\/figure>    <figure class=\"wp-block-image size-large\"><img loading=\"lazy\" decoding=\"async\" width=\"720\" height=\"540\" data-id=\"260\" src=\"https:\/\/corn-machines.com\/wp-content\/uploads\/2022\/09\/corn-flour.webp\" alt=\"b\u1ed9t ng\u00f4\" class=\"wp-image-260\" srcset=\"https:\/\/corn-machines.com\/wp-content\/uploads\/2022\/09\/corn-flour.webp 720w, https:\/\/corn-machines.com\/wp-content\/uploads\/2022\/09\/corn-flour-300x225.webp 300w\" sizes=\"auto, (max-width: 720px) 100vw, 720px\" \/><figcaption class=\"wp-element-caption\">b\u1ed9t ng\u00f4<\/figcaption><\/figure> <\/figure>    <p>T\u00ednh linh ho\u1ea1t n\u00e0y l\u00e0m cho m\u00e1y nghi\u1ec1n ng\u00f4 tr\u1edf th\u00e0nh m\u1ed9t c\u00f4ng c\u1ee5 kh\u00f4ng th\u1ec3 thi\u1ebfu trong ng\u00e0nh ch\u1ebf bi\u1ebfn ng\u0169 c\u1ed1c. Cho d\u00f9 ch\u1ebf bi\u1ebfn ng\u00f4, l\u00faa m\u00ec, \u0111\u1eadu n\u00e0nh, \u1edbt kh\u00f4, l\u00faa mi\u1ebfn, d\u01b0\u1ee3c li\u1ec7u ho\u1eb7c c\u00e1c nguy\u00ean li\u1ec7u th\u00f4 kh\u00e1c hay nghi\u1ec1n c\u00e1c kho\u00e1ng ch\u1ea5t c\u00f3 \u0111\u1ed9 c\u1ee9ng th\u1ea5p nh\u01b0 th\u1ea1ch cao, b\u1ed9t talc, \u0111\u1ea5t hi\u1ebfm, h\u00f3a ch\u1ea5t v\u00e0 \u0111\u1ea5t s\u00e9t, n\u00f3 \u0111\u1ec1u v\u01b0\u1ee3t tr\u1ed9i m\u1ed9t c\u00e1ch d\u1ec5 d\u00e0ng. <\/p>    <p>Cho d\u00f9 b\u1ea1n c\u1ea7n s\u1ea3n xu\u1ea5t th\u1ef1c ph\u1ea9m, d\u01b0\u1ee3c ph\u1ea9m hay s\u1ea3n ph\u1ea9m h\u00f3a ch\u1ea5t, m\u00e1y nghi\u1ec1n ng\u00f4 c\u00f3 th\u1ec3 cung c\u1ea5p c\u00e1c gi\u1ea3i ph\u00e1p ch\u1ebf bi\u1ebfn \u0111\u00e1ng tin c\u1eady, nghi\u1ec1n ng\u0169 c\u1ed1c v\u00e0 th\u1ea3o m\u1ed9c th\u00e0nh b\u1ed9t m\u1ecbn \u0111\u1ec3 \u0111\u00e1p \u1ee9ng nhu c\u1ea7u \u0111a d\u1ea1ng c\u1ee7a b\u1ea1n.<\/p>    <h2 class=\"wp-block-heading\" id=\"h-structure-of-corn-mill-machine\">C\u1ea5u tr\u00fac c\u1ee7a m\u00e1y nghi\u1ec1n ng\u00f4<\/h2>    <figure class=\"wp-block-gallery has-nested-images columns-default is-cropped wp-block-gallery-3 is-layout-flex wp-block-gallery-is-layout-flex\"> <figure class=\"wp-block-image size-large\"><img loading=\"lazy\" decoding=\"async\" width=\"720\" height=\"540\" data-id=\"246\" src=\"https:\/\/corn-machines.com\/wp-content\/uploads\/2022\/09\/Structure-of-corn-mill-machine-3.webp\" alt=\"C\u1ea5u tr\u00fac c\u1ee7a m\u00e1y nghi\u1ec1n ng\u00f4 \" class=\"wp-image-246\" srcset=\"https:\/\/corn-machines.com\/wp-content\/uploads\/2022\/09\/Structure-of-corn-mill-machine-3.webp 720w, https:\/\/corn-machines.com\/wp-content\/uploads\/2022\/09\/Structure-of-corn-mill-machine-3-300x225.webp 300w\" sizes=\"auto, (max-width: 720px) 100vw, 720px\" \/><figcaption class=\"wp-element-caption\">C\u1ea5u tr\u00fac c\u1ee7a m\u00e1y nghi\u1ec1n ng\u00f4 <\/figcaption><\/figure>    <figure class=\"wp-block-image size-large\"><img loading=\"lazy\" decoding=\"async\" width=\"720\" height=\"540\" data-id=\"242\" src=\"https:\/\/corn-machines.com\/wp-content\/uploads\/2022\/09\/Structure-of-corn-mill-machine-1.webp\" alt=\"C\u1ea5u tr\u00fac c\u1ee7a m\u00e1y nghi\u1ec1n ng\u00f4\" class=\"wp-image-242\" srcset=\"https:\/\/corn-machines.com\/wp-content\/uploads\/2022\/09\/Structure-of-corn-mill-machine-1.webp 720w, https:\/\/corn-machines.com\/wp-content\/uploads\/2022\/09\/Structure-of-corn-mill-machine-1-300x225.webp 300w\" sizes=\"auto, (max-width: 720px) 100vw, 720px\" \/><figcaption class=\"wp-element-caption\">C\u1ea5u tr\u00fac c\u1ee7a m\u00e1y nghi\u1ec1n ng\u00f4 <\/figcaption><\/figure>    <figure class=\"wp-block-image size-large\"><img loading=\"lazy\" decoding=\"async\" width=\"720\" height=\"540\" data-id=\"245\" src=\"https:\/\/corn-machines.com\/wp-content\/uploads\/2022\/09\/Structure-of-corn-mill-machine-2.webp\" alt=\"C\u1ea5u tr\u00fac c\u1ee7a m\u00e1y nghi\u1ec1n ng\u00f4 \" class=\"wp-image-245\" srcset=\"https:\/\/corn-machines.com\/wp-content\/uploads\/2022\/09\/Structure-of-corn-mill-machine-2.webp 720w, https:\/\/corn-machines.com\/wp-content\/uploads\/2022\/09\/Structure-of-corn-mill-machine-2-300x225.webp 300w\" sizes=\"auto, (max-width: 720px) 100vw, 720px\" \/><figcaption class=\"wp-element-caption\">C\u1ea5u tr\u00fac c\u1ee7a m\u00e1y nghi\u1ec1n ng\u00f4 <\/figcaption><\/figure> <\/figure>    <p>M\u00e1y nghi\u1ec1n m\u00f3ng vu\u1ed1t ch\u1ee7 y\u1ebfu bao g\u1ed3m s\u00e1u b\u1ed9 ph\u1eadn: th\u00e2n tr\u00ean, v\u1ecf, c\u1ee5m r\u00f4to, m\u00e0n h\u00ecnh, thi\u1ebft b\u1ecb c\u1ea5p li\u1ec7u v\u00e0 khung. <\/p>    <p>Th\u00e2n m\u00e1y v\u00e0 c\u1ee5m r\u00f4to c\u00f9ng nhau t\u1ea1o th\u00e0nh khoang nghi\u1ec1n v\u00e0 c\u1ee5m r\u00f4to tr\u1edf th\u00e0nh b\u1ed9 ph\u1eadn l\u00e0m vi\u1ec7c ch\u00ednh. Qu\u00e1 tr\u00ecnh nghi\u1ec1n v\u1eadt li\u1ec7u \u0111\u01b0\u1ee3c ho\u00e0n th\u00e0nh trong bu\u1ed3ng nghi\u1ec1n. <\/p>    <p>M\u00e1y nghi\u1ec1n ng\u00f4 c\u1ee7a ch\u00fang t\u00f4i c\u00f3 th\u1ec3 s\u1ea3n xu\u1ea5t b\u1ed9t ng\u00f4 c\u00f3 k\u00edch th\u01b0\u1edbc 0,2-8mm v\u00e0 b\u1ed9t ng\u00f4 c\u00f3 \u0111\u1ed9 m\u1ecbn kh\u00e1c nhau \u0111\u01b0\u1ee3c t\u1ea1o th\u00e0nh t\u1eeb c\u00e1c s\u00e0ng kh\u00e1c nhau<\/p>    <h2 class=\"wp-block-heading\" id=\"h-two-types-of-maize-flour-mill-machine\">Hai lo\u1ea1i m\u00e1y nghi\u1ec1n b\u1ed9t ng\u00f4<\/h2>    <figure class=\"wp-block-gallery has-nested-images columns-default is-cropped wp-block-gallery-4 is-layout-flex wp-block-gallery-is-layout-flex\"> <figure class=\"wp-block-image size-large\"><img loading=\"lazy\" decoding=\"async\" width=\"720\" height=\"540\" data-id=\"243\" src=\"https:\/\/corn-machines.com\/wp-content\/uploads\/2022\/09\/maize-flour-mill-machine.webp\" alt=\"m\u00e1y nghi\u1ec1n b\u1ed9t ng\u00f4\" class=\"wp-image-243\" srcset=\"https:\/\/corn-machines.com\/wp-content\/uploads\/2022\/09\/maize-flour-mill-machine.webp 720w, https:\/\/corn-machines.com\/wp-content\/uploads\/2022\/09\/maize-flour-mill-machine-300x225.webp 300w\" sizes=\"auto, (max-width: 720px) 100vw, 720px\" \/><figcaption class=\"wp-element-caption\">m\u00e1y nghi\u1ec1n b\u1ed9t ng\u00f4<\/figcaption><\/figure>    <figure class=\"wp-block-image size-large\"><img loading=\"lazy\" decoding=\"async\" width=\"720\" height=\"540\" data-id=\"244\" src=\"https:\/\/corn-machines.com\/wp-content\/uploads\/2022\/09\/maize-flour-mill-machine-1.webp\" alt=\"m\u00e1y nghi\u1ec1n b\u1ed9t ng\u00f4\" class=\"wp-image-244\" srcset=\"https:\/\/corn-machines.com\/wp-content\/uploads\/2022\/09\/maize-flour-mill-machine-1.webp 720w, https:\/\/corn-machines.com\/wp-content\/uploads\/2022\/09\/maize-flour-mill-machine-1-300x225.webp 300w\" sizes=\"auto, (max-width: 720px) 100vw, 720px\" \/><figcaption class=\"wp-element-caption\">m\u00e1y nghi\u1ec1n b\u1ed9t ng\u00f4<\/figcaption><\/figure> <\/figure>    <p>Ch\u1ee9c n\u0103ng c\u1ee7a c\u1ea3 hai m\u00e1y nghi\u1ec1n \u0111\u1ec1u gi\u1ed1ng h\u1ec7t nhau, ch\u1ec9 kh\u00e1c nhau \u1edf c\u01a1 ch\u1ebf c\u1ea5p li\u1ec7u. M\u1ed9t m\u00f4 h\u00ecnh cung c\u1ea5p kh\u1ea3 n\u0103ng t\u1ef1 m\u1ed3i v\u00e0 cho \u0103n t\u1ef1 \u0111\u1ed9ng, mang l\u1ea1i s\u1ef1 ti\u1ec7n l\u1ee3i h\u01a1n. <\/p>    <p>Ng\u01b0\u1ee3c l\u1ea1i, c\u00e1ch c\u00f2n l\u1ea1i y\u00eau c\u1ea7u cho \u0103n th\u1ee7 c\u00f4ng, y\u00eau c\u1ea7u ng\u01b0\u1eddi d\u00f9ng ph\u00e2n \u0111\u1ec1u ng\u00f4 tr\u1ef1c ti\u1ebfp v\u00e0o m\u00e1y v\u1edbi t\u1ed1c \u0111\u1ed9 \u0111\u01b0\u1ee3c ki\u1ec3m so\u00e1t. Sau khi thi\u1ebft l\u1eadp, ng\u01b0\u1eddi d\u00f9ng ch\u1ec9 c\u1ea7n k\u1ebft n\u1ed1i th\u00f9ng ch\u1ee9a v\u1edbi \u1ed5 c\u1eafm c\u1ee7a m\u00e1y \u0111\u1ec3 thu th\u1eadp nguy\u00ean li\u1ec7u \u0111\u00e3 x\u1eed l\u00fd m\u1ed9t c\u00e1ch hi\u1ec7u qu\u1ea3. <\/p>    <p>M\u1eb7c d\u00f9 ph\u01b0\u01a1ng ph\u00e1p n\u1ea1p v\u00e0 x\u1ea3 kh\u00e1c nhau gi\u1eefa hai m\u00e1y nh\u01b0ng ch\u1ee9c n\u0103ng c\u1ed1t l\u00f5i c\u1ee7a ch\u00fang v\u1eabn nh\u1ea5t qu\u00e1n.<\/p>    <h2 class=\"wp-block-heading\" id=\"h-how-a-corn-grain-mill-machine-works\">M\u00e1y nghi\u1ec1n h\u1ea1t ng\u00f4 ho\u1ea1t \u0111\u1ed9ng nh\u01b0 th\u1ebf n\u00e0o?<\/h2>    <p>Trong qu\u00e1 tr\u00ecnh v\u1eadn h\u00e0nh, v\u1eadt li\u1ec7u d\u00f9ng \u0111\u1ec3 x\u1eed l\u00fd \u0111i v\u00e0o bu\u1ed3ng nghi\u1ec1n th\u00f4ng qua ph\u1ec5u, n\u01a1i n\u00f3 g\u1eb7p c\u00e1c b\u1ed9 ph\u1eadn quay t\u1ed1c \u0111\u1ed9 cao b\u1eaft \u0111\u1ea7u qu\u00e1 tr\u00ecnh nghi\u1ec1n \u0111\u1ed3ng th\u1eddi chuy\u1ec3n h\u01b0\u1edbng qu\u1ef9 \u0111\u1ea1o c\u1ee7a v\u1eadt li\u1ec7u. <\/p>    <figure class=\"wp-block-gallery has-nested-images columns-default is-cropped wp-block-gallery-5 is-layout-flex wp-block-gallery-is-layout-flex\"> <figure class=\"wp-block-image size-large\"><img loading=\"lazy\" decoding=\"async\" width=\"720\" height=\"540\" data-id=\"247\" src=\"https:\/\/corn-machines.com\/wp-content\/uploads\/2022\/09\/corn-grain-mill-machine-working.webp\" alt=\"m\u00e1y nghi\u1ec1n h\u1ea1t ng\u00f4 \u0111ang ho\u1ea1t \u0111\u1ed9ng\" class=\"wp-image-247\" srcset=\"https:\/\/corn-machines.com\/wp-content\/uploads\/2022\/09\/corn-grain-mill-machine-working.webp 720w, https:\/\/corn-machines.com\/wp-content\/uploads\/2022\/09\/corn-grain-mill-machine-working-300x225.webp 300w\" sizes=\"auto, (max-width: 720px) 100vw, 720px\" \/><figcaption class=\"wp-element-caption\">m\u00e1y nghi\u1ec1n h\u1ea1t ng\u00f4 \u0111ang ho\u1ea1t \u0111\u1ed9ng<\/figcaption><\/figure>    <figure class=\"wp-block-image size-large\"><img loading=\"lazy\" decoding=\"async\" width=\"720\" height=\"540\" data-id=\"248\" src=\"https:\/\/corn-machines.com\/wp-content\/uploads\/2022\/09\/corn-grain-mill-machine-working-1.webp\" alt=\"m\u00e1y nghi\u1ec1n h\u1ea1t ng\u00f4 \u0111ang ho\u1ea1t \u0111\u1ed9ng\" class=\"wp-image-248\" srcset=\"https:\/\/corn-machines.com\/wp-content\/uploads\/2022\/09\/corn-grain-mill-machine-working-1.webp 720w, https:\/\/corn-machines.com\/wp-content\/uploads\/2022\/09\/corn-grain-mill-machine-working-1-300x225.webp 300w\" sizes=\"auto, (max-width: 720px) 100vw, 720px\" \/><figcaption class=\"wp-element-caption\">m\u00e1y nghi\u1ec1n h\u1ea1t ng\u00f4 \u0111ang ho\u1ea1t \u0111\u1ed9ng<\/figcaption><\/figure>    <figure class=\"wp-block-image size-large\"><img loading=\"lazy\" decoding=\"async\" width=\"720\" height=\"540\" data-id=\"249\" src=\"https:\/\/corn-machines.com\/wp-content\/uploads\/2022\/09\/corn-grain-mill-machine-working-2.webp\" alt=\"m\u00e1y nghi\u1ec1n h\u1ea1t ng\u00f4 \u0111ang ho\u1ea1t \u0111\u1ed9ng\" class=\"wp-image-249\" srcset=\"https:\/\/corn-machines.com\/wp-content\/uploads\/2022\/09\/corn-grain-mill-machine-working-2.webp 720w, https:\/\/corn-machines.com\/wp-content\/uploads\/2022\/09\/corn-grain-mill-machine-working-2-300x225.webp 300w\" sizes=\"auto, (max-width: 720px) 100vw, 720px\" \/><figcaption class=\"wp-element-caption\">m\u00e1y nghi\u1ec1n h\u1ea1t ng\u00f4 \u0111ang ho\u1ea1t \u0111\u1ed9ng<\/figcaption><\/figure>    <figure class=\"wp-block-image size-large\"><img loading=\"lazy\" decoding=\"async\" width=\"720\" height=\"540\" data-id=\"250\" src=\"https:\/\/corn-machines.com\/wp-content\/uploads\/2022\/09\/corn-grain-mill-machine-working-3.webp\" alt=\"m\u00e1y nghi\u1ec1n h\u1ea1t ng\u00f4 \u0111ang ho\u1ea1t \u0111\u1ed9ng\" class=\"wp-image-250\" srcset=\"https:\/\/corn-machines.com\/wp-content\/uploads\/2022\/09\/corn-grain-mill-machine-working-3.webp 720w, https:\/\/corn-machines.com\/wp-content\/uploads\/2022\/09\/corn-grain-mill-machine-working-3-300x225.webp 300w\" sizes=\"auto, (max-width: 720px) 100vw, 720px\" \/><figcaption class=\"wp-element-caption\">m\u00e1y xay b\u1ed9t ng\u00f4 \u0111ang ho\u1ea1t \u0111\u1ed9ng<\/figcaption><\/figure> <\/figure>    <p>V\u00f2ng quay t\u1ed1c \u0111\u1ed9 cao l\u00e0m gi\u00e1n \u0111o\u1ea1n qu\u00e1 tr\u00ecnh l\u1eafng \u0111\u1ecdng l\u1edbp v\u1eadt li\u1ec7u, t\u1ea1o \u0111i\u1ec1u ki\u1ec7n cho n\u00f3 chuy\u1ec3n \u0111\u1ed9ng d\u1ecdc theo r\u00f4to. Trong su\u1ed1t qu\u00e1 tr\u00ecnh n\u00e0y, c\u00e1c h\u1ea1t tr\u1ea3i qua va ch\u1ea1m l\u1eb7p \u0111i l\u1eb7p l\u1ea1i v\u1edbi c\u1ea3 c\u00e1c b\u1ed9 ph\u1eadn l\u00e0m vi\u1ec7c v\u00e0 v\u1edbi nhau, gi\u1ea3m d\u1ea7n k\u00edch th\u01b0\u1edbc c\u1ee7a ch\u00fang cho \u0111\u1ebfn khi ch\u00fang \u0111i qua c\u00e1c l\u1ed7 s\u00e0ng.<\/p>    <p>D\u01b0\u1edbi t\u00e1c \u0111\u1ed9ng c\u1ee7a l\u1ef1c ly t\u00e2m v\u00e0 lu\u1ed3ng kh\u00f4ng kh\u00ed, c\u00e1c h\u1ea1t ti\u1ebfp t\u1ee5c \u0111\u01b0\u1ee3c nghi\u1ec1n th\u00e0nh b\u1ed9t. Cu\u1ed1i c\u00f9ng, v\u1eadt li\u1ec7u \u0111i qua c\u00e1c l\u1ed7 s\u00e0ng, \u0111i v\u00e0o bu\u1ed3ng nghi\u1ec1n v\u00e0 tho\u00e1t ra qua c\u1ed5ng x\u1ea3. <\/p>    <p>\u0110\u1ed9 m\u1ecbn nghi\u1ec1n th\u00e0nh b\u1ed9t trong c\u00e1c m\u00e1y nh\u01b0 v\u1eady \u0111\u01b0\u1ee3c quy\u1ebft \u0111\u1ecbnh b\u1edfi k\u00edch th\u01b0\u1edbc c\u1ee7a c\u00e1c l\u1ed7 s\u00e0ng, cho ph\u00e9p ng\u01b0\u1eddi d\u00f9ng l\u1ef1a ch\u1ecdn s\u00e0ng ph\u00f9 h\u1ee3p d\u1ef1a tr\u00ean y\u00eau c\u1ea7u v\u1ec1 k\u00edch th\u01b0\u1edbc h\u1ea1t mong mu\u1ed1n c\u1ee7a h\u1ecd \u0111\u1ed1i v\u1edbi nguy\u00ean li\u1ec7u.<\/p>    <h2 class=\"wp-block-heading\" id=\"h-maize-flour-mill-machine-parameter\">Th\u00f4ng s\u1ed1 m\u00e1y nghi\u1ec1n b\u1ed9t ng\u00f4<\/h2>    <h3 class=\"wp-block-heading\" id=\"h-auxiliary-feeding-corn-mill-machine\">M\u00e1y nghi\u1ec1n ng\u00f4 cho \u0103n ph\u1ee5 tr\u1ee3<\/h3>    <figure class=\"wp-block-image size-full\"><img loading=\"lazy\" decoding=\"async\" width=\"720\" height=\"540\" src=\"https:\/\/corn-machines.com\/wp-content\/uploads\/2022\/09\/corn-mill-machine.webp\" alt=\"m\u00e1y nghi\u1ec1n ng\u00f4\" class=\"wp-image-252\" srcset=\"https:\/\/corn-machines.com\/wp-content\/uploads\/2022\/09\/corn-mill-machine.webp 720w, https:\/\/corn-machines.com\/wp-content\/uploads\/2022\/09\/corn-mill-machine-300x225.webp 300w\" sizes=\"auto, (max-width: 720px) 100vw, 720px\" \/><figcaption class=\"wp-element-caption\">m\u00e1y nghi\u1ec1n ng\u00f4<\/figcaption><\/figure>    <figure class=\"wp-block-table\"><table><tbody><tr><td>Ng\u01b0\u1eddi m\u1eabu<\/td><td>9FZ-45<\/td><\/tr><tr><td>T\u1ed1c \u0111\u1ed9 quay<\/td><td>3200r\/ph\u00fat<\/td><\/tr><tr><td>\u0110\u01b0\u1eddng k\u00ednh c\u00e1nh qu\u1ea1t<\/td><td>450mm<\/td><\/tr><tr><td>\u0110\u01b0\u1eddng k\u00ednh v\u00f2ng s\u00e0ng<\/td><td>508mm<\/td><\/tr><tr><td>K\u00edch th\u01b0\u1edbc m\u00e0n h\u00ecnh (mm)<\/td><td>1600\u00d7115<\/td><\/tr><tr><td>N\u0103ng su\u1ea5t<\/td><td>\u22651500kg\/gi\u1edd<\/td><\/tr><tr><td>R\u0103ng ph\u1eb3ng (mi\u1ebfng)<\/td><td>6<\/td><\/tr><tr><td>R\u0103ng vu\u00f4ng (mi\u1ebfng)<\/td><td>12<\/td><\/tr><tr><td>\u0110i\u1ec7n \u00e1p<\/td><td>380V<\/td><\/tr><tr><td>C\u00e2n n\u1eb7ng<\/td><td>200kg<\/td><\/tr><\/tbody><\/table><figcaption class=\"wp-element-caption\">m\u00e1y xay b\u1ed9t ng\u00f4<\/figcaption><\/figure>    <h3 class=\"wp-block-heading\" id=\"h-automatic-suction-type-corn-mill\">M\u00e1y nghi\u1ec1n ng\u00f4 ki\u1ec3u h\u00fat t\u1ef1 \u0111\u1ed9ng<\/h3>    <figure class=\"wp-block-image size-full\"><img loading=\"lazy\" decoding=\"async\" width=\"720\" height=\"540\" src=\"https:\/\/corn-machines.com\/wp-content\/uploads\/2022\/09\/corn-mill.webp\" alt=\"m\u00e1y nghi\u1ec1n ng\u00f4\" class=\"wp-image-253\" srcset=\"https:\/\/corn-machines.com\/wp-content\/uploads\/2022\/09\/corn-mill.webp 720w, https:\/\/corn-machines.com\/wp-content\/uploads\/2022\/09\/corn-mill-300x225.webp 300w\" sizes=\"auto, (max-width: 720px) 100vw, 720px\" \/><figcaption class=\"wp-element-caption\">m\u00e1y nghi\u1ec1n ng\u00f4<\/figcaption><\/figure>    <figure class=\"wp-block-table\"><table><tbody><tr><td>Ng\u01b0\u1eddi m\u1eabu<\/td><td>M\u00e1y nghi\u1ec1n b\u00faa 9FQ-50<\/td><\/tr><tr><td>T\u1ed1c \u0111\u1ed9<\/td><td>3200r\/ph\u00fat<\/td><\/tr><tr><td>\u0110\u01b0\u1eddng k\u00ednh c\u00e1nh qu\u1ea1t<\/td><td>500mm<\/td><\/tr><tr><td>K\u00edch th\u01b0\u1edbc m\u00e0n h\u00ecnh (mm)<\/td><td>690\u00d7250<\/td><\/tr><tr><td>N\u0103ng su\u1ea5t<\/td><td>\u22651000kg\/gi\u1edd<\/td><\/tr><tr><td>m\u1ea3nh b\u00faa<\/td><td>16<\/td><\/tr><tr><td>R\u0103ng sau (mi\u1ebfng)<\/td><td>3<\/td><\/tr><tr><td>\u0110i\u1ec7n n\u0103ng ti\u00eau th\u1ee5 tr\u00ean m\u1ed9t t\u1ea5n nguy\u00ean li\u1ec7u<\/td><td>11KW.h\/t<\/td><\/tr><tr><td>\u0110i\u1ec7n \u00e1p<\/td><td>380V<\/td><\/tr><tr><td>C\u00f4ng su\u1ea5t \u0111\u1ecbnh m\u1ee9c<\/td><td>15kw<\/td><\/tr><tr><td>Ph\u1ee5 ki\u1ec7n<\/td><td>Ph\u1ec5u \u0111\u1ea7u v\u00e0o v\u00e0 \u0111\u1ea7u ra<\/td><\/tr><tr><td>K\u00edch th\u01b0\u1edbc (mm)<\/td><td>1230x1020x1150<\/td><\/tr><tr><td>K\u00edch th\u01b0\u1edbc \u0111\u00f3ng g\u00f3i (mm)<\/td><td>680x720x930<\/td><\/tr><tr><td>C\u00e2n n\u1eb7ng<\/td><td>160kg<\/td><\/tr><\/tbody><\/table><figcaption class=\"wp-element-caption\">th\u00f4ng s\u1ed1 c\u1ee7a m\u00e1y nghi\u1ec1n b\u00faa<\/figcaption><\/figure>    <h2 class=\"wp-block-heading\" id=\"h-corn-grain-mill-machine-advantage\">\u01afu \u0111i\u1ec3m c\u1ee7a m\u00e1y nghi\u1ec1n h\u1ea1t ng\u00f4<\/h2>    <figure class=\"wp-block-image size-full\"><img loading=\"lazy\" decoding=\"async\" width=\"720\" height=\"540\" src=\"https:\/\/corn-machines.com\/wp-content\/uploads\/2022\/09\/Corn-grain-mill-machine-3.webp\" alt=\"M\u00e1y nghi\u1ec1n h\u1ea1t ng\u00f4 \" class=\"wp-image-251\" srcset=\"https:\/\/corn-machines.com\/wp-content\/uploads\/2022\/09\/Corn-grain-mill-machine-3.webp 720w, https:\/\/corn-machines.com\/wp-content\/uploads\/2022\/09\/Corn-grain-mill-machine-3-300x225.webp 300w\" sizes=\"auto, (max-width: 720px) 100vw, 720px\" \/><figcaption class=\"wp-element-caption\">Nh\u00e0 m\u00e1y h\u1ea1t ng\u00f4 <\/figcaption><\/figure>    <ul class=\"wp-block-list\"> <li>B\u00faa ch\u1ea5t l\u01b0\u1ee3ng cao: \u0110\u01b0\u1ee3c ch\u1ebf t\u1ea1o t\u1eeb th\u00e9p mangan, b\u00faa c\u00f3 kh\u1ea3 n\u0103ng ch\u1ed1ng m\u00e0i m\u00f2n v\u00e0 va \u0111\u1eadp \u0111\u1eb7c bi\u1ec7t, \u0111\u1ea3m b\u1ea3o hi\u1ec7u su\u1ea5t nghi\u1ec1n v\u01b0\u1ee3t tr\u1ed9i.<\/li>    <li>Lo\u1ea1i b\u1ecf b\u1ee5i hi\u1ec7u qu\u1ea3: M\u00e1y nghi\u1ec1n ng\u00f4 c\u00f3 h\u1ec7 th\u1ed1ng lo\u1ea1i b\u1ecf b\u1ee5i ti\u00ean ti\u1ebfn, th\u00fac \u0111\u1ea9y m\u00f4i tr\u01b0\u1eddng s\u1ea3n xu\u1ea5t s\u1ea1ch s\u1ebd v\u00e0 v\u1ec7 sinh b\u1eb1ng c\u00e1ch gi\u1ea3m thi\u1ec3u ti\u1ebfng \u1ed3n v\u00e0 \u00f4 nhi\u1ec5m.<\/li>    <li>V\u1eadn h\u00e0nh y\u00ean t\u0129nh: B\u1eb1ng c\u00e1ch s\u1eed d\u1ee5ng thi\u1ebft k\u1ebf c\u1ea3i ti\u1ebfn, m\u00e1y nghi\u1ec1n ng\u00f4 v\u1eadn h\u00e0nh v\u1edbi \u0111\u1ed9 \u1ed3n c\u1ef1c k\u1ef3 th\u1ea5p, th\u00fac \u0111\u1ea9y m\u00f4i tr\u01b0\u1eddng s\u1ea3n xu\u1ea5t t\u1ed1i \u01b0u mang l\u1ea1i n\u0103ng su\u1ea5t v\u00e0 s\u1ef1 tho\u1ea3i m\u00e1i.<\/li> <\/ul>    <h2 class=\"wp-block-heading\">Li\u00ean h\u1ec7 v\u1edbi ch\u00fang t\u00f4i<\/h2>    <figure class=\"wp-block-gallery has-nested-images columns-default is-cropped wp-block-gallery-6 is-layout-flex wp-block-gallery-is-layout-flex\"> <figure class=\"wp-block-image size-large\"><img loading=\"lazy\" decoding=\"async\" width=\"720\" height=\"540\" data-id=\"239\" src=\"https:\/\/corn-machines.com\/wp-content\/uploads\/2022\/09\/Corn-grain-mill-machine-1.webp\" alt=\"M\u00e1y nghi\u1ec1n h\u1ea1t ng\u00f4\" class=\"wp-image-239\" srcset=\"https:\/\/corn-machines.com\/wp-content\/uploads\/2022\/09\/Corn-grain-mill-machine-1.webp 720w, https:\/\/corn-machines.com\/wp-content\/uploads\/2022\/09\/Corn-grain-mill-machine-1-300x225.webp 300w\" sizes=\"auto, (max-width: 720px) 100vw, 720px\" \/><figcaption class=\"wp-element-caption\">M\u00e1y nghi\u1ec1n h\u1ea1t ng\u00f4<\/figcaption><\/figure>    <figure class=\"wp-block-image size-large\"><img loading=\"lazy\" decoding=\"async\" width=\"720\" height=\"540\" data-id=\"240\" src=\"https:\/\/corn-machines.com\/wp-content\/uploads\/2022\/09\/Corn-grain-mill-machine-2.webp\" alt=\"M\u00e1y nghi\u1ec1n h\u1ea1t ng\u00f4\" class=\"wp-image-240\" srcset=\"https:\/\/corn-machines.com\/wp-content\/uploads\/2022\/09\/Corn-grain-mill-machine-2.webp 720w, https:\/\/corn-machines.com\/wp-content\/uploads\/2022\/09\/Corn-grain-mill-machine-2-300x225.webp 300w\" sizes=\"auto, (max-width: 720px) 100vw, 720px\" \/><figcaption class=\"wp-element-caption\">M\u00e1y nghi\u1ec1n h\u1ea1t ng\u00f4<\/figcaption><\/figure> <\/figure>    <p class=\"translation-block\">M\u00e1y xay ng\u0169 c\u1ed1c l\u00e0 n\u1ec1n t\u1ea3ng c\u1ee7a hi\u1ec7u qu\u1ea3 v\u00e0 \u0111\u1ed9 ch\u00ednh x\u00e1c trong ch\u1ebf bi\u1ebfn ng\u0169 c\u1ed1c, mang l\u1ea1i s\u1ef1 tin c\u1eady v\u00e0 hi\u1ec7u su\u1ea5t v\u01b0\u1ee3t tr\u1ed9i. V\u1edbi c\u1ea5u tr\u00fac ch\u1eafc ch\u1eafn v\u00e0 c\u00f4ng ngh\u1ec7 ti\u00ean ti\u1ebfn, nh\u1eefng m\u00e1y n\u00e0y \u0111\u1ea3m b\u1ea3o ho\u1ea1t \u0111\u1ed9ng xay x\u00e1t ng\u0169 c\u1ed1c t\u1ed1i \u01b0u cho nhi\u1ec1u \u1ee9ng d\u1ee5ng kh\u00e1c nhau. <\/p>    <p>\u0110\u1ea7u t\u01b0 v\u00e0o m\u00e1y nghi\u1ec1n h\u1ea1t ng\u00f4 kh\u00f4ng ch\u1ec9 \u0111\u1ea3m b\u1ea3o ch\u1ea5t l\u01b0\u1ee3ng s\u1ea3n ph\u1ea9m cu\u1ed1i c\u00f9ng v\u01b0\u1ee3t tr\u1ed9i m\u00e0 c\u00f2n t\u1ed1i \u0111a h\u00f3a n\u0103ng su\u1ea5t \u0111\u1ed3ng th\u1eddi gi\u1ea3m thi\u1ec3u chi ph\u00ed v\u1eadn h\u00e0nh. <\/p>    <p>\u0110\u1eebng b\u1ecf l\u1ee1 c\u01a1 h\u1ed9i n\u00e2ng cao kh\u1ea3 n\u0103ng ch\u1ebf bi\u1ebfn ng\u0169 c\u1ed1c v\u00e0 h\u1ee3p l\u00fd h\u00f3a ho\u1ea1t \u0111\u1ed9ng c\u1ee7a b\u1ea1n. Li\u00ean h\u1ec7 v\u1edbi ch\u00fang t\u00f4i ngay b\u00e2y gi\u1edd \u0111\u1ec3 \u0111\u01b0\u1ee3c gi\u1ea3i \u0111\u00e1p th\u1eafc m\u1eafc v\u00e0 th\u1ef1c hi\u1ec7n b\u01b0\u1edbc \u0111\u1ea7u ti\u00ean nh\u1eb1m n\u00e2ng cao th\u00e0nh c\u00f4ng v\u00e0 l\u1ee3i nhu\u1eadn cho doanh nghi\u1ec7p c\u1ee7a b\u1ea1n.<\/p>","protected":false},"excerpt":{"rendered":"<p>M\u00e1y xay ng\u0169 c\u1ed1c l\u00e0 m\u1ed9t m\u00e1y \u0111\u01b0\u1ee3c s\u1eed d\u1ee5ng \u0111\u1ec3 xay ng\u0169 c\u1ed1c th\u00e0nh b\u1ed9t. Ng\u00f4 l\u00e0 m\u1ed9t nguy\u00ean li\u1ec7u th\u00f4 th\u01b0\u1eddng \u0111\u01b0\u1ee3c ch\u1ebf bi\u1ebfn, <\/p>","protected":false},"author":1,"featured_media":238,"parent":0,"template":"","tags":[23,31],"product-type":[5],"class_list":["post-235","product","type-product","status-publish","has-post-thumbnail","hentry","tag-corn-grain-mill-machine","tag-corn-milling-machine","product-type-maize-grits-milling-machine"],"_links":{"self":[{"href":"https:\/\/corn-machines.com\/vi\/wp-json\/wp\/v2\/product\/235","targetHints":{"allow":["GET"]}}],"collection":[{"href":"https:\/\/corn-machines.com\/vi\/wp-json\/wp\/v2\/product"}],"about":[{"href":"https:\/\/corn-machines.com\/vi\/wp-json\/wp\/v2\/types\/product"}],"author":[{"embeddable":true,"href":"https:\/\/corn-machines.com\/vi\/wp-json\/wp\/v2\/users\/1"}],"wp:featuredmedia":[{"embeddable":true,"href":"https:\/\/corn-machines.com\/vi\/wp-json\/wp\/v2\/media\/238"}],"wp:attachment":[{"href":"https:\/\/corn-machines.com\/vi\/wp-json\/wp\/v2\/media?parent=235"}],"wp:term":[{"taxonomy":"post_tag","embeddable":true,"href":"https:\/\/corn-machines.com\/vi\/wp-json\/wp\/v2\/tags?post=235"},{"taxonomy":"product-type","embeddable":true,"href":"https:\/\/corn-machines.com\/vi\/wp-json\/wp\/v2\/product-type?post=235"}],"curies":[{"name":"wp","href":"https:\/\/api.w.org\/{rel}","templated":true}]}}