{"id":201,"date":"2022-09-09T02:21:54","date_gmt":"2022-09-09T02:21:54","guid":{"rendered":"https:\/\/corn-machines.com\/?post_type=product&#038;p=201"},"modified":"2024-02-22T17:56:10","modified_gmt":"2024-02-22T09:56:10","slug":"corn-shelling-machine","status":"publish","type":"product","link":"https:\/\/corn-machines.com\/vi\/product\/corn-shelling-machine\/","title":{"rendered":"M\u00e1y b\u00f3c v\u1ecf ng\u00f4 | M\u00e1y tu\u1ed1t ng\u00f4"},"content":{"rendered":"<p>M\u00e1y b\u00f3c v\u1ecf ng\u00f4 l\u00e0 m\u00e1y tu\u1ed1t l\u00f5i ng\u00f4 sau khi b\u00f3c v\u1ecf v\u00e0 s\u1ea5y kh\u00f4. M\u00e1y tu\u1ed1t ng\u00f4 n\u00e0y c\u00f3 th\u1ec3 t\u00e1ch ng\u00f4 \u0111\u00e3 \u0111\u1eadp v\u00e0 l\u00f5i ng\u00f4, thu gom c\u00e1c t\u1ea1p ch\u1ea5t trong qu\u00e1 tr\u00ecnh \u0111\u1eadp ng\u00f4 b\u1eb1ng qu\u1ea1t ph\u00eda sau v\u00e0 c\u00f3 ch\u1ee9c n\u0103ng l\u00e0m s\u1ea1ch ng\u00f4. <\/p>    <p class=\"translation-block\">M\u00e1y xay th\u00f3c ng\u00f4 \u0111\u01b0\u1ee3c trang b\u1ecb m\u1ed9t b\u0103ng chuy\u1ec1n d\u00e0i \u0111\u1ec3 n\u00e2ng ng\u00f4, gi\u00fap ti\u1ebft ki\u1ec7m c\u00f4ng s\u1ee9c khi s\u1eed d\u1ee5ng, v\u00e0 t\u1ef7 l\u1ec7 t\u00e1ch h\u1ea1t ng\u00f4 \u0111\u1ea1t 99%.<\/p>    <figure class=\"wp-block-embed is-type-video is-provider-youtube wp-block-embed-youtube wp-embed-aspect-16-9 wp-has-aspect-ratio\"><div class=\"wp-block-embed__wrapper\"> <iframe loading=\"lazy\" title=\"Th\u1ee7 thu\u1eadt thu ho\u1ea1ch: T\u1eadn d\u1ee5ng t\u1ed1i \u0111a m\u00e1y tu\u1ed1t ng\u00f4 c\u1ee7a b\u1ea1n #corn #maize #thresher\" width=\"500\" height=\"281\" src=\"https:\/\/www.youtube.com\/embed\/PnBgVXWX2cU?feature=oembed\" frameborder=\"0\" allow=\"accelerometer; autoplay; clipboard-write; encrypted-media; gyroscope; picture-in-picture; web-share\" referrerpolicy=\"strict-origin-when-cross-origin\" allowfullscreen><\/iframe> <\/div><figcaption class=\"wp-element-caption\">Video ho\u1ea1t \u0111\u1ed9ng c\u1ee7a m\u00e1y b\u00f3c v\u1ecf ng\u00f4<\/figcaption><\/figure>    <h2 class=\"wp-block-heading\" id=\"h-raw-materials-for-corn-shelling-machine\">Nguy\u00ean li\u1ec7u cho m\u00e1y b\u00f3c v\u1ecf ng\u00f4<\/h2>    <p class=\"translation-block\">M\u00e1y t\u00e1ch h\u1ea1t ng\u00f4 \u0111\u01b0\u1ee3c x\u1eed l\u00fd b\u1eafp c\u1ea3i v\u00e0 ph\u01a1i kh\u00f4. N\u1ebfu b\u1ea1n mu\u1ed1n b\u00f3c v\u1ecf ng\u00f4, c\u00f4ng ty ch\u00fang t\u00f4i c\u0169ng c\u00f3 m\u1ed9t m\u00e1y b\u00f3c v\u1ecf ng\u00f4 v\u00e0 c\u00f2n c\u00f3 m\u1ed9t <a href=\"https:\/\/corn-machines.com\/vi\/product\/corn-peeling-and-threshing-machine\/\" data-type=\"URL\" data-id=\"https:\/\/corn-machines.com\/product\/corn-peeling-and-threshing-machine\/\">m\u00e1y b\u00f3c v\u00e0 t\u00e1ch ng\u00f4 s\u1ea3n xu\u1ea5t nh\u1ecf<\/a>. <\/p>    <p class=\"translation-block\">N\u01b0\u1edbc ng\u00f4 c\u00e0ng th\u1ea5p th\u00ec hi\u1ec7u qu\u1ea3 t\u00e1ch h\u1ea1t c\u00e0ng t\u1ed1t, v\u00ec v\u1eady c\u1ea7n ph\u01a1i kh\u00f4 ho\u00e0n to\u00e0n tr\u01b0\u1edbc khi t\u00e1ch h\u1ea1t. C\u00e1c tr\u1ea1ng th\u00e1i ng\u00f4 kh\u00e1c nhau s\u1ebd d\u00f9ng m\u00e1y t\u00e1ch h\u1ea1t ng\u00f4 kh\u00e1c nhau. V\u00ed d\u1ee5, ng\u00f4 t\u01b0\u01a1i y\u00eau c\u1ea7u s\u1eed d\u1ee5ng c\u00e1c <a href=\"https:\/\/corn-machines.com\/vi\/product\/fresh-corn-thresher-sweet-corn-sheller\/\" data-type=\"URL\" data-id=\"https:\/\/corn-machines.com\/product\/fresh-corn-thresher-sweet-corn-sheller\/\">m\u00e1y t\u00e1ch h\u1ea1t ng\u00f4 t\u01b0\u01a1i<\/a> chuy\u00ean d\u1ee5ng.<\/p>    <figure class=\"wp-block-image size-full\"><img loading=\"lazy\" decoding=\"async\" width=\"720\" height=\"540\" src=\"https:\/\/corn-machines.com\/wp-content\/uploads\/2022\/09\/corn-thresher-raw-material.webp\" alt=\"nguy\u00ean li\u1ec7u m\u00e1y tu\u1ed1t ng\u00f4\" class=\"wp-image-216\" srcset=\"https:\/\/corn-machines.com\/wp-content\/uploads\/2022\/09\/corn-thresher-raw-material.webp 720w, https:\/\/corn-machines.com\/wp-content\/uploads\/2022\/09\/corn-thresher-raw-material-300x225.webp 300w\" sizes=\"auto, (max-width: 720px) 100vw, 720px\" \/><figcaption class=\"wp-element-caption\">nguy\u00ean li\u1ec7u m\u00e1y tu\u1ed1t ng\u00f4<\/figcaption><\/figure>    <h2 class=\"wp-block-heading\" id=\"h-how-does-the-corn-shelling-machine-work\">M\u00e1y b\u00f3c v\u1ecf ng\u00f4 ho\u1ea1t \u0111\u1ed9ng nh\u01b0 th\u1ebf n\u00e0o?<\/h2>    <div class=\"wp-block-media-text alignwide is-stacked-on-mobile\"><figure class=\"wp-block-media-text__media\"><img loading=\"lazy\" decoding=\"async\" width=\"720\" height=\"540\" src=\"https:\/\/corn-machines.com\/wp-content\/uploads\/2022\/09\/Corn-shelling-machine-1.jpg\" alt=\"M\u00e1y b\u00f3c v\u1ecf ng\u00f4\" class=\"wp-image-217 size-full\" srcset=\"https:\/\/corn-machines.com\/wp-content\/uploads\/2022\/09\/Corn-shelling-machine-1.jpg 720w, https:\/\/corn-machines.com\/wp-content\/uploads\/2022\/09\/Corn-shelling-machine-1-300x225.jpg 300w\" sizes=\"auto, (max-width: 720px) 100vw, 720px\" \/><\/figure><div class=\"wp-block-media-text__content\"> <p>Ng\u01b0\u1eddi d\u00f9ng \u0111\u01b0a ng\u00f4 v\u00e0o b\u0103ng t\u1ea3i cho \u0103n t\u1ef1 \u0111\u1ed9ng.<\/p> <\/div><\/div>    <div class=\"wp-block-media-text alignwide has-media-on-the-right is-stacked-on-mobile\"><div class=\"wp-block-media-text__content\"> <p>Sau \u0111\u00f3 ng\u00f4 \u0111\u01b0\u1ee3c v\u1eadn chuy\u1ec3n \u0111\u1ebfn bu\u1ed3ng \u0111\u1eadp.<\/p> <\/div><figure class=\"wp-block-media-text__media\"><img loading=\"lazy\" decoding=\"async\" width=\"720\" height=\"540\" src=\"https:\/\/corn-machines.com\/wp-content\/uploads\/2022\/09\/Corn-shelling-machine-2.jpg\" alt=\"M\u00e1y b\u00f3c v\u1ecf ng\u00f4\" class=\"wp-image-218 size-full\" srcset=\"https:\/\/corn-machines.com\/wp-content\/uploads\/2022\/09\/Corn-shelling-machine-2.jpg 720w, https:\/\/corn-machines.com\/wp-content\/uploads\/2022\/09\/Corn-shelling-machine-2-300x225.jpg 300w\" sizes=\"auto, (max-width: 720px) 100vw, 720px\" \/><\/figure><\/div>    <div class=\"wp-block-media-text alignwide is-stacked-on-mobile\"><figure class=\"wp-block-media-text__media\"><img loading=\"lazy\" decoding=\"async\" width=\"720\" height=\"540\" src=\"https:\/\/corn-machines.com\/wp-content\/uploads\/2022\/09\/Corn-shelling-machine-3.jpg\" alt=\"M\u00e1y b\u00f3c v\u1ecf ng\u00f4\" class=\"wp-image-219 size-full\" srcset=\"https:\/\/corn-machines.com\/wp-content\/uploads\/2022\/09\/Corn-shelling-machine-3.jpg 720w, https:\/\/corn-machines.com\/wp-content\/uploads\/2022\/09\/Corn-shelling-machine-3-300x225.jpg 300w\" sizes=\"auto, (max-width: 720px) 100vw, 720px\" \/><\/figure><div class=\"wp-block-media-text__content\"> <p>Sau khi h\u1ea1t ng\u00f4 v\u00e0 m\u1ed9t l\u01b0\u1ee3ng nh\u1ecf t\u1ea1p ch\u1ea5t \u0111\u01b0\u1ee3c t\u00e1ch ra b\u1eb1ng c\u00e1ch \u0111\u1eadp tr\u1ed1ng, ch\u00fang \u0111i v\u00e0o m\u00e1y tr\u1ed9n t\u1eeb t\u1ea5m l\u00f5m r\u1ed3i \u0111i v\u00e0o s\u00e0ng t\u1eeb thang m\u00e1y.<\/p> <\/div><\/div>    <div class=\"wp-block-media-text alignwide has-media-on-the-right is-stacked-on-mobile\"><div class=\"wp-block-media-text__content\"> <p> C\u00e1c t\u1ea1p ch\u1ea5t nh\u1ecf h\u01a1n ng\u00f4 s\u1ebd r\u01a1i ra kh\u1ecfi s\u00e0ng, h\u1ea1t ng\u00f4 v\u00e0 c\u00e1c t\u1ea1p ch\u1ea5t l\u1edbn h\u01a1n kh\u00e1c s\u1ebd di chuy\u1ec3n theo s\u00e0ng \u0111\u1ebfn \u0111\u1ea7u ra.<\/p> <\/div><figure class=\"wp-block-media-text__media\"><img loading=\"lazy\" decoding=\"async\" width=\"720\" height=\"540\" src=\"https:\/\/corn-machines.com\/wp-content\/uploads\/2022\/09\/Corn-shelling-machine-4.jpg\" alt=\"M\u00e1y b\u00f3c v\u1ecf ng\u00f4\" class=\"wp-image-220 size-full\" srcset=\"https:\/\/corn-machines.com\/wp-content\/uploads\/2022\/09\/Corn-shelling-machine-4.jpg 720w, https:\/\/corn-machines.com\/wp-content\/uploads\/2022\/09\/Corn-shelling-machine-4-300x225.jpg 300w\" sizes=\"auto, (max-width: 720px) 100vw, 720px\" \/><\/figure><\/div>    <div class=\"wp-block-media-text alignwide is-stacked-on-mobile\"><figure class=\"wp-block-media-text__media\"><img loading=\"lazy\" decoding=\"async\" width=\"720\" height=\"540\" src=\"https:\/\/corn-machines.com\/wp-content\/uploads\/2022\/09\/Corn-shelling-machine-5.jpg\" alt=\"M\u00e1y b\u00f3c v\u1ecf ng\u00f4\" class=\"wp-image-221 size-full\" srcset=\"https:\/\/corn-machines.com\/wp-content\/uploads\/2022\/09\/Corn-shelling-machine-5.jpg 720w, https:\/\/corn-machines.com\/wp-content\/uploads\/2022\/09\/Corn-shelling-machine-5-300x225.jpg 300w\" sizes=\"auto, (max-width: 720px) 100vw, 720px\" \/><\/figure><div class=\"wp-block-media-text__content\"> <p>Sau v\u00e0i gi\u00e2y, c\u00e1c t\u1ea1p ch\u1ea5t nh\u1ecf \u0111\u01b0\u1ee3c ch\u1ea5t h\u1ea5p th\u1ee5 th\u1ea3i ra v\u00e0 h\u1ea1t ng\u00f4 l\u1ecdt v\u00e0o t\u00fai t\u1eeb s\u00e0ng.<\/p> <\/div><\/div>    <h2 class=\"wp-block-heading\" id=\"h-parameters-of-corn-thresher\">C\u00e1c th\u00f4ng s\u1ed1 c\u1ee7a m\u00e1y tu\u1ed1t ng\u00f4<\/h2>    <figure class=\"wp-block-table\"><table><tbody><tr><td>C\u00e1ch th\u1ee9c<\/td><td>TY-80A<\/td><td>TY-80B<\/td><td>TY-80C<\/td><td>TY-80D<\/td><\/tr><tr><td>Quy\u1ec1n l\u1ef1c<\/td><td>\u0110\u1ed9ng c\u01a1 diesel 15HP ho\u1eb7c \u0111\u1ed9ng c\u01a1 7,5 KW<\/td><td>\u0110\u1ed9ng c\u01a1 diesel 15HP ho\u1eb7c \u0111\u1ed9ng c\u01a1 7,5 KW<\/td><td>\u0110\u1ed9ng c\u01a1 diesel 15HP ho\u1eb7c \u0111\u1ed9ng c\u01a1 7,5 KW<\/td><td>\u0110\u1ed9ng c\u01a1 diesel 15HP ho\u1eb7c \u0111\u1ed9ng c\u01a1 7,5 KW<\/td><\/tr><tr><td>Dung t\u00edch<\/td><td>4t\/h (H\u1ea1t ng\u00f4)<\/td><td>5t\/h (H\u1ea1t ng\u00f4)<\/td><td>5t\/h (H\u1ea1t ng\u00f4)<\/td><td>6t\/h (H\u1ea1t ng\u00f4)<\/td><\/tr><tr><td>T\u1ef7 l\u1ec7 \u0111\u1eadp<\/td><td>\u226599,5%<\/td><td>&nbsp;\u226599,5%<\/td><td>\u226599,5%<\/td><td>\u226599,5%<\/td><\/tr><tr><td>T\u1ef7 l\u1ec7 t\u1ed5n th\u1ea5t<\/td><td>2,0%<\/td><td>2,0%<\/td><td>2,0%<\/td><td>2,0%<\/td><\/tr><tr><td>T\u1ef7 l\u1ec7 v\u1ee1<\/td><td>.5%<\/td><td>.5%<\/td><td>.5%<\/td><td>.5%<\/td><\/tr><tr><td>T\u1ef7 l\u1ec7 t\u1ea1p ch\u1ea5t<\/td><td>.0%<\/td><td>.0%<\/td><td>.0%<\/td><td>.0%<\/td><\/tr><tr><td>C\u00e2n n\u1eb7ng<\/td><td>200kg<\/td><td>230kg<\/td><td>320kg<\/td><td>350kg<\/td><\/tr><tr><td>K\u00edch c\u1ee1<\/td><td>2360*1360*1480\u00a0mm<\/td><td>2360*1360*2000\u00a0mm<\/td><td>3860*1360*1480\u00a0mm<\/td><td>3860*1360*2480mm<\/td><\/tr><\/tbody><\/table><figcaption class=\"wp-element-caption\">th\u00f4ng s\u1ed1 m\u00e1y b\u00f3c v\u1ecf ng\u00f4<\/figcaption><\/figure>    <h2 class=\"wp-block-heading\" id=\"h-how-to-deal-with-corn-after-threshing\">C\u00e1ch x\u1eed l\u00fd ng\u00f4 sau khi tu\u1ed1t l\u00faa<\/h2>    <figure class=\"wp-block-image size-full\"><img loading=\"lazy\" decoding=\"async\" width=\"720\" height=\"540\" src=\"https:\/\/corn-machines.com\/wp-content\/uploads\/2022\/09\/after-threshing.webp\" alt=\"s\u1ea3n ph\u1ea9m cu\u1ed1i c\u00f9ng c\u1ee7a m\u00e1y b\u00f3c v\u1ecf ng\u00f4\" class=\"wp-image-210\" srcset=\"https:\/\/corn-machines.com\/wp-content\/uploads\/2022\/09\/after-threshing.webp 720w, https:\/\/corn-machines.com\/wp-content\/uploads\/2022\/09\/after-threshing-300x225.webp 300w\" sizes=\"auto, (max-width: 720px) 100vw, 720px\" \/><figcaption class=\"wp-element-caption\">s\u1ea3n ph\u1ea9m cu\u1ed1i c\u00f9ng c\u1ee7a m\u00e1y b\u00f3c v\u1ecf ng\u00f4<\/figcaption><\/figure>    <p>C\u00e1ch b\u1ea3o qu\u1ea3n v\u00e0 x\u1eed l\u00fd ng\u00f4 sau khi tu\u1ed1t l\u00faa? <\/p>    <p>N\u1ebfu h\u1ea1t ng\u00f4 v\u1eabn c\u00f2n h\u01a1i \u1ea9m th\u00ec c\u00f3 th\u1ec3 \u0111em ng\u00f4 \u0111\u00e3 \u0111\u1eadp ra ph\u01a1i tr\u1ef1c ti\u1ebfp \u1edf n\u01a1i s\u1ea1ch s\u1ebd. <\/p>    <p>Ngo\u00e0i ra, sau khi \u0111\u1eadp ng\u00f4, c\u00f3 th\u1ec3 n\u1ed1i m\u1ed9t t\u00fai v\u1edbi \u0111\u1ea7u ra c\u1ee7a ng\u00f4, c\u00f3 th\u1ec3 cho tr\u1ef1c ti\u1ebfp h\u1ea1t ng\u00f4 v\u00e0o t\u00fai Trong. <\/p>    <p>H\u01a1n n\u1eefa, h\u1ea1t ng\u00f4 c\u0169ng c\u00f3 th\u1ec3 \u0111\u01b0\u1ee3c d\u1ee1 l\u00ean xe t\u1ea3i thu gom v\u00e0 ng\u00f4 c\u00f3 th\u1ec3 \u0111\u01b0\u1ee3c v\u1eadn chuy\u1ec3n tr\u1ef1c ti\u1ebfp \u0111\u1ec3 b\u00e1n. C\u00e1c t\u1ea1p ch\u1ea5t \u0111\u01b0\u1ee3c qu\u1ea1t th\u1ed5i bay ra ngo\u00e0i v\u00e0 c\u00f3 th\u1ec3 \u0111\u01b0\u1ee3c thu gom b\u1eb1ng d\u00e2y \u0111ai.<\/p>    <h2 class=\"wp-block-heading\">Video m\u00e1y b\u00f3c v\u1ecf ng\u00f4 <\/h2>    <figure class=\"wp-block-embed is-type-video is-provider-youtube wp-block-embed-youtube wp-embed-aspect-16-9 wp-has-aspect-ratio\"><div class=\"wp-block-embed__wrapper\"> <iframe loading=\"lazy\" title=\"M\u00e1y tu\u1ed1t ng\u00f4 l\u00e0 g\u00ec? | m\u00e1y b\u00f3c v\u1ecf ng\u00f4 \u0111\u1ec3 b\u00e1n |  m\u00e1y tu\u1ed1t ng\u00f4 #corn\" width=\"500\" height=\"281\" src=\"https:\/\/www.youtube.com\/embed\/lv_pv2risy8?feature=oembed\" frameborder=\"0\" allow=\"accelerometer; autoplay; clipboard-write; encrypted-media; gyroscope; picture-in-picture; web-share\" referrerpolicy=\"strict-origin-when-cross-origin\" allowfullscreen><\/iframe> <\/div><figcaption class=\"wp-element-caption\">m\u00e1y b\u00f3c v\u1ecf ng\u00f4 ho\u1ea1t \u0111\u1ed9ng nh\u01b0 th\u1ebf n\u00e0o?<\/figcaption><\/figure>    <h2 class=\"wp-block-heading\" id=\"h-advantages-of-using-corn-shelling-machine\">\u01afu \u0111i\u1ec3m khi s\u1eed d\u1ee5ng m\u00e1y b\u00f3c v\u1ecf ng\u00f4:<\/h2>    <p>&nbsp;1. Ch\u1ee9c n\u0103ng ho\u00e0n ch\u1ec9nh, k\u00edch th\u01b0\u1edbc nh\u1ecf, nh\u1eb9, kh\u00f4ng b\u1ee5i, b\u1ea3o v\u1ec7 m\u00f4i tr\u01b0\u1eddng, ti\u1ebft ki\u1ec7m n\u0103ng l\u01b0\u1ee3ng, t\u1ed1c \u0111\u1ed9 lo\u1ea1i b\u1ecf cao, t\u1ef7 l\u1ec7 v\u1ee1 th\u1ea5p, an to\u00e0n v\u00e0 \u0111\u00e1ng tin c\u1eady, d\u1ec5 di chuy\u1ec3n, v\u1eadn h\u00e0nh \u0111\u01a1n gi\u1ea3n v\u00e0 tu\u1ed5i th\u1ecd d\u00e0i.<\/p>    <p>&nbsp;2. S\u1eed d\u1ee5ng c\u00f4ng ngh\u1ec7 lo\u1ea1i b\u1ecf b\u1ee5i \u00e1p su\u1ea5t \u00e2m v\u00e0 \u0111\u1eadp k\u00edn, b\u1ee5i v\u00e0 m\u1ea3nh v\u1ee5n sinh ra trong qu\u00e1 tr\u00ecnh \u0111\u1eadp v\u00e0 s\u00e0ng l\u1ecdc ng\u00f4 c\u00f3 th\u1ec3 \u0111\u01b0\u1ee3c th\u1ea3i ra qua c\u1ed5ng lo\u1ea1i b\u1ecf b\u1ee5i v\u00e0 t\u00fai \u0111\u1ef1ng b\u1ee5i chung. Nh\u1edd \u0111\u00f3, m\u00f4i tr\u01b0\u1eddng l\u00e0m vi\u1ec7c \u0111\u01b0\u1ee3c c\u1ea3i thi\u1ec7n v\u00e0 s\u1ee9c kh\u1ecfe c\u1ee7a ng\u01b0\u1eddi lao \u0111\u1ed9ng \u0111\u01b0\u1ee3c \u0111\u1ea3m b\u1ea3o.<\/p>    <p>3. C\u1ea3i ti\u1ebfn h\u1ee3p l\u00fd c\u1ea5u t\u1ea1o c\u1ee7a tr\u1ed1ng m\u00e1y b\u00f3c v\u1ecf ng\u00f4 kh\u00f4ng ch\u1ec9 n\u00e2ng cao hi\u1ec7u qu\u1ea3 s\u1ea3n xu\u1ea5t m\u00e0 c\u00f2n ph\u00f9 h\u1ee3p v\u1edbi nh\u1eefng m\u00e1y thu ho\u1ea1ch ng\u00f4 c\u00f3 \u0111\u1ed9 \u1ea9m l\u1edbn v\u00e0 \u00edt v\u1ecf ng\u00f4.<\/p>    <p>4. R\u00e2y x\u1ea3 ch\u1ea5t l\u1ea1 \u0111\u1eb7t \u1edf ph\u1ea7n d\u01b0\u1edbi c\u1ee7a m\u00e1ng v\u1eadn chuy\u1ec3n m\u00e1y b\u00f3c v\u1ecf ng\u00f4 c\u00f3 th\u1ec3 t\u00e1ch v\u00e0 x\u1ea3 c\u00e1c ch\u1ea5t l\u1ea1 nh\u01b0 b\u0103ng, tuy\u1ebft, c\u00e1t v\u00e0 c\u00e1c ch\u1ea5t l\u1ea1 kh\u00e1c do ng\u00f4 \u0111\u1eadp mang theo tr\u01b0\u1edbc khi v\u00e0o bu\u1ed3ng t\u00e1ch, nh\u1edd \u0111\u00f3 gi\u1ea3m h\u00e0m l\u01b0\u1ee3ng t\u1ea1p ch\u1ea5t trong h\u1ea1t.<\/p>    <figure class=\"wp-block-gallery has-nested-images columns-default is-cropped wp-block-gallery-2 is-layout-flex wp-block-gallery-is-layout-flex\"> <figure class=\"wp-block-image size-large\"><img loading=\"lazy\" decoding=\"async\" width=\"720\" height=\"540\" data-id=\"224\" src=\"https:\/\/corn-machines.com\/wp-content\/uploads\/2022\/09\/maize-threshing-machine-1.jpg\" alt=\"m\u00e1y tu\u1ed1t ng\u00f4\" class=\"wp-image-224\" srcset=\"https:\/\/corn-machines.com\/wp-content\/uploads\/2022\/09\/maize-threshing-machine-1.jpg 720w, https:\/\/corn-machines.com\/wp-content\/uploads\/2022\/09\/maize-threshing-machine-1-300x225.jpg 300w\" sizes=\"auto, (max-width: 720px) 100vw, 720px\" \/><figcaption class=\"wp-element-caption\">m\u00e1y tu\u1ed1t ng\u00f4<\/figcaption><\/figure>    <figure class=\"wp-block-image size-large\"><img loading=\"lazy\" decoding=\"async\" width=\"720\" height=\"540\" data-id=\"225\" src=\"https:\/\/corn-machines.com\/wp-content\/uploads\/2022\/09\/maize-threshing-machine-2.jpg\" alt=\"m\u00e1y tu\u1ed1t ng\u00f4\" class=\"wp-image-225\" srcset=\"https:\/\/corn-machines.com\/wp-content\/uploads\/2022\/09\/maize-threshing-machine-2.jpg 720w, https:\/\/corn-machines.com\/wp-content\/uploads\/2022\/09\/maize-threshing-machine-2-300x225.jpg 300w\" sizes=\"auto, (max-width: 720px) 100vw, 720px\" \/><figcaption class=\"wp-element-caption\">m\u00e1y tu\u1ed1t ng\u00f4<\/figcaption><\/figure>    <figure class=\"wp-block-image size-large\"><img loading=\"lazy\" decoding=\"async\" width=\"720\" height=\"540\" data-id=\"226\" src=\"https:\/\/corn-machines.com\/wp-content\/uploads\/2022\/09\/maize-threshing-machine-3.jpg\" alt=\"m\u00e1y tu\u1ed1t ng\u00f4\" class=\"wp-image-226\" srcset=\"https:\/\/corn-machines.com\/wp-content\/uploads\/2022\/09\/maize-threshing-machine-3.jpg 720w, https:\/\/corn-machines.com\/wp-content\/uploads\/2022\/09\/maize-threshing-machine-3-300x225.jpg 300w\" sizes=\"auto, (max-width: 720px) 100vw, 720px\" \/><figcaption class=\"wp-element-caption\">m\u00e1y tu\u1ed1t ng\u00f4<\/figcaption><\/figure>    <figure class=\"wp-block-image size-large\"><img loading=\"lazy\" decoding=\"async\" width=\"720\" height=\"540\" data-id=\"223\" src=\"https:\/\/corn-machines.com\/wp-content\/uploads\/2022\/09\/maize-threshing-machine-shipping.jpg\" alt=\"v\u1eadn chuy\u1ec3n m\u00e1y tu\u1ed1t ng\u00f4\" class=\"wp-image-223\" srcset=\"https:\/\/corn-machines.com\/wp-content\/uploads\/2022\/09\/maize-threshing-machine-shipping.jpg 720w, https:\/\/corn-machines.com\/wp-content\/uploads\/2022\/09\/maize-threshing-machine-shipping-300x225.jpg 300w\" sizes=\"auto, (max-width: 720px) 100vw, 720px\" \/><figcaption class=\"wp-element-caption\">v\u1eadn chuy\u1ec3n m\u00e1y tu\u1ed1t ng\u00f4<\/figcaption><\/figure> <\/figure>    <p>5. Vi\u1ec7c s\u1eed d\u1ee5ng s\u00e0ng l\u1ecdc ph\u00e2n lo\u1ea1i v\u00e0 c\u1ea5u tr\u00fac lo\u1ea1i b\u1ecf b\u1ee5i c\u1ee7a b\u1ed9 t\u00e1ch kh\u00ed \u00e1p su\u1ea5t \u00e2m c\u00f3 th\u1ec3 t\u00e1ch v\u1ecf v\u1ee5n, h\u1ea1t v\u1ee1 v\u00e0 \u0111\u1ed3 l\u1eb7t v\u1eb7t, \u0111\u1ed3ng th\u1eddi c\u1ea3i thi\u1ec7n \u0111\u1ed9 s\u1ea1ch c\u1ee7a h\u1ea1t.<\/p>    <p>6. C\u1ea5u tr\u00fac n\u00e2ng h\u1ea1t \u0111\u01b0\u1ee3c \u00e1p d\u1ee5ng v\u00e0 h\u1ea1t c\u00f3 th\u1ec3 \u0111\u01b0\u1ee3c n\u1ea1p tr\u1ef1c ti\u1ebfp v\u00e0o xe t\u1ea3i v\u00e0 \u0111\u00f3ng g\u00f3i.<\/p>    <h2 class=\"wp-block-heading\">C\u00e2u h\u1ecfi th\u01b0\u1eddng g\u1eb7p v\u1ec1 m\u00e1y b\u00f3c v\u1ecf ng\u00f4<\/h2>   <div id=\"rank-math-faq\" class=\"rank-math-block\"> <div class=\"rank-math-list\"> <div id=\"faq-question-1708592474166\" class=\"rank-math-list-item\"> <h3 class=\"rank-math-question\">1. <strong>Hi\u1ec7u su\u1ea5t s\u1ea3n xu\u1ea5t c\u1ee7a m\u00e1y l\u00e0 g\u00ec?<\/strong><\/h3> <div class=\"rank-math-answer\">  <p>Hi\u1ec7u qu\u1ea3 s\u1ea3n xu\u1ea5t c\u1ee7a m\u00e1y ph\u1ee5 thu\u1ed9c v\u00e0o nhi\u1ec1u y\u1ebfu t\u1ed1 kh\u00e1c nhau nh\u01b0 ki\u1ec3u m\u00e1y, c\u00e0i \u0111\u1eb7t v\u00e0 \u0111i\u1ec1u ki\u1ec7n v\u1eadn h\u00e0nh. N\u00f3i chung, n\u00f3 c\u00f3 t\u1ef7 l\u1ec7 hi\u1ec7u qu\u1ea3 cao trong vi\u1ec7c \u0111\u1eadp h\u1ea1t ng\u00f4.<\/p>  <\/div> <\/div> <div id=\"faq-question-1708593423287\" class=\"rank-math-list-item\"> <h3 class=\"rank-math-question\">2. <strong>M\u00e1y n\u00e0y c\u1ea7n b\u1ea3o tr\u00ec bao nhi\u00eau?<\/strong><\/h3> <div class=\"rank-math-answer\">  <p>M\u00e1y c\u1ea7n \u0111\u01b0\u1ee3c v\u1ec7 sinh v\u00e0 b\u00f4i tr\u01a1n th\u01b0\u1eddng xuy\u00ean \u0111\u1ec3 \u0111\u1ea3m b\u1ea3o hi\u1ec7u su\u1ea5t t\u1ed1i \u01b0u. Ngo\u00e0i ra, n\u00ean ki\u1ec3m tra v\u00e0 b\u1ea3o tr\u00ec \u0111\u1ecbnh k\u1ef3 c\u00e1c b\u1ed9 ph\u1eadn \u0111\u1ec3 ng\u0103n ng\u1eeba s\u1ef1 c\u1ed1 v\u00e0 k\u00e9o d\u00e0i tu\u1ed5i th\u1ecd c\u1ee7a m\u00e1y.<\/p>  <\/div> <\/div> <div id=\"faq-question-1708593424162\" class=\"rank-math-list-item\"> <h3 class=\"rank-math-question\">3. <strong>Tu\u1ed5i th\u1ecd d\u1ef1 ki\u1ebfn \u200b\u200bc\u1ee7a m\u00e1y l\u00e0 bao nhi\u00eau?<\/strong><\/h3> <div class=\"rank-math-answer\">  <p>Tu\u1ed5i th\u1ecd c\u1ee7a m\u00e1y c\u00f3 th\u1ec3 kh\u00e1c nhau t\u00f9y thu\u1ed9c v\u00e0o c\u00e1ch s\u1eed d\u1ee5ng, b\u1ea3o tr\u00ec v\u00e0 c\u00e1c y\u1ebfu t\u1ed1 kh\u00e1c. V\u1edbi s\u1ef1 ch\u0103m s\u00f3c v\u00e0 b\u1ea3o tr\u00ec th\u00edch h\u1ee3p, n\u00f3 c\u00f3 th\u1ec3 t\u1ed3n t\u1ea1i trong nhi\u1ec1u n\u0103m ho\u1ea1t \u0111\u1ed9ng li\u00ean t\u1ee5c.<\/p>  <\/div> <\/div> <div id=\"faq-question-1708593513512\" class=\"rank-math-list-item\"> <h3 class=\"rank-math-question\">4. <strong>M\u00e1y c\u00f3 \u0111\u01b0\u1ee3c b\u1ea3o h\u00e0nh kh\u00f4ng?<\/strong><\/h3> <div class=\"rank-math-answer\">  <p>C\u00f3, m\u00e1y th\u01b0\u1eddng \u0111i k\u00e8m v\u1edbi ch\u1ebf \u0111\u1ed9 b\u1ea3o h\u00e0nh bao g\u1ed3m c\u00e1c l\u1ed7i v\u00e0 tr\u1ee5c tr\u1eb7c do s\u1ea3n xu\u1ea5t. <\/p>  <\/div> <\/div> <div id=\"faq-question-1708593514257\" class=\"rank-math-list-item\"> <h3 class=\"rank-math-question\">5. <strong>Gi\u00e1 c\u1ee7a m\u00e1y l\u00e0 bao nhi\u00eau?<\/strong><\/h3> <div class=\"rank-math-answer\">  <p>Gi\u00e1 m\u00e1y thay \u0111\u1ed5i t\u00f9y thu\u1ed9c v\u00e0o c\u00e1c y\u1ebfu t\u1ed1 nh\u01b0 model, c\u00f4ng su\u1ea5t, t\u00ednh n\u0103ng, nh\u00e0 cung c\u1ea5p. B\u1ea1n n\u00ean y\u00eau c\u1ea7u b\u00e1o gi\u00e1 t\u1eeb ch\u00fang t\u00f4i \u0111\u1ec3 c\u00f3 th\u00f4ng tin gi\u00e1 ch\u00ednh x\u00e1c.<\/p>  <\/div> <\/div> <\/div> <\/div>   <figure class=\"wp-block-gallery has-nested-images columns-default is-cropped wp-block-gallery-3 is-layout-flex wp-block-gallery-is-layout-flex\"> <figure class=\"wp-block-image size-large\"><img loading=\"lazy\" decoding=\"async\" width=\"720\" height=\"540\" data-id=\"211\" src=\"https:\/\/corn-machines.com\/wp-content\/uploads\/2022\/09\/maize-threshing-machine.jpg\" alt=\"m\u00e1y tu\u1ed1t ng\u00f4\" class=\"wp-image-211\" srcset=\"https:\/\/corn-machines.com\/wp-content\/uploads\/2022\/09\/maize-threshing-machine.jpg 720w, https:\/\/corn-machines.com\/wp-content\/uploads\/2022\/09\/maize-threshing-machine-300x225.jpg 300w\" sizes=\"auto, (max-width: 720px) 100vw, 720px\" \/><figcaption class=\"wp-element-caption\">m\u00e1y tu\u1ed1t ng\u00f4<\/figcaption><\/figure>    <figure class=\"wp-block-image size-large\"><img loading=\"lazy\" decoding=\"async\" width=\"720\" height=\"540\" data-id=\"212\" src=\"https:\/\/corn-machines.com\/wp-content\/uploads\/2022\/09\/maize-threshing.jpg\" alt=\"\u0111\u1eadp ng\u00f4\" class=\"wp-image-212\" srcset=\"https:\/\/corn-machines.com\/wp-content\/uploads\/2022\/09\/maize-threshing.jpg 720w, https:\/\/corn-machines.com\/wp-content\/uploads\/2022\/09\/maize-threshing-300x225.jpg 300w\" sizes=\"auto, (max-width: 720px) 100vw, 720px\" \/><figcaption class=\"wp-element-caption\">\u0111\u1eadp ng\u00f4<\/figcaption><\/figure> <\/figure>    <h2 class=\"wp-block-heading\">Li\u00ean h\u1ec7 v\u1edbi ch\u00fang t\u00f4i<\/h2>    <p><br>T\u00f3m l\u1ea1i, m\u00e1y b\u00f3c v\u1ecf ng\u00f4 c\u1ee7a ch\u00fang t\u00f4i l\u00e0 \u0111i\u1ec3n h\u00ecnh cho s\u1ef1 \u0111\u1ed5i m\u1edbi v\u00e0 \u0111\u1ed9t ph\u00e1 trong l\u0129nh v\u1ef1c n\u00f4ng nghi\u1ec7p. Ch\u00fang t\u00f4i mong mu\u1ed1n t\u1ea1o ra nh\u1eefng thi\u1ebft b\u1ecb kh\u00f4ng ch\u1ec9 hi\u1ec7u qu\u1ea3, \u0111\u00e1ng tin c\u1eady m\u00e0 c\u00f2n n\u1ed5i b\u1eadt nh\u1edd t\u00ednh s\u00e1ng t\u1ea1o. <\/p>    <p>V\u1edbi \u0111\u1ed9i ng\u0169 t\u1eadn t\u00e2m v\u00e0 cam k\u1ebft \u0111\u1ea1t \u0111\u1ebfn s\u1ef1 xu\u1ea5t s\u1eafc, ch\u00fang t\u00f4i c\u1ed1 g\u1eafng tr\u1edf th\u00e0nh \u0111\u1ed1i t\u00e1c \u01b0a th\u00edch c\u1ee7a b\u1ea1n trong l\u0129nh v\u1ef1c ch\u1ebf bi\u1ebfn ng\u00f4. Vi\u1ec7c ch\u1ecdn m\u00e1y b\u00f3c v\u1ecf ng\u00f4 c\u1ee7a ch\u00fang t\u00f4i kh\u00f4ng ch\u1ec9 l\u00e0 mua m\u1ed9t thi\u1ebft b\u1ecb; n\u00f3 \u00f4m l\u1ea5y m\u1ed9t bi\u1ec3u t\u01b0\u1ee3ng c\u1ee7a s\u1ef1 s\u00e1ng t\u1ea1o v\u00e0 \u0111\u1ed5i m\u1edbi.<\/p>    <figure class=\"wp-block-image size-full\"><img loading=\"lazy\" decoding=\"async\" width=\"720\" height=\"540\" src=\"https:\/\/corn-machines.com\/wp-content\/uploads\/2022\/09\/maize-threshing-machine-3.jpg\" alt=\"m\u00e1y tu\u1ed1t ng\u00f4\" class=\"wp-image-226\" srcset=\"https:\/\/corn-machines.com\/wp-content\/uploads\/2022\/09\/maize-threshing-machine-3.jpg 720w, https:\/\/corn-machines.com\/wp-content\/uploads\/2022\/09\/maize-threshing-machine-3-300x225.jpg 300w\" sizes=\"auto, (max-width: 720px) 100vw, 720px\" \/><figcaption class=\"wp-element-caption\">m\u00e1y tu\u1ed1t ng\u00f4<\/figcaption><\/figure>","protected":false},"excerpt":{"rendered":"<p>M\u00e1y b\u00f3c v\u1ecf ng\u00f4 l\u00e0 m\u00e1y tu\u1ed1t l\u00f5i ng\u00f4 sau khi b\u00f3c v\u1ecf v\u00e0 s\u1ea5y kh\u00f4. v\u00e0 t\u1ed1c \u0111\u1ed9 \u0111\u1eadp ng\u00f4 \u0111\u1ea1t 99%.<\/p>","protected":false},"author":1,"featured_media":209,"parent":0,"template":"","tags":[22,33],"product-type":[4],"class_list":["post-201","product","type-product","status-publish","has-post-thumbnail","hentry","tag-corn-shelling-machine","tag-corn-threshing-machine","product-type-corn-thresher-machine"],"_links":{"self":[{"href":"https:\/\/corn-machines.com\/vi\/wp-json\/wp\/v2\/product\/201","targetHints":{"allow":["GET"]}}],"collection":[{"href":"https:\/\/corn-machines.com\/vi\/wp-json\/wp\/v2\/product"}],"about":[{"href":"https:\/\/corn-machines.com\/vi\/wp-json\/wp\/v2\/types\/product"}],"author":[{"embeddable":true,"href":"https:\/\/corn-machines.com\/vi\/wp-json\/wp\/v2\/users\/1"}],"wp:featuredmedia":[{"embeddable":true,"href":"https:\/\/corn-machines.com\/vi\/wp-json\/wp\/v2\/media\/209"}],"wp:attachment":[{"href":"https:\/\/corn-machines.com\/vi\/wp-json\/wp\/v2\/media?parent=201"}],"wp:term":[{"taxonomy":"post_tag","embeddable":true,"href":"https:\/\/corn-machines.com\/vi\/wp-json\/wp\/v2\/tags?post=201"},{"taxonomy":"product-type","embeddable":true,"href":"https:\/\/corn-machines.com\/vi\/wp-json\/wp\/v2\/product-type?post=201"}],"curies":[{"name":"wp","href":"https:\/\/api.w.org\/{rel}","templated":true}]}}