{"id":1603,"date":"2026-05-07T14:12:17","date_gmt":"2026-05-07T06:12:17","guid":{"rendered":"https:\/\/corn-machines.com\/?post_type=product&#038;p=1603"},"modified":"2026-05-07T14:19:18","modified_gmt":"2026-05-07T06:19:18","slug":"automatic-corn-shelling-machine","status":"publish","type":"product","link":"https:\/\/corn-machines.com\/vi\/product\/automatic-corn-shelling-machine\/","title":{"rendered":"M\u00e1y t\u00e1ch v\u1ecf ng\u00f4 t\u1ef1 \u0111\u1ed9ng"},"content":{"rendered":"<p class=\"translation-block\">M\u00e1y t\u00e1ch v\u1ecf ng\u00f4 t\u1ef1 \u0111\u1ed9ng SL-B1   l\u00e0 m\u1ed9t m\u00e1y ch\u1ebf bi\u1ebfn n\u00f4ng nghi\u1ec7p \u0111\u01b0\u1ee3c thi\u1ebft k\u1ebf \u0111\u1ec3 t\u00e1ch nhanh h\u1ea1t ng\u00f4 kh\u1ecfi v\u1ecf. C\u00f3 kh\u1ea3 n\u0103ng x\u1eed l\u00fd t\u1eeb 3 \u0111\u1ebfn 4 t\u1ea5n ng\u00f4 m\u1ed7i gi\u1edd, m\u00e1y c\u00f3 th\u1ec3 \u0111\u01b0\u1ee3c c\u1ea5p ngu\u1ed3n b\u1eb1ng \u0111\u1ed9ng c\u01a1 \u0111i\u1ec7n, \u0111\u1ed9ng c\u01a1 x\u0103ng ho\u1eb7c \u0111\u1ed9ng c\u01a1 diesel, ph\u00f9 h\u1ee3p v\u1edbi y\u00eau c\u1ea7u ho\u1ea1t \u0111\u1ed9ng c\u1ee7a nhi\u1ec1u v\u00f9ng mi\u1ec1n v\u00e0 m\u00f4i tr\u01b0\u1eddng l\u00e0m vi\u1ec7c kh\u00e1c nhau.<\/p>    <p>M\u00e1y x\u00e1t ng\u00f4 c\u1ee7a ch\u00fang t\u00f4i c\u00f3 \u0111\u1eb7c \u0111i\u1ec3m t\u1ef7 l\u1ec7 x\u00e1t cao, h\u1ea1t \u00edt b\u1ecb v\u1ee1, v\u1eadn h\u00e0nh \u0111\u01a1n gi\u1ea3n v\u00e0 k\u00edch th\u01b0\u1edbc nh\u1ecf g\u1ecdn. N\u00f3 \u0111\u01b0\u1ee3c s\u1eed d\u1ee5ng r\u1ed9ng r\u00e3i trong c\u00e1c trang tr\u1ea1i, trung t\u00e2m ch\u1ebf bi\u1ebfn h\u1ea1t, nh\u00e0 m\u00e1y th\u1ee9c \u0103n ch\u0103n nu\u00f4i v\u00e0 h\u1ee3p t\u00e1c x\u00e3 n\u00f4ng nghi\u1ec7p.<\/p>    <h2 class=\"wp-block-heading\"><strong>T\u1ea1i sao ch\u1ecdn m\u00e1y t\u00e1ch v\u1ecf ng\u00f4 SL-B1?<\/strong><\/h2>    <p>M\u00e1y x\u00e1t ng\u00f4 SL-B1 k\u1ebft h\u1ee3p hi\u1ec7u qu\u1ea3 cao v\u1edbi v\u1eadn h\u00e0nh \u0111\u01a1n gi\u1ea3n. N\u00f3 h\u1ed7 tr\u1ee3 c\u00e1c t\u00f9y ch\u1ecdn ngu\u1ed3n \u0111i\u1ec7n kh\u00e1c nhau, ph\u00f9 h\u1ee3p cho nhi\u1ec1u m\u00f4i tr\u01b0\u1eddng l\u00e0m vi\u1ec7c.<\/p>   <div class=\"wp-block-image\"> <figure class=\"aligncenter size-full\"><img loading=\"lazy\" decoding=\"async\" width=\"720\" height=\"540\" src=\"https:\/\/corn-machines.com\/wp-content\/uploads\/2026\/05\/corn-sheller-machine.webp\" alt=\"m\u00e1y b\u00f3c ng\u00f4\" class=\"wp-image-1609\" srcset=\"https:\/\/corn-machines.com\/wp-content\/uploads\/2026\/05\/corn-sheller-machine.webp 720w, https:\/\/corn-machines.com\/wp-content\/uploads\/2026\/05\/corn-sheller-machine-300x225.webp 300w, https:\/\/corn-machines.com\/wp-content\/uploads\/2026\/05\/corn-sheller-machine-16x12.webp 16w\" sizes=\"auto, (max-width: 720px) 100vw, 720px\" \/><figcaption class=\"wp-element-caption\">m\u00e1y b\u00f3c ng\u00f4<\/figcaption><\/figure> <\/div>   <p class=\"translation-block\"><strong>1.<\/strong> <strong> Nhi\u1ec1u t\u00f9y ch\u1ecdn ngu\u1ed3n \u0111i\u1ec7n ph\u00f9 h\u1ee3p v\u1edbi c\u00e1c \u0111i\u1ec1u ki\u1ec7n l\u00e0m vi\u1ec7c kh\u00e1c nhau<\/strong><\/p>    <p>M\u00e1y t\u00e1ch v\u1ecf ng\u00f4 t\u1ef1 \u0111\u1ed9ng n\u00e0y c\u00f3 th\u1ec3 \u0111\u01b0\u1ee3c v\u1eadn h\u00e0nh b\u1eb1ng:<\/p>    <ul class=\"wp-block-list\"> <li>\u0110\u1ed9ng c\u01a1 \u0111i\u1ec7n<\/li>    <li>\u0110\u1ed9ng c\u01a1 x\u0103ng<\/li>    <li>\u0110\u1ed9ng c\u01a1 diesel<\/li> <\/ul>    <p>Ng\u01b0\u1eddi d\u00f9ng c\u00f3 th\u1ec3 ch\u1ecdn ngu\u1ed3n \u0111i\u1ec7n ph\u00f9 h\u1ee3p nh\u1ea5t theo \u0111i\u1ec1u ki\u1ec7n \u0111i\u1ec7n \u0111\u1ecba ph\u01b0\u01a1ng v\u00e0 y\u00eau c\u1ea7u c\u1ee7a c\u00e1nh \u0111\u1ed3ng. Thi\u1ebft k\u1ebf n\u00e0y l\u00e0m cho m\u00e1y ph\u00f9 h\u1ee3p c\u1ea3 cho c\u00e1c trang tr\u1ea1i n\u00f4ng th\u00f4n v\u00e0 c\u00e1c \u0111\u1ecba \u0111i\u1ec3m ch\u1ebf bi\u1ebfn h\u1ea1t th\u01b0\u01a1ng m\u1ea1i.<\/p>    <p class=\"translation-block\"><strong>M\u00e1y x\u00e1t ng\u00f4 c\u00f4ng su\u1ea5t cao cho m\u1ee5c \u0111\u00edch th\u01b0\u01a1ng m\u1ea1i<\/strong><\/p>    <p>C\u00f4ng su\u1ea5t c\u1ee7a m\u00e1y t\u00e1ch v\u1ecf ng\u00f4 t\u1ef1 \u0111\u1ed9ng n\u00e0y \u0111\u1ea1t kho\u1ea3ng 3-4 t\u1ea5n m\u1ed7i gi\u1edd. Ph\u00f9 h\u1ee3p cho:<\/p>    <ul class=\"wp-block-list\"> <li>Trang tr\u1ea1i ng\u00f4<\/li>    <li>Nh\u00e0 m\u00e1y ch\u1ebf bi\u1ebfn th\u1ee9c \u0103n<\/li>    <li>Trung t\u00e2m thu gom h\u1ea1t<\/li>    <li>C\u00e1c nh\u00e0 cung c\u1ea5p d\u1ecbch v\u1ee5 n\u00f4ng nghi\u1ec7p<\/li> <\/ul>    <p>\u0110\u1ed1i v\u1edbi ng\u01b0\u1eddi d\u00f9ng t\u00ecm ki\u1ebfm m\u00e1y t\u00e1ch v\u1ecf ng\u00f4 c\u00f4ng su\u1ea5t cao, m\u00e1y x\u00e1t ng\u00f4 th\u01b0\u01a1ng m\u1ea1i ho\u1eb7c thi\u1ebft b\u1ecb t\u00e1ch v\u1ecf ng\u00f4 trang tr\u1ea1i, m\u1eabu SL-B cung c\u1ea5p hi\u1ec7u su\u1ea5t \u1ed5n \u0111\u1ecbnh v\u00e0 n\u0103ng su\u1ea5t cao.<\/p>    <p class=\"translation-block\"><strong>3. H\u1ea1t ng\u00f4 s\u1ea1ch v\u1edbi h\u1ec7 th\u1ed1ng qu\u1ea1t t\u00edch h\u1ee3p<\/strong><\/p>    <p>M\u00e1y t\u00e1ch v\u1ecf ng\u00f4 t\u1ef1 \u0111\u1ed9ng c\u1ee7a ch\u00fang t\u00f4i \u0111\u01b0\u1ee3c trang b\u1ecb h\u1ec7 th\u1ed1ng l\u00e0m s\u1ea1ch b\u1eb1ng qu\u1ea1t. Sau khi x\u00e1t, t\u1ea1p ch\u1ea5t nh\u1eb9 v\u00e0 s\u1ee3i ng\u00f4 c\u00f3 th\u1ec3 t\u1ef1 \u0111\u1ed9ng \u0111\u01b0\u1ee3c lo\u1ea1i b\u1ecf. \u0110i\u1ec1u n\u00e0y gi\u00fap ng\u01b0\u1eddi d\u00f9ng thu \u0111\u01b0\u1ee3c h\u1ea1t ng\u00f4 s\u1ea1ch h\u01a1n tr\u1ef1c ti\u1ebfp t\u1eeb m\u00e1y, gi\u1ea3m c\u00f4ng vi\u1ec7c l\u00e0m s\u1ea1ch b\u1ed5 sung sau n\u00e0y.<\/p>    <p class=\"translation-block\"><strong>4. T\u1ef7 l\u1ec7 x\u00e1t cao v\u1edbi thi\u1ec7t h\u1ea1i h\u1ea1t th\u1ea5p<\/strong><\/p>    <p>C\u1ea5u tr\u00fac x\u00e1t b\u00ean trong \u0111\u01b0\u1ee3c thi\u1ebft k\u1ebf \u0111\u1ec3 n\u00e2ng cao hi\u1ec7u qu\u1ea3 x\u00e1t trong khi b\u1ea3o v\u1ec7 h\u1ea1t ng\u00f4 kh\u1ecfi b\u1ecb v\u1ee1 qu\u00e1 m\u1ee9c. <\/p>    <p>C\u00e1c \u01b0u \u0111i\u1ec3m bao g\u1ed3m:<\/p>    <ul class=\"wp-block-list\"> <li>T\u1ef7 l\u1ec7 x\u00e1t cao (\u226598%)<\/li>    <li>M\u1ea5t m\u00e1t h\u1ea1t th\u1ea5p\uff08\uff1c3%\uff09<\/li>    <li>Qu\u00e1 tr\u00ecnh c\u1ea5p li\u1ec7u m\u01b0\u1ee3t m\u00e0<\/li>    <li>V\u1eadn h\u00e0nh \u1ed5n \u0111\u1ecbnh<\/li> <\/ul>    <p class=\"translation-block\"><strong>5. V\u1ecf ng\u00f4 c\u00f3 th\u1ec3 t\u00e1i s\u1eed d\u1ee5ng<\/strong><\/p>    <p>Sau khi x\u00e1t, v\u1ecf ng\u00f4 c\u00f2n l\u1ea1i kh\u00e1 nguy\u00ean v\u1eb9n. Ch\u00fang c\u00f3 th\u1ec3 \u0111\u01b0\u1ee3c t\u00e1i s\u1eed d\u1ee5ng cho:<\/p>    <ul class=\"wp-block-list\"> <li>Th\u1ee9c \u0103n ch\u0103n nu\u00f4i<\/li>    <li>Nhi\u00ean li\u1ec7u sinh kh\u1ed1i<\/li>    <li>V\u1eadt li\u1ec7u tr\u1ed3ng n\u1ea5m<\/li>    <li>Ph\u00e2n compost n\u00f4ng nghi\u1ec7p<\/li> <\/ul>    <p>\u0110i\u1ec1u n\u00e0y gi\u00fap n\u00e2ng cao hi\u1ec7u qu\u1ea3 s\u1eed d\u1ee5ng nguy\u00ean li\u1ec7u th\u00f4 v\u00e0 gi\u1ea3m l\u00e3ng ph\u00ed.<\/p>    <figure class=\"wp-block-gallery has-nested-images columns-default is-cropped wp-block-gallery-2 is-layout-flex wp-block-gallery-is-layout-flex\"> <figure class=\"wp-block-image size-full\"><img loading=\"lazy\" decoding=\"async\" width=\"720\" height=\"540\" data-id=\"1606\" src=\"https:\/\/corn-machines.com\/wp-content\/uploads\/2026\/05\/maize-sheller-machine.webp\" alt=\"m\u00e1y b\u00f3 ng\u00f4\" class=\"wp-image-1606\" srcset=\"https:\/\/corn-machines.com\/wp-content\/uploads\/2026\/05\/maize-sheller-machine.webp 720w, https:\/\/corn-machines.com\/wp-content\/uploads\/2026\/05\/maize-sheller-machine-300x225.webp 300w, https:\/\/corn-machines.com\/wp-content\/uploads\/2026\/05\/maize-sheller-machine-16x12.webp 16w\" sizes=\"auto, (max-width: 720px) 100vw, 720px\" \/><figcaption class=\"wp-element-caption\">m\u00e1y b\u00f3 ng\u00f4<\/figcaption><\/figure>    <figure class=\"wp-block-image size-large\"><img loading=\"lazy\" decoding=\"async\" width=\"720\" height=\"540\" data-id=\"1605\" src=\"https:\/\/corn-machines.com\/wp-content\/uploads\/2026\/05\/automatic-corn-shelling-machine.webp\" alt=\"m\u00e1y t\u00e1ch v\u1ecf ng\u00f4 t\u1ef1 \u0111\u1ed9ng\" class=\"wp-image-1605\" srcset=\"https:\/\/corn-machines.com\/wp-content\/uploads\/2026\/05\/automatic-corn-shelling-machine.webp 720w, https:\/\/corn-machines.com\/wp-content\/uploads\/2026\/05\/automatic-corn-shelling-machine-300x225.webp 300w, https:\/\/corn-machines.com\/wp-content\/uploads\/2026\/05\/automatic-corn-shelling-machine-16x12.webp 16w\" sizes=\"auto, (max-width: 720px) 100vw, 720px\" \/><figcaption class=\"wp-element-caption\">m\u00e1y t\u00e1ch v\u1ecf ng\u00f4 t\u1ef1 \u0111\u1ed9ng<\/figcaption><\/figure> <\/figure>    <h2 class=\"wp-block-heading\"><strong>Th\u00f4ng s\u1ed1 k\u1ef9 thu\u1eadt c\u1ee7a m\u00e1y x\u00e1t ng\u00f4<\/strong><\/h2>    <p>To provide users with a more intuitive understanding of the automatic corn shelling machine&#8217;s performance, the detailed technical specifications for this equipment are listed below:<\/p>    <figure class=\"wp-block-table\"><table class=\"has-fixed-layout\"><thead><tr><th>Ng\u01b0\u1eddi m\u1eabu<\/th><th>SL-B1<\/th><\/tr><\/thead><tbody><tr><td>Dung t\u00edch<\/td><td>3-4t\/h<\/td><\/tr><tr><td>Quy\u1ec1n l\u1ef1c<\/td><td>\u0110\u1ed9ng c\u01a1 2.2kw \/ \u0110\u1ed9ng c\u01a1 x\u0103ng 170F \/ \u0110\u1ed9ng c\u01a1 diesel 6-8HP<\/td><\/tr><tr><td>C\u00e2n n\u1eb7ng<\/td><td>71kg<\/td><\/tr><tr><td>K\u00edch c\u1ee1<\/td><td>1300\u00d7400\u00d7900mm<\/td><\/tr><\/tbody><\/table><figcaption class=\"wp-element-caption\">Th\u00f4ng s\u1ed1 k\u1ef9 thu\u1eadt c\u1ee7a m\u00e1y t\u00e1ch v\u1ecf ng\u00f4 t\u1ef1 \u0111\u1ed9ng SL-B1<\/figcaption><\/figure>    <h2 class=\"wp-block-heading\"><strong>C\u1ea5u tr\u00fac ch\u00ednh c\u1ee7a m\u00e1y x\u00e1t ng\u00f4<\/strong><\/h2>    <p>M\u00e1y t\u00e1ch v\u1ecf ng\u00f4 t\u1ef1 \u0111\u1ed9ng n\u00e0y ch\u1ee7 y\u1ebfu g\u1ed3m c\u00f3 c\u1eeda n\u1ea1p, tr\u1ed1ng x\u00e1t, qu\u1ea1t th\u1ed5i, c\u1eeda x\u1ea3 v\u00e0 h\u1ec7 th\u1ed1ng c\u1ea5p ngu\u1ed3n. M\u00e1y c\u00f3 c\u1ea5u tr\u00fac nh\u1ecf g\u1ecdn v\u00e0 v\u1eadn h\u00e0nh \u0111\u01a1n gi\u1ea3n; n\u00f3 kh\u00f4ng ch\u1ec9 n\u00e2ng cao hi\u1ec7u qu\u1ea3 x\u00e1t m\u00e0 c\u00f2n duy tr\u00ec t\u1ef7 l\u1ec7 m\u1ea5t m\u00e1t h\u1ea1t th\u1ea5p.<\/p>    <figure class=\"wp-block-gallery has-nested-images columns-default is-cropped wp-block-gallery-3 is-layout-flex wp-block-gallery-is-layout-flex\"> <figure class=\"wp-block-image size-large\"><img loading=\"lazy\" decoding=\"async\" width=\"720\" height=\"540\" data-id=\"1604\" src=\"https:\/\/corn-machines.com\/wp-content\/uploads\/2026\/05\/corn-thresher-machine.webp\" alt=\"m\u00e1y tu\u1ed1t ng\u00f4\" class=\"wp-image-1604\" srcset=\"https:\/\/corn-machines.com\/wp-content\/uploads\/2026\/05\/corn-thresher-machine.webp 720w, https:\/\/corn-machines.com\/wp-content\/uploads\/2026\/05\/corn-thresher-machine-300x225.webp 300w, https:\/\/corn-machines.com\/wp-content\/uploads\/2026\/05\/corn-thresher-machine-16x12.webp 16w\" sizes=\"auto, (max-width: 720px) 100vw, 720px\" \/><figcaption class=\"wp-element-caption\">m\u00e1y tu\u1ed1t ng\u00f4<\/figcaption><\/figure>    <figure class=\"wp-block-image size-large\"><img loading=\"lazy\" decoding=\"async\" width=\"720\" height=\"540\" data-id=\"1607\" src=\"https:\/\/corn-machines.com\/wp-content\/uploads\/2026\/05\/sructure-of-maize-sheller.webp\" alt=\"C\u1ea5u tr\u00fac c\u1ee7a m\u00e1y t\u00e1ch v\u1ecf ng\u00f4\" class=\"wp-image-1607\" srcset=\"https:\/\/corn-machines.com\/wp-content\/uploads\/2026\/05\/sructure-of-maize-sheller.webp 720w, https:\/\/corn-machines.com\/wp-content\/uploads\/2026\/05\/sructure-of-maize-sheller-300x225.webp 300w, https:\/\/corn-machines.com\/wp-content\/uploads\/2026\/05\/sructure-of-maize-sheller-16x12.webp 16w\" sizes=\"auto, (max-width: 720px) 100vw, 720px\" \/><figcaption class=\"wp-element-caption\">C\u1ea5u tr\u00fac c\u1ee7a m\u00e1y t\u00e1ch v\u1ecf ng\u00f4<\/figcaption><\/figure> <\/figure>    <h2 class=\"wp-block-heading\"><strong>M\u00e1y t\u00e1ch ng\u00f4 ho\u1ea1t \u0111\u1ed9ng nh\u01b0 th\u1ebf n\u00e0o?<\/strong><\/h2>    <p>Trong qu\u00e1 tr\u00ecnh v\u1eadn h\u00e0nh, v\u1ecf ng\u00f4 \u0111i v\u00e0o m\u00e1y t\u00e1ch v\u1ecf ng\u00f4 t\u1ef1 \u0111\u1ed9ng qua c\u1eeda n\u1ea1p. Qu\u00e1 tr\u00ecnh quay nhanh c\u1ee7a tr\u1ed1ng x\u00e1t nhanh ch\u00f3ng t\u00e1ch h\u1ea1t, trong khi h\u1ec7 th\u1ed1ng qu\u1ea1t th\u1ed5i th\u1ed5i bay s\u1ee3i ng\u00f4 v\u00e0 t\u1ea1p ch\u1ea5t nh\u1eb9; cu\u1ed1i c\u00f9ng, h\u1ea1t ng\u00f4 v\u00e0 v\u1ecf ng\u00f4 \u0111\u01b0\u1ee3c x\u1ea3 ra ri\u00eang bi\u1ec7t qua c\u00e1c c\u1eeda x\u1ea3 c\u1ee7a ch\u00fang.<\/p>   <div class=\"wp-block-image\"> <figure class=\"aligncenter size-full\"><img loading=\"lazy\" decoding=\"async\" width=\"720\" height=\"540\" src=\"https:\/\/corn-machines.com\/wp-content\/uploads\/2026\/05\/maize-threshing-machine.webp\" alt=\"m\u00e1y tu\u1ed1t ng\u00f4\" class=\"wp-image-1608\" srcset=\"https:\/\/corn-machines.com\/wp-content\/uploads\/2026\/05\/maize-threshing-machine.webp 720w, https:\/\/corn-machines.com\/wp-content\/uploads\/2026\/05\/maize-threshing-machine-300x225.webp 300w, https:\/\/corn-machines.com\/wp-content\/uploads\/2026\/05\/maize-threshing-machine-16x12.webp 16w\" sizes=\"auto, (max-width: 720px) 100vw, 720px\" \/><figcaption class=\"wp-element-caption\">m\u00e1y tu\u1ed1t ng\u00f4<\/figcaption><\/figure> <\/div>   <h2 class=\"wp-block-heading\"><strong>C\u00e2u h\u1ecfi th\u01b0\u1eddng g\u1eb7p c\u1ee7a m\u00e1y x\u00e1t ng\u00f4 SL-B1<\/strong><\/h2>   <div id=\"rank-math-faq\" class=\"rank-math-block\"> <div class=\"rank-math-list\"> <div id=\"faq-question-1778118938821\" class=\"rank-math-list-item\"> <h3 class=\"rank-math-question\">N\u0103ng su\u1ea5t theo gi\u1edd c\u1ee7a m\u00e1y x\u00e1t ng\u00f4 l\u00e0 bao nhi\u00eau?<\/h3> <div class=\"rank-math-answer\">  <p>N\u00f3 c\u00f3 th\u1ec3 x\u1eed l\u00fd kho\u1ea3ng 3 \u0111\u1ebfn 4 t\u1ea5n ng\u00f4 m\u1ed7i gi\u1edd.<\/p>  <\/div> <\/div> <div id=\"faq-question-1778118973667\" class=\"rank-math-list-item\"> <h3 class=\"rank-math-question\">N\u00f3 c\u00f3 l\u00e0m h\u01b0 h\u1ea1i h\u1ea1t ng\u00f4 kh\u00f4ng?<\/h3> <div class=\"rank-math-answer\">  <p>The equipment&#8217;s kernel loss rate is generally controlled within 3%.<\/p>  <\/div> <\/div> <div id=\"faq-question-1778119017336\" class=\"rank-math-list-item\"> <h3 class=\"rank-math-question\">V\u1ecf ng\u00f4 v\u1eabn c\u00f2n c\u00f3 th\u1ec3 \u0111\u01b0\u1ee3c s\u1eed d\u1ee5ng kh\u00f4ng?<\/h3> <div class=\"rank-math-answer\">  <p>C\u00f3. V\u1ecf ng\u00f4 c\u00f3 th\u1ec3 \u0111\u01b0\u1ee3c s\u1eed d\u1ee5ng l\u00e0m nhi\u00ean li\u1ec7u, th\u1ee9c \u0103n cho \u0111\u1ed9ng v\u1eadt, v\u00e0 ph\u00e2n h\u1eefu c\u01a1.<\/p>  <\/div> <\/div> <div id=\"faq-question-1778119144334\" class=\"rank-math-list-item\"> <h3 class=\"rank-math-question\">M\u00e1y x\u00e1t ng\u00f4 c\u00f3 ph\u1ee9c t\u1ea1p \u0111\u1ec3 v\u1eadn h\u00e0nh kh\u00f4ng?<\/h3> <div class=\"rank-math-answer\">  <p>M\u00e1y t\u00e1ch v\u1ecf ng\u00f4 t\u1ef1 \u0111\u1ed9ng n\u00e0y d\u1ec5 v\u1eadn h\u00e0nh; m\u1ed9t c\u00f4ng nh\u00e2n c\u00f3 th\u1ec3 x\u1eed l\u00fd.<\/p>  <\/div> <\/div> <\/div> <\/div>   <h2 class=\"wp-block-heading\"><strong>C\u00e1c lo\u1ea1i m\u00e1y x\u00e1t ng\u00f4 kh\u00e1c m\u00e0 ch\u00fang t\u00f4i b\u00e1n<\/strong><\/h2>    <p>Ngo\u00e0i m\u00e1y t\u00e1ch v\u1ecf ng\u00f4 t\u1ef1 \u0111\u1ed9ng nh\u01b0 SL-B1, ch\u00fang t\u00f4i c\u00f2n cung c\u1ea5p hai lo\u1ea1i thi\u1ebft b\u1ecb x\u00e1t ng\u00f4 ph\u1ed5 bi\u1ebfn kh\u00e1c \u0111\u1ec3 \u0111\u00e1p \u1ee9ng c\u00e1c y\u00eau c\u1ea7u x\u1eed l\u00fd \u0111a d\u1ea1ng.<\/p>    <ol class=\"wp-block-list\"> <li><strong><a href=\"https:\/\/corn-machines.com\/vi\/product\/fresh-corn-thresher-sweet-corn-sheller\/\">M\u00e1y tu\u1ed1t ng\u00f4 t\u01b0\u01a1i<\/a><\/strong>: \u0110\u01b0\u1ee3c thi\u1ebft k\u1ebf ch\u1ee7 y\u1ebfu cho ng\u00f4 m\u1edbi thu ho\u1ea1ch ho\u1eb7c ng\u00f4 c\u00f3 \u0111\u1ed9 \u1ea9m cao, m\u00e1y n\u00e0y s\u1eed d\u1ee5ng qu\u00e1 tr\u00ecnh x\u00e1t nh\u1eb9 nh\u00e0ng h\u01a1n. Ph\u00f9 h\u1ee3p cho \u1ee9ng d\u1ee5ng ch\u1ebf bi\u1ebfn th\u1ef1c ph\u1ea9m v\u00e0 chu\u1ea9n b\u1ecb c\u00e1c s\u1ea3n ph\u1ea9m ng\u00f4 \u0103n s\u1eb5n.<\/li>    <li><strong><a href=\"https:\/\/corn-machines.com\/vi\/product\/multifunctional-grain-thresher\/\">M\u00e1y x\u00e1t ng\u00f4 \u0111a ch\u1ee9c n\u0103ng<\/a><\/strong>: M\u00e1y t\u00e1ch v\u1ecf ng\u00f4 \u0111a ch\u1ee9c n\u0103ng n\u00e0y kh\u00f4ng ch\u1ec9 x\u1eed l\u00fd ng\u00f4 m\u00e0 c\u00f2n c\u00e1c lo\u1ea1i c\u00e2y tr\u1ed3ng kh\u00e1c nh\u01b0 \u0111\u1eadu n\u00e0nh, l\u00faa m\u00ec v\u00e0 g\u1ea1o. \u0110\u00e2y l\u00e0 gi\u1ea3i ph\u00e1p l\u00fd t\u01b0\u1edfng cho c\u00e1c trang tr\u1ea1i \u0111a c\u00e2y tr\u1ed3ng to\u00e0n di\u1ec7n.<\/li> <\/ol>    <figure class=\"wp-block-gallery has-nested-images columns-default is-cropped wp-block-gallery-4 is-layout-flex wp-block-gallery-is-layout-flex\"> <figure class=\"wp-block-image size-large\"><img loading=\"lazy\" decoding=\"async\" width=\"720\" height=\"540\" data-id=\"1022\" src=\"https:\/\/corn-machines.com\/wp-content\/uploads\/2025\/09\/multifuncitonal-grain-thresher.webp\" alt=\"m\u00e1y g\u1ea1t th\u00f3c nhi\u1ec1u ch\u1ee9c n\u0103ng\" class=\"wp-image-1022\" srcset=\"https:\/\/corn-machines.com\/wp-content\/uploads\/2025\/09\/multifuncitonal-grain-thresher.webp 720w, https:\/\/corn-machines.com\/wp-content\/uploads\/2025\/09\/multifuncitonal-grain-thresher-300x225.webp 300w, https:\/\/corn-machines.com\/wp-content\/uploads\/2025\/09\/multifuncitonal-grain-thresher-16x12.webp 16w\" sizes=\"auto, (max-width: 720px) 100vw, 720px\" \/><figcaption class=\"wp-element-caption\">m\u00e1y g\u1ea1t th\u00f3c nhi\u1ec1u ch\u1ee9c n\u0103ng<\/figcaption><\/figure>    <figure class=\"wp-block-image size-large\"><img loading=\"lazy\" decoding=\"async\" width=\"720\" height=\"540\" data-id=\"686\" src=\"https:\/\/corn-machines.com\/wp-content\/uploads\/2025\/07\/Fresh-corn-thresher-and-finished-product-1.webp\" alt=\"m\u00e1y tu\u1ed1t ng\u00f4 t\u01b0\u01a1i\" class=\"wp-image-686\" srcset=\"https:\/\/corn-machines.com\/wp-content\/uploads\/2025\/07\/Fresh-corn-thresher-and-finished-product-1.webp 720w, https:\/\/corn-machines.com\/wp-content\/uploads\/2025\/07\/Fresh-corn-thresher-and-finished-product-1-300x225.webp 300w, https:\/\/corn-machines.com\/wp-content\/uploads\/2025\/07\/Fresh-corn-thresher-and-finished-product-1-16x12.webp 16w\" sizes=\"auto, (max-width: 720px) 100vw, 720px\" \/><figcaption class=\"wp-element-caption\">m\u00e1y t\u00e1ch h\u1ea1t ng\u00f4 t\u01b0\u01a1i v\u00e0 s\u1ea3n ph\u1ea9m ho\u00e0n thi\u1ec7n<\/figcaption><\/figure> <\/figure>    <h2 class=\"wp-block-heading\"><strong>T\u00ecm ki\u1ebfm m\u1ed9t m\u00e1y t\u00e1ch v\u1ecf ng\u00f4 \u0111\u00e1ng tin c\u1eady?<\/strong><\/h2>    <p>N\u1ebfu b\u1ea1n \u0111ang t\u00ecm ki\u1ebfm m\u1ed9t m\u00e1y t\u00e1ch v\u1ecf ng\u00f4 t\u1ef1 \u0111\u1ed9ng, vui l\u00f2ng li\u00ean h\u1ec7 v\u1edbi ch\u00fang t\u00f4i ngay l\u1eadp t\u1ee9c. Ch\u00fang t\u00f4i s\u1ebd ph\u00f9 h\u1ee3p cho b\u1ea1n v\u1edbi m\u1eabu m\u00e1y l\u00fd t\u01b0\u1edfng d\u1ef1a tr\u00ean y\u00eau c\u1ea7u c\u1ee5 th\u1ec3 c\u1ee7a b\u1ea1n, gi\u00fap b\u1ea1n \u0111\u1ea1t \u0111\u01b0\u1ee3c s\u1ea3n xu\u1ea5t hi\u1ec7u qu\u1ea3 cao!<\/p>","protected":false},"excerpt":{"rendered":"<p>The SL-B1 corn shelling machine is a highly efficient, automated corn processing machine with an hourly output of 3 to 4 tons. The equipment supports multiple power sources, including electric motors, gasoline engines, and diesel engines, making it suitable for a wide range of operating environments.<\/p>","protected":false},"author":1,"featured_media":1609,"parent":0,"template":"","tags":[42],"product-type":[4],"class_list":["post-1603","product","type-product","status-publish","has-post-thumbnail","hentry","tag-corn","product-type-corn-thresher-machine"],"_links":{"self":[{"href":"https:\/\/corn-machines.com\/vi\/wp-json\/wp\/v2\/product\/1603","targetHints":{"allow":["GET"]}}],"collection":[{"href":"https:\/\/corn-machines.com\/vi\/wp-json\/wp\/v2\/product"}],"about":[{"href":"https:\/\/corn-machines.com\/vi\/wp-json\/wp\/v2\/types\/product"}],"author":[{"embeddable":true,"href":"https:\/\/corn-machines.com\/vi\/wp-json\/wp\/v2\/users\/1"}],"wp:featuredmedia":[{"embeddable":true,"href":"https:\/\/corn-machines.com\/vi\/wp-json\/wp\/v2\/media\/1609"}],"wp:attachment":[{"href":"https:\/\/corn-machines.com\/vi\/wp-json\/wp\/v2\/media?parent=1603"}],"wp:term":[{"taxonomy":"post_tag","embeddable":true,"href":"https:\/\/corn-machines.com\/vi\/wp-json\/wp\/v2\/tags?post=1603"},{"taxonomy":"product-type","embeddable":true,"href":"https:\/\/corn-machines.com\/vi\/wp-json\/wp\/v2\/product-type?post=1603"}],"curies":[{"name":"wp","href":"https:\/\/api.w.org\/{rel}","templated":true}]}}