{"id":1577,"date":"2026-04-22T13:56:22","date_gmt":"2026-04-22T05:56:22","guid":{"rendered":"https:\/\/corn-machines.com\/?post_type=product&#038;p=1577"},"modified":"2026-04-22T16:27:39","modified_gmt":"2026-04-22T08:27:39","slug":"corn-sheller-machine","status":"publish","type":"product","link":"https:\/\/corn-machines.com\/vi\/product\/corn-sheller-machine\/","title":{"rendered":"M\u00e1y t\u00e1ch v\u1ecf ng\u00f4"},"content":{"rendered":"<p class=\"translation-block\">M\u00e1y t\u00e1ch h\u1ea1t ng\u00f4 5TYM-850 <strong>m\u00e1y t\u00e1ch v\u1ecf ng\u00f4<\/strong> \u0111\u01b0\u1ee3c thi\u1ebft k\u1ebf \u0111\u1eb7c bi\u1ec7t \u0111\u1ec3 t\u00e1ch h\u1ea1t ng\u00f4. N\u00f3 t\u00edch h\u1ee3p c\u00e1c ch\u1ee9c n\u0103ng t\u00e1ch, l\u00e0m s\u1ea1ch v\u00e0 ph\u00e2n lo\u1ea1i th\u00e0nh m\u1ed9t \u0111\u01a1n v\u1ecb, v\u00e0 cung c\u1ea5p c\u00f4ng su\u1ea5t x\u1eed l\u00fd \u1ed5n \u0111\u1ecbnh t\u1eeb 4 \u0111\u1ebfn 6 t\u1ea5n m\u1ed7i gi\u1edd.<\/p>    <p>M\u00e1y t\u00e1ch ng\u00f4 c\u1ee7a ch\u00fang t\u00f4i d\u1ec5 di chuy\u1ec3n v\u00e0 v\u1eadn h\u00e0nh \u0111\u01a1n gi\u1ea3n. N\u00f3 mang l\u1ea1i hi\u1ec7u qu\u1ea3 t\u00e1ch cao (\u226598%) v\u1edbi t\u1ef7 l\u1ec7 v\u1ee1 h\u1ea1t th\u1ea5p (\u22641.5%), l\u00e0 l\u1ef1a ch\u1ecdn l\u00fd t\u01b0\u1edfng cho c\u00e1c trang tr\u1ea1i v\u1eeba v\u00e0 nh\u1ecf. N\u1ebfu b\u1ea1n quan t\u00e2m \u0111\u1ebfn m\u00e1y t\u00e1ch v\u1ecf ng\u00f4 n\u00e0y, xin vui l\u00f2ng li\u00ean h\u1ec7 v\u1edbi ch\u00fang t\u00f4i \u0111\u1ec3 bi\u1ebft th\u00eam chi ti\u1ebft!<\/p>    <figure class=\"wp-block-embed is-type-video is-provider-youtube wp-block-embed-youtube wp-embed-aspect-16-9 wp-has-aspect-ratio\"><div class=\"wp-block-embed__wrapper\"> <iframe loading=\"lazy\" title=\"Corn Thresher with a Capacity of 4,000\u20136,000 kg\/h and a Threshing Rate of 98%|Maize shelling machine\" width=\"500\" height=\"281\" src=\"https:\/\/www.youtube.com\/embed\/WC7KwwI5Oeg?feature=oembed\" frameborder=\"0\" allow=\"accelerometer; autoplay; clipboard-write; encrypted-media; gyroscope; picture-in-picture; web-share\" referrerpolicy=\"strict-origin-when-cross-origin\" allowfullscreen><\/iframe> <\/div><figcaption class=\"wp-element-caption\">work video of corn threshing machine<\/figcaption><\/figure>    <h2 class=\"wp-block-heading\"><strong>C\u00e1c \u01b0u \u0111i\u1ec3m ch\u00ednh v\u00e0 \u0111i\u1ec3m n\u1ed5i b\u1eadt v\u1ec1 hi\u1ec7u su\u1ea5t<\/strong><\/h2>    <ol class=\"wp-block-list\"> <li><strong>T\u00e1ch h\u1ea1t hi\u1ec7u qu\u1ea3 cao<\/strong>: M\u00e1y t\u00e1ch ng\u00f4 c\u00f3 c\u00f4ng su\u1ea5t x\u1eed l\u00fd 4\u20136 t\u1ea5n m\u1ed7i gi\u1edd, ph\u00f9 h\u1ee3p cho c\u00e1c nh\u00e0 tr\u1ed3ng l\u1edbn ho\u1eb7c c\u00e1c c\u01a1 s\u1edf ch\u1ebf bi\u1ebfn ng\u0169 c\u1ed1c.<\/li>    <li><strong>S\u1ea3n ph\u1ea9m s\u1ea1ch<\/strong>: M\u00e1y t\u00e1ch ng\u00f4 c\u1ee7a ch\u00fang t\u00f4i \u0111\u01b0\u1ee3c trang b\u1ecb h\u1ec7 th\u1ed1ng qu\u1ea1t l\u1edbn \u0111\u1ec3 lo\u1ea1i b\u1ecf v\u1ecf v\u00e0 r\u01a1m r\u1ea1, gi\u1ea3m chi ph\u00ed l\u00e0m s\u1ea1ch v\u00e0 ph\u00e2n lo\u1ea1i sau n\u00e0y.<\/li>    <li>H<strong>\u0110\u1ed9 b\u1ec1n c\u1ee7a b\u1eafp ng\u00f4 cao<\/strong>: Qu\u00e1 tr\u00ecnh t\u00e1ch gi\u1ea3m thi\u1ec3u h\u01b0 h\u1ea1i cho b\u1eafp ng\u00f4, cho ph\u00e9p ch\u00fang \u0111\u01b0\u1ee3c s\u1eed d\u1ee5ng l\u00e0m nhi\u00ean li\u1ec7u, th\u1ee9c \u0103n cho gia s\u00fac ho\u1eb7c ch\u1ebf bi\u1ebfn ti\u1ebfp theo.<\/li>    <li><strong>Di chuy\u1ec3n linh ho\u1ea1t<\/strong>: M\u00e1y t\u00e1ch v\u1ecf ng\u00f4 Taizy cung c\u1ea5p t\u00f9y ch\u1ecdn c\u1ea5u h\u00ecnh c\u00f3 b\u00e1nh xe l\u1edbn v\u00e0 c\u1ea7n k\u00e9o, gi\u00fap d\u1ec5 d\u00e0ng di chuy\u1ec3n qua c\u00e1c c\u00e1nh \u0111\u1ed3ng v\u00e0 \u0111\u01b0\u1eddng ph\u1ed1.<\/li>    <li><strong>T\u00f9y ch\u1ecdn ngu\u1ed3n n\u0103ng l\u01b0\u1ee3ng k\u00e9p<\/strong>: M\u00e1y t\u00e1ch h\u1ea1t ng\u00f4 n\u00e0y h\u1ed7 tr\u1ee3 hai ngu\u1ed3n n\u0103ng l\u01b0\u1ee3ng \u2014 \u0111\u1ed9ng c\u01a1 \u0111i\u1ec7n v\u00e0 \u0111\u1ed9ng c\u01a1 diesel, ph\u00f9 h\u1ee3p \u0111\u1ec3 s\u1eed d\u1ee5ng \u1edf nh\u1eefng khu v\u1ef1c kh\u00f4ng c\u00f3 \u0111i\u1ec7n ho\u1eb7c trong m\u00f4i tr\u01b0\u1eddng l\u00e0m vi\u1ec7c ngo\u00e0i tr\u1eddi.<\/li> <\/ol>    <figure class=\"wp-block-gallery has-nested-images columns-default is-cropped wp-block-gallery-2 is-layout-flex wp-block-gallery-is-layout-flex\"> <figure class=\"wp-block-image size-large\"><img loading=\"lazy\" decoding=\"async\" width=\"540\" height=\"720\" data-id=\"1579\" src=\"https:\/\/corn-machines.com\/wp-content\/uploads\/2026\/04\/maize-shelling-machine.webp\" alt=\"m\u00e1y b\u00f3c v\u1ecf ng\u00f4\" class=\"wp-image-1579\" srcset=\"https:\/\/corn-machines.com\/wp-content\/uploads\/2026\/04\/maize-shelling-machine.webp 540w, https:\/\/corn-machines.com\/wp-content\/uploads\/2026\/04\/maize-shelling-machine-225x300.webp 225w, https:\/\/corn-machines.com\/wp-content\/uploads\/2026\/04\/maize-shelling-machine-9x12.webp 9w\" sizes=\"auto, (max-width: 540px) 100vw, 540px\" \/><figcaption class=\"wp-element-caption\">m\u00e1y b\u00f3c v\u1ecf ng\u00f4<\/figcaption><\/figure>    <figure class=\"wp-block-image size-large\"><img loading=\"lazy\" decoding=\"async\" width=\"540\" height=\"720\" data-id=\"1580\" src=\"https:\/\/corn-machines.com\/wp-content\/uploads\/2026\/04\/maize-thresher-machine.webp\" alt=\"m\u00e1y t\u00e1ch ng\u00f4\" class=\"wp-image-1580\" srcset=\"https:\/\/corn-machines.com\/wp-content\/uploads\/2026\/04\/maize-thresher-machine.webp 540w, https:\/\/corn-machines.com\/wp-content\/uploads\/2026\/04\/maize-thresher-machine-225x300.webp 225w, https:\/\/corn-machines.com\/wp-content\/uploads\/2026\/04\/maize-thresher-machine-9x12.webp 9w\" sizes=\"auto, (max-width: 540px) 100vw, 540px\" \/><\/figure>    <figure class=\"wp-block-image size-large\"><img loading=\"lazy\" decoding=\"async\" width=\"540\" height=\"720\" data-id=\"1581\" src=\"https:\/\/corn-machines.com\/wp-content\/uploads\/2026\/04\/corn-sheller.webp\" alt=\"m\u00e1y tu\u1ed1t ng\u00f4\" class=\"wp-image-1581\" srcset=\"https:\/\/corn-machines.com\/wp-content\/uploads\/2026\/04\/corn-sheller.webp 540w, https:\/\/corn-machines.com\/wp-content\/uploads\/2026\/04\/corn-sheller-225x300.webp 225w, https:\/\/corn-machines.com\/wp-content\/uploads\/2026\/04\/corn-sheller-9x12.webp 9w\" sizes=\"auto, (max-width: 540px) 100vw, 540px\" \/><figcaption class=\"wp-element-caption\">m\u00e1y tu\u1ed1t ng\u00f4<\/figcaption><\/figure> <\/figure>    <h2 class=\"wp-block-heading\"><strong>C\u00e1c m\u1ed1c th\u1eddi gian ch\u00ednh c\u1ee7a m\u00e1y t\u00e1ch ng\u00f4<\/strong><\/h2>    <figure class=\"wp-block-table\"><table class=\"has-fixed-layout\"><thead><tr><th>M\u1ee5c<\/th><th>Th\u00f4ng s\u1ed1 k\u1ef9 thu\u1eadt<\/th><\/tr><\/thead><tbody><tr><td>Ng\u01b0\u1eddi m\u1eabu<\/td><td>5TYM-850<\/td><\/tr><tr><td>Quy\u1ec1n l\u1ef1c<\/td><td>\u0110\u1ed9ng c\u01a1 5.5\u20137.5 kW \/ 12\u201318 HP \u0111\u1ed9ng c\u01a1 diesel<\/td><\/tr><tr><td>Dung t\u00edch<\/td><td>4\u20136 t\u1ea5n m\u1ed7i gi\u1edd<\/td><\/tr><tr><td>T\u1ef7 l\u1ec7 t\u00e1ch v\u1ecf<\/td><td>\u226598%<\/td><\/tr><tr><td>T\u1ef7 l\u1ec7 v\u1ee1<\/td><td>.5%<\/td><\/tr><tr><td>K\u00edch th\u01b0\u1edbc<\/td><td>2300 \u00d7 1100 \u00d7 1300mm<\/td><\/tr><tr><td>C\u00e2n n\u1eb7ng<\/td><td>326kg<\/td><\/tr><\/tbody><\/table><figcaption class=\"wp-element-caption\">th\u00f4ng s\u1ed1 c\u1ee7a m\u00e1y b\u00f3 ng\u00f4<\/figcaption><\/figure>    <h2 class=\"wp-block-heading\"><strong>C\u1ea5u tr\u00fac c\u1ee7a m\u00e1y t\u00e1ch v\u1ecf ng\u00f4<\/strong><\/h2>    <p>M\u00e1y t\u00e1ch ng\u00f4 c\u1ee7a ch\u00fang t\u00f4i c\u00f3 thi\u1ebft k\u1ebf c\u1ea5u tr\u00fac t\u00edch h\u1ee3p nh\u1ecf g\u1ecdn, b\u1ed1 c\u1ee5c r\u00f5 r\u00e0ng v\u00e0 h\u1ee3p l\u00fd, d\u1ec5 v\u1eadn h\u00e0nh v\u00e0 b\u1ea3o tr\u00ec.<\/p>    <ul class=\"wp-block-list\"> <li>L\u1ed1i v\u00e0o: N\u1eb1m \u1edf ph\u00eda tr\u00ean c\u1ee7a m\u00e1y, l\u1ed7 l\u1edbn cho ph\u00e9p \u0111\u01b0a ng\u00f4 nguy\u00ean c\u1ea3 nhanh ch\u00f3ng, n\u00e2ng cao hi\u1ec7u qu\u1ea3 v\u1eadn h\u00e0nh.<\/li>    <li>Bu\u1ed3ng t\u00e1ch v\u00e0 ph\u00e2n lo\u1ea1i: B\u00ean trong s\u1eed d\u1ee5ng c\u01a1 ch\u1ebf tr\u1ed1ng v\u00e0 gai \u0111\u1ec3 \u0111\u1ea1t hi\u1ec7u qu\u1ea3 ph\u00e2n lo\u1ea1i cao gi\u1eefa h\u1ea1t ng\u00f4 v\u00e0 l\u00f5i.<\/li>    <li>Qu\u1ea1t: D\u00f9ng \u0111\u1ec3 lo\u1ea1i b\u1ecf t\u1ea1p ch\u1ea5t v\u00e0 m\u1ea3nh v\u1ee5n nh\u1eb9, t\u1eeb \u0111\u00f3 n\u00e2ng cao \u0111\u1ed9 tinh khi\u1ebft c\u1ee7a s\u1ea3n ph\u1ea9m th\u00e0nh ph\u1ea9m.<\/li>    <li>L\u1ed1i ra h\u1ea1t ng\u00f4: N\u1eb1m \u1edf ph\u00eda d\u01b0\u1edbi c\u1ee7a thi\u1ebft b\u1ecb, \u0111\u1ea3m b\u1ea3o x\u1ea3 tr\u01a1n tru v\u00e0 gi\u1ea3m thi\u1ec3u t\u1eafc ngh\u1ebdn.<\/li>    <li>L\u1ed1i ra b\u1eafp ng\u00f4: H\u1ed7 tr\u1ee3 t\u00e1ch hi\u1ec7u qu\u1ea3 c\u00e1c h\u1ea1t kh\u1ecfi l\u00f5i b\u1eafp.<\/li> <\/ul>    <p><br>Ph\u1ea7n tr\u00ean m\u00f4 t\u1ea3 c\u1ea5u tr\u00fac c\u01a1 b\u1ea3n c\u1ee7a m\u00e1y t\u00e1ch v\u1ecf ng\u00f4, \u0111\u00e1p \u1ee9ng nhu c\u1ea7u t\u00e1ch ti\u00eau chu\u1ea9n. C\u00f3 th\u1ec3 th\u00eam c\u00e1c b\u1ed9 g\u1eafn b\u00e1nh xe l\u1edbn v\u00e0 khung n\u1ec1n gia c\u1ed1 \u0111\u1ec3 n\u00e2ng cao kh\u1ea3 n\u0103ng di chuy\u1ec3n v\u00e0 \u0111\u1ed9 \u1ed5n \u0111\u1ecbnh d\u1ef1a tr\u00ean y\u00eau c\u1ea7u c\u1ee5 th\u1ec3.<\/p>    <figure class=\"wp-block-gallery has-nested-images columns-default is-cropped wp-block-gallery-3 is-layout-flex wp-block-gallery-is-layout-flex\"> <figure class=\"wp-block-image size-large\"><img loading=\"lazy\" decoding=\"async\" width=\"720\" height=\"540\" data-id=\"1582\" src=\"https:\/\/corn-machines.com\/wp-content\/uploads\/2026\/04\/structure-of-corn-threshing-machine.webp\" alt=\"C\u1ea5u tr\u00fac c\u1ee7a m\u00e1y t\u00e1ch ng\u00f4\" class=\"wp-image-1582\" srcset=\"https:\/\/corn-machines.com\/wp-content\/uploads\/2026\/04\/structure-of-corn-threshing-machine.webp 720w, https:\/\/corn-machines.com\/wp-content\/uploads\/2026\/04\/structure-of-corn-threshing-machine-300x225.webp 300w, https:\/\/corn-machines.com\/wp-content\/uploads\/2026\/04\/structure-of-corn-threshing-machine-16x12.webp 16w\" sizes=\"auto, (max-width: 720px) 100vw, 720px\" \/><figcaption class=\"wp-element-caption\">C\u1ea5u tr\u00fac c\u1ee7a m\u00e1y t\u00e1ch ng\u00f4<\/figcaption><\/figure>    <figure class=\"wp-block-image size-large\"><img loading=\"lazy\" decoding=\"async\" width=\"720\" height=\"540\" data-id=\"1583\" src=\"https:\/\/corn-machines.com\/wp-content\/uploads\/2026\/04\/maize-thresher.webp\" alt=\"m\u00e1y tu\u1ed1t ng\u00f4\" class=\"wp-image-1583\" srcset=\"https:\/\/corn-machines.com\/wp-content\/uploads\/2026\/04\/maize-thresher.webp 720w, https:\/\/corn-machines.com\/wp-content\/uploads\/2026\/04\/maize-thresher-300x225.webp 300w, https:\/\/corn-machines.com\/wp-content\/uploads\/2026\/04\/maize-thresher-16x12.webp 16w\" sizes=\"auto, (max-width: 720px) 100vw, 720px\" \/><figcaption class=\"wp-element-caption\">m\u00e1y tu\u1ed1t ng\u00f4<\/figcaption><\/figure> <\/figure>    <h2 class=\"wp-block-heading\"><strong>M\u00e1y t\u00e1ch ng\u00f4 ho\u1ea1t \u0111\u1ed9ng nh\u01b0 th\u1ebf n\u00e0o?<\/strong><\/h2>    <p>M\u00e1y t\u00e1ch v\u1ecf ng\u00f4 th\u1ef1c hi\u1ec7n to\u00e0n b\u1ed9 qu\u00e1 tr\u00ecnh \u2014 bao g\u1ed3m t\u00e1ch, s\u00e0ng l\u1ecdc, lo\u1ea1i b\u1ecf t\u1ea1p ch\u1ea5t v\u00e0 ph\u00e2n lo\u1ea1i.<\/p>    <ol class=\"wp-block-list\"> <li>Ng\u00f4 sau khi t\u00e1ch \u0111i qua khoang ph\u00e2n lo\u1ea1i qua c\u1eeda n\u1ea1p, n\u01a1i qu\u00e1 tr\u00ecnh t\u00e1ch \u0111\u01b0\u1ee3c th\u1ef1c hi\u1ec7n th\u00f4ng qua t\u00e1c \u0111\u1ed9ng c\u1ee7a tr\u1ed1ng c\u00f3 c\u00e1c gai v\u00e0 ma s\u00e1t l\u1eabn nhau.<\/li>    <li>H\u1ea1t ng\u00f4 \u0111\u00e3 t\u00e1ch \u0111i qua m\u1ed9t m\u00e1ng ch\u1ee9a h\u1ea1t v\u00e0 v\u00e0o h\u1ec7 th\u1ed1ng l\u01b0\u1edbi rung.<\/li>    <li>Khi l\u01b0\u1edbi rung li\u00ean t\u1ee5c rung, c\u00e1c h\u1ea1t r\u01a1i qua c\u00e1c l\u1ed7 l\u01b0\u1edbi v\u00e0o khu v\u1ef1c thu gom ph\u00eda d\u01b0\u1edbi.<\/li>    <li>V\u1ecf r\u01a1m v\u00e0 t\u1ea1p ch\u1ea5t nh\u1eb9 \u0111\u01b0\u1ee3c h\u00fat ra v\u00e0 \u0111\u1ea9y ra ngo\u00e0i b\u1eb1ng qu\u1ea1t.<\/li>    <li>D\u01b0\u1edbi t\u00e1c \u0111\u1ed9ng c\u1ee7a tr\u1ed1ng, c\u00e1c b\u1eafp ng\u00f4 \u0111\u01b0\u1ee3c \u0111\u1ea9y ra qua l\u1ed1i ra ri\u00eang bi\u1ec7t.<\/li> <\/ol>    <figure class=\"wp-block-gallery has-nested-images columns-default is-cropped wp-block-gallery-4 is-layout-flex wp-block-gallery-is-layout-flex\"> <figure class=\"wp-block-image size-large\"><img loading=\"lazy\" decoding=\"async\" width=\"720\" height=\"540\" data-id=\"1584\" src=\"https:\/\/corn-machines.com\/wp-content\/uploads\/2026\/04\/corn-sheller-machine.webp\" alt=\"m\u00e1y b\u00f3c ng\u00f4\" class=\"wp-image-1584\" srcset=\"https:\/\/corn-machines.com\/wp-content\/uploads\/2026\/04\/corn-sheller-machine.webp 720w, https:\/\/corn-machines.com\/wp-content\/uploads\/2026\/04\/corn-sheller-machine-300x225.webp 300w, https:\/\/corn-machines.com\/wp-content\/uploads\/2026\/04\/corn-sheller-machine-16x12.webp 16w\" sizes=\"auto, (max-width: 720px) 100vw, 720px\" \/><figcaption class=\"wp-element-caption\">m\u00e1y b\u00f3c ng\u00f4<\/figcaption><\/figure>    <figure class=\"wp-block-image size-large\"><img loading=\"lazy\" decoding=\"async\" width=\"720\" height=\"540\" data-id=\"1585\" src=\"https:\/\/corn-machines.com\/wp-content\/uploads\/2026\/04\/maize-sheller-machine.webp\" alt=\"m\u00e1y b\u00f3 ng\u00f4\" class=\"wp-image-1585\" srcset=\"https:\/\/corn-machines.com\/wp-content\/uploads\/2026\/04\/maize-sheller-machine.webp 720w, https:\/\/corn-machines.com\/wp-content\/uploads\/2026\/04\/maize-sheller-machine-300x225.webp 300w, https:\/\/corn-machines.com\/wp-content\/uploads\/2026\/04\/maize-sheller-machine-16x12.webp 16w\" sizes=\"auto, (max-width: 720px) 100vw, 720px\" \/><figcaption class=\"wp-element-caption\">m\u00e1y b\u00f3 ng\u00f4<\/figcaption><\/figure> <\/figure>    <h2 class=\"wp-block-heading\"><strong>Ph\u00e2n t\u00edch c\u00e1c k\u1ecbch b\u1ea3n \u1ee9ng d\u1ee5ng c\u1ee7a m\u00e1y t\u00e1ch v\u1ecf ng\u00f4<\/strong><\/h2>    <ul class=\"wp-block-list\"> <li>X\u1eed l\u00fd sau thu ho\u1ea1ch cho c\u00e1c trang tr\u1ea1i nh\u1ecf v\u00e0 v\u1eeba<\/li>    <li>Thu ho\u1ea1ch t\u1eadp trung t\u1ea1i c\u00e1c trung t\u00e2m thu gom l\u00faa g\u1ea1o<\/li>    <li>X\u1eed l\u00fd theo l\u00f4 b\u1edfi c\u00e1c h\u1ee3p t\u00e1c x\u00e3 m\u00e1y m\u00f3c n\u00f4ng nghi\u1ec7p<\/li>    <li>D\u1ecbch v\u1ee5 di \u0111\u1ed9ng t\u1ea1i c\u00e1c v\u00f9ng n\u00f4ng th\u00f4n<\/li> <\/ul>    <h2 class=\"wp-block-heading\"><strong>Gi\u00e1 m\u00e1y t\u00e1ch v\u1ecf ng\u00f4 l\u00e0 bao nhi\u00eau?<\/strong><\/h2>    <p>M\u00e1y t\u00e1ch v\u1ecf ng\u00f4 5TYM-850 c\u00f3 gi\u00e1 c\u1ea1nh tranh kho\u1ea3ng 1000 USD. Tuy nhi\u00ean, chi ph\u00ed cu\u1ed1i c\u00f9ng c\u00f3 th\u1ec3 thay \u0111\u1ed5i t\u00f9y thu\u1ed9c v\u00e0o c\u00e1c y\u1ebfu t\u1ed1 nh\u01b0 s\u1ed1 l\u01b0\u1ee3ng \u0111\u1eb7t h\u00e0ng, y\u00eau c\u1ea7u t\u00f9y ch\u1ec9nh v\u00e0 kho\u1ea3ng c\u00e1ch v\u1eadn chuy\u1ec3n. N\u1ebfu b\u1ea1n mu\u1ed1n bi\u1ebft gi\u00e1 c\u1ee5 th\u1ec3, vui l\u00f2ng li\u00ean h\u1ec7 v\u1edbi ch\u00fang t\u00f4i \u0111\u1ec3 nh\u1eadn b\u00e1o gi\u00e1 m\u1edbi nh\u1ea5t.<\/p>   <div class=\"wp-block-image\"> <figure class=\"aligncenter size-full\"><img loading=\"lazy\" decoding=\"async\" width=\"720\" height=\"540\" src=\"https:\/\/corn-machines.com\/wp-content\/uploads\/2026\/04\/maize-threshing-machine.webp\" alt=\"m\u00e1y tu\u1ed1t ng\u00f4\" class=\"wp-image-1586\" srcset=\"https:\/\/corn-machines.com\/wp-content\/uploads\/2026\/04\/maize-threshing-machine.webp 720w, https:\/\/corn-machines.com\/wp-content\/uploads\/2026\/04\/maize-threshing-machine-300x225.webp 300w, https:\/\/corn-machines.com\/wp-content\/uploads\/2026\/04\/maize-threshing-machine-16x12.webp 16w\" sizes=\"auto, (max-width: 720px) 100vw, 720px\" \/><figcaption class=\"wp-element-caption\">m\u00e1y tu\u1ed1t ng\u00f4<\/figcaption><\/figure> <\/div>   <h2 class=\"wp-block-heading\"><strong>C\u00e2u h\u1ecfi th\u01b0\u1eddng g\u1eb7p v\u1ec1 m\u00e1y t\u00e1ch ng\u00f4<\/strong><\/h2>   <div id=\"rank-math-faq\" class=\"rank-math-block\"> <div class=\"rank-math-list\"> <div id=\"faq-question-1776825910147\" class=\"rank-math-list-item\"> <h3 class=\"rank-math-question\">M\u00e1y t\u00e1ch v\u1ecf ng\u00f4 5TYM-850 ph\u00f9 h\u1ee3p \u0111\u1ec3 x\u1eed l\u00fd lo\u1ea1i ng\u00f4 n\u00e0o?<\/h3> <div class=\"rank-math-answer\">  <p>Ph\u00f9 h\u1ee3p \u0111\u1ec3 t\u00e1ch ng\u00f4 kh\u00f4; k\u1ebft qu\u1ea3 t\u1ed1i \u01b0u \u0111\u1ea1t \u0111\u01b0\u1ee3c v\u1edbi \u0111\u1ed9 \u1ea9m t\u1eeb 13% \u0111\u1ebfn 20%.<\/p>  <\/div> <\/div> <div id=\"faq-question-1776825950137\" class=\"rank-math-list-item\"> <h3 class=\"rank-math-question\">T\u1ef7 l\u1ec7 v\u1ee1 h\u1ea1t ng\u00f4 c\u00f3 cao kh\u00f4ng?<\/h3> <div class=\"rank-math-answer\">  <p>M\u00e1y t\u00e1ch v\u1ecf ng\u00f4 c\u00f3 c\u1ea5u tr\u00fac c\u00e1c gai v\u00e0 t\u1ed1c \u0111\u1ed9 quay c\u1ee7a tr\u1ed1ng h\u1ee3p l\u00fd, gi\u1ea3m thi\u1ec3u t\u1ed1i \u0111a t\u1ef7 l\u1ec7 v\u1ee1 (\u22641.5%).<\/p>  <\/div> <\/div> <div id=\"faq-question-1776826010298\" class=\"rank-math-list-item\"> <h3 class=\"rank-math-question\">C\u00f3 th\u1ec3 s\u1eed d\u1ee5ng cho c\u00e1c lo\u1ea1i c\u00e2y tr\u1ed3ng kh\u00e1c kh\u00f4ng?<\/h3> <div class=\"rank-math-answer\">  <p class=\"translation-block\">Ch\u1ee7 y\u1ebfu thi\u1ebft k\u1ebf cho ng\u00f4. N\u1ebfu b\u1ea1n c\u1ea7n x\u1eed l\u00fd nhi\u1ec1u lo\u1ea1i ng\u0169 c\u1ed1c, ch\u00fang t\u00f4i c\u0169ng cung c\u1ea5p <a href=\"https:\/\/corn-machines.com\/vi\/product\/multifunctional-grain-thresher\/\">m\u00e1y t\u00e1ch h\u1ea1t \u0111a ch\u1ee9c n\u0103ng<\/a>.<\/p>  <\/div> <\/div> <div id=\"faq-question-1776826084108\" class=\"rank-math-list-item\"> <h3 class=\"rank-math-question\">T\u1ef7 l\u1ec7 t\u00e1ch c\u1ee7a n\u00f3 l\u00e0 bao nhi\u00eau?<\/h3> <div class=\"rank-math-answer\">  <p>M\u00e1y t\u00e1ch ng\u00f4 c\u1ee7a ch\u00fang t\u00f4i c\u00f3 t\u1ef7 l\u1ec7 t\u00e1ch r\u1ea5t cao, \u0111\u1ea1t tr\u00ean 98%.<\/p>  <\/div> <\/div> <\/div> <\/div>   <h2 class=\"wp-block-heading\"><strong>T\u00ecm ki\u1ebfm gi\u1ea3i ph\u00e1p t\u00e1ch ng\u00f4 \u0111\u00e1ng tin c\u1eady?<\/strong><\/h2>    <p>N\u1ebfu b\u1ea1n \u0111ang t\u00ecm ki\u1ebfm thi\u1ebft b\u1ecb ch\u1ebf bi\u1ebfn ng\u00f4 hi\u1ec7u qu\u1ea3 v\u00e0 b\u1ec1n b\u1ec9, m\u00e1y t\u00e1ch v\u1ecf ng\u00f4 5TYM-850 l\u00e0 l\u1ef1a ch\u1ecdn l\u00fd t\u01b0\u1edfng, cung c\u1ea5p hi\u1ec7u su\u1ea5t \u1ed5n \u0111\u1ecbnh v\u00e0 t\u1ef7 l\u1ec7 t\u00e1ch cao v\u01b0\u1ee3t tr\u1ed9i.<\/p>    <p>\u0110\u1ec3 bi\u1ebft th\u00eam chi ti\u1ebft ho\u1eb7c y\u00eau c\u1ea7u b\u00e1o gi\u00e1, vui l\u00f2ng li\u00ean h\u1ec7 v\u1edbi ch\u00fang t\u00f4i b\u1ea5t c\u1ee9 l\u00fac n\u00e0o \u2014 ch\u00fang t\u00f4i s\u1ebd h\u1ed7 tr\u1ee3 b\u1ea1n ch\u1ecdn gi\u1ea3i ph\u00e1p ph\u00f9 h\u1ee3p nh\u1ea5t v\u1edbi nhu c\u1ea7u c\u1ee7a b\u1ea1n.<\/p>","protected":false},"excerpt":{"rendered":"<p>This article primarily introduces the 5TYM-850 corn sheller machine. It is a highly efficient and stable piece of corn processing equipment, boasting a production capacity of 4 to 6 tons per hour and a threshing rate of \u226598%, thereby enabling highly efficient threshing operations.<\/p>","protected":false},"author":1,"featured_media":1587,"parent":0,"template":"","tags":[42],"product-type":[4],"class_list":["post-1577","product","type-product","status-publish","has-post-thumbnail","hentry","tag-corn","product-type-corn-thresher-machine"],"_links":{"self":[{"href":"https:\/\/corn-machines.com\/vi\/wp-json\/wp\/v2\/product\/1577","targetHints":{"allow":["GET"]}}],"collection":[{"href":"https:\/\/corn-machines.com\/vi\/wp-json\/wp\/v2\/product"}],"about":[{"href":"https:\/\/corn-machines.com\/vi\/wp-json\/wp\/v2\/types\/product"}],"author":[{"embeddable":true,"href":"https:\/\/corn-machines.com\/vi\/wp-json\/wp\/v2\/users\/1"}],"wp:featuredmedia":[{"embeddable":true,"href":"https:\/\/corn-machines.com\/vi\/wp-json\/wp\/v2\/media\/1587"}],"wp:attachment":[{"href":"https:\/\/corn-machines.com\/vi\/wp-json\/wp\/v2\/media?parent=1577"}],"wp:term":[{"taxonomy":"post_tag","embeddable":true,"href":"https:\/\/corn-machines.com\/vi\/wp-json\/wp\/v2\/tags?post=1577"},{"taxonomy":"product-type","embeddable":true,"href":"https:\/\/corn-machines.com\/vi\/wp-json\/wp\/v2\/product-type?post=1577"}],"curies":[{"name":"wp","href":"https:\/\/api.w.org\/{rel}","templated":true}]}}