{"id":1554,"date":"2026-04-15T14:38:27","date_gmt":"2026-04-15T06:38:27","guid":{"rendered":"https:\/\/corn-machines.com\/?post_type=product&#038;p=1554"},"modified":"2026-04-15T17:24:06","modified_gmt":"2026-04-15T09:24:06","slug":"corn-husking-machine","status":"publish","type":"product","link":"https:\/\/corn-machines.com\/vi\/product\/corn-husking-machine\/","title":{"rendered":"M\u00e1y g\u1ecdt b\u1eafp"},"content":{"rendered":"<p class=\"translation-block\"><strong>M\u00e1y g\u1ecdt v\u1ecf ng\u00f4<\/strong> l\u00e0 thi\u1ebft b\u1ecb t\u1ef1 \u0111\u1ed9ng hi\u1ec7u qu\u1ea3 cao, \u0111\u1eb7c bi\u1ec7t thi\u1ebft k\u1ebf \u0111\u1ec3 lo\u1ea1i b\u1ecf v\u1ecf ngo\u00e0i c\u1ee7a ng\u00f4 t\u01b0\u01a1i. Thi\u1ebft b\u1ecb h\u1ed7 tr\u1ee3 quy tr\u00ecnh li\u00ean t\u1ee5c bao g\u1ed3m c\u1ea5p li\u1ec7u t\u1ef1 \u0111\u1ed9ng, c\u1eaft r\u1ec5, c\u1eaft \u0111\u1ea7u, lo\u1ea1i b\u1ecf l\u1ee5a, g\u1ecdt v\u1ecf, v\u00e0 x\u1ea3 h\u00e0ng. T\u1ed5ng c\u00f4ng su\u1ea5t g\u1ecdt v\u1ecf \u0111\u1ea1t t\u1eeb 7.000 \u0111\u1ebfn 12.000 c\u00e2y m\u1ed7i gi\u1edd, t\u1ef7 l\u1ec7 tinh khi\u1ebft g\u1ecdt v\u1ecf l\u00ean t\u1edbi 98% v\u00e0 t\u1ef7 l\u1ec7 h\u01b0 h\u1ecfng th\u1ea5p nh\u1ea5t l\u00e0 1%.<\/p>    <p>Ch\u00fang t\u00f4i cung c\u1ea5p hai lo\u1ea1i m\u00e1y g\u1ecdt v\u1ecf ng\u00f4: m\u00e1y g\u1ecdt v\u1ecf ng\u00f4 th\u1ed5i kh\u00ed v\u00e0 m\u00e1y g\u1ecdt v\u1ecf b\u1eb1ng cao su. Ch\u00fang \u0111\u01b0\u1ee3c thi\u1ebft k\u1ebf \u0111\u1ec3 \u0111\u00e1p \u1ee9ng nhu c\u1ea7u x\u1eed l\u00fd c\u1ee7a c\u00e1c nh\u00e0 m\u00e1y ng\u00f4 t\u01b0\u01a1i, trung t\u00e2m ch\u1ebf bi\u1ebfn s\u1ea3n ph\u1ea9m t\u01b0\u01a1i c\u1eaft, nh\u00e0 m\u00e1y th\u1ef1c ph\u1ea9m \u0111\u00f4ng l\u1ea1nh, v\u00e0 doanh nghi\u1ec7p ch\u1ebf bi\u1ebfn n\u00f4ng nghi\u1ec7p.<\/p>    <h2 class=\"wp-block-heading\"><strong>C\u00e1c \u0111\u1eb7c \u0111i\u1ec3m v\u00e0 l\u1ee3i \u00edch c\u1ee7a m\u00e1y g\u1ecdt v\u1ecf ng\u00f4<\/strong><\/h2>    <p>So v\u1edbi ph\u01b0\u01a1ng ph\u00e1p g\u1ecdt v\u1ecf th\u1ee7 c\u00f4ng truy\u1ec1n th\u1ed1ng, m\u00e1y g\u1ecdt v\u1ecf ng\u00f4 n\u00e0y ph\u00f9 h\u1ee3p l\u00fd t\u01b0\u1edfng cho c\u00e1c ho\u1ea1t \u0111\u1ed9ng ch\u1ebf bi\u1ebfn ng\u00f4 t\u01b0\u01a1i quy m\u00f4 l\u1edbn:<\/p>    <ul class=\"wp-block-list\"> <li><strong>Hi\u1ec7u qu\u1ea3 x\u1eed l\u00fd cao<\/strong>: C\u00f3 kh\u1ea3 n\u0103ng x\u1eed l\u00fd t\u1edbi 12.000 c\u00e2y m\u1ed7i gi\u1edd.<\/li>    <li><strong>T\u1ef7 l\u1ec7 h\u01b0 h\u1ecfng th\u1ea5p<\/strong>: \u0110\u01b0\u1ee3c duy tr\u00ec kho\u1ea3ng 1%, qua \u0111\u00f3 b\u1ea3o v\u1ec7 gi\u00e1 tr\u1ecb th\u1ecb tr\u01b0\u1eddng c\u1ee7a s\u1ea3n ph\u1ea9m.<\/li>    <li>H<strong>Tinh khi\u1ebft g\u1ecdt v\u1ecf cao<\/strong>: Lu\u00f4n \u0111\u1ea1t t\u1ef7 l\u1ec7 g\u1ecdt v\u1ecf 98%.<\/li>    <li><strong>M\u1ee9c \u0111\u1ed9 t\u1ef1 \u0111\u1ed9ng h\u00f3a cao<\/strong>: Gi\u1ea3m \u0111\u00e1ng k\u1ec3 chi ph\u00ed lao \u0111\u1ed9ng.<\/li>    <li><strong>\u1ee8ng d\u1ee5ng r\u1ed9ng r\u00e3i<\/strong>: Ph\u00f9 h\u1ee3p v\u1edbi nhi\u1ec1u lo\u1ea1i ng\u00f4, bao g\u1ed3m ng\u00f4 t\u01b0\u01a1i, ng\u00f4 ng\u1ecdt, v\u00e0 ng\u00f4 waxy.<\/li>    <li><strong>H\u1ed7 tr\u1ee3 t\u00f9y ch\u1ec9nh<\/strong>: Tham s\u1ed1 \u0111i\u1ec1u ch\u1ec9nh \u0111\u1ec3 ph\u00f9 h\u1ee3p v\u1edbi chi\u1ec1u d\u00e0i ng\u00f4 v\u00e0 y\u00eau c\u1ea7u gi\u1eef l\u00e1 c\u1ee5 th\u1ec3.<\/li>    <li><strong>C\u00f3 hai m\u1eabu m\u00e3<\/strong>: C\u00e1c t\u00f9y ch\u1ecdn ph\u00f9 h\u1ee3p v\u1edbi nhi\u1ec1u ng\u00e2n s\u00e1ch v\u00e0 quy tr\u00ecnh x\u1eed l\u00fd kh\u00e1c nhau.<\/li> <\/ul>   <div class=\"wp-block-image\"> <figure class=\"aligncenter size-full\"><img loading=\"lazy\" decoding=\"async\" width=\"720\" height=\"540\" src=\"https:\/\/corn-machines.com\/wp-content\/uploads\/2026\/04\/corn-husking-machine.webp\" alt=\"M\u00e1y g\u1ecdt v\u1ecf ng\u00f4\" class=\"wp-image-1557\" srcset=\"https:\/\/corn-machines.com\/wp-content\/uploads\/2026\/04\/corn-husking-machine.webp 720w, https:\/\/corn-machines.com\/wp-content\/uploads\/2026\/04\/corn-husking-machine-300x225.webp 300w, https:\/\/corn-machines.com\/wp-content\/uploads\/2026\/04\/corn-husking-machine-16x12.webp 16w\" sizes=\"auto, (max-width: 720px) 100vw, 720px\" \/><figcaption class=\"wp-element-caption\">M\u00e1y g\u1ecdt v\u1ecf ng\u00f4<\/figcaption><\/figure> <\/div>   <h2 class=\"wp-block-heading\"><strong>Hai lo\u1ea1i m\u00e1y g\u1ecdt v\u1ecf ng\u00f4<\/strong><\/h2>    <p>Ch\u00fang t\u00f4i cung c\u1ea5p hai lo\u1ea1i m\u00e1y g\u1ecdt v\u1ecf ng\u00f4:<\/p>    <ol class=\"wp-block-list\"> <li><strong>M\u00e1y g\u1ecdt v\u1ecf ng\u00f4 b\u1eb1ng kh\u00ed<\/strong><\/li>    <li><strong>M\u00e1y g\u1ecdt v\u1ecf ng\u00f4 b\u1eb1ng cao su<\/strong><\/li> <\/ol>    <p>M\u1ed7i lo\u1ea1i thi\u1ebft b\u1ecb g\u1ecdt v\u1ecf ng\u00f4 n\u00e0y c\u00f3 \u0111\u1eb7c \u0111i\u1ec3m v\u00e0 l\u1ee3i th\u1ebf ri\u00eang, cho ph\u00e9p b\u1ea1n l\u1ef1a ch\u1ecdn d\u1ef1a tr\u00ean y\u00eau c\u1ea7u c\u1ee5 th\u1ec3 c\u1ee7a m\u00ecnh.<\/p>    <figure class=\"wp-block-gallery has-nested-images columns-default is-cropped wp-block-gallery-2 is-layout-flex wp-block-gallery-is-layout-flex\"> <figure class=\"wp-block-image size-large\"><img loading=\"lazy\" decoding=\"async\" width=\"720\" height=\"540\" data-id=\"1558\" src=\"https:\/\/corn-machines.com\/wp-content\/uploads\/2026\/04\/air-blowing-corn-husking-machine.webp\" alt=\"M\u00e1y g\u1ecdt v\u1ecf ng\u00f4 th\u1ed5i kh\u00ed\" class=\"wp-image-1558\" srcset=\"https:\/\/corn-machines.com\/wp-content\/uploads\/2026\/04\/air-blowing-corn-husking-machine.webp 720w, https:\/\/corn-machines.com\/wp-content\/uploads\/2026\/04\/air-blowing-corn-husking-machine-300x225.webp 300w, https:\/\/corn-machines.com\/wp-content\/uploads\/2026\/04\/air-blowing-corn-husking-machine-16x12.webp 16w\" sizes=\"auto, (max-width: 720px) 100vw, 720px\" \/><figcaption class=\"wp-element-caption\">M\u00e1y g\u1ecdt v\u1ecf ng\u00f4 th\u1ed5i kh\u00ed<\/figcaption><\/figure>    <figure class=\"wp-block-image size-large\"><img loading=\"lazy\" decoding=\"async\" width=\"720\" height=\"540\" data-id=\"1560\" src=\"https:\/\/corn-machines.com\/wp-content\/uploads\/2026\/04\/rubber-roller-corn-husker.webp\" alt=\"m\u00e1y g\u1ecdt v\u1ecf ng\u00f4 b\u1eb1ng cao su\" class=\"wp-image-1560\" srcset=\"https:\/\/corn-machines.com\/wp-content\/uploads\/2026\/04\/rubber-roller-corn-husker.webp 720w, https:\/\/corn-machines.com\/wp-content\/uploads\/2026\/04\/rubber-roller-corn-husker-300x225.webp 300w, https:\/\/corn-machines.com\/wp-content\/uploads\/2026\/04\/rubber-roller-corn-husker-16x12.webp 16w\" sizes=\"auto, (max-width: 720px) 100vw, 720px\" \/><figcaption class=\"wp-element-caption\">m\u00e1y g\u1ecdt v\u1ecf ng\u00f4 b\u1eb1ng cao su<\/figcaption><\/figure> <\/figure>    <h3 class=\"wp-block-heading\"><strong>Lo\u1ea1i 1:<\/strong> <strong>M\u00e1y g\u1ecdt v\u1ecf ng\u00f4 th\u1ed5i kh\u00ed<\/strong><\/h3>    <p>M\u00e1y g\u1ecdt v\u1ecf ng\u00f4 t\u01b0\u01a1i th\u1ed5i kh\u00ed l\u00e0 thi\u1ebft b\u1ecb x\u1eed l\u00fd t\u1ef1 \u0111\u1ed9ng d\u00e0nh cho ng\u00f4 t\u01b0\u01a1i, ph\u00f9 h\u1ee3p \u0111\u1eb7c bi\u1ec7t v\u1edbi kh\u00e1ch h\u00e0ng c\u00f3 ti\u00eau chu\u1ea9n cao v\u1ec1 ngo\u1ea1i h\u00ecnh c\u1ee7a s\u1ea3n ph\u1ea9m ho\u00e0n ch\u1ec9nh. Sau khi thu ho\u1ea1ch, ng\u00f4 t\u01b0\u01a1i \u0111i v\u00e0o m\u00e1y qua h\u1ec7 th\u1ed1ng b\u0103ng t\u1ea3i, n\u01a1i c\u00e1c thao t\u00e1c sau \u0111\u01b0\u1ee3c t\u1ef1 \u0111\u1ed9ng th\u1ef1c hi\u1ec7n:<\/p>    <ul class=\"wp-block-list\"> <li>C\u1eaft r\u1ec5<\/li>    <li>C\u1eaft \u0111\u1ea7u<\/li>    <li>Lo\u1ea1i b\u1ecf l\u1ee5a<\/li>    <li>Th\u1ed5i kh\u00ed cho l\u00e1 r\u1ee5ng t\u1ef1 do<\/li>    <li>G\u1ecdt v\u1ecf<\/li>    <li>X\u1ea3 h\u00e0ng<\/li> <\/ul>    <p class=\"translation-block\"><strong>T\u00ednh n\u0103ng<\/strong><\/p>    <ul class=\"wp-block-list\"> <li>\u0110\u1ed9 nh\u1ea5t qu\u00e1n s\u1ea3n ph\u1ea9m cao<\/li>    <li>Ch\u1ebf \u0111\u1ed9 gi\u1eef l\u00e1 c\u00f3 th\u1ec3 chuy\u1ec3n \u0111\u1ed5i<\/li>    <li>M\u1ee9c \u0111\u1ed9 t\u1ef1 \u0111\u1ed9ng h\u00f3a cao<\/li> <\/ul>    <p class=\"translation-block\"><strong>Nguy\u00ean l\u00fd ho\u1ea1t \u0111\u1ed9ng<\/strong><\/p>    <p>M\u00e1y g\u1ecdt v\u1ecf ng\u00f4 t\u01b0\u01a1i n\u00e0y s\u1eed d\u1ee5ng ph\u01b0\u01a1ng ph\u00e1p x\u1eed l\u00fd li\u00ean t\u1ee5c, t\u1ef1 \u0111\u1ed9ng. To\u00e0n b\u1ed9 qu\u00e1 tr\u00ecnh, t\u1eeb vi\u1ec7c \u0111\u01b0a ng\u00f4 t\u01b0\u01a1i th\u1ee7 c\u00f4ng v\u00e0o \u0111\u1ebfn xu\u1ea5t s\u1ea3n ph\u1ea9m ho\u00e0n ch\u1ec9nh. Quy tr\u00ecnh c\u1ee5 th\u1ec3 nh\u01b0 sau:<\/p>    <p>Cho \u0103n th\u1ee7 c\u00f4ng \u2192 Truy\u1ec1n t\u1ef1 \u0111\u1ed9ng \u2192 C\u1eaft r\u1ec5 \u2192 C\u1eaft \u0111\u1ea7u \u2192 Lo\u1ea1i b\u1ecf l\u1ee5a \u2192 Phun kh\u00ed h\u1ed7 tr\u1ee3 t\u00e1ch l\u00e1 \u2192 G\u1ecdt v\u1ecf t\u1ef1 \u0111\u1ed9ng \u2192 X\u1ea3 s\u1ea3n ph\u1ea9m ho\u00e0n ch\u1ec9nh<\/p>    <figure class=\"wp-block-gallery has-nested-images columns-default is-cropped wp-block-gallery-3 is-layout-flex wp-block-gallery-is-layout-flex\"> <figure class=\"wp-block-image size-large\"><img loading=\"lazy\" decoding=\"async\" width=\"720\" height=\"540\" data-id=\"1561\" src=\"https:\/\/corn-machines.com\/wp-content\/uploads\/2026\/04\/corn-husk-removing-machine.webp\" alt=\"M\u00e1y g\u1ecdt v\u1ecf ng\u00f4\" class=\"wp-image-1561\" srcset=\"https:\/\/corn-machines.com\/wp-content\/uploads\/2026\/04\/corn-husk-removing-machine.webp 720w, https:\/\/corn-machines.com\/wp-content\/uploads\/2026\/04\/corn-husk-removing-machine-300x225.webp 300w, https:\/\/corn-machines.com\/wp-content\/uploads\/2026\/04\/corn-husk-removing-machine-16x12.webp 16w\" sizes=\"auto, (max-width: 720px) 100vw, 720px\" \/><figcaption class=\"wp-element-caption\">M\u00e1y g\u1ecdt v\u1ecf ng\u00f4<\/figcaption><\/figure>    <figure class=\"wp-block-image size-large\"><img loading=\"lazy\" decoding=\"async\" width=\"720\" height=\"540\" data-id=\"1564\" src=\"https:\/\/corn-machines.com\/wp-content\/uploads\/2026\/04\/detailed-of-corn-husker.webp\" alt=\"Chi ti\u1ebft c\u1ee7a m\u00e1y g\u1ecdt v\u1ecf ng\u00f4\" class=\"wp-image-1564\" srcset=\"https:\/\/corn-machines.com\/wp-content\/uploads\/2026\/04\/detailed-of-corn-husker.webp 720w, https:\/\/corn-machines.com\/wp-content\/uploads\/2026\/04\/detailed-of-corn-husker-300x225.webp 300w, https:\/\/corn-machines.com\/wp-content\/uploads\/2026\/04\/detailed-of-corn-husker-16x12.webp 16w\" sizes=\"auto, (max-width: 720px) 100vw, 720px\" \/><figcaption class=\"wp-element-caption\">Chi ti\u1ebft c\u1ee7a m\u00e1y g\u1ecdt v\u1ecf ng\u00f4<\/figcaption><\/figure>    <figure class=\"wp-block-image size-large\"><img loading=\"lazy\" decoding=\"async\" width=\"720\" height=\"540\" data-id=\"1565\" src=\"https:\/\/corn-machines.com\/wp-content\/uploads\/2026\/04\/detailed-of-maize-husker-machine.webp\" alt=\"Chi ti\u1ebft c\u1ee7a m\u00e1y g\u1ecdt v\u1ecf ng\u00f4\" class=\"wp-image-1565\" srcset=\"https:\/\/corn-machines.com\/wp-content\/uploads\/2026\/04\/detailed-of-maize-husker-machine.webp 720w, https:\/\/corn-machines.com\/wp-content\/uploads\/2026\/04\/detailed-of-maize-husker-machine-300x225.webp 300w, https:\/\/corn-machines.com\/wp-content\/uploads\/2026\/04\/detailed-of-maize-husker-machine-16x12.webp 16w\" sizes=\"auto, (max-width: 720px) 100vw, 720px\" \/><figcaption class=\"wp-element-caption\">Chi ti\u1ebft c\u1ee7a m\u00e1y g\u1ecdt v\u1ecf ng\u00f4<\/figcaption><\/figure> <\/figure>    <p class=\"translation-block\"><strong>Th\u00f4ng s\u1ed1 k\u1ef9 thu\u1eadt<\/strong> <strong>tham s\u1ed1<\/strong><\/p>    <figure class=\"wp-block-table\"><table class=\"has-fixed-layout\"><thead><tr><th>M\u1ee5c<\/th><th>Th\u00f4ng s\u1ed1 k\u1ef9 thu\u1eadt<\/th><\/tr><\/thead><tbody><tr><td>T\u1ed1c \u0111\u1ed9 l\u00e0m vi\u1ec7c<\/td><td>0\u201312,000 c\u00e2y\/h<\/td><\/tr><tr><td>\u00c1p su\u1ea5t cung c\u1ea5p kh\u00ed<\/td><td>&gt;=0.8MPa<\/td><\/tr><tr><td>Tr\u1ecdng l\u01b0\u1ee3ng m\u00e1y<\/td><td>4000kg<\/td><\/tr><tr><td>Th\u1ec3 t\u00edch b\u00ecnh ch\u1ee9a kh\u00ed<\/td><td>\u22651.0m\u00b3<\/td><\/tr><tr><td>Ph\u1ea1m vi chi\u1ec1u d\u00e0i ng\u00f4<\/td><td>110\u2013280mm<\/td><\/tr><tr><td>Ph\u1ea1m vi \u0111\u01b0\u1eddng k\u00ednh ng\u00f4<\/td><td>\u03a640\u2013\u03a680mm<\/td><\/tr><tr><td>Ch\u1ebf \u0111\u1ed9 gi\u1eef l\u00e1<\/td><td>Chuy\u1ec3n \u0111\u1ed5i th\u1ee7 c\u00f4ng<\/td><\/tr><tr><td>T\u1ef7 l\u1ec7 g\u1ecdt v\u1ecf<\/td><td>98%<\/td><\/tr><tr><td>T\u1ef7 l\u1ec7 h\u01b0 h\u1ecfng<\/td><td>1%<\/td><\/tr><tr><td>T\u1ef7 l\u1ec7 lo\u1ea1i b\u1ecf l\u1ee5a<\/td><td>92%<\/td><\/tr><\/tbody><\/table><figcaption class=\"wp-element-caption\">Th\u00f4ng s\u1ed1 c\u1ee7a m\u00e1y g\u1ecdt v\u1ecf ng\u00f4 ng\u1ecdt <\/figcaption><\/figure>    <h3 class=\"wp-block-heading\"><strong>Lo\u1ea1i 2: M\u00e1y g\u1ecdt v\u1ecf ng\u00f4 b\u1eb1ng cao su<\/strong><\/h3>    <p>M\u00e1y g\u1ecdt v\u1ecf ng\u00f4 b\u1eb1ng cao su s\u1eed d\u1ee5ng nhi\u1ec1u b\u1ed9 cao su ch\u1ed1ng m\u00e0i m\u00f2n \u0111\u1ec3 th\u1ef1c hi\u1ec7n g\u1ecdt v\u1ecf \u0111\u1ed3ng th\u1eddi. \u0110\u1eb7c tr\u01b0ng b\u1edfi c\u1ea5u tr\u00fac \u1ed5n \u0111\u1ecbnh v\u00e0 d\u1ec5 b\u1ea3o tr\u00ec, c\u00e1c \u0111\u1eb7c \u0111i\u1ec3m ch\u00ednh bao g\u1ed3m:<\/p>    <ul class=\"wp-block-list\"> <li>C\u1ea5u tr\u00fac \u0111\u01a1n gi\u1ea3n nh\u01b0ng b\u1ec1n b\u1ec9<\/li>    <li>V\u1eadn h\u00e0nh li\u00ean t\u1ee5c \u1ed5n \u0111\u1ecbnh<\/li>    <li>Chi ph\u00ed b\u1ea3o tr\u00ec th\u1ea5p<\/li>    <li>Hi\u1ec7u qu\u1ea3 chi ph\u00ed cao<\/li> <\/ul>    <figure class=\"wp-block-gallery has-nested-images columns-default is-cropped wp-block-gallery-4 is-layout-flex wp-block-gallery-is-layout-flex\"> <figure class=\"wp-block-image size-large\"><img loading=\"lazy\" decoding=\"async\" width=\"540\" height=\"720\" data-id=\"1562\" src=\"https:\/\/corn-machines.com\/wp-content\/uploads\/2026\/04\/maize-husking-machine.webp\" alt=\"m\u00e1y g\u1ecdt v\u1ecf ng\u00f4\" class=\"wp-image-1562\" srcset=\"https:\/\/corn-machines.com\/wp-content\/uploads\/2026\/04\/maize-husking-machine.webp 540w, https:\/\/corn-machines.com\/wp-content\/uploads\/2026\/04\/maize-husking-machine-225x300.webp 225w, https:\/\/corn-machines.com\/wp-content\/uploads\/2026\/04\/maize-husking-machine-9x12.webp 9w\" sizes=\"auto, (max-width: 540px) 100vw, 540px\" \/><figcaption class=\"wp-element-caption\">m\u00e1y g\u1ecdt v\u1ecf ng\u00f4<\/figcaption><\/figure>    <figure class=\"wp-block-image size-large\"><img loading=\"lazy\" decoding=\"async\" width=\"540\" height=\"720\" data-id=\"1563\" src=\"https:\/\/corn-machines.com\/wp-content\/uploads\/2026\/04\/rubbr-roller-corn-husker-machine-1.webp\" alt=\"m\u00e1y g\u1ecdt v\u1ecf ng\u00f4 b\u1eb1ng cao su\" class=\"wp-image-1563\" srcset=\"https:\/\/corn-machines.com\/wp-content\/uploads\/2026\/04\/rubbr-roller-corn-husker-machine-1.webp 540w, https:\/\/corn-machines.com\/wp-content\/uploads\/2026\/04\/rubbr-roller-corn-husker-machine-1-225x300.webp 225w, https:\/\/corn-machines.com\/wp-content\/uploads\/2026\/04\/rubbr-roller-corn-husker-machine-1-9x12.webp 9w\" sizes=\"auto, (max-width: 540px) 100vw, 540px\" \/><figcaption class=\"wp-element-caption\">m\u00e1y g\u1ecdt v\u1ecf ng\u00f4 b\u1eb1ng cao su<\/figcaption><\/figure> <\/figure>    <p class=\"translation-block\"><strong>Th\u00f4ng s\u1ed1 k\u1ef9 thu\u1eadt<\/strong><\/p>    <figure class=\"wp-block-table\"><table class=\"has-fixed-layout\"><thead><tr><th>Th\u00f4ng s\u1ed1 k\u1ef9 thu\u1eadt m\u1eabu<\/th><th>Chi ti\u1ebft<\/th><\/tr><\/thead><tbody><tr><td>Dung t\u00edch<\/td><td>7.000 c\u00e2y\/h<\/td><\/tr><tr><td>K\u00edch th\u01b0\u1edbc m\u00e1y<\/td><td>2500 \u00d7 1300 \u00d7 2200mm<\/td><\/tr><tr><td>Tr\u1ee5c ch\u00ednh<\/td><td>1750 mm, \u03a671.5mm<\/td><\/tr><tr><td>C\u00e1c con l\u0103n cao su<\/td><td>16 chi\u1ebfc, 108 \u00d7 71.5mm<\/td><\/tr><tr><td>B\u00f4i tr\u01a1n<\/td><td>B\u00f4i tr\u01a1n tu\u1ea7n ho\u00e0n t\u1ef1 \u0111\u1ed9ng<\/td><\/tr><tr><td>Th\u00e9p kh\u00f4ng g\u1ec9, th\u00e9p h\u00ecnh ch\u1eef channel, t\u00f9y ch\u1ec9nh<\/td><td>25PPR<\/td><\/tr><tr><td>Quy\u1ec1n l\u1ef1c<\/td><td>8.37kw<\/td><\/tr><tr><td>\u0110i\u1ec7n \u00e1p<\/td><td>380V \/ 50Hz<\/td><\/tr><tr><td>V\u1eadt li\u1ec7u m\u00e1y<\/td><td>Th\u00e9p kh\u00f4ng g\u1ec9, th\u00e9p h\u00ecnh ch\u1eef channel, t\u00f9y ch\u1ec9nh<\/td><\/tr><\/tbody><\/table><figcaption class=\"wp-element-caption\">Th\u00f4ng s\u1ed1 k\u1ef9 thu\u1eadt c\u1ee7a m\u00e1y g\u1ecdt v\u1ecf ng\u00f4 b\u1eb1ng cao su<\/figcaption><\/figure>    <h2 class=\"wp-block-heading\"><strong>C\u00e1c tr\u01b0\u1eddng h\u1ee3p \u00e1p d\u1ee5ng cho m\u00e1y g\u1ecdt v\u1ecf ng\u00f4<\/strong><\/h2>    <p>M\u00e1y g\u1ecdt v\u1ecf ng\u00f4 n\u00e0y \u0111\u01b0\u1ee3c s\u1eed d\u1ee5ng r\u1ed9ng r\u00e3i cho:<\/p>    <ul class=\"wp-block-list\"> <li>X\u1eed l\u00fd ng\u00f4 ng\u1ecdt t\u01b0\u01a1i<\/li>    <li>H\u00fat ch\u00e2n kh\u00f4ng ng\u00f4 waxy<\/li>    <li>Ph\u00e2n ph\u1ed1i s\u1ea3n ph\u1ea9m ng\u00f4 \u0111\u00e3 chu\u1ea9n b\u1ecb<\/li>    <li>X\u1eed l\u00fd ng\u00f4 \u0111\u00f4ng l\u1ea1nh<\/li>    <li>Ti\u1ec1n x\u1eed l\u00fd nguy\u00ean li\u1ec7u trong c\u00e1c b\u1ebfp trung t\u00e2m<\/li>    <li>Cung c\u1ea5p ng\u00f4 s\u1eb5n s\u00e0ng \u0111\u1ec3 \u0103n cho si\u00eau th\u1ecb<\/li>    <li>X\u1eed l\u00fd s\u1ea3n ph\u1ea9m n\u00f4ng nghi\u1ec7p \u0111\u1ec3 xu\u1ea5t kh\u1ea9u<\/li> <\/ul>    <figure class=\"wp-block-gallery has-nested-images columns-default is-cropped wp-block-gallery-5 is-layout-flex wp-block-gallery-is-layout-flex\"> <figure class=\"wp-block-image size-large\"><img loading=\"lazy\" decoding=\"async\" width=\"720\" height=\"540\" data-id=\"1566\" src=\"https:\/\/corn-machines.com\/wp-content\/uploads\/2026\/04\/corn-with-the-husk.webp\" alt=\"Ng\u00f4 c\u00f3 v\u1ecf\" class=\"wp-image-1566\" srcset=\"https:\/\/corn-machines.com\/wp-content\/uploads\/2026\/04\/corn-with-the-husk.webp 720w, https:\/\/corn-machines.com\/wp-content\/uploads\/2026\/04\/corn-with-the-husk-300x225.webp 300w, https:\/\/corn-machines.com\/wp-content\/uploads\/2026\/04\/corn-with-the-husk-16x12.webp 16w\" sizes=\"auto, (max-width: 720px) 100vw, 720px\" \/><figcaption class=\"wp-element-caption\">Ng\u00f4 c\u00f3 v\u1ecf<\/figcaption><\/figure>    <figure class=\"wp-block-image size-large\"><img loading=\"lazy\" decoding=\"async\" width=\"720\" height=\"540\" data-id=\"1567\" src=\"https:\/\/corn-machines.com\/wp-content\/uploads\/2026\/04\/husked-corn.webp\" alt=\"Ng\u00f4 \u0111\u00e3 g\u1ecdt v\u1ecf\" class=\"wp-image-1567\" srcset=\"https:\/\/corn-machines.com\/wp-content\/uploads\/2026\/04\/husked-corn.webp 720w, https:\/\/corn-machines.com\/wp-content\/uploads\/2026\/04\/husked-corn-300x225.webp 300w, https:\/\/corn-machines.com\/wp-content\/uploads\/2026\/04\/husked-corn-16x12.webp 16w\" sizes=\"auto, (max-width: 720px) 100vw, 720px\" \/><figcaption class=\"wp-element-caption\">Ng\u00f4 \u0111\u00e3 g\u1ecdt v\u1ecf<\/figcaption><\/figure> <\/figure>    <h2 class=\"wp-block-heading\"><strong>L\u00e0m th\u1ebf n\u00e0o \u0111\u1ec3 ch\u1ecdn m\u00e1y g\u1ecdt v\u1ecf ng\u00f4?<\/strong><\/h2>    <p>N\u1ebfu \u01b0u ti\u00ean c\u1ee7a b\u1ea1n l\u00e0 v\u1ec1 ngo\u1ea1i h\u00ecnh c\u1ee7a s\u1ea3n ph\u1ea9m ho\u00e0n ch\u1ec9nh, c\u1eaft r\u1ec5 v\u00e0 \u0111\u1ea7u t\u1ef1 \u0111\u1ed9ng, lo\u1ea1i b\u1ecf l\u1ee5a hi\u1ec7u qu\u1ea3, v\u00e0 x\u1eed l\u00fd cao c\u1ea5p ng\u00f4 ng\u1ecdt t\u01b0\u01a1i, ch\u00fang t\u00f4i \u0111\u1ec1 xu\u1ea5t \u01b0u ti\u00ean m\u00e1y g\u1ecdt v\u1ecf ng\u00f4 t\u01b0\u01a1i lo\u1ea1i th\u1ed5i kh\u00ed.<\/p>    <p>Tuy nhi\u00ean, n\u1ebfu b\u1ea1n \u01b0u ti\u00ean chi ph\u00ed \u0111\u1ea7u t\u01b0 thi\u1ebft b\u1ecb, \u0111\u1ed9 \u1ed5n \u0111\u1ecbnh v\u1eadn h\u00e0nh, v\u00e0 d\u1ec5 b\u1ea3o tr\u00ec h\u00e0ng ng\u00e0y, m\u00e1y g\u1ecdt v\u1ecf ng\u00f4 lo\u1ea1i cao su s\u1ebd l\u00e0 l\u1ef1a ch\u1ecdn ph\u00f9 h\u1ee3p h\u01a1n.<\/p>    <h2 class=\"wp-block-heading\"><strong>Gi\u00e1 m\u00e1y g\u1ecdt v\u1ecf ng\u00f4 t\u01b0\u01a1i l\u00e0 bao nhi\u00eau?<\/strong><\/h2>    <p>Gi\u00e1 c\u1ee7a m\u00e1y g\u1ecdt v\u1ecf ng\u00f4 thay \u0111\u1ed5i t\u00f9y thu\u1ed9c v\u00e0o c\u00e1c y\u1ebfu t\u1ed1 nh\u01b0 c\u00f4ng su\u1ea5t, c\u1ea5u h\u00ecnh, m\u1ee9c \u0111\u1ed9 t\u1ef1 \u0111\u1ed9ng h\u00f3a, v\u00e0 y\u00eau c\u1ea7u v\u1eadt li\u1ec7u. C\u00e1c y\u1ebfu t\u1ed1 ch\u00ednh \u1ea3nh h\u01b0\u1edfng \u0111\u1ebfn gi\u00e1 bao g\u1ed3m:<\/p>    <ul class=\"wp-block-list\"> <li>C\u00f4ng su\u1ea5t s\u1ea3n xu\u1ea5t<\/li>    <li>Bao g\u1ed3m h\u1ec7 th\u1ed1ng th\u1ed5i kh\u00ed ho\u1eb7c b\u00ecnh ch\u1ee9a kh\u00ed<\/li>    <li>Y\u00eau c\u1ea7u v\u1ec1 v\u1eadt li\u1ec7u (th\u00e9p ti\u00eau chu\u1ea9n \/ th\u00e9p kh\u00f4ng g\u1ec9)<\/li>    <li>M\u1ee9c \u0111\u1ed9 t\u1ef1 \u0111\u1ed9ng h\u00f3a<\/li>    <li>Y\u00eau c\u1ea7u t\u00f9y ch\u1ec9nh<\/li>    <li>Kho\u1ea3ng c\u00e1ch v\u1eadn chuy\u1ec3n v\u00e0 ch\u00ednh s\u00e1ch v\u1eadn chuy\u1ec3n<\/li> <\/ul>   <div class=\"wp-block-image\"> <figure class=\"aligncenter size-full\"><img loading=\"lazy\" decoding=\"async\" width=\"720\" height=\"540\" src=\"https:\/\/corn-machines.com\/wp-content\/uploads\/2026\/04\/corn-husk-remover.webp\" alt=\"d\u1ee5ng c\u1ee5 g\u1ee1 b\u1ecf v\u1ecf b\u1eafp\" class=\"wp-image-1556\" srcset=\"https:\/\/corn-machines.com\/wp-content\/uploads\/2026\/04\/corn-husk-remover.webp 720w, https:\/\/corn-machines.com\/wp-content\/uploads\/2026\/04\/corn-husk-remover-300x225.webp 300w, https:\/\/corn-machines.com\/wp-content\/uploads\/2026\/04\/corn-husk-remover-16x12.webp 16w\" sizes=\"auto, (max-width: 720px) 100vw, 720px\" \/><figcaption class=\"wp-element-caption\">d\u1ee5ng c\u1ee5 g\u1ee1 b\u1ecf v\u1ecf b\u1eafp<\/figcaption><\/figure> <\/div>   <h2 class=\"wp-block-heading\"><strong>C\u00e2u h\u1ecfi th\u01b0\u1eddng g\u1eb7p v\u1ec1 m\u00e1y g\u1ecdt v\u1ecf ng\u00f4<\/strong><\/h2>   <div id=\"rank-math-faq\" class=\"rank-math-block\"> <div class=\"rank-math-list\"> <div id=\"faq-question-1776231304993\" class=\"rank-math-list-item\"> <h3 class=\"rank-math-question\">S\u1ef1 kh\u00e1c bi\u1ec7t gi\u1eefa m\u00e1y g\u1ecdt v\u1ecf ng\u00f4 th\u1ed5i kh\u00ed v\u00e0 cao su l\u00e0 g\u00ec?<\/h3> <div class=\"rank-math-answer\">  <p>Lo\u1ea1i th\u1ed5i kh\u00ed ch\u1ee7 y\u1ebfu d\u1ef1a v\u00e0o lu\u1ed3ng kh\u00ed \u0111\u1ec3 h\u1ed7 tr\u1ee3 lo\u1ea1i b\u1ecf l\u00e1; lo\u1ea1i cao su d\u1ef1a v\u00e0o ma s\u00e1t c\u01a1 h\u1ecdc.<\/p>  <\/div> <\/div> <div id=\"faq-question-1776231394007\" class=\"rank-math-list-item\"> <h3 class=\"rank-math-question\">Thi\u1ebft b\u1ecb c\u00f3 th\u1ec3 x\u1eed l\u00fd c\u00e1c lo\u1ea1i ng\u00f4 kh\u00e1c nhau kh\u00f4ng?<\/h3> <div class=\"rank-math-answer\">  <p>C\u00f3. M\u00e1y g\u1ecdt v\u1ecf ng\u00f4 c\u1ee7a ch\u00fang t\u00f4i ph\u00f9 h\u1ee3p v\u1edbi nhi\u1ec1u lo\u1ea1i ng\u00f4 \u0103n t\u01b0\u01a1i, nh\u01b0 ng\u00f4 ng\u1ecdt v\u00e0 ng\u00f4 waxy.<\/p>  <\/div> <\/div> <div id=\"faq-question-1776231440122\" class=\"rank-math-list-item\"> <h3 class=\"rank-math-question\">T\u1ef7 l\u1ec7 v\u1ee1 ng\u00f4 c\u00f3 cao kh\u00f4ng?<\/h3> <div class=\"rank-math-answer\">  <p>T\u1ef7 l\u1ec7 v\u1ee1 ng\u00f4 c\u1ee7a thi\u1ebft b\u1ecb th\u1ed5i kh\u00ed kho\u1ea3ng 1%.<\/p>  <\/div> <\/div> <div id=\"faq-question-1776231515312\" class=\"rank-math-list-item\"> <h3 class=\"rank-math-question\">M\u00e1y g\u1ecdt v\u1ecf ng\u00f4 h\u1ed7 tr\u1ee3 t\u00f9y ch\u1ec9nh kh\u00f4ng?<\/h3> <div class=\"rank-math-answer\">  <p>H\u1ed7 tr\u1ee3. \u0110i\u1ec7n \u00e1p, v\u1eadt li\u1ec7u, c\u00f4ng su\u1ea5t s\u1ea3n xu\u1ea5t, v\u00e0 c\u1ea5u h\u00ecnh d\u00e2y chuy\u1ec1n s\u1ea3n xu\u1ea5t c\u00f3 th\u1ec3 t\u00f9y ch\u1ec9nh theo y\u00eau c\u1ea7u c\u1ee7a kh\u00e1ch h\u00e0ng.<\/p>  <\/div> <\/div> <\/div> <\/div>   <h2 class=\"wp-block-heading\"><strong>Li\u00ean h\u1ec7 ngay!<\/strong><\/h2>    <p class=\"translation-block\">Ngo\u00e0i m\u00e1y g\u1ecdt v\u1ecf ng\u00f4, ch\u00fang t\u00f4i c\u00f2n cung c\u1ea5p nhi\u1ec1u thi\u1ebft b\u1ecb b\u1ed5 sung nh\u01b0 <a href=\"https:\/\/corn-machines.com\/vi\/product\/sweet-corn-cutter-machine\/\">m\u00e1y c\u1eaft ng\u00f4<\/a> v\u00e0 <a href=\"https:\/\/corn-machines.com\/vi\/product\/fresh-corn-thresher-sweet-corn-sheller\/\">m\u00e1y t\u00e1ch ng\u00f4 t\u01b0\u01a1i<\/a>. Ch\u00fang t\u00f4i c\u00f3 th\u1ec3 t\u00f9y ch\u1ec9nh d\u00e2y chuy\u1ec1n s\u1ea3n xu\u1ea5t ho\u00e0n ch\u1ec9nh ph\u00f9 h\u1ee3p v\u1edbi y\u00eau c\u1ea7u c\u00f4ng su\u1ea5t c\u1ee7a b\u1ea1n.<\/p>    <p>N\u1ebfu b\u1ea1n mu\u1ed1n c\u00f3 c\u00e1c \u0111\u1ec1 xu\u1ea5t chi ti\u1ebft h\u01a1n v\u1ec1 l\u1ef1a ch\u1ecdn thi\u1ebft b\u1ecb, gi\u1ea3i ph\u00e1p ph\u00f9 h\u1ee3p c\u00f4ng su\u1ea5t, ho\u1eb7c b\u00e1o gi\u00e1 m\u1edbi nh\u1ea5t, xin vui l\u00f2ng li\u00ean h\u1ec7 v\u1edbi ch\u00fang t\u00f4i b\u1ea5t c\u1ee9 l\u00fac n\u00e0o.<\/p>","protected":false},"excerpt":{"rendered":"<p>husking machines: the air-blowing type and the rubber-roller type. The air-blowing model boasts a processing capacity of up to 12,000 ears per hour, while the rubber-roller model processes approximately 7,000 ears per hour; both are suitable for use in fresh corn processing plants, frozen food enterprises, and agricultural product primary processing centers.<\/p>","protected":false},"author":1,"featured_media":1556,"parent":0,"template":"","tags":[42],"product-type":[95],"class_list":["post-1554","product","type-product","status-publish","has-post-thumbnail","hentry","tag-corn","product-type-corn-husking-machine"],"_links":{"self":[{"href":"https:\/\/corn-machines.com\/vi\/wp-json\/wp\/v2\/product\/1554","targetHints":{"allow":["GET"]}}],"collection":[{"href":"https:\/\/corn-machines.com\/vi\/wp-json\/wp\/v2\/product"}],"about":[{"href":"https:\/\/corn-machines.com\/vi\/wp-json\/wp\/v2\/types\/product"}],"author":[{"embeddable":true,"href":"https:\/\/corn-machines.com\/vi\/wp-json\/wp\/v2\/users\/1"}],"wp:featuredmedia":[{"embeddable":true,"href":"https:\/\/corn-machines.com\/vi\/wp-json\/wp\/v2\/media\/1556"}],"wp:attachment":[{"href":"https:\/\/corn-machines.com\/vi\/wp-json\/wp\/v2\/media?parent=1554"}],"wp:term":[{"taxonomy":"post_tag","embeddable":true,"href":"https:\/\/corn-machines.com\/vi\/wp-json\/wp\/v2\/tags?post=1554"},{"taxonomy":"product-type","embeddable":true,"href":"https:\/\/corn-machines.com\/vi\/wp-json\/wp\/v2\/product-type?post=1554"}],"curies":[{"name":"wp","href":"https:\/\/api.w.org\/{rel}","templated":true}]}}