{"id":1439,"date":"2026-01-05T14:04:55","date_gmt":"2026-01-05T06:04:55","guid":{"rendered":"https:\/\/corn-machines.com\/?post_type=product&#038;p=1439"},"modified":"2026-01-14T17:27:30","modified_gmt":"2026-01-14T09:27:30","slug":"corn-silage-harvesting-machine","status":"publish","type":"product","link":"https:\/\/corn-machines.com\/vi\/product\/corn-silage-harvesting-machine\/","title":{"rendered":"M\u00e1y thu ho\u1ea1ch c\u1ecf ng\u00f4"},"content":{"rendered":"<p class=\"translation-block\">Taizy <strong>m\u00e1y thu ho\u1ea1ch c\u1ecf ng\u00f4<\/strong> \u0111\u01b0\u1ee3c thi\u1ebft k\u1ebf \u0111\u1ec3 nghi\u1ec1n v\u00e0 thu gom th\u00e2n c\u00e2y ng\u00f4, th\u00e2n c\u00e2y sorgum, c\u1ecf forage v\u00e0 c\u00e1c lo\u1ea1i v\u1eadt li\u1ec7u silage kh\u00f4 v\u00e0 \u01b0\u1edbt kh\u00e1c th\u00e0nh c\u00e1c m\u1ea3nh nh\u1ecf h\u01a1n 80mm. Do \u0111\u00f3, n\u00f3 c\u00f2n \u0111\u01b0\u1ee3c g\u1ecdi l\u00e0 m\u00e1y nghi\u1ec1n v\u00e0 t\u00e1i ch\u1ebf r\u01a1m.<\/p>    <p>M\u00e1y thu ho\u1ea1ch c\u1ecf c\u1ea7n m\u1ed9t chi\u1ebfc m\u00e1y k\u00e9o c\u00f3 c\u00f4ng su\u1ea5t \u226570HP. N\u00f3 c\u00f3 chi\u1ec1u r\u1ed9ng l\u00e0m vi\u1ec7c t\u1eeb 1.3m, 1.5m, 1.65m, 1.8m, v\u00e0 2.0m, v\u1edbi t\u1ef7 l\u1ec7 t\u00e1i ch\u1ebf \u226580%. Chi\u1ec1u cao g\u1ed1c r\u1ea1 t\u1eeb 8 \u0111\u1ebfn 15cm, v\u00e0 hi\u1ec7u qu\u1ea3 l\u00e0m vi\u1ec7c l\u00e0 0.25-0.72 hecta m\u1ed7i gi\u1edd.<\/p>    <figure class=\"wp-block-embed is-type-video is-provider-youtube wp-block-embed-youtube wp-embed-aspect-16-9 wp-has-aspect-ratio\"><div class=\"wp-block-embed__wrapper\"> <iframe loading=\"lazy\" title=\"M\u00e1y thu ho\u1ea1ch th\u00e2n c\u00e2y ng\u00f4 \u2014 c\u00f4ng c\u1ee5 hi\u1ec7u qu\u1ea3 cao \u0111\u1ec3 nghi\u1ec1n v\u00e0 thu gom r\u01a1m l\u00faa\" width=\"500\" height=\"281\" src=\"https:\/\/www.youtube.com\/embed\/FsfkVTQVnME?feature=oembed\" frameborder=\"0\" allow=\"accelerometer; autoplay; clipboard-write; encrypted-media; gyroscope; picture-in-picture; web-share\" referrerpolicy=\"strict-origin-when-cross-origin\" allowfullscreen><\/iframe> <\/div><figcaption class=\"wp-element-caption\">Video c\u00f4ng vi\u1ec7c c\u1ee7a m\u00e1y nghi\u1ec1n v\u00e0 thu gom c\u1ecf ng\u00f4<\/figcaption><\/figure>    <h2 class=\"wp-block-heading\"><strong>\u0110i\u1ec3m n\u1ed5i b\u1eadt c\u1ee7a m\u00e1y thu ho\u1ea1ch c\u1ecf<\/strong><\/h2>    <ul class=\"wp-block-list\"> <li>M\u00e1y thu ho\u1ea1ch silage c\u1ee7a ch\u00fang t\u00f4i l\u00e0<strong> \u0111\u01b0\u1ee3c cung c\u1ea5p n\u0103ng l\u01b0\u1ee3ng b\u1edfi m\u00e1y k\u00e9o<\/strong>, lo\u1ea1i b\u1ecf nhu c\u1ea7u h\u1ec7 th\u1ed1ng n\u0103ng l\u01b0\u1ee3ng b\u1ed5 sung, ph\u00f9 h\u1ee3p v\u1edbi nhi\u1ec1u m\u00f4i tr\u01b0\u1eddng n\u00f4ng nghi\u1ec7p v\u00e0 v\u1eadn h\u00e0nh linh ho\u1ea1t.<\/li>    <li>M\u00e1y thu ho\u1ea1ch silage c\u1ee7a Taizy t\u00edch h\u1ee3p <strong>nghi\u1ec1n v\u00e0 thu gom r\u01a1m<\/strong>, thu gom tr\u1ef1c ti\u1ebfp silage nghi\u1ec1n v\u00e0o gi\u1ecf, n\u00e2ng cao hi\u1ec7u qu\u1ea3 v\u1eadn h\u00e0nh tr\u00ean \u0111\u1ed3ng ru\u1ed9ng.<\/li>    <li>M\u00e1y silage c\u1ee7a ch\u00fang t\u00f4i c\u00f3 th\u1ec3 ho\u1ea1t \u0111\u1ed9ng li\u00ean t\u1ee5c v\u1edbi hi\u1ec7u su\u1ea5t cao (<strong>0.25-0.72 hectares\/h<\/strong>), ph\u00f9 h\u1ee3p \u0111\u1ec3 s\u1eed d\u1ee5ng l\u00e2u d\u00e0i tr\u00ean c\u00e1c c\u00e1nh \u0111\u1ed3ng l\u1edbn.<\/li>    <li>Ch\u00fang t\u00f4i cung c\u1ea5p <strong>c\u00e1c lo\u1ea1i m\u00e1y thu ho\u1ea1ch c\u1ecf kh\u00e1c nhau<\/strong>, cho ph\u00e9p ng\u01b0\u1eddi d\u00f9ng l\u1ef1a ch\u1ecdn m\u00f4 h\u00ecnh ph\u00f9 h\u1ee3p d\u1ef1a tr\u00ean k\u00edch th\u01b0\u1edbc c\u00e1nh \u0111\u1ed3ng v\u00e0 hi\u1ec7u qu\u1ea3 v\u1eadn h\u00e0nh mong mu\u1ed1n \u0111\u1ec3 n\u00e2ng cao l\u1ee3i \u00edch v\u1eadn h\u00e0nh t\u1ed5ng th\u1ec3.<\/li>    <li>M\u00e1y nghi\u1ec1n v\u00e0 t\u00e1i ch\u1ebf r\u01a1m Taizy c\u00f3 th\u1ec3 \u0111\u01b0\u1ee3c trang b\u1ecb m\u1ed9t <strong>b\u1ed9 ph\u1eadn nghi\u1ec1n th\u1ee9 hai<\/strong> \u0111\u1ec3 \u0111\u1ea1t \u0111\u01b0\u1ee3c \u0111\u1ed9 nghi\u1ec1n r\u01a1m m\u1ecbn h\u01a1n, thu\u1eadn ti\u1ec7n cho vi\u1ec7c t\u00e1i ch\u1ebf v\u00e0 s\u1eed d\u1ee5ng r\u01a1m sau n\u00e0y.<\/li> <\/ul>    <figure class=\"wp-block-gallery has-nested-images columns-default is-cropped wp-block-gallery-2 is-layout-flex wp-block-gallery-is-layout-flex\"> <figure class=\"wp-block-image size-large\"><img loading=\"lazy\" decoding=\"async\" width=\"540\" height=\"720\" data-id=\"1440\" src=\"https:\/\/corn-machines.com\/wp-content\/uploads\/2026\/01\/corn-stalk-harvesting-machine.webp\" alt=\"m\u00e1y thu ho\u1ea1ch th\u00e2n c\u00e2y ng\u00f4\" class=\"wp-image-1440\" srcset=\"https:\/\/corn-machines.com\/wp-content\/uploads\/2026\/01\/corn-stalk-harvesting-machine.webp 540w, https:\/\/corn-machines.com\/wp-content\/uploads\/2026\/01\/corn-stalk-harvesting-machine-225x300.webp 225w, https:\/\/corn-machines.com\/wp-content\/uploads\/2026\/01\/corn-stalk-harvesting-machine-9x12.webp 9w\" sizes=\"auto, (max-width: 540px) 100vw, 540px\" \/><figcaption class=\"wp-element-caption\">m\u00e1y thu ho\u1ea1ch th\u00e2n c\u00e2y ng\u00f4<\/figcaption><\/figure>    <figure class=\"wp-block-image size-large\"><img loading=\"lazy\" decoding=\"async\" width=\"540\" height=\"720\" data-id=\"1441\" src=\"https:\/\/corn-machines.com\/wp-content\/uploads\/2026\/01\/forage-harvester.webp\" alt=\"m\u00e1y thu ho\u1ea1ch c\u1ecf\" class=\"wp-image-1441\" srcset=\"https:\/\/corn-machines.com\/wp-content\/uploads\/2026\/01\/forage-harvester.webp 540w, https:\/\/corn-machines.com\/wp-content\/uploads\/2026\/01\/forage-harvester-225x300.webp 225w, https:\/\/corn-machines.com\/wp-content\/uploads\/2026\/01\/forage-harvester-9x12.webp 9w\" sizes=\"auto, (max-width: 540px) 100vw, 540px\" \/><figcaption class=\"wp-element-caption\">m\u00e1y thu ho\u1ea1ch c\u1ecf<\/figcaption><\/figure> <\/figure>    <h2 class=\"wp-block-heading\"><strong>C\u1ea5u tr\u00fac c\u1ee7a m\u00e1y thu ho\u1ea1ch c\u1ecf<\/strong><\/h2>    <p>M\u00e1y thu ho\u1ea1ch c\u1ecf ng\u00f4 Taizy c\u00f3 c\u1ea5u tr\u00fac t\u1ed5ng th\u1ec3 \u0111\u01b0\u1ee3c thi\u1ebft k\u1ebf t\u1ed1t, ch\u1ee7 y\u1ebfu g\u1ed3m bu\u1ed3ng nghi\u1ec1n, thi\u1ebft b\u1ecb thu gom r\u01a1m nghi\u1ec1n, thi\u1ebft b\u1ecb x\u1ea3 t\u1ef1 \u0111\u1ed9ng th\u1ee7y l\u1ef1c, h\u1ec7 th\u1ed1ng th\u1ee7y l\u1ef1c v\u00e0 h\u1ec7 th\u1ed1ng truy\u1ec1n \u0111\u1ed9ng PTO.<\/p>   <div class=\"wp-block-image\"> <figure class=\"aligncenter size-full\"><img loading=\"lazy\" decoding=\"async\" width=\"720\" height=\"540\" src=\"https:\/\/corn-machines.com\/wp-content\/uploads\/2026\/01\/structure-of-straw-harvester-machine.webp\" alt=\"C\u1ea5u tr\u00fac c\u1ee7a m\u00e1y thu ho\u1ea1ch r\u01a1m\" class=\"wp-image-1442\" srcset=\"https:\/\/corn-machines.com\/wp-content\/uploads\/2026\/01\/structure-of-straw-harvester-machine.webp 720w, https:\/\/corn-machines.com\/wp-content\/uploads\/2026\/01\/structure-of-straw-harvester-machine-300x225.webp 300w, https:\/\/corn-machines.com\/wp-content\/uploads\/2026\/01\/structure-of-straw-harvester-machine-16x12.webp 16w\" sizes=\"auto, (max-width: 720px) 100vw, 720px\" \/><figcaption class=\"wp-element-caption\">C\u1ea5u tr\u00fac c\u1ee7a m\u00e1y thu ho\u1ea1ch r\u01a1m<\/figcaption><\/figure> <\/div>   <h2 class=\"wp-block-heading\"><strong>Nguy\u00ean l\u00fd ho\u1ea1t \u0111\u1ed9ng c\u1ee7a m\u00e1y thu ho\u1ea1ch c\u1ecf<\/strong><\/h2>    <p>M\u00e1y thu ho\u1ea1ch c\u1ecf ng\u00f4 s\u1eed d\u1ee5ng c\u00f4ng su\u1ea5t \u0111\u1ea7u ra c\u1ee7a tr\u1ee5c c\u00f4ng su\u1ea5t c\u1ee7a m\u00e1y k\u00e9o, v\u00e0 truy\u1ec1n c\u00f4ng su\u1ea5t \u0111\u1ebfn m\u00e1y t\u00e1i ch\u1ebf qua kh\u1edbp n\u1ed1i \u0111a n\u0103ng. M\u00e1y t\u00e1i ch\u1ebf s\u1eed d\u1ee5ng chuy\u1ec3n s\u1ed1 v\u00e0 truy\u1ec1n \u0111ai V \u0111\u1ec3 d\u1eabn \u0111\u1ed9ng tr\u1ee5c quay v\u1edbi t\u1ed1c \u0111\u1ed9 cao \u0111\u1ec3 c\u1eaft r\u01a1m.<\/p>    <h2 class=\"wp-block-heading\"><strong>\u1ee8ng d\u1ee5ng c\u1ee7a m\u00e1y thu ho\u1ea1ch c\u1ecf ng\u00f4<\/strong><\/h2>    <p>M\u00e1y thu ho\u1ea1ch c\u1ecf c\u1ee7a ch\u00fang t\u00f4i ph\u00f9 h\u1ee3p \u0111\u1ec3 thu ho\u1ea1ch v\u00e0 thu gom r\u01a1m c\u1ee7a c\u00e1c lo\u1ea1i c\u00e2y tr\u1ed3ng kh\u00e1c nhau, bao g\u1ed3m l\u00faa, ng\u00f4, sorgum, \u0111\u1eadu n\u00e0nh, b\u00f4ng, c\u1ea3i d\u1ea7u, v\u00e0 c\u1ea3 silage kh\u00f4 v\u00e0 \u01b0\u1edbt. N\u00f3 c\u00f3 th\u1ec3 \u0111\u00e1p \u1ee9ng nhu c\u1ea7u t\u00e1i ch\u1ebf r\u01a1m c\u1ee7a c\u00e1c v\u00f9ng v\u00e0 lo\u1ea1i c\u00e2y tr\u1ed3ng kh\u00e1c nhau.<\/p>   <div class=\"wp-block-image\"> <figure class=\"aligncenter size-full\"><img loading=\"lazy\" decoding=\"async\" width=\"720\" height=\"540\" src=\"https:\/\/corn-machines.com\/wp-content\/uploads\/2026\/01\/application-of-corn-sialge-harvester.webp\" alt=\"\u1ee9ng d\u1ee5ng c\u1ee7a m\u00e1y thu ho\u1ea1ch c\u1ecf ng\u00f4\" class=\"wp-image-1443\" srcset=\"https:\/\/corn-machines.com\/wp-content\/uploads\/2026\/01\/application-of-corn-sialge-harvester.webp 720w, https:\/\/corn-machines.com\/wp-content\/uploads\/2026\/01\/application-of-corn-sialge-harvester-300x225.webp 300w, https:\/\/corn-machines.com\/wp-content\/uploads\/2026\/01\/application-of-corn-sialge-harvester-16x12.webp 16w\" sizes=\"auto, (max-width: 720px) 100vw, 720px\" \/><figcaption class=\"wp-element-caption\">\u1ee9ng d\u1ee5ng c\u1ee7a m\u00e1y thu ho\u1ea1ch c\u1ecf ng\u00f4<\/figcaption><\/figure> <\/div>   <h2 class=\"wp-block-heading\"><strong>Th\u00f4ng s\u1ed1 k\u1ef9 thu\u1eadt c\u1ee7a m\u00e1y thu ho\u1ea1ch silage<\/strong><\/h2>    <p>B\u1ea3ng d\u01b0\u1edbi \u0111\u00e2y li\u1ec7t k\u00ea c\u00e1c th\u00f4ng s\u1ed1 k\u1ef9 thu\u1eadt ch\u00ednh c\u1ee7a m\u00e1y thu ho\u1ea1ch c\u1ecf ng\u00f4, \u0111\u1ec3 ng\u01b0\u1eddi d\u00f9ng tham kh\u1ea3o tr\u01b0\u1edbc khi l\u1ef1a ch\u1ecdn v\u00e0 s\u1eed d\u1ee5ng.<\/p>    <figure class=\"wp-block-table\"><table><tbody><tr><td>Ng\u01b0\u1eddi m\u1eabu<\/td><td>4JQH-135<\/td><td>4JQH-150<\/td><td>4JQH-165<\/td><td>4JQH-180<\/td><td>4JQH-200<\/td><\/tr><tr><td>M\u00e1y k\u00e9o<\/td><td>\u226570HP<\/td><td>\u226575HP<\/td><td>\u226590HP<\/td><td>\u2265100HP<\/td><td>\u2265110HP<\/td><\/tr><tr><td>K\u00edch th\u01b0\u1edbc<\/td><td>1500*1810*3350mm<\/td><td>1480*1980*3500mm<\/td><td>1480*2130*3500mm<\/td><td>1480*2280*3500mm<\/td><td>1680*2460*3350mm<\/td><\/tr><tr><td>C\u00e2n n\u1eb7ng<\/td><td>640kg<\/td><td>700kg<\/td><td>790kg<\/td><td>980kg<\/td><td>1000kg<\/td><\/tr><tr><td>Chi\u1ec1u r\u1ed9ng thu ho\u1ea1ch<\/td><td>1.3m<\/td><td>1.5m<\/td><td>1.65m<\/td><td>1.8m<\/td><td>2.0m<\/td><\/tr><tr><td>T\u1ef7 l\u1ec7 t\u00e1i ch\u1ebf<\/td><td>\u226580%<\/td><td>\u226580%<\/td><td>\u226580%<\/td><td>\u226580%<\/td><td>\u226580%<\/td><\/tr><tr><td>Kho\u1ea3ng c\u00e1ch qu\u0103ng<\/td><td>3-5m<\/td><td>3-5m<\/td><td>3-5m<\/td><td>3-5m<\/td><td>3-5m<\/td><\/tr><tr><td>Chi\u1ec1u cao qu\u0103ng<\/td><td>\u22652m<\/td><td>\u22652m<\/td><td>\u22652m<\/td><td>\u22652m<\/td><td>\u22652m<\/td><\/tr><tr><td>Chi\u1ec1u d\u00e0i r\u01a1m nghi\u1ec1n<\/td><td>&lt;8cm<\/td><td>&lt;8cm<\/td><td>&lt;8cm<\/td><td>&lt;8cm<\/td><td>&lt;8cm<\/td><\/tr><tr><td>Chi\u1ec1u cao g\u1ed1c r\u1ea1<\/td><td>8-15cm<\/td><td>8-15cm<\/td><td>8-15cm<\/td><td>8-15cm<\/td><td>8-15cm<\/td><\/tr><tr><td>L\u01b0\u1ee1i dao quay<\/td><td>32<\/td><td>40<\/td><td>44<\/td><td>48<\/td><td>52<\/td><\/tr><tr><td>T\u1ed1c \u0111\u1ed9 tr\u1ee5c c\u1eaft<\/td><td>2160r\/ph\u00fat<\/td><td>2160r\/ph\u00fat<\/td><td>2160r\/ph\u00fat<\/td><td>2160r\/ph\u00fat<\/td><td>2160r\/ph\u00fat<\/td><\/tr><tr><td>T\u1ed1c \u0111\u1ed9 l\u00e0m vi\u1ec7c<\/td><td>2-4km\/h<\/td><td>3-4km\/h<\/td><td>3-4km\/h<\/td><td>3-4km\/h<\/td><td>3-4km\/h<\/td><\/tr><tr><td>Dung t\u00edch<\/td><td>0.25-0.48hectares\/h<\/td><td>0.3-0.5hectares\/h<\/td><td>0.32-0.55hectares\/h<\/td><td>0.36-0.6hectares\/h<\/td><td>0.36-0.72hectares\/h<\/td><\/tr><\/tbody><\/table><figcaption class=\"wp-element-caption\">th\u00f4ng s\u1ed1 c\u1ee7a m\u00e1y thu ho\u1ea1ch silage<\/figcaption><\/figure>    <h2 class=\"wp-block-heading\"><strong>T\u00f9y ch\u1ecdn t\u00f9y ch\u1ec9nh cho m\u00e1y thu ho\u1ea1ch c\u1ecf<\/strong><\/h2>    <p class=\"translation-block\"><strong>Gi\u1ecf thu gom<\/strong><\/p>    <p>Kh\u00e1ch h\u00e0ng c\u00f3 th\u1ec3 ch\u1ecdn c\u00f3 ho\u1eb7c kh\u00f4ng trang b\u1ecb th\u00f9ng ch\u1ee9a d\u1ef1a tr\u00ean nhu c\u1ea7u c\u1ee7a h\u1ecd. C\u00e1c container l\u01b0u tr\u1eef c\u1ee7a ch\u00fang t\u00f4i c\u00f3 dung t\u00edch 3m\u00b3 v\u00e0 c\u00f3 th\u1ec3 ch\u1ee9a 1000 kg v\u1eadt li\u1ec7u, v\u00e0 c\u00f3 th\u1ec3 t\u00f9y ch\u1ec9nh theo y\u00eau c\u1ea7u c\u1ee7a kh\u00e1ch h\u00e0ng.<\/p>    <figure class=\"wp-block-gallery has-nested-images columns-default is-cropped wp-block-gallery-3 is-layout-flex wp-block-gallery-is-layout-flex\"> <figure class=\"wp-block-image size-full\"><img loading=\"lazy\" decoding=\"async\" width=\"720\" height=\"540\" data-id=\"1446\" src=\"https:\/\/corn-machines.com\/wp-content\/uploads\/2026\/01\/07F9281960BEFF8C385DE324899E7E8F-tuya_\u7ed3\u679c.webp\" alt=\"m\u00e1y thu ho\u1ea1ch silage kh\u00f4ng c\u00f3 gi\u1ecf\" class=\"wp-image-1446\" srcset=\"https:\/\/corn-machines.com\/wp-content\/uploads\/2026\/01\/07F9281960BEFF8C385DE324899E7E8F-tuya_\u7ed3\u679c.webp 720w, https:\/\/corn-machines.com\/wp-content\/uploads\/2026\/01\/07F9281960BEFF8C385DE324899E7E8F-tuya_\u7ed3\u679c-300x225.webp 300w, https:\/\/corn-machines.com\/wp-content\/uploads\/2026\/01\/07F9281960BEFF8C385DE324899E7E8F-tuya_\u7ed3\u679c-16x12.webp 16w\" sizes=\"auto, (max-width: 720px) 100vw, 720px\" \/><figcaption class=\"wp-element-caption\">m\u00e1y thu ho\u1ea1ch silage kh\u00f4ng c\u00f3 gi\u1ecf<\/figcaption><\/figure>    <figure class=\"wp-block-image size-large\"><img loading=\"lazy\" decoding=\"async\" width=\"720\" height=\"540\" data-id=\"1445\" src=\"https:\/\/corn-machines.com\/wp-content\/uploads\/2026\/01\/corn-silage-cruhsing-and-collecting-machine.webp\" alt=\"m\u00e1y thu ho\u1ea1ch c\u1ecf ng\u00f4 trang b\u1ecb gi\u1ecf\" class=\"wp-image-1445\" srcset=\"https:\/\/corn-machines.com\/wp-content\/uploads\/2026\/01\/corn-silage-cruhsing-and-collecting-machine.webp 720w, https:\/\/corn-machines.com\/wp-content\/uploads\/2026\/01\/corn-silage-cruhsing-and-collecting-machine-300x225.webp 300w, https:\/\/corn-machines.com\/wp-content\/uploads\/2026\/01\/corn-silage-cruhsing-and-collecting-machine-16x12.webp 16w\" sizes=\"auto, (max-width: 720px) 100vw, 720px\" \/><figcaption class=\"wp-element-caption\">m\u00e1y thu ho\u1ea1ch c\u1ecf ng\u00f4 trang b\u1ecb gi\u1ecf<\/figcaption><\/figure> <\/figure>    <p class=\"translation-block\"><strong>2. B\u00e1nh xe l\u1edbn<\/strong><\/p>    <p>Th\u00f4ng th\u01b0\u1eddng, m\u00e1y thu ho\u1ea1ch silage kh\u00f4ng c\u00f3 b\u00e1nh xe. Tuy nhi\u00ean, n\u1ebfu b\u1ea1n mu\u1ed1n r\u01a1m m\u1ecdc l\u1ea1i, ch\u00fang t\u00f4i c\u00f3 th\u1ec3 trang b\u1ecb cho m\u00e1y nghi\u1ec1n v\u00e0 thu gom silage c\u1ee7a b\u1ea1n v\u1edbi l\u1ed1p ph\u00f9 h\u1ee3p \u0111\u1ec3 duy tr\u00ec chi\u1ec1u cao c\u1eaft \u1edf m\u1ee9c ph\u00f9 h\u1ee3p.<\/p>    <figure class=\"wp-block-gallery has-nested-images columns-default is-cropped wp-block-gallery-4 is-layout-flex wp-block-gallery-is-layout-flex\"> <figure class=\"wp-block-image size-large\"><img loading=\"lazy\" decoding=\"async\" width=\"720\" height=\"540\" data-id=\"1447\" src=\"https:\/\/corn-machines.com\/wp-content\/uploads\/2026\/01\/forage-harvesting-machine-equiped-with-wheels.webp\" alt=\"m\u00e1y thu ho\u1ea1ch c\u1ecf trang b\u1ecb b\u00e1nh xe\" class=\"wp-image-1447\" srcset=\"https:\/\/corn-machines.com\/wp-content\/uploads\/2026\/01\/forage-harvesting-machine-equiped-with-wheels.webp 720w, https:\/\/corn-machines.com\/wp-content\/uploads\/2026\/01\/forage-harvesting-machine-equiped-with-wheels-300x225.webp 300w, https:\/\/corn-machines.com\/wp-content\/uploads\/2026\/01\/forage-harvesting-machine-equiped-with-wheels-16x12.webp 16w\" sizes=\"auto, (max-width: 720px) 100vw, 720px\" \/><figcaption class=\"wp-element-caption\">m\u00e1y thu ho\u1ea1ch c\u1ecf trang b\u1ecb b\u00e1nh xe<\/figcaption><\/figure>    <figure class=\"wp-block-image size-large\"><img loading=\"lazy\" decoding=\"async\" width=\"720\" height=\"540\" data-id=\"1448\" src=\"https:\/\/corn-machines.com\/wp-content\/uploads\/2026\/01\/wheels-of-corn-stalk-harvester-machine.webp\" alt=\"b\u00e1nh xe c\u1ee7a m\u00e1y thu ho\u1ea1ch th\u00e2n c\u00e2y ng\u00f4\" class=\"wp-image-1448\" srcset=\"https:\/\/corn-machines.com\/wp-content\/uploads\/2026\/01\/wheels-of-corn-stalk-harvester-machine.webp 720w, https:\/\/corn-machines.com\/wp-content\/uploads\/2026\/01\/wheels-of-corn-stalk-harvester-machine-300x225.webp 300w, https:\/\/corn-machines.com\/wp-content\/uploads\/2026\/01\/wheels-of-corn-stalk-harvester-machine-16x12.webp 16w\" sizes=\"auto, (max-width: 720px) 100vw, 720px\" \/><figcaption class=\"wp-element-caption\">b\u00e1nh xe c\u1ee7a m\u00e1y thu ho\u1ea1ch th\u00e2n c\u00e2y ng\u00f4<\/figcaption><\/figure> <\/figure>    <p class=\"translation-block\"><strong>Ph\u1ea7n nghi\u1ec1n ph\u1ee5 th\u1ee9 hai<\/strong><\/p>    <p>Ch\u00fang t\u00f4i c\u0169ng c\u00f3 th\u1ec3 th\u00eam m\u1ed9t thi\u1ebft b\u1ecb nghi\u1ec1n ph\u1ee5 theo y\u00eau c\u1ea7u c\u1ee7a kh\u00e1ch h\u00e0ng. Ch\u1ee9c n\u0103ng nghi\u1ec1n ph\u1ee5 cho ph\u00e9p r\u01a1m \u0111\u01b0\u1ee3c nghi\u1ec1n th\u00e0nh c\u00e1c m\u1ea3nh nh\u1ecf h\u01a1n, thu\u1eadn ti\u1ec7n cho vi\u1ec7c t\u00e1i ch\u1ebf v\u00e0 s\u1eed d\u1ee5ng sau n\u00e0y, nh\u01b0 trong ch\u1ebf bi\u1ebfn th\u1ee9c \u0103n ho\u1eb7c x\u1eed l\u00fd sinh kh\u1ed1i.<\/p>   <div class=\"wp-block-image\"> <figure class=\"aligncenter size-full\"><img loading=\"lazy\" decoding=\"async\" width=\"720\" height=\"540\" src=\"https:\/\/corn-machines.com\/wp-content\/uploads\/2026\/01\/second-crusshing-part-of-silage-harvesting-machine.webp\" alt=\"b\u1ed9 nghi\u1ec1n ph\u1ee5 c\u1ee7a m\u00e1y thu ho\u1ea1ch silage\" class=\"wp-image-1449\" srcset=\"https:\/\/corn-machines.com\/wp-content\/uploads\/2026\/01\/second-crusshing-part-of-silage-harvesting-machine.webp 720w, https:\/\/corn-machines.com\/wp-content\/uploads\/2026\/01\/second-crusshing-part-of-silage-harvesting-machine-300x225.webp 300w, https:\/\/corn-machines.com\/wp-content\/uploads\/2026\/01\/second-crusshing-part-of-silage-harvesting-machine-16x12.webp 16w\" sizes=\"auto, (max-width: 720px) 100vw, 720px\" \/><figcaption class=\"wp-element-caption\">b\u1ed9 nghi\u1ec1n ph\u1ee5 c\u1ee7a m\u00e1y thu ho\u1ea1ch silage<\/figcaption><\/figure> <\/div>   <h2 class=\"wp-block-heading\"><strong>Gi\u00e1 m\u00e1y thu ho\u1ea1ch r\u01a1m ng\u00f4<\/strong><\/h2>    <p>Gi\u00e1 c\u1ee7a m\u00e1y thu ho\u1ea1ch silage ng\u00f4 \u0111\u01b0\u1ee3c x\u00e1c \u0111\u1ecbnh b\u1edfi nhi\u1ec1u y\u1ebfu t\u1ed1, ch\u1ee7 y\u1ebfu bao g\u1ed3m:<\/p>    <ol class=\"wp-block-list\"> <li><strong>Hi\u1ec7u qu\u1ea3 l\u00e0m vi\u1ec7c<\/strong>: C\u00e1c c\u1ea5u tr\u00fac nghi\u1ec1n t\u1ed1c \u0111\u1ed9 cao v\u00e0 h\u1ec7 th\u1ed1ng truy\u1ec1n t\u1ea3i gia c\u1ed1 \u0111\u01b0\u1ee3c c\u1ea5u h\u00ecnh \u0111\u1ec3 v\u1eadn h\u00e0nh hi\u1ec7u qu\u1ea3 s\u1ebd \u1ea3nh h\u01b0\u1edfng \u0111\u1ebfn gi\u00e1 t\u1ed5ng th\u1ec3 c\u1ee7a m\u00e1y.<\/li>    <li><strong>C\u1ea5p \u0111\u1ed9 c\u1ea5u h\u00ecnh<\/strong>: C\u00e1c c\u1ea5u h\u00ecnh kh\u00e1c nhau, nh\u01b0 c\u00f3 bao g\u1ed3m thi\u1ebft b\u1ecb x\u1ea3 t\u1ef1 \u0111\u1ed9ng th\u1ee7y l\u1ef1c ho\u1eb7c b\u1ed9 nghi\u1ec1n ph\u1ee5, s\u1ebd d\u1eabn \u0111\u1ebfn chi ph\u00ed kh\u00e1c nhau.<\/li>    <li><strong>Ph\u00f9 h\u1ee3p c\u00f4ng su\u1ea5t<\/strong>: C\u00e1c y\u00eau c\u1ea7u v\u1ec1 c\u00f4ng su\u1ea5t m\u00e1y k\u00e9o kh\u00e1c nhau s\u1ebd \u0111\u1eb7t ra c\u00e1c y\u00eau c\u1ea7u kh\u00e1c nhau \u0111\u1ed1i v\u1edbi h\u1ec7 th\u1ed1ng truy\u1ec1n \u0111\u1ed9ng v\u00e0 c\u1ea5u tr\u00fac t\u1ed5ng th\u1ec3.<\/li>    <li><strong>Y\u00eau c\u1ea7u t\u00f9y ch\u1ec9nh<\/strong>: C\u00e1c c\u1ea5u h\u00ecnh c\u00e1 nh\u00e2n d\u1ef1a tr\u00ean c\u00e1c \u0111i\u1ec1u ki\u1ec7n v\u1eadn h\u00e0nh kh\u00e1c nhau s\u1ebd \u1ea3nh h\u01b0\u1edfng \u0111\u1ebfn gi\u00e1 cu\u1ed1i c\u00f9ng \u1edf m\u1ee9c \u0111\u1ed9 nh\u1ea5t \u0111\u1ecbnh.<\/li> <\/ol>   <div class=\"wp-block-image\"> <figure class=\"aligncenter size-full\"><img loading=\"lazy\" decoding=\"async\" width=\"720\" height=\"540\" src=\"https:\/\/corn-machines.com\/wp-content\/uploads\/2026\/01\/corn-silage-harvesting-machine.webp\" alt=\"m\u00e1y g\u00e1p b\u1eafp \u1ee7 r\u00e3\" class=\"wp-image-1450\" srcset=\"https:\/\/corn-machines.com\/wp-content\/uploads\/2026\/01\/corn-silage-harvesting-machine.webp 720w, https:\/\/corn-machines.com\/wp-content\/uploads\/2026\/01\/corn-silage-harvesting-machine-300x225.webp 300w, https:\/\/corn-machines.com\/wp-content\/uploads\/2026\/01\/corn-silage-harvesting-machine-16x12.webp 16w\" sizes=\"auto, (max-width: 720px) 100vw, 720px\" \/><figcaption class=\"wp-element-caption\">m\u00e1y g\u00e1p b\u1eafp \u1ee7 r\u00e3<\/figcaption><\/figure> <\/div>   <h2 class=\"wp-block-heading\"><strong>C\u00e2u h\u1ecfi th\u01b0\u1eddng g\u1eb7p v\u1ec1 m\u00e1y nghi\u1ec1n v\u00e0 thu gom silage<\/strong><\/h2>   <div id=\"rank-math-faq\" class=\"rank-math-block\"> <div class=\"rank-math-list\"> <div id=\"faq-question-1767581261527\" class=\"rank-math-list-item\"> <h3 class=\"rank-math-question\">Ch\u1ee9c n\u0103ng c\u1ee7a m\u00e1y l\u00e0 g\u00ec?<\/h3> <div class=\"rank-math-answer\">  <p>Ch\u1ee9c n\u0103ng nghi\u1ec1n v\u00e0 t\u00e1i ch\u1ebf r\u01a1m.<\/p>  <\/div> <\/div> <div id=\"faq-question-1767581303237\" class=\"rank-math-list-item\"> <h3 class=\"rank-math-question\">T\u00f4i c\u00f3 th\u1ec3 mua ph\u1ea7n nghi\u1ec1n ri\u00eang kh\u00f4ng?<\/h3> <div class=\"rank-math-answer\">  <p>V\u00e2ng, v\u00e0 gi\u00e1 c\u1ea3 c\u0169ng s\u1ebd r\u1ebb h\u01a1n.<\/p>  <\/div> <\/div> <div id=\"faq-question-1767581453551\" class=\"rank-math-list-item\"> <h3 class=\"rank-math-question\">What is the typical lifting height of the machine&#8217;s hopper?<\/h3> <div class=\"rank-math-answer\">  <p>cao h\u01a1n m\u1eb7t \u0111\u1ea5t 3.5 m\u00e9t.<\/p>  <\/div> <\/div> <div id=\"faq-question-1767581514164\" class=\"rank-math-list-item\"> <h3 class=\"rank-math-question\">N\u00f3 c\u00f3 th\u1ec3 x\u1eed l\u00fd r\u01a1m kh\u00f4 kh\u00f4ng?<\/h3> <div class=\"rank-math-answer\">  <p>V\u00e2ng, n\u00f3 c\u00f3 th\u1ec3 \u0111\u01b0\u1ee3c s\u1eed d\u1ee5ng cho c\u1ea3 \u1ee9ng d\u1ee5ng \u01b0\u1edbt v\u00e0 kh\u00f4.<\/p>  <\/div> <\/div> <div id=\"faq-question-1767581556091\" class=\"rank-math-list-item\"> <h3 class=\"rank-math-question\">Chi\u1ec1u cao c\u1ee7a g\u1ed1c r\u1ea1 c\u00f2n l\u1ea1i sau khi nghi\u1ec1n l\u00e0 bao nhi\u00eau?<\/h3> <div class=\"rank-math-answer\">  <p>8-15 cm (c\u00f3 th\u1ec3 \u0111i\u1ec1u ch\u1ec9nh theo y\u00eau c\u1ea7u).<\/p>  <\/div> <\/div> <\/div> <\/div>   <h2 class=\"wp-block-heading\"><strong>Li\u00ean h\u1ec7 v\u1edbi ch\u00fang t\u00f4i \u0111\u1ec3 c\u00f3 gi\u1ea3i ph\u00e1p x\u1eed l\u00fd silage!<\/strong><\/h2>    <p class=\"translation-block\">Ngo\u00e0i m\u00e1y thu ho\u1ea1ch c\u1ecf ng\u00f4, ch\u00fang t\u00f4i c\u00f2n cung c\u1ea5p m\u00e1y \u00e9p silage hi\u1ec7u qu\u1ea3 cao <a href=\"https:\/\/corn-machines.com\/vi\/product\/automatic-silage-baler-machine\/\">m\u00e1y \u0111\u00f3ng r\u01a1m<\/a> c\u00f3 th\u1ec3 s\u1eed d\u1ee5ng c\u00f9ng v\u1edbi n\u00f3, cho ph\u00e9p ho\u1ea1t \u0111\u1ed9ng t\u00edch h\u1ee3p nghi\u1ec1n, thu gom, \u0111\u00f3ng r\u01a1m v\u00e0 qu\u1ea5n b\u1ecdc silage. N\u1ebfu b\u1ea1n c\u00f3 nhu c\u1ea7u, vui l\u00f2ng li\u00ean h\u1ec7 \u0111\u1ec3 \u0111\u01b0\u1ee3c t\u01b0 v\u1ea5n gi\u1ea3i ph\u00e1p x\u1eed l\u00fd silage t\u00f9y ch\u1ec9nh.<\/p>","protected":false},"excerpt":{"rendered":"<p>Taizy corn silage harvesting machine is designed to crush and collect corn stalks, sorghum stalks, forage grass, and various dry and wet silage materials into pieces smaller than 80mm.  Its recycling rate is \u226580% and working efficiency is 0.25-0.72 hectares\/h.<\/p>","protected":false},"author":1,"featured_media":1451,"parent":0,"template":"","tags":[81,82],"product-type":[86],"class_list":["post-1439","product","type-product","status-publish","has-post-thumbnail","hentry","tag-corn-silage","tag-silage","product-type-corn-silage-processing-machine"],"_links":{"self":[{"href":"https:\/\/corn-machines.com\/vi\/wp-json\/wp\/v2\/product\/1439","targetHints":{"allow":["GET"]}}],"collection":[{"href":"https:\/\/corn-machines.com\/vi\/wp-json\/wp\/v2\/product"}],"about":[{"href":"https:\/\/corn-machines.com\/vi\/wp-json\/wp\/v2\/types\/product"}],"author":[{"embeddable":true,"href":"https:\/\/corn-machines.com\/vi\/wp-json\/wp\/v2\/users\/1"}],"wp:featuredmedia":[{"embeddable":true,"href":"https:\/\/corn-machines.com\/vi\/wp-json\/wp\/v2\/media\/1451"}],"wp:attachment":[{"href":"https:\/\/corn-machines.com\/vi\/wp-json\/wp\/v2\/media?parent=1439"}],"wp:term":[{"taxonomy":"post_tag","embeddable":true,"href":"https:\/\/corn-machines.com\/vi\/wp-json\/wp\/v2\/tags?post=1439"},{"taxonomy":"product-type","embeddable":true,"href":"https:\/\/corn-machines.com\/vi\/wp-json\/wp\/v2\/product-type?post=1439"}],"curies":[{"name":"wp","href":"https:\/\/api.w.org\/{rel}","templated":true}]}}