{"id":1378,"date":"2025-12-04T15:36:00","date_gmt":"2025-12-04T07:36:00","guid":{"rendered":"https:\/\/corn-machines.com\/?post_type=product&#038;p=1378"},"modified":"2025-12-05T09:43:09","modified_gmt":"2025-12-05T01:43:09","slug":"multifunctional-corn-sheller","status":"publish","type":"product","link":"https:\/\/corn-machines.com\/vi\/product\/multifunctional-corn-sheller\/","title":{"rendered":"M\u00e1y t\u00e1ch ng\u00f4 \u0111a ch\u1ee9c n\u0103ng cho ng\u0169 c\u1ed1c"},"content":{"rendered":"<p class=\"translation-block\">Taizy <strong>m\u00e1y t\u00e1ch ng\u00f4 \u0111a ch\u1ee9c n\u0103ng<\/strong> l\u00e0 thi\u1ebft b\u1ecb t\u00e1ch h\u1ea1t t\u00edch h\u1ee3p t\u00e1ch, s\u00e0ng, v\u00e0 s\u00e0ng l\u1ecdc. N\u00f3 ph\u00f9 h\u1ee3p cho nhi\u1ec1u lo\u1ea1i h\u1ea1t nh\u01b0 ng\u00f4, l\u00faa m\u00ec, g\u1ea1o, th\u1ed1t n\u1ed1t, v\u00e0 \u0111\u1eadu n\u00e0nh. M\u00e1y t\u00e1ch ng\u00f4 c\u00f3 th\u1ec3 \u0111\u1ea1t c\u00f4ng su\u1ea5t 1000 kg\/h, t\u1ef7 l\u1ec7 t\u00e1ch \u226599%, v\u00e0 t\u1ef7 l\u1ec7 h\u01b0 h\u1ecfng \u22640.5%.<\/p>    <p>M\u00e1y t\u00e1ch h\u1ea1t c\u00f3 th\u1ec3 ho\u1ea1t \u0111\u1ed9ng b\u1eb1ng \u0111\u1ed9ng c\u01a1 \u0111i\u1ec7n ho\u1eb7c diesel, \u0111\u01b0\u1ee3c trang b\u1ecb b\u00e1nh xe l\u1edbn tr\u00ean gi\u00e1 k\u00e9o, cho ph\u00e9p di chuy\u1ec3n linh ho\u1ea1t gi\u1eefa c\u00e1c \u0111\u1ecba \u0111i\u1ec3m l\u00e0m vi\u1ec7c kh\u00e1c nhau.<\/p>    <h2 class=\"wp-block-heading\"><strong>\u01afu \u0111i\u1ec3m c\u1ee7a m\u00e1y t\u00e1ch ng\u00f4 \u0111a ch\u1ee9c n\u0103ng<\/strong><\/h2>    <ul class=\"wp-block-list\"> <li>M\u00e1y t\u00e1ch ng\u00f4 \u0111a ch\u1ee9c n\u0103ng c\u1ee7a ch\u00fang t\u00f4i <strong>c\u00f3 th\u1ec3 x\u1eed l\u00fd nhi\u1ec1u lo\u1ea1i h\u1ea1t kh\u00e1c nhau<\/strong> such as corn, wheat, rice, sorghum, and soybeans, meeting farmers&#8217; threshing needs for different crops throughout the year.<\/li>    <li>M\u00e1y xay l\u00faa s\u1eed d\u1ee5ng quy tr\u00ecnh t\u00edch h\u1ee3p, t\u00e1ch h\u1ea1t kh\u1ecfi r\u01a1m, c\u00e1m, v\u00e0 t\u1ea1p ch\u1ea5t n\u1eb7ng trong m\u1ed9t l\u1ea7n, <strong>ti\u1ebft ki\u1ec7m th\u1eddi gian v\u00e0 c\u00f4ng lao \u0111\u1ed9ng<\/strong>.<\/li>    <li>M\u1ed9t qu\u1ea1t c\u00f4ng su\u1ea5t cao k\u1ebft h\u1ee3p v\u1edbi m\u00e0n h\u00ecnh rung ch\u00ednh x\u00e1c lo\u1ea1i b\u1ecf hi\u1ec7u qu\u1ea3 c\u1ea3 t\u1ea1p ch\u1ea5t nh\u1eb9 v\u00e0 n\u1eb7ng, <strong>\u0111\u1ea3m b\u1ea3o h\u1ea1t s\u1ea1ch h\u01a1n v\u00e0 s\u1ea3n ph\u1ea9m ho\u00e0n thi\u1ec7n ch\u1ea5t l\u01b0\u1ee3ng cao h\u01a1n<\/strong>.<\/li>    <li>M\u00e1y xay ng\u00f4 \u0111a ch\u1ee9c n\u0103ng c\u1ee7a Taizy c\u00f3 th\u1ec3 \u0111\u01b0\u1ee3c trang b\u1ecb<strong> \u0111\u1ed9ng c\u01a1 \u0111i\u1ec7n ho\u1eb7c \u0111\u1ed9ng c\u01a1 diesel<\/strong>, ph\u00f9 h\u1ee3p v\u1edbi c\u00e1c \u0111i\u1ec1u ki\u1ec7n c\u00f4ng su\u1ea5t kh\u00e1c nhau v\u00e0 m\u00f4i tr\u01b0\u1eddng ho\u1ea1t \u0111\u1ed9ng ngo\u00e0i tr\u1eddi.<\/li>    <li>N\u00f3 c\u00f3 khung k\u00e9o v\u00e0 b\u00e1nh xe l\u1edbn, cho ph\u00e9p <strong>d\u1ec5 d\u00e0ng di chuy\u1ec3n qua c\u00e1c \u0111\u1ecba h\u00ecnh kh\u00e1c nhau<\/strong> v\u00e0 c\u1ea3i thi\u1ec7n t\u00ednh linh ho\u1ea1t v\u1eadn h\u00e0nh.<\/li>    <li>M\u00e1y t\u00e1ch h\u1ea1t c\u1ee7a ch\u00fang t\u00f4i ho\u1ea1t \u0111\u1ed9ng tr\u01a1n tru v\u00e0 \u0111\u00e1ng tin c\u1eady, c\u00f3 th\u1ec3 ho\u1ea1t \u0111\u1ed9ng li\u00ean t\u1ee5c trong th\u1eddi gian d\u00e0i, v\u00e0 \u0111\u1ea1t \u0111\u01b0\u1ee3c m\u1ed9t <strong>Hi\u1ec7u qu\u1ea3 t\u00e1ch l\u00ean t\u1edbi 1000 kg\/h<\/strong>.<\/li> <\/ul>   <div class=\"wp-block-image\"> <figure class=\"aligncenter size-full\"><img loading=\"lazy\" decoding=\"async\" width=\"720\" height=\"540\" src=\"https:\/\/corn-machines.com\/wp-content\/uploads\/2025\/12\/multifunctional-corn-sheller.webp\" alt=\"m\u00e1y tu\u1ed1t ng\u00f4 v\u00e0 m\u1ec5 \u0111a ch\u1ee9c n\u0103ng\" class=\"wp-image-1379\" srcset=\"https:\/\/corn-machines.com\/wp-content\/uploads\/2025\/12\/multifunctional-corn-sheller.webp 720w, https:\/\/corn-machines.com\/wp-content\/uploads\/2025\/12\/multifunctional-corn-sheller-300x225.webp 300w, https:\/\/corn-machines.com\/wp-content\/uploads\/2025\/12\/multifunctional-corn-sheller-16x12.webp 16w\" sizes=\"auto, (max-width: 720px) 100vw, 720px\" \/><figcaption class=\"wp-element-caption\">m\u00e1y tu\u1ed1t ng\u00f4 v\u00e0 m\u1ec5 \u0111a ch\u1ee9c n\u0103ng<\/figcaption><\/figure> <\/div>   <h2 class=\"wp-block-heading\"><strong>S\u1eed d\u1ee5ng m\u00e1y t\u00e1ch h\u1ea1t<\/strong><\/h2>    <p>M\u00e1y t\u00e1ch ng\u00f4 \u0111a ch\u1ee9c n\u0103ng c\u00f3 ph\u1ea1m vi \u1ee9ng d\u1ee5ng r\u1ed9ng v\u00e0 c\u00f3 th\u1ec3 x\u1eed l\u00fd nhi\u1ec1u lo\u1ea1i c\u00e2y tr\u1ed3ng ph\u1ed5 bi\u1ebfn. Ngo\u00e0i ng\u00f4, m\u00e1y t\u00e1ch h\u1ea1t c\u00f2n c\u00f3 th\u1ec3 t\u00e1ch l\u00faa m\u00ec, g\u1ea1o, th\u1ed1t n\u1ed1t, \u0111\u1eadu n\u00e0nh, millet, m\u00e8, v\u00e0 c\u00e1c lo\u1ea1i h\u1ea1t t\u01b0\u01a1ng t\u1ef1 kh\u00e1c m\u1ed9t c\u00e1ch hi\u1ec7u qu\u1ea3.<\/p>   <div class=\"wp-block-image\"> <figure class=\"aligncenter size-full\"><img loading=\"lazy\" decoding=\"async\" width=\"720\" height=\"540\" src=\"https:\/\/corn-machines.com\/wp-content\/uploads\/2025\/12\/application-of-multifunctional-corn-thresher.webp\" alt=\"\u1ee9ng d\u1ee5ng c\u1ee7a m\u00e1y t\u00e1ch ng\u00f4 \u0111a ch\u1ee9c n\u0103ng\" class=\"wp-image-1380\" srcset=\"https:\/\/corn-machines.com\/wp-content\/uploads\/2025\/12\/application-of-multifunctional-corn-thresher.webp 720w, https:\/\/corn-machines.com\/wp-content\/uploads\/2025\/12\/application-of-multifunctional-corn-thresher-300x225.webp 300w, https:\/\/corn-machines.com\/wp-content\/uploads\/2025\/12\/application-of-multifunctional-corn-thresher-16x12.webp 16w\" sizes=\"auto, (max-width: 720px) 100vw, 720px\" \/><figcaption class=\"wp-element-caption\">\u1ee9ng d\u1ee5ng c\u1ee7a m\u00e1y t\u00e1ch ng\u00f4 \u0111a ch\u1ee9c n\u0103ng<\/figcaption><\/figure> <\/div>   <p>M\u00e1y xay l\u00faa c\u1ee7a ch\u00fang t\u00f4i c\u00f3 th\u1ec3 \u0111\u01b0\u1ee3c s\u1eed d\u1ee5ng r\u1ed9ng r\u00e3i trong c\u00e1c trang tr\u1ea1i gia \u0111\u00ecnh, c\u01a1 s\u1edf tr\u1ed3ng tr\u1ecdt, h\u1ee3p t\u00e1c x\u00e3 m\u00e1y m\u00f3c n\u00f4ng nghi\u1ec7p, v\u00e0 c\u00e1c tr\u1ea1m d\u1ecbch v\u1ee5 n\u00f4ng nghi\u1ec7p n\u00f4ng th\u00f4n.<\/p>    <h2 class=\"wp-block-heading\"><strong>C\u1ea5u tr\u00fac ch\u00ednh c\u1ee7a m\u00e1y t\u00e1ch ng\u00f4 \u0111a ch\u1ee9c n\u0103ng<\/strong><\/h2>    <p>M\u00e1y xay ng\u00f4 \u0111a ch\u1ee9c n\u0103ng ch\u1ee7 y\u1ebfu g\u1ed3m hopper c\u1ea5p li\u1ec7u, khung, m\u00e0n h\u00ecnh l\u01b0\u1edbi, tr\u1ed1ng t\u00e1ch, n\u1eafp che, t\u1ea5m h\u01b0\u1edbng d\u1eabn, qu\u1ea1t, m\u00e0n h\u00ecnh rung, v\u00e0 thi\u1ebft b\u1ecb truy\u1ec1n \u0111\u1ed9ng. C\u1ea5u tr\u00fac c\u1ee7a n\u00f3 \u0111\u01b0\u1ee3c th\u1ec3 hi\u1ec7n nh\u01b0 d\u01b0\u1edbi \u0111\u00e2y:<\/p>   <div class=\"wp-block-image\"> <figure class=\"aligncenter size-full\"><img loading=\"lazy\" decoding=\"async\" width=\"720\" height=\"540\" src=\"https:\/\/corn-machines.com\/wp-content\/uploads\/2025\/12\/structure-of-multifunctional-maize-thresher-machine.webp\" alt=\"c\u1ea5u tr\u00fac c\u1ee7a m\u00e1y xay ng\u00f4 \u0111a ch\u1ee9c n\u0103ng\" class=\"wp-image-1388\" srcset=\"https:\/\/corn-machines.com\/wp-content\/uploads\/2025\/12\/structure-of-multifunctional-maize-thresher-machine.webp 720w, https:\/\/corn-machines.com\/wp-content\/uploads\/2025\/12\/structure-of-multifunctional-maize-thresher-machine-300x225.webp 300w, https:\/\/corn-machines.com\/wp-content\/uploads\/2025\/12\/structure-of-multifunctional-maize-thresher-machine-16x12.webp 16w\" sizes=\"auto, (max-width: 720px) 100vw, 720px\" \/><figcaption class=\"wp-element-caption\">c\u1ea5u tr\u00fac c\u1ee7a m\u00e1y xay ng\u00f4 \u0111a ch\u1ee9c n\u0103ng<\/figcaption><\/figure> <\/div>   <h2 class=\"wp-block-heading\"><strong>C\u00e1ch ho\u1ea1t \u0111\u1ed9ng c\u1ee7a m\u00e1y t\u00e1ch ng\u00f4 \u0111a d\u1ee5ng<\/strong> <strong>ho\u1ea1t \u0111\u1ed9ng nh\u01b0 th\u1ebf n\u00e0o?<\/strong><\/h2>    <p>Sau khi b\u1eadt ngu\u1ed3n, tr\u1ed1ng quay v\u1edbi t\u1ed1c \u0111\u1ed9 cao, \u0111\u00e1nh b\u1eadt h\u1ea1t kh\u1ecfi r\u01a1m ho\u1eb7c v\u1ecf qua c\u00e1c ch\u1ed1t c\u00f3 r\u0103ng. H\u1ea1t v\u00e0 m\u1ea3nh v\u1ee5n r\u01a1i xu\u1ed1ng m\u00e0n h\u00ecnh l\u01b0\u1edbi; c\u00e1c h\u1ea1t l\u1edbn h\u01a1n r\u01a1i xu\u1ed1ng, trong khi t\u1ea1p ch\u1ea5t nh\u1ecf h\u01a1n b\u1ecb th\u1ed5i bay b\u1edfi m\u00e1y th\u1ed5i kh\u00ed.<\/p>    <p>Hai m\u00e1y th\u1ed5i kh\u00ed lo\u1ea1i b\u1ecf l\u00e1, r\u01a1m v\u1ee5n, v\u00e0 v\u1ecf tr\u1ea5u. C\u00e1c h\u1ea1t c\u00f2n l\u1ea1i sau \u0111\u00f3 \u0111i qua m\u1ed9t m\u00e0n h\u00ecnh rung \u0111\u1ec3 t\u00e1ch \u0111\u00e1 nh\u1ecf v\u00e0 t\u1ea1p ch\u1ea5t l\u1edbn h\u01a1n.<\/p>    <figure class=\"wp-block-gallery has-nested-images columns-default is-cropped wp-block-gallery-2 is-layout-flex wp-block-gallery-is-layout-flex\"> <figure class=\"wp-block-image size-large\"><img loading=\"lazy\" decoding=\"async\" width=\"720\" height=\"540\" data-id=\"1382\" src=\"https:\/\/corn-machines.com\/wp-content\/uploads\/2025\/12\/grain-threshiing-machine.webp\" alt=\"M\u00e1y th\u1ed1t l\u00faa\" class=\"wp-image-1382\" srcset=\"https:\/\/corn-machines.com\/wp-content\/uploads\/2025\/12\/grain-threshiing-machine.webp 720w, https:\/\/corn-machines.com\/wp-content\/uploads\/2025\/12\/grain-threshiing-machine-300x225.webp 300w, https:\/\/corn-machines.com\/wp-content\/uploads\/2025\/12\/grain-threshiing-machine-16x12.webp 16w\" sizes=\"auto, (max-width: 720px) 100vw, 720px\" \/><figcaption class=\"wp-element-caption\">M\u00e1y th\u1ed1t l\u00faa<\/figcaption><\/figure>    <figure class=\"wp-block-image size-large\"><img loading=\"lazy\" decoding=\"async\" width=\"720\" height=\"540\" data-id=\"1383\" src=\"https:\/\/corn-machines.com\/wp-content\/uploads\/2025\/12\/multipurpose-grain-threshing-machine.webp\" alt=\"m\u00e1y xay l\u00faa \u0111a d\u1ee5ng\" class=\"wp-image-1383\" srcset=\"https:\/\/corn-machines.com\/wp-content\/uploads\/2025\/12\/multipurpose-grain-threshing-machine.webp 720w, https:\/\/corn-machines.com\/wp-content\/uploads\/2025\/12\/multipurpose-grain-threshing-machine-300x225.webp 300w, https:\/\/corn-machines.com\/wp-content\/uploads\/2025\/12\/multipurpose-grain-threshing-machine-16x12.webp 16w\" sizes=\"auto, (max-width: 720px) 100vw, 720px\" \/><figcaption class=\"wp-element-caption\">m\u00e1y xay l\u00faa \u0111a d\u1ee5ng<\/figcaption><\/figure> <\/figure>    <h2 class=\"wp-block-heading\"><strong>Th\u00f4ng s\u1ed1 k\u1ef9 thu\u1eadt c\u1ee7a m\u00e1y t\u00e1ch h\u1ea1t<\/strong><\/h2>    <figure class=\"wp-block-table\"><table class=\"has-fixed-layout\"><tbody><tr><td>T\u00ean m\u00e1y<\/td><td>M\u00e1y xay \u0111a ch\u1ee9c n\u0103ng<\/td><\/tr><tr><td>Ng\u01b0\u1eddi m\u1eabu<\/td><td>SL-125<\/td><\/tr><tr><td>Quy\u1ec1n l\u1ef1c<\/td><td>\u0110\u1ed9ng c\u01a1 11kw ho\u1eb7c \u0111\u1ed9ng c\u01a1 diesel 15hp<\/td><\/tr><tr><td>T\u1ed1c \u0111\u1ed9 tr\u1ee5c ch\u00ednh<\/td><td>1200r\/ph\u00fat<\/td><\/tr><tr><td>Dung t\u00edch<\/td><td>Kho\u1ea3ng 1000kg\/h<\/td><\/tr><tr><td>T\u1ef7 l\u1ec7 t\u00e1ch v\u1ecf<\/td><td>\u226599%<\/td><\/tr><tr><td>C\u00e2n n\u1eb7ng<\/td><td>400kg<\/td><\/tr><tr><td>K\u00edch c\u1ee1<\/td><td>2030*1340*1380mm<\/td><\/tr><\/tbody><\/table><figcaption class=\"wp-element-caption\">th\u00f4ng s\u1ed1 k\u1ef9 thu\u1eadt c\u1ee7a m\u00e1y t\u00e1ch h\u1ea1t<\/figcaption><\/figure>    <h2 class=\"wp-block-heading\"><strong>Chi ph\u00ed c\u1ee7a m\u00e1y xay ng\u00f4 \u0111a d\u1ee5ng l\u00e0 bao nhi\u00eau?<\/strong><\/h2>    <p>The price of the multifunctional corn sheller depends on the selected model. Different models have different configurations and functions, and manufacturers usually provide a corresponding quote after understanding the customer&#8217;s needs.<\/p>   <div class=\"wp-block-image\"> <figure class=\"aligncenter size-full\"><img loading=\"lazy\" decoding=\"async\" width=\"720\" height=\"540\" src=\"https:\/\/corn-machines.com\/wp-content\/uploads\/2025\/12\/multipurpose-grain-threshing-equipment.webp\" alt=\"thi\u1ebft b\u1ecb xay x\u00e1t h\u1ea1t \u0111a n\u0103ng\" class=\"wp-image-1394\" srcset=\"https:\/\/corn-machines.com\/wp-content\/uploads\/2025\/12\/multipurpose-grain-threshing-equipment.webp 720w, https:\/\/corn-machines.com\/wp-content\/uploads\/2025\/12\/multipurpose-grain-threshing-equipment-300x225.webp 300w, https:\/\/corn-machines.com\/wp-content\/uploads\/2025\/12\/multipurpose-grain-threshing-equipment-16x12.webp 16w\" sizes=\"auto, (max-width: 720px) 100vw, 720px\" \/><figcaption class=\"wp-element-caption\">thi\u1ebft b\u1ecb xay x\u00e1t h\u1ea1t \u0111a n\u0103ng<\/figcaption><\/figure> <\/div>   <h2 class=\"wp-block-heading\"><strong>Tr\u01b0\u1eddng h\u1ee3p th\u00e0nh c\u00f4ng c\u1ee7a m\u00e1y xay l\u00faa \u0111a ch\u1ee9c n\u0103ng Taizy<\/strong><\/h2>    <p>N\u0103m ngo\u00e1i, ch\u00ednh ph\u1ee7 Nigeria \u0111\u00e3 mua 1.000 m\u00e1y t\u00e1ch ng\u00f4 \u0111a ch\u1ee9c n\u0103ng nh\u01b0 m\u1ed9t ph\u1ea7n c\u1ee7a d\u1ef1 \u00e1n th\u00fac \u0111\u1ea9y c\u01a1 gi\u1edbi h\u00f3a n\u00f4ng nghi\u1ec7p, sau \u0111\u00f3 ph\u00e2n ph\u1ed1i \u0111\u1ebfn c\u00e1c bang v\u00e0 v\u00f9ng n\u00f4ng th\u00f4n kh\u00e1c nhau.<\/p>    <p>The deployment of these grain threshing machines has not only accelerated the local grain harvesting process but has also played a significant role in increasing farmers&#8217; incomes and promoting regional agricultural modernization.<\/p>    <figure class=\"wp-block-gallery has-nested-images columns-default is-cropped wp-block-gallery-3 is-layout-flex wp-block-gallery-is-layout-flex\"> <figure class=\"wp-block-image size-large\"><img loading=\"lazy\" decoding=\"async\" width=\"720\" height=\"540\" data-id=\"1385\" src=\"https:\/\/corn-machines.com\/wp-content\/uploads\/2025\/12\/multiourpose-maize-shelling-machine.webp\" alt=\"m\u00e1y t\u00e1ch ng\u00f4 \u0111a d\u1ee5ng\" class=\"wp-image-1385\" srcset=\"https:\/\/corn-machines.com\/wp-content\/uploads\/2025\/12\/multiourpose-maize-shelling-machine.webp 720w, https:\/\/corn-machines.com\/wp-content\/uploads\/2025\/12\/multiourpose-maize-shelling-machine-300x225.webp 300w, https:\/\/corn-machines.com\/wp-content\/uploads\/2025\/12\/multiourpose-maize-shelling-machine-16x12.webp 16w\" sizes=\"auto, (max-width: 720px) 100vw, 720px\" \/><figcaption class=\"wp-element-caption\">m\u00e1y t\u00e1ch ng\u00f4 \u0111a d\u1ee5ng<\/figcaption><\/figure>    <figure class=\"wp-block-image size-large\"><img loading=\"lazy\" decoding=\"async\" width=\"720\" height=\"540\" data-id=\"1386\" src=\"https:\/\/corn-machines.com\/wp-content\/uploads\/2025\/12\/fb4e00ef47764d21bbf8ce9449db2a8f-tuya_\u7ed3\u679c.webp\" alt=\"Kh\u00e1ch h\u00e0ng th\u0103m quan m\u00e1y xay l\u00faa\" class=\"wp-image-1386\" srcset=\"https:\/\/corn-machines.com\/wp-content\/uploads\/2025\/12\/fb4e00ef47764d21bbf8ce9449db2a8f-tuya_\u7ed3\u679c.webp 720w, https:\/\/corn-machines.com\/wp-content\/uploads\/2025\/12\/fb4e00ef47764d21bbf8ce9449db2a8f-tuya_\u7ed3\u679c-300x225.webp 300w, https:\/\/corn-machines.com\/wp-content\/uploads\/2025\/12\/fb4e00ef47764d21bbf8ce9449db2a8f-tuya_\u7ed3\u679c-16x12.webp 16w\" sizes=\"auto, (max-width: 720px) 100vw, 720px\" \/><figcaption class=\"wp-element-caption\">kh\u00e1ch h\u00e0ng th\u0103m quan m\u00e1y xay l\u00faa<\/figcaption><\/figure> <\/figure>    <h2 class=\"wp-block-heading\"><strong>C\u00e1c thi\u1ebft b\u1ecb ch\u1ebf bi\u1ebfn ng\u00f4 kh\u00e1c do Taizy b\u00e1n<\/strong><\/h2>    <p class=\"translation-block\">L\u00e0 nh\u00e0 cung c\u1ea5p thi\u1ebft b\u1ecb n\u00f4ng nghi\u1ec7p chuy\u00ean nghi\u1ec7p, Taizy kh\u00f4ng ch\u1ec9 cung c\u1ea5p m\u00e1y t\u00e1ch ng\u00f4 \u0111a ch\u1ee9c n\u0103ng m\u00e0 c\u00f2n nhi\u1ec1u thi\u1ebft b\u1ecb ch\u1ebf bi\u1ebfn ng\u00f4 kh\u00e1c, bao g\u1ed3m <a href=\"https:\/\/corn-machines.com\/vi\/product\/automated-corn-sowing-machine\/\">m\u00e1y gieo h\u1ea1t ng\u00f4<\/a>, <a href=\"https:\/\/corn-machines.com\/vi\/product\/maize-harvesting-machine-with-seat\/\">m\u00e1y thu ho\u1ea1ch ng\u00f4<\/a>, <a href=\"https:\/\/corn-machines.com\/vi\/product\/corn-grits-machine\/\">m\u00e1y l\u00e0m b\u1ed9t ng\u00f4<\/a>, v\u00e0 <a href=\"https:\/\/corn-machines.com\/vi\/product\/corn-silage-harvester-machine\/\">m\u00e1y tr\u1ed9n c\u1ecf ng\u00f4<\/a>. Ch\u00fang t\u00f4i cung c\u1ea5p gi\u1ea3i ph\u00e1p tr\u1ecdn g\u00f3i t\u1eeb gieo tr\u1ed3ng, thu ho\u1ea1ch \u0111\u1ebfn ch\u1ebf bi\u1ebfn.<\/p>    <figure class=\"wp-block-gallery has-nested-images columns-default is-cropped wp-block-gallery-4 is-layout-flex wp-block-gallery-is-layout-flex\"> <figure class=\"wp-block-image size-full\"><img loading=\"lazy\" decoding=\"async\" width=\"720\" height=\"540\" data-id=\"1393\" src=\"https:\/\/corn-machines.com\/wp-content\/uploads\/2025\/12\/corn-planting-machine-1.webp\" alt=\"m\u00e1y tr\u1ed3ng ng\u00f4\" class=\"wp-image-1393\" srcset=\"https:\/\/corn-machines.com\/wp-content\/uploads\/2025\/12\/corn-planting-machine-1.webp 720w, https:\/\/corn-machines.com\/wp-content\/uploads\/2025\/12\/corn-planting-machine-1-300x225.webp 300w, https:\/\/corn-machines.com\/wp-content\/uploads\/2025\/12\/corn-planting-machine-1-16x12.webp 16w\" sizes=\"auto, (max-width: 720px) 100vw, 720px\" \/><figcaption class=\"wp-element-caption\">m\u00e1y tr\u1ed3ng ng\u00f4<\/figcaption><\/figure>    <figure class=\"wp-block-image size-large\"><img loading=\"lazy\" decoding=\"async\" width=\"720\" height=\"540\" data-id=\"1389\" src=\"https:\/\/corn-machines.com\/wp-content\/uploads\/2025\/12\/maize-harvester-machine.webp\" alt=\"m\u00e1y g\u1eb7t ng\u00f4\" class=\"wp-image-1389\" srcset=\"https:\/\/corn-machines.com\/wp-content\/uploads\/2025\/12\/maize-harvester-machine.webp 720w, https:\/\/corn-machines.com\/wp-content\/uploads\/2025\/12\/maize-harvester-machine-300x225.webp 300w, https:\/\/corn-machines.com\/wp-content\/uploads\/2025\/12\/maize-harvester-machine-16x12.webp 16w\" sizes=\"auto, (max-width: 720px) 100vw, 720px\" \/><figcaption class=\"wp-element-caption\">m\u00e1y g\u1eb7t ng\u00f4<\/figcaption><\/figure> <\/figure>    <figure class=\"wp-block-gallery has-nested-images columns-default is-cropped wp-block-gallery-5 is-layout-flex wp-block-gallery-is-layout-flex\"> <figure class=\"wp-block-image size-large\"><img loading=\"lazy\" decoding=\"async\" width=\"720\" height=\"540\" data-id=\"1390\" src=\"https:\/\/corn-machines.com\/wp-content\/uploads\/2025\/12\/maize-silage-harvesting-machine.webp\" alt=\"m\u00e1y thu ho\u1ea1ch c\u1ecf ng\u00f4\" class=\"wp-image-1390\" srcset=\"https:\/\/corn-machines.com\/wp-content\/uploads\/2025\/12\/maize-silage-harvesting-machine.webp 720w, https:\/\/corn-machines.com\/wp-content\/uploads\/2025\/12\/maize-silage-harvesting-machine-300x225.webp 300w, https:\/\/corn-machines.com\/wp-content\/uploads\/2025\/12\/maize-silage-harvesting-machine-16x12.webp 16w\" sizes=\"auto, (max-width: 720px) 100vw, 720px\" \/><figcaption class=\"wp-element-caption\">m\u00e1y thu ho\u1ea1ch c\u1ecf ng\u00f4<\/figcaption><\/figure>    <figure class=\"wp-block-image size-large\"><img loading=\"lazy\" decoding=\"async\" width=\"720\" height=\"540\" data-id=\"1392\" src=\"https:\/\/corn-machines.com\/wp-content\/uploads\/2025\/12\/corn-grits-making-machine.webp\" alt=\"m\u00e1y l\u00e0m b\u1ed9t ng\u00f4\" class=\"wp-image-1392\" srcset=\"https:\/\/corn-machines.com\/wp-content\/uploads\/2025\/12\/corn-grits-making-machine.webp 720w, https:\/\/corn-machines.com\/wp-content\/uploads\/2025\/12\/corn-grits-making-machine-300x225.webp 300w, https:\/\/corn-machines.com\/wp-content\/uploads\/2025\/12\/corn-grits-making-machine-16x12.webp 16w\" sizes=\"auto, (max-width: 720px) 100vw, 720px\" \/><figcaption class=\"wp-element-caption\">m\u00e1y l\u00e0m b\u1ed9t ng\u00f4<\/figcaption><\/figure> <\/figure>    <p>N\u1ebfu b\u1ea1n quan t\u00e2m \u0111\u1ebfn m\u00e1y t\u00e1ch ng\u00f4 ho\u1eb7c c\u00e1c thi\u1ebft b\u1ecb li\u00ean quan kh\u00e1c, vui l\u00f2ng li\u00ean h\u1ec7 v\u1edbi ch\u00fang t\u00f4i \u0111\u1ec3 bi\u1ebft th\u00f4ng tin chi ti\u1ebft v\u00e0 b\u00e1o gi\u00e1 thi\u1ebft b\u1ecb. Ch\u00fang t\u00f4i s\u1ebd \u0111\u1ec1 xu\u1ea5t m\u00e1y ph\u00f9 h\u1ee3p nh\u1ea5t cho b\u1ea1n.<\/p>","protected":false},"excerpt":{"rendered":"<p>This article introduces the multifunctional corn sheller that integrates threshing, winnowing, and screening, enabling efficient grain threshing. It is suitable for corn, wheat, rice, sorghum, soybeans, and other grains. The machine has a processing capacity of up to 1000 kg\/h and a threshing rate of \u226599%.<\/p>","protected":false},"author":1,"featured_media":1387,"parent":0,"template":"","tags":[42,52],"product-type":[4],"class_list":["post-1378","product","type-product","status-publish","has-post-thumbnail","hentry","tag-corn","tag-grain","product-type-corn-thresher-machine"],"_links":{"self":[{"href":"https:\/\/corn-machines.com\/vi\/wp-json\/wp\/v2\/product\/1378","targetHints":{"allow":["GET"]}}],"collection":[{"href":"https:\/\/corn-machines.com\/vi\/wp-json\/wp\/v2\/product"}],"about":[{"href":"https:\/\/corn-machines.com\/vi\/wp-json\/wp\/v2\/types\/product"}],"author":[{"embeddable":true,"href":"https:\/\/corn-machines.com\/vi\/wp-json\/wp\/v2\/users\/1"}],"wp:featuredmedia":[{"embeddable":true,"href":"https:\/\/corn-machines.com\/vi\/wp-json\/wp\/v2\/media\/1387"}],"wp:attachment":[{"href":"https:\/\/corn-machines.com\/vi\/wp-json\/wp\/v2\/media?parent=1378"}],"wp:term":[{"taxonomy":"post_tag","embeddable":true,"href":"https:\/\/corn-machines.com\/vi\/wp-json\/wp\/v2\/tags?post=1378"},{"taxonomy":"product-type","embeddable":true,"href":"https:\/\/corn-machines.com\/vi\/wp-json\/wp\/v2\/product-type?post=1378"}],"curies":[{"name":"wp","href":"https:\/\/api.w.org\/{rel}","templated":true}]}}