{"id":1351,"date":"2025-11-27T14:33:15","date_gmt":"2025-11-27T06:33:15","guid":{"rendered":"https:\/\/corn-machines.com\/?post_type=product&#038;p=1351"},"modified":"2025-11-27T16:02:03","modified_gmt":"2025-11-27T08:02:03","slug":"silage-cutting-machine","status":"publish","type":"product","link":"https:\/\/corn-machines.com\/vi\/product\/silage-cutting-machine\/","title":{"rendered":"M\u00e1y c\u1eaft \u1ee7 chua cho ch\u1ebf bi\u1ebfn th\u1ee9c \u0103n ch\u0103n nu\u00f4i"},"content":{"rendered":"<p class=\"translation-block\">Taizy <strong>m\u00e1y c\u1eaft \u1ee7 chua<\/strong> \u0111\u01b0\u1ee3c d\u00f9ng \u0111\u1ec3 nghi\u1ec1n hay, c\u1ecf, stalk ng\u00f4, r\u01a1m sorgum, c\u1ecf linh l\u0103ng, mapier v\u00e0 c\u00e1c lo\u1ea1i c\u1ecf kh\u00e1c th\u00e0nh mi\u1ebfng m\u1ecbn. S\u1ea3n ph\u1ea9m ho\u00e0n ch\u1ec9nh c\u00f3 chi\u1ec1u d\u00e0i 10-180 mm v\u00e0 chi\u1ec1u r\u1ed9ng &lt;10 mm.<\/p>    <p>Ch\u00fang t\u00f4i cung c\u1ea5p nhi\u1ec1u lo\u1ea1i m\u00e1y c\u1eaft chaff v\u1edbi c\u00f4ng su\u1ea5t t\u1eeb 4 \u0111\u1ebfn 15 t\u1ea5n m\u1ed7i gi\u1edd. M\u00e1y chaff Taizy l\u00e0 thi\u1ebft b\u1ecb l\u00fd t\u01b0\u1edfng cho x\u1eed l\u00fd th\u1ee9c \u0103n xanh cho n\u00f4ng d\u00e2n ch\u0103n nu\u00f4i quy m\u00f4 trung b\u00ecnh \u0111\u1ebfn l\u1edbn. N\u1ebfu b\u1ea1n \u0111ang t\u00ecm ki\u1ebfm m\u00e1y c\u1eaft th\u1ee9c \u0103n xanh hi\u1ec7u qu\u1ea3 cao, h\u00e3y li\u00ean h\u1ec7 ngay \u0111\u1ec3 nh\u1eadn b\u00e1o gi\u00e1 t\u1ed1t nh\u1ea5t.<\/p>    <figure class=\"wp-block-embed is-type-video is-provider-youtube wp-block-embed-youtube wp-embed-aspect-16-9 wp-has-aspect-ratio\"><div class=\"wp-block-embed__wrapper\"> <iframe loading=\"lazy\" title=\"M\u00e1y c\u1eaft silage hi\u1ec7u qu\u1ea3 cao | M\u00e1y x\u00e9 x\u01a1 c\u1ecf \u0111\u1ec3 b\u0103m c\u1ecf v\u00e0 stalk l\u00faa m\u1ea1\" width=\"500\" height=\"281\" src=\"https:\/\/www.youtube.com\/embed\/YwEin-WRDcg?feature=oembed\" frameborder=\"0\" allow=\"accelerometer; autoplay; clipboard-write; encrypted-media; gyroscope; picture-in-picture; web-share\" referrerpolicy=\"strict-origin-when-cross-origin\" allowfullscreen><\/iframe> <\/div><figcaption class=\"wp-element-caption\">video c\u00f4ng vi\u1ec7c c\u1ee7a m\u00e1y c\u1eaft silage<\/figcaption><\/figure>    <h2 class=\"wp-block-heading\"><strong>C\u00e1c t\u00ednh n\u0103ng v\u01b0\u1ee3t tr\u1ed9i c\u1ee7a m\u00e1y c\u1eaft chaff cutter<\/strong><\/h2>    <ul class=\"wp-block-list\"> <li><strong>S\u1ea3n ph\u1ea9m ho\u00e0n thi\u1ec7n m\u1ecbn<\/strong>: Th\u1ee9c \u0103n xanh \u0111\u00e3 \u0111\u01b0\u1ee3c x\u1eed l\u00fd c\u00f3 s\u1ee3i m\u1ecbn, m\u1ec1m, c\u1ea3i thi\u1ec7n \u0111\u00e1ng k\u1ec3 kh\u1ea3 n\u0103ng \u0103n v\u00e0 d\u1ec5 ti\u00eau h\u00f3a cho b\u00f2, c\u1eebu, ng\u1ef1a, g\u00e0, v\u1ecbt, th\u1ecf v\u00e0 c\u00e1c \u0111\u1ed9ng v\u1eadt kh\u00e1c.<\/li>    <li><strong>\u1ee8ng d\u1ee5ng r\u1ed9ng<\/strong>: Taizy silage shredder machine can cut and pulverize various forage materials, including hay, corn stalks, sorghum, and silage. It&#8217;s a multi-purpose machine suitable for various livestock farming scenarios.<\/li>    <li><strong>Tu\u1ed5i th\u1ecd d\u00e0i<\/strong>: M\u00e1y c\u1eaft \u1ee7 chua c\u1ee7a ch\u00fang t\u00f4i s\u1eed d\u1ee5ng thi\u1ebft k\u1ebf l\u01b0\u1ee1a b\u00faa d\u00e0y, c\u1ee9ng, c\u00f3 kh\u1ea3 n\u0103ng ch\u1ecbu m\u00e0i m\u00f2n cao v\u00e0 tu\u1ed5i th\u1ecd d\u00e0i, gi\u00fap gi\u1ea3m \u0111\u00e1ng k\u1ec3 chi ph\u00ed b\u1ea3o tr\u00ec.<\/li>    <li><strong>Hi\u1ec7u su\u1ea5t cao<\/strong>: M\u00e1y chaff cutter Taizy c\u00f3 \u0111\u1eb7c \u0111i\u1ec3m l\u00e0 hi\u1ec7u qu\u1ea3 x\u1eed l\u00fd cao, c\u00f4ng su\u1ea5t l\u00ean t\u1edbi 15 t\u1ea5n\/gi\u1edd.<\/li>    <li><strong>C\u1ea5u tr\u00fac \u1ed5n \u0111\u1ecbnh<\/strong>: M\u00e1y c\u1eaft hay c\u00f3 thi\u1ebft k\u1ebf v\u1eefng ch\u1eafc v\u00e0 \u1ed5n \u0111\u1ecbnh v\u1eadn h\u00e0nh l\u00e2u d\u00e0i, \u0111\u1ea3m b\u1ea3o s\u1ea3n xu\u1ea5t li\u00ean t\u1ee5c v\u00e0 hi\u1ec7u qu\u1ea3.<\/li>    <li><strong>V\u1eadn h\u00e0nh d\u1ec5 d\u00e0ng<\/strong>: M\u00e1y c\u1eaft chaff c\u00f3 c\u1ea5u tr\u00fac r\u00f5 r\u00e0ng, d\u1ec5 v\u1eadn h\u00e0nh v\u00e0 b\u1ea3o d\u01b0\u1ee1ng h\u00e0ng ng\u00e0y \u0111\u01a1n gi\u1ea3n, ph\u00f9 h\u1ee3p v\u1edbi nhi\u1ec1u ng\u01b0\u1eddi d\u00f9ng kh\u00e1c nhau.<\/li> <\/ul>   <div class=\"wp-block-image\"> <figure class=\"aligncenter size-full\"><img loading=\"lazy\" decoding=\"async\" width=\"720\" height=\"540\" src=\"https:\/\/corn-machines.com\/wp-content\/uploads\/2025\/11\/silage-cutting-machine.webp\" alt=\"m\u00e1y c\u1eaft c\u1ecf\" class=\"wp-image-1352\" srcset=\"https:\/\/corn-machines.com\/wp-content\/uploads\/2025\/11\/silage-cutting-machine.webp 720w, https:\/\/corn-machines.com\/wp-content\/uploads\/2025\/11\/silage-cutting-machine-300x225.webp 300w, https:\/\/corn-machines.com\/wp-content\/uploads\/2025\/11\/silage-cutting-machine-16x12.webp 16w\" sizes=\"auto, (max-width: 720px) 100vw, 720px\" \/><figcaption class=\"wp-element-caption\">m\u00e1y c\u1eaft c\u1ecf<\/figcaption><\/figure> <\/div>   <h2 class=\"wp-block-heading\"><strong>C\u00e1c t\u00ecnh hu\u1ed1ng \u1ee9ng d\u1ee5ng c\u1ee7a m\u00e1y c\u1eaft \u1ee7 chua<\/strong><\/h2>    <p>M\u00e1y c\u1eaft r\u01a1m chaff c\u1ee7a ch\u00fang t\u00f4i c\u00f3 th\u1ec3 x\u1eed l\u00fd nhi\u1ec1u lo\u1ea1i r\u01a1m v\u00e0 th\u1ee9c \u0103n xanh, bao g\u1ed3m hay, stalk ng\u00f4, r\u01a1m l\u00faa m\u00ec, stalk sorgum, r\u01a1m g\u1ea1o, d\u00e2y \u0111\u1eadu ph\u1ed9ng, reed, c\u1ecf \u0111\u1ed3ng c\u1ecf, \u1ee7 chua v\u00e0 almost all fibrous forage materials.<\/p>    <p>M\u00e1y c\u1eaft \u1ee7 chua c\u00f3 th\u1ec3 x\u1eed l\u00fd nh\u1eefng v\u1eadt li\u1ec7u n\u00e0y th\u00e0nh th\u1ee9c \u0103n xanh m\u1ecbn, l\u00e0m s\u1ee3i m\u1ec1m v\u00e0 \u0111\u1ed3ng \u0111\u1ec1u, d\u1ec5 cho v\u1eadt nu\u00f4i \u0103n. M\u00e1y \u0111\u01b0\u1ee3c s\u1eed d\u1ee5ng r\u1ed9ng r\u00e3i trong ch\u1ebf bi\u1ebfn th\u1ef1c ph\u1ea9m xanh tr\u00ean c\u00e1c trang tr\u1ea1i ch\u0103n nu\u00f4i gia s\u00fac, gia c\u1ea7m v\u00e0 th\u1ecf, v\u00e0 c\u0169ng ph\u00f9 h\u1ee3p v\u1edbi ti\u1ec1n x\u1eed l\u00fd \u1ee7 chua.<\/p>    <figure class=\"wp-block-gallery has-nested-images columns-default is-cropped wp-block-gallery-2 is-layout-flex wp-block-gallery-is-layout-flex\"> <figure class=\"wp-block-image size-large\"><img loading=\"lazy\" decoding=\"async\" width=\"540\" height=\"720\" data-id=\"1354\" src=\"https:\/\/corn-machines.com\/wp-content\/uploads\/2025\/11\/silage-chopper-machine-1.webp\" alt=\"m\u00e1y x\u00e9 silage\" class=\"wp-image-1354\" srcset=\"https:\/\/corn-machines.com\/wp-content\/uploads\/2025\/11\/silage-chopper-machine-1.webp 540w, https:\/\/corn-machines.com\/wp-content\/uploads\/2025\/11\/silage-chopper-machine-1-225x300.webp 225w, https:\/\/corn-machines.com\/wp-content\/uploads\/2025\/11\/silage-chopper-machine-1-9x12.webp 9w\" sizes=\"auto, (max-width: 540px) 100vw, 540px\" \/><figcaption class=\"wp-element-caption\">m\u00e1y x\u00e9 silage<\/figcaption><\/figure>    <figure class=\"wp-block-image size-large\"><img loading=\"lazy\" decoding=\"async\" width=\"540\" height=\"720\" data-id=\"1353\" src=\"https:\/\/corn-machines.com\/wp-content\/uploads\/2025\/11\/application-of-chaff-cutter-1.webp\" alt=\"\u1ee9ng d\u1ee5ng c\u1ee7a m\u00e1y c\u1eaft r\u01a1m chaff cutter\" class=\"wp-image-1353\" srcset=\"https:\/\/corn-machines.com\/wp-content\/uploads\/2025\/11\/application-of-chaff-cutter-1.webp 540w, https:\/\/corn-machines.com\/wp-content\/uploads\/2025\/11\/application-of-chaff-cutter-1-225x300.webp 225w, https:\/\/corn-machines.com\/wp-content\/uploads\/2025\/11\/application-of-chaff-cutter-1-9x12.webp 9w\" sizes=\"auto, (max-width: 540px) 100vw, 540px\" \/><figcaption class=\"wp-element-caption\">\u1ee9ng d\u1ee5ng c\u1ee7a m\u00e1y c\u1eaft r\u01a1m chaff cutter<\/figcaption><\/figure> <\/figure>    <h2 class=\"wp-block-heading\"><strong>C\u1ea5u tr\u00fac c\u1ee7a m\u00e1y c\u1eaft c\u1ecf<\/strong><\/h2>    <p>M\u00e1y c\u1eaft \u1ee7 chua g\u1ed3m nhi\u1ec1u th\u00e0nh ph\u1ea7n ch\u00ednh l\u00e0m vi\u1ec7c c\u00f9ng nhau. C\u1ea5u tr\u00fac ch\u00ednh g\u1ed3m m\u1ed9t thi\u1ebft b\u1ecb c\u1ea5p li\u1ec7u t\u1ef1 \u0111\u1ed9ng, rotor, \u0111\u1ed9ng c\u01a1, khung, b\u00faa v\u00e0 b\u00e1nh xe.<\/p>    <figure class=\"wp-block-gallery has-nested-images columns-default is-cropped wp-block-gallery-3 is-layout-flex wp-block-gallery-is-layout-flex\"> <figure class=\"wp-block-image size-large\"><img loading=\"lazy\" decoding=\"async\" width=\"720\" height=\"540\" data-id=\"1355\" src=\"https:\/\/corn-machines.com\/wp-content\/uploads\/2025\/11\/Big-tires-of-hay-cutting-machine.webp\" alt=\"L\u1ed1p l\u1edbn c\u1ee7a m\u00e1y c\u1eaft hay\" class=\"wp-image-1355\" srcset=\"https:\/\/corn-machines.com\/wp-content\/uploads\/2025\/11\/Big-tires-of-hay-cutting-machine.webp 720w, https:\/\/corn-machines.com\/wp-content\/uploads\/2025\/11\/Big-tires-of-hay-cutting-machine-300x225.webp 300w, https:\/\/corn-machines.com\/wp-content\/uploads\/2025\/11\/Big-tires-of-hay-cutting-machine-16x12.webp 16w\" sizes=\"auto, (max-width: 720px) 100vw, 720px\" \/><figcaption class=\"wp-element-caption\">L\u1ed1p l\u1edbn c\u1ee7a m\u00e1y c\u1eaft hay<\/figcaption><\/figure>    <figure class=\"wp-block-image size-large\"><img loading=\"lazy\" decoding=\"async\" width=\"720\" height=\"540\" data-id=\"1359\" src=\"https:\/\/corn-machines.com\/wp-content\/uploads\/2025\/11\/conveyor-chain-of-hay-cutting-machine.webp\" alt=\"Chu\u1ed7i b\u0103ng t\u1ea3i c\u1ee7a m\u00e1y c\u1eaft hay\" class=\"wp-image-1359\" srcset=\"https:\/\/corn-machines.com\/wp-content\/uploads\/2025\/11\/conveyor-chain-of-hay-cutting-machine.webp 720w, https:\/\/corn-machines.com\/wp-content\/uploads\/2025\/11\/conveyor-chain-of-hay-cutting-machine-300x225.webp 300w, https:\/\/corn-machines.com\/wp-content\/uploads\/2025\/11\/conveyor-chain-of-hay-cutting-machine-16x12.webp 16w\" sizes=\"auto, (max-width: 720px) 100vw, 720px\" \/><figcaption class=\"wp-element-caption\">Chu\u1ed7i b\u0103ng t\u1ea3i c\u1ee7a m\u00e1y c\u1eaft hay<\/figcaption><\/figure>    <figure class=\"wp-block-image size-large\"><img loading=\"lazy\" decoding=\"async\" width=\"720\" height=\"540\" data-id=\"1357\" src=\"https:\/\/corn-machines.com\/wp-content\/uploads\/2025\/11\/details-of-silage-shredder.webp\" alt=\"L\u01b0\u1ee1i c\u1ee7a m\u00e1y x\u00e9 \u1ee7 chua\" class=\"wp-image-1357\" srcset=\"https:\/\/corn-machines.com\/wp-content\/uploads\/2025\/11\/details-of-silage-shredder.webp 720w, https:\/\/corn-machines.com\/wp-content\/uploads\/2025\/11\/details-of-silage-shredder-300x225.webp 300w, https:\/\/corn-machines.com\/wp-content\/uploads\/2025\/11\/details-of-silage-shredder-16x12.webp 16w\" sizes=\"auto, (max-width: 720px) 100vw, 720px\" \/><figcaption class=\"wp-element-caption\">L\u01b0\u1ee1i c\u1ee7a m\u00e1y x\u00e9 \u1ee7 chua<\/figcaption><\/figure> <\/figure>    <h2 class=\"wp-block-heading\"><strong>M\u00e1y c\u1eaft r\u01a1m ng\u0169 c\u1ed1c ho\u1ea1t \u0111\u1ed9ng nh\u01b0 th\u1ebf n\u00e0o?<\/strong><\/h2>    <p>Sau khi kh\u1edfi \u0111\u1ed9ng m\u00e1y c\u1eaft \u1ee7 chua, cho rotor ch\u00e0 x\u00e1t \u1ed5n \u0111\u1ecbnh tr\u01b0\u1edbc khi k\u00edch ho\u1ea1t thi\u1ebft b\u1ecb c\u1ea5p li\u1ec7u t\u1ef1 \u0111\u1ed9ng. C\u00f4ng nh\u00e2n tr\u1ea3i r\u01a1m l\u00ean m\u00e1ng x\u1ebfp c\u1ea5p li\u1ec7u, m\u00e1y s\u1ebd t\u1ef1 \u0111\u1ed9ng c\u1ea5p r\u01a1m v\u00e0o m\u00e1y.<\/p>    <p>Khi r\u01a1m v\u00e0o l\u00f2ng rubbing drum, n\u00f3 b\u1ecb \u0111\u00e1nh li\u00ean t\u1ee5c, x\u00e9 v\u00e0 ch\u00e0 x\u00e1t b\u1edfi c\u00e1c b\u00faa quay v\u1edbi t\u1ed1c \u0111\u1ed9 cao, d\u1ea7n d\u1ea7n bi\u1ebfn th\u00e0nh s\u1ee3i m\u1ecbn, d\u00e0i. Cu\u1ed1i c\u00f9ng, r\u01a1m \u0111\u00e3 ch\u00e0 x\u00e1t \u0111\u01b0\u1ee3c \u0111\u1ea9y ra kh\u1ecfi m\u00e1y b\u1eb1ng l\u1ef1c ly t\u00e2m, ho\u00e0n t\u1ea5t qu\u00e1 tr\u00ecnh x\u1eed l\u00fd.<\/p>   <div class=\"wp-block-image\"> <figure class=\"aligncenter size-full\"><img loading=\"lazy\" decoding=\"async\" width=\"720\" height=\"540\" src=\"https:\/\/corn-machines.com\/wp-content\/uploads\/2025\/11\/forage-cutting-machine-4.webp\" alt=\"m\u00e1y c\u1eaft c\u1ecf\" class=\"wp-image-1358\" srcset=\"https:\/\/corn-machines.com\/wp-content\/uploads\/2025\/11\/forage-cutting-machine-4.webp 720w, https:\/\/corn-machines.com\/wp-content\/uploads\/2025\/11\/forage-cutting-machine-4-300x225.webp 300w, https:\/\/corn-machines.com\/wp-content\/uploads\/2025\/11\/forage-cutting-machine-4-16x12.webp 16w\" sizes=\"auto, (max-width: 720px) 100vw, 720px\" \/><figcaption class=\"wp-element-caption\">m\u00e1y c\u1eaft c\u1ecf<\/figcaption><\/figure> <\/div>   <h2 class=\"wp-block-heading\"><strong>Th\u00f4ng tin chi ti\u1ebft c\u1ee7a m\u00e1y x\u00e9 \u1ee7 chua<\/strong><\/h2>    <p>Ch\u00fang t\u00f4i c\u00f3 nhi\u1ec1u m\u1eabu m\u00e1y \u1ee7 chua v\u1edbi c\u00f4ng su\u1ea5t t\u1eeb 4 \u0111\u1ebfn 15 t\u1ea5n m\u1ed7i gi\u1edd. C\u00e1c th\u00f4ng s\u1ed1 c\u1ee5 th\u1ec3 \u0111\u01b0\u1ee3c hi\u1ec3n th\u1ecb d\u01b0\u1edbi \u0111\u00e2y.<\/p>    <figure class=\"wp-block-table\"><table><tbody><tr><td>M\u1ee5c<\/td><td>9RSZ-4<\/td><td>9RSZ-6<\/td><td>9RSZ-10<\/td><td>9RSZ-15<\/td><\/tr><tr><td>Quy\u1ec1n l\u1ef1c<\/td><td>7,5kw<\/td><td>15 2.2kw<\/td><td>22 3kw<\/td><td>30 5.5kw<\/td><\/tr><tr><td>T\u1ed1c \u0111\u1ed9 c\u1ee7a tr\u1ee5c ch\u00ednh<\/td><td>2860r\/min<\/td><td>2860r\/min<\/td><td>2860r\/min<\/td><td>2100r\/min<\/td><\/tr><tr><td>Dung t\u00edch<\/td><td>4t\/h<\/td><td>6t\/gi\u1edd<\/td><td>10t\/h<\/td><td>15t\/h<\/td><\/tr><tr><td>S\u1ed1 l\u01b0\u1ee3ng l\u01b0\u1ee1i dao<\/td><td>32 chi\u1ebfc<\/td><td>40 chi\u1ebfc<\/td><td>48pieces<\/td><td>64 chi\u1ebfc<\/td><\/tr><tr><td>Chi\u1ec1u r\u1ed9ng khay c\u1ea5p li\u1ec7u<\/td><td>240mm<\/td><td>300mm<\/td><td>500mm<\/td><td>800mm<\/td><\/tr><tr><td>Kho\u1ea3ng c\u00e1ch n\u00e9m<\/td><td>\u22652300mm<\/td><td>\u22652300mm<\/td><td>\u22652300mm<\/td><td>\u22652300mm<\/td><\/tr><tr><td>K\u00edch th\u01b0\u1edbc (D*R*C)<\/td><td>2000*750*800mm<\/td><td>3000*900*1050mm<\/td><td>3600*930*1240mm<\/td><td>4200*1170*1250mm<\/td><\/tr><tr><td>C\u00e2n n\u1eb7ng<\/td><td>300kg<\/td><td>980kg<\/td><td>1100kg<\/td><td>1400kg<\/td><\/tr><\/tbody><\/table><figcaption class=\"wp-element-caption\">th\u00f4ng s\u1ed1 c\u1ee7a m\u00e1y c\u1eaft chaff cutter<\/figcaption><\/figure>    <h2 class=\"wp-block-heading\"><strong>C\u00e1c y\u1ebfu t\u1ed1 \u1ea3nh h\u01b0\u1edfng \u0111\u1ebfn gi\u00e1 c\u1ee7a m\u00e1y c\u1eaft chaff<\/strong><\/h2>    <p>The price of the silage cutting machine is affected by a variety of factors, including the machine&#8217;s output, whether it is equipped with an automatic feeding device, the thickness of the machine body material, and the motor power configuration.<\/p>    <figure class=\"wp-block-gallery has-nested-images columns-default is-cropped wp-block-gallery-4 is-layout-flex wp-block-gallery-is-layout-flex\"> <figure class=\"wp-block-image size-large\"><img loading=\"lazy\" decoding=\"async\" width=\"720\" height=\"540\" data-id=\"1361\" src=\"https:\/\/corn-machines.com\/wp-content\/uploads\/2025\/11\/silage-shredding-machine.webp\" alt=\"M\u00e1y x\u00e9 \u1ee7 chua\" class=\"wp-image-1361\" srcset=\"https:\/\/corn-machines.com\/wp-content\/uploads\/2025\/11\/silage-shredding-machine.webp 720w, https:\/\/corn-machines.com\/wp-content\/uploads\/2025\/11\/silage-shredding-machine-300x225.webp 300w, https:\/\/corn-machines.com\/wp-content\/uploads\/2025\/11\/silage-shredding-machine-16x12.webp 16w\" sizes=\"auto, (max-width: 720px) 100vw, 720px\" \/><figcaption class=\"wp-element-caption\">M\u00e1y x\u00e9 \u1ee7 chua<\/figcaption><\/figure>    <figure class=\"wp-block-image size-large\"><img loading=\"lazy\" decoding=\"async\" width=\"720\" height=\"540\" data-id=\"1362\" src=\"https:\/\/corn-machines.com\/wp-content\/uploads\/2025\/11\/chaff-cutter-machine-2.webp\" alt=\"m\u00e1y c\u1eaft r\u01a1m\" class=\"wp-image-1362\" srcset=\"https:\/\/corn-machines.com\/wp-content\/uploads\/2025\/11\/chaff-cutter-machine-2.webp 720w, https:\/\/corn-machines.com\/wp-content\/uploads\/2025\/11\/chaff-cutter-machine-2-300x225.webp 300w, https:\/\/corn-machines.com\/wp-content\/uploads\/2025\/11\/chaff-cutter-machine-2-16x12.webp 16w\" sizes=\"auto, (max-width: 720px) 100vw, 720px\" \/><figcaption class=\"wp-element-caption\">m\u00e1y c\u1eaft r\u01a1m<\/figcaption><\/figure> <\/figure>    <p>H\u01a1n n\u1eefa, s\u1ef1 kh\u00e1c bi\u1ec7t v\u1ec1 tay ngh\u1ec1, ch\u1ea5t l\u01b0\u1ee3ng v\u00e0 d\u1ecbch v\u1ee5 h\u1eadu m\u00e3i gi\u1eefa c\u00e1c nh\u00e0 s\u1ea3n xu\u1ea5t kh\u00e1c nhau s\u1ebd \u1ea3nh h\u01b0\u1edfng tr\u1ef1c ti\u1ebfp \u0111\u1ebfn gi\u00e1 cu\u1ed1i c\u00f9ng. N\u00f3i chung, c\u1ea5u h\u00ecnh cao h\u01a1n, c\u00f4ng su\u1ea5t l\u1edbn h\u01a1n v\u00e0 v\u1eadt li\u1ec7u b\u1ec1n h\u01a1n s\u1ebd l\u00e0m t\u0103ng gi\u00e1.<\/p>    <h2 class=\"wp-block-heading\"><strong>Tr\u01b0\u1eddng h\u1ee3p th\u00e0nh c\u00f4ng c\u1ee7a m\u00e1y c\u1eaft \u1ee7 chua Taizy<\/strong><\/h2>    <p>M\u00e1y c\u1eaft \u1ee7 chua 9RSZ-6 c\u1ee7a ch\u00fang t\u00f4i \u0111\u00e3 \u0111\u01b0\u1ee3c xu\u1ea5t kh\u1ea9u th\u00e0nh c\u00f4ng sang Nigeria. Kh\u00e1ch h\u00e0ng, m\u1ed9t trang tr\u1ea1i ch\u0103n nu\u00f4i b\u00f2 v\u00e0 c\u1eebu quy m\u00f4 l\u1edbn, cu\u1ed1i c\u00f9ng \u0111\u00e3 ch\u1ecdn thi\u1ebft b\u1ecb c\u1ee7a ch\u00fang t\u00f4i sau khi so s\u00e1nh v\u1edbi v\u00e0i nh\u00e0 cung c\u1ea5p. Sau khi m\u00e1y \u0111\u01b0\u1ee3c \u0111\u01b0a v\u00e0o s\u1eed d\u1ee5ng, kh\u00e1ch h\u00e0ng r\u1ea5t h\u00e0i l\u00f2ng v\u1edbi ch\u1ea5t l\u01b0\u1ee3ng v\u00e0 hi\u1ec7u qu\u1ea3 x\u1eed l\u00fd.<\/p>    <figure class=\"wp-block-embed is-type-video is-provider-youtube wp-block-embed-youtube wp-embed-aspect-9-16 wp-has-aspect-ratio\"><div class=\"wp-block-embed__wrapper\"> <iframe loading=\"lazy\" title=\"M\u00e1y c\u1eaft silage t\u1ef1 \u0111\u1ed9ng | M\u00e1y x\u00e9 x\u1ecf r\u01a1m \u0111\u1ec3 b\u0103m c\u1ecf, c\u1ecf, r\u1ea1 c\u00e2y tr\u1ed3ng, v.v.\" width=\"422\" height=\"750\" src=\"https:\/\/www.youtube.com\/embed\/gyG45DUbjNo?feature=oembed\" frameborder=\"0\" allow=\"accelerometer; autoplay; clipboard-write; encrypted-media; gyroscope; picture-in-picture; web-share\" referrerpolicy=\"strict-origin-when-cross-origin\" allowfullscreen><\/iframe> <\/div><figcaption class=\"wp-element-caption\">video ph\u1ea3n h\u1ed3i c\u1ee7a kh\u00e1ch h\u00e0ng<\/figcaption><\/figure>    <h2 class=\"wp-block-heading\"><strong>G\u1ecdi ngay cho ch\u00fang t\u00f4i \u0111\u1ec3 b\u00e1o gi\u00e1 chi ti\u1ebft!<\/strong><\/h2>    <p>D\u00f2ng m\u00e1y c\u1eaft \u1ee7 chua 9RSZ, v\u1edbi kh\u1ea3 n\u0103ng x\u1eed l\u00fd hi\u1ec7u qu\u1ea3 v\u00e0 \u1ed5n \u0111\u1ecbnh, \u0111\u00e3 tr\u1edf th\u00e0nh l\u1ef1a ch\u1ecdn l\u00fd t\u01b0\u1edfng cho nhi\u1ec1u trang tr\u1ea1i v\u00e0 nh\u00e0 ch\u1ebf bi\u1ebfn th\u1ee9c \u0103n xanh.<\/p>    <p class=\"translation-block\">N\u1ebfu b\u1ea1n \u0111ang t\u00ecm ki\u1ebfm gi\u1ea3i ph\u00e1p x\u1eed l\u00fd th\u1ee9c \u0103n xanh to\u00e0n di\u1ec7n h\u01a1n, ch\u00fang t\u00f4i c\u0169ng cung c\u1ea5p to\u00e0n b\u1ed9 h\u1ec7 th\u1ed1ng thi\u1ebft b\u1ecb, bao g\u1ed3m <a href=\"https:\/\/corn-machines.com\/vi\/product\/corn-silage-harvester-machine\/\">m\u00e1y g\u1eb7t \u1ee7 chua<\/a> v\u00e0 <a href=\"https:\/\/corn-machines.com\/vi\/product\/automatic-silage-baler-machine\/\">m\u00e1y baler th\u1ee9c \u0103n xanh<\/a>, c\u00f3 th\u1ec3 \u0111\u01b0\u1ee3c c\u1ea5u h\u00ecnh \u0111\u1ec3 \u0111\u00e1p \u1ee9ng nhu c\u1ea7u ri\u00eang c\u1ee7a b\u1ea1n. H\u00e3y li\u00ean h\u1ec7 v\u1edbi ch\u00fang t\u00f4i b\u1ea5t c\u1ee9 l\u00fac n\u00e0o \u0111\u1ec3 \u0111\u01b0\u1ee3c t\u01b0 v\u1ea5n chuy\u00ean nghi\u1ec7p v\u00e0 b\u00e1o gi\u00e1 thi\u1ebft b\u1ecb!<\/p>","protected":false},"excerpt":{"rendered":"<p>This article describes the structural features, working principle, and application range of the silage cutting machine. This machine can process various raw materials such as chaff, hay, and corn stalks into 10-180mm filamentous forage. The machine operates efficiently and stably, with a production capacity of 4-15t\/h.<\/p>","protected":false},"author":1,"featured_media":1363,"parent":0,"template":"","tags":[42,87,82],"product-type":[86],"class_list":["post-1351","product","type-product","status-publish","has-post-thumbnail","hentry","tag-corn","tag-forage","tag-silage","product-type-corn-silage-processing-machine"],"_links":{"self":[{"href":"https:\/\/corn-machines.com\/vi\/wp-json\/wp\/v2\/product\/1351","targetHints":{"allow":["GET"]}}],"collection":[{"href":"https:\/\/corn-machines.com\/vi\/wp-json\/wp\/v2\/product"}],"about":[{"href":"https:\/\/corn-machines.com\/vi\/wp-json\/wp\/v2\/types\/product"}],"author":[{"embeddable":true,"href":"https:\/\/corn-machines.com\/vi\/wp-json\/wp\/v2\/users\/1"}],"wp:featuredmedia":[{"embeddable":true,"href":"https:\/\/corn-machines.com\/vi\/wp-json\/wp\/v2\/media\/1363"}],"wp:attachment":[{"href":"https:\/\/corn-machines.com\/vi\/wp-json\/wp\/v2\/media?parent=1351"}],"wp:term":[{"taxonomy":"post_tag","embeddable":true,"href":"https:\/\/corn-machines.com\/vi\/wp-json\/wp\/v2\/tags?post=1351"},{"taxonomy":"product-type","embeddable":true,"href":"https:\/\/corn-machines.com\/vi\/wp-json\/wp\/v2\/product-type?post=1351"}],"curies":[{"name":"wp","href":"https:\/\/api.w.org\/{rel}","templated":true}]}}