{"id":124,"date":"2022-09-08T00:59:16","date_gmt":"2022-09-08T00:59:16","guid":{"rendered":"https:\/\/corn-machines.com\/?post_type=product&#038;p=124"},"modified":"2024-12-11T17:43:49","modified_gmt":"2024-12-11T09:43:49","slug":"fresh-corn-thresher-sweet-corn-sheller","status":"publish","type":"product","link":"https:\/\/corn-machines.com\/vi\/product\/fresh-corn-thresher-sweet-corn-sheller\/","title":{"rendered":"M\u00e1y tu\u1ed1t ng\u00f4 t\u01b0\u01a1i | M\u00e1y b\u00f3c v\u1ecf ng\u00f4 ng\u1ecdt"},"content":{"rendered":"<p>M\u00e1y tu\u1ed1t ng\u00f4 t\u01b0\u01a1i c\u00f3 th\u1ec3 b\u00f3c v\u1ecf c\u1ea3 ng\u00f4 t\u01b0\u01a1i v\u00e0 ng\u00f4 ch\u00edn m\u1ed9t c\u00e1ch hi\u1ec7u qu\u1ea3, v\u1edbi c\u00f4ng su\u1ea5t 400-500kg\/h, \u0111\u1ea3m b\u1ea3o h\u1ea1t ng\u00f4 v\u1eabn c\u00f2n nguy\u00ean v\u1eb9n v\u00e0 kh\u00f4ng b\u1ecb h\u01b0 h\u1ea1i trong qu\u00e1 tr\u00ecnh ch\u1ebf bi\u1ebfn.<\/p>    <p>C\u00e1c b\u1ed9 ph\u1eadn c\u1ee7a m\u00e1y tu\u1ed1t ng\u00f4 t\u01b0\u01a1i ti\u1ebfp x\u00fac v\u1edbi ng\u00f4 \u0111\u01b0\u1ee3c ch\u1ebf t\u1ea1o \u0111\u00e1p \u1ee9ng c\u00e1c ti\u00eau chu\u1ea9n nghi\u00eam ng\u1eb7t v\u1ec1 v\u1ec7 sinh th\u1ef1c ph\u1ea9m, \u0111\u1ea3m b\u1ea3o quy tr\u00ecnh tu\u1ed1t ng\u00f4 s\u1ea1ch s\u1ebd, h\u1ee3p v\u1ec7 sinh.<\/p>    <p>S\u1ea3n ph\u1ea9m m\u00e1y tu\u1ed1t ng\u00f4 t\u01b0\u01a1i l\u00fd t\u01b0\u1edfng \u0111\u1ec3 \u0111\u00f3ng g\u00f3i ng\u00f4 \u0111\u00f3ng h\u1ed9p, n\u01b0\u1edbc ng\u00f4 v\u00e0 c\u00e1c s\u1ea3n ph\u1ea9m \u0111\u00f4ng l\u1ea1nh, khi\u1ebfn n\u00f3 tr\u1edf th\u00e0nh gi\u1ea3i ph\u00e1p linh ho\u1ea1t cho nhi\u1ec1u ng\u00e0nh ch\u1ebf bi\u1ebfn th\u1ef1c ph\u1ea9m kh\u00e1c nhau.<\/p>    <figure class=\"wp-block-embed is-type-video is-provider-youtube wp-block-embed-youtube wp-embed-aspect-16-9 wp-has-aspect-ratio\"><div class=\"wp-block-embed__wrapper\"> <iframe loading=\"lazy\" title=\"Thu ho\u1ea1ch ng\u00f4 ng\u1ecdt d\u1ec5 d\u00e0ng: T\u1ed5ng quan v\u1ec1 m\u00e1y tu\u1ed1t l\u00faa #ng\u00f4 #ng\u00f4 #n\u00f4ng nghi\u1ec7p 1TP5N\u00f4ng nghi\u1ec7p\" width=\"500\" height=\"281\" src=\"https:\/\/www.youtube.com\/embed\/yaa1-Qzv5Mk?feature=oembed\" frameborder=\"0\" allow=\"accelerometer; autoplay; clipboard-write; encrypted-media; gyroscope; picture-in-picture; web-share\" referrerpolicy=\"strict-origin-when-cross-origin\" allowfullscreen><\/iframe> <\/div><figcaption class=\"wp-element-caption\">Video ho\u1ea1t \u0111\u1ed9ng c\u1ee7a m\u00e1y tu\u1ed1t ng\u00f4 t\u01b0\u01a1i<\/figcaption><\/figure>    <h2 class=\"wp-block-heading\" id=\"h-raw-materials-for-fresh-corn-thresher\">C\u1ea7n b\u00e1n m\u00e1y tu\u1ed1t ng\u00f4 t\u01b0\u01a1i<\/h2>    <div class=\"wp-block-media-text is-stacked-on-mobile\"><figure class=\"wp-block-media-text__media\"><img loading=\"lazy\" decoding=\"async\" width=\"720\" height=\"540\" src=\"https:\/\/corn-machines.com\/wp-content\/uploads\/2023\/12\/Sweet-Maize-Sheller-Machine.webp\" alt=\"M\u00e1y \u00e9p ng\u00f4 ng\u1ecdt\" class=\"wp-image-530 size-full\" srcset=\"https:\/\/corn-machines.com\/wp-content\/uploads\/2023\/12\/Sweet-Maize-Sheller-Machine.webp 720w, https:\/\/corn-machines.com\/wp-content\/uploads\/2023\/12\/Sweet-Maize-Sheller-Machine-300x225.webp 300w\" sizes=\"auto, (max-width: 720px) 100vw, 720px\" \/><\/figure><div class=\"wp-block-media-text__content\"> <p class=\"translation-block\"><strong>Y\u00eau c\u1ea7u b\u00f3c v\u1ecf<\/strong>:<\/p>    <ul class=\"wp-block-list\"> <li>Ng\u00f4 ph\u1ea3i \u0111\u01b0\u1ee3c b\u00f3c v\u1ecf tr\u01b0\u1edbc khi \u0111\u1eadp.<\/li>    <li>Vi\u1ec7c g\u1ecdt v\u1ecf c\u00f3 th\u1ec3 \u0111\u01b0\u1ee3c th\u1ef1c hi\u1ec7n b\u1eb1ng tay ho\u1eb7c b\u1eb1ng d\u1ee5ng c\u1ee5 g\u1ecdt ng\u00f4.<\/li>    <li>R\u00e2u ng\u00f4 c\u0169ng ph\u1ea3i \u0111\u01b0\u1ee3c lo\u1ea1i b\u1ecf tr\u01b0\u1edbc khi \u0111\u1eadp \u0111\u1ec3 tr\u00e1nh \u0111\u1ec3 l\u1ea1i trong h\u1ea1t.<\/li> <\/ul>    <p class=\"translation-block\"><strong>Lo\u1ea1i ng\u00f4<\/strong>:<\/p>    <ul class=\"wp-block-list\"> <li>Th\u00edch h\u1ee3p \u0111\u1ec3 \u0111\u1eadp t\u1ea5t c\u1ea3 c\u00e1c lo\u1ea1i ng\u00f4, k\u1ec3 c\u1ea3 ng\u00f4 t\u01b0\u01a1i, ng\u00f4 ng\u1ecdt, ng\u00f4 n\u1ebfp v\u00e0 \u0111\u00f4ng l\u1ea1nh (sau khi r\u00e3 \u0111\u00f4ng).<\/li> <\/ul> <\/div><\/div>    <div class=\"wp-block-media-text has-media-on-the-right is-stacked-on-mobile\"><div class=\"wp-block-media-text__content\"> <p class=\"translation-block\"><strong>Quy m\u00f4 s\u1ea3n xu\u1ea5t<\/strong>:<\/p>    <ul class=\"wp-block-list\"> <li>L\u00fd t\u01b0\u1edfng cho s\u1ea3n xu\u1ea5t quy m\u00f4 l\u1edbn trong d\u00e2y chuy\u1ec1n l\u1eafp r\u00e1p.<\/li>    <li>C\u0169ng th\u00edch h\u1ee3p cho s\u1ea3n xu\u1ea5t quy m\u00f4 nh\u1ecf h\u01a1n trong c\u00e1c x\u01b0\u1edfng gia \u0111\u00ecnh.<\/li> <\/ul>    <p class=\"translation-block\"><strong>B\u1ed9 dao<\/strong>:<\/p>    <ul class=\"wp-block-list\"> <li>C\u00f3 b\u1ed9 dao ch\u1ea5t l\u01b0\u1ee3ng cao t\u1ef1 \u0111\u1ed9ng \u0111i\u1ec1u ch\u1ec9nh d\u1ef1a tr\u00ean k\u00edch th\u01b0\u1edbc c\u1ee7a l\u00f5i ng\u00f4.<\/li> <\/ul> <\/div><figure class=\"wp-block-media-text__media\"><img loading=\"lazy\" decoding=\"async\" width=\"720\" height=\"540\" src=\"https:\/\/corn-machines.com\/wp-content\/uploads\/2022\/09\/Raw-materials-for-fresh-corn-thresher.webp\" alt=\"Nguy\u00ean li\u1ec7u cho m\u00e1y tu\u1ed1t ng\u00f4 t\u01b0\u01a1i\" class=\"wp-image-129 size-full\" srcset=\"https:\/\/corn-machines.com\/wp-content\/uploads\/2022\/09\/Raw-materials-for-fresh-corn-thresher.webp 720w, https:\/\/corn-machines.com\/wp-content\/uploads\/2022\/09\/Raw-materials-for-fresh-corn-thresher-300x225.webp 300w\" sizes=\"auto, (max-width: 720px) 100vw, 720px\" \/><\/figure><\/div>    <div class=\"wp-block-media-text is-stacked-on-mobile\"><figure class=\"wp-block-media-text__media\"><img loading=\"lazy\" decoding=\"async\" width=\"720\" height=\"540\" src=\"https:\/\/corn-machines.com\/wp-content\/uploads\/2023\/12\/Fresh-corn-thresher-machine-with-good-price.webp\" alt=\"M\u00e1y tu\u1ed1t ng\u00f4 t\u01b0\u01a1i gi\u00e1 t\u1ed1t\" class=\"wp-image-526 size-full\" srcset=\"https:\/\/corn-machines.com\/wp-content\/uploads\/2023\/12\/Fresh-corn-thresher-machine-with-good-price.webp 720w, https:\/\/corn-machines.com\/wp-content\/uploads\/2023\/12\/Fresh-corn-thresher-machine-with-good-price-300x225.webp 300w\" sizes=\"auto, (max-width: 720px) 100vw, 720px\" \/><\/figure><div class=\"wp-block-media-text__content\"> <p class=\"translation-block\"><strong>X\u00e1t c\u00f3 th\u1ec3 \u0111i\u1ec1u ch\u1ec9nh<\/strong>:<\/p>    <ul class=\"wp-block-list\"> <li>\u0110\u1ed9 s\u00e2u \u0111\u1eadp c\u00f3 th\u1ec3 \u0111i\u1ec1u ch\u1ec9nh \u0111\u1ec3 ph\u1ee5c v\u1ee5 cho c\u00e1c nhu c\u1ea7u kh\u00e1c nhau.<\/li> <\/ul>    <p class=\"translation-block\"><strong>Hi\u1ec7u qu\u1ea3 x\u00e1t<\/strong>:<\/p>    <ul class=\"wp-block-list\"> <li>\u0110\u1ea1t hi\u1ec7u su\u1ea5t \u0111\u1eadp l\u00ean t\u1edbi 99%, \u0111\u1ea3m b\u1ea3o ng\u00f4 \u0111\u01b0\u1ee3c \u0111\u1eadp ho\u00e0n to\u00e0n m\u00e0 kh\u00f4ng b\u1ecb m\u1ea5t ch\u1ea5t dinh d\u01b0\u1ee1ng.<\/li> <\/ul> <\/div><\/div>    <h2 class=\"wp-block-heading\" id=\"h-parameters-of-sweet-corn-thresher\">C\u00e1c th\u00f4ng s\u1ed1 c\u1ee7a m\u00e1y tu\u1ed1t ng\u00f4 ng\u1ecdt<\/h2>    <figure class=\"wp-block-table\"><table><tbody><tr><td>Ng\u01b0\u1eddi m\u1eabu<\/td><td>SL-268<\/td><td>SL-368<\/td><\/tr><tr><td>Dung t\u00edch<\/td><td>400-500kg\/gi\u1edd<\/td><td>400-500kg\/gi\u1edd<\/td><\/tr><tr><td>C\u00e2n n\u1eb7ng<\/td><td>100kg<\/td><td>110kg<\/td><\/tr><tr><td>K\u00edch th\u01b0\u1edbc (mm)<\/td><td>700(L)*620(W)*1250(H)<\/td><td>1320(L)*620(W)*1250(H)<\/td><\/tr><tr><td>\u0110i\u1ec7n \u00e1p<\/td><td>220V, 1 pha<\/td><td>220V, 1 pha<\/td><\/tr><tr><td>Quy\u1ec1n l\u1ef1c<\/td><td>2,2kw<\/td><td>2,2kw<\/td><\/tr><\/tbody><\/table><figcaption class=\"wp-element-caption\">Th\u00f4ng s\u1ed1 k\u1ef9 thu\u1eadt m\u00e1y tu\u1ed1t ng\u00f4 t\u01b0\u01a1i<\/figcaption><\/figure>    <h2 class=\"wp-block-heading\" id=\"h-sweet-corn-thresher-machine-structure\">C\u1ea5u t\u1ea1o m\u00e1y tu\u1ed1t ng\u00f4 ng\u1ecdt<\/h2>    <div class=\"wp-block-media-text alignwide is-stacked-on-mobile\"><figure class=\"wp-block-media-text__media\"><img loading=\"lazy\" decoding=\"async\" width=\"720\" height=\"540\" src=\"https:\/\/corn-machines.com\/wp-content\/uploads\/2022\/09\/corn-sheller.webp\" alt=\"m\u00e1y b\u00f3c v\u1ecf ng\u00f4\" class=\"wp-image-132 size-full\" srcset=\"https:\/\/corn-machines.com\/wp-content\/uploads\/2022\/09\/corn-sheller.webp 720w, https:\/\/corn-machines.com\/wp-content\/uploads\/2022\/09\/corn-sheller-300x225.webp 300w\" sizes=\"auto, (max-width: 720px) 100vw, 720px\" \/><\/figure><div class=\"wp-block-media-text__content\"> <h2 class=\"wp-block-heading\" id=\"h-frequency\">T\u00ednh th\u01b0\u1eddng xuy\u00ean<\/h2>    <ul class=\"wp-block-list\"> <li><strong>V\u1ecb tr\u00ed bi\u1ebfn t\u1ea7n<\/strong>. \u0110\u1eb7t b\u00ean trong m\u00e1y \u0111\u1ec3 v\u1eadn h\u00e0nh hi\u1ec7u qu\u1ea3.<\/li>    <li><strong>T\u1ed1c \u0111\u1ed9 \u0111i\u1ec1u ch\u1ec9nh<\/strong>. T\u1ed1c \u0111\u1ed9 l\u00e0m vi\u1ec7c c\u00f3 th\u1ec3 \u0111\u01b0\u1ee3c t\u00f9y ch\u1ec9nh d\u1ef1a tr\u00ean y\u00eau c\u1ea7u c\u1ee5 th\u1ec3.<\/li> <\/ul> <\/div><\/div>    <div class=\"wp-block-media-text alignwide has-media-on-the-right is-stacked-on-mobile\"><div class=\"wp-block-media-text__content\"> <h2 class=\"wp-block-heading\" id=\"h-automatic-shipping\">H\u1ed9p s\u1ed1 t\u1ef1 \u0111\u1ed9ng<\/h2>    <ul class=\"wp-block-list\"> <li><strong>Thi\u1ebft b\u1ecb v\u1eadn chuy\u1ec3n chu\u1ed7i<\/strong>. \u0110\u01b0\u1ee3c trang b\u1ecb h\u1ec7 th\u1ed1ng d\u00e2y chuy\u1ec1n gi\u00fap v\u1eadn h\u00e0nh \u00eam \u00e1i.<\/li>    <li><strong>v\u1eadn chuy\u1ec3n t\u1ef1 \u0111\u1ed9ng<\/strong>. Cho ph\u00e9p x\u1eed l\u00fd v\u1eadt li\u1ec7u li\u1ec1n m\u1ea1ch v\u00e0 th\u00f4ng minh.<\/li>    <li><strong>T\u0103ng hi\u1ec7u qu\u1ea3<\/strong>. C\u1ea3i thi\u1ec7n \u0111\u00e1ng k\u1ec3 hi\u1ec7u qu\u1ea3 c\u00f4ng vi\u1ec7c t\u1ed5ng th\u1ec3.<\/li> <\/ul> <\/div><figure class=\"wp-block-media-text__media\"><img loading=\"lazy\" decoding=\"async\" width=\"720\" height=\"540\" src=\"https:\/\/corn-machines.com\/wp-content\/uploads\/2022\/09\/Automatic-shipping.webp\" alt=\"v\u1eadn chuy\u1ec3n t\u1ef1 \u0111\u1ed9ng\" class=\"wp-image-136 size-full\" srcset=\"https:\/\/corn-machines.com\/wp-content\/uploads\/2022\/09\/Automatic-shipping.webp 720w, https:\/\/corn-machines.com\/wp-content\/uploads\/2022\/09\/Automatic-shipping-300x225.webp 300w\" sizes=\"auto, (max-width: 720px) 100vw, 720px\" \/><\/figure><\/div>    <div class=\"wp-block-media-text alignwide is-stacked-on-mobile\"><figure class=\"wp-block-media-text__media\"><img loading=\"lazy\" decoding=\"async\" width=\"720\" height=\"540\" src=\"https:\/\/corn-machines.com\/wp-content\/uploads\/2022\/09\/corn-sheller-1.webp\" alt=\"m\u00e1y b\u00f3c v\u1ecf ng\u00f4\" class=\"wp-image-134 size-full\" srcset=\"https:\/\/corn-machines.com\/wp-content\/uploads\/2022\/09\/corn-sheller-1.webp 720w, https:\/\/corn-machines.com\/wp-content\/uploads\/2022\/09\/corn-sheller-1-300x225.webp 300w\" sizes=\"auto, (max-width: 720px) 100vw, 720px\" \/><\/figure><div class=\"wp-block-media-text__content\"> <h2 class=\"wp-block-heading\" id=\"h-blower-design\">Thi\u1ebft k\u1ebf m\u00e1y th\u1ed5i<\/h2>    <ul class=\"wp-block-list\"> <li><strong>\u0110\u01b0\u1ee3c trang b\u1ecb m\u00e1y th\u1ed5i<\/strong>. \u0110\u1ea3m b\u1ea3o ng\u00f4 \u0111\u01b0\u1ee3c l\u00e0m s\u1ea1ch ho\u00e0n to\u00e0n sau khi \u0111\u1eadp.<\/li>    <li><strong>Lo\u1ea1i b\u1ecf vi\u1ec7c l\u00e0m s\u1ea1ch th\u1ee9 c\u1ea5p<\/strong>. Gi\u1ea3m nhu c\u1ea7u th\u1ef1c hi\u1ec7n c\u00e1c b\u01b0\u1edbc l\u00e0m s\u1ea1ch b\u1ed5 sung.<\/li>    <li><strong>Ti\u1ebft ki\u1ec7m th\u1eddi gian v\u00e0 c\u00f4ng s\u1ee9c<\/strong>. N\u00e2ng cao hi\u1ec7u qu\u1ea3 b\u1eb1ng c\u00e1ch h\u1ee3p l\u00fd h\u00f3a quy tr\u00ecnh.<\/li> <\/ul> <\/div><\/div>    <div class=\"wp-block-media-text alignwide has-media-on-the-right is-stacked-on-mobile\"><div class=\"wp-block-media-text__content\"> <h2 class=\"wp-block-heading\" id=\"h-control-panel\">B\u1ea3ng \u0111i\u1ec1u khi\u1ec3n<\/h2>    <ul class=\"wp-block-list\"> <li><strong>T\u00ednh n\u0103ng b\u1ea3ng \u0111i\u1ec1u khi\u1ec3n<\/strong>. Bao g\u1ed3m c\u00f4ng t\u1eafc, ph\u00edm l\u00f9i v\u00e0 ph\u00edm d\u1eebng.<\/li>    <li><strong>Ch\u1ee9c n\u0103ng ph\u00edm \u0111\u1ea3o ng\u01b0\u1ee3c<\/strong>. Cho ph\u00e9p ng\u00f4 di chuy\u1ec3n l\u00f9i n\u1ebfu b\u1ecb k\u1eb9t, gi\u1ea3i quy\u1ebft t\u1eafc ngh\u1ebdn.<\/li>    <li><strong>V\u1eadn h\u00e0nh \u00eam \u00e1i<\/strong>. \u0110\u1ea3m b\u1ea3o m\u00e1y \u0111\u1eadp li\u00ean t\u1ee5c v\u00e0 hi\u1ec7u qu\u1ea3.<\/li> <\/ul> <\/div><figure class=\"wp-block-media-text__media\"><img loading=\"lazy\" decoding=\"async\" width=\"720\" height=\"540\" src=\"https:\/\/corn-machines.com\/wp-content\/uploads\/2022\/09\/fresh-corn-thresher-2.webp\" alt=\"m\u00e1y tu\u1ed1t ng\u00f4 t\u01b0\u01a1i\" class=\"wp-image-135 size-full\" srcset=\"https:\/\/corn-machines.com\/wp-content\/uploads\/2022\/09\/fresh-corn-thresher-2.webp 720w, https:\/\/corn-machines.com\/wp-content\/uploads\/2022\/09\/fresh-corn-thresher-2-300x225.webp 300w\" sizes=\"auto, (max-width: 720px) 100vw, 720px\" \/><\/figure><\/div>    <div class=\"wp-block-media-text alignwide is-stacked-on-mobile\"><figure class=\"wp-block-media-text__media\"><img loading=\"lazy\" decoding=\"async\" width=\"720\" height=\"540\" src=\"https:\/\/corn-machines.com\/wp-content\/uploads\/2022\/09\/Corn-cob-export.webp\" alt=\"Xu\u1ea5t kh\u1ea9u l\u00f5i ng\u00f4\" class=\"wp-image-137 size-full\" srcset=\"https:\/\/corn-machines.com\/wp-content\/uploads\/2022\/09\/Corn-cob-export.webp 720w, https:\/\/corn-machines.com\/wp-content\/uploads\/2022\/09\/Corn-cob-export-300x225.webp 300w\" sizes=\"auto, (max-width: 720px) 100vw, 720px\" \/><\/figure><div class=\"wp-block-media-text__content\"> <h2 class=\"wp-block-heading\" id=\"h-corn-cob-export\">Xu\u1ea5t kh\u1ea9u l\u00f5i ng\u00f4<\/h2>    <ul class=\"wp-block-list\"> <li><strong>K\u00edch th\u01b0\u1edbc \u1ed5 c\u1eafm c\u00f3 th\u1ec3 \u0111i\u1ec1u ch\u1ec9nh<\/strong>. T\u1ef1 \u0111\u1ed9ng \u0111i\u1ec1u ch\u1ec9nh theo k\u00edch th\u01b0\u1edbc c\u1ee7a ng\u00f4.<\/li>    <li><strong>Lo\u1ea1i b\u1ecf ho\u00e0n to\u00e0n h\u1ea1t nh\u00e2n<\/strong>. \u0110\u1ea3m b\u1ea3o t\u1ea5t c\u1ea3 c\u00e1c h\u1ea1t ng\u00f4 \u0111\u1ec1u \u0111\u01b0\u1ee3c \u0111\u1eadp k\u1ef9.<\/li>    <li><strong>Ph\u00f2ng ng\u1eeba thi\u1ec7t h\u1ea1i<\/strong>. B\u1ea3o v\u1ec7 ng\u00f4 kh\u1ecfi b\u1ecb t\u1ed5n h\u1ea1i trong qu\u00e1 tr\u00ecnh \u0111\u1eadp l\u00faa.<\/li> <\/ul> <\/div><\/div>    <h2 class=\"wp-block-heading\" id=\"h-advantages-of-fresh-corn-thresher\">\u01afu \u0111i\u1ec3m c\u1ee7a m\u00e1y tu\u1ed1t ng\u00f4 t\u01b0\u01a1i<\/h2>    <div class=\"wp-block-media-text is-stacked-on-mobile\"><figure class=\"wp-block-media-text__media\"><img loading=\"lazy\" decoding=\"async\" width=\"720\" height=\"540\" src=\"https:\/\/corn-machines.com\/wp-content\/uploads\/2022\/09\/corn-thresher-1.webp\" alt=\"m\u00e1y tu\u1ed1t ng\u00f4\" class=\"wp-image-131 size-full\" srcset=\"https:\/\/corn-machines.com\/wp-content\/uploads\/2022\/09\/corn-thresher-1.webp 720w, https:\/\/corn-machines.com\/wp-content\/uploads\/2022\/09\/corn-thresher-1-300x225.webp 300w\" sizes=\"auto, (max-width: 720px) 100vw, 720px\" \/><\/figure><div class=\"wp-block-media-text__content\"> <ul class=\"wp-block-list\"> <li><strong>Thi\u1ebft k\u1ebf chu \u0111\u00e1o<\/strong>. \u0110\u01b0\u1ee3c trang b\u1ecb b\u00e1nh xe gi\u00fap di chuy\u1ec3n d\u1ec5 d\u00e0ng v\u00e0 linh ho\u1ea1t.<\/li>    <li><strong>Con l\u0103n cao su an to\u00e0n v\u00e0 b\u1ec1n b\u1ec9<\/strong>. \u0110\u01b0\u1ee3c l\u00e0m b\u1eb1ng ch\u1ea5t li\u1ec7u kh\u00f4ng \u0111\u1ed9c h\u1ea1i, m\u1ec1m m\u1ea1i v\u00e0 \u0111\u00e0n h\u1ed3i \u0111\u1ec3 \u0111\u1ea3m b\u1ea3o v\u1ecf ng\u00f4 si\u00eau m\u1ecfng v\u1eabn c\u00f2n nguy\u00ean trong qu\u00e1 tr\u00ecnh cho \u0103n, ng\u0103n ng\u1eeba hi\u1ec7n t\u01b0\u1ee3ng bong tr\u00f3c da v\u00e0 tr\u00e0n n\u1ed9i dung.<\/li> <\/ul> <\/div><\/div>    <div class=\"wp-block-media-text has-media-on-the-right is-stacked-on-mobile\"><div class=\"wp-block-media-text__content\"> <ul class=\"wp-block-list\"> <li><strong>T\u1ef1 \u0111\u1ed9ng \u0111i\u1ec1u ch\u1ec9nh k\u00edch th\u01b0\u1edbc<\/strong>. Th\u00edch \u1ee9ng v\u1edbi k\u00edch th\u01b0\u1edbc c\u1ee7a ng\u00f4, \u0111\u1ea3m b\u1ea3o t\u1ef7 l\u1ec7 lo\u1ea1i b\u1ecf h\u1ea1t ng\u00f4 cao.<\/li>    <li><strong>H\u1ec7 th\u1ed1ng cho \u0103n hi\u1ec7u qu\u1ea3<\/strong>. S\u1eed d\u1ee5ng d\u00e2y chuy\u1ec1n v\u1eadn chuy\u1ec3n \u0111\u1ec3 cho ng\u00f4 \u0103n thu\u1eadn ti\u1ec7n, n\u00e2ng cao \u0111\u00e1ng k\u1ec3 hi\u1ec7u qu\u1ea3 c\u00f4ng vi\u1ec7c.<\/li> <\/ul> <\/div><figure class=\"wp-block-media-text__media\"><img loading=\"lazy\" decoding=\"async\" width=\"720\" height=\"540\" src=\"https:\/\/corn-machines.com\/wp-content\/uploads\/2022\/09\/Corn-thresher-effect.webp\" alt=\"s\u1ea3n ph\u1ea9m cu\u1ed1i c\u00f9ng c\u1ee7a m\u00e1y b\u00f3c v\u1ecf ng\u00f4 ng\u1ecdt\" class=\"wp-image-142 size-full\" srcset=\"https:\/\/corn-machines.com\/wp-content\/uploads\/2022\/09\/Corn-thresher-effect.webp 720w, https:\/\/corn-machines.com\/wp-content\/uploads\/2022\/09\/Corn-thresher-effect-300x225.webp 300w\" sizes=\"auto, (max-width: 720px) 100vw, 720px\" \/><\/figure><\/div>    <h2 class=\"wp-block-heading\">M\u1ed9t tr\u01b0\u1eddng h\u1ee3p th\u00e0nh c\u00f4ng c\u1ee7a m\u00e1y tu\u1ed1t ng\u00f4 t\u01b0\u01a1i c\u1ee7a ch\u00fang t\u00f4i<\/h2>    <p>T\u1ea1i m\u1ed9t doanh nghi\u1ec7p n\u00f4ng nghi\u1ec7p n\u1ed5i ti\u1ebfng \u1edf Canada, M\u00e1y tu\u1ed1t ng\u00f4 t\u01b0\u01a1i c\u1ee7a ch\u00fang t\u00f4i \u0111\u00e3 mang l\u1ea1i nh\u1eefng k\u1ebft qu\u1ea3 \u0111\u1eb7c bi\u1ec7t. M\u00e1y \u0111\u00e3 \u0111\u01b0\u1ee3c ch\u1ee9ng minh l\u00e0 c\u00f3 hi\u1ec7u qu\u1ea3 cao trong vi\u1ec7c \u0111\u1eadp l\u00faa nhanh v\u00e0 \u0111\u1eb7c bi\u1ec7t th\u00e0nh th\u1ea1o trong vi\u1ec7c qu\u1ea3n l\u00fd thu ho\u1ea1ch ng\u00f4 quy m\u00f4 l\u1edbn.<\/p>    <p>B\u1eb1ng c\u00e1ch c\u1ea3i thi\u1ec7n \u0111\u00e1ng k\u1ec3 hi\u1ec7u qu\u1ea3 s\u1ea3n xu\u1ea5t, m\u00e1y \u0111\u00e3 gi\u00fap kh\u00e1ch h\u00e0ng gi\u1ea3m gi\u1edd lao \u0111\u1ed9ng trong m\u00f9a thu ho\u1ea1ch cao \u0111i\u1ec3m trong khi v\u1eabn duy tr\u00ec n\u0103ng su\u1ea5t ng\u00f4 ch\u1ea5t l\u01b0\u1ee3ng cao \u1ed5n \u0111\u1ecbnh. <\/p>    <p>Kh\u00e1ch h\u00e0ng b\u00e0y t\u1ecf s\u1ef1 h\u00e0i l\u00f2ng cao v\u1ec1 \u0111\u1ed9 b\u1ec1n v\u00e0 \u0111\u1ed9 tin c\u1eady c\u1ee7a m\u00e1y, \u0111\u1ed3ng th\u1eddi ca ng\u1ee3i vai tr\u00f2 c\u1ee7a n\u00f3 trong vi\u1ec7c hi\u1ec7n \u0111\u1ea1i h\u00f3a v\u00e0 h\u1ee3p l\u00fd h\u00f3a c\u00e1c ho\u1ea1t \u0111\u1ed9ng n\u00f4ng nghi\u1ec7p c\u1ee7a h\u1ecd.<\/p>    <figure class=\"wp-block-gallery has-nested-images columns-default is-cropped wp-block-gallery-2 is-layout-flex wp-block-gallery-is-layout-flex\"> <figure class=\"wp-block-image size-full\"><img loading=\"lazy\" decoding=\"async\" width=\"720\" height=\"540\" data-id=\"130\" src=\"https:\/\/corn-machines.com\/wp-content\/uploads\/2022\/09\/sweet-corn-thresher.webp\" alt=\"m\u00e1y tu\u1ed1t ng\u00f4 ng\u1ecdt\" class=\"wp-image-130\" srcset=\"https:\/\/corn-machines.com\/wp-content\/uploads\/2022\/09\/sweet-corn-thresher.webp 720w, https:\/\/corn-machines.com\/wp-content\/uploads\/2022\/09\/sweet-corn-thresher-300x225.webp 300w\" sizes=\"auto, (max-width: 720px) 100vw, 720px\" \/><figcaption class=\"wp-element-caption\">m\u00e1y tu\u1ed1t ng\u00f4 ng\u1ecdt \u0111\u1ec3 b\u00e1n<\/figcaption><\/figure>    <figure class=\"wp-block-image size-full\"><img loading=\"lazy\" decoding=\"async\" width=\"720\" height=\"540\" data-id=\"492\" src=\"https:\/\/corn-machines.com\/wp-content\/uploads\/2023\/11\/sweet-corn-sheller-machine-with-good-price.webp\" alt=\"m\u00e1y b\u00f3c v\u1ecf ng\u00f4 ng\u1ecdt v\u1edbi gi\u00e1 t\u1ed1t\" class=\"wp-image-492\" srcset=\"https:\/\/corn-machines.com\/wp-content\/uploads\/2023\/11\/sweet-corn-sheller-machine-with-good-price.webp 720w, https:\/\/corn-machines.com\/wp-content\/uploads\/2023\/11\/sweet-corn-sheller-machine-with-good-price-300x225.webp 300w\" sizes=\"auto, (max-width: 720px) 100vw, 720px\" \/><figcaption class=\"wp-element-caption\">m\u00e1y b\u00f3c v\u1ecf ng\u00f4 ng\u1ecdt v\u1edbi gi\u00e1 t\u1ed1t<\/figcaption><\/figure> <\/figure>    <h2 class=\"wp-block-heading\">Ph\u1ea7n k\u1ebft lu\u1eadn<\/h2>    <p class=\"translation-block\">Ngo\u00e0i M\u00e1y T\u00e1ch H\u1ea1t Ng\u00f4 T\u01b0\u01a1i, ch\u00fang t\u00f4i c\u00f2n cung c\u1ea5p m\u1ed9t lo\u1ea1t c\u00e1c m\u00e1y ch\u1ebf bi\u1ebfn ng\u00f4, bao g\u1ed3m <a href=\"https:\/\/corn-machines.com\/vi\/product\/corn-peeling-and-threshing-machine\/\" data-type=\"link\" data-id=\"https:\/\/corn-machines.com\/product\/corn-peeling-and-threshing-machine\/\">m\u00e1y b\u00f3c v\u1ecf ng\u00f4<\/a>, <a href=\"https:\/\/corn-machines.com\/vi\/product\/9fq-hammer-mill-machine\/\" data-type=\"link\" data-id=\"https:\/\/corn-machines.com\/product\/9fq-hammer-mill-machine\/\">m\u00e1y nghi\u1ec1n ng\u00f4<\/a> v\u00e0 <a href=\"https:\/\/corn-machines.com\/vi\/product\/corn-grain-mill-machine\/\" data-type=\"link\" data-id=\"https:\/\/corn-machines.com\/product\/corn-grain-mill-machine\/\">m\u00e1y xay b\u1ed9t ng\u00f4<\/a>, \u0111\u1ec3 \u0111\u00e1p \u1ee9ng nhu c\u1ea7u s\u1ea3n xu\u1ea5t \u0111a d\u1ea1ng. <\/p>    <p class=\"translation-block\">Vui l\u00f2ng li\u00ean h\u1ec7 v\u1edbi ch\u00fang t\u00f4i \u0111\u1ec3 bi\u1ebft th\u00eam th\u00f4ng tin ho\u1eb7c y\u00eau c\u1ea7u b\u00e1o gi\u00e1. Ch\u00fang t\u00f4i s\u1eb5n s\u00e0ng cung c\u1ea5p cho b\u1ea1n c\u00e1c gi\u1ea3i ph\u00e1p t\u1ed1t nh\u1ea5t cho nhu c\u1ea7u ch\u1ebf bi\u1ebfn <a href=\"https:\/\/en.wikipedia.org\/wiki\/Maize\" data-type=\"link\" data-id=\"https:\/\/en.wikipedia.org\/wiki\/Maize\" target=\"_blank\" rel=\"noopener\">ng\u00f4<\/a> c\u1ee7a b\u1ea1n!<\/p>    <figure class=\"wp-block-image size-full\"><img loading=\"lazy\" decoding=\"async\" width=\"720\" height=\"540\" src=\"https:\/\/corn-machines.com\/wp-content\/uploads\/2022\/09\/Application-of-fresh-corn-thresher.webp\" alt=\"\u1ee8ng d\u1ee5ng c\u1ee7a m\u00e1y tu\u1ed1t ng\u00f4 t\u01b0\u01a1i\" class=\"wp-image-127\" srcset=\"https:\/\/corn-machines.com\/wp-content\/uploads\/2022\/09\/Application-of-fresh-corn-thresher.webp 720w, https:\/\/corn-machines.com\/wp-content\/uploads\/2022\/09\/Application-of-fresh-corn-thresher-300x225.webp 300w\" sizes=\"auto, (max-width: 720px) 100vw, 720px\" \/><figcaption class=\"wp-element-caption\">\u1ee8ng d\u1ee5ng c\u1ee7a m\u00e1y tu\u1ed1t ng\u00f4 t\u01b0\u01a1i<\/figcaption><\/figure>","protected":false},"excerpt":{"rendered":"<p>M\u00e1y tu\u1ed1t ng\u00f4 t\u01b0\u01a1i c\u00f3 th\u1ec3 b\u00f3c v\u1ecf c\u1ea3 ng\u00f4 t\u01b0\u01a1i v\u00e0 ng\u00f4 ch\u00edn m\u1ed9t c\u00e1ch hi\u1ec7u qu\u1ea3, v\u1edbi c\u00f4ng su\u1ea5t 400-500kg\/h, \u0111\u1ea3m b\u1ea3o h\u1ea1t ng\u00f4 v\u1eabn c\u00f2n nguy\u00ean v\u1eb9n v\u00e0 kh\u00f4ng b\u1ecb h\u01b0 h\u1ea1i trong qu\u00e1 tr\u00ecnh ch\u1ebf bi\u1ebfn.<\/p>","protected":false},"author":1,"featured_media":126,"parent":0,"template":"","tags":[18,16,33,17],"product-type":[4],"class_list":["post-124","product","type-product","status-publish","has-post-thumbnail","hentry","tag-corn-shelling","tag-corn-thresher","tag-corn-threshing-machine","tag-sheller","product-type-corn-thresher-machine"],"_links":{"self":[{"href":"https:\/\/corn-machines.com\/vi\/wp-json\/wp\/v2\/product\/124","targetHints":{"allow":["GET"]}}],"collection":[{"href":"https:\/\/corn-machines.com\/vi\/wp-json\/wp\/v2\/product"}],"about":[{"href":"https:\/\/corn-machines.com\/vi\/wp-json\/wp\/v2\/types\/product"}],"author":[{"embeddable":true,"href":"https:\/\/corn-machines.com\/vi\/wp-json\/wp\/v2\/users\/1"}],"wp:featuredmedia":[{"embeddable":true,"href":"https:\/\/corn-machines.com\/vi\/wp-json\/wp\/v2\/media\/126"}],"wp:attachment":[{"href":"https:\/\/corn-machines.com\/vi\/wp-json\/wp\/v2\/media?parent=124"}],"wp:term":[{"taxonomy":"post_tag","embeddable":true,"href":"https:\/\/corn-machines.com\/vi\/wp-json\/wp\/v2\/tags?post=124"},{"taxonomy":"product-type","embeddable":true,"href":"https:\/\/corn-machines.com\/vi\/wp-json\/wp\/v2\/product-type?post=124"}],"curies":[{"name":"wp","href":"https:\/\/api.w.org\/{rel}","templated":true}]}}