{"id":1122,"date":"2025-10-30T11:33:43","date_gmt":"2025-10-30T03:33:43","guid":{"rendered":"https:\/\/corn-machines.com\/?post_type=product&#038;p=1122"},"modified":"2025-10-30T13:31:00","modified_gmt":"2025-10-30T05:31:00","slug":"maize-harvesting-machine-with-seat","status":"publish","type":"product","link":"https:\/\/corn-machines.com\/vi\/product\/maize-harvesting-machine-with-seat\/","title":{"rendered":"M\u00e1y thu ho\u1ea1ch ng\u00f4 c\u00f3 gh\u1ebf"},"content":{"rendered":"<p class=\"translation-block\">M\u00e1y thu ho\u1ea1ch ng\u00f4 c\u00f3 gh\u1ebf l\u00e0 m\u1ed9t thi\u1ebft b\u1ecb \u0111a ch\u1ee9c n\u0103ng t\u00edch h\u1ee3p h\u00e1i ng\u00f4, b\u00f3c v\u1ecf, nghi\u1ec1n th\u00e2n c\u00e2y v\u00e0 thu gom ng\u00f4. N\u00f3 c\u00f3 th\u1ec3 ho\u00e0n th\u00e0nh to\u00e0n b\u1ed9 qu\u00e1 tr\u00ecnh thu ho\u1ea1ch ng\u00f4 trong m\u1ed9t l\u1ea7n v\u1eadn h\u00e0nh, n\u00e2ng cao \u0111\u00e1ng k\u1ec3 hi\u1ec7u qu\u1ea3 c\u00f4ng vi\u1ec7c.<\/p>    <p>Hi\u1ec7u qu\u1ea3 s\u1ea3n xu\u1ea5t c\u1ee7a m\u00e1y g\u1eb7t ng\u00f4 c\u1ee7a ch\u00fang t\u00f4i l\u00e0 0.05\u20130.12 hm\u00b2\/h, v\u00e0 ph\u1ea1m vi l\u00e0m vi\u1ec7c l\u00e0 650mm. M\u00e1y g\u1eb7t ng\u00f4 n\u00e0y \u0111\u01b0\u1ee3c trang b\u1ecb gh\u1ebf cho ng\u01b0\u1eddi v\u1eadn h\u00e0nh, l\u00e0m cho vi\u1ec7c v\u1eadn h\u00e0nh tr\u1edf n\u00ean tho\u1ea3i m\u00e1i v\u00e0 d\u1ec5 d\u00e0ng, ph\u00f9 h\u1ee3p cho ho\u1ea1t \u0111\u1ed9ng li\u00ean t\u1ee5c l\u00e2u d\u00e0i.<\/p>    <figure class=\"wp-block-embed is-type-video is-provider-youtube wp-block-embed-youtube wp-embed-aspect-16-9 wp-has-aspect-ratio\"><div class=\"wp-block-embed__wrapper\"> <iframe loading=\"lazy\" title=\"\ud83c\udf3d\ud83c\udf3dM\u00e1y thu ho\u1ea1ch ng\u00f4 c\u00f3 gh\u1ebf | M\u00e1y thu ho\u1ea1ch ng\u00f4 cho h\u00e1i, b\u00f3c v\u1ecf, thu gom\" width=\"500\" height=\"281\" src=\"https:\/\/www.youtube.com\/embed\/fg1-A7DeyfA?feature=oembed\" frameborder=\"0\" allow=\"accelerometer; autoplay; clipboard-write; encrypted-media; gyroscope; picture-in-picture; web-share\" referrerpolicy=\"strict-origin-when-cross-origin\" allowfullscreen><\/iframe> <\/div><figcaption class=\"wp-element-caption\">Video ho\u1ea1t \u0111\u1ed9ng c\u1ee7a m\u00e1y thu ho\u1ea1ch ng\u00f4<\/figcaption><\/figure>    <h2 class=\"wp-block-heading\"><strong>\u0110\u1eb7c \u0111i\u1ec3m c\u1ee7a m\u00e1y thu ho\u1ea1ch ng\u00f4 c\u00f3 gh\u1ebf<\/strong><\/h2>    <ul class=\"wp-block-list\"> <li><strong>: V\u1eadn h\u00e0nh \u0111a ch\u1ee9c n\u0103ng<\/strong>: M\u00e1y thu ho\u1ea1ch ng\u00f4 c\u1ee7a ch\u00fang t\u00f4i c\u00f3 th\u1ec3 th\u1ef1c hi\u1ec7n nhi\u1ec1u ch\u1ee9c n\u0103ng nh\u01b0 thu ho\u1ea1ch, b\u00f3c v\u1ecf v\u00e0 thu gom ng\u00f4, ti\u1ebft ki\u1ec7m nh\u00e2n l\u1ef1c v\u00e0 th\u1eddi gian.<\/li>    <li><strong>V\u1eadn h\u00e0nh tho\u1ea3i m\u00e1i<\/strong>: Taizy maize harvester machine&#8217;s seat design provides a wide field of vision, making the operation more comfortable and less tiring.<\/li>    <li><strong>Hi\u1ec7u su\u1ea5t \u1ed5n \u0111\u1ecbnh<\/strong>: M\u00e1y thu ho\u1ea1ch ng\u00f4 s\u1eed d\u1ee5ng h\u1ec7 th\u1ed1ng ngu\u1ed3n n\u0103ng l\u01b0\u1ee3ng hi\u1ec7u qu\u1ea3 cao v\u00e0 thi\u1ebft k\u1ebf c\u1ea5u tr\u00fac t\u1ed1i \u01b0u, th\u00edch nghi v\u1edbi c\u00e1c \u0111\u1ecba h\u00ecnh v\u00e0 m\u00f4i tr\u01b0\u1eddng l\u00e0m vi\u1ec7c kh\u00e1c nhau.<\/li>    <li><strong>Tu\u1ed5i th\u1ecd d\u00e0i<\/strong>: C\u00e1c b\u1ed9 ph\u1eadn c\u1ee7a n\u00f3 d\u1ec5 th\u00e1o l\u1eafp v\u00e0 b\u1ea3o tr\u00ec, gi\u00fap gi\u1ea3m chi ph\u00ed v\u1eadn h\u00e0nh v\u00e0 tu\u1ed5i th\u1ecd d\u00e0i.<\/li> <\/ul>    <figure class=\"wp-block-gallery has-nested-images columns-default is-cropped wp-block-gallery-2 is-layout-flex wp-block-gallery-is-layout-flex\"> <figure class=\"wp-block-image size-large\"><img loading=\"lazy\" decoding=\"async\" width=\"720\" height=\"540\" data-id=\"1124\" src=\"https:\/\/corn-machines.com\/wp-content\/uploads\/2025\/10\/corn-harvester-with-seat.webp\" alt=\"m\u00e1y thu ho\u1ea1ch ng\u00f4 c\u00f3 gh\u1ebf\" class=\"wp-image-1124\" srcset=\"https:\/\/corn-machines.com\/wp-content\/uploads\/2025\/10\/corn-harvester-with-seat.webp 720w, https:\/\/corn-machines.com\/wp-content\/uploads\/2025\/10\/corn-harvester-with-seat-300x225.webp 300w, https:\/\/corn-machines.com\/wp-content\/uploads\/2025\/10\/corn-harvester-with-seat-16x12.webp 16w\" sizes=\"auto, (max-width: 720px) 100vw, 720px\" \/><figcaption class=\"wp-element-caption\">m\u00e1y thu ho\u1ea1ch ng\u00f4 c\u00f3 gh\u1ebf<\/figcaption><\/figure>    <figure class=\"wp-block-image size-large\"><img loading=\"lazy\" decoding=\"async\" width=\"720\" height=\"540\" data-id=\"1123\" src=\"https:\/\/corn-machines.com\/wp-content\/uploads\/2025\/10\/corn-harvested-by-mazie-harvester.webp\" alt=\"Ng\u00f4 thu ho\u1ea1ch b\u1edfi m\u00e1y thu ho\u1ea1ch ng\u00f4\" class=\"wp-image-1123\" srcset=\"https:\/\/corn-machines.com\/wp-content\/uploads\/2025\/10\/corn-harvested-by-mazie-harvester.webp 720w, https:\/\/corn-machines.com\/wp-content\/uploads\/2025\/10\/corn-harvested-by-mazie-harvester-300x225.webp 300w, https:\/\/corn-machines.com\/wp-content\/uploads\/2025\/10\/corn-harvested-by-mazie-harvester-16x12.webp 16w\" sizes=\"auto, (max-width: 720px) 100vw, 720px\" \/><figcaption class=\"wp-element-caption\">Ng\u00f4 thu ho\u1ea1ch b\u1edfi m\u00e1y thu ho\u1ea1ch ng\u00f4<\/figcaption><\/figure> <\/figure>    <h2 class=\"wp-block-heading\"><strong>C\u1ea5u tr\u00fac c\u1ee7a m\u00e1y thu ho\u1ea1ch ng\u00f4<\/strong><\/h2>    <p>M\u00e1y thu ho\u1ea1ch ng\u00f4 n\u00e0y c\u00f3 c\u1ea5u tr\u00fac \u1ed5n \u0111\u1ecbnh, b\u1ed1 tr\u00ed h\u1ee3p l\u00fd v\u00e0 ho\u1ea1t \u0111\u1ed9ng ph\u1ed1i h\u1ee3p c\u1ee7a t\u1ea5t c\u1ea3 c\u00e1c m\u00f4-\u0111un ch\u1ee9c n\u0103ng, \u0111\u1ea3m b\u1ea3o ho\u1ea1t \u0111\u1ed9ng tr\u01a1n tru t\u1ed5ng th\u1ec3. C\u1ea5u tr\u00fac ch\u00ednh c\u1ee7a n\u00f3 nh\u01b0 sau:<\/p>    <ul class=\"wp-block-list\"> <li><strong>Thi\u1ebft b\u1ecb thu ho\u1ea1ch<\/strong>: B\u1ed9 ph\u1eadn n\u00e0y l\u00e0 c\u01a1 ch\u1ebf v\u1eadn h\u00e0nh ch\u00ednh c\u1ee7a to\u00e0n b\u1ed9 m\u00e1y. Thi\u1ebft b\u1ecb s\u1ebd c\u1eaft b\u1ecf th\u00e2n c\u00e2y ng\u00f4 v\u00e0 ho\u00e0n th\u00e0nh vi\u1ec7c thu ho\u1ea1ch ng\u00f4, t\u00e1ch ng\u00f4 kh\u1ecfi th\u00e2n c\u00e2y m\u1ed9t c\u00e1ch hi\u1ec7u qu\u1ea3.<\/li>    <li><strong>H\u1ec7 th\u1ed1ng v\u1eadn chuy\u1ec3n v\u00e0 b\u00f3c v\u1ecf<\/strong>: B\u1eafp ng\u00f4 \u0111\u01b0\u1ee3c chuy\u1ec3n v\u00e0o c\u01a1 ch\u1ebf b\u00f3c v\u1ecf \u0111\u1ec3 t\u1ef1 \u0111\u1ed9ng t\u00e1ch v\u1ecf. Sau khi l\u1edbp v\u1ecf ngo\u00e0i \u0111\u01b0\u1ee3c lo\u1ea1i b\u1ecf, n\u00f3 t\u1ef1 \u0111\u1ed9ng x\u1ea3 ra.<\/li>    <li><strong>Th\u00f9ng thu gom ng\u00f4<\/strong>: N\u00f3 \u0111\u01b0\u1ee3c s\u1eed d\u1ee5ng \u0111\u1ec3 thu th\u1eadp b\u1eafp ng\u00f4 \u0111\u00e3 b\u00f3c v\u1ecf. N\u00f3 t\u1ea1o \u0111i\u1ec1u ki\u1ec7n thu\u1eadn l\u1ee3i cho vi\u1ec7c d\u1ee1 h\u00e0ng th\u1ee7 c\u00f4ng ho\u1eb7c chuy\u1ec3n giao.<\/li>    <li><strong>H\u1ec7 th\u1ed1ng ngu\u1ed3n \u0111i\u1ec7n<\/strong>: H\u1ec7 th\u1ed1ng ngu\u1ed3n cung c\u1ea5p n\u0103ng l\u01b0\u1ee3ng \u1ed5n \u0111\u1ecbnh cho c\u00e1c h\u1ec7 th\u1ed1ng thu ho\u1ea1ch, truy\u1ec1n t\u1ea3i v\u00e0 nghi\u1ec1n c\u1ee7a to\u00e0n b\u1ed9 m\u00e1y.<\/li>    <li><strong>C\u00e1c th\u00e0nh ph\u1ea7n \u0111i\u1ec1u khi\u1ec3n v\u00e0 truy\u1ec1n \u0111\u1ed9ng<\/strong>: Ng\u01b0\u1eddi v\u1eadn h\u00e0nh c\u00f3 th\u1ec3 \u0111i\u1ec1u khi\u1ec3n xe trong khi ng\u1ed3i, v\u00e0 c\u00e1c tay \u0111i\u1ec1u khi\u1ec3n \u0111\u01b0\u1ee3c s\u1eafp x\u1ebfp h\u1ee3p l\u00fd \u0111\u1ec3 d\u1ec5 v\u1eadn h\u00e0nh.<\/li> <\/ul>   <div class=\"wp-block-image\"> <figure class=\"aligncenter size-full\"><img loading=\"lazy\" decoding=\"async\" width=\"720\" height=\"540\" src=\"https:\/\/corn-machines.com\/wp-content\/uploads\/2025\/10\/maize-harvester-with-seat.webp\" alt=\"m\u00e1y thu ho\u1ea1ch ng\u00f4 c\u00f3 gh\u1ebf\" class=\"wp-image-1125\" srcset=\"https:\/\/corn-machines.com\/wp-content\/uploads\/2025\/10\/maize-harvester-with-seat.webp 720w, https:\/\/corn-machines.com\/wp-content\/uploads\/2025\/10\/maize-harvester-with-seat-300x225.webp 300w, https:\/\/corn-machines.com\/wp-content\/uploads\/2025\/10\/maize-harvester-with-seat-16x12.webp 16w\" sizes=\"auto, (max-width: 720px) 100vw, 720px\" \/><figcaption class=\"wp-element-caption\">m\u00e1y thu ho\u1ea1ch ng\u00f4 c\u00f3 gh\u1ebf<\/figcaption><\/figure> <\/div>   <h2 class=\"wp-block-heading\"><strong>Th\u00f4ng s\u1ed1 k\u1ef9 thu\u1eadt c\u1ee7a m\u00e1y thu ho\u1ea1ch ng\u00f4 <\/strong><\/h2>    <p>M\u00e1y thu ho\u1ea1ch ng\u00f4 n\u00e0y c\u00f3 c\u1ea5u tr\u00fac nh\u1ecf g\u1ecdn, v\u1eadn h\u00e0nh m\u01b0\u1ee3t m\u00e0 v\u00e0 ph\u00f9 h\u1ee3p v\u1edbi nhi\u1ec1u \u0111\u1ecba h\u00ecnh, mang l\u1ea1i tr\u1ea3i nghi\u1ec7m ng\u01b0\u1eddi d\u00f9ng t\u1ed1t v\u00e0 hi\u1ec7u su\u1ea5t \u0111\u00e1ng tin c\u1eady. C\u00e1c th\u00f4ng s\u1ed1 k\u1ef9 thu\u1eadt ch\u00ednh c\u1ee7a n\u00f3 nh\u01b0 sau:<\/p>    <figure class=\"wp-block-table\"><table class=\"has-fixed-layout\"><tbody><tr><td>Ng\u01b0\u1eddi m\u1eabu<\/td><td>CM4YZP-1<\/td><\/tr><tr><td>Quy\u1ec1n l\u1ef1c<\/td><td>25 m\u00e3 l\u1ef1c<\/td><\/tr><tr><td>N\u0103ng su\u1ea5t<\/td><td>0.05-0.12h\u33a1\/h<\/td><\/tr><tr><td>Ph\u1ea1m vi l\u00e0m vi\u1ec7c<\/td><td>650mm<\/td><\/tr><tr><td>Kho\u1ea3ng c\u00e1ch g\u1ea7m t\u1ed1i thi\u1ec3u<\/td><td>200mm<\/td><\/tr><tr><td>T\u1ed1c \u0111\u1ed9 \u0111\u1ecbnh m\u1ee9c<\/td><td>2200r\/ph\u00fat<\/td><\/tr><tr><td>K\u00edch th\u01b0\u1edbc<\/td><td>3650*1000*1270mm<\/td><\/tr><tr><td>C\u00e2n n\u1eb7ng<\/td><td>950kg<\/td><\/tr><\/tbody><\/table><figcaption class=\"wp-element-caption\">Th\u00f4ng s\u1ed1 k\u1ef9 thu\u1eadt c\u1ee7a m\u00e1y thu ho\u1ea1ch ng\u00f4<\/figcaption><\/figure>    <h2 class=\"wp-block-heading\"><strong>C\u00e1c lo\u1ea1i m\u00e1y thu ho\u1ea1ch ng\u00f4 kh\u00e1c \u0111\u1ec3 b\u00e1n<\/strong><\/h2>    <p class=\"translation-block\">Ngo\u00e0i m\u00e1y thu ho\u1ea1ch ng\u00f4 c\u00f3 gh\u1ebf n\u00e0y, ch\u00fang t\u00f4i c\u00f2n b\u00e1n<a href=\"https:\/\/corn-machines.com\/vi\/product\/mini-corn-harvesting-machine-maize-picker-machine\/\">m\u00e1y thu ho\u1ea1ch ng\u00f4 c\u1ea7m tay<\/a>, c\u00f3 thi\u1ebft k\u1ebf nh\u1ecf g\u1ecdn v\u00e0 linh ho\u1ea1t h\u01a1n, ph\u00f9 h\u1ee3p cho n\u00f4ng h\u1ed9 nh\u1ecf ho\u1eb7c n\u00f4ng d\u00e2n c\u00e1 nh\u00e2n.<\/p>    <div class=\"wp-block-media-text is-stacked-on-mobile\"><figure class=\"wp-block-media-text__media\"><img loading=\"lazy\" decoding=\"async\" width=\"720\" height=\"540\" src=\"https:\/\/corn-machines.com\/wp-content\/uploads\/2025\/10\/hand-push-corn-harvesting-machine.webp\" alt=\"m\u00e1y thu ho\u1ea1ch ng\u00f4 c\u1ea7m tay\" class=\"wp-image-1126 size-full\" srcset=\"https:\/\/corn-machines.com\/wp-content\/uploads\/2025\/10\/hand-push-corn-harvesting-machine.webp 720w, https:\/\/corn-machines.com\/wp-content\/uploads\/2025\/10\/hand-push-corn-harvesting-machine-300x225.webp 300w, https:\/\/corn-machines.com\/wp-content\/uploads\/2025\/10\/hand-push-corn-harvesting-machine-16x12.webp 16w\" sizes=\"auto, (max-width: 720px) 100vw, 720px\" \/><\/figure><div class=\"wp-block-media-text__content\"> <ul class=\"wp-block-list\"> <li>M\u1eabu: 4YZ-1<\/li>    <li>T\u1ed1c \u0111\u1ed9 l\u00e0m vi\u1ec7c: 0.72-1.44km\/h<\/li>    <li>N\u0103ng su\u1ea5t: 0.03-0.06h\u33a1\/h<\/li>    <li>K\u00edch th\u01b0\u1edbc: 1820*800*1190mm<\/li>    <li>Tr\u1ecdng l\u01b0\u1ee3ng: 265kg<\/li> <\/ul> <\/div><\/div>    <h2 class=\"wp-block-heading\"><strong>M\u00e1y thu ho\u1ea1ch ng\u00f4 gi\u00e1 bao nhi\u00eau?<\/strong><\/h2>    <p>Gi\u00e1 c\u1ee7a m\u00e1y thu ho\u1ea1ch ng\u00f4 thay \u0111\u1ed5i t\u00f9y theo m\u1eabu m\u00e3, t\u00ednh n\u0103ng v\u00e0 quy tr\u00ecnh s\u1ea3n xu\u1ea5t. Th\u00f4ng th\u01b0\u1eddng, c\u00f4ng su\u1ea5t c\u1ee7a m\u00e1y, m\u1ee9c \u0111\u1ed9 t\u1ef1 \u0111\u1ed9ng h\u00f3a, v\u00e0 vi\u1ec7c c\u00f3 bao g\u1ed3m gh\u1ebf v\u00e0 thi\u1ebft b\u1ecb t\u00e1ch v\u1ecf hay kh\u00f4ng \u0111\u1ec1u \u1ea3nh h\u01b0\u1edfng \u0111\u1ebfn t\u1ed5ng chi ph\u00ed.<\/p>    <figure class=\"wp-block-gallery has-nested-images columns-default is-cropped wp-block-gallery-3 is-layout-flex wp-block-gallery-is-layout-flex\"> <figure class=\"wp-block-image size-large\"><img loading=\"lazy\" decoding=\"async\" width=\"720\" height=\"540\" data-id=\"1129\" src=\"https:\/\/corn-machines.com\/wp-content\/uploads\/2025\/10\/corn-harvesting-machine.webp\" alt=\"m\u00e1y thu ho\u1ea1ch ng\u00f4\" class=\"wp-image-1129\" srcset=\"https:\/\/corn-machines.com\/wp-content\/uploads\/2025\/10\/corn-harvesting-machine.webp 720w, https:\/\/corn-machines.com\/wp-content\/uploads\/2025\/10\/corn-harvesting-machine-300x225.webp 300w, https:\/\/corn-machines.com\/wp-content\/uploads\/2025\/10\/corn-harvesting-machine-16x12.webp 16w\" sizes=\"auto, (max-width: 720px) 100vw, 720px\" \/><figcaption class=\"wp-element-caption\">m\u00e1y thu ho\u1ea1ch ng\u00f4<\/figcaption><\/figure>    <figure class=\"wp-block-image size-large\"><img loading=\"lazy\" decoding=\"async\" width=\"720\" height=\"540\" data-id=\"1128\" src=\"https:\/\/corn-machines.com\/wp-content\/uploads\/2025\/10\/corn-harvester-machine.webp\" alt=\"m\u00e1y thu ho\u1ea1ch ng\u00f4\" class=\"wp-image-1128\" srcset=\"https:\/\/corn-machines.com\/wp-content\/uploads\/2025\/10\/corn-harvester-machine.webp 720w, https:\/\/corn-machines.com\/wp-content\/uploads\/2025\/10\/corn-harvester-machine-300x225.webp 300w, https:\/\/corn-machines.com\/wp-content\/uploads\/2025\/10\/corn-harvester-machine-16x12.webp 16w\" sizes=\"auto, (max-width: 720px) 100vw, 720px\" \/><figcaption class=\"wp-element-caption\">m\u00e1y thu ho\u1ea1ch ng\u00f4<\/figcaption><\/figure> <\/figure>    <p>Khi mua m\u00e1y thu ho\u1ea1ch ng\u00f4, ng\u01b0\u1eddi d\u00f9ng n\u00ean xem x\u00e9t quy m\u00f4 tr\u1ed3ng tr\u1ecdt, \u0111i\u1ec1u ki\u1ec7n \u0111\u1ecba h\u00ecnh v\u00e0 ng\u00e2n s\u00e1ch \u0111\u1ec3 ch\u1ecdn m\u00e1y thu ho\u1ea1ch ng\u00f4 ph\u00f9 h\u1ee3p, hi\u1ec7u qu\u1ea3 v\u1ec1 chi ph\u00ed v\u00e0 \u1ed5n \u0111\u1ecbnh.<\/p>    <h2 class=\"wp-block-heading\"><strong>T\u1ea1i sao ch\u1ecdn Taizy l\u00e0 l\u1ef1a ch\u1ecdn t\u1ed1t nh\u1ea5t c\u1ee7a b\u1ea1n?<\/strong><\/h2>    <ul class=\"wp-block-list\"> <li>Ch\u00fang t\u00f4i \u0111\u00e3 t\u1eadp trung v\u00e0o l\u0129nh v\u1ef1c m\u00e1y m\u00f3c n\u00f4ng nghi\u1ec7p trong nhi\u1ec1u n\u0103m, cung c\u1ea5p c\u00e1c s\u1ea3n ph\u1ea9m \u0111\u00e1ng tin c\u1eady v\u1edbi hi\u1ec7u su\u1ea5t \u1ed5n \u0111\u1ecbnh v\u00e0 <strong>Kinh nghi\u1ec7m xu\u1ea5t kh\u1ea9u r\u1ed9ng r\u00e3i<\/strong>.<\/li>    <li>Ch\u00fang t\u00f4i cung c\u1ea5p m\u1ed9t lo\u1ea1t c\u00e1c m\u00e1y m\u00f3c n\u00f4ng nghi\u1ec7p, bao g\u1ed3m m\u00e1y thu ho\u1ea1ch ng\u00f4, <a href=\"https:\/\/corn-machines.com\/vi\/product\/automated-corn-sowing-machine\/\">m\u00e1y gieo ng\u00f4<\/a>, <a href=\"https:\/\/corn-machines.com\/vi\/product\/corn-shelling-machine\/\">m\u00e1y tu\u1ed1t ng\u00f4<\/a>, <a href=\"https:\/\/corn-machines.com\/vi\/product\/corn-grits-machine\/\">m\u00e1y l\u00e0m b\u1ed9t ng\u00f4 xay ng\u00f4<\/a>v\u00e0 c\u00e1c thi\u1ebft b\u1ecb kh\u00e1c, cung c\u1ea5p d\u1ecbch v\u1ee5 tr\u1ecdn g\u00f3i.<\/li>    <li>Ch\u00fang t\u00f4i c\u00f3 m\u1ed9t <strong>\u0111\u1ed9i ng\u0169 k\u1ef9 thu\u1eadt chuy\u00ean nghi\u1ec7p<\/strong> c\u00f3 th\u1ec3 cung c\u1ea5p c\u00e1c gi\u1ea3i ph\u00e1p t\u00f9y ch\u1ec9nh d\u1ef1a tr\u00ean c\u00e1c nhu c\u1ea7u s\u1ea3n xu\u1ea5t kh\u00e1c nhau.<\/li>    <li>Ch\u00fang t\u00f4i c\u00f3 m\u1ed9t c<strong>h\u1ec7 th\u1ed1ng d\u1ecbch v\u1ee5 h\u1eadu m\u00e3i to\u00e0n di\u1ec7n<\/strong>. Ch\u00fang t\u00f4i cung c\u1ea5p h\u01b0\u1edbng d\u1eabn k\u1ef9 thu\u1eadt, l\u1eddi khuy\u00ean b\u1ea3o tr\u00ec thi\u1ebft b\u1ecb v\u00e0 h\u1ed7 tr\u1ee3 x\u1eed l\u00fd s\u1ef1 c\u1ed1 \u0111\u1ec3 \u0111\u1ea3m b\u1ea3o ho\u1ea1t \u0111\u1ed9ng tr\u01a1n tru c\u1ee7a thi\u1ebft b\u1ecb.<\/li> <\/ul>    <figure class=\"wp-block-gallery has-nested-images columns-default is-cropped wp-block-gallery-4 is-layout-flex wp-block-gallery-is-layout-flex\"> <figure class=\"wp-block-image size-large\"><img loading=\"lazy\" decoding=\"async\" width=\"720\" height=\"540\" data-id=\"1011\" src=\"https:\/\/corn-machines.com\/wp-content\/uploads\/2025\/09\/our-company-1.webp\" alt=\"c\u00f4ng ty c\u1ee7a ch\u00fang t\u00f4i\" class=\"wp-image-1011\" srcset=\"https:\/\/corn-machines.com\/wp-content\/uploads\/2025\/09\/our-company-1.webp 720w, https:\/\/corn-machines.com\/wp-content\/uploads\/2025\/09\/our-company-1-300x225.webp 300w, https:\/\/corn-machines.com\/wp-content\/uploads\/2025\/09\/our-company-1-16x12.webp 16w\" sizes=\"auto, (max-width: 720px) 100vw, 720px\" \/><figcaption class=\"wp-element-caption\">c\u00f4ng ty c\u1ee7a ch\u00fang t\u00f4i<\/figcaption><\/figure>    <figure class=\"wp-block-image size-large\"><img loading=\"lazy\" decoding=\"async\" width=\"720\" height=\"540\" data-id=\"1012\" src=\"https:\/\/corn-machines.com\/wp-content\/uploads\/2025\/09\/our-customer-1.webp\" alt=\"kh\u00e1ch h\u00e0ng c\u1ee7a ch\u00fang t\u00f4i\" class=\"wp-image-1012\" srcset=\"https:\/\/corn-machines.com\/wp-content\/uploads\/2025\/09\/our-customer-1.webp 720w, https:\/\/corn-machines.com\/wp-content\/uploads\/2025\/09\/our-customer-1-300x225.webp 300w, https:\/\/corn-machines.com\/wp-content\/uploads\/2025\/09\/our-customer-1-16x12.webp 16w\" sizes=\"auto, (max-width: 720px) 100vw, 720px\" \/><figcaption class=\"wp-element-caption\">kh\u00e1ch h\u00e0ng c\u1ee7a ch\u00fang t\u00f4i<\/figcaption><\/figure> <\/figure>    <h2 class=\"wp-block-heading\"><strong>Li\u00ean h\u1ec7 v\u1edbi ch\u00fang t\u00f4i ngay h\u00f4m nay!<\/strong><\/h2>    <p>M\u00e1y thu ho\u1ea1ch ng\u00f4 c\u1ee7a ch\u00fang t\u00f4i kh\u00f4ng ch\u1ec9 l\u00e0 m\u1ed9t c\u00f4ng c\u1ee5 thu ho\u1ea1ch hi\u1ec7u su\u1ea5t cao, m\u00e0 c\u00f2n l\u00e0 m\u1ed9t tr\u1ee3 th\u1ee7 \u0111\u1eafc l\u1ef1c cho s\u1ea3n xu\u1ea5t n\u00f4ng nghi\u1ec7p hi\u1ec7n \u0111\u1ea1i hi\u1ec7u qu\u1ea3. N\u00f3 gi\u00fap vi\u1ec7c thu ho\u1ea1ch m\u1ed7i c\u00e1nh \u0111\u1ed3ng ng\u00f4 d\u1ec5 d\u00e0ng v\u00e0 hi\u1ec7u qu\u1ea3 h\u01a1n.<\/p>    <p>L\u00e0 m\u1ed9t nh\u00e0 cung c\u1ea5p thi\u1ebft b\u1ecb n\u00f4ng nghi\u1ec7p chuy\u00ean nghi\u1ec7p, Taizy cam k\u1ebft t\u1ea1o ra gi\u00e1 tr\u1ecb th\u1ef1c cho kh\u00e1ch h\u00e0ng. Ch\u1ecdn ch\u00fang t\u00f4i ngh\u0129a l\u00e0 ch\u1ecdn thi\u1ebft b\u1ecb thu ho\u1ea1ch ng\u00f4 hi\u1ec7u qu\u1ea3 v\u00e0 \u0111\u00e1ng tin c\u1eady. Li\u00ean h\u1ec7 v\u1edbi ch\u00fang t\u00f4i h\u00f4m nay \u0111\u1ec3 bi\u1ebft th\u00eam chi ti\u1ebft v\u00e0 gi\u1ea3i ph\u00e1p t\u00f9y ch\u1ec9nh.<\/p>","protected":false},"excerpt":{"rendered":"<p>B\u00e0i vi\u1ebft n\u00e0y ch\u1ee7 y\u1ebfu gi\u1edbi thi\u1ec7u v\u1ec1 m\u00e1y thu ho\u1ea1ch ng\u00f4 c\u00f3 gh\u1ebf, bao g\u1ed3m ch\u1ee9c n\u0103ng, c\u1ea5u tr\u00fac v\u00e0 th\u00f4ng s\u1ed1 k\u1ef9 thu\u1eadt. M\u00e1y g\u1eb7t ng\u00f4 c\u1ee7a ch\u00fang t\u00f4i t\u00edch h\u1ee3p vi\u1ec7c thu ho\u1ea1ch, t\u00e1ch v\u1ecf v\u00e0 thu gom ng\u00f4, v\u1edbi n\u0103ng su\u1ea5t 0.05-0.12 hm\u00b2\/h v\u00e0 chi\u1ec1u r\u1ed9ng v\u1eadn h\u00e0nh 650 mm.<\/p>","protected":false},"author":1,"featured_media":1130,"parent":0,"template":"","tags":[42,43],"product-type":[3],"class_list":["post-1122","product","type-product","status-publish","has-post-thumbnail","hentry","tag-corn","tag-maize","product-type-corn-harvesting-machine"],"_links":{"self":[{"href":"https:\/\/corn-machines.com\/vi\/wp-json\/wp\/v2\/product\/1122","targetHints":{"allow":["GET"]}}],"collection":[{"href":"https:\/\/corn-machines.com\/vi\/wp-json\/wp\/v2\/product"}],"about":[{"href":"https:\/\/corn-machines.com\/vi\/wp-json\/wp\/v2\/types\/product"}],"author":[{"embeddable":true,"href":"https:\/\/corn-machines.com\/vi\/wp-json\/wp\/v2\/users\/1"}],"wp:featuredmedia":[{"embeddable":true,"href":"https:\/\/corn-machines.com\/vi\/wp-json\/wp\/v2\/media\/1130"}],"wp:attachment":[{"href":"https:\/\/corn-machines.com\/vi\/wp-json\/wp\/v2\/media?parent=1122"}],"wp:term":[{"taxonomy":"post_tag","embeddable":true,"href":"https:\/\/corn-machines.com\/vi\/wp-json\/wp\/v2\/tags?post=1122"},{"taxonomy":"product-type","embeddable":true,"href":"https:\/\/corn-machines.com\/vi\/wp-json\/wp\/v2\/product-type?post=1122"}],"curies":[{"name":"wp","href":"https:\/\/api.w.org\/{rel}","templated":true}]}}