{"id":1061,"date":"2025-10-17T15:32:17","date_gmt":"2025-10-17T07:32:17","guid":{"rendered":"https:\/\/corn-machines.com\/?post_type=product&#038;p=1061"},"modified":"2025-10-20T14:06:57","modified_gmt":"2025-10-20T06:06:57","slug":"maize-threshing-machine","status":"publish","type":"product","link":"https:\/\/corn-machines.com\/vi\/product\/maize-threshing-machine\/","title":{"rendered":"M\u00e1y xay x\u00e1t ng\u00f4 cho g\u1ee1 h\u1ea1t"},"content":{"rendered":"<p class=\"translation-block\">M\u00e1y tu\u1ed1t ng\u00f4 <strong>m\u00e1y tu\u1ed1t ng\u00f4<\/strong> ch\u1ee7 y\u1ebfu \u0111\u01b0\u1ee3c s\u1eed d\u1ee5ng \u0111\u1ec3 t\u00e1ch h\u1ea1t ng\u00f4 kh\u1ecfi b\u1eb9 ng\u00f4. M\u00e1y th\u00f3c x\u1ebfp c\u1ee7a ch\u00fang t\u00f4i c\u00f3 hi\u1ec7u su\u1ea5t cao, \u0111\u1ea1t c\u00f4ng su\u1ea5t 2.000-3.000 kg\/gi\u1edd, v\u00e0 t\u1ef7 l\u1ec7 tu\u1ed1t c\u1ee7a n\u00f3 c\u00f3 th\u1ec3 v\u01b0\u1ee3t qu\u00e1 99%.<\/p>    <p>M\u00e1y g\u1eb7t \u0111\u1eadp ng\u00f4 Taizy d\u1ec5 v\u1eadn h\u00e0nh, hi\u1ec7u qu\u1ea3 cao, c\u00f3 h\u1ec7 s\u1ed1 g\u1eb7t \u0111\u1eadp cao v\u00e0 gi\u1ea3m thi\u1ec3u h\u01b0 h\u1ecfng. V\u00ec v\u1eady, n\u00f3 \u0111\u01b0\u1ee3c \u01b0a chu\u1ed9ng tr\u00ean to\u00e0n c\u1ea7u v\u00e0 \u0111\u00e3 \u0111\u01b0\u1ee3c xu\u1ea5t kh\u1ea9u sang c\u00e1c n\u01b0\u1edbc nh\u01b0 Sudan, \u1ea4n \u0110\u1ed9 v\u00e0 Nigeria. N\u1ebfu b\u1ea1n c\u1ea7n m\u00e1y g\u1eb7t \u0111\u1eadp ng\u00f4, h\u00e3y li\u00ean h\u1ec7 v\u1edbi ch\u00fang t\u00f4i ngay h\u00f4m nay \u0111\u1ec3 \u0111\u01b0\u1ee3c t\u01b0 v\u1ea5n mi\u1ec5n ph\u00ed.<\/p>    <figure class=\"wp-block-embed is-type-video is-provider-youtube wp-block-embed-youtube wp-embed-aspect-16-9 wp-has-aspect-ratio\"><div class=\"wp-block-embed__wrapper\"> <iframe loading=\"lazy\" title=\"M\u00e1y s\u00e0ng x\u00e1t ng\u00f4 t\u1ef1 \u0111\u1ed9ng | M\u00e1y b\u00f3c v\u1ecf ng\u00f4 hi\u1ec7u qu\u1ea3 cao cho s\u00e0ng x\u00e1t ng\u00f4\" width=\"500\" height=\"281\" src=\"https:\/\/www.youtube.com\/embed\/ajgutRLRBik?feature=oembed\" frameborder=\"0\" allow=\"accelerometer; autoplay; clipboard-write; encrypted-media; gyroscope; picture-in-picture; web-share\" referrerpolicy=\"strict-origin-when-cross-origin\" allowfullscreen><\/iframe> <\/div><figcaption class=\"wp-element-caption\">quy tr\u00ecnh l\u00e0m vi\u1ec7c c\u1ee7a m\u00e1y s\u00e0ng x\u00e1t ng\u00f4<\/figcaption><\/figure>    <h2 class=\"wp-block-heading\"><strong>\u0110\u1eb7c \u0111i\u1ec3m n\u1ed5i b\u1eadt c\u1ee7a m\u00e1y b\u00f3 ng\u00f4<\/strong><\/h2>    <ul class=\"wp-block-list\"> <li><strong>Hi\u1ec7u su\u1ea5t cao<\/strong>: M\u00e1y x\u00e1t ng\u00f4 c\u1ee7a ch\u00fang t\u00f4i s\u1eed d\u1ee5ng c\u1eeda c\u1ea5p li\u1ec7u th\u1eb3ng \u0111\u1ee9ng \u0111\u01b0\u1eddng k\u00ednh l\u1edbn 440\u00d7440mm, hi\u1ec7u qu\u1ea3 x\u00e1t c\u00f3 th\u1ec3 \u0111\u1ea1t 2000-3000kg\/h, gi\u00fap ti\u1ebft ki\u1ec7m th\u1eddi gian v\u1eadn h\u00e0nh th\u1ee7 c\u00f4ng \u0111\u00e1ng k\u1ec3.<\/li>    <li><strong>Hi\u1ec7u qu\u1ea3 x\u00e1t t\u1ed1t<\/strong>: M\u00e1y x\u00e1t ng\u00f4 Taizy s\u1eed d\u1ee5ng thi\u1ebft k\u1ebf c\u1ea5u tr\u00fac b\u00faa xo\u1eafn \u1ed1c \u0111\u1ed9c \u0111\u00e1o, gi\u00fap x\u00e1t ng\u00f4 kh\u00f4 v\u00e0 \u01b0\u1edbt tr\u01a1n tru, v\u1edbi t\u1ef7 l\u1ec7 x\u00e1t &gt;99% v\u00e0 h\u1ea1t ng\u00f4 c\u00f2n nguy\u00ean v\u1eb9n, kh\u00f4ng b\u1ecb v\u1ee1.<\/li>    <li><strong>Hi\u1ec7u su\u1ea5t \u1ed5n \u0111\u1ecbnh<\/strong>: M\u00e1y x\u00e1t ng\u00f4 c\u1ee7a ch\u00fang t\u00f4i s\u1eed d\u1ee5ng \u0111\u1ed9ng c\u01a1 l\u00f5i \u0111\u1ed3ng nguy\u00ean ch\u1ea5t, c\u00f3 th\u1ec3 ho\u1ea1t \u0111\u1ed9ng li\u00ean t\u1ee5c trong th\u1eddi gian d\u00e0i m\u00e0 kh\u00f4ng d\u1ec5 b\u1ecb n\u00f3ng, \u0111\u1ea3m b\u1ea3o ho\u1ea1t \u0111\u1ed9ng li\u00ean t\u1ee5c v\u00e0 hi\u1ec7u qu\u1ea3 c\u1ee7a m\u00e1y.<\/li>    <li><strong>Tu\u1ed5i th\u1ecd d\u00e0i<\/strong>: V\u1ecf m\u00e1y s\u1eed d\u1ee5ng c\u00f4ng ngh\u1ec7 phun s\u01a1n t\u0129nh \u0111i\u1ec7n, b\u1ec1 m\u1eb7t m\u1ecbn m\u00e0ng v\u00e0 \u0111\u1eb9p m\u1eaft, c\u00f3 kh\u1ea3 n\u0103ng ch\u1ed1ng \u1ea9m v\u00e0 \u0103n m\u00f2n t\u1ed1t, v\u00e0 tu\u1ed5i th\u1ecd d\u00e0i.<\/li>    <li><strong>Linh ho\u1ea1t m\u1ea1nh m\u1ebd<\/strong>: M\u00e1y b\u00f3c v\u1ecf ng\u00f4 c\u1ee7a ch\u00fang t\u00f4i c\u00f3 th\u1ec3 \u0111\u01b0\u1ee3c trang b\u1ecb l\u1ed1p xe l\u1edbn \u1edf ph\u00eda d\u01b0\u1edbi, gi\u00fap d\u1ec5 d\u00e0ng di chuy\u1ec3n v\u00e0 \u0111\u00e1p \u1ee9ng nhu c\u1ea7u c\u1ee7a c\u00e1c k\u1ecbch b\u1ea3n v\u1eadn h\u00e0nh kh\u00e1c nhau.<\/li> <\/ul>    <figure class=\"wp-block-gallery has-nested-images columns-default is-cropped wp-block-gallery-2 is-layout-flex wp-block-gallery-is-layout-flex\"> <figure class=\"wp-block-image size-large\"><img loading=\"lazy\" decoding=\"async\" width=\"720\" height=\"540\" data-id=\"1062\" src=\"https:\/\/corn-machines.com\/wp-content\/uploads\/2025\/10\/corn-sheller-machine.webp\" alt=\"m\u00e1y b\u00f3c ng\u00f4\" class=\"wp-image-1062\" srcset=\"https:\/\/corn-machines.com\/wp-content\/uploads\/2025\/10\/corn-sheller-machine.webp 720w, https:\/\/corn-machines.com\/wp-content\/uploads\/2025\/10\/corn-sheller-machine-300x225.webp 300w, https:\/\/corn-machines.com\/wp-content\/uploads\/2025\/10\/corn-sheller-machine-16x12.webp 16w\" sizes=\"auto, (max-width: 720px) 100vw, 720px\" \/><figcaption class=\"wp-element-caption\">m\u00e1y b\u00f3c ng\u00f4<\/figcaption><\/figure>    <figure class=\"wp-block-image size-large\"><img loading=\"lazy\" decoding=\"async\" width=\"720\" height=\"540\" data-id=\"1063\" src=\"https:\/\/corn-machines.com\/wp-content\/uploads\/2025\/10\/corn-thresher.webp\" alt=\"m\u00e1y tu\u1ed1t ng\u00f4\" class=\"wp-image-1063\" srcset=\"https:\/\/corn-machines.com\/wp-content\/uploads\/2025\/10\/corn-thresher.webp 720w, https:\/\/corn-machines.com\/wp-content\/uploads\/2025\/10\/corn-thresher-300x225.webp 300w, https:\/\/corn-machines.com\/wp-content\/uploads\/2025\/10\/corn-thresher-16x12.webp 16w\" sizes=\"auto, (max-width: 720px) 100vw, 720px\" \/><figcaption class=\"wp-element-caption\">m\u00e1y tu\u1ed1t ng\u00f4<\/figcaption><\/figure> <\/figure>    <h2 class=\"wp-block-heading\"><strong>C\u1ea5u tr\u00fac c\u1ee7a m\u00e1y g\u1eb7t \u0111\u1eadp ng\u00f4<\/strong><\/h2>    <p>M\u00e1y g\u1eb7t \u0111\u1eadp ng\u00f4 Taizy c\u00f3 c\u1ea5u tr\u00fac g\u1ecdn nh\u1eb9 v\u00e0 h\u1ee3p l\u00fd, d\u1ec5 v\u1eadn h\u00e0nh. N\u00f3 ch\u1ee7 y\u1ebfu g\u1ed3m\u5165\u53e3 c\u00f3 th\u1ec3 th\u00e1o r\u1eddi, h\u1ec7 th\u1ed1ng ngu\u1ed3n (c\u00f3 th\u1ec3 \u0111\u01b0\u1ee3c trang b\u1ecb \u0111\u1ed9ng c\u01a1 diesel ho\u1eb7c \u0111\u1ed9ng c\u01a1 \u0111i\u1ec7n), \u1ed1ng ra h\u1ea1t ng\u00f4, \u1ed1ng ra b\u1eafp ng\u00f4, l\u1ed1p l\u1edbn v\u00e0 khung k\u00e9o.<\/p>   <div class=\"wp-block-image\"> <figure class=\"aligncenter size-full\"><img loading=\"lazy\" decoding=\"async\" width=\"720\" height=\"540\" src=\"https:\/\/corn-machines.com\/wp-content\/uploads\/2025\/10\/structure-of-corn-shelling-machine.webp\" alt=\"C\u1ea5u tr\u00fac c\u1ee7a m\u00e1y b\u00f3 ng\u00f4\" class=\"wp-image-1071\" srcset=\"https:\/\/corn-machines.com\/wp-content\/uploads\/2025\/10\/structure-of-corn-shelling-machine.webp 720w, https:\/\/corn-machines.com\/wp-content\/uploads\/2025\/10\/structure-of-corn-shelling-machine-300x225.webp 300w, https:\/\/corn-machines.com\/wp-content\/uploads\/2025\/10\/structure-of-corn-shelling-machine-16x12.webp 16w\" sizes=\"auto, (max-width: 720px) 100vw, 720px\" \/><figcaption class=\"wp-element-caption\">C\u1ea5u tr\u00fac c\u1ee7a m\u00e1y b\u00f3 ng\u00f4<\/figcaption><\/figure> <\/div>   <h2 class=\"wp-block-heading\"><strong>Th\u00f4ng s\u1ed1 c\u1ee7a m\u00e1y g\u1eb7t \u0111\u1eadp ng\u00f4<\/strong><\/h2>    <p>C\u00e1c th\u00f4ng s\u1ed1 c\u1ee7a m\u00e1y g\u1eb7t \u0111\u1eadp ng\u00f4 Taizy \u0111\u01b0\u1ee3c th\u1ec3 hi\u1ec7n trong b\u1ea3ng d\u01b0\u1edbi \u0111\u00e2y.<\/p>    <figure class=\"wp-block-table\"><table class=\"has-fixed-layout\"><tbody><tr><td>Ng\u01b0\u1eddi m\u1eabu<\/td><td>TZ-650<\/td><\/tr><tr><td>Hi\u1ec7u qu\u1ea3 \u0111\u1eadp l\u00faa<\/td><td>2000-3000kg\/h<\/td><\/tr><tr><td>T\u1ef7 l\u1ec7 \u0111\u1eadp<\/td><td>&gt;99%<\/td><\/tr><tr><td>C\u00f4ng su\u1ea5t \u0111\u1ed9ng c\u01a1<\/td><td>3.5hp<\/td><\/tr><tr><td>K\u00edch th\u01b0\u1edbc \u0111\u1ea7u v\u00e0o<\/td><td>440*440mm<\/td><\/tr><tr><td>K\u00edch th\u01b0\u1edbc m\u00e1y<\/td><td>900*930*430mm<\/td><\/tr><tr><td>Tr\u1ecdng l\u01b0\u1ee3ng m\u00e1y<\/td><td>45kg<\/td><\/tr><\/tbody><\/table><figcaption class=\"wp-element-caption\">th\u00f4ng s\u1ed1 c\u1ee7a m\u00e1y b\u00f3 ng\u00f4<\/figcaption><\/figure>    <h2 class=\"wp-block-heading\"><strong>L\u1ee3i \u00edch c\u1ee7a vi\u1ec7c g\u1eb7t \u0111\u1eadu ng\u00f4<\/strong><\/h2>    <p>b\u00f3c ng\u00f4 l\u00e0 qu\u00e1 tr\u00ecnh quan tr\u1ecdng sau khi thu ho\u1ea1ch ng\u00f4. C\u00f3 nhi\u1ec1u l\u1ee3i \u00edch khi b\u00f3 ng\u00f4.<\/p>    <ul class=\"wp-block-list\"> <li>Sau khi ng\u00f4 \u0111\u01b0\u1ee3c b\u00f3c v\u1ecf, th\u1ec3 t\u00edch c\u1ee7a n\u00f3 gi\u1ea3m \u0111\u00e1ng k\u1ec3, l\u00e0m cho n\u00f3 <strong>d\u1ec5 d\u00e0ng \u0111\u00f3ng g\u00f3i v\u00e0 v\u1eadn chuy\u1ec3n<\/strong>. Vi\u1ec7c l\u01b0u tr\u1eef c\u0169ng tr\u1edf n\u00ean thu\u1eadn ti\u1ec7n v\u00e0 an to\u00e0n h\u01a1n.<\/li>    <li>H\u1ea1t ng\u00f4 \u0111\u00e3 b\u1ecf v\u1ecf c\u00f3 th\u1ec3 tr\u1ef1c ti\u1ebfp d\u00f9ng \u0111\u1ec3 ch\u1ebf bi\u1ebfn th\u1ef1c ph\u1ea9m, s\u1ea3n xu\u1ea5t th\u1ee9c \u0103n ch\u0103n nu\u00f4i ho\u1eb7c chi\u1ebft xu\u1ea5t d\u1ea7u, trong khi l\u00f5i ng\u00f4 c\u0169ng c\u00f3 th\u1ec3 t\u00e1i s\u1eed d\u1ee5ng l\u00e0m nhi\u00ean li\u1ec7u, th\u1ee9c \u0103n, ho\u1eb7c nguy\u00ean li\u1ec7u c\u00f4ng nghi\u1ec7p, <strong>t\u0103ng gi\u00e1 tr\u1ecb kinh t\u1ebf t\u1ed5ng th\u1ec3<\/strong>.<\/li>    <li>B\u1eafp ng\u00f4 ch\u01b0a x\u00e1t ch\u1ee9a nhi\u1ec1u \u0111\u1ed9 \u1ea9m, d\u1ec5 b\u1ecb m\u1ed1c v\u00e0 s\u00e2u b\u1ec7nh. X\u00e1t v\u00e0 s\u1ea5y kh\u00f4 hi\u1ec7u qu\u1ea3 <strong>gi\u1ea3m \u0111\u1ed9 \u1ea9m c\u1ee7a ng\u00f4<\/strong>, ng\u0103n ng\u1eeba m\u1ed1i m\u1ecdt v\u00e0 k\u00e9o d\u00e0i tu\u1ed5i th\u1ecd l\u01b0u tr\u1eef c\u1ee7a n\u00f3.<\/li>    <li>H\u1ea1t ng\u00f4 \u0111\u00e3 x\u00e1t c\u00f3 th\u1ec3 tr\u1ef1c ti\u1ebfp v\u00e0o c\u00e1c b\u01b0\u1edbc x\u1eed l\u00fd ti\u1ebfp theo, nh\u01b0 b\u00f3c v\u1ecf, nghi\u1ec1n, l\u00e0m b\u1ed9t, v\u00e0 l\u00e0m g\u1ea1o c\u00e1m, \u0111i\u1ec1u n\u00e0y <strong>c\u1ea3i thi\u1ec7n \u0111\u00e1ng k\u1ec3 hi\u1ec7u qu\u1ea3 ch\u1ebf bi\u1ebfn<\/strong>.<\/li> <\/ul>    <figure class=\"wp-block-gallery has-nested-images columns-default is-cropped wp-block-gallery-3 is-layout-flex wp-block-gallery-is-layout-flex\"> <figure class=\"wp-block-image size-large\"><img loading=\"lazy\" decoding=\"async\" width=\"720\" height=\"540\" data-id=\"1065\" src=\"https:\/\/corn-machines.com\/wp-content\/uploads\/2025\/10\/maize-threshing-machine.webp\" alt=\"m\u00e1y tu\u1ed1t ng\u00f4\" class=\"wp-image-1065\" srcset=\"https:\/\/corn-machines.com\/wp-content\/uploads\/2025\/10\/maize-threshing-machine.webp 720w, https:\/\/corn-machines.com\/wp-content\/uploads\/2025\/10\/maize-threshing-machine-300x225.webp 300w, https:\/\/corn-machines.com\/wp-content\/uploads\/2025\/10\/maize-threshing-machine-16x12.webp 16w\" sizes=\"auto, (max-width: 720px) 100vw, 720px\" \/><figcaption class=\"wp-element-caption\">m\u00e1y tu\u1ed1t ng\u00f4<\/figcaption><\/figure>    <figure class=\"wp-block-image size-large\"><img loading=\"lazy\" decoding=\"async\" width=\"720\" height=\"540\" data-id=\"1064\" src=\"https:\/\/corn-machines.com\/wp-content\/uploads\/2025\/10\/threshing-effect-of-corn-thresher.webp\" alt=\"Hi\u1ec7u qu\u1ea3 g\u1eb7t \u0111\u1eadp c\u1ee7a m\u00e1y g\u1eb7t \u0111\u1eadp ng\u00f4\" class=\"wp-image-1064\" srcset=\"https:\/\/corn-machines.com\/wp-content\/uploads\/2025\/10\/threshing-effect-of-corn-thresher.webp 720w, https:\/\/corn-machines.com\/wp-content\/uploads\/2025\/10\/threshing-effect-of-corn-thresher-300x225.webp 300w, https:\/\/corn-machines.com\/wp-content\/uploads\/2025\/10\/threshing-effect-of-corn-thresher-16x12.webp 16w\" sizes=\"auto, (max-width: 720px) 100vw, 720px\" \/><figcaption class=\"wp-element-caption\">Hi\u1ec7u qu\u1ea3 g\u1eb7t \u0111\u1eadp c\u1ee7a m\u00e1y g\u1eb7t \u0111\u1eadp ng\u00f4<\/figcaption><\/figure> <\/figure>    <h2 class=\"wp-block-heading\"><strong>Gi\u00e1 c\u1ee7a m\u00e1y b\u00f3 ng\u00f4<\/strong><\/h2>    <p>Gi\u00e1 c\u1ee7a m\u00e1y g\u1eb7t \u0111\u1eadp ng\u00f4 b\u1ecb \u1ea3nh h\u01b0\u1edfng b\u1edfi nhi\u1ec1u y\u1ebfu t\u1ed1, bao g\u1ed3m m\u1eabu m\u00e1y, c\u00f4ng su\u1ea5t, v\u1eadt li\u1ec7u, ngu\u1ed3n \u0111i\u1ec7n v\u00e0 c\u1ea5u h\u00ecnh. N\u00f3i chung, c\u00f4ng su\u1ea5t l\u1edbn h\u01a1n, nhi\u1ec1u t\u00ednh n\u0103ng to\u00e0n di\u1ec7n v\u00e0 v\u1eadt li\u1ec7u b\u1ec1n h\u01a1n s\u1ebd d\u1eabn \u0111\u1ebfn gi\u00e1 cao h\u01a1n.<\/p>   <div class=\"wp-block-image\"> <figure class=\"aligncenter size-full\"><img loading=\"lazy\" decoding=\"async\" width=\"720\" height=\"540\" src=\"https:\/\/corn-machines.com\/wp-content\/uploads\/2025\/10\/corn-threshing-machine.webp\" alt=\"m\u00e1y tu\u1ed1t ng\u00f4\" class=\"wp-image-1066\" srcset=\"https:\/\/corn-machines.com\/wp-content\/uploads\/2025\/10\/corn-threshing-machine.webp 720w, https:\/\/corn-machines.com\/wp-content\/uploads\/2025\/10\/corn-threshing-machine-300x225.webp 300w, https:\/\/corn-machines.com\/wp-content\/uploads\/2025\/10\/corn-threshing-machine-16x12.webp 16w\" sizes=\"auto, (max-width: 720px) 100vw, 720px\" \/><figcaption class=\"wp-element-caption\">m\u00e1y tu\u1ed1t ng\u00f4<\/figcaption><\/figure> <\/div>   <p>Khi mua m\u00e1y g\u1eb7t ng\u00f4, ng\u01b0\u1eddi d\u00f9ng n\u00ean xem x\u00e9t kh\u00f4ng ch\u1ec9 gi\u00e1 m\u00e0 c\u00f2n ch\u1ea5t l\u01b0\u1ee3ng v\u00e0 hi\u1ec7u su\u1ea5t. M\u00e1y g\u1eb7t ng\u00f4 ch\u1ea5t l\u01b0\u1ee3ng cao kh\u00f4ng ch\u1ec9 c\u1ea3i thi\u1ec7n hi\u1ec7u qu\u1ea3 m\u00e0 c\u00f2n gi\u1ea3m h\u01b0 h\u1ecfng h\u1ea1t v\u00e0 k\u00e9o d\u00e0i tu\u1ed5i th\u1ecd, l\u00e0m cho n\u00f3 ti\u1ebft ki\u1ec7m chi ph\u00ed l\u00e2u d\u00e0i.<\/p>    <h2 class=\"wp-block-heading\"><strong>T\u1ea1i sao ch\u1ecdn Taizy l\u00e0m nh\u00e0 cung c\u1ea5p h\u00e0ng \u0111\u1ea7u c\u1ee7a b\u1ea1n?<\/strong><\/h2>    <ul class=\"wp-block-list\"> <li>L\u00e0 m\u1ed9t nh\u00e0 s\u1ea3n xu\u1ea5t m\u00e1y m\u00f3c n\u00f4ng nghi\u1ec7p chuy\u00ean nghi\u1ec7p, Taizy t\u1ef1 h\u00e0o c\u00f3 <strong>kinh nghi\u1ec7m s\u1ea3n xu\u1ea5t v\u00e0 xu\u1ea5t kh\u1ea9u r\u1ed9ng r\u00e3i<\/strong>, gi\u00fap ch\u00fang t\u00f4i cung c\u1ea5p thi\u1ebft b\u1ecb v\u00e0 gi\u1ea3i ph\u00e1p ph\u00f9 h\u1ee3p v\u1edbi nhu c\u1ea7u c\u1ee5 th\u1ec3 c\u1ee7a kh\u00e1ch h\u00e0ng \u1edf c\u00e1c v\u00f9ng mi\u1ec1n \u0111a d\u1ea1ng.<\/li>    <li>Ch\u00fang t\u00f4i t\u1ef1 x\u1eed l\u00fd c\u1ea3 s\u1ea3n xu\u1ea5t v\u00e0 b\u00e1n h\u00e0ng c\u1ee7a c\u00e1c s\u1ea3n ph\u1ea9m c\u1ee7a m\u00ecnh. C\u00e1ch ti\u1ebfp c\u1eadn n\u00e0y \u0111\u1ea3m b\u1ea3o ch\u1ea5t l\u01b0\u1ee3ng s\u1ea3n ph\u1ea9m nh\u1ea5t qu\u00e1n trong khi gi\u1ea3m \u0111\u00e1ng k\u1ec3 chi ph\u00ed, cho ph\u00e9p ch\u00fang t\u00f4i cung c\u1ea5p cho kh\u00e1ch h\u00e0ng thi\u1ebft b\u1ecb v\u1edbi <strong>l\u1ee3i th\u1ebf v\u1ec1 gi\u00e1 c\u1ea3 l\u1edbn h\u01a1n<\/strong>.<\/li>    <li>V\u1ec1 d\u1ecbch v\u1ee5, ch\u00fang t\u00f4i \u0111\u00e3 thi\u1ebft l\u1eadp m\u1ed9t <strong>h\u1ec7 th\u1ed1ng h\u1eadu m\u00e3i to\u00e0n di\u1ec7n<\/strong>, cung c\u1ea5p d\u1ecbch v\u1ee5 tr\u1ecdn g\u00f3i bao g\u1ed3m h\u01b0\u1edbng d\u1eabn k\u1ef9 thu\u1eadt, l\u1eafp \u0111\u1eb7t v\u00e0 v\u1eadn h\u00e0nh, v\u00e0 \u0111\u00e0o t\u1ea1o ng\u01b0\u1eddi v\u1eadn h\u00e0nh.<\/li>    <li>Taizy cung c\u1ea5p m\u1ed9t ph\u1ea1m vi m\u00e1y m\u00f3c to\u00e0n di\u1ec7n, mang \u0111\u1ebfn cho kh\u00e1ch h\u00e0ng c\u00e1c gi\u1ea3i ph\u00e1p thi\u1ebft b\u1ecb ch\u1ebf bi\u1ebfn ng\u00f4 ho\u00e0n ch\u1ec9nh, bao g\u1ed3m <a href=\"https:\/\/corn-machines.com\/vi\/product\/mini-corn-harvesting-machine-maize-picker-machine\/\">m\u00e1y g\u1eb7t ng\u00f4<\/a>, <a href=\"https:\/\/corn-machines.com\/vi\/product\/mobile-grain-dryer-for-drying-grain\/\">m\u00e1y s\u1ea5y ng\u00f4<\/a>, <a href=\"https:\/\/corn-machines.com\/vi\/product\/corn-grits-machine\/\">m\u00e1y l\u00e0m g\u1ea1o c\u00e1m ng\u00f4<\/a>, v\u00e0 nhi\u1ec1u h\u01a1n n\u1eefa.<\/li> <\/ul>    <figure class=\"wp-block-gallery has-nested-images columns-default is-cropped wp-block-gallery-4 is-layout-flex wp-block-gallery-is-layout-flex\"> <figure class=\"wp-block-image size-large\"><img loading=\"lazy\" decoding=\"async\" width=\"720\" height=\"540\" data-id=\"1067\" src=\"https:\/\/corn-machines.com\/wp-content\/uploads\/2025\/10\/maize-thresher-machine.webp\" alt=\"m\u00e1y t\u00e1ch ng\u00f4\" class=\"wp-image-1067\" srcset=\"https:\/\/corn-machines.com\/wp-content\/uploads\/2025\/10\/maize-thresher-machine.webp 720w, https:\/\/corn-machines.com\/wp-content\/uploads\/2025\/10\/maize-thresher-machine-300x225.webp 300w, https:\/\/corn-machines.com\/wp-content\/uploads\/2025\/10\/maize-thresher-machine-16x12.webp 16w\" sizes=\"auto, (max-width: 720px) 100vw, 720px\" \/><figcaption class=\"wp-element-caption\">m\u00e1y t\u00e1ch ng\u00f4<\/figcaption><\/figure>    <figure class=\"wp-block-image size-large\"><img loading=\"lazy\" decoding=\"async\" width=\"720\" height=\"540\" data-id=\"1068\" src=\"https:\/\/corn-machines.com\/wp-content\/uploads\/2025\/10\/maize-thresher.webp\" alt=\"m\u00e1y tu\u1ed1t ng\u00f4\" class=\"wp-image-1068\" srcset=\"https:\/\/corn-machines.com\/wp-content\/uploads\/2025\/10\/maize-thresher.webp 720w, https:\/\/corn-machines.com\/wp-content\/uploads\/2025\/10\/maize-thresher-300x225.webp 300w, https:\/\/corn-machines.com\/wp-content\/uploads\/2025\/10\/maize-thresher-16x12.webp 16w\" sizes=\"auto, (max-width: 720px) 100vw, 720px\" \/><figcaption class=\"wp-element-caption\">m\u00e1y tu\u1ed1t ng\u00f4<\/figcaption><\/figure> <\/figure>    <h2 class=\"wp-block-heading\"><strong>Tr\u01b0\u1eddng h\u1ee3p th\u00e0nh c\u00f4ng c\u1ee7a m\u00e1y g\u1eb7t \u0111\u1eadp ng\u00f4<\/strong><\/h2>    <p class=\"translation-block\"><strong>Taizy \u0111\u00e3 xu\u1ea5t kh\u1ea9u th\u00e0nh c\u00f4ng 48 m\u00e1y g\u1eb7t \u0111\u1eadp ng\u00f4 sang Sudan<\/strong><\/p>    <p>Sau khi \u0111\u1ea5u th\u1ea7u th\u00e0nh c\u00f4ng trong m\u1ed9t cu\u1ed9c \u0111\u1ea5u th\u1ea7u ch\u00ednh ph\u1ee7, kh\u00e1ch h\u00e0ng \u0111\u1ecba ph\u01b0\u01a1ng \u0111\u00e3 ch\u1ecdn Taizy l\u00e0m nh\u00e0 cung c\u1ea5p thi\u1ebft b\u1ecb c\u1ee7a h\u1ecd. Sau khi so s\u00e1nh k\u1ef9 l\u01b0\u1ee1ng, kh\u00e1ch h\u00e0ng cu\u1ed1i c\u00f9ng ch\u1ecdn Taizy l\u00e0m nh\u00e0 cung c\u1ea5p, ch\u1ee7 y\u1ebfu \u0111\u00e1nh gi\u00e1 cao hi\u1ec7u su\u1ea5t \u1ed5n \u0111\u1ecbnh v\u00e0 gi\u00e1 c\u1ea3 h\u1ee3p l\u00fd c\u1ee7a m\u00e1y g\u1eb7t \u0111\u1eadp ng\u00f4 c\u1ee7a ch\u00fang t\u00f4i.<\/p>   <div class=\"wp-block-image\"> <figure class=\"aligncenter size-full\"><img loading=\"lazy\" decoding=\"async\" width=\"720\" height=\"540\" src=\"https:\/\/corn-machines.com\/wp-content\/uploads\/2025\/10\/maize-sheller-machine.webp\" alt=\"m\u00e1y b\u00f3 ng\u00f4\" class=\"wp-image-1069\" srcset=\"https:\/\/corn-machines.com\/wp-content\/uploads\/2025\/10\/maize-sheller-machine.webp 720w, https:\/\/corn-machines.com\/wp-content\/uploads\/2025\/10\/maize-sheller-machine-300x225.webp 300w, https:\/\/corn-machines.com\/wp-content\/uploads\/2025\/10\/maize-sheller-machine-16x12.webp 16w\" sizes=\"auto, (max-width: 720px) 100vw, 720px\" \/><figcaption class=\"wp-element-caption\">m\u00e1y b\u00f3 ng\u00f4<\/figcaption><\/figure> <\/div>   <p>L\u00f4 m\u00e1y b\u00f3 ng\u00f4 n\u00e0y \u0111\u00e3 \u0111\u01b0\u1ee3c tri\u1ec3n khai v\u00e0 \u0111ang ho\u1ea1t \u0111\u1ed9ng \u1edf Sudan. Ph\u1ea3n h\u1ed3i c\u1ee7a kh\u00e1ch h\u00e0ng cho th\u1ea5y c\u00e1c m\u00e1y g\u1eb7t \u0111\u1eadp mize mang l\u1ea1i vi\u1ec7c b\u00f3 s\u1ea1ch v\u00e0 hi\u1ec7u su\u1ea5t cao, t\u0103ng \u0111\u00e1ng k\u1ec3 kh\u1ea3 n\u0103ng ch\u1ebf bi\u1ebfn ng\u00f4 \u0111\u1ecba ph\u01b0\u01a1ng. <\/p>    <h2 class=\"wp-block-heading\"><strong>Li\u00ean h\u1ec7 ngay!<\/strong><\/h2>    <p>Vi\u1ec7c s\u1eed d\u1ee5ng m\u00e1y s\u00e0ng ng\u00f4 kh\u00f4ng ch\u1ec9 c\u1ea3i thi\u1ec7n \u0111\u00e1ng k\u1ec3 hi\u1ec7u qu\u1ea3 s\u00e0ng ng\u00f4 v\u00e0 gi\u1ea3m chi ph\u00ed lao \u0111\u1ed9ng, m\u00e0 c\u00f2n \u0111\u1ea3m b\u1ea3o h\u1ea1t nguy\u00ean v\u1eb9n v\u00e0 s\u1ea1ch s\u1ebd, t\u1ea1o \u0111i\u1ec1u ki\u1ec7n l\u01b0u tr\u1eef v\u00e0 v\u1eadn chuy\u1ec3n. \u0110\u00e2y l\u00e0 m\u1ed9t thi\u1ebft b\u1ecb l\u00fd t\u01b0\u1edfng, hi\u1ec7u qu\u1ea3 v\u00e0 \u0111\u00e1ng tin c\u1eady cho n\u00f4ng nghi\u1ec7p hi\u1ec7n \u0111\u1ea1i.<\/p>    <p>Li\u00ean h\u1ec7 v\u1edbi ch\u00fang t\u00f4i ngay h\u00f4m nay \u0111\u1ec3 bi\u1ebft th\u00eam th\u00f4ng tin v\u00e0 nh\u1eadn b\u00e1o gi\u00e1. Ch\u00fang t\u00f4i s\u1ebd cung c\u1ea5p t\u01b0 v\u1ea5n k\u1ef9 thu\u1eadt mi\u1ec5n ph\u00ed v\u00e0 gi\u1ea3i ph\u00e1p t\u1ed1t nh\u1ea5t.<\/p>","protected":false},"excerpt":{"rendered":"<p>The maize threshing machine can quickly and efficiently separate corn kernels from the cob. It&#8217;s a vital piece of equipment in agricultural production. This article describes the features, advantages, and specifications of a corn thresher for your reference.<\/p>","protected":false},"author":1,"featured_media":1070,"parent":0,"template":"","tags":[42,43],"product-type":[4],"class_list":["post-1061","product","type-product","status-publish","has-post-thumbnail","hentry","tag-corn","tag-maize","product-type-corn-thresher-machine"],"_links":{"self":[{"href":"https:\/\/corn-machines.com\/vi\/wp-json\/wp\/v2\/product\/1061","targetHints":{"allow":["GET"]}}],"collection":[{"href":"https:\/\/corn-machines.com\/vi\/wp-json\/wp\/v2\/product"}],"about":[{"href":"https:\/\/corn-machines.com\/vi\/wp-json\/wp\/v2\/types\/product"}],"author":[{"embeddable":true,"href":"https:\/\/corn-machines.com\/vi\/wp-json\/wp\/v2\/users\/1"}],"wp:featuredmedia":[{"embeddable":true,"href":"https:\/\/corn-machines.com\/vi\/wp-json\/wp\/v2\/media\/1070"}],"wp:attachment":[{"href":"https:\/\/corn-machines.com\/vi\/wp-json\/wp\/v2\/media?parent=1061"}],"wp:term":[{"taxonomy":"post_tag","embeddable":true,"href":"https:\/\/corn-machines.com\/vi\/wp-json\/wp\/v2\/tags?post=1061"},{"taxonomy":"product-type","embeddable":true,"href":"https:\/\/corn-machines.com\/vi\/wp-json\/wp\/v2\/product-type?post=1061"}],"curies":[{"name":"wp","href":"https:\/\/api.w.org\/{rel}","templated":true}]}}