{"id":1013,"date":"2025-09-25T15:18:37","date_gmt":"2025-09-25T07:18:37","guid":{"rendered":"https:\/\/corn-machines.com\/?post_type=product&#038;p=1013"},"modified":"2025-10-20T14:07:42","modified_gmt":"2025-10-20T06:07:42","slug":"multifunctional-grain-thresher","status":"publish","type":"product","link":"https:\/\/corn-machines.com\/vi\/product\/multifunctional-grain-thresher\/","title":{"rendered":"M\u00e1y tu\u1ed1t h\u1ea1t ng\u0169 c\u1ed1c \u0111a ch\u1ee9c n\u0103ng"},"content":{"rendered":"<p class=\"translation-block\">M\u00e1y th\u00f3c xay x\u00e1t \u0111a ch\u1ee9c n\u0103ng <strong>hi\u1ec7u qu\u1ea3 cao<\/strong> nhanh ch\u00f3ng t\u00e1ch h\u1ea1t c\u00e1c lo\u1ea1i ng\u0169 c\u1ed1c kh\u00e1c nhau. N\u00f3 ph\u00f9 h\u1ee3p cho ng\u00f4, \u0111\u1eadu n\u00e0nh, ng\u00f4 sorghum, l\u00faa m\u00ec, k\u00ea, millet, v\u00e0 c\u00e1c c\u00e2y tr\u1ed3ng kh\u00e1c. M\u00e1y t\u00e1ch h\u1ea1t n\u00f4ng nghi\u1ec7p \u0111a ch\u1ee9c n\u0103ng c\u1ee7a ch\u00fang t\u00f4i c\u0169ng r\u1ea5t hi\u1ec7u qu\u1ea3, c\u00f3 th\u1ec3 t\u00e1ch h\u1ea1t v\u1edbi t\u1ed1c \u0111\u1ed9 l\u00ean t\u1edbi 5 t\u1ea5n\/ gi\u1edd.<\/p>    <p>M\u00e1y t\u00e1ch kernels ng\u00f4 \u0111a ch\u1ee9c n\u0103ng c\u00f3 hai bu\u1ed3ng v\u00e0 hai m\u00e1y th\u1ed5i, \u0111\u1ea3m b\u1ea3o s\u1ef1 t\u00e1ch h\u1ea1t s\u1ea1ch h\u01a1n. N\u00f3 c\u0169ng c\u00f3 l\u1ed1p xe l\u1edbn, cho ph\u00e9p v\u1eadn h\u00e0nh linh ho\u1ea1t v\u00e0 ti\u1ec7n l\u1ee3i. N\u1ebfu b\u1ea1n quan t\u00e2m, h\u00e3y li\u00ean h\u1ec7 v\u1edbi ch\u00fang t\u00f4i ngay h\u00f4m nay \u0111\u1ec3 \u0111\u01b0\u1ee3c t\u01b0 v\u1ea5n mi\u1ec5n ph\u00ed!<\/p>    <figure class=\"wp-block-embed is-type-video is-provider-youtube wp-block-embed-youtube wp-embed-aspect-16-9 wp-has-aspect-ratio\"><div class=\"wp-block-embed__wrapper\"> <iframe loading=\"lazy\" title=\"M\u00e1y th\u00f3c \u0111a ch\u1ee9c n\u0103ng | M\u00e1y t\u00e1ch h\u1ea1t ng\u00f4 \u0111a ch\u1ee9c n\u0103ng cho ng\u00f4, m\u00eda, l\u00faa m\u00ec, ng\u00f4 v\u00e0 millet\" width=\"500\" height=\"281\" src=\"https:\/\/www.youtube.com\/embed\/v5GAfCG2C8I?feature=oembed\" frameborder=\"0\" allow=\"accelerometer; autoplay; clipboard-write; encrypted-media; gyroscope; picture-in-picture; web-share\" referrerpolicy=\"strict-origin-when-cross-origin\" allowfullscreen><\/iframe> <\/div><figcaption class=\"wp-element-caption\">quy tr\u00ecnh l\u00e0m vi\u1ec7c c\u1ee7a m\u00e1y th\u00f3c ng\u00f4 \u0111a n\u0103ng<\/figcaption><\/figure>    <h2 class=\"wp-block-heading\"><strong>C\u00e1c \u0111\u1eb7c \u0111i\u1ec3m c\u1ee7a m\u00e1y tu\u1ed1t h\u1ea1t \u0111a d\u1ee5ng<\/strong><\/h2>    <ul class=\"wp-block-list\"> <li>M\u00e1y xay l\u00faa \u0111a ch\u1ee9c n\u0103ng c\u1ee7a Taizy cung c\u1ea5p hai l\u1ef1a ch\u1ecdn v\u1ec1 ngu\u1ed3n n\u0103ng l\u01b0\u1ee3ng: <strong>\u0110\u1ed9ng c\u01a1 diesel v\u00e0 \u0111\u1ed9ng c\u01a1 \u0111i\u1ec7n<\/strong>. \u0110\u1ed9ng c\u01a1 diesel ph\u00f9 h\u1ee3p \u0111\u1ec3 s\u1eed d\u1ee5ng trong c\u00e1c c\u00e1nh \u0111\u1ed3ng v\u00e0 khu v\u1ef1c kh\u00f4ng c\u00f3 \u0111i\u1ec7n; \u0111\u1ed9ng c\u01a1 \u0111i\u1ec7n \u1ed5n \u0111\u1ecbnh v\u00e0 ti\u1ebft ki\u1ec7m n\u0103ng l\u01b0\u1ee3ng.<\/li>    <li>M\u00e1y xay l\u00faa c\u1ee7a ch\u00fang t\u00f4i c\u00f3 <strong>m\u1ed9t ph\u1ea1m vi \u1ee9ng d\u1ee5ng r\u1ed9ng r\u00e3i<\/strong>, c\u00f3 kh\u1ea3 n\u0103ng xay ng\u00f4, millet, m\u00eda, \u0111\u1eadu n\u00e0nh, g\u1ea1o, l\u00faa m\u00ec v\u00e0 nhi\u1ec1u lo\u1ea1i c\u00e2y tr\u1ed3ng kh\u00e1c.<\/li>    <li>M\u00e1y t\u00e1ch ng\u00f4 \u0111a ch\u1ee9c n\u0103ng c\u00f3 <strong>Hi\u1ec7u qu\u1ea3 ho\u1ea1t \u0111\u1ed9ng cao<\/strong>, \u0111\u1ea1t c\u00f4ng su\u1ea5t xay t\u1ed1i \u0111a 5 t\u1ea5n m\u1ed7i gi\u1edd. N\u00f3 d\u1ec5 d\u00e0ng \u0111\u00e1p \u1ee9ng y\u00eau c\u1ea7u s\u1ea3n xu\u1ea5t c\u1ee7a m\u1ecdi quy m\u00f4.<\/li>    <li>M\u00e1y n\u00e0y l\u00e0 <strong>\u0111\u01b0\u1ee3c trang b\u1ecb l\u1ed1p xe ch\u1eafc ch\u1eafn v\u00e0 b\u1ec1n b\u1ec9<\/strong>, gi\u00fap d\u1ec5 d\u00e0ng di chuy\u1ec3n gi\u1eefa c\u00e1c c\u00e1nh \u0111\u1ed3ng v\u00e0 trang tr\u1ea1i m\u00e0 kh\u00f4ng b\u1ecb h\u1ea1n ch\u1ebf b\u1edfi \u0111\u1ecba h\u00ecnh, l\u00e0m cho ho\u1ea1t \u0111\u1ed9ng linh ho\u1ea1t v\u00e0 hi\u1ec7u qu\u1ea3 h\u01a1n.<\/li>    <li>M\u00e1y xay l\u00faa c\u1ee7a Taizy \u0111\u01b0\u1ee3c l\u00e0m b\u1eb1ng <strong>Th\u00e9p d\u00e0y v\u00e0 ph\u1ee5 ki\u1ec7n ch\u1ea5t l\u01b0\u1ee3ng cao<\/strong>, cung c\u1ea5p \u0111\u1ed9 \u1ed5n \u0111\u1ecbnh cao v\u00e0 d\u1ec5 b\u1ea3o tr\u00ec, c\u00f3 th\u1ec3 duy tr\u00ec hi\u1ec7u su\u1ea5t t\u1ed1t ngay c\u1ea3 trong \u0111i\u1ec1u ki\u1ec7n ho\u1ea1t \u0111\u1ed9ng c\u01b0\u1eddng \u0111\u1ed9 cao.<\/li> <\/ul>   <div class=\"wp-block-image\"> <figure class=\"aligncenter size-full\"><img loading=\"lazy\" decoding=\"async\" width=\"720\" height=\"540\" src=\"https:\/\/corn-machines.com\/wp-content\/uploads\/2025\/09\/multifunctional-corn-shelling-machine.webp\" alt=\"m\u00e1y tu\u1ed1t ng\u00f4 \u0111a ch\u1ee9c n\u0103ng\" class=\"wp-image-1014\" srcset=\"https:\/\/corn-machines.com\/wp-content\/uploads\/2025\/09\/multifunctional-corn-shelling-machine.webp 720w, https:\/\/corn-machines.com\/wp-content\/uploads\/2025\/09\/multifunctional-corn-shelling-machine-300x225.webp 300w, https:\/\/corn-machines.com\/wp-content\/uploads\/2025\/09\/multifunctional-corn-shelling-machine-16x12.webp 16w\" sizes=\"auto, (max-width: 720px) 100vw, 720px\" \/><figcaption class=\"wp-element-caption\">m\u00e1y tu\u1ed1t ng\u00f4 \u0111a ch\u1ee9c n\u0103ng<\/figcaption><\/figure> <\/div>   <h2 class=\"wp-block-heading\"><strong>Th\u00f4ng s\u1ed1 c\u1ee7a m\u00e1y tu\u1ed1t h\u1ea1t \u0111a ch\u1ee9c n\u0103ng<\/strong><\/h2>    <figure class=\"wp-block-table\"><table class=\"has-fixed-layout\"><tbody><tr><td>Ng\u01b0\u1eddi m\u1eabu<\/td><td>MT-1500<\/td><\/tr><tr><td>Quy\u1ec1n l\u1ef1c<\/td><td>7.5kw\/15-18hp<\/td><\/tr><tr><td>Dung t\u00edch<\/td><td>2-5t\/h<\/td><\/tr><tr><td>\u1ee8ng d\u1ee5ng<\/td><td>L\u00faa m\u00ec, g\u1ea1o, b\u1eafp, \u0111\u1eadu n\u00e0nh, m\u1ec5, v.v.<\/td><\/tr><\/tbody><\/table><figcaption class=\"wp-element-caption\">Th\u00f4ng s\u1ed1 c\u1ee7a m\u00e1y s\u00e0ng h\u1ea1t ng\u00f4 nhi\u1ec1u ch\u1ee9c n\u0103ng<\/figcaption><\/figure>    <h2 class=\"wp-block-heading\">C\u00e1c th\u00e0nh ph\u1ea7n ch\u00ednh c\u1ee7a m\u00e1y tu\u1ed1t ng\u00f4 nhi\u1ec1u ch\u1ee9c n\u0103ng<\/h2>    <p>M\u00e1y tu\u1ed1t h\u1ea1t ng\u00f4 Taizy ch\u1ee7 y\u1ebfu \u0111\u01b0\u1ee3c c\u1ea5u th\u00e0nh t\u1eeb c\u00e1c b\u1ed9 ph\u1eadn sau:<\/p>    <ul class=\"wp-block-list\"> <li><strong>L\u1ed1i v\u00e0o th\u1ee9c \u0103n<\/strong>: N\u00f3 \u0111\u01b0\u1ee3c s\u1eed d\u1ee5ng \u0111\u1ec3 c\u1ea5p li\u1ec7u cho nhi\u1ec1u lo\u1ea1i h\u1ea1t, bao g\u1ed3m ng\u00f4, millet, m\u00eda, \u0111\u1eadu n\u00e0nh, g\u1ea1o v\u00e0 l\u00faa m\u00ec, v\u00e0o m\u00e1y. L\u1ed1i v\u00e0o th\u1ee9c \u0103n r\u1ed9ng gi\u00fap v\u1eadn h\u00e0nh li\u00ean t\u1ee5c v\u00e0 n\u00e2ng cao hi\u1ec7u qu\u1ea3 t\u1ea3i.<\/li>    <li><strong>H\u1ec7 th\u1ed1ng hai bu\u1ed3ng<\/strong>: Hai bu\u1ed3ng xay \u0111\u01b0\u1ee3c l\u1eafp \u0111\u1eb7t trong m\u00e1y, cho ph\u00e9p xay v\u00e0 t\u00e1ch ri\u00eang \u0111\u1ed3ng th\u1eddi, n\u00e2ng cao hi\u1ec7u qu\u1ea3 \u0111\u00e1ng k\u1ec3.<\/li>    <li><strong>H\u1ec7 th\u1ed1ng s\u00e0ng l\u1ecdc<\/strong>: M\u1ed9t m\u00e0n h\u00ecnh \u0111\u01b0\u1ee3c trang b\u1ecb \u0111\u1ec3 th\u1ef1c hi\u1ec7n ph\u00e2n lo\u1ea1i s\u01a1 b\u1ed9 v\u00e0 l\u1ecdc h\u1ea1t th\u00f3c \u0111\u00e3 xay, \u0111\u1ea3m b\u1ea3o \u00edt t\u1ea1p ch\u1ea5t, s\u1ea3n ph\u1ea9m s\u1ea1ch v\u00e0 n\u00e2ng cao ch\u1ea5t l\u01b0\u1ee3ng h\u1ea1t.<\/li>    <li><strong>Qu\u1ea1t \u0111\u00f4i<\/strong>: Qu\u1ea1t m\u1ea1nh m\u1ebd hi\u1ec7u qu\u1ea3 t\u00e1ch v\u1ecf tr\u1ea5u, m\u1ea3nh v\u1ee5n v\u00e0 h\u1ea1t kh\u1ecfi m\u00e1y, n\u00e2ng cao \u0111\u1ed9 s\u1ea1ch s\u1ebd v\u00e0 gi\u1ea3m thi\u1ec3u c\u00f4ng \u0111o\u1ea1n l\u00e0m s\u1ea1ch ph\u1ee5.<\/li>    <li><strong>H\u1ec7 th\u1ed1ng ngu\u1ed3n \u0111i\u1ec7n<\/strong>: M\u00e1y xay l\u00faa \u0111a ch\u1ee9c n\u0103ng c\u1ee7a ch\u00fang t\u00f4i c\u00f3 s\u1eb5n c\u1ea3 hai t\u00f9y ch\u1ecdn \u0111\u1ed9ng c\u01a1 diesel v\u00e0 \u0111\u1ed9ng c\u01a1 \u0111i\u1ec7n ph\u00f9 h\u1ee3p v\u1edbi c\u00e1c m\u00f4i tr\u01b0\u1eddng v\u1eadn h\u00e0nh kh\u00e1c nhau.<\/li>    <li><strong>L\u1ed1i tho\u00e1t x\u1ea3<\/strong>: Sau khi xay, h\u1ea1t \u0111\u01b0\u1ee3c x\u1ea3 ra kh\u1ecfi l\u1ed1i tho\u00e1t, n\u01a1i c\u00f3 m\u00e0n h\u00ecnh v\u00e0 qu\u1ea1t \u0111\u1ec3 t\u00e1ch s\u1ea1ch h\u1ea1t kh\u1ecfi t\u1ea1p ch\u1ea5t.<\/li>    <li><strong>Khung v\u00e0 l\u1ed1p xe<\/strong>: Khung \u0111\u01b0\u1ee3c l\u00e0m b\u1eb1ng th\u00e9p d\u00e0y \u0111\u1ec3 \u0111\u1ea3m b\u1ea3o \u0111\u1ed9 b\u1ec1n v\u00e0 \u1ed5n \u0111\u1ecbnh. Trang b\u1ecb l\u1ed1p xe b\u1ec1n b\u1ec9 \u0111\u1ec3 d\u1ec5 d\u00e0ng di chuy\u1ec3n gi\u1eefa c\u00e1c c\u00e1nh \u0111\u1ed3ng, trang tr\u1ea1i ho\u1eb7c \u0111\u1ecba \u0111i\u1ec3m ch\u1ebf bi\u1ebfn, n\u00e2ng cao t\u00ednh linh ho\u1ea1t trong v\u1eadn h\u00e0nh.<\/li> <\/ul>    <figure class=\"wp-block-gallery has-nested-images columns-default is-cropped wp-block-gallery-2 is-layout-flex wp-block-gallery-is-layout-flex\"> <figure class=\"wp-block-image size-large\"><img loading=\"lazy\" decoding=\"async\" width=\"720\" height=\"540\" data-id=\"1015\" src=\"https:\/\/corn-machines.com\/wp-content\/uploads\/2025\/09\/multifunctional-thresher.webp\" alt=\"m\u00e1y tu\u1ed1t \u0111a n\u0103ng\" class=\"wp-image-1015\" srcset=\"https:\/\/corn-machines.com\/wp-content\/uploads\/2025\/09\/multifunctional-thresher.webp 720w, https:\/\/corn-machines.com\/wp-content\/uploads\/2025\/09\/multifunctional-thresher-300x225.webp 300w, https:\/\/corn-machines.com\/wp-content\/uploads\/2025\/09\/multifunctional-thresher-16x12.webp 16w\" sizes=\"auto, (max-width: 720px) 100vw, 720px\" \/><figcaption class=\"wp-element-caption\">m\u00e1y tu\u1ed1t \u0111a n\u0103ng<\/figcaption><\/figure>    <figure class=\"wp-block-image size-large\"><img loading=\"lazy\" decoding=\"async\" width=\"720\" height=\"540\" data-id=\"1016\" src=\"https:\/\/corn-machines.com\/wp-content\/uploads\/2025\/09\/multifunctional-threshing-machine.webp\" alt=\"m\u00e1y t\u00e1ch h\u1ea1t \u0111a n\u0103ng\" class=\"wp-image-1016\" srcset=\"https:\/\/corn-machines.com\/wp-content\/uploads\/2025\/09\/multifunctional-threshing-machine.webp 720w, https:\/\/corn-machines.com\/wp-content\/uploads\/2025\/09\/multifunctional-threshing-machine-300x225.webp 300w, https:\/\/corn-machines.com\/wp-content\/uploads\/2025\/09\/multifunctional-threshing-machine-16x12.webp 16w\" sizes=\"auto, (max-width: 720px) 100vw, 720px\" \/><figcaption class=\"wp-element-caption\">m\u00e1y t\u00e1ch h\u1ea1t \u0111a n\u0103ng<\/figcaption><\/figure> <\/figure>    <h2 class=\"wp-block-heading\"><strong>\u1ee8ng d\u1ee5ng c\u1ee7a m\u00e1y tu\u1ed1t h\u1ea1t \u0111a ch\u1ee9c n\u0103ng<\/strong><\/h2>    <p>M\u00e1y tu\u1ed1t h\u1ea1t \u0111a n\u0103ng ph\u00f9 h\u1ee3p \u0111\u1ec3 x\u1eed l\u00fd nhi\u1ec1u lo\u1ea1i c\u00e2y ng\u0169 c\u1ed1c, bao g\u1ed3m ng\u00f4, m\u1ec5, b\u1ed9t, \u0111\u1eadu t\u01b0\u01a1ng, g\u1ea1o v\u00e0 l\u00faa m\u00ec. D\u00f9 \u1edf n\u00f4ng tr\u1ea1i gia \u0111\u00ecnh, h\u1ee3p t\u00e1c x\u00e3 n\u00f4ng nghi\u1ec7p hay nh\u00e0 m\u00e1y ch\u1ebf bi\u1ebfn l\u00faa m\u00ec, m\u00e1y n\u00e0y cung c\u1ea5p hi\u1ec7u qu\u1ea3 tu\u1ed1t r\u1ea5t tuy\u1ec7t v\u1eddi.<\/p>   <div class=\"wp-block-image\"> <figure class=\"aligncenter size-full\"><img loading=\"lazy\" decoding=\"async\" width=\"720\" height=\"540\" src=\"https:\/\/corn-machines.com\/wp-content\/uploads\/2025\/09\/application-of-multifunctional-maize-sheller.webp\" alt=\"\u1ee9ng d\u1ee5ng c\u1ee7a m\u00e1y t\u00e1ch h\u1ea1t ng\u00f4 \u0111a ch\u1ee9c n\u0103ng\" class=\"wp-image-1023\" srcset=\"https:\/\/corn-machines.com\/wp-content\/uploads\/2025\/09\/application-of-multifunctional-maize-sheller.webp 720w, https:\/\/corn-machines.com\/wp-content\/uploads\/2025\/09\/application-of-multifunctional-maize-sheller-300x225.webp 300w, https:\/\/corn-machines.com\/wp-content\/uploads\/2025\/09\/application-of-multifunctional-maize-sheller-16x12.webp 16w\" sizes=\"auto, (max-width: 720px) 100vw, 720px\" \/><figcaption class=\"wp-element-caption\">\u1ee9ng d\u1ee5ng c\u1ee7a m\u00e1y t\u00e1ch h\u1ea1t ng\u00f4 \u0111a ch\u1ee9c n\u0103ng<\/figcaption><\/figure> <\/div>   <p>Ng\u0169 c\u1ed1c \u0111\u01b0\u1ee3c x\u1eed l\u00fd b\u1edfi m\u00e1y tu\u1ed1t h\u1ea1t \u0111a ch\u1ee9c n\u0103ng c\u1ee7a ch\u00fang t\u00f4i c\u00f3 ch\u1ea5t l\u01b0\u1ee3ng t\u1ea1p ch\u1ea5t t\u1ed1i thi\u1ec3u, t\u1ef7 l\u1ec7 h\u1ecfng v\u1ee1 th\u1ea5p v\u00e0 h\u1ea1t nguy\u00ean v\u1eb9n, cho ph\u00e9p ph\u01a1i n\u1eafng tr\u1ef1c ti\u1ebfp, l\u01b0u tr\u1eef ho\u1eb7c ch\u1ebf bi\u1ebfn ti\u1ebfp.<\/p>    <h2 class=\"wp-block-heading\"><strong>L\u1ee3i \u00edch c\u1ee7a vi\u1ec7c tu\u1ed1t c\u00e1c lo\u1ea1i ng\u0169 c\u1ed1c<\/strong><\/h2>    <ul class=\"wp-block-list\"> <li>Sau khi tu\u1ed1t, v\u1ecf \u0111\u01b0\u1ee3c t\u00e1ch kh\u1ecfi h\u1ea1t, gi\u1ea3m \u0111\u1ed9 \u1ea9m v\u00e0 t\u1ea1p ch\u1ea5t \u0111\u1ed3ng th\u1eddi l\u00e0m gi\u1ea3m nguy c\u01a1 n\u1ea5m m\u1ed1c v\u00e0 s\u1ef1 t\u1ea5n c\u00f4ng c\u1ee7a c\u00f4n tr\u00f9ng, cho ph\u00e9p l\u01b0u tr\u1eef h\u1ea1t an to\u00e0n h\u01a1n v\u00e0 l\u00e2u d\u00e0i h\u01a1n.<\/li>    <li>H\u1ea1t sau khi tu\u1ed1t c\u00f3 k\u00edch th\u01b0\u1edbc nh\u1ecf h\u01a1n v\u00e0 tr\u1ecdng l\u01b0\u1ee3ng nh\u1eb9 h\u01a1n trong v\u1ecf, d\u1ec5 \u0111\u00f3ng g\u00f3i v\u00e0 v\u1eadn chuy\u1ec3n, t\u1eeb \u0111\u00f3 gi\u1ea3m chi ph\u00ed logistic.<\/li>    <li>Vi\u1ec7c tu\u1ed1t b\u1ecf \u0111i impurities, cho h\u1ea1t s\u1ea1ch v\u00e0 nguy\u00ean v\u1eb9n h\u01a1n, t\u1eeb \u0111\u00f3 thu\u1eadn l\u1ee3i cho qu\u00e1 tr\u00ecnh ph\u01a1i n\u1eafng v\u00e0 s\u1ea5y sau n\u00e0y.<\/li>    <li>D\u00f9 l\u00e0 cho xay l\u00faa, s\u1ea3n xu\u1ea5t b\u1ed9t hay ch\u1ebf bi\u1ebfn ti\u1ebfp, h\u1ea1t \u0111\u00e3 tu\u1ed1t ph\u00f9 h\u1ee3p h\u01a1n cho c\u00e1c giai \u0111o\u1ea1n ch\u1ebf bi\u1ebfn tr\u1ef1c ti\u1ebfp, t\u0103ng hi\u1ec7u qu\u1ea3 v\u00e0 ch\u1ea5t l\u01b0\u1ee3ng s\u1ea3n ph\u1ea9m cu\u1ed1i c\u00f9ng.<\/li> <\/ul>    <figure class=\"wp-block-gallery has-nested-images columns-default is-cropped wp-block-gallery-3 is-layout-flex wp-block-gallery-is-layout-flex\"> <figure class=\"wp-block-image size-large\"><img loading=\"lazy\" decoding=\"async\" width=\"720\" height=\"540\" data-id=\"1021\" src=\"https:\/\/corn-machines.com\/wp-content\/uploads\/2025\/09\/finished-product-of-multifuncitonal-grian-sheller.webp\" alt=\"s\u1ea3n ph\u1ea9m ho\u00e0n ch\u1ec9nh c\u1ee7a m\u00e1y tu\u1ed1t ng\u0169 c\u1ed1c \u0111a ch\u1ee9c n\u0103ng\" class=\"wp-image-1021\" srcset=\"https:\/\/corn-machines.com\/wp-content\/uploads\/2025\/09\/finished-product-of-multifuncitonal-grian-sheller.webp 720w, https:\/\/corn-machines.com\/wp-content\/uploads\/2025\/09\/finished-product-of-multifuncitonal-grian-sheller-300x225.webp 300w, https:\/\/corn-machines.com\/wp-content\/uploads\/2025\/09\/finished-product-of-multifuncitonal-grian-sheller-16x12.webp 16w\" sizes=\"auto, (max-width: 720px) 100vw, 720px\" \/><figcaption class=\"wp-element-caption\">s\u1ea3n ph\u1ea9m ho\u00e0n ch\u1ec9nh c\u1ee7a m\u00e1y tu\u1ed1t ng\u0169 c\u1ed1c \u0111a ch\u1ee9c n\u0103ng<\/figcaption><\/figure>    <figure class=\"wp-block-image size-large\"><img loading=\"lazy\" decoding=\"async\" width=\"720\" height=\"540\" data-id=\"1020\" src=\"https:\/\/corn-machines.com\/wp-content\/uploads\/2025\/09\/finished-product-of-grian-thresher.webp\" alt=\"s\u1ea3n ph\u1ea9m ho\u00e0n ch\u1ec9nh c\u1ee7a m\u00e1y tu\u1ed1t h\u1ea1t\" class=\"wp-image-1020\" srcset=\"https:\/\/corn-machines.com\/wp-content\/uploads\/2025\/09\/finished-product-of-grian-thresher.webp 720w, https:\/\/corn-machines.com\/wp-content\/uploads\/2025\/09\/finished-product-of-grian-thresher-300x225.webp 300w, https:\/\/corn-machines.com\/wp-content\/uploads\/2025\/09\/finished-product-of-grian-thresher-16x12.webp 16w\" sizes=\"auto, (max-width: 720px) 100vw, 720px\" \/><figcaption class=\"wp-element-caption\">s\u1ea3n ph\u1ea9m ho\u00e0n ch\u1ec9nh c\u1ee7a m\u00e1y tu\u1ed1t h\u1ea1t<\/figcaption><\/figure> <\/figure>    <h2 class=\"wp-block-heading\"><strong>Gi\u00e1 c\u1ee7a m\u00e1y tu\u1ed1t l\u00faa<\/strong><\/h2>    <p>Gi\u00e1 m\u00e1y tu\u1ed1t ng\u0169 c\u1ed1c ph\u1ee5 thu\u1ed9c v\u00e0o c\u1ea5u h\u00ecnh c\u00f4ng su\u1ea5t, c\u00e1c t\u00ednh n\u0103ng b\u1ed5 sung v\u00e0 s\u1ed1 l\u01b0\u1ee3ng mua. V\u00ed d\u1ee5, mua nhi\u1ec1u \u0111\u01a1n v\u1ecb s\u1ebd l\u00e0m gi\u1ea3m gi\u00e1 m\u1ed7i \u0111\u01a1n v\u1ecb. T\u1ed5ng th\u1ec3, gi\u00e1 cu\u1ed1i c\u00f9ng c\u00f3 th\u1ec3 \u0111\u01b0\u1ee3c x\u00e1c \u0111\u1ecbnh d\u1ef1a tr\u00ean y\u00eau c\u1ea7u c\u1ee5 th\u1ec3 v\u00e0 s\u1ed1 l\u01b0\u1ee3ng \u0111\u1eb7t h\u00e0ng.<\/p>   <div class=\"wp-block-image\"> <figure class=\"aligncenter size-full\"><img loading=\"lazy\" decoding=\"async\" width=\"720\" height=\"540\" src=\"https:\/\/corn-machines.com\/wp-content\/uploads\/2025\/09\/multi-purpose-thresher-machine.webp\" alt=\"m\u00e1y tu\u1ed1t \u0111a d\u1ee5ng\" class=\"wp-image-1017\" srcset=\"https:\/\/corn-machines.com\/wp-content\/uploads\/2025\/09\/multi-purpose-thresher-machine.webp 720w, https:\/\/corn-machines.com\/wp-content\/uploads\/2025\/09\/multi-purpose-thresher-machine-300x225.webp 300w, https:\/\/corn-machines.com\/wp-content\/uploads\/2025\/09\/multi-purpose-thresher-machine-16x12.webp 16w\" sizes=\"auto, (max-width: 720px) 100vw, 720px\" \/><figcaption class=\"wp-element-caption\">m\u00e1y tu\u1ed1t \u0111a d\u1ee5ng<\/figcaption><\/figure> <\/div>   <h2 class=\"wp-block-heading\"><strong>T\u1ea1i sao ch\u1ecdn Taizy l\u00e0 nh\u00e0 cung c\u1ea5p h\u00e0ng \u0111\u1ea7u c\u1ee7a b\u1ea1n\uff1f<\/strong><\/h2>    <p>Ch\u1ecdn Taizy l\u00e0m nh\u00e0 cung c\u1ea5p c\u00f3 ngh\u0129a l\u00e0 b\u1ea1n s\u1edf h\u1eefu m\u00e1y tu\u1ed1t h\u1ea1t \u0111a ch\u1ee9c n\u0103ng ch\u1ea5t l\u01b0\u1ee3ng cao, hi\u1ec7u su\u1ea5t \u0111\u00e1ng tin c\u1eady v\u00e0 t\u00ednh n\u0103ng \u0111a d\u1ee5ng. L\u00e0 m\u1ed9t doanh nghi\u1ec7p c\u00f3 kinh nghi\u1ec7m s\u00e2u r\u1ed9ng trong s\u1ea3n xu\u1ea5t v\u00e0 xu\u1ea5t kh\u1ea9u m\u00e1y n\u00f4ng nghi\u1ec7p, s\u1ea3n ph\u1ea9m c\u1ee7a ch\u00fang t\u00f4i \u0111\u01b0\u1ee3c ph\u00e2n ph\u1ed1i tr\u00ean to\u00e0n th\u1ebf gi\u1edbi.<\/p>    <figure class=\"wp-block-gallery has-nested-images columns-default is-cropped wp-block-gallery-4 is-layout-flex wp-block-gallery-is-layout-flex\"> <figure class=\"wp-block-image size-large\"><img loading=\"lazy\" decoding=\"async\" width=\"720\" height=\"540\" data-id=\"1018\" src=\"https:\/\/corn-machines.com\/wp-content\/uploads\/2025\/09\/multi-purpose-threshing-machine.webp\" alt=\"m\u00e1y tu\u1ed1t \u0111a ch\u1ee9c n\u0103ng \u0111a d\u1ee5ng\" class=\"wp-image-1018\" srcset=\"https:\/\/corn-machines.com\/wp-content\/uploads\/2025\/09\/multi-purpose-threshing-machine.webp 720w, https:\/\/corn-machines.com\/wp-content\/uploads\/2025\/09\/multi-purpose-threshing-machine-300x225.webp 300w, https:\/\/corn-machines.com\/wp-content\/uploads\/2025\/09\/multi-purpose-threshing-machine-16x12.webp 16w\" sizes=\"auto, (max-width: 720px) 100vw, 720px\" \/><figcaption class=\"wp-element-caption\">m\u00e1y tu\u1ed1t \u0111a ch\u1ee9c n\u0103ng \u0111a d\u1ee5ng<\/figcaption><\/figure>    <figure class=\"wp-block-image size-large\"><img loading=\"lazy\" decoding=\"async\" width=\"720\" height=\"540\" data-id=\"1019\" src=\"https:\/\/corn-machines.com\/wp-content\/uploads\/2025\/09\/multifunctional-corn-sheller.webp\" alt=\"m\u00e1y tu\u1ed1t ng\u00f4 v\u00e0 m\u1ec5 \u0111a ch\u1ee9c n\u0103ng\" class=\"wp-image-1019\" srcset=\"https:\/\/corn-machines.com\/wp-content\/uploads\/2025\/09\/multifunctional-corn-sheller.webp 720w, https:\/\/corn-machines.com\/wp-content\/uploads\/2025\/09\/multifunctional-corn-sheller-300x225.webp 300w, https:\/\/corn-machines.com\/wp-content\/uploads\/2025\/09\/multifunctional-corn-sheller-16x12.webp 16w\" sizes=\"auto, (max-width: 720px) 100vw, 720px\" \/><figcaption class=\"wp-element-caption\">m\u00e1y tu\u1ed1t ng\u00f4 v\u00e0 m\u1ec5 \u0111a ch\u1ee9c n\u0103ng<\/figcaption><\/figure> <\/figure>    <p class=\"translation-block\">C\u00f4ng ty ch\u00fang t\u00f4i tu\u00e2n th\u1ee7 c\u00e1c ti\u00eau chu\u1ea9n s\u1ea3n xu\u1ea5t nghi\u00eam ng\u1eb7t, \u0111\u1ea3m b\u1ea3o m\u1ed7i thi\u1ebft b\u1ecb b\u1ec1n b\u1ec9 v\u00e0 c\u00f3 hi\u1ec7u su\u1ea5t \u1ed5n \u0111\u1ecbnh. H\u01a1n n\u1eefa, ch\u00fang t\u00f4i cung c\u1ea5p m\u1ed9t lo\u1ea1t m\u00e1y n\u00f4ng nghi\u1ec7p, bao g\u1ed3m <a href=\"https:\/\/corn-machines.com\/vi\/product\/mobile-grain-dryer-for-drying-grain\/\">m\u00e1y s\u1ea5y grain<\/a>, <a href=\"https:\/\/corn-machines.com\/vi\/product\/corn-grits-machine\/\">m\u00e1y xay b\u1ed9t ng\u00f4<\/a>, v\u00e0 <a href=\"https:\/\/corn-machines.com\/vi\/product\/automated-corn-sowing-machine\/\">m\u00e1y gieo ng\u00f4<\/a>, cung c\u1ea5p cho b\u1ea1n m\u1ed9t gi\u1ea3i ph\u00e1p m\u1ed9t c\u1eeda!<\/p>    <h2 class=\"wp-block-heading\"><strong>Ph\u1ea7n k\u1ebft lu\u1eadn<\/strong><\/h2>    <p>D\u00f9 cho trang tr\u1ea1i gia \u0111\u00ecnh, h\u1ee3p t\u00e1c x\u00e3 n\u00f4ng nghi\u1ec7p hay nh\u00e0 m\u00e1y ch\u1ebf bi\u1ebfn ng\u0169 c\u1ed1c, m\u00e1y t\u00e1ch \u0111a ch\u1ee9c n\u0103ng c\u1ee7a ch\u00fang t\u00f4i c\u00f3 th\u1ec3 t\u0103ng \u0111\u00e1ng k\u1ec3 hi\u1ec7u qu\u1ea3 s\u1ea3n xu\u1ea5t c\u1ee7a b\u1ea1n, mang l\u1ea1i l\u1ee3i \u00edch v\u01b0\u1ee3t xa chi ph\u00ed c\u1ee7a thi\u1ebft b\u1ecb.<\/p>    <p>N\u1ebfu b\u1ea1n c\u1ea7n m\u00e1y tu\u1ed1t h\u1ea1t \u0111a ch\u1ee9c n\u0103ng, xin \u0111\u1eebng ng\u1ea7n ng\u1ea1i li\u00ean h\u1ec7 v\u1edbi ch\u00fang t\u00f4i. Ch\u00fang t\u00f4i s\u1ebd cung c\u1ea5p cho b\u1ea1n thi\u1ebft b\u1ecb v\u00e0 d\u1ecbch v\u1ee5 t\u1ed1t nh\u1ea5t.<\/p>","protected":false},"excerpt":{"rendered":"<p>B\u00e0i vi\u1ebft n\u00e0y m\u00f4 t\u1ea3 chi ti\u1ebft c\u00e1c \u0111\u1eb7c t\u00ednh hi\u1ec7u su\u1ea5t l\u00f5i, c\u1ea5u h\u00ecnh c\u00f4ng su\u1ea5t, \u0111\u1eb7c \u0111i\u1ec3m c\u1ea5u tr\u00fac, ph\u1ea1m vi \u00e1p d\u1ee5ng v\u00e0 \u01b0u \u0111i\u1ec3m c\u1ee7a s\u1ea3n ph\u1ea9m sau xay cho m\u00e1y s\u00e0ng \u0111a ch\u1ee9c n\u0103ng Taizy. Thi\u1ebft b\u1ecb cho th\u1ea5y hi\u1ec7u qu\u1ea3 v\u1eadn h\u00e0nh v\u00e0 t\u00ednh \u0111a n\u0103ng n\u1ed5i b\u1eadt khi x\u1eed l\u00fd c\u00e1c lo\u1ea1i c\u00e2y tr\u1ed3ng kh\u00e1c nhau, bao g\u1ed3m ng\u00f4, k\u00ea, sorgo, \u0111\u1eadu n\u00e0nh, g\u1ea1o v\u00e0 l\u00faa m\u00ec. <\/p>","protected":false},"author":1,"featured_media":1022,"parent":0,"template":"","tags":[42,52,61,57],"product-type":[4],"class_list":["post-1013","product","type-product","status-publish","has-post-thumbnail","hentry","tag-corn","tag-grain","tag-millet","tag-wheat","product-type-corn-thresher-machine"],"_links":{"self":[{"href":"https:\/\/corn-machines.com\/vi\/wp-json\/wp\/v2\/product\/1013","targetHints":{"allow":["GET"]}}],"collection":[{"href":"https:\/\/corn-machines.com\/vi\/wp-json\/wp\/v2\/product"}],"about":[{"href":"https:\/\/corn-machines.com\/vi\/wp-json\/wp\/v2\/types\/product"}],"author":[{"embeddable":true,"href":"https:\/\/corn-machines.com\/vi\/wp-json\/wp\/v2\/users\/1"}],"wp:featuredmedia":[{"embeddable":true,"href":"https:\/\/corn-machines.com\/vi\/wp-json\/wp\/v2\/media\/1022"}],"wp:attachment":[{"href":"https:\/\/corn-machines.com\/vi\/wp-json\/wp\/v2\/media?parent=1013"}],"wp:term":[{"taxonomy":"post_tag","embeddable":true,"href":"https:\/\/corn-machines.com\/vi\/wp-json\/wp\/v2\/tags?post=1013"},{"taxonomy":"product-type","embeddable":true,"href":"https:\/\/corn-machines.com\/vi\/wp-json\/wp\/v2\/product-type?post=1013"}],"curies":[{"name":"wp","href":"https:\/\/api.w.org\/{rel}","templated":true}]}}