{"id":100,"date":"2022-09-08T02:14:50","date_gmt":"2022-09-08T02:14:50","guid":{"rendered":"https:\/\/corn-machines.com\/?post_type=product&#038;p=100"},"modified":"2022-10-09T16:12:04","modified_gmt":"2022-10-09T08:12:04","slug":"mini-corn-harvesting-machine-maize-picker-machine","status":"publish","type":"product","link":"https:\/\/corn-machines.com\/vi\/product\/mini-corn-harvesting-machine-maize-picker-machine\/","title":{"rendered":"M\u00e1y thu ho\u1ea1ch ng\u00f4 mini | m\u00e1y h\u00e1i ng\u00f4"},"content":{"rendered":"<p>M\u00e1y thu ho\u1ea1ch ng\u00f4 \u0111\u1ec3 thu ho\u1ea1ch ng\u00f4 v\u00e0 tr\u1ea3 l\u1ea1i th\u00e2n c\u00e2y ng\u00f4 cho \u0111\u1ed3ng ru\u1ed9ng. Th\u00e2n c\u00e2y ng\u00f4 c\u00f3 th\u1ec3 \u0111\u01b0\u1ee3c nghi\u1ec1n n\u00e1t v\u00e0 \u0111\u01b0a tr\u1edf l\u1ea1i ru\u1ed9ng l\u00e0m ph\u00e2n b\u00f3n c\u00f9ng l\u00fac v\u1edbi vi\u1ec7c thu ho\u1ea1ch ng\u00f4. \u0110\u00e2y l\u00e0 m\u1ed9t m\u00e1y g\u1eb7t ng\u00f4 nh\u1ecf, d\u1ec5 v\u1eadn h\u00e0nh v\u00e0 c\u00f3 th\u1ec3 ho\u00e0n th\u00e0nh b\u1edfi m\u1ed9t ng\u01b0\u1eddi.<\/p>    <figure class=\"wp-block-image size-full\"><img loading=\"lazy\" decoding=\"async\" width=\"720\" height=\"540\" src=\"https:\/\/corn-machines.com\/wp-content\/uploads\/2022\/09\/corn-harvesting-machine.webp\" alt=\"m\u00e1y thu ho\u1ea1ch ng\u00f4\" class=\"wp-image-144\" srcset=\"https:\/\/corn-machines.com\/wp-content\/uploads\/2022\/09\/corn-harvesting-machine.webp 720w, https:\/\/corn-machines.com\/wp-content\/uploads\/2022\/09\/corn-harvesting-machine-300x225.webp 300w\" sizes=\"auto, (max-width: 720px) 100vw, 720px\" \/><figcaption>m\u00e1y thu ho\u1ea1ch ng\u00f4<\/figcaption><\/figure>    <h2 class=\"wp-block-heading\" id=\"h-the-role-of-the-corn-harvester\">Vai tr\u00f2 c\u1ee7a m\u00e1y thu ho\u1ea1ch ng\u00f4<\/h2>    <figure class=\"wp-block-image size-full\"><img loading=\"lazy\" decoding=\"async\" width=\"720\" height=\"540\" src=\"https:\/\/corn-machines.com\/wp-content\/uploads\/2022\/09\/corn-harvester.webp\" alt=\"m\u00e1y g\u1eb7t ng\u00f4\" class=\"wp-image-145\" srcset=\"https:\/\/corn-machines.com\/wp-content\/uploads\/2022\/09\/corn-harvester.webp 720w, https:\/\/corn-machines.com\/wp-content\/uploads\/2022\/09\/corn-harvester-300x225.webp 300w\" sizes=\"auto, (max-width: 720px) 100vw, 720px\" \/><figcaption>m\u00e1y g\u1eb7t ng\u00f4<\/figcaption><\/figure>    <p class=\"translation-block\">M\u00e1y thu ho\u1ea1ch ng\u00f4 n\u00e0y l\u00e0 m\u1ed9t m\u00e1y thu ho\u1ea1ch ng\u00f4 nh\u1ecf c\u00f3 th\u1ec3 x\u1eed l\u00fd m\u1ed9t h\u00e0ng. N\u00f3 c\u00f3 th\u1ec3 ho\u00e0n th\u00e0nh vi\u1ec7c thu ho\u1ea1ch ng\u00f4, nghi\u1ec1n th\u00e2n c\u00e2y v\u00e0 c\u00e1c ch\u1ee9c n\u0103ng kh\u00e1c trong m\u1ed9t l\u1ea7n. c\u00f3 th\u1ec3 \u0111i\u1ec1u ch\u1ec9nh. Nh\u01b0ng c\u1ea7n l\u01b0u \u00fd r\u1eb1ng m\u00e1y thu ho\u1ea1ch ng\u00f4 c\u1ee7a ch\u00fang t\u00f4i kh\u00f4ng th\u1ec3 th\u1ef1c hi\u1ec7n vi\u1ec7c b\u00f3c v\u1ecf ng\u00f4, v\u00e0 vi\u1ec7c b\u00f3c v\u1ecf ng\u00f4 c\u1ea7n m\u1ed9t m\u00e1y b\u00f3c v\u1ecf ng\u00f4 \u0111\u1ec3 ho\u1ea1t \u0111\u1ed9ng. C\u0169ng c\u00f3 nhi\u1ec1u lo\u1ea1i <a href=\"https:\/\/corn-machines.com\/vi\/product\/corn-shelling-machine\/\" data-type=\"URL\" data-id=\"https:\/\/corn-machines.com\/product\/corn-shelling-machine\/\">m\u00e1y t\u00e1ch h\u1ea1t ng\u00f4 \u0111ang \u0111\u01b0\u1ee3c b\u00e1n<\/a>.<\/p>    <h2 class=\"wp-block-heading\" id=\"h-how-to-use-a-corn-harvesting-machine\">L\u00e0m th\u1ebf n\u00e0o \u0111\u1ec3 s\u1eed d\u1ee5ng m\u00e1y thu ho\u1ea1ch ng\u00f4?<\/h2>    <figure class=\"wp-block-image size-full\"><img loading=\"lazy\" decoding=\"async\" width=\"720\" height=\"540\" src=\"https:\/\/corn-machines.com\/wp-content\/uploads\/2022\/09\/Corn-harvester-walking-in-the-field.webp\" alt=\"M\u00e1y g\u1eb7t ng\u00f4 \u0111i d\u1ea1o tr\u00ean c\u00e1nh \u0111\u1ed3ng\" class=\"wp-image-146\" srcset=\"https:\/\/corn-machines.com\/wp-content\/uploads\/2022\/09\/Corn-harvester-walking-in-the-field.webp 720w, https:\/\/corn-machines.com\/wp-content\/uploads\/2022\/09\/Corn-harvester-walking-in-the-field-300x225.webp 300w\" sizes=\"auto, (max-width: 720px) 100vw, 720px\" \/><figcaption>M\u00e1y g\u1eb7t ng\u00f4 \u0111i d\u1ea1o tr\u00ean c\u00e1nh \u0111\u1ed3ng<\/figcaption><\/figure>    <p class=\"translation-block\">Khi s\u1eed d\u1ee5ng, m\u1ed9t ng\u01b0\u1eddi c\u00f3 th\u1ec3 \u0111\u1ea9y m\u00e1y v\u1ec1 ph\u00eda tr\u01b0\u1edbc \u0111\u1ec3 l\u00e0m vi\u1ec7c, v\u00e0 m\u00e1y s\u1ebd t\u1ef1 \u0111\u1ed9ng ho\u00e0n th\u00e0nh c\u00f4ng vi\u1ec7c nghi\u1ec1n r\u01a1m v\u00e0 thu th\u1eadp ng\u00f4, v\u00e0 ng\u01b0\u1eddi s\u1eed d\u1ee5ng s\u1ebd kh\u00f4ng c\u1ea3m th\u1ea5y m\u1ec7t m\u1ecfi ngay c\u1ea3 sau m\u1ed9t ng\u00e0y l\u00e0m vi\u1ec7c. Th\u1eddi gian thu ho\u1ea1ch t\u1ed1t nh\u1ea5t cho m\u00e1y thu ho\u1ea1ch ng\u00f4 l\u00e0 t\u1eeb 3-5 ng\u00e0y v\u00ec l\u00fac n\u00e0y v\u1eabn c\u00f2n m\u1ed9t l\u01b0\u1ee3ng n\u01b0\u1edbc nh\u1ecf trong r\u01a1m, m\u00e1y thu ho\u1ea1ch ng\u00f4 c\u00f3 th\u1ec3 d\u1ec5 d\u00e0ng nghi\u1ec1n n\u00e1t, v\u00e0 hi\u1ec7u qu\u1ea3 nghi\u1ec1n r\u01a1m s\u1ebd b\u1ecb tr\u00ec ho\u00e3n n\u1ebfu th\u1eddi gian qu\u00e1 s\u1edbm ho\u1eb7c qu\u00e1 mu\u1ed9n. M\u00e1y thu ho\u1ea1ch ng\u00f4 ph\u00f9 h\u1ee3p v\u1edbi nhi\u1ec1u lo\u1ea1i \u0111\u1ecba h\u00ecnh, ch\u1eb3ng h\u1ea1n nh\u01b0 n\u00fai, <a href=\"https:\/\/en.wikipedia.org\/wiki\/Plain\" data-type=\"URL\" data-id=\"https:\/\/en.wikipedia.org\/wiki\/Plain\" target=\"_blank\" rel=\"noopener\">\u0111\u1ed3ng b\u1eb1ng<\/a>, nh\u00e0 k\u00ednh, \u0111\u1ed3i, b\u1edd ru\u1ed9ng v\u00e0 c\u00e1c lo\u1ea1i \u0111\u1ecba h\u00ecnh kh\u00e1c c\u00f3 th\u1ec3 ho\u1ea1t \u0111\u1ed9ng b\u00ecnh th\u01b0\u1eddng.<\/p>    <h2 class=\"wp-block-heading\" id=\"h-parameters-of-the-corn-harvesting-machine\">C\u00e1c th\u00f4ng s\u1ed1 c\u1ee7a m\u00e1y thu ho\u1ea1ch ng\u00f4<\/h2>    <figure class=\"wp-block-image size-full\"><img loading=\"lazy\" decoding=\"async\" width=\"720\" height=\"540\" src=\"https:\/\/corn-machines.com\/wp-content\/uploads\/2022\/09\/corn-harvesting-machine-1.webp\" alt=\"m\u00e1y thu ho\u1ea1ch ng\u00f4\" class=\"wp-image-147\" srcset=\"https:\/\/corn-machines.com\/wp-content\/uploads\/2022\/09\/corn-harvesting-machine-1.webp 720w, https:\/\/corn-machines.com\/wp-content\/uploads\/2022\/09\/corn-harvesting-machine-1-300x225.webp 300w\" sizes=\"auto, (max-width: 720px) 100vw, 720px\" \/><figcaption>m\u00e1y thu ho\u1ea1ch ng\u00f4<\/figcaption><\/figure>    <figure class=\"wp-block-table\"><table><tbody><tr><td>Ng\u01b0\u1eddi m\u1eabu<\/td><td>4YZ-1<\/td><\/tr><tr><td>k\u00edch c\u1ee1<\/td><td>1820\u00d7800\u00d71190mm<\/td><\/tr><tr><td>c\u00e2n n\u1eb7ng<\/td><td>265kg<\/td><\/tr><tr><td>T\u1ed1c \u0111\u1ed9 l\u00e0m vi\u1ec7c<\/td><td>0,72-1,44 km\/gi\u1edd<\/td><\/tr><tr><td>\u0110\u01a1n v\u1ecb ti\u00eau th\u1ee5 nhi\u00ean li\u1ec7u khu v\u1ef1c l\u00e0m vi\u1ec7c<\/td><td>10kg\/h\u33a1<\/td><\/tr><tr><td>gi\u1edd n\u0103ng su\u1ea5t<\/td><td>0,03-0,06ha\/gi\u1edd<\/td><\/tr><tr><td>S\u1ed1 l\u01b0\u1ee3ng l\u01b0\u1ee1i dao<\/td><td>10<\/td><\/tr><\/tbody><\/table><\/figure>    <h2 class=\"wp-block-heading\" id=\"h-structure-of-maize-picker-machine\">C\u1ea5u t\u1ea1o c\u1ee7a m\u00e1y h\u00e1i ng\u00f4 <\/h2>    <figure class=\"wp-block-image size-full\"><img loading=\"lazy\" decoding=\"async\" width=\"720\" height=\"540\" src=\"https:\/\/corn-machines.com\/wp-content\/uploads\/2022\/09\/maize-picker-machine.webp\" alt=\"m\u00e1y h\u00e1i ng\u00f4 \" class=\"wp-image-148\" srcset=\"https:\/\/corn-machines.com\/wp-content\/uploads\/2022\/09\/maize-picker-machine.webp 720w, https:\/\/corn-machines.com\/wp-content\/uploads\/2022\/09\/maize-picker-machine-300x225.webp 300w\" sizes=\"auto, (max-width: 720px) 100vw, 720px\" \/><figcaption>m\u00e1y h\u00e1i ng\u00f4 <\/figcaption><\/figure>    <p>M\u00e1y thu ho\u1ea1ch ng\u00f4 m\u1ed9t h\u00e0ng bao g\u1ed3m l\u1ed1p xe, tay v\u1ecbn, n\u00fat \u0111i\u1ec1u ch\u1ec9nh b\u00e1nh r\u0103ng, l\u1ed1p xe v\u00e0 \u0111\u1ed9ng c\u01a1. M\u00e1y c\u00f3 th\u1ec3 \u0111\u01b0\u1ee3c trang b\u1ecb \u0111\u1ed9ng c\u01a1 diesel ho\u1eb7c \u0111\u1ed9ng c\u01a1 x\u0103ng. M\u00e1y c\u00f3 nhi\u1ec1u \u0111i\u1ec1u ch\u1ec9nh b\u00e1nh r\u0103ng, c\u00f3 th\u1ec3 ki\u1ec3m so\u00e1t t\u1ed1c \u0111\u1ed9 v\u00e0 l\u1ed1p \u0111\u01b0\u1ee3c l\u00e0m b\u1eb1ng cao su.<\/p>    <h2 class=\"wp-block-heading\" id=\"h-advantages-of-corn-harvester\">\u01afu \u0111i\u1ec3m c\u1ee7a m\u00e1y thu ho\u1ea1ch ng\u00f4<\/h2>    <figure class=\"wp-block-gallery has-nested-images columns-default is-cropped wp-block-gallery-2 is-layout-flex wp-block-gallery-is-layout-flex\"> <figure class=\"wp-block-image size-large\"><img loading=\"lazy\" decoding=\"async\" width=\"720\" height=\"540\" data-id=\"149\" src=\"https:\/\/corn-machines.com\/wp-content\/uploads\/2022\/09\/corn-harvester-1.webp\" alt=\"m\u00e1y g\u1eb7t ng\u00f4\" class=\"wp-image-149\" srcset=\"https:\/\/corn-machines.com\/wp-content\/uploads\/2022\/09\/corn-harvester-1.webp 720w, https:\/\/corn-machines.com\/wp-content\/uploads\/2022\/09\/corn-harvester-1-300x225.webp 300w\" sizes=\"auto, (max-width: 720px) 100vw, 720px\" \/><figcaption>m\u00e1y g\u1eb7t ng\u00f4<\/figcaption><\/figure>    <figure class=\"wp-block-image size-large\"><img loading=\"lazy\" decoding=\"async\" width=\"720\" height=\"540\" data-id=\"150\" src=\"https:\/\/corn-machines.com\/wp-content\/uploads\/2022\/09\/corn-harvester-2.webp\" alt=\"m\u00e1y g\u1eb7t ng\u00f4\" class=\"wp-image-150\" srcset=\"https:\/\/corn-machines.com\/wp-content\/uploads\/2022\/09\/corn-harvester-2.webp 720w, https:\/\/corn-machines.com\/wp-content\/uploads\/2022\/09\/corn-harvester-2-300x225.webp 300w\" sizes=\"auto, (max-width: 720px) 100vw, 720px\" \/><figcaption>m\u00e1y g\u1eb7t ng\u00f4<\/figcaption><\/figure>    <figure class=\"wp-block-image size-large\"><img loading=\"lazy\" decoding=\"async\" width=\"720\" height=\"540\" data-id=\"151\" src=\"https:\/\/corn-machines.com\/wp-content\/uploads\/2022\/09\/corn-harvester-3.webp\" alt=\"m\u00e1y g\u1eb7t ng\u00f4\" class=\"wp-image-151\" srcset=\"https:\/\/corn-machines.com\/wp-content\/uploads\/2022\/09\/corn-harvester-3.webp 720w, https:\/\/corn-machines.com\/wp-content\/uploads\/2022\/09\/corn-harvester-3-300x225.webp 300w\" sizes=\"auto, (max-width: 720px) 100vw, 720px\" \/><figcaption>m\u00e1y g\u1eb7t ng\u00f4<\/figcaption><\/figure>    <figure class=\"wp-block-image size-large\"><img loading=\"lazy\" decoding=\"async\" width=\"720\" height=\"540\" data-id=\"152\" src=\"https:\/\/corn-machines.com\/wp-content\/uploads\/2022\/09\/corn-harvester-4.webp\" alt=\"m\u00e1y g\u1eb7t ng\u00f4\" class=\"wp-image-152\" srcset=\"https:\/\/corn-machines.com\/wp-content\/uploads\/2022\/09\/corn-harvester-4.webp 720w, https:\/\/corn-machines.com\/wp-content\/uploads\/2022\/09\/corn-harvester-4-300x225.webp 300w\" sizes=\"auto, (max-width: 720px) 100vw, 720px\" \/><figcaption>m\u00e1y g\u1eb7t ng\u00f4<\/figcaption><\/figure>    <figure class=\"wp-block-image size-large\"><img loading=\"lazy\" decoding=\"async\" width=\"720\" height=\"540\" data-id=\"153\" src=\"https:\/\/corn-machines.com\/wp-content\/uploads\/2022\/09\/corn-harvesting-machine-shipping.webp\" alt=\"v\u1eadn chuy\u1ec3n m\u00e1y thu ho\u1ea1ch ng\u00f4\" class=\"wp-image-153\" srcset=\"https:\/\/corn-machines.com\/wp-content\/uploads\/2022\/09\/corn-harvesting-machine-shipping.webp 720w, https:\/\/corn-machines.com\/wp-content\/uploads\/2022\/09\/corn-harvesting-machine-shipping-300x225.webp 300w\" sizes=\"auto, (max-width: 720px) 100vw, 720px\" \/><figcaption>v\u1eadn chuy\u1ec3n m\u00e1y thu ho\u1ea1ch ng\u00f4<\/figcaption><\/figure>    <figure class=\"wp-block-image size-large\"><img loading=\"lazy\" decoding=\"async\" width=\"720\" height=\"540\" data-id=\"154\" src=\"https:\/\/corn-machines.com\/wp-content\/uploads\/2022\/09\/corn-harvester-amchine.webp\" alt=\"m\u00e1y thu ho\u1ea1ch ng\u00f4 amchine\" class=\"wp-image-154\" srcset=\"https:\/\/corn-machines.com\/wp-content\/uploads\/2022\/09\/corn-harvester-amchine.webp 720w, https:\/\/corn-machines.com\/wp-content\/uploads\/2022\/09\/corn-harvester-amchine-300x225.webp 300w\" sizes=\"auto, (max-width: 720px) 100vw, 720px\" \/><figcaption>m\u00e1y thu ho\u1ea1ch ng\u00f4 amchine<\/figcaption><\/figure> <\/figure>    <ol class=\"wp-block-list\"><li>H\u1ed9p t\u1ed5ng h\u1ee3p ph\u00f3ng to, m\u1ed7i l\u1ea7n c\u00f3 th\u1ec3 \u0111\u1ef1ng \u0111\u01b0\u1ee3c n\u1eeda bao ng\u00f4, thu\u1eadn ti\u1ec7n h\u01a1n cho vi\u1ec7c \u0111\u00f3ng bao<\/li><li>L\u01b0\u1ee1i nghi\u1ec1n h\u1ee3p kim 12 m\u1ea3nh<\/li><li>M\u1eabu m\u00e1y thu ho\u1ea1ch ng\u00f4 nh\u1ecf g\u1ecdn, v\u1eadn h\u00e0nh linh ho\u1ea1t, t\u1ef1 do di chuy\u1ec3n, \u00edt b\u1ecb h\u1ea1n ch\u1ebf b\u1edfi \u0111\u1ecba h\u00ecnh<\/li><li>\u0110i\u1ec1u ch\u1ec9nh nhi\u1ec1u b\u00e1nh r\u0103ng, b\u1ea1n c\u00f3 th\u1ec3 \u0111i\u1ec1u ch\u1ec9nh t\u1ed1c \u0111\u1ed9 l\u00e0m vi\u1ec7c<\/li><\/ol>    <figure class=\"wp-block-embed is-type-video is-provider-youtube wp-block-embed-youtube wp-embed-aspect-16-9 wp-has-aspect-ratio\"><div class=\"wp-block-embed__wrapper\"> <iframe loading=\"lazy\" title=\"M\u00e1y thu ho\u1ea1ch ng\u00f4 nh\u1ecf | M\u1ed9t m\u00e1y thu ho\u1ea1ch ng\u00f4 th\u00f4 |m\u00e1y b\u0103m th\u00e2n c\u00e2y ng\u00f4 \u0111a ch\u1ee9c n\u0103ng\" width=\"500\" height=\"281\" src=\"https:\/\/www.youtube.com\/embed\/dnuDU_P6r60?feature=oembed\" frameborder=\"0\" allow=\"accelerometer; autoplay; clipboard-write; encrypted-media; gyroscope; picture-in-picture; web-share\" referrerpolicy=\"strict-origin-when-cross-origin\" allowfullscreen><\/iframe> <\/div><figcaption>m\u00e1y h\u00e1i ng\u00f4<\/figcaption><\/figure>","protected":false},"excerpt":{"rendered":"<p>M\u00e1y thu ho\u1ea1ch ng\u00f4 \u0111\u1ec3 thu ho\u1ea1ch ng\u00f4 v\u00e0 tr\u1ea3 l\u1ea1i th\u00e2n c\u00e2y ng\u00f4 cho \u0111\u1ed3ng ru\u1ed9ng.<\/p>","protected":false},"author":1,"featured_media":143,"parent":0,"template":"","tags":[19,35],"product-type":[3],"class_list":["post-100","product","type-product","status-publish","has-post-thumbnail","hentry","tag-corn-harvesting-machine","tag-corn-treshing-machine","product-type-corn-harvesting-machine"],"_links":{"self":[{"href":"https:\/\/corn-machines.com\/vi\/wp-json\/wp\/v2\/product\/100","targetHints":{"allow":["GET"]}}],"collection":[{"href":"https:\/\/corn-machines.com\/vi\/wp-json\/wp\/v2\/product"}],"about":[{"href":"https:\/\/corn-machines.com\/vi\/wp-json\/wp\/v2\/types\/product"}],"author":[{"embeddable":true,"href":"https:\/\/corn-machines.com\/vi\/wp-json\/wp\/v2\/users\/1"}],"wp:featuredmedia":[{"embeddable":true,"href":"https:\/\/corn-machines.com\/vi\/wp-json\/wp\/v2\/media\/143"}],"wp:attachment":[{"href":"https:\/\/corn-machines.com\/vi\/wp-json\/wp\/v2\/media?parent=100"}],"wp:term":[{"taxonomy":"post_tag","embeddable":true,"href":"https:\/\/corn-machines.com\/vi\/wp-json\/wp\/v2\/tags?post=100"},{"taxonomy":"product-type","embeddable":true,"href":"https:\/\/corn-machines.com\/vi\/wp-json\/wp\/v2\/product-type?post=100"}],"curies":[{"name":"wp","href":"https:\/\/api.w.org\/{rel}","templated":true}]}}