{"id":24,"date":"2022-09-06T07:20:01","date_gmt":"2022-09-06T07:20:01","guid":{"rendered":"https:\/\/corn-machines.com\/?page_id=24"},"modified":"2022-09-15T08:45:03","modified_gmt":"2022-09-15T08:45:03","slug":"about-us","status":"publish","type":"page","link":"https:\/\/corn-machines.com\/vi\/about-us\/","title":{"rendered":"V\u1ec1 ch\u00fang t\u00f4i"},"content":{"rendered":"<p>Taizy l\u00e0 c\u00f4ng ty thi\u1ebft b\u1ecb ch\u1ebf bi\u1ebfn ng\u00f4. C\u00f4ng ty ch\u00fang t\u00f4i c\u00f3 th\u1ec3 cung c\u1ea5p cho c\u00e1c nh\u00e0 s\u1ea3n xu\u1ea5t ng\u00f4 nh\u1eefng m\u00e1y m\u00f3c to\u00e0n di\u1ec7n nh\u1ea5t v\u00e0 d\u1ecbch v\u1ee5 m\u1ed9t c\u1eeda \u0111\u1ec3 cung c\u1ea5p cho kh\u00e1ch h\u00e0ng nh\u1eefng d\u1ecbch v\u1ee5 ti\u1ebft ki\u1ec7m th\u1eddi gian v\u00e0 kh\u00f4ng ph\u1ea3i lo l\u1eafng nh\u1ea5t. Ch\u00fang t\u00f4i c\u00f3 n\u0103m lo\u1ea1i m\u00e1y m\u00f3c ch\u00ednh, bao g\u1ed3m m\u00e1y tr\u1ed3ng ng\u00f4, m\u00e1y thu ho\u1ea1ch ng\u00f4, m\u00e1y tu\u1ed1t ng\u00f4, m\u00e1y l\u00e0m b\u1ed9t ng\u00f4 v\u00e0 m\u00e1y s\u1ea5y ng\u00f4. Kh\u00e1ch h\u00e0ng c\u1ee7a ch\u00fang t\u00f4i \u0111\u1ebfn t\u1eeb kh\u1eafp n\u01a1i tr\u00ean th\u1ebf gi\u1edbi v\u00e0 c\u00e1c qu\u1ed1c gia b\u00e1n nhi\u1ec1u m\u00e1y ch\u1ebf bi\u1ebfn ng\u00f4 nh\u1ea5t l\u00e0 \u00dd, Bangladesh, Th\u1ed5 Nh\u0129 K\u1ef3, Dubai, Hoa K\u1ef3, Nigeria, Ecuador v\u00e0 c\u00e1c qu\u1ed1c gia kh\u00e1c<\/p>    <figure class=\"wp-block-image size-full\"><img loading=\"lazy\" decoding=\"async\" width=\"720\" height=\"540\" src=\"https:\/\/corn-machines.com\/wp-content\/uploads\/2022\/09\/customer-visit.webp\" alt=\"chuy\u1ebfn th\u0103m c\u1ee7a kh\u00e1ch h\u00e0ng\" class=\"wp-image-340\" srcset=\"https:\/\/corn-machines.com\/wp-content\/uploads\/2022\/09\/customer-visit.webp 720w, https:\/\/corn-machines.com\/wp-content\/uploads\/2022\/09\/customer-visit-300x225.webp 300w\" sizes=\"auto, (max-width: 720px) 100vw, 720px\" \/><figcaption>chuy\u1ebfn th\u0103m c\u1ee7a kh\u00e1ch h\u00e0ng<\/figcaption><\/figure>    <h2 class=\"wp-block-heading\" id=\"h-what-can-we-do-for-our-clients\">Ch\u00fang t\u00f4i c\u00f3 th\u1ec3 l\u00e0m g\u00ec cho kh\u00e1ch h\u00e0ng c\u1ee7a m\u00ecnh?<\/h2>    <figure class=\"wp-block-image size-full\"><img loading=\"lazy\" decoding=\"async\" width=\"750\" height=\"342\" src=\"https:\/\/corn-machines.com\/wp-content\/uploads\/2022\/09\/Qualification-certificate.webp\" alt=\"Gi\u1ea5y ch\u1ee9ng nh\u1eadn \u0111\u1ee7 \u0111i\u1ec1u ki\u1ec7n\" class=\"wp-image-341\" srcset=\"https:\/\/corn-machines.com\/wp-content\/uploads\/2022\/09\/Qualification-certificate.webp 750w, https:\/\/corn-machines.com\/wp-content\/uploads\/2022\/09\/Qualification-certificate-300x137.webp 300w\" sizes=\"auto, (max-width: 750px) 100vw, 750px\" \/><figcaption>Gi\u1ea5y ch\u1ee9ng nh\u1eadn \u0111\u1ee7 \u0111i\u1ec1u ki\u1ec7n<\/figcaption><\/figure>    <p>M\u00e1y ki\u1ec3m tra. Taizai c\u00f3 th\u1ec3 cung c\u1ea5p cho kh\u00e1ch h\u00e0ng m\u00e1y th\u1eed nghi\u1ec7m, sau \u0111\u00f3 g\u1eedi c\u00e1c video li\u00ean quan \u0111\u1ec3 cho th\u1ea5y hi\u1ec7u qu\u1ea3 ho\u1ea1t \u0111\u1ed9ng c\u1ee7a m\u00e1y<br>\u0110\u01b0a ra gi\u1ea3i ph\u00e1p h\u1ee3p l\u00fd. Ch\u00fang t\u00f4i s\u1ebd cung c\u1ea5p cho kh\u00e1ch h\u00e0ng nh\u1eefng gi\u1ea3i ph\u00e1p h\u1ee3p l\u00fd v\u00e0 nh\u1eefng g\u1ee3i \u00fd hi\u1ec7u qu\u1ea3 nh\u1ea5t theo nhu c\u1ea7u c\u1ee7a t\u1eebng kh\u00e1ch h\u00e0ng<br>Gi\u1ea3i quy\u1ebft v\u1ea5n \u0111\u1ec1 c\u1ee7a kh\u00e1ch h\u00e0ng khi s\u1eed d\u1ee5ng m\u00e1y. Sau khi kh\u00e1ch h\u00e0ng mua m\u00e1y n\u1ebfu g\u1eb7p v\u1ea5n \u0111\u1ec1 trong qu\u00e1 tr\u00ecnh s\u1eed d\u1ee5ng Taizy c\u0169ng s\u1ebd h\u1ed7 tr\u1ee3 gi\u1ea3i quy\u1ebft<\/p>    <figure class=\"wp-block-image size-full\"><img loading=\"lazy\" decoding=\"async\" width=\"720\" height=\"540\" src=\"https:\/\/corn-machines.com\/wp-content\/uploads\/2022\/09\/corn.webp\" alt=\"ng\u00f4\" class=\"wp-image-342\" srcset=\"https:\/\/corn-machines.com\/wp-content\/uploads\/2022\/09\/corn.webp 720w, https:\/\/corn-machines.com\/wp-content\/uploads\/2022\/09\/corn-300x225.webp 300w\" sizes=\"auto, (max-width: 720px) 100vw, 720px\" \/><figcaption>ng\u00f4<\/figcaption><\/figure>    <h2 class=\"wp-block-heading\" id=\"h-the-growth-history-of-taize-company\">L\u1ecbch s\u1eed ph\u00e1t tri\u1ec3n c\u1ee7a c\u00f4ng ty Taize<\/h2>    <figure class=\"wp-block-image size-full\"><img loading=\"lazy\" decoding=\"async\" width=\"750\" height=\"521\" src=\"https:\/\/corn-machines.com\/wp-content\/uploads\/2022\/09\/taizy-company.webp\" alt=\"c\u00f4ng ty taizy\" class=\"wp-image-343\" srcset=\"https:\/\/corn-machines.com\/wp-content\/uploads\/2022\/09\/taizy-company.webp 750w, https:\/\/corn-machines.com\/wp-content\/uploads\/2022\/09\/taizy-company-300x208.webp 300w\" sizes=\"auto, (max-width: 750px) 100vw, 750px\" \/><figcaption>C\u00f4ng ty taizy<\/figcaption><\/figure>    <p>Taize l\u00e0 m\u1ed9t c\u00f4ng ty 20 tu\u1ed5i. Ch\u00fang t\u00f4i \u0111\u00e3 ph\u00e1t tri\u1ec3n t\u1eeb m\u1ed9t nh\u00e0 m\u00e1y nh\u1ecf \u0111\u1ebfn s\u1ea3n xu\u1ea5t h\u00e0ng lo\u1ea1t quy m\u00f4 l\u1edbn. Ch\u00fang t\u00f4i \u0111\u00e3 c\u00f9ng ph\u00e1t tri\u1ec3n v\u1edbi kh\u00e1ch h\u00e0ng c\u1ee7a m\u00ecnh v\u00e0 ch\u00fang t\u00f4i c\u00f3 m\u1ed1i quan h\u1ec7 h\u1ee3p t\u00e1c l\u00e2u d\u00e0i v\u1edbi h\u01a1n ch\u1ee5c kh\u00e1ch h\u00e0ng. S\u1ebd c\u00f3 m\u1ed9t th\u1eddi gian c\u1ed1 \u0111\u1ecbnh cho vi\u1ec7c mua s\u1ed1 l\u01b0\u1ee3ng l\u1edbn h\u00e0ng n\u0103m, Taizy l\u00e0 \u0111\u1ed1i t\u00e1c \u0111\u00e1ng tin c\u1eady nh\u1ea5t c\u1ee7a h\u1ecd, ch\u00fang t\u00f4i c\u00f3 nhi\u1ec1u kinh nghi\u1ec7m v\u1ec1 xu\u1ea5t nh\u1eadp kh\u1ea9u v\u00e0 giao ti\u1ebfp v\u1edbi kh\u00e1ch h\u00e0ng, \u0111\u1ed3ng th\u1eddi c\u00f3 th\u1ec3 l\u00e0m vi\u1ec7c hi\u1ec7u qu\u1ea3 trong c\u1ea3 quy tr\u00ecnh xu\u1ea5t nh\u1eadp kh\u1ea9u v\u00e0 s\u1ea3n xu\u1ea5t ch\u1ee9ng t\u1eeb.<\/p>    <figure class=\"wp-block-image size-full\"><img loading=\"lazy\" decoding=\"async\" width=\"750\" height=\"903\" src=\"https:\/\/corn-machines.com\/wp-content\/uploads\/2022\/09\/Taizy-factory.webp\" alt=\"Nh\u00e0 m\u00e1y taizy\" class=\"wp-image-344\" srcset=\"https:\/\/corn-machines.com\/wp-content\/uploads\/2022\/09\/Taizy-factory.webp 750w, https:\/\/corn-machines.com\/wp-content\/uploads\/2022\/09\/Taizy-factory-249x300.webp 249w\" sizes=\"auto, (max-width: 750px) 100vw, 750px\" \/><figcaption>Nh\u00e0 m\u00e1y taizy<\/figcaption><\/figure>","protected":false},"excerpt":{"rendered":"<p>Taizy is a corn processing equipment company. Our company can provide corn producers with the most comprehensive machines and one-stop service to provide customers with the most worry-free and time-saving services. We have five major categories of machines, including corn planters, corn harvesters, corn threshers, corn grits-making machines, and corn dryers. Our customers come from [&hellip;]<\/p>\n","protected":false},"author":1,"featured_media":0,"parent":0,"menu_order":0,"comment_status":"closed","ping_status":"closed","template":"","meta":{"footnotes":""},"class_list":["post-24","page","type-page","status-publish","hentry"],"_links":{"self":[{"href":"https:\/\/corn-machines.com\/vi\/wp-json\/wp\/v2\/pages\/24","targetHints":{"allow":["GET"]}}],"collection":[{"href":"https:\/\/corn-machines.com\/vi\/wp-json\/wp\/v2\/pages"}],"about":[{"href":"https:\/\/corn-machines.com\/vi\/wp-json\/wp\/v2\/types\/page"}],"author":[{"embeddable":true,"href":"https:\/\/corn-machines.com\/vi\/wp-json\/wp\/v2\/users\/1"}],"replies":[{"embeddable":true,"href":"https:\/\/corn-machines.com\/vi\/wp-json\/wp\/v2\/comments?post=24"}],"version-history":[{"count":0,"href":"https:\/\/corn-machines.com\/vi\/wp-json\/wp\/v2\/pages\/24\/revisions"}],"wp:attachment":[{"href":"https:\/\/corn-machines.com\/vi\/wp-json\/wp\/v2\/media?parent=24"}],"curies":[{"name":"wp","href":"https:\/\/api.w.org\/{rel}","templated":true}]}}