{"id":919,"date":"2025-08-27T16:05:43","date_gmt":"2025-08-27T08:05:43","guid":{"rendered":"https:\/\/corn-machines.com\/?post_type=product&#038;p=919"},"modified":"2025-09-05T17:02:32","modified_gmt":"2025-09-05T09:02:32","slug":"stainless-steel-milling-machine","status":"publish","type":"product","link":"https:\/\/corn-machines.com\/sw\/product\/stainless-steel-milling-machine\/","title":{"rendered":"Mashine ya kusaga ya chuma cha pua"},"content":{"rendered":"<p class=\"translation-block\">Mashine ya kusaga ya <strong>chuma cha pua<\/strong> imeundwa kusaga nafaka mbalimbali kuwa unga mdogo. Bidhaa ya mwisho kwa kawaida ina ukubwa wa chembe wa 20-120 mesh. Ni yenye matumizi mbalimbali na inaweza kutumika kuchakata mahindi, ngano, viungo, maharagwe ya kahawa, pilipili, na mengine zaidi.<\/p>    <p>Mashine yetu ya mahindi ni rahisi kutumia na yenye ufanisi mkubwa, ikiwa na uwezo wa juu wa kilo 1500\/h. Kwa hivyo, inajulikana katika nchi mbalimbali. Imeuzwa kwa nchi kama Nigeria na India. Ikiwa unatafuta mashine ya kusaga nafaka, wasiliana nasi na tutakupa bei nzuri na ubora wa juu zaidi.<\/p>    <figure class=\"wp-block-embed is-type-video is-provider-youtube wp-block-embed-youtube wp-embed-aspect-16-9 wp-has-aspect-ratio\"><div class=\"wp-block-embed__wrapper\"> <iframe loading=\"lazy\" title=\"Mashine Bora ya Kusaga ya Chuma cha Pua &amp; Je, Mashine ya Kusaga ya Chuma cha Pua Inafanyaje Kazi?#milling\" width=\"500\" height=\"281\" src=\"https:\/\/www.youtube.com\/embed\/djN5FJNMrys?feature=oembed\" frameborder=\"0\" allow=\"accelerometer; autoplay; clipboard-write; encrypted-media; gyroscope; picture-in-picture; web-share\" referrerpolicy=\"strict-origin-when-cross-origin\" allowfullscreen><\/iframe> <\/div><figcaption class=\"wp-element-caption\">Mchakato wa kazi wa mashine ya kusaga ya chuma cha pua<\/figcaption><\/figure>    <h2 class=\"wp-block-heading\"><strong>F\u00f6rdelar med rostfri kvarnmaskin<\/strong><\/h2>    <ul class=\"wp-block-list\"> <li>Uzalishaji wa juu zaidi wa mashine ya kusaga ya chuma cha pua unaweza kufikia <strong>1500kg\/h<\/strong>. Inafaa kwa uzalishaji kwa viwango vyote, na unaweza kuchagua mfano unaokidhi mahitaji yako.<\/li>    <li>Kiasi cha chembe cha bidhaa iliyomalizika ni thabiti kwa <strong>Mesh 20-120<\/strong>, kinachofunika mahitaji ya kusaga kwa coarse hadi fine. Unaweza kuibadilisha kulingana na mahitaji ya mazingira tofauti.<\/li>    <li>Kinu cha mahindi cha Taizy kina<strong> aina mbalimbali za matumizi<\/strong>. It can process corn, chili peppers, coffee beans, ginger, and beans, achieving &#8220;one machine, multiple uses.&#8221; <\/li>    <li>Kisaga chetu cha chuma cha pua kimetengenezwa kwa nyenzo imara isiyoshirikiana na viungo vya chakula, kinakidhi viwango vya kiwango cha chakula, na kuhakikisha usalama. Pia ni sugu wa kutu, kwa hivyo kina <strong>muda mrefu wa huduma<\/strong>.<\/li> <\/ul>    <figure class=\"wp-block-gallery has-nested-images columns-default is-cropped wp-block-gallery-2 is-layout-flex wp-block-gallery-is-layout-flex\"> <figure class=\"wp-block-image size-large\"><img loading=\"lazy\" decoding=\"async\" width=\"720\" height=\"540\" data-id=\"920\" src=\"https:\/\/corn-machines.com\/wp-content\/uploads\/2025\/08\/stainless-steel-grinding-machine.webp\" alt=\"rostfri kvarnmaskin\" class=\"wp-image-920\" srcset=\"https:\/\/corn-machines.com\/wp-content\/uploads\/2025\/08\/stainless-steel-grinding-machine.webp 720w, https:\/\/corn-machines.com\/wp-content\/uploads\/2025\/08\/stainless-steel-grinding-machine-300x225.webp 300w, https:\/\/corn-machines.com\/wp-content\/uploads\/2025\/08\/stainless-steel-grinding-machine-16x12.webp 16w\" sizes=\"auto, (max-width: 720px) 100vw, 720px\" \/><figcaption class=\"wp-element-caption\">rostfri kvarnmaskin<\/figcaption><\/figure>    <figure class=\"wp-block-image size-large\"><img loading=\"lazy\" decoding=\"async\" width=\"720\" height=\"540\" data-id=\"921\" src=\"https:\/\/corn-machines.com\/wp-content\/uploads\/2025\/08\/detail-of-corn-milling-machine.webp\" alt=\"detalj av majsmj\u00f6lsmaskin\" class=\"wp-image-921\" srcset=\"https:\/\/corn-machines.com\/wp-content\/uploads\/2025\/08\/detail-of-corn-milling-machine.webp 720w, https:\/\/corn-machines.com\/wp-content\/uploads\/2025\/08\/detail-of-corn-milling-machine-300x225.webp 300w, https:\/\/corn-machines.com\/wp-content\/uploads\/2025\/08\/detail-of-corn-milling-machine-16x12.webp 16w\" sizes=\"auto, (max-width: 720px) 100vw, 720px\" \/><figcaption class=\"wp-element-caption\">detalj av majsmj\u00f6lsmaskin<\/figcaption><\/figure> <\/figure>    <h2 class=\"wp-block-heading\"><strong>Typer och parametrar f\u00f6r rostfri kvarnmaskin<\/strong><\/h2>    <p>F\u00f6r att m\u00f6ta behoven hos olika kunder tillhandah\u00e5ller vi tv\u00e5 typer av kornmj\u00f6lsmaskiner: rostfri mj\u00f6lkvarn och liten rostfri kvarn. Bilderna och parametrarna f\u00f6r dessa tv\u00e5 typer \u00e4r f\u00f6ljande:<\/p>    <p class=\"translation-block\"><strong>Rostfri mj\u00f6lkvarn<\/strong><\/p>    <p>Denna maskin har fem modeller: 15B, 20B, 30B, 40B och 50B. Dess specifika parametrar \u00e4r f\u00f6ljande:<\/p>    <figure class=\"wp-block-table\"><table class=\"has-fixed-layout\"><tbody><tr><td>Model<\/td><td>15B<\/td><td>20B<\/td><td>30B<\/td><td>40B<\/td><td>50B<\/td><\/tr><tr><td>Material<\/td><td>SUS 304<\/td><td>SUS 304<\/td><td>SUS 304<\/td><td>SUS 304<\/td><td>SUS 304<\/td><\/tr><tr><td>Power<\/td><td>2.2kw<\/td><td>4kw<\/td><td>7.5kw<\/td><td>11kw<\/td><td>18.5kw<\/td><\/tr><tr><td>Kasi ya kuzunguka<\/td><td>6000r\/m<\/td><td>4500r\/m<\/td><td>3800r\/m<\/td><td>3400r\/m<\/td><td>3200r\/m<\/td><\/tr><tr><td>Materialstorlek<\/td><td>&lt;8mm<\/td><td>&lt;8mm<\/td><td>&lt;10mm<\/td><td>&lt;12mm<\/td><td>&lt;14mm<\/td><\/tr><tr><td>Capacity<\/td><td>10-60kg\/h<\/td><td>60-150kg\/h<\/td><td>100-300kg\/h<\/td><td>160-800kg\/h<\/td><td>500-1500kg\/h<\/td><\/tr><tr><td>Fineness<\/td><td>20-120mesh<\/td><td>20-120mesh<\/td><td>20-120mesh<\/td><td>20-120mesh<\/td><td>20-120mesh<\/td><\/tr><tr><td>Weight<\/td><td>150kg<\/td><td>280kg<\/td><td>340kg<\/td><td>450kg<\/td><td>530kg<\/td><\/tr><\/tbody><\/table><figcaption class=\"wp-element-caption\">parametrar f\u00f6r rostfritt mj\u00f6lkvarn <\/figcaption><\/figure>   <div class=\"wp-block-image\"> <figure class=\"aligncenter size-full\"><img loading=\"lazy\" decoding=\"async\" width=\"720\" height=\"540\" src=\"https:\/\/corn-machines.com\/wp-content\/uploads\/2025\/08\/stainless-steel-milling-machine.webp\" alt=\"mashine ya kukatia chuma cha pua\" class=\"wp-image-922\" srcset=\"https:\/\/corn-machines.com\/wp-content\/uploads\/2025\/08\/stainless-steel-milling-machine.webp 720w, https:\/\/corn-machines.com\/wp-content\/uploads\/2025\/08\/stainless-steel-milling-machine-300x225.webp 300w, https:\/\/corn-machines.com\/wp-content\/uploads\/2025\/08\/stainless-steel-milling-machine-16x12.webp 16w\" sizes=\"auto, (max-width: 720px) 100vw, 720px\" \/><figcaption class=\"wp-element-caption\">mashine ya kukatia chuma cha pua<\/figcaption><\/figure> <\/div>   <p class=\"translation-block\"><strong>Liten rostfri kvarn<\/strong><\/p>    <p>Denna maskin har tre modeller: HAO-1200, HAO-2200 och HAO-3000. De specifika parametrarna \u00e4r f\u00f6ljande:<\/p>    <figure class=\"wp-block-table\"><table class=\"has-fixed-layout\"><tbody><tr><td>Model<\/td><td>HAO-1200<\/td><td>HAO-2200<\/td><td>HAO-3000<\/td><\/tr><tr><td>Power<\/td><td>1.1kw<\/td><td>2.2kw<\/td><td>3kw<\/td><\/tr><tr><td>Kasi ya kuzunguka<\/td><td>1400r\/m<\/td><td>1420r\/m<\/td><td>1420r\/m<\/td><\/tr><tr><td>Capacity<\/td><td>15-40kg\/h<\/td><td>30-50kg\/h<\/td><td>30-60kg\/h<\/td><\/tr><tr><td>Fineness<\/td><td>50-200mesh<\/td><td>50-200mesh<\/td><td>50-200mesh<\/td><\/tr><tr><td>Maskinstorlek<\/td><td>47*22*34cm<\/td><td>55*28*41cm<\/td><td>60*30*46cm<\/td><\/tr><tr><td>Maskinvikt<\/td><td>30kg<\/td><td>40kg<\/td><td>48kg<\/td><\/tr><\/tbody><\/table><figcaption class=\"wp-element-caption\">parametrar f\u00f6r liten rostfri<\/figcaption><\/figure>   <div class=\"wp-block-image\"> <figure class=\"aligncenter size-full\"><img loading=\"lazy\" decoding=\"async\" width=\"720\" height=\"540\" src=\"https:\/\/corn-machines.com\/wp-content\/uploads\/2025\/08\/Small-stainless-steel-milling-machine.webp\" alt=\"liten rostfri kvarn\" class=\"wp-image-923\" srcset=\"https:\/\/corn-machines.com\/wp-content\/uploads\/2025\/08\/Small-stainless-steel-milling-machine.webp 720w, https:\/\/corn-machines.com\/wp-content\/uploads\/2025\/08\/Small-stainless-steel-milling-machine-300x225.webp 300w, https:\/\/corn-machines.com\/wp-content\/uploads\/2025\/08\/Small-stainless-steel-milling-machine-16x12.webp 16w\" sizes=\"auto, (max-width: 720px) 100vw, 720px\" \/><figcaption class=\"wp-element-caption\">liten rostfri kvarn<\/figcaption><\/figure> <\/div>   <h2 class=\"wp-block-heading\"><strong>Struktur p\u00e5 spannm\u00e5lskvarn<\/strong><\/h2>    <div class=\"wp-block-media-text is-stacked-on-mobile\"><figure class=\"wp-block-media-text__media\"><img loading=\"lazy\" decoding=\"async\" width=\"540\" height=\"720\" src=\"https:\/\/corn-machines.com\/wp-content\/uploads\/2025\/08\/stainless-steel-grinding-mill.webp\" alt=\"rostfri kvarnmaskin\" class=\"wp-image-924 size-full\" srcset=\"https:\/\/corn-machines.com\/wp-content\/uploads\/2025\/08\/stainless-steel-grinding-mill.webp 540w, https:\/\/corn-machines.com\/wp-content\/uploads\/2025\/08\/stainless-steel-grinding-mill-225x300.webp 225w, https:\/\/corn-machines.com\/wp-content\/uploads\/2025\/08\/stainless-steel-grinding-mill-9x12.webp 9w\" sizes=\"auto, (max-width: 540px) 100vw, 540px\" \/><\/figure><div class=\"wp-block-media-text__content\"> <p>Den \u00f6vergripande strukturen hos rostfritt st\u00e5l kvarn \u00e4r mycket enkel och best\u00e5r av f\u00f6ljande huvudsakliga komponenter:<\/p>    <ul class=\"wp-block-list\"> <li>Inlopp<\/li>    <li>Hastighetsjustering<\/li>    <li>krossningskammare<\/li>    <li>L\u00f6st mutter<\/li>    <li>V\u00e4xlareknapp<\/li>    <li>Uttag<\/li> <\/ul> <\/div><\/div>    <h2 class=\"wp-block-heading\"><strong>Arbetsprincip f\u00f6r spannm\u00e5lskvarn<\/strong><\/h2>    <p>Denna pulveriserare utnyttjar den relativa r\u00f6relsen mellan en r\u00f6rlig och en fast tandskiva f\u00f6r att pulverisera material genom p\u00e5verkan, skjuvning, friktion och kollision av t\u00e4nderna. Det pulvriserade materialet avleds direkt fr\u00e5n pulveriseringskammaren.<\/p>    <p>Ukubwa wa chembechembe wa mwisho wa bidhaa ya mashine hii huamuliwa na kichujio, ambacho kinaweza kubadilishwa ili kuendana na ukubwa wa chembechembe unaotaka.<\/p>    <figure class=\"wp-block-gallery has-nested-images columns-default is-cropped wp-block-gallery-3 is-layout-flex wp-block-gallery-is-layout-flex\"> <figure class=\"wp-block-image size-full\"><img loading=\"lazy\" decoding=\"async\" width=\"540\" height=\"720\" data-id=\"934\" src=\"https:\/\/corn-machines.com\/wp-content\/uploads\/2025\/08\/\u56fe\u7247\u6587\u5b57\u4fee\u6539-tuya_\u7ed3\u679c.webp\" alt=\"detalj av rostfritt mj\u00f6lmaskin\" class=\"wp-image-934\" srcset=\"https:\/\/corn-machines.com\/wp-content\/uploads\/2025\/08\/\u56fe\u7247\u6587\u5b57\u4fee\u6539-tuya_\u7ed3\u679c.webp 540w, https:\/\/corn-machines.com\/wp-content\/uploads\/2025\/08\/\u56fe\u7247\u6587\u5b57\u4fee\u6539-tuya_\u7ed3\u679c-225x300.webp 225w, https:\/\/corn-machines.com\/wp-content\/uploads\/2025\/08\/\u56fe\u7247\u6587\u5b57\u4fee\u6539-tuya_\u7ed3\u679c-9x12.webp 9w\" sizes=\"auto, (max-width: 540px) 100vw, 540px\" \/><figcaption class=\"wp-element-caption\">detalj av rostfritt mj\u00f6lmaskin<\/figcaption><\/figure>    <figure class=\"wp-block-image size-large\"><img loading=\"lazy\" decoding=\"async\" width=\"540\" height=\"720\" data-id=\"925\" src=\"https:\/\/corn-machines.com\/wp-content\/uploads\/2025\/08\/detail-of-small-grain-milling-machine.webp\" alt=\"detalj av liten kornkvarn\" class=\"wp-image-925\" srcset=\"https:\/\/corn-machines.com\/wp-content\/uploads\/2025\/08\/detail-of-small-grain-milling-machine.webp 540w, https:\/\/corn-machines.com\/wp-content\/uploads\/2025\/08\/detail-of-small-grain-milling-machine-225x300.webp 225w, https:\/\/corn-machines.com\/wp-content\/uploads\/2025\/08\/detail-of-small-grain-milling-machine-9x12.webp 9w\" sizes=\"auto, (max-width: 540px) 100vw, 540px\" \/><figcaption class=\"wp-element-caption\">detaljer av liten kornkvarn<\/figcaption><\/figure>    <figure class=\"wp-block-image size-large\"><img loading=\"lazy\" decoding=\"async\" width=\"540\" height=\"720\" data-id=\"926\" src=\"https:\/\/corn-machines.com\/wp-content\/uploads\/2025\/08\/sieve-of-stainless-steel-small-mill.webp\" alt=\"sikt av rostfritt st\u00e5l liten kvarn\" class=\"wp-image-926\" srcset=\"https:\/\/corn-machines.com\/wp-content\/uploads\/2025\/08\/sieve-of-stainless-steel-small-mill.webp 540w, https:\/\/corn-machines.com\/wp-content\/uploads\/2025\/08\/sieve-of-stainless-steel-small-mill-225x300.webp 225w, https:\/\/corn-machines.com\/wp-content\/uploads\/2025\/08\/sieve-of-stainless-steel-small-mill-9x12.webp 9w\" sizes=\"auto, (max-width: 540px) 100vw, 540px\" \/><figcaption class=\"wp-element-caption\">sikt av rostfritt st\u00e5l liten kvarn<\/figcaption><\/figure> <\/figure>    <h2 class=\"wp-block-heading\"><strong>Anv\u00e4ndning av rostfri kvarnmaskin<\/strong><\/h2>    <p>Taizy rostfri kvarn har ett brett anv\u00e4ndningsomr\u00e5de, s\u00e5som kaffeb\u00f6nor, ingef\u00e4ra, svartpeppar, sojab\u00f6nor, chili, \u00f6rter, etc.<\/p>    <figure class=\"wp-block-gallery has-nested-images columns-default is-cropped wp-block-gallery-4 is-layout-flex wp-block-gallery-is-layout-flex\"> <figure class=\"wp-block-image size-large\"><img loading=\"lazy\" decoding=\"async\" width=\"720\" height=\"540\" data-id=\"930\" src=\"https:\/\/corn-machines.com\/wp-content\/uploads\/2025\/08\/application-of-stainless-steel-flour-mill-machine.webp\" alt=\"till\u00e4mpning av rostfri mj\u00f6lkvarnmaskin\" class=\"wp-image-930\" srcset=\"https:\/\/corn-machines.com\/wp-content\/uploads\/2025\/08\/application-of-stainless-steel-flour-mill-machine.webp 720w, https:\/\/corn-machines.com\/wp-content\/uploads\/2025\/08\/application-of-stainless-steel-flour-mill-machine-300x225.webp 300w, https:\/\/corn-machines.com\/wp-content\/uploads\/2025\/08\/application-of-stainless-steel-flour-mill-machine-16x12.webp 16w\" sizes=\"auto, (max-width: 720px) 100vw, 720px\" \/><figcaption class=\"wp-element-caption\">till\u00e4mpning av rostfri mj\u00f6lkvarnmaskin<\/figcaption><\/figure>    <figure class=\"wp-block-image size-large\"><img loading=\"lazy\" decoding=\"async\" width=\"720\" height=\"540\" data-id=\"931\" src=\"https:\/\/corn-machines.com\/wp-content\/uploads\/2025\/08\/application-of-stainless-steel-milling-machine.webp\" alt=\"anv\u00e4ndning av rostfri kvarnmaskin\" class=\"wp-image-931\" srcset=\"https:\/\/corn-machines.com\/wp-content\/uploads\/2025\/08\/application-of-stainless-steel-milling-machine.webp 720w, https:\/\/corn-machines.com\/wp-content\/uploads\/2025\/08\/application-of-stainless-steel-milling-machine-300x225.webp 300w, https:\/\/corn-machines.com\/wp-content\/uploads\/2025\/08\/application-of-stainless-steel-milling-machine-16x12.webp 16w\" sizes=\"auto, (max-width: 720px) 100vw, 720px\" \/><figcaption class=\"wp-element-caption\">anv\u00e4ndning av rostfri kvarnmaskin<\/figcaption><\/figure> <\/figure>    <h2 class=\"wp-block-heading\"><strong>Vad kostar majsgryningsmaskinen?<\/strong><\/h2>    <p>Vi erbjuder en m\u00e4ngd olika modeller f\u00f6r spannm\u00e5ls- och majsgrindare. Flera faktorer best\u00e4mmer priset p\u00e5 spannm\u00e5lsmj\u00f6lsmaskinen.<\/p>    <ul class=\"wp-block-list\"> <li>F\u00f6r det f\u00f6rsta modellen. Olika modeller producerar olika niv\u00e5er av f\u00e4rdigvara finhet och bearbetningshastighet, vilket resulterar i prisvariationer.<\/li>    <li>Andra, maskinens tillbeh\u00f6r. Till exempel, om du beh\u00f6ver k\u00f6pa extra f\u00f6rbrukningsdelar (s\u00e5som sk\u00e4rmar) eller hj\u00e4lpmedel (s\u00e5som materialhanteringsanordningar). I s\u00e5 fall kommer motsvarande tillbeh\u00f6rskostnader att l\u00e4ggas till grundpriset.<\/li>    <li>Vidare, destinationslandet. Detta \u00e4r huvudsakligen relaterat till internationella hamnfraktpriser, som varierar beroende p\u00e5 destination och p\u00e5verkar direkt den totala priset p\u00e5 maskinen.<\/li> <\/ul>    <figure class=\"wp-block-gallery has-nested-images columns-default is-cropped wp-block-gallery-5 is-layout-flex wp-block-gallery-is-layout-flex\"> <figure class=\"wp-block-image size-large\"><img loading=\"lazy\" decoding=\"async\" width=\"540\" height=\"720\" data-id=\"928\" src=\"https:\/\/corn-machines.com\/wp-content\/uploads\/2025\/08\/stainless-steel-grinder-machine.webp\" alt=\"rostfri kvarnmaskin\" class=\"wp-image-928\" srcset=\"https:\/\/corn-machines.com\/wp-content\/uploads\/2025\/08\/stainless-steel-grinder-machine.webp 540w, https:\/\/corn-machines.com\/wp-content\/uploads\/2025\/08\/stainless-steel-grinder-machine-225x300.webp 225w, https:\/\/corn-machines.com\/wp-content\/uploads\/2025\/08\/stainless-steel-grinder-machine-9x12.webp 9w\" sizes=\"auto, (max-width: 540px) 100vw, 540px\" \/><figcaption class=\"wp-element-caption\">rostfri kvarnmaskin<\/figcaption><\/figure>    <figure class=\"wp-block-image size-large\"><img loading=\"lazy\" decoding=\"async\" width=\"540\" height=\"720\" data-id=\"929\" src=\"https:\/\/corn-machines.com\/wp-content\/uploads\/2025\/08\/stainless-steel-small-mill.webp\" alt=\"rostfri liten kvarn\" class=\"wp-image-929\" srcset=\"https:\/\/corn-machines.com\/wp-content\/uploads\/2025\/08\/stainless-steel-small-mill.webp 540w, https:\/\/corn-machines.com\/wp-content\/uploads\/2025\/08\/stainless-steel-small-mill-225x300.webp 225w, https:\/\/corn-machines.com\/wp-content\/uploads\/2025\/08\/stainless-steel-small-mill-9x12.webp 9w\" sizes=\"auto, (max-width: 540px) 100vw, 540px\" \/><figcaption class=\"wp-element-caption\">rostfri liten kvarn<\/figcaption><\/figure> <\/figure>    <h2 class=\"wp-block-heading\"><strong>Kwa nini utuchague kama mtoaji wako?<\/strong><\/h2>    <p class=\"translation-block\">Taizy ni kampuni inayobobea katika vifaa vya usindikaji wa bidhaa za kilimo. Tunatoa anuwai kamili ya mashine, ikiwa ni pamoja na mashine ya kusaga ya chuma cha pua, <a href=\"https:\/\/corn-machines.com\/sw\/product\/mini-corn-harvesting-machine-maize-picker-machine\/\">mashine ya kuvuna mahindi<\/a>, <a href=\"https:\/\/corn-machines.com\/sw\/product\/grain-dryer\/\">mashine ya kukausha mahindi<\/a>, <a href=\"https:\/\/corn-machines.com\/sw\/product\/fresh-corn-thresher-sweet-corn-sheller\/\">mashine ya kutenganisha\/gundua mahindi<\/a>, na <a href=\"https:\/\/corn-machines.com\/sw\/product\/corn-grits-machine\/\">mashine ya kusaga unga wa mahindi<\/a>. <\/p>    <p>Tunatoa huduma ya pande zote kwa wateja wetu. Wateja wetu wapo kote ulimwenguni, na tumeuza vifaa vya usindikaji mahindi kwa wingi katika nchi kama Italia, Bangladesh, Uturuki, Dubai, Marekani, Nigeria, na Ecuador. Tumepata sifa moja kwa moja kutoka kwa wateja wetu.<\/p>    <p> Ikiwa kuna mashine yoyote unayoyapenda, wasiliana nasi sasa na tutakupa huduma bora na suluhisho lenye ufanisi zaidi.<\/p>","protected":false},"excerpt":{"rendered":"<p>Makala hii hasa inajitambulisha kuhusu mashine ya kusaga ya chuma cha pua, ikiwa ni pamoja na kazi zake, faida, mifano, n.k. Utangulizi wa kina unatoa rejeleo kwa wateja wanaohitaji.<\/p>","protected":false},"author":1,"featured_media":933,"parent":0,"template":"","tags":[42,76,43],"product-type":[5],"class_list":["post-919","product","type-product","status-publish","has-post-thumbnail","hentry","tag-corn","tag-corn-milling","tag-maize","product-type-maize-grits-milling-machine"],"_links":{"self":[{"href":"https:\/\/corn-machines.com\/sw\/wp-json\/wp\/v2\/product\/919","targetHints":{"allow":["GET"]}}],"collection":[{"href":"https:\/\/corn-machines.com\/sw\/wp-json\/wp\/v2\/product"}],"about":[{"href":"https:\/\/corn-machines.com\/sw\/wp-json\/wp\/v2\/types\/product"}],"author":[{"embeddable":true,"href":"https:\/\/corn-machines.com\/sw\/wp-json\/wp\/v2\/users\/1"}],"wp:featuredmedia":[{"embeddable":true,"href":"https:\/\/corn-machines.com\/sw\/wp-json\/wp\/v2\/media\/933"}],"wp:attachment":[{"href":"https:\/\/corn-machines.com\/sw\/wp-json\/wp\/v2\/media?parent=919"}],"wp:term":[{"taxonomy":"post_tag","embeddable":true,"href":"https:\/\/corn-machines.com\/sw\/wp-json\/wp\/v2\/tags?post=919"},{"taxonomy":"product-type","embeddable":true,"href":"https:\/\/corn-machines.com\/sw\/wp-json\/wp\/v2\/product-type?post=919"}],"curies":[{"name":"[\"wp\"]","href":"https:\/\/api.w.org\/{rel}","templated":true}]}}