{"id":857,"date":"2025-08-20T16:09:27","date_gmt":"2025-08-20T08:09:27","guid":{"rendered":"https:\/\/corn-machines.com\/?post_type=product&#038;p=857"},"modified":"2025-08-29T15:55:16","modified_gmt":"2025-08-29T07:55:16","slug":"sweet-corn-cutter-machine","status":"publish","type":"product","link":"https:\/\/corn-machines.com\/sw\/product\/sweet-corn-cutter-machine\/","title":{"rendered":"Mashine ya kukata mahindi matamu kwa ajili ya kuchakata mahindi"},"content":{"rendered":"<p class=\"translation-block\">Mashine ya <strong>kukata mahindi ya sukari<\/strong> inaweza kusindika mahindi mapya kwa haraka na kwa ufanisi katika vipande vya urefu sawa. Urefu wa kawaida wa vipande vya mahindi ya sukari ni 3cm, 5cm, na 7cm (urefu unaweza kubadilishwa kulingana na mahitaji yako). Inaweza kukata mahindi na aina mbalimbali za mboga kama karoti na tango.<\/p>    <p>Uwezo wake unaweza kufikia 500kg\/h, ambayo inaweza kuokoa wakati na nguvu kazi kwa kiasi kikubwa. Imepelekwa Vietnam, India, na maeneo mengine, na imepokelewa kwa sifa kubwa kutoka kwa wateja. Ikiwa unatafuta mashine ya kukata mahindi, wasiliana nasi sasa, na tutakupa maelezo ya kina.<\/p>    <figure class=\"wp-block-embed is-type-video is-provider-youtube wp-block-embed-youtube wp-embed-aspect-16-9 wp-has-aspect-ratio\"><div class=\"wp-block-embed__wrapper\"> <iframe loading=\"lazy\" title=\"Automatic Corn Cutting Machine | How Does Sweet Maize Cutter Machine Work? #cornprocessing #corn\" width=\"500\" height=\"281\" src=\"https:\/\/www.youtube.com\/embed\/k-undA0xvkc?feature=oembed\" frameborder=\"0\" allow=\"accelerometer; autoplay; clipboard-write; encrypted-media; gyroscope; picture-in-picture; web-share\" referrerpolicy=\"strict-origin-when-cross-origin\" allowfullscreen><\/iframe> <\/div><figcaption class=\"wp-element-caption\">arbetsprocessen f\u00f6r den f\u00e4rska majssk\u00e4raren<\/figcaption><\/figure>    <h2 class=\"wp-block-heading\"><strong>Faida za mashine ya kukata mahindi<\/strong><\/h2>    <ul class=\"wp-block-list\"> <li><strong>Muda mrefu wa huduma<\/strong>: Muundo wa kukata mahindi umefanywa kwa chuma cha pua cha 304, ambacho si tu safi na kinachostahili, bali pia hakiruhusu kuharibika kwa urahisi na kina maisha marefu ya huduma.<\/li>    <li><strong>Kukata kwa usawa<\/strong>: Ikilinganishwa na kukata kwa mkono kwa kisu, the <strong>Mashine ya kukata mahindi matamu<\/strong> ina nafasi fixed ya blade na kasi ya conveyor ili kukata mahindi kwa urefu sawa.<\/li>    <li><strong>Urefu unaoweza kudhibitiwa<\/strong>: Urefu wa kukata unaweza kurekebishwa ili kukidhi mahitaji ya hali tofauti.<\/li>    <li><strong>Rahisi kuendesha<\/strong>: Kakata mahindi ya kisasa ni rahisi kuendesha. Weka mahindi kwenye lango la kuingiza, na mashine itahamisha na kukata mahindi kiotomatiki. Hakuna mafunzo makubwa yanahitajika.<\/li>    <li><strong>Rahisi kudumisha<\/strong>: Sehemu kuu za mashine ya kugawanya mahindi, kama vile visu, zinaweza kutenganishwa kwa urahisi na kubadilishwa, kurahisisha matengenezo ya kawaida. <\/li>    <li><strong>Bredt anv\u00e4ndningsomr\u00e5de<\/strong>: Kakata mahindi cha Taizy kina matumizi mengi na kinaweza kutumika kukata aina tofauti za mahindi, pamoja na kusindika mboga mbalimbali kama karoti na zucchini.<\/li> <\/ul>    <figure class=\"wp-block-gallery has-nested-images columns-default is-cropped wp-block-gallery-2 is-layout-flex wp-block-gallery-is-layout-flex\"> <figure class=\"wp-block-image size-large\"><img loading=\"lazy\" decoding=\"async\" width=\"720\" height=\"540\" data-id=\"859\" src=\"https:\/\/corn-machines.com\/wp-content\/uploads\/2025\/08\/maize-cutting-machine.webp\" alt=\"majs cutter-maskin\" class=\"wp-image-859\" srcset=\"https:\/\/corn-machines.com\/wp-content\/uploads\/2025\/08\/maize-cutting-machine.webp 720w, https:\/\/corn-machines.com\/wp-content\/uploads\/2025\/08\/maize-cutting-machine-300x225.webp 300w, https:\/\/corn-machines.com\/wp-content\/uploads\/2025\/08\/maize-cutting-machine-16x12.webp 16w\" sizes=\"auto, (max-width: 720px) 100vw, 720px\" \/><figcaption class=\"wp-element-caption\">majs cutter-maskin<\/figcaption><\/figure>    <figure class=\"wp-block-image size-large\"><img loading=\"lazy\" decoding=\"async\" width=\"720\" height=\"540\" data-id=\"860\" src=\"https:\/\/corn-machines.com\/wp-content\/uploads\/2025\/08\/sweet-corn-cutting-machine.webp\" alt=\"sweet corn cutter maskin\" class=\"wp-image-860\" srcset=\"https:\/\/corn-machines.com\/wp-content\/uploads\/2025\/08\/sweet-corn-cutting-machine.webp 720w, https:\/\/corn-machines.com\/wp-content\/uploads\/2025\/08\/sweet-corn-cutting-machine-300x225.webp 300w, https:\/\/corn-machines.com\/wp-content\/uploads\/2025\/08\/sweet-corn-cutting-machine-16x12.webp 16w\" sizes=\"auto, (max-width: 720px) 100vw, 720px\" \/><figcaption class=\"wp-element-caption\">sweet corn cutter maskin<\/figcaption><\/figure> <\/figure>    <h2 class=\"wp-block-heading\"><strong>Struktur hos sweet corn cutter<\/strong><\/h2>    <p class=\"translation-block\">Strukturen hos <strong>sweet corn cutter machine<\/strong> \u00e4r mycket enkel och best\u00e5r vanligtvis av kontrollbox, transportband, sk\u00e4rare etc.<\/p>    <ul class=\"wp-block-list\"> <li><strong>Sanduku la kudhibiti<\/strong>: Sanduku la kudhibiti linahakikisha uendeshaji wa mashine ya kukata mahindi na lina viwambo vya kukata, kusafirisha, na kuinua.<\/li>    <li><strong>Conveyor<\/strong>: Mfumo wa conveyor unasafirisha mahindi (au safu moja au safu mbili). Kakata mahindi safu moja ina ufanisi wa 1500 mahindi\/h, wakati safu mbili inaweza kushughulikia 3000 mahindi\/h.<\/li>    <li><strong>Kifaa cha kukata<\/strong>: The cutter&#8217;s main function is to cut the corn into uniform lengths (the length of the segments is adjustable).<\/li> <\/ul>    <figure class=\"wp-block-gallery has-nested-images columns-default is-cropped wp-block-gallery-3 is-layout-flex wp-block-gallery-is-layout-flex\"> <figure class=\"wp-block-image size-large\"><img loading=\"lazy\" decoding=\"async\" width=\"720\" height=\"540\" data-id=\"861\" src=\"https:\/\/corn-machines.com\/wp-content\/uploads\/2025\/08\/control-box-of-maize-cutter.webp\" alt=\"kontrollbox f\u00f6r majs cutter\" class=\"wp-image-861\" srcset=\"https:\/\/corn-machines.com\/wp-content\/uploads\/2025\/08\/control-box-of-maize-cutter.webp 720w, https:\/\/corn-machines.com\/wp-content\/uploads\/2025\/08\/control-box-of-maize-cutter-300x225.webp 300w, https:\/\/corn-machines.com\/wp-content\/uploads\/2025\/08\/control-box-of-maize-cutter-16x12.webp 16w\" sizes=\"auto, (max-width: 720px) 100vw, 720px\" \/><figcaption class=\"wp-element-caption\">kontrollbox f\u00f6r majs cutter<\/figcaption><\/figure>    <figure class=\"wp-block-image size-large\"><img loading=\"lazy\" decoding=\"async\" width=\"720\" height=\"540\" data-id=\"862\" src=\"https:\/\/corn-machines.com\/wp-content\/uploads\/2025\/08\/conveying-device-of-corn-cutter.webp\" alt=\"transportanordning f\u00f6r majs cutter\" class=\"wp-image-862\" srcset=\"https:\/\/corn-machines.com\/wp-content\/uploads\/2025\/08\/conveying-device-of-corn-cutter.webp 720w, https:\/\/corn-machines.com\/wp-content\/uploads\/2025\/08\/conveying-device-of-corn-cutter-300x225.webp 300w, https:\/\/corn-machines.com\/wp-content\/uploads\/2025\/08\/conveying-device-of-corn-cutter-16x12.webp 16w\" sizes=\"auto, (max-width: 720px) 100vw, 720px\" \/><figcaption class=\"wp-element-caption\">transportanordning f\u00f6r majs cutter<\/figcaption><\/figure>    <figure class=\"wp-block-image size-large\"><img loading=\"lazy\" decoding=\"async\" width=\"720\" height=\"540\" data-id=\"868\" src=\"https:\/\/corn-machines.com\/wp-content\/uploads\/2025\/08\/blade-of-automatic-corn-cutter.webp\" alt=\"blad f\u00f6r automatisk majs cutter\" class=\"wp-image-868\" srcset=\"https:\/\/corn-machines.com\/wp-content\/uploads\/2025\/08\/blade-of-automatic-corn-cutter.webp 720w, https:\/\/corn-machines.com\/wp-content\/uploads\/2025\/08\/blade-of-automatic-corn-cutter-300x225.webp 300w, https:\/\/corn-machines.com\/wp-content\/uploads\/2025\/08\/blade-of-automatic-corn-cutter-16x12.webp 16w\" sizes=\"auto, (max-width: 720px) 100vw, 720px\" \/><figcaption class=\"wp-element-caption\">blad f\u00f6r automatisk majs cutter<\/figcaption><\/figure> <\/figure>    <h2 class=\"wp-block-heading\"><strong>Parametrar f\u00f6r majs cutter-maskinen<\/strong><\/h2>    <figure class=\"wp-block-table\"><table class=\"has-fixed-layout\"><tbody><tr><td>Model<\/td><td>TZ-1<\/td><\/tr><tr><td>Power<\/td><td>3kw<\/td><\/tr><tr><td>Voltage<\/td><td>380v\/50hz<\/td><\/tr><tr><td>Capacity <\/td><td>500kg\/h<\/td><\/tr><tr><td>Size<\/td><td>2300*800*850mm<\/td><\/tr><tr><td>Weight<\/td><td>300kg<\/td><\/tr><tr><td>idadi ya vile<\/td><td>2pcs<\/td><\/tr><\/tbody><\/table><figcaption class=\"wp-element-caption\"><strong>vigezo vya mashine ya kukata mahindi<\/strong><\/figcaption><\/figure>    <h2 class=\"wp-block-heading\"><strong>Matumizi ya mashine ya kukata ganda la mahindi<\/strong><\/h2>    <p class=\"translation-block\">Anv\u00e4ndningen av <strong>sweet corn cutter machine<\/strong> \u00e4r mycket bred. Den kan bearbeta olika typer av majs, s\u00e5som f\u00e4rsk majs, frusen majs, torkad majs, s\u00f6t majs och klibbiga majs. Dessutom kan majs cutter \u00e4ven anv\u00e4ndas f\u00f6r att sk\u00e4ra olika gr\u00f6nsaker som gurkor, mor\u00f6tter och auberginer.<\/p>    <figure class=\"wp-block-gallery has-nested-images columns-default is-cropped wp-block-gallery-4 is-layout-flex wp-block-gallery-is-layout-flex\"> <figure class=\"wp-block-image size-large\"><img loading=\"lazy\" decoding=\"async\" width=\"720\" height=\"540\" data-id=\"863\" src=\"https:\/\/corn-machines.com\/wp-content\/uploads\/2025\/08\/application-of-corn-cob-cutter.webp\" alt=\"matumizi ya kikata ganda la mahindi\" class=\"wp-image-863\" srcset=\"https:\/\/corn-machines.com\/wp-content\/uploads\/2025\/08\/application-of-corn-cob-cutter.webp 720w, https:\/\/corn-machines.com\/wp-content\/uploads\/2025\/08\/application-of-corn-cob-cutter-300x225.webp 300w, https:\/\/corn-machines.com\/wp-content\/uploads\/2025\/08\/application-of-corn-cob-cutter-16x12.webp 16w\" sizes=\"auto, (max-width: 720px) 100vw, 720px\" \/><figcaption class=\"wp-element-caption\">matumizi ya kikata ganda la mahindi<\/figcaption><\/figure>    <figure class=\"wp-block-image size-large\"><img loading=\"lazy\" decoding=\"async\" width=\"720\" height=\"540\" data-id=\"864\" src=\"https:\/\/corn-machines.com\/wp-content\/uploads\/2025\/08\/application-of-maize-cutter.webp\" alt=\"matumizi ya kikata mahindi\" class=\"wp-image-864\" srcset=\"https:\/\/corn-machines.com\/wp-content\/uploads\/2025\/08\/application-of-maize-cutter.webp 720w, https:\/\/corn-machines.com\/wp-content\/uploads\/2025\/08\/application-of-maize-cutter-300x225.webp 300w, https:\/\/corn-machines.com\/wp-content\/uploads\/2025\/08\/application-of-maize-cutter-16x12.webp 16w\" sizes=\"auto, (max-width: 720px) 100vw, 720px\" \/><figcaption class=\"wp-element-caption\">matumizi ya kikata mahindi<\/figcaption><\/figure>    <figure class=\"wp-block-image size-large\"><img loading=\"lazy\" decoding=\"async\" width=\"720\" height=\"540\" data-id=\"865\" src=\"https:\/\/corn-machines.com\/wp-content\/uploads\/2025\/08\/appliction-of-sweet-corn-cutter.webp\" alt=\"matumizi ya kikata mahindi matamu\" class=\"wp-image-865\" srcset=\"https:\/\/corn-machines.com\/wp-content\/uploads\/2025\/08\/appliction-of-sweet-corn-cutter.webp 720w, https:\/\/corn-machines.com\/wp-content\/uploads\/2025\/08\/appliction-of-sweet-corn-cutter-300x225.webp 300w, https:\/\/corn-machines.com\/wp-content\/uploads\/2025\/08\/appliction-of-sweet-corn-cutter-16x12.webp 16w\" sizes=\"auto, (max-width: 720px) 100vw, 720px\" \/><figcaption class=\"wp-element-caption\">matumizi ya kikata mahindi matamu<\/figcaption><\/figure> <\/figure>    <h2 class=\"wp-block-heading\"><strong>FAQ om den automatiska majs cutter-maskinen<\/strong><\/h2>   <div id=\"rank-math-faq\" class=\"rank-math-block\"> <div class=\"rank-math-list\"> <div id=\"faq-question-1755670962546\" class=\"rank-math-list-item\"> <h3 class=\"rank-math-question\">Ni aina gani ya mahindi ambayo mashine ya kukata mahindi inaweza kukata?<\/h3> <div class=\"rank-math-answer\">  <p>Aina zote za mahindi, kama vile mahindi mabichi, mahindi makavu, mahindi yanayonata, n.k.<\/p>  <\/div> <\/div> <div id=\"faq-question-1755671090690\" class=\"rank-math-list-item\"> <h3 class=\"rank-math-question\">Je, urefu wa sehemu za mahindi unaweza kubadilishwa?<\/h3> <div class=\"rank-math-answer\">  <p>Urefu wa vipande vya mahindi kwa kawaida ni 3cm, 5cm, na 7cm, ambavyo vinaweza kurekebishwa kulingana na mahitaji yako<\/p>  <\/div> <\/div> <div id=\"faq-question-1755671367710\" class=\"rank-math-list-item\"> <h3 class=\"rank-math-question\">Je, nyenzo za mashine ni zipi? Je, huathirika kwa urahisi?<\/h3> <div class=\"rank-math-answer\">  <p>Mashine nzima ya kukata mahindi imetengenezwa kwa chuma cha pua cha 304, ambacho hakiharibiki kwa urahisi na kina maisha marefu ya huduma.<\/p>  <\/div> <\/div> <div id=\"faq-question-1755671528074\" class=\"rank-math-list-item\"> <h3 class=\"rank-math-question\">Je, ni vigumu kuendesha mashine ya kukata mahindi matamu?<\/h3> <div class=\"rank-math-answer\">  <p>Mashine ni rahisi sana kutumia na haitahitaji wahandisi maalumu. Tutatoa video ya mafunzo juu ya jinsi ya kutumia mashine.<\/p>  <\/div> <\/div> <div id=\"faq-question-1755676936997\" class=\"rank-math-list-item\"> <h3 class=\"rank-math-question\">Jinsi ya kusafisha kikata mahindi?<\/h3> <div class=\"rank-math-answer\">  <p>Mashine ya kukata mahindi tamu ni rahisi sana kusafisha na inaweza kuoshwa moja kwa moja kwa maji safi.<\/p>  <\/div> <\/div> <\/div> <\/div>   <h2 class=\"wp-block-heading\"><strong>Framg\u00e5ngsfall med sweet corn cutter machine<\/strong><\/h2>    <p class=\"translation-block\"><strong>TZ-1 sweet corn cutting machine was sent to Vietnam<\/strong><\/p>    <p>Mteja wetu ni mmiliki wa kiwanda cha usindikaji wa bidhaa za kilimo hapa Vietnam. Kiwanda hiki kinashughulikia na kuuza mahindi, mchele, na bidhaa nyingine za kilimo. Alieleza kwamba walikuwa wanapanuka, lakini njia yao ya kukata kwa mikono ilikuwa isiyo na ufanisi na ya gharama kubwa. <\/p>    <p>Hivyo, alitufikia na kuuliza kuhusu kipande cha mahindi cha Taizy. Tulimwonyesha vipengele na maelezo ya mashine, na tukamtumia video ya mashine ikifanya kazi. Mteja alionyesha kuridhika kubwa na kuamua kuweka agizo mara moja.<\/p>    <p>Majskutter anl\u00e4nde till Vietnam i tid. Efter en m\u00e5nad av anv\u00e4ndning sade kunden att maskinen \u00f6vertr\u00e4ffade hans f\u00f6rv\u00e4ntningar. Inte bara gav den j\u00e4mna sk\u00e4rningar, utan den var ocks\u00e5 mycket effektiv och sparade 30% av tiden som kr\u00e4vs f\u00f6r majs sk\u00e4rning och minskade arbetskostnaderna.<\/p>    <figure class=\"wp-block-gallery has-nested-images columns-default is-cropped wp-block-gallery-5 is-layout-flex wp-block-gallery-is-layout-flex\"> <figure class=\"wp-block-image size-large\"><img loading=\"lazy\" decoding=\"async\" width=\"540\" height=\"720\" data-id=\"867\" src=\"https:\/\/corn-machines.com\/wp-content\/uploads\/2025\/08\/sweet-corn-cutter-packaging.webp\" alt=\"sweet corn cutter-f\u00f6rpackning\" class=\"wp-image-867\" srcset=\"https:\/\/corn-machines.com\/wp-content\/uploads\/2025\/08\/sweet-corn-cutter-packaging.webp 540w, https:\/\/corn-machines.com\/wp-content\/uploads\/2025\/08\/sweet-corn-cutter-packaging-225x300.webp 225w, https:\/\/corn-machines.com\/wp-content\/uploads\/2025\/08\/sweet-corn-cutter-packaging-9x12.webp 9w\" sizes=\"auto, (max-width: 540px) 100vw, 540px\" \/><figcaption class=\"wp-element-caption\">sweet corn cutter-f\u00f6rpackning<\/figcaption><\/figure>    <figure class=\"wp-block-image size-large\"><img loading=\"lazy\" decoding=\"async\" width=\"540\" height=\"720\" data-id=\"866\" src=\"https:\/\/corn-machines.com\/wp-content\/uploads\/2025\/08\/corn-cutter-packaging.webp\" alt=\"majs cutter-f\u00f6rpackning\" class=\"wp-image-866\" srcset=\"https:\/\/corn-machines.com\/wp-content\/uploads\/2025\/08\/corn-cutter-packaging.webp 540w, https:\/\/corn-machines.com\/wp-content\/uploads\/2025\/08\/corn-cutter-packaging-225x300.webp 225w, https:\/\/corn-machines.com\/wp-content\/uploads\/2025\/08\/corn-cutter-packaging-9x12.webp 9w\" sizes=\"auto, (max-width: 540px) 100vw, 540px\" \/><figcaption class=\"wp-element-caption\">majs cutter-f\u00f6rpackning<\/figcaption><\/figure> <\/figure>    <h2 class=\"wp-block-heading\"><strong>Wasiliana Nasi Sasa!<\/strong><\/h2>    <p class=\"translation-block\">Kampuni yetu ina utaalamu katika uzalishaji wa mashine za kilimo za kisasa. Mbali na mashine ya kukata mahindi ya sukari, pia tunatoa mashine nyingine kama <a href=\"https:\/\/corn-machines.com\/sw\/product\/automated-corn-sowing-machine\/\">mashine ya kupanda mahindi<\/a>, <a href=\"https:\/\/corn-machines.com\/sw\/product\/mini-corn-harvesting-machine-maize-picker-machine\/\">mashine ya kuvuna mahindi<\/a>, <a href=\"https:\/\/corn-machines.com\/sw\/product\/multifunctional-corn-thresher\/\">mashine ya kukanda mahindi<\/a>, n.k. <\/p>    <p>Tunatumia muda na juhudi nyingi katika kuendeleza vifaa vinavyokidhi mahitaji ya uzalishaji wa kisasa wa kilimo, kuongeza ufanisi wa uzalishaji wa kilimo. Ikiwa unahitaji mashine hiyo, wasiliana nasi sasa, na tutakupa vifaa na huduma za kitaalamu zaidi.<\/p>","protected":false},"excerpt":{"rendered":"<p>Makala hii hasa inatoa utangulizi wa mashine ya kukata mahindi tamu, ikiwa ni pamoja na vigezo vyake vya kina, muundo, faida na matumizi, n.k. Inatoa rejea kwa wateja wanaohitaji mashine ya kugawanya mahindi.<\/p>","protected":false},"author":1,"featured_media":858,"parent":0,"template":"","tags":[42,70,43],"product-type":[71],"class_list":["post-857","product","type-product","status-publish","has-post-thumbnail","hentry","tag-corn","tag-corn-cutting","tag-maize","product-type-corn-cutting-machine"],"_links":{"self":[{"href":"https:\/\/corn-machines.com\/sw\/wp-json\/wp\/v2\/product\/857","targetHints":{"allow":["GET"]}}],"collection":[{"href":"https:\/\/corn-machines.com\/sw\/wp-json\/wp\/v2\/product"}],"about":[{"href":"https:\/\/corn-machines.com\/sw\/wp-json\/wp\/v2\/types\/product"}],"author":[{"embeddable":true,"href":"https:\/\/corn-machines.com\/sw\/wp-json\/wp\/v2\/users\/1"}],"wp:featuredmedia":[{"embeddable":true,"href":"https:\/\/corn-machines.com\/sw\/wp-json\/wp\/v2\/media\/858"}],"wp:attachment":[{"href":"https:\/\/corn-machines.com\/sw\/wp-json\/wp\/v2\/media?parent=857"}],"wp:term":[{"taxonomy":"post_tag","embeddable":true,"href":"https:\/\/corn-machines.com\/sw\/wp-json\/wp\/v2\/tags?post=857"},{"taxonomy":"product-type","embeddable":true,"href":"https:\/\/corn-machines.com\/sw\/wp-json\/wp\/v2\/product-type?post=857"}],"curies":[{"name":"[\"wp\"]","href":"https:\/\/api.w.org\/{rel}","templated":true}]}}