{"id":771,"date":"2025-08-11T16:34:51","date_gmt":"2025-08-11T08:34:51","guid":{"rendered":"https:\/\/corn-machines.com\/?post_type=product&#038;p=771"},"modified":"2025-08-18T14:42:57","modified_gmt":"2025-08-18T06:42:57","slug":"corn-cleaner-machine","status":"publish","type":"product","link":"https:\/\/corn-machines.com\/sw\/product\/corn-cleaner-machine\/","title":{"rendered":"Majs rensmaskin f\u00f6r att ta bort f\u00f6roreningar fr\u00e5n r\u00e5spannm\u00e5l"},"content":{"rendered":"<p class=\"translation-block\"><strong>Mashine ya kusafisha mahindi<\/strong> huondoa kimsingi uchafu kama vile vumbi, mawe, na majani kutoka kwa nafaka mbichi. Ukubwa wake thabiti, kiwango cha juu cha otomatiki, na muundo mwingi huufanya kuwa rafiki bora kwa mashine za nafaka za mahindi. Inaweza kutumika kusafisha mahindi, ngano, mtama, na nafaka zingine, ikiwa na uwezo wa kilo 400-1200 kwa saa.<\/p>    <p>Corn cleaning machines are highly efficient, easy to operate, and widely applicable. They are therefore popular with customers in various regions. They have been exported to various regions, including Angola and Cameroon, and have received widespread acclaim.<\/p>    <figure class=\"wp-block-embed is-type-video is-provider-youtube wp-block-embed-youtube wp-embed-aspect-16-9 wp-has-aspect-ratio\"><div class=\"wp-block-embed__wrapper\"> <iframe loading=\"lazy\" title=\"Mashine ya Kusafisha Mahindi Inayouzwa Sana | Jinsi Mashine ya Kusafisha Mbegu za Mahindi Inavyofanya Kazi?#kilimokazimaendeleo\" width=\"500\" height=\"281\" src=\"https:\/\/www.youtube.com\/embed\/w8UjR2vlGq8?feature=oembed\" frameborder=\"0\" allow=\"accelerometer; autoplay; clipboard-write; encrypted-media; gyroscope; picture-in-picture; web-share\" referrerpolicy=\"strict-origin-when-cross-origin\" allowfullscreen><\/iframe> <\/div><figcaption class=\"wp-element-caption\">working process of maize cleaning machine<\/figcaption><\/figure>    <h2 class=\"wp-block-heading\"><strong>Faida za mashine ya kusafisha nafaka<\/strong><\/h2>    <ul class=\"wp-block-list\"> <li> Inajivunia ufanisi wa juu wa uzalishaji, ikiwa na <strong>uwezo wa kilo 400-1200 kwa saa<\/strong>, inakidhi mahitaji ya uzalishaji wa kiwango tofauti.<\/li>    <li>The <strong>corn cleaner machine<\/strong> ina <strong>matumizi mengi<\/strong>, sio tu kwa kusafisha mahindi, bali pia kwa kusafisha ngano, Buckwheat, mtama, na nafaka zingine.<\/li>    <li> Kwa ujumla, mtu mmoja anaweza kukamilisha kazi, <strong>kuokoa 30% ya muda<\/strong>.<\/li>    <li> Mashine ya kuchagua mahindi inaweza kutumika kwa njia nyingi na inaweza <strong>kuunganishwa na mashine zingine<\/strong>, kama vile <a href=\"https:\/\/corn-machines.com\/sw\/product\/corn-grits-machine\/\">mashine ya kutengeneza nafaka ya mahindi<\/a>.<\/li>    <li>Uendeshaji ni rahisi, unahitaji tu <strong>mtu mmoja<\/strong> kukamilisha kazi ya kusafisha mahindi.<\/li>    <li> Mashine za kusafisha mahindi za Taizy zinatengenezwa na kuuzwa na sisi wenyewe, na <strong>bei ni za ushindani kabisa<\/strong><\/li> <\/ul>    <figure class=\"wp-block-gallery has-nested-images columns-default is-cropped wp-block-gallery-2 is-layout-flex wp-block-gallery-is-layout-flex\"> <figure class=\"wp-block-image size-large\"><img loading=\"lazy\" decoding=\"async\" width=\"720\" height=\"540\" data-id=\"774\" src=\"https:\/\/corn-machines.com\/wp-content\/uploads\/2025\/08\/maize-cleaner-machine.webp\" alt=\"maize cleaner machine\" class=\"wp-image-774\" srcset=\"https:\/\/corn-machines.com\/wp-content\/uploads\/2025\/08\/maize-cleaner-machine.webp 720w, https:\/\/corn-machines.com\/wp-content\/uploads\/2025\/08\/maize-cleaner-machine-300x225.webp 300w, https:\/\/corn-machines.com\/wp-content\/uploads\/2025\/08\/maize-cleaner-machine-16x12.webp 16w\" sizes=\"auto, (max-width: 720px) 100vw, 720px\" \/><figcaption class=\"wp-element-caption\">maize cleaner machine<\/figcaption><\/figure>    <figure class=\"wp-block-image size-large\"><img loading=\"lazy\" decoding=\"async\" width=\"720\" height=\"540\" data-id=\"775\" src=\"https:\/\/corn-machines.com\/wp-content\/uploads\/2025\/08\/corn-seed-cleaner.webp\" alt=\"display of corn seed cleaner\" class=\"wp-image-775\" srcset=\"https:\/\/corn-machines.com\/wp-content\/uploads\/2025\/08\/corn-seed-cleaner.webp 720w, https:\/\/corn-machines.com\/wp-content\/uploads\/2025\/08\/corn-seed-cleaner-300x225.webp 300w, https:\/\/corn-machines.com\/wp-content\/uploads\/2025\/08\/corn-seed-cleaner-16x12.webp 16w\" sizes=\"auto, (max-width: 720px) 100vw, 720px\" \/><figcaption class=\"wp-element-caption\">corn seed cleaner<\/figcaption><\/figure> <\/figure>    <h2 class=\"wp-block-heading\"><strong>Parameters of corn cleaning machine<\/strong><\/h2>    <p>Mashine ya kusafisha mahindi ya Taizy inapatikana katika mifumo miwili: FSQDJ-57 na FSQDJ-100. Kila mfumo una uwezo tofauti: FSQDJ-57 ina uwezo wa kilo 400-600 kwa saa, wakati FSQDJ-100 ina uwezo wa kilo 800-1200 kwa saa. Vigezo maalum vya mashine ya kusafisha mahindi ni kama ifuatavyo:<\/p>    <figure class=\"wp-block-table\"><table class=\"has-fixed-layout\"><tbody><tr><td>Model<\/td><td>FSQDJ-57<\/td><td>FSQDJ-100<\/td><\/tr><tr><td>Power<\/td><td>3kw<\/td><td>4kw<\/td><\/tr><tr><td>Capacity<\/td><td>400-600kg\/h<\/td><td>800-1200kg\/h<\/td><\/tr><tr><td>Weight<\/td><td>300kg<\/td><td>400kg<\/td><\/tr><tr><td>Size<\/td><td>1.7*0.8*2.9m<\/td><td>1.9*1*3m<\/td><\/tr><\/tbody><\/table><figcaption class=\"wp-element-caption\">parameters of maize cleaner machine<\/figcaption><\/figure>    <h2 class=\"wp-block-heading\"><strong>Structure of maize cleaning machine<\/strong><\/h2>    <p class=\"translation-block\"><strong>Mashine ya kusafisha mahindi<\/strong> ina muundo rahisi. Kwa nje, inajumuisha hasa shabiki, ukanda, njia ya kutoka kwa mawe, njia ya kuingilia mahindi, na motor. Kwa muundo, inajumuisha kifaa cha kulisha kiotomatiki, skrini ya vibrating yenye tabaka mbili, kifaa cha kuondoa mawe kwa mvuto, na kifaa cha kusafisha hewa.<\/p>    <ul class=\"wp-block-list\"> <li>Kifaa cha kulisha kiotomatiki: Tumia mvuto na mtiririko wa hewa kwa upakiaji wa kiotomatiki.<\/li>    <li>Skrini ya kutetemeka yenye staha mbili: Tumia saizi tofauti za chembe za nyenzo na uchafu kuondoa uchafu ambao ni mdogo au mkubwa kuliko nyenzo.<\/li>    <li>Kifaa cha kuondoa mawe kwa mvuto: Tumia uzito tofauti wa chembe za nyenzo na uchafu kuondoa uchafu mkubwa.<\/li>    <li>Air purification device: It breaks up dirt and fragile impurities adhering to the material and discharges them through the discharge port.<\/li> <\/ul>   <div class=\"wp-block-image\"> <figure class=\"aligncenter size-full\"><img loading=\"lazy\" decoding=\"async\" width=\"720\" height=\"540\" src=\"https:\/\/corn-machines.com\/wp-content\/uploads\/2025\/08\/structure-of-corn-cleaner.webp\" alt=\"structure of corn cleaner\" class=\"wp-image-773\" srcset=\"https:\/\/corn-machines.com\/wp-content\/uploads\/2025\/08\/structure-of-corn-cleaner.webp 720w, https:\/\/corn-machines.com\/wp-content\/uploads\/2025\/08\/structure-of-corn-cleaner-300x225.webp 300w, https:\/\/corn-machines.com\/wp-content\/uploads\/2025\/08\/structure-of-corn-cleaner-16x12.webp 16w\" sizes=\"auto, (max-width: 720px) 100vw, 720px\" \/><figcaption class=\"wp-element-caption\">structure of corn cleaner<\/figcaption><\/figure> <\/div>   <h2 class=\"wp-block-heading\"><strong>Application of corn sorter<\/strong><\/h2>    <p class=\"translation-block\"><strong>Mashine yetu ya kusafisha mahindi<\/strong> ina matumizi mengi. Inaweza kutumika sio tu kusafisha mahindi, lakini pia kusafisha nafaka mbalimbali kama vile ngano, mtama, mtama, n.k. Iwe wewe ni kiwanda cha usindikaji wa mahindi au kiwanda cha usindikaji wa nafaka nyingi, inaweza kukusaidia!<\/p>   <div class=\"wp-block-image\"> <figure class=\"aligncenter size-full\"><img loading=\"lazy\" decoding=\"async\" width=\"720\" height=\"540\" src=\"https:\/\/corn-machines.com\/wp-content\/uploads\/2025\/08\/application-of-corn-seed-cleaner-2.webp\" alt=\"application of corn seed cleaner\" class=\"wp-image-778\" srcset=\"https:\/\/corn-machines.com\/wp-content\/uploads\/2025\/08\/application-of-corn-seed-cleaner-2.webp 720w, https:\/\/corn-machines.com\/wp-content\/uploads\/2025\/08\/application-of-corn-seed-cleaner-2-300x225.webp 300w, https:\/\/corn-machines.com\/wp-content\/uploads\/2025\/08\/application-of-corn-seed-cleaner-2-16x12.webp 16w\" sizes=\"auto, (max-width: 720px) 100vw, 720px\" \/><figcaption class=\"wp-element-caption\">application of corn seed cleaner<\/figcaption><\/figure> <\/div>   <h2 class=\"wp-block-heading\"><strong>Je, bei ya mashine ya kusafisha mahindi ni ipi?<\/strong><\/h2>    <p>The price of maize sorting machine is affected by many factors. For one thing, regional freight costs can lead to price differences. Another factor is the capacity of the machine, which can also affect the price. Generally speaking, higher-capacity machines are more expensive. For example, the price of an FSQDJ-100 is higher than that of an FSQDJ-57. If you would like to know the exact price, please feel free to contact us!<\/p>   <div class=\"wp-block-image\"> <figure class=\"aligncenter size-full\"><img loading=\"lazy\" decoding=\"async\" width=\"720\" height=\"540\" src=\"https:\/\/corn-machines.com\/wp-content\/uploads\/2025\/08\/corn-sorting-machine.webp\" alt=\"display of corn sorting machine\" class=\"wp-image-779\" srcset=\"https:\/\/corn-machines.com\/wp-content\/uploads\/2025\/08\/corn-sorting-machine.webp 720w, https:\/\/corn-machines.com\/wp-content\/uploads\/2025\/08\/corn-sorting-machine-300x225.webp 300w, https:\/\/corn-machines.com\/wp-content\/uploads\/2025\/08\/corn-sorting-machine-16x12.webp 16w\" sizes=\"auto, (max-width: 720px) 100vw, 720px\" \/><figcaption class=\"wp-element-caption\">corn sorting machine<\/figcaption><\/figure> <\/div>   <h2 class=\"wp-block-heading\"><strong>Successful case of corn seed cleaner<\/strong><\/h2>    <p class=\"translation-block\"><strong>FSQDJ-57 kisafishaji cha mahindi kilifikishwa Kamerun<\/strong><\/p>    <p>Mteja anaendesha kituo cha nafaka nchini Kamerun. Alilalamika kuwa kuhifadhi mahindi yenye uchafu moja kwa moja kunaweza kusababisha ukungu kwa urahisi. Kuondoa uchafu kwa mikono kutoka kwa nafaka kunapoteza muda na nguvu nyingi. Tulimshauri mteja mashine ya kusafisha nafaka ya Taizy na tukampa taarifa za kina na picha. Mteja alifurahishwa sana na mara moja aliweka agizo.<\/p>    <p class=\"translation-block\">Baada ya kupokea <strong>mashine ya kusafisha mahindi<\/strong>, mteja alianza kusafisha mahindi na akaripoti kuwa ilikuwa msaada mkubwa. Uchafu iliondolewa vizuri, na operesheni ilikuwa rahisi, ikiwaokoa muda na kazi nyingi.<\/p>   <div class=\"wp-block-image\"> <figure class=\"aligncenter size-full\"><img loading=\"lazy\" decoding=\"async\" width=\"720\" height=\"540\" src=\"https:\/\/corn-machines.com\/wp-content\/uploads\/2025\/08\/corn-cleaning-machine-factory.webp\" alt=\"corn cleaning machine factory\" class=\"wp-image-780\" srcset=\"https:\/\/corn-machines.com\/wp-content\/uploads\/2025\/08\/corn-cleaning-machine-factory.webp 720w, https:\/\/corn-machines.com\/wp-content\/uploads\/2025\/08\/corn-cleaning-machine-factory-300x225.webp 300w, https:\/\/corn-machines.com\/wp-content\/uploads\/2025\/08\/corn-cleaning-machine-factory-16x12.webp 16w\" sizes=\"auto, (max-width: 720px) 100vw, 720px\" \/><figcaption class=\"wp-element-caption\">corn cleaning machine <\/figcaption><\/figure> <\/div>   <h2 class=\"wp-block-heading\"><strong>About our company<\/strong><\/h2>    <p class=\"translation-block\">Kama mtoaji anayeaminika wa vifaa vya uzalishaji wa kilimo, kampuni yetu inatoa vifaa kwa tasnia nzima ya mahindi na nafaka. Tunawapa wateja kila mara duniani kote suluhisho zinazofaa kwa kutumia vifaa bora na huduma iliyohakikishiwa, tukitatua changamoto nyingi za uzalishaji. Vifaa vyetu, kama vile <strong>mashine yetu ya kusafisha mahindi<\/strong> na vipanzi vya mahindi, vina teknolojia ya hali ya juu nchini China. Ikiwa una nia ya vifaa vyetu, tafadhali wasiliana nasi na tutakupa huduma na vifaa bora zaidi!<\/p>","protected":false},"excerpt":{"rendered":"<p>Makala haya yanahusu zaidi mashine ya kusafishia mahindi. Inajumuisha muundo wake, faida, matumizi, n.k. Mashine hii ya kusafishia mahindi inapendwa na wateja katika mikoa tofauti kwa sababu ya faida zake bora na huwapa msaada mkuu.<\/p>","protected":false},"author":1,"featured_media":772,"parent":0,"template":"","tags":[42,64,61,57],"product-type":[65],"class_list":["post-771","product","type-product","status-publish","has-post-thumbnail","hentry","tag-corn","tag-corn-cleaning","tag-millet","tag-wheat","product-type-corn-cleaning-machine"],"_links":{"self":[{"href":"https:\/\/corn-machines.com\/sw\/wp-json\/wp\/v2\/product\/771","targetHints":{"allow":["GET"]}}],"collection":[{"href":"https:\/\/corn-machines.com\/sw\/wp-json\/wp\/v2\/product"}],"about":[{"href":"https:\/\/corn-machines.com\/sw\/wp-json\/wp\/v2\/types\/product"}],"author":[{"embeddable":true,"href":"https:\/\/corn-machines.com\/sw\/wp-json\/wp\/v2\/users\/1"}],"wp:featuredmedia":[{"embeddable":true,"href":"https:\/\/corn-machines.com\/sw\/wp-json\/wp\/v2\/media\/772"}],"wp:attachment":[{"href":"https:\/\/corn-machines.com\/sw\/wp-json\/wp\/v2\/media?parent=771"}],"wp:term":[{"taxonomy":"post_tag","embeddable":true,"href":"https:\/\/corn-machines.com\/sw\/wp-json\/wp\/v2\/tags?post=771"},{"taxonomy":"product-type","embeddable":true,"href":"https:\/\/corn-machines.com\/sw\/wp-json\/wp\/v2\/product-type?post=771"}],"curies":[{"name":"[\"wp\"]","href":"https:\/\/api.w.org\/{rel}","templated":true}]}}