{"id":76,"date":"2022-09-07T03:13:08","date_gmt":"2022-09-07T03:13:08","guid":{"rendered":"https:\/\/corn-machines.com\/?post_type=product&#038;p=76"},"modified":"2024-01-05T17:32:15","modified_gmt":"2024-01-05T09:32:15","slug":"small-corn-seeding-machine","status":"publish","type":"product","link":"https:\/\/corn-machines.com\/sw\/product\/small-corn-seeding-machine\/","title":{"rendered":"Liten majsfr\u00f6ningsmaskin | Handh\u00e5llen majsfr\u00f6are"},"content":{"rendered":"<p>Den lilla majs s\u00e5maskinen \u00e4r en jordbruksproduktionsmaskin som anv\u00e4nds f\u00f6r majsplantering. Genom att anv\u00e4nda s\u00e5maskinen f\u00f6rb\u00e4ttras groningen av majs och ordningen i majsarrangemanget. <\/p>    <p class=\"translation-block\">Mashine hii ya kupandia mbegu za mahindi ni kipanda mahindi kidogo na ni kipanda mahindi cha nusu-otomatiki. Pia tuna <a href=\"https:\/\/corn-machines.com\/sw\/product\/automated-corn-sowing-machine\/\">vipanda mahindi otomatiki kamili<\/a> vinavyopatikana. <\/p>    <p>Mashine ya kupandia mbegu za mahindi inayoshikiliwa kwa mkono ni moja ya mashine maarufu zaidi kwa mashine za uzalishaji wa kilimo nyumbani kwa sababu ya bei yake nafuu.<\/p>    <figure class=\"wp-block-embed is-type-video is-provider-youtube wp-block-embed-youtube wp-embed-aspect-16-9 wp-has-aspect-ratio\"><div class=\"wp-block-embed__wrapper\"> <iframe loading=\"lazy\" title=\"Jumuia ya Kilimo ya Bajeti: Kuchunguza Uwezo wa Kununua Mashine za Kupanda Mahindi za Kukandwa kwa Mkono #mahindi #maize\" width=\"500\" height=\"281\" src=\"https:\/\/www.youtube.com\/embed\/fpNdordty5E?start=56&#038;feature=oembed\" frameborder=\"0\" allow=\"accelerometer; autoplay; clipboard-write; encrypted-media; gyroscope; picture-in-picture; web-share\" referrerpolicy=\"strict-origin-when-cross-origin\" allowfullscreen><\/iframe> <\/div><figcaption class=\"wp-element-caption\">video ya kufanya kazi ya kipanda mahindi<\/figcaption><\/figure>    <h2 class=\"wp-block-heading\" id=\"h-the-function-of-small-corn-seeding-machine\">Kazi ya mashine ndogo ya kupandia mbegu za mahindi<\/h2>    <p class=\"translation-block\">Mashine hizi tatu za nusu-otomatiki za kupandia mbegu za mahindi zinazoshikiliwa kwa mkono zinaweza kupanda mbegu kama vile mahindi, ngano, mtama, soya, n.k. Mbali na kupanda, zinaweza pia <a href=\"https:\/\/en.wikipedia.org\/wiki\/Fertilizer\" target=\"_blank\" rel=\"noopener\">kupandia mbolea<\/a>.<\/p>    <p>Inafaa kuzingatia kwamba kupanda na kurutubisha haiwezi kufanywa kwa wakati mmoja, kwa sababu mbegu ambazo zimeota tu ni laini sana, mbolea nyingi inaweza kuathiri ukuaji wa mahindi, na wakulima wenye uzoefu wanajua hili.<\/p>    <figure class=\"wp-block-image size-full\"><img loading=\"lazy\" decoding=\"async\" width=\"720\" height=\"540\" src=\"https:\/\/corn-machines.com\/wp-content\/uploads\/2022\/09\/corn-planter.webp\" alt=\"kipanzi cha mahindi\" class=\"wp-image-81\" srcset=\"https:\/\/corn-machines.com\/wp-content\/uploads\/2022\/09\/corn-planter.webp 720w, https:\/\/corn-machines.com\/wp-content\/uploads\/2022\/09\/corn-planter-300x225.webp 300w\" sizes=\"auto, (max-width: 720px) 100vw, 720px\" \/><figcaption class=\"wp-element-caption\">mashine ya kupandia mahindi kwa ajili ya kuuza<\/figcaption><\/figure>    <h2 class=\"wp-block-heading\" id=\"h-type-one-one-row-corn-planter\">Aina ya kwanza: kipanda mahindi cha safu moja<\/h2>    <figure class=\"wp-block-image size-full\"><img loading=\"lazy\" decoding=\"async\" width=\"720\" height=\"540\" src=\"https:\/\/corn-machines.com\/wp-content\/uploads\/2022\/09\/corn-seeding-machine-1.webp\" alt=\"mashine ya kupandia mahindi\" class=\"wp-image-82\" srcset=\"https:\/\/corn-machines.com\/wp-content\/uploads\/2022\/09\/corn-seeding-machine-1.webp 720w, https:\/\/corn-machines.com\/wp-content\/uploads\/2022\/09\/corn-seeding-machine-1-300x225.webp 300w\" sizes=\"auto, (max-width: 720px) 100vw, 720px\" \/><figcaption class=\"wp-element-caption\">mashine ya kupandia mbegu za mahindi kwa bei nzuri<\/figcaption><\/figure>    <p>Kipanda mahindi cha safu moja, aina hii ya mashine ni ndogo, zaidi ya hayo, pia ni nyepesi, inaweza kusukumwa moja kwa moja kwenye shamba, na inaweza kuwekwa kwenye gari na kuvutwa moja kwa moja. rahisi kutumia. Wastani wa mavuno ni ekari 0.5\/saa.<\/p>    <h3 class=\"wp-block-heading\" id=\"h-one-row-corn-planter-parameter\">Kigezo cha kipanda mahindi cha safu moja<\/h3>    <figure class=\"wp-block-image size-full\"><img loading=\"lazy\" decoding=\"async\" width=\"720\" height=\"540\" src=\"https:\/\/corn-machines.com\/wp-content\/uploads\/2022\/09\/corn-seeder.webp\" alt=\"kipanda mahindi\" class=\"wp-image-83\" srcset=\"https:\/\/corn-machines.com\/wp-content\/uploads\/2022\/09\/corn-seeder.webp 720w, https:\/\/corn-machines.com\/wp-content\/uploads\/2022\/09\/corn-seeder-300x225.webp 300w\" sizes=\"auto, (max-width: 720px) 100vw, 720px\" \/><figcaption class=\"wp-element-caption\">majsplanteringsmaskin<\/figcaption><\/figure>    <figure class=\"wp-block-table\"><table><tbody><tr><td>Jina<\/td><td>Mashine ya kupandia mbegu<\/td><\/tr><tr><td>Model<\/td><td>TZY-100<\/td><\/tr><tr><td>Capacity<\/td><td>0.5 ekari\/saa<\/td><\/tr><tr><td>Size<\/td><td>1370*420*900<\/td><\/tr><tr><td>Weight<\/td><td>12kg<\/td><\/tr><\/tbody><\/table><figcaption class=\"wp-element-caption\">Vigezo vya kipanda mahindi cha safu moja<\/figcaption><\/figure>    <h3 class=\"wp-block-heading\" id=\"h-how-to-use-a-one-row-corn-planter\">Jinsi ya kutumia kipanda mahindi cha safu moja?<\/h3>    <figure class=\"wp-block-image size-full\"><img loading=\"lazy\" decoding=\"async\" width=\"720\" height=\"540\" src=\"https:\/\/corn-machines.com\/wp-content\/uploads\/2022\/09\/Corn-planter-structure.webp\" alt=\"Muundo wa kipanda mahindi\" class=\"wp-image-84\" srcset=\"https:\/\/corn-machines.com\/wp-content\/uploads\/2022\/09\/Corn-planter-structure.webp 720w, https:\/\/corn-machines.com\/wp-content\/uploads\/2022\/09\/Corn-planter-structure-300x225.webp 300w\" sizes=\"auto, (max-width: 720px) 100vw, 720px\" \/><figcaption class=\"wp-element-caption\">Muundo wa kipanda mahindi kinachoshikiliwa kwa mkono<\/figcaption><\/figure>    <p>Kwa sababu ya upinzani wa ardhi wakati wa kupanda, itakuwa rahisi kwa watu wawili kufanya kazi. Mmoja anasukuma kutoka nyuma na mwingine anavuta kutoka mbele. Kina cha kupandia na nafasi ya kupandia hudhibitiwa kwa mikono. <\/p>    <p>Kipanda mahindi kina magurudumu mawili, moja ni kubwa na nyingine ni ndogo. Gurudumu kubwa linawajibika kwa kusonga mbele, na gurudumu lingine dogo hufunika mbegu zilizopandwa na udongo.<\/p>    <figure class=\"wp-block-embed is-type-video is-provider-youtube wp-block-embed-youtube wp-embed-aspect-16-9 wp-has-aspect-ratio\"><div class=\"wp-block-embed__wrapper\"> <iframe loading=\"lazy\" title=\"Small peanut corn planter | corn seeding machine | groundnut sowing machine | hand corn seed planter\" width=\"500\" height=\"281\" src=\"https:\/\/www.youtube.com\/embed\/Kk85uepTKMg?feature=oembed\" frameborder=\"0\" allow=\"accelerometer; autoplay; clipboard-write; encrypted-media; gyroscope; picture-in-picture; web-share\" referrerpolicy=\"strict-origin-when-cross-origin\" allowfullscreen><\/iframe> <\/div><figcaption class=\"wp-element-caption\">mashine ya kupandia mahindi na karanga<\/figcaption><\/figure>    <h2 class=\"wp-block-heading\" id=\"h-type-two-duckbill-corn-seeding-machine\">Aina ya pili: mashine ya kupandia mbegu za mahindi ya mdomo wa bata<\/h2>    <figure class=\"wp-block-image size-full\"><img loading=\"lazy\" decoding=\"async\" width=\"720\" height=\"540\" src=\"https:\/\/corn-machines.com\/wp-content\/uploads\/2022\/09\/duckbill-corn-seeding-machine.webp\" alt=\"mashine ya kupandia mbegu za mahindi ya mdomo wa bata\" class=\"wp-image-85\" srcset=\"https:\/\/corn-machines.com\/wp-content\/uploads\/2022\/09\/duckbill-corn-seeding-machine.webp 720w, https:\/\/corn-machines.com\/wp-content\/uploads\/2022\/09\/duckbill-corn-seeding-machine-300x225.webp 300w\" sizes=\"auto, (max-width: 720px) 100vw, 720px\" \/><figcaption class=\"wp-element-caption\">mashine ya kupandia mbegu za mahindi ya mdomo wa bata<\/figcaption><\/figure>    <p>Umbo la mashine hii ya kupandia mbegu za mahindi ya mdomo wa bata ni la kipekee. Kuna fursa nyingi za kupandia mbegu zinazofanana na mdomo wa bata. Kadiri fursa zinavyokuwa nyingi, ndivyo pengo la kupandia linavyokuwa karibu, kwa hivyo pengo la kupandia linaweza pia kurekebishwa. <\/p>    <p>Kina cha kupandia cha kipanda mbegu ni sentimita 3.5-7.8. Inaweza kuendeshwa na mtu mmoja, ekari 6-8 zinaweza kupandwa kwa wastani kwa siku, na ufanisi wa kazi ni mkubwa. Mtu mmoja na mashine moja wanaweza kupanda ekari 6-8 kwa siku<\/p>    <h3 class=\"wp-block-heading\" id=\"h-duckbill-corn-seeding-machine-parameters\">Vigezo vya mashine ya kupandia mbegu za mahindi ya mdomo wa bata<\/h3>    <figure class=\"wp-block-image size-full\"><img loading=\"lazy\" decoding=\"async\" width=\"720\" height=\"540\" src=\"https:\/\/corn-machines.com\/wp-content\/uploads\/2022\/09\/corn-seeding-machine-structure.webp\" alt=\"Muundo wa mashine ya kupandia mbegu za mahindi\" class=\"wp-image-86\" srcset=\"https:\/\/corn-machines.com\/wp-content\/uploads\/2022\/09\/corn-seeding-machine-structure.webp 720w, https:\/\/corn-machines.com\/wp-content\/uploads\/2022\/09\/corn-seeding-machine-structure-300x225.webp 300w\" sizes=\"auto, (max-width: 720px) 100vw, 720px\" \/><figcaption class=\"wp-element-caption\">Muundo wa mashine ya kupandia mbegu za mahindi ya viwandani<\/figcaption><\/figure>    <figure class=\"wp-block-table\"><table><tbody><tr><td>Kina cha kupandia<\/td><td>3.5-7.8cm<\/td><\/tr><tr><td>Kiasi cha kupandia<\/td><td>1-3 pcs, zinazoweza kurekebishwa<\/td><\/tr><tr><td>Mdomo wa bata<\/td><td>Max. 12 pcs<\/td><\/tr><tr><td>Weight<\/td><td>11 kg<\/td><\/tr><tr><td>Ukubwa wa kufunga<\/td><td>58*58*25 mm<\/td><\/tr><\/tbody><\/table><figcaption class=\"wp-element-caption\">Vigezo vya mashine ya kupandia mbegu za mahindi ya mdomo wa bata<\/figcaption><\/figure>    <h2 class=\"wp-block-heading\" id=\"h-type-three-gasoline-hand-push-planter\">Aina ya tatu: kipanda mahindi kinachotumia petroli kinachosukumwa kwa mkono<\/h2>    <figure class=\"wp-block-image size-full\"><img loading=\"lazy\" decoding=\"async\" width=\"720\" height=\"540\" src=\"https:\/\/corn-machines.com\/wp-content\/uploads\/2022\/09\/gasoline-hand-push-planter.webp\" alt=\"kipanda mahindi kinachotumia petroli kinachosukumwa kwa mkono\" class=\"wp-image-87\" srcset=\"https:\/\/corn-machines.com\/wp-content\/uploads\/2022\/09\/gasoline-hand-push-planter.webp 720w, https:\/\/corn-machines.com\/wp-content\/uploads\/2022\/09\/gasoline-hand-push-planter-300x225.webp 300w\" sizes=\"auto, (max-width: 720px) 100vw, 720px\" \/><figcaption class=\"wp-element-caption\">kipanda mahindi kinachotumia petroli kinachosukumwa kwa mkono<\/figcaption><\/figure>    <p>Kipanda mahindi kinachotumia petroli kinachosukumwa kwa mkono huokoa muda na kuokoa kazi zaidi kuliko mashine mbili za kwanza zinazoshikiliwa kwa mkono na ina muundo rahisi na bei nzuri. <\/p>    <p>Hata eneo dogo la upandaji linaweza kuendeshwa, ambalo halizuiwi na hali ya ardhi. Inaweza kutumika kwa udongo mbalimbali kama vile tambarare, milima, na vilima.<\/p>    <h3 class=\"wp-block-heading\" id=\"h-the-structure-of-the-gasoline-hand-push-planter\">Muundo wa kipanda mahindi kinachotumia petroli kinachosukumwa kwa mkono<\/h3>    <p>Kishikio cha kudhibiti throttle, breki ya mkono, kishikio cha kusukuma, kisanduku cha kupandia, diski ya kupandia laini, chemchemi ya mnyororo, chemchemi ya kina na bapa, gurudumu la mpira la nyuma, fremu, pembe ya chini ya kupandia, tanki la mafuta, kisanduku cha ukanda, na gurudumu la chuma la mbele. <\/p>    <p>Kipanda mahindi cha petroli kina muundo rahisi, ufanisi wa juu wa kazi, na udhibiti imara. Mwelekeo unaweza kudhibitiwa na kishikio, na pia ina miundo kama vile breki ya mkono.<\/p>    <figure class=\"wp-block-gallery has-nested-images columns-default is-cropped wp-block-gallery-2 is-layout-flex wp-block-gallery-is-layout-flex\"> <figure class=\"wp-block-image size-large\"><img loading=\"lazy\" decoding=\"async\" width=\"720\" height=\"540\" data-id=\"88\" src=\"https:\/\/corn-machines.com\/wp-content\/uploads\/2022\/09\/wheel-of-the-gasoline-hand-push-planter.webp\" alt=\"gurudumu la kipanda mahindi cha petroli kinachosukumwa kwa mkono\" class=\"wp-image-88\" srcset=\"https:\/\/corn-machines.com\/wp-content\/uploads\/2022\/09\/wheel-of-the-gasoline-hand-push-planter.webp 720w, https:\/\/corn-machines.com\/wp-content\/uploads\/2022\/09\/wheel-of-the-gasoline-hand-push-planter-300x225.webp 300w\" sizes=\"auto, (max-width: 720px) 100vw, 720px\" \/><figcaption class=\"wp-element-caption\">gurudumu la kipanda mahindi cha petroli kinachosukumwa kwa mkono<\/figcaption><\/figure>    <figure class=\"wp-block-image size-large\"><img loading=\"lazy\" decoding=\"async\" width=\"720\" height=\"540\" data-id=\"89\" src=\"https:\/\/corn-machines.com\/wp-content\/uploads\/2022\/09\/planter-engine.webp\" alt=\"injini ya kipanda\" class=\"wp-image-89\" srcset=\"https:\/\/corn-machines.com\/wp-content\/uploads\/2022\/09\/planter-engine.webp 720w, https:\/\/corn-machines.com\/wp-content\/uploads\/2022\/09\/planter-engine-300x225.webp 300w\" sizes=\"auto, (max-width: 720px) 100vw, 720px\" \/><figcaption class=\"wp-element-caption\">injini ya kipanda<\/figcaption><\/figure>    <figure class=\"wp-block-image size-large\"><img loading=\"lazy\" decoding=\"async\" width=\"720\" height=\"540\" data-id=\"90\" src=\"https:\/\/corn-machines.com\/wp-content\/uploads\/2022\/09\/Seed-funnel-for-planter.webp\" alt=\"Kikombe cha mbegu kwa kipanda\" class=\"wp-image-90\" srcset=\"https:\/\/corn-machines.com\/wp-content\/uploads\/2022\/09\/Seed-funnel-for-planter.webp 720w, https:\/\/corn-machines.com\/wp-content\/uploads\/2022\/09\/Seed-funnel-for-planter-300x225.webp 300w\" sizes=\"auto, (max-width: 720px) 100vw, 720px\" \/><figcaption class=\"wp-element-caption\">kifaa cha kulisha cha kipanda mahindi<\/figcaption><\/figure> <\/figure>    <h2 class=\"wp-block-heading\" id=\"h-advantages-of-gasoline-hand-push-planter\">Faida za kipanda mahindi kinachotumia petroli kinachosukumwa kwa mkono<\/h2>    <ol class=\"wp-block-list\"> <li><strong>\u00d6verkomlighet:<\/strong> Handskjutna planterare \u00e4r generellt sett mer \u00f6verkomliga j\u00e4mf\u00f6rt med st\u00f6rre, motoriserade planterare. Detta g\u00f6r dem tillg\u00e4ngliga f\u00f6r sm\u00e5skaliga b\u00f6nder med begr\u00e4nsade budgetar, vilket ger en kostnadseffektiv l\u00f6sning f\u00f6r planteringsbehov.<\/li>    <li><strong>Enkelhet och anv\u00e4ndarv\u00e4nlighet:<\/strong> Dessa planterare \u00e4r designade med enkelhet i \u00e5tanke, vilket g\u00f6r dem l\u00e4tta att anv\u00e4nda, \u00e4ven f\u00f6r individer utan omfattande erfarenhet av jordbruksmaskiner. Minimal tr\u00e4ning kr\u00e4vs, vilket g\u00f6r att b\u00f6nder snabbt kan anpassa sig och integrera dem i sina planteringsprocesser.<\/li>    <li><strong>Portabilitet:<\/strong> Handskjutna planterare \u00e4r l\u00e4tta och portabla, vilket g\u00f6r att b\u00f6nder enkelt kan flytta dem runt p\u00e5 f\u00e4ltet. Denna portabilitet \u00e4r f\u00f6rdelaktig i omr\u00e5den med oj\u00e4mn terr\u00e4ng eller sm\u00e5 tomter d\u00e4r det kan vara utmanande att man\u00f6vrera st\u00f6rre maskiner.<\/li>    <li><strong>Precision vid plantering:<\/strong> Trots att de \u00e4r manuellt drivna kan handskjutna planterare erbjuda en niv\u00e5 av precision i fr\u00f6placering. Detta \u00e4r avg\u00f6rande f\u00f6r att optimera v\u00e4xttillv\u00e4xt, s\u00e4kerst\u00e4lla effektiv anv\u00e4ndning av fr\u00f6n och maximera sk\u00f6rdarna.<\/li> <\/ol>    <figure class=\"wp-block-image size-full\"><img loading=\"lazy\" decoding=\"async\" width=\"720\" height=\"540\" src=\"https:\/\/corn-machines.com\/wp-content\/uploads\/2022\/09\/corn-planting.webp\" alt=\"kupanda mahindi\" class=\"wp-image-80\" srcset=\"https:\/\/corn-machines.com\/wp-content\/uploads\/2022\/09\/corn-planting.webp 720w, https:\/\/corn-machines.com\/wp-content\/uploads\/2022\/09\/corn-planting-300x225.webp 300w\" sizes=\"auto, (max-width: 720px) 100vw, 720px\" \/><figcaption class=\"wp-element-caption\">kupanda mahindi<\/figcaption><\/figure>    <h2 class=\"wp-block-heading\">[FAQs about our corn seeding machine]<\/h2>   <div id=\"rank-math-faq\" class=\"rank-math-block\"> <div class=\"rank-math-list\"> <div id=\"faq-question-1704439665626\" class=\"rank-math-list-item\"> <h3 class=\"rank-math-question\"><strong>Kiasi cha chini cha agizo cha kusafirishwa ni kipi?<\/strong><\/h3> <div class=\"rank-math-answer\">  <p>Kiasi cha chini cha ununuzi ni vipande 20.<\/p>  <\/div> <\/div> <div id=\"faq-question-1704439674339\" class=\"rank-math-list-item\"> <h3 class=\"rank-math-question\"><strong>Niambegu gani zinaweza kupandwa na kipanda kidogo?<\/strong><\/h3> <div class=\"rank-math-answer\">  <p>Ngano, pamba, mulo, karanga, maharagwe, rapa, n.k.<\/p>  <\/div> <\/div> <div id=\"faq-question-1704439692227\" class=\"rank-math-list-item\"> <h3 class=\"rank-math-question\"><strong>Hur l\u00e4nge kan ni leverera maskinen?<\/strong><\/h3> <div class=\"rank-math-answer\">  <p>Generally speaking, after receiving the deposit, we need a week to arrange the goods.<\/p>  <\/div> <\/div> <div id=\"faq-question-1704439708401\" class=\"rank-math-list-item\"> <h3 class=\"rank-math-question\"><strong>Unatumia njiali gani ya usafirishaji?<\/strong><\/h3> <div class=\"rank-math-answer\">  <p>Kawaida kwa bahari. Tafadhali tujulishe ikiwa una mahitaji mengine. Tutapanga njia bora ya usafirishaji.<\/p>  <\/div> <\/div> <div id=\"faq-question-1704439724753\" class=\"rank-math-list-item\"> <h3 class=\"rank-math-question\"><strong>Je, kijarida kipo kwa Kichina au Kiingereza?<\/strong><\/h3> <div class=\"rank-math-answer\">  <p>Vi kommer att bifoga den engelska bruksanvisningen och skicka\/videon f\u00f6r driften.<\/p>  <\/div> <\/div> <\/div> <\/div>   <figure class=\"wp-block-image size-full\"><img loading=\"lazy\" decoding=\"async\" width=\"720\" height=\"540\" src=\"https:\/\/corn-machines.com\/wp-content\/uploads\/2022\/09\/gasoline-hand-push-planter-1.webp\" alt=\"kipanda mahindi cha mkono kilichoagizwa\" class=\"wp-image-91\" srcset=\"https:\/\/corn-machines.com\/wp-content\/uploads\/2022\/09\/gasoline-hand-push-planter-1.webp 720w, https:\/\/corn-machines.com\/wp-content\/uploads\/2022\/09\/gasoline-hand-push-planter-1-300x225.webp 300w\" sizes=\"auto, (max-width: 720px) 100vw, 720px\" \/><figcaption class=\"wp-element-caption\">kipanda mahindi cha mkono kilichoagizwa<\/figcaption><\/figure>    <h2 class=\"wp-block-heading\">Wekeza kwenye kipanda mbegu za mahindi kinachoshikiliwa kwa mkono<\/h2>    <p>Wekeza kwenye kipanda mbegu za mahindi kinachoshikiliwa kwa mkono sasa ili kukabiliana na changamoto za kilimo cha baadaye na kufikia mavuno ya juu na ufanisi zaidi katika uzalishaji wa kilimo. Jisikie huru kuwasiliana kwa maswali; mameneja wetu wa biashara wako tayari kukupa majibu ya kitaalamu. <\/p>    <p>Tafadhali wasiliana na timu yetu ya mauzo kwa maelezo zaidi na ofa maalum. Jiunge nasi katika safari ya kuelekea kilele cha teknolojia ya kilimo, tukitengeneza mustakabali mzuri wa kilimo pamoja!<\/p>","protected":false},"excerpt":{"rendered":"<p>Mashine ndogo ya kupandia mahindi ni mashine ya uzalishaji wa kilimo inayotumiwa kupanda mahindi. Kwa kutumia kipanda, kiwango cha kuota kwa mahindi na utaratibu wa mpangilio wa mahindi huboreshwa.<\/p>","protected":false},"author":1,"featured_media":79,"parent":0,"template":"","tags":[30,13],"product-type":[2],"class_list":["post-76","product","type-product","status-publish","has-post-thumbnail","hentry","tag-corn-planting-machine","tag-corn-seeding-machine","product-type-corn-planting-machine"],"_links":{"self":[{"href":"https:\/\/corn-machines.com\/sw\/wp-json\/wp\/v2\/product\/76","targetHints":{"allow":["GET"]}}],"collection":[{"href":"https:\/\/corn-machines.com\/sw\/wp-json\/wp\/v2\/product"}],"about":[{"href":"https:\/\/corn-machines.com\/sw\/wp-json\/wp\/v2\/types\/product"}],"author":[{"embeddable":true,"href":"https:\/\/corn-machines.com\/sw\/wp-json\/wp\/v2\/users\/1"}],"wp:featuredmedia":[{"embeddable":true,"href":"https:\/\/corn-machines.com\/sw\/wp-json\/wp\/v2\/media\/79"}],"wp:attachment":[{"href":"https:\/\/corn-machines.com\/sw\/wp-json\/wp\/v2\/media?parent=76"}],"wp:term":[{"taxonomy":"post_tag","embeddable":true,"href":"https:\/\/corn-machines.com\/sw\/wp-json\/wp\/v2\/tags?post=76"},{"taxonomy":"product-type","embeddable":true,"href":"https:\/\/corn-machines.com\/sw\/wp-json\/wp\/v2\/product-type?post=76"}],"curies":[{"name":"[\"wp\"]","href":"https:\/\/api.w.org\/{rel}","templated":true}]}}