{"id":706,"date":"2025-08-05T08:58:53","date_gmt":"2025-08-05T00:58:53","guid":{"rendered":"https:\/\/corn-machines.com\/?post_type=product&#038;p=706"},"modified":"2025-11-04T13:36:20","modified_gmt":"2025-11-04T05:36:20","slug":"mobile-grain-dryer-for-drying-grain","status":"publish","type":"product","link":"https:\/\/corn-machines.com\/sw\/product\/mobile-grain-dryer-for-drying-grain\/","title":{"rendered":"Kikausha cha nafaka cha simu ya mkononi kwa kukausha mazao"},"content":{"rendered":"<p class=\"translation-block\">Brennare korn som \u00e4r <strong>mobil<\/strong> kan snabbt avl\u00e4gsna fukt fr\u00e5n olika sorters s\u00e4d, s\u00e4kerst\u00e4lla att de n\u00e5r en s\u00e4ker fukthalt innan lagring. Den \u00e4r l\u00e4mplig f\u00f6r ett brett spektrum av s\u00e4desarter, inklusive ris, vete, majs, sojab\u00f6nor och s\u00e5 vidare.<\/p>    <p>Kikaushio chetu cha mahindi kinachobebeka kina ufanisi mkubwa, na uwezo wa tani 10-240 kwa saa 24, kinachokidhi mahitaji ya vifaa vikubwa vya uzalishaji. Hifadhi ya kikaushio imetengenezwa kwa chuma cha pua kinachostahimili kutu, chenye ugumu, na kinachostahimili kuvaa, ikihakikisha muda mrefu wa matumizi. Ikiwa unatafuta kikaushio cha mahindi, kikaushio cha Taizy kinachobebeka ni chaguo bora. Wasiliana nasi kwa maelezo zaidi.<\/p>    <figure class=\"wp-block-embed is-type-video is-provider-youtube wp-block-embed-youtube wp-embed-aspect-16-9 wp-has-aspect-ratio\"><div class=\"wp-block-embed__wrapper\"> <iframe loading=\"lazy\" title=\"En hotspot-s\u00e4ljande mobil spannm\u00e5lstorkmaskin med kapacitet 10-240 ton\/24h #graindryer #farming\" width=\"500\" height=\"281\" src=\"https:\/\/www.youtube.com\/embed\/xObmWqhUEqM?feature=oembed\" frameborder=\"0\" allow=\"accelerometer; autoplay; clipboard-write; encrypted-media; gyroscope; picture-in-picture; web-share\" referrerpolicy=\"strict-origin-when-cross-origin\" allowfullscreen><\/iframe> <\/div><figcaption class=\"wp-element-caption\">arbetsprocessen f\u00f6r den mobila spannm\u00e5lstorken<\/figcaption><\/figure>    <h2 class=\"wp-block-heading\"><strong>Mitindo ya mashine za kukausha nafaka za kubebeka<\/strong><\/h2>    <p class=\"translation-block\">There are two types of <strong>mobile grain dryers<\/strong>: single-bin dryers and double-bin dryers. This machine\u2019s capacity ranges from 10 tons\/24 hours to 240 tons, allowing you to choose the model that best suits your needs.<\/p>    <p>Spannm\u00e5lstork med enkel bin:<\/p>    <figure class=\"wp-block-table\"><table class=\"has-fixed-layout\"><tbody><tr><td class=\"has-text-align-center\" data-align=\"center\"><strong>Model<\/strong><\/td><td class=\"has-text-align-center\" data-align=\"center\"><strong>Effekt (KW)<\/strong><\/td><td class=\"has-text-align-center\" data-align=\"center\"><strong>Vikt (Ton)<\/strong><\/td><td class=\"has-text-align-center\" data-align=\"center\"><strong>Ukubwa (mm)<\/strong><\/td><td class=\"has-text-align-center\" data-align=\"center\"><strong>Utb Sept (24 timmar)<\/strong><\/td><\/tr><tr><td class=\"has-text-align-center\" data-align=\"center\">2T<\/td><td class=\"has-text-align-center\" data-align=\"center\">11<\/td><td class=\"has-text-align-center\" data-align=\"center\">2.8<\/td><td class=\"has-text-align-center\" data-align=\"center\">5100*2000*3800<\/td><td class=\"has-text-align-center\" data-align=\"center\">20T<\/td><\/tr><tr><td class=\"has-text-align-center\" data-align=\"center\">4T<\/td><td class=\"has-text-align-center\" data-align=\"center\">19<\/td><td class=\"has-text-align-center\" data-align=\"center\">4.5<\/td><td class=\"has-text-align-center\" data-align=\"center\">5400*2100*3900<\/td><td class=\"has-text-align-center\" data-align=\"center\">40T<\/td><\/tr><tr><td class=\"has-text-align-center\" data-align=\"center\">6T<\/td><td class=\"has-text-align-center\" data-align=\"center\">24<\/td><td class=\"has-text-align-center\" data-align=\"center\">5.3<\/td><td class=\"has-text-align-center\" data-align=\"center\">5600*2100*4300<\/td><td class=\"has-text-align-center\" data-align=\"center\">60T<\/td><\/tr><tr><td class=\"has-text-align-center\" data-align=\"center\">8T<\/td><td class=\"has-text-align-center\" data-align=\"center\">28<\/td><td class=\"has-text-align-center\" data-align=\"center\">6.5<\/td><td class=\"has-text-align-center\" data-align=\"center\">6000*2100*5800<\/td><td class=\"has-text-align-center\" data-align=\"center\">80T<\/td><\/tr><tr><td class=\"has-text-align-center\" data-align=\"center\">10T<\/td><td class=\"has-text-align-center\" data-align=\"center\">32<\/td><td class=\"has-text-align-center\" data-align=\"center\">7.4<\/td><td class=\"has-text-align-center\" data-align=\"center\">6200*2100*6400<\/td><td class=\"has-text-align-center\" data-align=\"center\">100T<\/td><\/tr><\/tbody><\/table><figcaption class=\"wp-element-caption\">Parametrar f\u00f6r enkel-bin cereal torkmaskiner<\/figcaption><\/figure>    <h2 class=\"wp-block-heading\"><strong>Faida za kikaukaji nafaka cha Taizy cha kubebeka<\/strong><\/h2>    <ul class=\"wp-block-list\"> <li><strong>Muda mrefu wa huduma<\/strong>: The dryer&#8217;s silo is made of stainless steel, which is rust-resistant, hard, and wear-resistant. It has a longer service life than dryers made of conventional materials.<\/li>    <li><strong>Maombi mapana<\/strong>: Ina programu nyingi, na nafaka zinazotumika ni pamoja na mahindi, ngano, maharagwe, mpunga, mtama, karanga, mbegu za mafuta, n.k.<\/li>    <li><strong>Rahisi kusonga<\/strong>: Kikaushio kinachobebeka ni rahisi kutumia na kinaweza kuvutwa kwa urahisi wa kusonga. Kisipotumiwa, kinaweza kuhamishiwa ndani ya ghala ili kulindwa na upepo na jua.<\/li>    <li><strong>Ufanisi wa juu<\/strong>: The <strong>mobile grain dryer<\/strong> inaonyesha ufanisi wa juu wa kukausha, ikiwa na uwezo wa tani 10-240 kwa saa 24.<\/li>    <li><strong>Dhamana baada ya mauzo<\/strong>: Mashine nzima huja na dhamana ya mwaka mmoja. Tunayo timu ya kitaalamu baada ya mauzo na usaidizi wa kiufundi, ikiwa ni pamoja na huduma za usakinishaji na uagizaji kwenye tovuti.<\/li>    <li><strong>Ushindani wa bei<\/strong>: Taizy hutengeneza na kuuza vikaushio vyake vinavyobebeka, kwa hivyo ina ushindani mkali wa bei sokoni.<\/li> <\/ul>   <div class=\"wp-block-image\"> <figure class=\"aligncenter size-full\"><img loading=\"lazy\" decoding=\"async\" width=\"720\" height=\"540\" src=\"https:\/\/corn-machines.com\/wp-content\/uploads\/2025\/08\/mobile-corn-dryer.webp\" alt=\"visning av mobil majsstork\" class=\"wp-image-709\" srcset=\"https:\/\/corn-machines.com\/wp-content\/uploads\/2025\/08\/mobile-corn-dryer.webp 720w, https:\/\/corn-machines.com\/wp-content\/uploads\/2025\/08\/mobile-corn-dryer-300x225.webp 300w, https:\/\/corn-machines.com\/wp-content\/uploads\/2025\/08\/mobile-corn-dryer-16x12.webp 16w\" sizes=\"auto, (max-width: 720px) 100vw, 720px\" \/><figcaption class=\"wp-element-caption\">mobil majsstork<\/figcaption><\/figure> <\/div>   <h2 class=\"wp-block-heading\"><strong>Muundo wa kikaukaji nafaka kiotomatiki<\/strong><\/h2>    <p class=\"translation-block\">Den <strong>mobila korntorken<\/strong> best\u00e5r av ett silo, stege, matningsport, torkare, cyklonavskiljare, torkare, kon, hjul och fl\u00e4kt. Blant dem \u00e4r siloet tillverkat av rostfritt st\u00e5l, vilket t\u00e5l regn, har h\u00f6g h\u00e5rdhet och \u00e4r starkt samt slitstarkt.<\/p>   <div class=\"wp-block-image\"> <figure class=\"aligncenter size-full\"><img loading=\"lazy\" decoding=\"async\" width=\"720\" height=\"540\" src=\"https:\/\/corn-machines.com\/wp-content\/uploads\/2025\/08\/the-structure-of-the-grain-drying-machine.webp\" alt=\"strukturen av spannm\u00e5lstorken\" class=\"wp-image-713\" srcset=\"https:\/\/corn-machines.com\/wp-content\/uploads\/2025\/08\/the-structure-of-the-grain-drying-machine.webp 720w, https:\/\/corn-machines.com\/wp-content\/uploads\/2025\/08\/the-structure-of-the-grain-drying-machine-300x225.webp 300w, https:\/\/corn-machines.com\/wp-content\/uploads\/2025\/08\/the-structure-of-the-grain-drying-machine-16x12.webp 16w\" sizes=\"auto, (max-width: 720px) 100vw, 720px\" \/><figcaption class=\"wp-element-caption\">strukturen av spannm\u00e5lstorken<\/figcaption><\/figure> <\/div>   <h2 class=\"wp-block-heading\"><strong>Matumizi ya mashine ya kukausha nafaka za mahindi<\/strong><\/h2>    <p class=\"translation-block\">The <strong>mobile grain dryer<\/strong> has a wide range of applications. It can dry grains such as wheat, corn, sorghum, soybeans, and millet. Our dryers use a hot air flow of vegetable oil to dry the grain, which does not damage the grain\u2019s quality or color.<\/p>   <div class=\"wp-block-image\"> <figure class=\"aligncenter size-full\"><img loading=\"lazy\" decoding=\"async\" width=\"720\" height=\"540\" src=\"https:\/\/corn-machines.com\/wp-content\/uploads\/2025\/08\/application-of-the-mobile-grain-dryer.webp\" alt=\"till\u00e4mpning av den mobila spannm\u00e5lstorken\" class=\"wp-image-707\" srcset=\"https:\/\/corn-machines.com\/wp-content\/uploads\/2025\/08\/application-of-the-mobile-grain-dryer.webp 720w, https:\/\/corn-machines.com\/wp-content\/uploads\/2025\/08\/application-of-the-mobile-grain-dryer-300x225.webp 300w, https:\/\/corn-machines.com\/wp-content\/uploads\/2025\/08\/application-of-the-mobile-grain-dryer-16x12.webp 16w\" sizes=\"auto, (max-width: 720px) 100vw, 720px\" \/><figcaption class=\"wp-element-caption\">till\u00e4mpning av spannm\u00e5lstorken<\/figcaption><\/figure> <\/div>   <h2 class=\"wp-block-heading\"><strong>Tofauti kati ya kikausha cha kubebeka na kikausha cha mnara<\/strong><\/h2>    <p>F\u00f6rdelen med en mobil spannm\u00e5lstork \u00e4r att den \u00e4r l\u00e4tt att anv\u00e4nda och flytta, och kan dras in i lagret n\u00e4r den inte anv\u00e4nds. Rostfritt st\u00e5l spannm\u00e5ls-silos r\u00e4dda inte f\u00f6r rost och har l\u00e5ga underh\u00e5llskostnader.<\/p>    <p class=\"translation-block\"><a href=\"https:\/\/corn-machines.com\/sw\/product\/grain-dryer\/\">Torn-torkare<\/a> tar upp mycket plats och \u00e4r bullriga. De exponeras f\u00f6r v\u00e4dret \u00e5ret runt, och deras \u00e5rliga underh\u00e5llskostnader \u00e4r h\u00f6gre \u00e4n f\u00f6r mobila torkare.<\/p>    <figure class=\"wp-block-table\"><table class=\"has-fixed-layout\"><tbody><tr><td class=\"has-text-align-center\" data-align=\"center\">typer<\/td><td class=\"has-text-align-center\" data-align=\"center\">Mobil spannm\u00e5lstork<\/td><td class=\"has-text-align-center\" data-align=\"center\">Tornspannm\u00e5lstork<\/td><\/tr><tr><td class=\"has-text-align-center\" data-align=\"center\">Ytarea<\/td><td class=\"has-text-align-center\" data-align=\"center\">Liten<\/td><td class=\"has-text-align-center\" data-align=\"center\">Stor<\/td><\/tr><tr><td class=\"has-text-align-center\" data-align=\"center\">Underh\u00e5llskostnader<\/td><td class=\"has-text-align-center\" data-align=\"center\">L\u00e5g<\/td><td class=\"has-text-align-center\" data-align=\"center\">H\u00f6g<\/td><\/tr><tr><td class=\"has-text-align-center\" data-align=\"center\">Ljudniv\u00e5<\/td><td class=\"has-text-align-center\" data-align=\"center\">L\u00e5g<\/td><td class=\"has-text-align-center\" data-align=\"center\">H\u00f6g<\/td><\/tr><tr><td class=\"has-text-align-center\" data-align=\"center\">R\u00f6rlighet<\/td><td class=\"has-text-align-center\" data-align=\"center\">L\u00e4tt<\/td><td class=\"has-text-align-center\" data-align=\"center\">Vanskligt<\/td><\/tr><\/tbody><\/table><figcaption class=\"wp-element-caption\"><strong>Skillnaden mellan mobila majs-torkar och tornspannm\u00e5lstorkar<\/strong><\/figcaption><\/figure>    <figure class=\"wp-block-gallery has-nested-images columns-default is-cropped wp-block-gallery-2 is-layout-flex wp-block-gallery-is-layout-flex\"> <figure class=\"wp-block-image size-full\"><img loading=\"lazy\" decoding=\"async\" width=\"720\" height=\"540\" data-id=\"715\" src=\"https:\/\/corn-machines.com\/wp-content\/uploads\/2025\/08\/the-tower-grain-dryer-1.webp\" alt=\"tornspannm\u00e5lstork\" class=\"wp-image-715\" srcset=\"https:\/\/corn-machines.com\/wp-content\/uploads\/2025\/08\/the-tower-grain-dryer-1.webp 720w, https:\/\/corn-machines.com\/wp-content\/uploads\/2025\/08\/the-tower-grain-dryer-1-300x225.webp 300w, https:\/\/corn-machines.com\/wp-content\/uploads\/2025\/08\/the-tower-grain-dryer-1-16x12.webp 16w\" sizes=\"auto, (max-width: 720px) 100vw, 720px\" \/><figcaption class=\"wp-element-caption\">tornspannm\u00e5lstorken<\/figcaption><\/figure>    <figure class=\"wp-block-image size-full\"><img loading=\"lazy\" decoding=\"async\" width=\"720\" height=\"540\" data-id=\"815\" src=\"https:\/\/corn-machines.com\/wp-content\/uploads\/2025\/08\/mobile-corn-drying-machine.webp\" alt=\"onyesho la mashine ya kukausha mahindi ya kubebeka\" class=\"wp-image-815\" srcset=\"https:\/\/corn-machines.com\/wp-content\/uploads\/2025\/08\/mobile-corn-drying-machine.webp 720w, https:\/\/corn-machines.com\/wp-content\/uploads\/2025\/08\/mobile-corn-drying-machine-300x225.webp 300w, https:\/\/corn-machines.com\/wp-content\/uploads\/2025\/08\/mobile-corn-drying-machine-16x12.webp 16w\" sizes=\"auto, (max-width: 720px) 100vw, 720px\" \/><figcaption class=\"wp-element-caption\">mashine ya kukausha mahindi ya kubebeka<\/figcaption><\/figure> <\/figure>    <h2 class=\"wp-block-heading\"><strong>Vikaukaji nafaka vya kubebeka vinagharimu kiasi gani?<\/strong><\/h2>    <p class=\"translation-block\">The price of a <strong>mobile grain dryer<\/strong> is influenced by various factors, including machine model, production capacity, burner type, and whether it\u2019s customizable.<\/p>    <p>Model och kapacitet: Majstorkar av olika modeller och kapaciteter har olika priser. Generellt sett \u00e4r st\u00f6rre och h\u00f6gre kapacitets torkare dyrare p\u00e5 grund av deras h\u00f6gre effektivitet och st\u00f6rre kapacitet.<\/p>    <p>Anpassning: Om en automatisk spannm\u00e5lstork kr\u00e4ver anpassning p\u00e5verkar det ocks\u00e5 priset. Ytterligare anpassningsalternativ, s\u00e5som h\u00e5llbara material f\u00f6r specialiserade milj\u00f6er, kan \u00f6ka priset.<\/p>   <div class=\"wp-block-image\"> <figure class=\"aligncenter size-full\"><img loading=\"lazy\" decoding=\"async\" width=\"720\" height=\"540\" src=\"https:\/\/corn-machines.com\/wp-content\/uploads\/2025\/08\/the-mobile-cereal-drying-machine.webp\" alt=\"den mobila spannm\u00e5lstorken\" class=\"wp-image-712\" srcset=\"https:\/\/corn-machines.com\/wp-content\/uploads\/2025\/08\/the-mobile-cereal-drying-machine.webp 720w, https:\/\/corn-machines.com\/wp-content\/uploads\/2025\/08\/the-mobile-cereal-drying-machine-300x225.webp 300w, https:\/\/corn-machines.com\/wp-content\/uploads\/2025\/08\/the-mobile-cereal-drying-machine-16x12.webp 16w\" sizes=\"auto, (max-width: 720px) 100vw, 720px\" \/><figcaption class=\"wp-element-caption\">den mobila spannm\u00e5lstorken<\/figcaption><\/figure> <\/div>   <h2 class=\"wp-block-heading\">FAQ om den mobila spannm\u00e5lstorken<\/h2>   <div id=\"rank-math-faq\" class=\"rank-math-block\"> <div class=\"rank-math-list\"> <div id=\"faq-question-1754355955598\" class=\"rank-math-list-item\"> <h3 class=\"rank-math-question\">Vilka \u00e4r f\u00f6rdelarna med rostfritt st\u00e5l?<\/h3> <div class=\"rank-math-answer\">  <p>F\u00f6rdelen med rostfritt st\u00e5l \u00e4r att n\u00e4r maskinen k\u00f6rs kommer vatten\u00e5nga ut. Rostfritt st\u00e5l \u00e4r inte r\u00e4dd f\u00f6r korrosion och kommer inte att f\u00e5 rostfl\u00e4ckar. \u00c4ven om maskinen st\u00e4lls undan efter anv\u00e4ndning i \u00e5r, \u00e4r den fortfarande anv\u00e4ndbar n\u00e4sta \u00e5r.<\/p>  <\/div> <\/div> <div id=\"faq-question-1754355991319\" class=\"rank-math-list-item\"> <h3 class=\"rank-math-question\">Vilka gr\u00f6dor kan torkas i den mobila spannm\u00e5lstorken? Vilka \u00e4r temperaturerna?<\/h3> <div class=\"rank-math-answer\">  <p>Den kan torka majs, vete, b\u00f6nor, ris, sorghum, rapsfr\u00f6, etc. Torktemperaturen \u00e4r f\u00f6ljande.<br \/>Majs: 100-140\u00b0C.<br \/>Vete: 80-90\u00b0C.<br \/>Ris: 60-70\u00b0C.<br \/>Sorghum: 100-140\u00b0C.<br \/>Rapsfr\u00f6: 100\u00b0C.<\/p>  <\/div> <\/div> <div id=\"faq-question-1754356184021\" class=\"rank-math-list-item\"> <h3 class=\"rank-math-question\">Vilka v\u00e4rmek\u00e4llor kan anv\u00e4ndas?<\/h3> <div class=\"rank-math-answer\">  <p>Sk\u00f6rdetorkmaskinen kan drivas av kol, olja, metanol, biomassa eller el.<\/p>  <\/div> <\/div> <div id=\"faq-question-1754356195689\" class=\"rank-math-list-item\"> <h3 class=\"rank-math-question\">Vad \u00e4r den mest kostnadseffektiva v\u00e4rmek\u00e4llan att anv\u00e4nda?<\/h3> <div class=\"rank-math-answer\">  <p>Kol \u00e4r billigast, kostar i genomsnitt 35-40 yuan per ton torkkol. El \u00e4r dyrast, och de flesta b\u00f6nder anv\u00e4nder den inte. Endast stora spannm\u00e5lsstationer g\u00f6r det, som anv\u00e4nder separata transformatorer och f\u00e5r statliga subventioner.<\/p>  <\/div> <\/div> <\/div> <\/div>   <h2 class=\"wp-block-heading\"><strong>Wasiliana nasi sasa\uff01<\/strong><\/h2>    <p>Oavsett om du \u00e4r en sm\u00e5brukare eller en stor spannm\u00e5ls-terminaloperat\u00f6r \u00e4r denna mobila gr\u00f6dk drying maskin s\u00e4ker p\u00e5 att m\u00f6ta dina behov. Dess \u00f6verl\u00e4gsna prestanda och dedikerade efterf\u00f6rs\u00e4ljningsteam har gjort den till ett popul\u00e4rt val \u00f6ver hela v\u00e4rlden. Om du har n\u00e5gra fr\u00e5gor, v\u00e4nligen kontakta oss idag!<\/p>","protected":false},"excerpt":{"rendered":"<p>Makala haya yanazungumzia zaidi kuhusu vipikaji nafaka vya simu za mkononi, ikijumuisha mifano yake, vipimo, matumizi, na faida zake. Yanatoa marejeleo muhimu kwa wateja wanaohitaji vipikaji.<\/p>","protected":false},"author":1,"featured_media":708,"parent":0,"template":"","tags":[42,52,53],"product-type":[6],"class_list":["post-706","product","type-product","status-publish","has-post-thumbnail","hentry","tag-corn","tag-grain","tag-grain-drying","product-type-grain-drying-machine"],"_links":{"self":[{"href":"https:\/\/corn-machines.com\/sw\/wp-json\/wp\/v2\/product\/706","targetHints":{"allow":["GET"]}}],"collection":[{"href":"https:\/\/corn-machines.com\/sw\/wp-json\/wp\/v2\/product"}],"about":[{"href":"https:\/\/corn-machines.com\/sw\/wp-json\/wp\/v2\/types\/product"}],"author":[{"embeddable":true,"href":"https:\/\/corn-machines.com\/sw\/wp-json\/wp\/v2\/users\/1"}],"wp:featuredmedia":[{"embeddable":true,"href":"https:\/\/corn-machines.com\/sw\/wp-json\/wp\/v2\/media\/708"}],"wp:attachment":[{"href":"https:\/\/corn-machines.com\/sw\/wp-json\/wp\/v2\/media?parent=706"}],"wp:term":[{"taxonomy":"post_tag","embeddable":true,"href":"https:\/\/corn-machines.com\/sw\/wp-json\/wp\/v2\/tags?post=706"},{"taxonomy":"product-type","embeddable":true,"href":"https:\/\/corn-machines.com\/sw\/wp-json\/wp\/v2\/product-type?post=706"}],"curies":[{"name":"[\"wp\"]","href":"https:\/\/api.w.org\/{rel}","templated":true}]}}