{"id":266,"date":"2022-09-13T09:31:15","date_gmt":"2022-09-13T09:31:15","guid":{"rendered":"https:\/\/corn-machines.com\/?post_type=product&#038;p=266"},"modified":"2024-11-28T18:01:38","modified_gmt":"2024-11-28T10:01:38","slug":"corn-grits-machine","status":"publish","type":"product","link":"https:\/\/corn-machines.com\/sw\/product\/corn-grits-machine\/","title":{"rendered":"Mashine ya nafaka ya nafaka | Mashine ya kusaga mahindi"},"content":{"rendered":"<p>Mashine ya ngano za mahindi inaweza kusindika punje za mahindi kuwa ngano za mahindi na unga wa mahindi, sehemu muhimu za mlo wa kila siku kutokana na urahisi wa matumizi na mmeng'enyo. Imewekwa na motors mbili kwa ajili ya kuondoa maganda na kutengeneza ngano kwa pamoja, ikiongeza uzalishaji. <\/p>    <p>Kwa hakika, mashine hii pia inaweza kusindika nafaka kama vile mtama, mchele, na sorghum, ikifanya kuwa chaguo linalofaa kwa usindikaji wa nafaka za kisasa. Uwiano wa bidhaa zilizokamilika zinazoweza kubadilishwa unachangia zaidi katika kubadilika kwake, ukiruhusu pato lililobinafsishwa. <\/p>    <p>Ikiwa na uwezo wa 350-400 kg\/h, mashine hii ni bora kwa warsha za kiwango kidogo na shughuli kubwa pia. Wasiliana nasi kwa maelezo zaidi!<\/p>    <figure class=\"wp-block-embed is-type-video is-provider-youtube wp-block-embed-youtube wp-embed-aspect-16-9 wp-has-aspect-ratio\"><div class=\"wp-block-embed__wrapper\"> <iframe loading=\"lazy\" title=\"Hur majsgryn g\u00f6rs: Inuti en maskin f\u00f6r att g\u00f6ra majsgryn! #majs #majs #jordbruk #agriculture\" width=\"500\" height=\"281\" src=\"https:\/\/www.youtube.com\/embed\/5sJZS_9UMKA?feature=oembed\" frameborder=\"0\" allow=\"accelerometer; autoplay; clipboard-write; encrypted-media; gyroscope; picture-in-picture; web-share\" referrerpolicy=\"strict-origin-when-cross-origin\" allowfullscreen><\/iframe> <\/div><figcaption class=\"wp-element-caption\">Video ya kazi ya mashine ya ngano za mahindi<\/figcaption><\/figure>    <h2 class=\"wp-block-heading\" id=\"h-wide-application-of-corn-grinding-machine\">Matumizi mapana ya mashine ya kusaga mahindi<\/h2>    <div class=\"wp-block-media-text is-stacked-on-mobile\"><figure class=\"wp-block-media-text__media\"><img loading=\"lazy\" decoding=\"async\" width=\"720\" height=\"540\" src=\"https:\/\/corn-machines.com\/wp-content\/uploads\/2022\/09\/maize-grinding-machine.webp\" alt=\"mashine ya kusaga mahindi\" class=\"wp-image-270 size-full\" srcset=\"https:\/\/corn-machines.com\/wp-content\/uploads\/2022\/09\/maize-grinding-machine.webp 720w, https:\/\/corn-machines.com\/wp-content\/uploads\/2022\/09\/maize-grinding-machine-300x225.webp 300w\" sizes=\"auto, (max-width: 720px) 100vw, 720px\" \/><\/figure><div class=\"wp-block-media-text__content\"> <ul class=\"wp-block-list\"> <li>Ngano za mahindi zinatengenezwa kwa kusindika punje za mahindi kupitia mashine ya ngano za mahindi, zikivunjwa kuwa chembe ndogo.<\/li>    <li>Mahindi yaliyosindika yanaweza pia kusagwa kuwa unga wa mahindi mzuri, kulingana na matumizi.<\/li>    <li>Ngano za mahindi hutumiwa mara nyingi katika uzalishaji wa chakula kutokana na kubadilika na manufaa ya lishe.<\/li>    <li>Zaidi ya hayo, ngano za mahindi zina matumizi katika sekta ya kemikali na dawa, ambapo hutumika kama malighafi kwa michakato mbalimbali.<\/li> <\/ul> <\/div><\/div>    <h2 class=\"wp-block-heading\" id=\"h-preparing-the-corn-for-grinding\">Kuandaa mahindi kwa ajili ya kusaga<\/h2>    <p>Kuondoa ganda kwa kutumia mvua ni njia bora ya kuondoa ganda la mahindi, na ni muhimu kudumisha kiwango cha unyevu wa mahindi chini ya 15%. Hapa kuna jinsi ya kufikia matokeo bora.<\/p>    <div class=\"wp-block-media-text has-media-on-the-right is-stacked-on-mobile\"><div class=\"wp-block-media-text__content\"> <ul class=\"wp-block-list\"> <li><strong>Marekebisho ya unyevu:<\/strong>  <ul class=\"wp-block-list\"> <li>Changanya sehemu 6 hadi 8 za maji na sehemu 100 za mahindi. Piga mchanganyiko vizuri ili kuhakikisha usambazaji sawa wa unyevu na kuondoa maji ya ziada.<\/li> <\/ul> <\/li>    <li><strong>Uendeshaji wa mashine:<\/strong> <ul class=\"wp-block-list\"> <li>Wakati wa masika na vuli, endesha mashine kwa dakika 5 hadi 6.<\/li>    <li>Katika baridi, ongeza muda wa kufanya kazi hadi dakika 10 hadi 12 kutokana na baridi.<\/li> <\/ul> <\/li> <\/ul> <\/div><figure class=\"wp-block-media-text__media\"><img loading=\"lazy\" decoding=\"async\" width=\"720\" height=\"540\" src=\"https:\/\/corn-machines.com\/wp-content\/uploads\/2022\/09\/raw-material.webp\" alt=\"malighafi\" class=\"wp-image-271 size-full\" srcset=\"https:\/\/corn-machines.com\/wp-content\/uploads\/2022\/09\/raw-material.webp 720w, https:\/\/corn-machines.com\/wp-content\/uploads\/2022\/09\/raw-material-300x225.webp 300w\" sizes=\"auto, (max-width: 720px) 100vw, 720px\" \/><\/figure><\/div>    <div class=\"wp-block-media-text is-stacked-on-mobile\"><figure class=\"wp-block-media-text__media\"><img loading=\"lazy\" decoding=\"async\" width=\"720\" height=\"540\" src=\"https:\/\/corn-machines.com\/wp-content\/uploads\/2022\/09\/finished-product.webp\" alt=\"bidhaa iliyokamilika ya mashine ya kusaga mahindi\" class=\"wp-image-272 size-full\" srcset=\"https:\/\/corn-machines.com\/wp-content\/uploads\/2022\/09\/finished-product.webp 720w, https:\/\/corn-machines.com\/wp-content\/uploads\/2022\/09\/finished-product-300x225.webp 300w\" sizes=\"auto, (max-width: 720px) 100vw, 720px\" \/><\/figure><div class=\"wp-block-media-text__content\"> <p class=\"translation-block\"><strong>Mashauri kwa uendeshaji wenye ufanisi:<\/strong><\/p>    <ul class=\"wp-block-list\"> <li>Ondoa visu vya mashine na urekebishe pengo la roller kuwa 3 hadi 5 mm kwa utendaji bora.<\/li>    <li>Vinginevyo, tumia wavu wa kukausha kuondoa unyevu wa ziada kutoka kwa mahindi kabla ya usindikaji.<\/li> <\/ul>    <p class=\"translation-block\"><strong>Uzalishaji wa <a href=\"https:\/\/en.wikipedia.org\/wiki\/Grits\" data-type=\"link\" data-id=\"https:\/\/en.wikipedia.org\/wiki\/Grits\" target=\"_blank\" rel=\"noopener\">ngano za mahindi<\/a><\/strong><br>Wakati wa mchakato wa uzalishaji wa ngano za mahindi, mashine inatenganisha pato katika aina tatu:<\/p>    <ul class=\"wp-block-list\"> <li>Unga wa mahindi<\/li>    <li>Ngano kubwa<\/li>    <li>Ngano za kati<\/li> <\/ul> <\/div><\/div>    <h2 class=\"wp-block-heading\" id=\"h-maize-grinding-machine-parameter\">Parameta za mashine ya kusaga mahindi<\/h2>    <figure class=\"wp-block-table\"><table><tbody><tr><td>Model<\/td><td>T1<\/td><\/tr><tr><td>Kuondoa maganda ya mahindi&nbsp;<\/td><td>350-450kg\/h<\/td><\/tr><tr><td>Kusaga ngano za mahindi&nbsp;<\/td><td>1000kg&nbsp;<\/td><\/tr><tr><td>Voltage iliyokadiriwa&nbsp;<\/td><td>380v&nbsp;<\/td><\/tr><tr><td>Power&nbsp;<\/td><td>7.5 kW 4 pole&nbsp;<\/td><\/tr><tr><td>Kusaga unga wa mahindi&nbsp;<\/td><td>350kg&nbsp;<\/td><\/tr><tr><td>Spindle speed&nbsp;<\/td><td>1150r\/min<\/td><\/tr><\/tbody><\/table><figcaption class=\"wp-element-caption\">parameta za mashine ya ngano za mahindi<\/figcaption><\/figure>    <figure class=\"wp-block-image size-full\"><img loading=\"lazy\" decoding=\"async\" width=\"720\" height=\"540\" src=\"https:\/\/corn-machines.com\/wp-content\/uploads\/2022\/09\/Maize-grinding-machine.webp\" alt=\"Mashine ya kusaga mahindi\" class=\"wp-image-273\" srcset=\"https:\/\/corn-machines.com\/wp-content\/uploads\/2022\/09\/Maize-grinding-machine.webp 720w, https:\/\/corn-machines.com\/wp-content\/uploads\/2022\/09\/Maize-grinding-machine-300x225.webp 300w\" sizes=\"auto, (max-width: 720px) 100vw, 720px\" \/><figcaption class=\"wp-element-caption\">Mashine ya kusaga mahindi kwa bei nzuri<\/figcaption><\/figure>    <h2 class=\"wp-block-heading\" id=\"h-the-process-of-making-corn-grits\">Mchakato wa kutengeneza ngano za mahindi<\/h2>    <h3 class=\"wp-block-heading\" id=\"h-peeled-part\">1. Sehemu iliyosafishwa<\/h3>    <div class=\"wp-block-media-text is-stacked-on-mobile\"><figure class=\"wp-block-media-text__media\"><img loading=\"lazy\" decoding=\"async\" width=\"720\" height=\"540\" src=\"https:\/\/corn-machines.com\/wp-content\/uploads\/2022\/09\/maize-grinding-machine-1.webp\" alt=\"mashine ya kusaga mahindi\" class=\"wp-image-275 size-full\" srcset=\"https:\/\/corn-machines.com\/wp-content\/uploads\/2022\/09\/maize-grinding-machine-1.webp 720w, https:\/\/corn-machines.com\/wp-content\/uploads\/2022\/09\/maize-grinding-machine-1-300x225.webp 300w\" sizes=\"auto, (max-width: 720px) 100vw, 720px\" \/><\/figure><div class=\"wp-block-media-text__content\"> <ul class=\"wp-block-list\"> <li><strong>Majani ya mahindi na bidhaa iliyomalizika<\/strong>. Majani ya mahindi yanachukua jukumu muhimu katika kuamua ubora wa unga wa mahindi na ni sehemu muhimu ya usindikaji wa mahindi kwa ujumla.<\/li>    <li><strong>Manufaa ya kuondoa ngozi ya mahindi<\/strong>. Ngozi huondoa alama nyeusi na mabaki kutoka kwa mahindi, kuboresha ubora wa bidhaa ya mwisho.<\/li>    <li><strong>Uso safi na laini<\/strong>. Uondoaji wa majani ya mahindi huhakikisha kuwa unga wa mahindi una uso safi na laini, kuboresha muonekano na muundo.<\/li> <\/ul> <\/div><\/div>    <h3 class=\"wp-block-heading\" id=\"h-broken-part\">2. Sehemu iliyovunjika<\/h3>    <div class=\"wp-block-media-text has-media-on-the-right is-stacked-on-mobile\"><div class=\"wp-block-media-text__content\"> <ul class=\"wp-block-list\"> <li><strong>Kazi ya kusaga mahindi<\/strong>. Sehemu ya kusaga mahindi imeundwa kuvunjavunja mbegu za mahindi kuwa chembe ndogo za ukubwa tofauti.<\/li>    <li><strong>Aina tatu za bidhaa zilizomalizika<\/strong>. Mashine inaweza kuzalisha aina tatu tofauti za bidhaa zilizomalizika: mbegu za mahindi, unga wa mahindi, na unga wa mahindi.<\/li>    <li><strong>Uwezo wa matumizi mbalimbali katika usindikaji<\/strong>. Uwezo wa kuunda bidhaa nyingi kutoka kwa mchakato mmoja huongeza ufanisi wa mashine ya usindikaji wa mahindi.<\/li> <\/ul> <\/div><figure class=\"wp-block-media-text__media\"><img loading=\"lazy\" decoding=\"async\" width=\"720\" height=\"540\" src=\"https:\/\/corn-machines.com\/wp-content\/uploads\/2022\/09\/maize-grinding-machine-2.webp\" alt=\"mashine ya kusaga mahindi\" class=\"wp-image-276 size-full\" srcset=\"https:\/\/corn-machines.com\/wp-content\/uploads\/2022\/09\/maize-grinding-machine-2.webp 720w, https:\/\/corn-machines.com\/wp-content\/uploads\/2022\/09\/maize-grinding-machine-2-300x225.webp 300w\" sizes=\"auto, (max-width: 720px) 100vw, 720px\" \/><\/figure><\/div>    <h2 class=\"wp-block-heading\" id=\"h-polished-part\">Muundo wa mashine ya ngano za mahindi<\/h2>    <div class=\"wp-block-media-text is-stacked-on-mobile\"><figure class=\"wp-block-media-text__media\"><img loading=\"lazy\" decoding=\"async\" width=\"720\" height=\"540\" src=\"https:\/\/corn-machines.com\/wp-content\/uploads\/2022\/09\/maize-grinding-machine-4.webp\" alt=\"mashine ya kusaga mahindi\" class=\"wp-image-278 size-full\" srcset=\"https:\/\/corn-machines.com\/wp-content\/uploads\/2022\/09\/maize-grinding-machine-4.webp 720w, https:\/\/corn-machines.com\/wp-content\/uploads\/2022\/09\/maize-grinding-machine-4-300x225.webp 300w\" sizes=\"auto, (max-width: 720px) 100vw, 720px\" \/><\/figure><div class=\"wp-block-media-text__content\"> <p>Mashine ya kutengeneza ngano za mahindi ina milango mitatu ya kutolea kwa buckle ya kulisha na lango la kutolea maganda ya mahindi.<\/p> <\/div><\/div>    <h2 class=\"wp-block-heading\" id=\"h-working-principle-of-corn-grits-machine\">Mashine ya ngano za mahindi inafanya kazi vipi?<\/h2>    <p>Mashine ya grit za mahindi ni mashine ya mchakato wa msingi inayoundwa kwa mahindi. Inachanganya mifumo kadhaa ili kufanya mchakato wa mbegu za mahindi kuwa na ufanisi katika kutengeneza bidhaa mbalimbali za mwisho. Hapa kuna muhtasari wa jinsi inavyofanya kazi:<\/p>    <figure class=\"wp-block-image\"><img loading=\"lazy\" decoding=\"async\" width=\"720\" height=\"540\" src=\"https:\/\/corn-machines.com\/wp-content\/uploads\/2022\/09\/maize-grinding-machine-3.webp\" alt=\"mashine ya kusaga mahindi\" class=\"wp-image-277\" srcset=\"https:\/\/corn-machines.com\/wp-content\/uploads\/2022\/09\/maize-grinding-machine-3.webp 720w, https:\/\/corn-machines.com\/wp-content\/uploads\/2022\/09\/maize-grinding-machine-3-300x225.webp 300w\" sizes=\"auto, (max-width: 720px) 100vw, 720px\" \/><\/figure>    <ul class=\"wp-block-list\"> <li><strong>Mfumo wa ngozi<\/strong>. Mbegu za mahindi huingia kwenye hopper, ambapo mchakato wa ngozi huanza. Kitovu cha propeller kinachozunguka huendesha mahindi kupitia mashine, kuruhusu uondoaji wa ngozi na vifaa vingine visivyohitajika.<\/li>    <li><strong>Mfumo wa kusaga<\/strong>. Wakati mahindi yanapitia chumba cha ngozi, ujazo wa chumba cha kazi hupunguzwa. Mzito huu wa ziada husaidia katika mchakato wa kusaga. Drum hugeuka na kuendesha mbegu, kuzipasua kuwa chembe ndogo.<\/li>    <li><strong>Mfumo wa uainishaji<\/strong>. Baada ya mchakato wa kusaga, mahindi yanapangwa kwa ukubwa tofauti, na kusababisha uzalishaji wa unga wa mahindi, mbegu za mahindi, na unga wa mahindi.<\/li>    <li><strong>Mfumo wa kuondoa vumbi<\/strong>. Mfumo wa kuondoa vumbi huhakikisha kuwa hewa ndani ya mashine inabaki safi na kwamba bidhaa ya mwisho haina vumbi kupita kiasi.<\/li> <\/ul>    <p>Kwa kuingiza mifumo hii, mashine ya ngano za mahindi inabadilisha mahindi safi kuwa bidhaa mbalimbali zilizoshughulikiwa kwa ufanisi mkubwa.<\/p>    <figure class=\"wp-block-gallery has-nested-images columns-default is-cropped wp-block-gallery-2 is-layout-flex wp-block-gallery-is-layout-flex\"> <figure class=\"wp-block-image size-large\"><img loading=\"lazy\" decoding=\"async\" width=\"720\" height=\"540\" data-id=\"280\" src=\"https:\/\/corn-machines.com\/wp-content\/uploads\/2022\/09\/maize-grinding-machine-5.webp\" alt=\"Bei ya mashine ya ngano za mahindi\" class=\"wp-image-280\" srcset=\"https:\/\/corn-machines.com\/wp-content\/uploads\/2022\/09\/maize-grinding-machine-5.webp 720w, https:\/\/corn-machines.com\/wp-content\/uploads\/2022\/09\/maize-grinding-machine-5-300x225.webp 300w\" sizes=\"auto, (max-width: 720px) 100vw, 720px\" \/><figcaption class=\"wp-element-caption\">Bei ya mashine ya ngano za mahindi<\/figcaption><\/figure>    <figure class=\"wp-block-image size-large\"><img loading=\"lazy\" decoding=\"async\" width=\"720\" height=\"540\" data-id=\"281\" src=\"https:\/\/corn-machines.com\/wp-content\/uploads\/2022\/09\/maize-grinding-machine-products.webp\" alt=\"bidhaa za mashine ya kusaga mahindi\" class=\"wp-image-281\" srcset=\"https:\/\/corn-machines.com\/wp-content\/uploads\/2022\/09\/maize-grinding-machine-products.webp 720w, https:\/\/corn-machines.com\/wp-content\/uploads\/2022\/09\/maize-grinding-machine-products-300x225.webp 300w\" sizes=\"auto, (max-width: 720px) 100vw, 720px\" \/><figcaption class=\"wp-element-caption\">bidhaa za mashine ya kusaga mahindi<\/figcaption><\/figure> <\/figure>    <h2 class=\"wp-block-heading\" id=\"h-corn-grits-machine-advantage\">Manufaa ya mashine ya kutengeneza ngano za mahindi<\/h2>    <ul class=\"wp-block-list\"> <li><strong>Matokeo safi, ya ubora wa juu.<\/strong> Mashine huondoa alama nyeusi na uchafu kwa ufanisi, kuhakikisha unga safi wa mahindi na unga wa ubora wa juu.<\/li>    <li><strong>Uendeshaji wa matumizi mbalimbali.<\/strong> Inaweza kusindika mahindi mabichi na yaliyosafishwa, ikitoa ufanisi kwa mahitaji tofauti ya uzalishaji.<\/li>    <li><strong>Urefu wa unga na viwango vinavyoweza kubadilishwa.<\/strong> The machine allows for easy adjustments of the grits&#8217; fineness and the grits-to-cornmeal ratio to meet specific requirements.<\/li>    <li><strong>Uondoaji wa uchafu kwa ufanisi.<\/strong> Muundo wa kipekee huongeza kasi ya kuondoa uchafu, kuboresha kasi na utendaji wa usindikaji.<\/li>    <li><strong>Ufuatiliaji wa wakati halisi.<\/strong> Mfumo wa sasa wa kuonyesha unawezesha ufuatiliaji wa shinikizo la ndani na ufanisi wa ngozi, kuhakikisha utendaji bora.<\/li>    <li><strong>Marekebisho ya moja kwa moja kwa ufanisi.<\/strong> Mifumo ya marekebisho ya moja kwa moja na usambazaji wa nguvu huweka mashine katika hali yake bora ya kufanya kazi, kupunguza uingiliaji wa binadamu.<\/li>    <li><strong>Usindikaji wa nafaka nyingi.<\/strong> Inaweza pia kusindika mchele, ngano, na mtama, ikipanua ufanisi wake kwa nafaka mbalimbali.<\/li>    <li><strong>Kuokoa muda na kazi.<\/strong> Imeundwa kuboresha ufanisi, mashine hupunguza kazi na muda wa usindikaji huku ikihakikisha usafi wa hali ya juu na rangi angavu ya bidhaa.<\/li> <\/ul>    <figure class=\"wp-block-gallery has-nested-images columns-default is-cropped wp-block-gallery-3 is-layout-flex wp-block-gallery-is-layout-flex\"> <figure class=\"wp-block-image size-large\"><img loading=\"lazy\" decoding=\"async\" width=\"720\" height=\"540\" data-id=\"282\" src=\"https:\/\/corn-machines.com\/wp-content\/uploads\/2022\/09\/Corn-grits-making-machine.webp\" alt=\"Mashine ya mahindi\" class=\"wp-image-282\" srcset=\"https:\/\/corn-machines.com\/wp-content\/uploads\/2022\/09\/Corn-grits-making-machine.webp 720w, https:\/\/corn-machines.com\/wp-content\/uploads\/2022\/09\/Corn-grits-making-machine-300x225.webp 300w\" sizes=\"auto, (max-width: 720px) 100vw, 720px\" \/><figcaption class=\"wp-element-caption\">Mashine ya mahindi<\/figcaption><\/figure> <\/figure>    <h2 class=\"wp-block-heading\" id=\"h-operation-method-and-steps-of-corn-grits-making-machine\">Jinsi ya kutumia mashine ya kutengeneza unga wa mahindi?<\/h2>    <ul class=\"wp-block-list\"> <li><strong>Mimina mahindi.<\/strong> Ongeza takriban sehemu 3 za maji kwa kila sehemu 100 za mahindi na acha ikaa kwa takriban dakika 10.<\/li>    <li><strong>Pakia mahindi kwenye chumba cha ngozi.<\/strong> Baada ya kuinyunyiza maji, mimina mahindi kwenye chumba cha ngozi, rekebisha mkono wa shinikizo la ngozi, na fungua chumba cha kuingiza ili kuanza.<\/li>    <li><strong>Mchakato wa ngozi.<\/strong> Mahindi yaliyotolewa ngozi yataondolewa kutoka kwa lango la mbele, wakati majani na uchafu mwingine utashuka kwa asili kutoka kwa lango la nyuma la kuondoa.<\/li>    <li><strong>Kusaga mahindi.<\/strong> Hamisha mahindi yaliyotolewa ngozi hadi kwenye chumba cha kusaga, rekebisha mkono wa kusaga kwa ukubwa wa chembe unayotaka.<\/li>    <li><strong>Kusafirisha bidhaa iliyomalizika.<\/strong> Mashine itazalisha aina tatu za gramu: unga mkubwa, unga mdogo, na unga wa mahindi. Hizi zitachukuliwa kupitia lango la kutoa.<\/li> <\/ul>    <figure class=\"wp-block-gallery has-nested-images columns-default is-cropped wp-block-gallery-4 is-layout-flex wp-block-gallery-is-layout-flex\"> <figure class=\"wp-block-image size-large\"><img loading=\"lazy\" decoding=\"async\" width=\"720\" height=\"540\" data-id=\"279\" src=\"https:\/\/corn-machines.com\/wp-content\/uploads\/2022\/09\/maize-grinding-machine-facrory.webp\" alt=\"kiwanda cha mashine ya ngano za mahindi\" class=\"wp-image-279\" srcset=\"https:\/\/corn-machines.com\/wp-content\/uploads\/2022\/09\/maize-grinding-machine-facrory.webp 720w, https:\/\/corn-machines.com\/wp-content\/uploads\/2022\/09\/maize-grinding-machine-facrory-300x225.webp 300w\" sizes=\"auto, (max-width: 720px) 100vw, 720px\" \/><figcaption class=\"wp-element-caption\">kiwanda cha mashine ya ngano za mahindi<\/figcaption><\/figure> <\/figure>    <h2 class=\"wp-block-heading\">Wekeza katika mashine yetu ya ngano za mahindi<\/h2>    <div class=\"wp-block-media-text is-stacked-on-mobile\"><figure class=\"wp-block-media-text__media\"><img loading=\"lazy\" decoding=\"async\" width=\"750\" height=\"482\" src=\"https:\/\/corn-machines.com\/wp-content\/uploads\/2022\/09\/corn-grits-machine.webp\" alt=\"mashine ya ngano za mahindi\" class=\"wp-image-269 size-full\" srcset=\"https:\/\/corn-machines.com\/wp-content\/uploads\/2022\/09\/corn-grits-machine.webp 750w, https:\/\/corn-machines.com\/wp-content\/uploads\/2022\/09\/corn-grits-machine-300x193.webp 300w\" sizes=\"auto, (max-width: 750px) 100vw, 750px\" \/><\/figure><div class=\"wp-block-media-text__content\"> <ul class=\"wp-block-list\"> <li><strong>Utendaji wa kipekee.<\/strong> Imetengenezwa kwa ustadi wa hali ya juu na teknolojia ya kisasa kwa ufanisi wa operesheni.<\/li>    <li><strong>Ubunifu unaoendelea.<\/strong> Daima tunaboresha mashine zetu ili kuongeza ufanisi wa uzalishaji na ubora wa bidhaa.<\/li>    <li><strong>Suluhisho la kuaminika.<\/strong> Mashine imara inayounga mkono ukuaji wa biashara kwa kusaga kwa utulivu na ubora wa juu.<\/li>    <li><strong>Msaada unaolenga kwa mteja.<\/strong> Tunatoa huduma ya baada ya mauzo kwa umakini ili kuhakikisha kuridhika na msaada unaoendelea.<\/li> <\/ul> <\/div><\/div>    <h2 class=\"wp-block-heading\"><a href=\"https:\/\/corn-machines.com\/sw\/contact-us\/\" data-type=\"link\" data-id=\"https:\/\/corn-machines.com\/contact-us\/\">Kontakta oss<\/a><\/h2>    <p>Usisite kuwasiliana na timu yetu ya mauzo kwa maelezo ya kina na suluhisho za kibinafsi. Tunatarajia kushirikiana nawe kufikia mafanikio!<\/p>","protected":false},"excerpt":{"rendered":"<p>Mashine ya ngano za mahindi inaweza kusindika punje za mahindi kuwa ngano za mahindi na unga wa mahindi, sehemu muhimu za mlo wa kila siku kutokana na urahisi wa matumizi na mmeng'enyo. <\/p>","protected":false},"author":1,"featured_media":268,"parent":0,"template":"","tags":[23,24,31],"product-type":[5],"class_list":["post-266","product","type-product","status-publish","has-post-thumbnail","hentry","tag-corn-grain-mill-machine","tag-corn-grits-machine","tag-corn-milling-machine","product-type-maize-grits-milling-machine"],"_links":{"self":[{"href":"https:\/\/corn-machines.com\/sw\/wp-json\/wp\/v2\/product\/266","targetHints":{"allow":["GET"]}}],"collection":[{"href":"https:\/\/corn-machines.com\/sw\/wp-json\/wp\/v2\/product"}],"about":[{"href":"https:\/\/corn-machines.com\/sw\/wp-json\/wp\/v2\/types\/product"}],"author":[{"embeddable":true,"href":"https:\/\/corn-machines.com\/sw\/wp-json\/wp\/v2\/users\/1"}],"wp:featuredmedia":[{"embeddable":true,"href":"https:\/\/corn-machines.com\/sw\/wp-json\/wp\/v2\/media\/268"}],"wp:attachment":[{"href":"https:\/\/corn-machines.com\/sw\/wp-json\/wp\/v2\/media?parent=266"}],"wp:term":[{"taxonomy":"post_tag","embeddable":true,"href":"https:\/\/corn-machines.com\/sw\/wp-json\/wp\/v2\/tags?post=266"},{"taxonomy":"product-type","embeddable":true,"href":"https:\/\/corn-machines.com\/sw\/wp-json\/wp\/v2\/product-type?post=266"}],"curies":[{"name":"[\"wp\"]","href":"https:\/\/api.w.org\/{rel}","templated":true}]}}