{"id":235,"date":"2022-09-09T08:12:05","date_gmt":"2022-09-09T08:12:05","guid":{"rendered":"https:\/\/corn-machines.com\/?post_type=product&#038;p=235"},"modified":"2024-04-07T14:47:24","modified_gmt":"2024-04-07T06:47:24","slug":"corn-grain-mill-machine","status":"publish","type":"product","link":"https:\/\/corn-machines.com\/sw\/product\/corn-grain-mill-machine\/","title":{"rendered":"Mashine ya kusaga nafaka ya nafaka | Mashine ya kusaga unga wa mahindi"},"content":{"rendered":"<p>Mashine ya kusaga nafaka za mahindi ni mashine inayotumika kusaga nafaka kuwa unga. Mahindi ni malighafi inayoshughulikiwa mara kwa mara, na inaweza kusindika kuwa unga wa 0.2-8mm wa ultra-fine. Mashine za kusaga mahindi zinatumika sana katika sekta ya usindikaji wa chakula na sekta ya dawa. <\/p>    <p class=\"translation-block\">Mashine hii ya kusaga mahindi inaweza kutumia injini za dizeli, motors za umeme, na injini za petroli. Mbali na mashine hii ndogo ya kusaga mahindi, pia kuna <a href=\"https:\/\/corn-machines.com\/sw\/product\/corn-grits-machine\/\" data-type=\"URL\" data-id=\"https:\/\/corn-machines.com\/product\/corn-grits-machine\/\">mashine kubwa za kusaga mahindi<\/a>.<\/p>    <figure class=\"wp-block-embed is-type-video is-provider-youtube wp-block-embed-youtube wp-embed-aspect-16-9 wp-has-aspect-ratio\"><div class=\"wp-block-embed__wrapper\"> <iframe loading=\"lazy\" title=\"What is a corn crusher? | corn grain mill machine | maize flour making machine | corn milling\" width=\"500\" height=\"281\" src=\"https:\/\/www.youtube.com\/embed\/gNReEaxFyno?feature=oembed\" frameborder=\"0\" allow=\"accelerometer; autoplay; clipboard-write; encrypted-media; gyroscope; picture-in-picture; web-share\" referrerpolicy=\"strict-origin-when-cross-origin\" allowfullscreen><\/iframe> <\/div><figcaption class=\"wp-element-caption\">mashine ya kusaga mahindi ya aina ya kunyonya kiotomatiki<\/figcaption><\/figure>    <h2 class=\"wp-block-heading\" id=\"h-raw-materials-for-corn-grain-mill-machine\">Malighafi za mashine ya kusaga nafaka za mahindi<\/h2>    <figure class=\"wp-block-gallery has-nested-images columns-default is-cropped wp-block-gallery-2 is-layout-flex wp-block-gallery-is-layout-flex\"> <figure class=\"wp-block-image size-large\"><img loading=\"lazy\" decoding=\"async\" width=\"720\" height=\"540\" data-id=\"258\" src=\"https:\/\/corn-machines.com\/wp-content\/uploads\/2022\/09\/corn-grain-mill-machine-raw-material.webp\" alt=\"malighafi ya mashine ya kusaga nafaka za mahindi\" class=\"wp-image-258\" srcset=\"https:\/\/corn-machines.com\/wp-content\/uploads\/2022\/09\/corn-grain-mill-machine-raw-material.webp 720w, https:\/\/corn-machines.com\/wp-content\/uploads\/2022\/09\/corn-grain-mill-machine-raw-material-300x225.webp 300w\" sizes=\"auto, (max-width: 720px) 100vw, 720px\" \/><figcaption class=\"wp-element-caption\">malighafi ya mashine ya kusaga nafaka za mahindi<\/figcaption><\/figure>    <figure class=\"wp-block-image size-large\"><img loading=\"lazy\" decoding=\"async\" width=\"720\" height=\"540\" data-id=\"260\" src=\"https:\/\/corn-machines.com\/wp-content\/uploads\/2022\/09\/corn-flour.webp\" alt=\"unga wa mahindi\" class=\"wp-image-260\" srcset=\"https:\/\/corn-machines.com\/wp-content\/uploads\/2022\/09\/corn-flour.webp 720w, https:\/\/corn-machines.com\/wp-content\/uploads\/2022\/09\/corn-flour-300x225.webp 300w\" sizes=\"auto, (max-width: 720px) 100vw, 720px\" \/><figcaption class=\"wp-element-caption\">unga wa mahindi<\/figcaption><\/figure> <\/figure>    <p>Ufanisi huu unafanya mashine ya kusaga mahindi kuwa chombo kisichoweza kukosa katika sekta ya usindikaji wa nafaka. Iwe unashughulikia mahindi, ngano, soya, pilipili kavu, sorghum, vifaa vya dawa, au malighafi nyingine, au kusaga madini yasiyo na ugumu kama vile gypsum, poda ya talcum, ardhi nadra, kemikali, na udongo, inafanya kazi bila shida. <\/p>    <p>Iwe unahitaji kuzalisha chakula, dawa, au bidhaa za kemikali, mashine ya kusaga mahindi inaweza kutoa suluhisho za usindikaji zinazoweza kuaminika, ikisaga nafaka na mimea kuwa unga mzuri ili kukidhi mahitaji yako mbalimbali.<\/p>    <h2 class=\"wp-block-heading\" id=\"h-structure-of-corn-mill-machine\">Muundo wa mashine ya kusaga mahindi<\/h2>    <figure class=\"wp-block-gallery has-nested-images columns-default is-cropped wp-block-gallery-3 is-layout-flex wp-block-gallery-is-layout-flex\"> <figure class=\"wp-block-image size-large\"><img loading=\"lazy\" decoding=\"async\" width=\"720\" height=\"540\" data-id=\"246\" src=\"https:\/\/corn-machines.com\/wp-content\/uploads\/2022\/09\/Structure-of-corn-mill-machine-3.webp\" alt=\"Muundo wa mashine ya kusaga mahindi \" class=\"wp-image-246\" srcset=\"https:\/\/corn-machines.com\/wp-content\/uploads\/2022\/09\/Structure-of-corn-mill-machine-3.webp 720w, https:\/\/corn-machines.com\/wp-content\/uploads\/2022\/09\/Structure-of-corn-mill-machine-3-300x225.webp 300w\" sizes=\"auto, (max-width: 720px) 100vw, 720px\" \/><figcaption class=\"wp-element-caption\">Muundo wa mashine ya kusaga mahindi <\/figcaption><\/figure>    <figure class=\"wp-block-image size-large\"><img loading=\"lazy\" decoding=\"async\" width=\"720\" height=\"540\" data-id=\"242\" src=\"https:\/\/corn-machines.com\/wp-content\/uploads\/2022\/09\/Structure-of-corn-mill-machine-1.webp\" alt=\"Muundo wa mashine ya kusaga mahindi\" class=\"wp-image-242\" srcset=\"https:\/\/corn-machines.com\/wp-content\/uploads\/2022\/09\/Structure-of-corn-mill-machine-1.webp 720w, https:\/\/corn-machines.com\/wp-content\/uploads\/2022\/09\/Structure-of-corn-mill-machine-1-300x225.webp 300w\" sizes=\"auto, (max-width: 720px) 100vw, 720px\" \/><figcaption class=\"wp-element-caption\">Muundo wa mashine ya kusaga mahindi <\/figcaption><\/figure>    <figure class=\"wp-block-image size-large\"><img loading=\"lazy\" decoding=\"async\" width=\"720\" height=\"540\" data-id=\"245\" src=\"https:\/\/corn-machines.com\/wp-content\/uploads\/2022\/09\/Structure-of-corn-mill-machine-2.webp\" alt=\"Muundo wa mashine ya kusaga mahindi \" class=\"wp-image-245\" srcset=\"https:\/\/corn-machines.com\/wp-content\/uploads\/2022\/09\/Structure-of-corn-mill-machine-2.webp 720w, https:\/\/corn-machines.com\/wp-content\/uploads\/2022\/09\/Structure-of-corn-mill-machine-2-300x225.webp 300w\" sizes=\"auto, (max-width: 720px) 100vw, 720px\" \/><figcaption class=\"wp-element-caption\">Muundo wa mashine ya kusaga mahindi <\/figcaption><\/figure> <\/figure>    <p>Kikataji cha kuchoma kinajumuisha sehemu sita: mwili wa juu, kifuniko, mkusanyiko wa rotor, skrini, kifaa cha kulisha, na fremu. <\/p>    <p>Mwili na mkusanyiko wa rotor kwa pamoja huunda chumba cha kusaga, na mkusanyiko wa rotor unakuwa sehemu kuu ya kazi. Kusaga kwa malighafi hufanyika katika chumba cha kusaga. <\/p>    <p>Mashine yetu ya kusaga mahindi inaweza kuzalisha unga wa mahindi wa 0.2-8mm, na unga wa mahindi wa kiwango tofauti unaundwa na skrini tofauti.<\/p>    <h2 class=\"wp-block-heading\" id=\"h-two-types-of-maize-flour-mill-machine\">Aina Mbili za mashine ya kusaga unga wa mahindi<\/h2>    <figure class=\"wp-block-gallery has-nested-images columns-default is-cropped wp-block-gallery-4 is-layout-flex wp-block-gallery-is-layout-flex\"> <figure class=\"wp-block-image size-large\"><img loading=\"lazy\" decoding=\"async\" width=\"720\" height=\"540\" data-id=\"243\" src=\"https:\/\/corn-machines.com\/wp-content\/uploads\/2022\/09\/maize-flour-mill-machine.webp\" alt=\"mashine ya kusaga unga wa mahindi\" class=\"wp-image-243\" srcset=\"https:\/\/corn-machines.com\/wp-content\/uploads\/2022\/09\/maize-flour-mill-machine.webp 720w, https:\/\/corn-machines.com\/wp-content\/uploads\/2022\/09\/maize-flour-mill-machine-300x225.webp 300w\" sizes=\"auto, (max-width: 720px) 100vw, 720px\" \/><figcaption class=\"wp-element-caption\">mashine ya kusaga unga wa mahindi<\/figcaption><\/figure>    <figure class=\"wp-block-image size-large\"><img loading=\"lazy\" decoding=\"async\" width=\"720\" height=\"540\" data-id=\"244\" src=\"https:\/\/corn-machines.com\/wp-content\/uploads\/2022\/09\/maize-flour-mill-machine-1.webp\" alt=\"mashine ya kusaga unga wa mahindi\" class=\"wp-image-244\" srcset=\"https:\/\/corn-machines.com\/wp-content\/uploads\/2022\/09\/maize-flour-mill-machine-1.webp 720w, https:\/\/corn-machines.com\/wp-content\/uploads\/2022\/09\/maize-flour-mill-machine-1-300x225.webp 300w\" sizes=\"auto, (max-width: 720px) 100vw, 720px\" \/><figcaption class=\"wp-element-caption\">mashine ya kusaga unga wa mahindi<\/figcaption><\/figure> <\/figure>    <p>Kazi za mashine zote mbili ni sawa, zikijitofautisha tu katika mitindo yao ya kulisha. Mfano mmoja unatoa kulisha ya kujitegemea na kiotomatiki, ukitoa urahisi zaidi. <\/p>    <p>Kinyume chake, kingine kinahitaji kulishwa kwa mikono, kikihitaji watumiaji kusambaza mahindi sawasawa moja kwa moja kwenye mashine kwa kasi iliyodhibitiwa. Baada ya usanidi, watumiaji huunganisha tu chombo kwenye sehemu ya kutolea ya mashine ili kukusanya nyenzo iliyochakatwa kwa ufanisi. <\/p>    <p>Ingawa njia za kulisha na kutolea zinatofautiana kati ya mashine hizo mbili, kazi zao kuu zinabaki kuwa sawa.<\/p>    <h2 class=\"wp-block-heading\" id=\"h-how-a-corn-grain-mill-machine-works\">Mashine ya kusaga nafaka za mahindi inafanya kazi vipi?<\/h2>    <p>Wakati wa operesheni, nyenzo inayokusudiwa kwa usindikaji huingia kwenye chumba cha kusagwa kupitia hopper, ambapo hukutana na sehemu zinazozunguka kwa kasi kubwa ambazo huanzisha mchakato wa kusagwa huku zikiongoza upya mwelekeo wa nyenzo. <\/p>    <figure class=\"wp-block-gallery has-nested-images columns-default is-cropped wp-block-gallery-5 is-layout-flex wp-block-gallery-is-layout-flex\"> <figure class=\"wp-block-image size-large\"><img loading=\"lazy\" decoding=\"async\" width=\"720\" height=\"540\" data-id=\"247\" src=\"https:\/\/corn-machines.com\/wp-content\/uploads\/2022\/09\/corn-grain-mill-machine-working.webp\" alt=\"mashine ya kusaga nafaka za mahindi inafanya kazi\" class=\"wp-image-247\" srcset=\"https:\/\/corn-machines.com\/wp-content\/uploads\/2022\/09\/corn-grain-mill-machine-working.webp 720w, https:\/\/corn-machines.com\/wp-content\/uploads\/2022\/09\/corn-grain-mill-machine-working-300x225.webp 300w\" sizes=\"auto, (max-width: 720px) 100vw, 720px\" \/><figcaption class=\"wp-element-caption\">mashine ya kusaga nafaka za mahindi inafanya kazi<\/figcaption><\/figure>    <figure class=\"wp-block-image size-large\"><img loading=\"lazy\" decoding=\"async\" width=\"720\" height=\"540\" data-id=\"248\" src=\"https:\/\/corn-machines.com\/wp-content\/uploads\/2022\/09\/corn-grain-mill-machine-working-1.webp\" alt=\"mashine ya kusaga nafaka za mahindi inafanya kazi\" class=\"wp-image-248\" srcset=\"https:\/\/corn-machines.com\/wp-content\/uploads\/2022\/09\/corn-grain-mill-machine-working-1.webp 720w, https:\/\/corn-machines.com\/wp-content\/uploads\/2022\/09\/corn-grain-mill-machine-working-1-300x225.webp 300w\" sizes=\"auto, (max-width: 720px) 100vw, 720px\" \/><figcaption class=\"wp-element-caption\">mashine ya kusaga nafaka za mahindi inafanya kazi<\/figcaption><\/figure>    <figure class=\"wp-block-image size-large\"><img loading=\"lazy\" decoding=\"async\" width=\"720\" height=\"540\" data-id=\"249\" src=\"https:\/\/corn-machines.com\/wp-content\/uploads\/2022\/09\/corn-grain-mill-machine-working-2.webp\" alt=\"mashine ya kusaga nafaka za mahindi inafanya kazi\" class=\"wp-image-249\" srcset=\"https:\/\/corn-machines.com\/wp-content\/uploads\/2022\/09\/corn-grain-mill-machine-working-2.webp 720w, https:\/\/corn-machines.com\/wp-content\/uploads\/2022\/09\/corn-grain-mill-machine-working-2-300x225.webp 300w\" sizes=\"auto, (max-width: 720px) 100vw, 720px\" \/><figcaption class=\"wp-element-caption\">mashine ya kusaga nafaka za mahindi inafanya kazi<\/figcaption><\/figure>    <figure class=\"wp-block-image size-large\"><img loading=\"lazy\" decoding=\"async\" width=\"720\" height=\"540\" data-id=\"250\" src=\"https:\/\/corn-machines.com\/wp-content\/uploads\/2022\/09\/corn-grain-mill-machine-working-3.webp\" alt=\"mashine ya kusaga nafaka za mahindi inafanya kazi\" class=\"wp-image-250\" srcset=\"https:\/\/corn-machines.com\/wp-content\/uploads\/2022\/09\/corn-grain-mill-machine-working-3.webp 720w, https:\/\/corn-machines.com\/wp-content\/uploads\/2022\/09\/corn-grain-mill-machine-working-3-300x225.webp 300w\" sizes=\"auto, (max-width: 720px) 100vw, 720px\" \/><figcaption class=\"wp-element-caption\">mashine ya kusaga unga wa mahindi inafanya kazi<\/figcaption><\/figure> <\/figure>    <p>Kugeuka kwa kasi kunaondoa kuweka kwa tabaka za malighafi, ikiruhusu kuhamasika kwake pamoja na rotor. Katika mchakato huu, chembe hufanyiwa mgongano wa mara kwa mara na vipengele vya kazi na kila mmoja, polepole kupunguza ukubwa wao hadi wapite kwenye mashimo ya skrini.<\/p>    <p>Chini ya ushawishi wa nguvu ya sentripetal na hewa, chembe zinakandamizwa zaidi. Hatimaye, malighafi inapita kwenye mashimo ya skrini, inaingia kwenye chumba cha kusaga, na kutoka kwenye bandari ya kutolea. <\/p>    <p>Ukali wa kusaga katika mashine kama hizi unategemea ukubwa wa mashimo ya skrini, ikiruhusu watumiaji kuchagua skrini kulingana na mahitaji yao ya ukubwa wa chembe kwa ajili ya chakula.<\/p>    <h2 class=\"wp-block-heading\" id=\"h-maize-flour-mill-machine-parameter\">Parameta za mashine ya kusaga unga wa mahindi<\/h2>    <h3 class=\"wp-block-heading\" id=\"h-auxiliary-feeding-corn-mill-machine\">Mashine ya kusaga mahindi yenye chakula cha ziada<\/h3>    <figure class=\"wp-block-image size-full\"><img loading=\"lazy\" decoding=\"async\" width=\"720\" height=\"540\" src=\"https:\/\/corn-machines.com\/wp-content\/uploads\/2022\/09\/corn-mill-machine.webp\" alt=\"mashine ya kusaga mahindi\" class=\"wp-image-252\" srcset=\"https:\/\/corn-machines.com\/wp-content\/uploads\/2022\/09\/corn-mill-machine.webp 720w, https:\/\/corn-machines.com\/wp-content\/uploads\/2022\/09\/corn-mill-machine-300x225.webp 300w\" sizes=\"auto, (max-width: 720px) 100vw, 720px\" \/><figcaption class=\"wp-element-caption\">mashine ya kusaga mahindi<\/figcaption><\/figure>    <figure class=\"wp-block-table\"><table><tbody><tr><td>Model<\/td><td>9FZ-45<\/td><\/tr><tr><td>Kasi ya kuzunguka<\/td><td>3200r\/min<\/td><\/tr><tr><td>Kipenyo cha rotor<\/td><td>450mm<\/td><\/tr><tr><td>Kipenyo cha pete ya skrini<\/td><td>508mm<\/td><\/tr><tr><td>Ukubwa wa skrini (mm)<\/td><td>1600\u00d7115<\/td><\/tr><tr><td>Uzalishaji<\/td><td>\u22651500kg\/h<\/td><\/tr><tr><td>Meno ya gorofa (vipande)<\/td><td>6<\/td><\/tr><tr><td>Meno ya mraba (vipande)<\/td><td>12<\/td><\/tr><tr><td>Voltage<\/td><td>380V<\/td><\/tr><tr><td>Weight<\/td><td>200kg<\/td><\/tr><\/tbody><\/table><figcaption class=\"wp-element-caption\">mashine ya kusaga unga wa mahindi<\/figcaption><\/figure>    <h3 class=\"wp-block-heading\" id=\"h-automatic-suction-type-corn-mill\">Mashine ya kusaga mahindi ya aina ya kunyonya kiotomatiki<\/h3>    <figure class=\"wp-block-image size-full\"><img loading=\"lazy\" decoding=\"async\" width=\"720\" height=\"540\" src=\"https:\/\/corn-machines.com\/wp-content\/uploads\/2022\/09\/corn-mill.webp\" alt=\"mashine ya kusaga mahindi\" class=\"wp-image-253\" srcset=\"https:\/\/corn-machines.com\/wp-content\/uploads\/2022\/09\/corn-mill.webp 720w, https:\/\/corn-machines.com\/wp-content\/uploads\/2022\/09\/corn-mill-300x225.webp 300w\" sizes=\"auto, (max-width: 720px) 100vw, 720px\" \/><figcaption class=\"wp-element-caption\">mashine ya kusaga mahindi<\/figcaption><\/figure>    <figure class=\"wp-block-table\"><table><tbody><tr><td>Model<\/td><td>9FQ-50 Mashine ya Kupalilia<\/td><\/tr><tr><td>Kasi<\/td><td>3200r\/min<\/td><\/tr><tr><td>Kipenyo cha rotor<\/td><td>500mm<\/td><\/tr><tr><td>Ukubwa wa skrini (mm)<\/td><td>690\u00d7250<\/td><\/tr><tr><td>Uzalishaji<\/td><td>\u22651000kg\/h<\/td><\/tr><tr><td>Kipande cha nyundo<\/td><td>16<\/td><\/tr><tr><td>Meno ya nyuma (vipande)<\/td><td>3<\/td><\/tr><tr><td>Matumizi ya umeme kwa tani ya malighafi<\/td><td>\u226411KW.h\/t<\/td><\/tr><tr><td>Voltage<\/td><td>380V<\/td><\/tr><tr><td>Nishati iliyokadiriwa<\/td><td>15kw<\/td><\/tr><tr><td>Vifaa vya ziada<\/td><td>Kibanda cha Kuingiza na Kutolea<\/td><\/tr><tr><td>Vipimo (mm)<\/td><td>1230x1020x1150<\/td><\/tr><tr><td>Ukubwa wa pakiti (mm)<\/td><td>680x720x930<\/td><\/tr><tr><td>Weight<\/td><td>160kg<\/td><\/tr><\/tbody><\/table><figcaption class=\"wp-element-caption\">parameta za mashine ya nyundo<\/figcaption><\/figure>    <h2 class=\"wp-block-heading\" id=\"h-corn-grain-mill-machine-advantage\">Faida za mashine ya kusaga nafaka za mahindi<\/h2>    <figure class=\"wp-block-image size-full\"><img loading=\"lazy\" decoding=\"async\" width=\"720\" height=\"540\" src=\"https:\/\/corn-machines.com\/wp-content\/uploads\/2022\/09\/Corn-grain-mill-machine-3.webp\" alt=\"Mashine ya kusaga nafaka za mahindi \" class=\"wp-image-251\" srcset=\"https:\/\/corn-machines.com\/wp-content\/uploads\/2022\/09\/Corn-grain-mill-machine-3.webp 720w, https:\/\/corn-machines.com\/wp-content\/uploads\/2022\/09\/Corn-grain-mill-machine-3-300x225.webp 300w\" sizes=\"auto, (max-width: 720px) 100vw, 720px\" \/><figcaption class=\"wp-element-caption\">Mashine ya kusaga nafaka za mahindi <\/figcaption><\/figure>    <ul class=\"wp-block-list\"> <li>Nyundo ya Ubora wa Juu: Imetengenezwa kutoka kwa chuma cha manganese, nyundo ina upinzani wa kuvaa na athari bora, ikihakikisha utendaji bora wa kusaga.<\/li>    <li>Uondoaji wa Vumbi wa Kijamii: Pulverizer ya mahindi ina mfumo wa kisasa wa kuondoa vumbi, ikichangia mazingira safi na ya kiafya ya uzalishaji kwa kupunguza kelele na uchafuzi.<\/li>    <li>Uendeshaji wa Kimya: Kutumia muundo wa ubunifu, mashine ya kusaga mahindi inafanya kazi kwa viwango vya chini vya kelele, ikichangia mazingira bora ya uzalishaji yanayofaa kwa ufanisi na faraja.<\/li> <\/ul>    <h2 class=\"wp-block-heading\">Kontakta oss<\/h2>    <figure class=\"wp-block-gallery has-nested-images columns-default is-cropped wp-block-gallery-6 is-layout-flex wp-block-gallery-is-layout-flex\"> <figure class=\"wp-block-image size-large\"><img loading=\"lazy\" decoding=\"async\" width=\"720\" height=\"540\" data-id=\"239\" src=\"https:\/\/corn-machines.com\/wp-content\/uploads\/2022\/09\/Corn-grain-mill-machine-1.webp\" alt=\"Mashine ya kusaga nafaka za mahindi\" class=\"wp-image-239\" srcset=\"https:\/\/corn-machines.com\/wp-content\/uploads\/2022\/09\/Corn-grain-mill-machine-1.webp 720w, https:\/\/corn-machines.com\/wp-content\/uploads\/2022\/09\/Corn-grain-mill-machine-1-300x225.webp 300w\" sizes=\"auto, (max-width: 720px) 100vw, 720px\" \/><figcaption class=\"wp-element-caption\">Mashine ya kusaga nafaka za mahindi<\/figcaption><\/figure>    <figure class=\"wp-block-image size-large\"><img loading=\"lazy\" decoding=\"async\" width=\"720\" height=\"540\" data-id=\"240\" src=\"https:\/\/corn-machines.com\/wp-content\/uploads\/2022\/09\/Corn-grain-mill-machine-2.webp\" alt=\"Mashine ya kusaga nafaka za mahindi\" class=\"wp-image-240\" srcset=\"https:\/\/corn-machines.com\/wp-content\/uploads\/2022\/09\/Corn-grain-mill-machine-2.webp 720w, https:\/\/corn-machines.com\/wp-content\/uploads\/2022\/09\/Corn-grain-mill-machine-2-300x225.webp 300w\" sizes=\"auto, (max-width: 720px) 100vw, 720px\" \/><figcaption class=\"wp-element-caption\">Mashine ya kusaga nafaka za mahindi<\/figcaption><\/figure> <\/figure>    <p class=\"translation-block\">Mashine za kusaga <a href=\"https:\/\/en.wikipedia.org\/wiki\/Grain\" data-type=\"link\" data-id=\"https:\/\/en.wikipedia.org\/wiki\/Grain\" target=\"_blank\" rel=\"noopener\">nafaka<\/a> ni msingi wa ufanisi na usahihi katika usindikaji wa nafaka, zikitoa uaminifu na utendaji usio na kifani. Kwa ujenzi wake thabiti na teknolojia ya kisasa, mashine hizi zinahakikisha operesheni bora za kusaga nafaka kwa matumizi mbalimbali. <\/p>    <p>Kuwekeza katika mashine ya kusaga nafaka za mahindi si tu kunahakikisha bidhaa za mwisho za ubora wa juu bali pia huongeza uzalishaji huku ikipunguza gharama za uendeshaji. <\/p>    <p>Usikose fursa ya kuinua uwezo wako wa kuchakata nafaka na kurahisisha shughuli zako. Wasiliana nasi sasa kwa maswali na uchukue hatua ya kwanza kuelekea kuimarisha mafanikio na faida ya biashara yako.<\/p>","protected":false},"excerpt":{"rendered":"<p>En majskornmj\u00f6lningsmaskin \u00e4r en maskin som anv\u00e4nds f\u00f6r att mala s\u00e4d till pulver. Majs \u00e4r ett ofta bearbetat r\u00e5material, <\/p>","protected":false},"author":1,"featured_media":238,"parent":0,"template":"","tags":[23,31],"product-type":[5],"class_list":["post-235","product","type-product","status-publish","has-post-thumbnail","hentry","tag-corn-grain-mill-machine","tag-corn-milling-machine","product-type-maize-grits-milling-machine"],"_links":{"self":[{"href":"https:\/\/corn-machines.com\/sw\/wp-json\/wp\/v2\/product\/235","targetHints":{"allow":["GET"]}}],"collection":[{"href":"https:\/\/corn-machines.com\/sw\/wp-json\/wp\/v2\/product"}],"about":[{"href":"https:\/\/corn-machines.com\/sw\/wp-json\/wp\/v2\/types\/product"}],"author":[{"embeddable":true,"href":"https:\/\/corn-machines.com\/sw\/wp-json\/wp\/v2\/users\/1"}],"wp:featuredmedia":[{"embeddable":true,"href":"https:\/\/corn-machines.com\/sw\/wp-json\/wp\/v2\/media\/238"}],"wp:attachment":[{"href":"https:\/\/corn-machines.com\/sw\/wp-json\/wp\/v2\/media?parent=235"}],"wp:term":[{"taxonomy":"post_tag","embeddable":true,"href":"https:\/\/corn-machines.com\/sw\/wp-json\/wp\/v2\/tags?post=235"},{"taxonomy":"product-type","embeddable":true,"href":"https:\/\/corn-machines.com\/sw\/wp-json\/wp\/v2\/product-type?post=235"}],"curies":[{"name":"[\"wp\"]","href":"https:\/\/api.w.org\/{rel}","templated":true}]}}