{"id":1378,"date":"2025-12-04T15:36:00","date_gmt":"2025-12-04T07:36:00","guid":{"rendered":"https:\/\/corn-machines.com\/?post_type=product&#038;p=1378"},"modified":"2025-12-05T09:43:09","modified_gmt":"2025-12-05T01:43:09","slug":"multifunctional-corn-sheller","status":"publish","type":"product","link":"https:\/\/corn-machines.com\/sw\/product\/multifunctional-corn-sheller\/","title":{"rendered":"Kivunza cha mbegu za mahindi chenye kazi nyingi"},"content":{"rendered":"<p class=\"translation-block\">Taizy <strong>m\u00e5ngsidig majsskalare<\/strong> \u00e4r en spannm\u00e5lsremsmaskin som integrerar sk\u00f6rd, siktning och separation. Den \u00e4r l\u00e4mplig f\u00f6r olika spannm\u00e5l som majs, vete, ris, sorghum och sojab\u00f6nor. Majssk\u00e4rraren kan uppn\u00e5 en kapacitet p\u00e5 1000 kg\/h, en sk\u00e4rrningshastighet p\u00e5 \u226599% och en skada p\u00e5 \u22640,5%.<\/p>    <p>Spannm\u00e5lsremsmaskinen finns i b\u00e5de elektrisk motor och dieselmotor-konfigurationer och \u00e4r utrustad med stora d\u00e4ck p\u00e5 ett dragst\u00e4ll, vilket m\u00f6jligg\u00f6r flexibel r\u00f6rlighet mellan olika arbetsplatser.<\/p>    <h2 class=\"wp-block-heading\"><strong>F\u00f6rdelar med m\u00e5ngsidig majsskalare maskin<\/strong><\/h2>    <ul class=\"wp-block-list\"> <li>V\u00e5r m\u00e5ngsidiga majsk\u00e4rnemaskin f\u00f6r skalning <strong>kan bearbeta olika kornsorter<\/strong> such as corn, wheat, rice, sorghum, and soybeans, meeting farmers&#8217; threshing needs for different crops throughout the year.<\/li>    <li>spannm\u00e5lsremsmaskinen anv\u00e4nder en integrerad process som separerar korn fr\u00e5n halm, kli och tunga f\u00f6roreningar i ett enda steg, <strong>besparing av tid och arbetskraft<\/strong>.<\/li>    <li>En h\u00f6gvolymfl\u00e4kt i kombination med en precis vibrerande sk\u00e4rm avl\u00e4gsnar effektivt b\u00e5de l\u00e4tta och tunga f\u00f6roreningar, <strong>som s\u00e4kerst\u00e4ller renare korn och h\u00f6gre kvalitet p\u00e5 f\u00e4rdiga produkter<\/strong>.<\/li>    <li>Taizy m\u00e5ngsidiga majsremsmaskin kan utrustas med<strong> elektrisk motor eller dieselmotor<\/strong>, l\u00e4mplig f\u00f6r olika effektf\u00f6rh\u00e5llanden och utomhusmilj\u00f6er.<\/li>    <li>Den har en dragram och stora d\u00e4ck, vilket m\u00f6jligg\u00f6r <strong>enkel r\u00f6relse \u00f6ver olika terr\u00e4nger<\/strong> och f\u00f6rb\u00e4ttrar operationell flexibilitet.<\/li>    <li>V\u00e5rt korns\u00e5gsverktyg fungerar smidigt och p\u00e5litligt, kan arbeta kontinuerligt under l\u00e4ngre perioder och uppn\u00e5r en <strong>sk\u00e4rrningshastighet upp till 1000 kg\/h<\/strong>.<\/li> <\/ul>   <div class=\"wp-block-image\"> <figure class=\"aligncenter size-full\"><img loading=\"lazy\" decoding=\"async\" width=\"720\" height=\"540\" src=\"https:\/\/corn-machines.com\/wp-content\/uploads\/2025\/12\/multifunctional-corn-sheller.webp\" alt=\"m\u00e5ngfunktionell majsskalerare\" class=\"wp-image-1379\" srcset=\"https:\/\/corn-machines.com\/wp-content\/uploads\/2025\/12\/multifunctional-corn-sheller.webp 720w, https:\/\/corn-machines.com\/wp-content\/uploads\/2025\/12\/multifunctional-corn-sheller-300x225.webp 300w, https:\/\/corn-machines.com\/wp-content\/uploads\/2025\/12\/multifunctional-corn-sheller-16x12.webp 16w\" sizes=\"auto, (max-width: 720px) 100vw, 720px\" \/><figcaption class=\"wp-element-caption\">m\u00e5ngfunktionell majsskalerare<\/figcaption><\/figure> <\/div>   <h2 class=\"wp-block-heading\"><strong>Utnyttjande av spannm\u00e5lsremsmaskin<\/strong><\/h2>    <p>Den m\u00e5ngsidiga majsskalaren har ett brett anv\u00e4ndningsomr\u00e5de och kan bearbeta en m\u00e4ngd vanliga spannm\u00e5lsslag. F\u00f6rutom majs kan skaltornsskrotmaskinen ocks\u00e5 effektivt sk\u00f6rda vete, ris, sorghum, sojab\u00f6nor, hirs, sesam samt liknande korn.<\/p>   <div class=\"wp-block-image\"> <figure class=\"aligncenter size-full\"><img loading=\"lazy\" decoding=\"async\" width=\"720\" height=\"540\" src=\"https:\/\/corn-machines.com\/wp-content\/uploads\/2025\/12\/application-of-multifunctional-corn-thresher.webp\" alt=\"till\u00e4mpning av m\u00e5ngsidig majsk\u00e4rningsmaskin\" class=\"wp-image-1380\" srcset=\"https:\/\/corn-machines.com\/wp-content\/uploads\/2025\/12\/application-of-multifunctional-corn-thresher.webp 720w, https:\/\/corn-machines.com\/wp-content\/uploads\/2025\/12\/application-of-multifunctional-corn-thresher-300x225.webp 300w, https:\/\/corn-machines.com\/wp-content\/uploads\/2025\/12\/application-of-multifunctional-corn-thresher-16x12.webp 16w\" sizes=\"auto, (max-width: 720px) 100vw, 720px\" \/><figcaption class=\"wp-element-caption\">till\u00e4mpning av m\u00e5ngsidig majsk\u00e4rningsmaskin<\/figcaption><\/figure> <\/div>   <p>V\u00e5r m\u00e5ngsidiga majsremsmaskin kan anv\u00e4ndas brett p\u00e5 familjejordbruk, baser f\u00f6r spannm\u00e5lsplantation, jordbruksmaschinakooperativ och landsbygdens jordbrukstj\u00e4nstestationer.<\/p>    <h2 class=\"wp-block-heading\"><strong>Huvudstruktur f\u00f6r m\u00e5ngsidig majsk\u00e4rningsmaskin<\/strong><\/h2>    <p>Den m\u00e5ngsidiga majsk\u00e4rningsmaskinen best\u00e5r huvudsakligen av matningsr\u00e4nna, ram, konkavsk\u00e4rm, sk\u00e4rrningsdrum, t\u00e4ckplatta, styrplatta, fl\u00e4kt, vibrerande sk\u00e4rm och transmissionsanordning. Dess struktur visas nedan:<\/p>   <div class=\"wp-block-image\"> <figure class=\"aligncenter size-full\"><img loading=\"lazy\" decoding=\"async\" width=\"720\" height=\"540\" src=\"https:\/\/corn-machines.com\/wp-content\/uploads\/2025\/12\/structure-of-multifunctional-maize-thresher-machine.webp\" alt=\"strukturen hos m\u00e5ngsidig majsskalningsmaskin\" class=\"wp-image-1388\" srcset=\"https:\/\/corn-machines.com\/wp-content\/uploads\/2025\/12\/structure-of-multifunctional-maize-thresher-machine.webp 720w, https:\/\/corn-machines.com\/wp-content\/uploads\/2025\/12\/structure-of-multifunctional-maize-thresher-machine-300x225.webp 300w, https:\/\/corn-machines.com\/wp-content\/uploads\/2025\/12\/structure-of-multifunctional-maize-thresher-machine-16x12.webp 16w\" sizes=\"auto, (max-width: 720px) 100vw, 720px\" \/><figcaption class=\"wp-element-caption\">strukturen hos m\u00e5ngsidig majsskalningsmaskin<\/figcaption><\/figure> <\/div>   <h2 class=\"wp-block-heading\"><strong>Hur fungerar m\u00e5ngsidig majsk\u00e4rningsmaskin<\/strong> <strong>fungerar?<\/strong><\/h2>    <p>Efter att str\u00f6mmen slagits p\u00e5 roterar trumman i h\u00f6g hastighet och drar av kornet fr\u00e5n halmen eller\/h\u00f6lena med t\u00e4nder. Korn och avfall faller ned p\u00e5 konkavsk\u00e4rmen; st\u00f6rre partiklar faller av, medan mindre f\u00f6roreningar bl\u00e5ses bort av bl\u00e5sa.<\/p>    <p>Dubbla bl\u00e5smaskiner tar bort blad, krossat halm och h\u00f6lten. De \u00e5terst\u00e5ende korn passerar sedan genom en vibrerande sk\u00e4rm f\u00f6r att separera sm\u00e5 stenar och st\u00f6rre f\u00f6roreningar.<\/p>    <figure class=\"wp-block-gallery has-nested-images columns-default is-cropped wp-block-gallery-2 is-layout-flex wp-block-gallery-is-layout-flex\"> <figure class=\"wp-block-image size-large\"><img loading=\"lazy\" decoding=\"async\" width=\"720\" height=\"540\" data-id=\"1382\" src=\"https:\/\/corn-machines.com\/wp-content\/uploads\/2025\/12\/grain-threshiing-machine.webp\" alt=\"mesin penjeras biji-bijian\" class=\"wp-image-1382\" srcset=\"https:\/\/corn-machines.com\/wp-content\/uploads\/2025\/12\/grain-threshiing-machine.webp 720w, https:\/\/corn-machines.com\/wp-content\/uploads\/2025\/12\/grain-threshiing-machine-300x225.webp 300w, https:\/\/corn-machines.com\/wp-content\/uploads\/2025\/12\/grain-threshiing-machine-16x12.webp 16w\" sizes=\"auto, (max-width: 720px) 100vw, 720px\" \/><figcaption class=\"wp-element-caption\">mesin penjeras biji-bijian<\/figcaption><\/figure>    <figure class=\"wp-block-image size-large\"><img loading=\"lazy\" decoding=\"async\" width=\"720\" height=\"540\" data-id=\"1383\" src=\"https:\/\/corn-machines.com\/wp-content\/uploads\/2025\/12\/multipurpose-grain-threshing-machine.webp\" alt=\"m\u00e5ngsidig spannm\u00e5lsremsmaskin\" class=\"wp-image-1383\" srcset=\"https:\/\/corn-machines.com\/wp-content\/uploads\/2025\/12\/multipurpose-grain-threshing-machine.webp 720w, https:\/\/corn-machines.com\/wp-content\/uploads\/2025\/12\/multipurpose-grain-threshing-machine-300x225.webp 300w, https:\/\/corn-machines.com\/wp-content\/uploads\/2025\/12\/multipurpose-grain-threshing-machine-16x12.webp 16w\" sizes=\"auto, (max-width: 720px) 100vw, 720px\" \/><figcaption class=\"wp-element-caption\">m\u00e5ngsidig spannm\u00e5lsremsmaskin<\/figcaption><\/figure> <\/figure>    <h2 class=\"wp-block-heading\"><strong>Tekniska specifikationer f\u00f6r spannm\u00e5lsremsmaskin<\/strong><\/h2>    <figure class=\"wp-block-table\"><table class=\"has-fixed-layout\"><tbody><tr><td>Maskinnamn<\/td><td>M\u00e5ngsidig Sk\u00f6rdeapparat<\/td><\/tr><tr><td>Model<\/td><td>SL-125<\/td><\/tr><tr><td>Power<\/td><td>11kw-motor eller 15hp dieselmotor<\/td><\/tr><tr><td>Spindle speed<\/td><td>1200r\/min<\/td><\/tr><tr><td>Capacity<\/td><td>Omkring 1000kg\/h<\/td><\/tr><tr><td>Sk\u00e4rrningshastighet<\/td><td>\u226599%<\/td><\/tr><tr><td>Weight<\/td><td>400kg<\/td><\/tr><tr><td>Size<\/td><td>2030*1340*1380mm<\/td><\/tr><\/tbody><\/table><figcaption class=\"wp-element-caption\">parametrar f\u00f6r korns\u00e4desmaskin<\/figcaption><\/figure>    <h2 class=\"wp-block-heading\"><strong>Hur mycket kostar m\u00e5ngsidig majsremsmaskin?<\/strong><\/h2>    <p>The price of the multifunctional corn sheller depends on the selected model. Different models have different configurations and functions, and manufacturers usually provide a corresponding quote after understanding the customer&#8217;s needs.<\/p>   <div class=\"wp-block-image\"> <figure class=\"aligncenter size-full\"><img loading=\"lazy\" decoding=\"async\" width=\"720\" height=\"540\" src=\"https:\/\/corn-machines.com\/wp-content\/uploads\/2025\/12\/multipurpose-grain-threshing-equipment.webp\" alt=\"udongo wa kubundua nafaka wa aina nyingi\" class=\"wp-image-1394\" srcset=\"https:\/\/corn-machines.com\/wp-content\/uploads\/2025\/12\/multipurpose-grain-threshing-equipment.webp 720w, https:\/\/corn-machines.com\/wp-content\/uploads\/2025\/12\/multipurpose-grain-threshing-equipment-300x225.webp 300w, https:\/\/corn-machines.com\/wp-content\/uploads\/2025\/12\/multipurpose-grain-threshing-equipment-16x12.webp 16w\" sizes=\"auto, (max-width: 720px) 100vw, 720px\" \/><figcaption class=\"wp-element-caption\">udongo wa kubundua nafaka wa aina nyingi<\/figcaption><\/figure> <\/div>   <h2 class=\"wp-block-heading\"><strong>Framg\u00e5ngsfall av Taizy m\u00e5ngsidiga spannm\u00e5lssk\u00f6rdeapparat<\/strong><\/h2>    <p>F\u00f6rra \u00e5ret, som en del av ett projekt f\u00f6r att fr\u00e4mja jordbrukets mekanisering, k\u00f6pte Nigeria 1 000 m\u00e5ngsidiga majssk\u00e4rningsmaskiner, som sedan delades ut till olika delstater och landsbygdsomr\u00e5den.<\/p>    <p>The deployment of these grain threshing machines has not only accelerated the local grain harvesting process but has also played a significant role in increasing farmers&#8217; incomes and promoting regional agricultural modernization.<\/p>    <figure class=\"wp-block-gallery has-nested-images columns-default is-cropped wp-block-gallery-3 is-layout-flex wp-block-gallery-is-layout-flex\"> <figure class=\"wp-block-image size-large\"><img loading=\"lazy\" decoding=\"async\" width=\"720\" height=\"540\" data-id=\"1385\" src=\"https:\/\/corn-machines.com\/wp-content\/uploads\/2025\/12\/multiourpose-maize-shelling-machine.webp\" alt=\"dubbla syfte majs skalmaskin\" class=\"wp-image-1385\" srcset=\"https:\/\/corn-machines.com\/wp-content\/uploads\/2025\/12\/multiourpose-maize-shelling-machine.webp 720w, https:\/\/corn-machines.com\/wp-content\/uploads\/2025\/12\/multiourpose-maize-shelling-machine-300x225.webp 300w, https:\/\/corn-machines.com\/wp-content\/uploads\/2025\/12\/multiourpose-maize-shelling-machine-16x12.webp 16w\" sizes=\"auto, (max-width: 720px) 100vw, 720px\" \/><figcaption class=\"wp-element-caption\">dubbla syfte majs skalmaskin<\/figcaption><\/figure>    <figure class=\"wp-block-image size-large\"><img loading=\"lazy\" decoding=\"async\" width=\"720\" height=\"540\" data-id=\"1386\" src=\"https:\/\/corn-machines.com\/wp-content\/uploads\/2025\/12\/fb4e00ef47764d21bbf8ce9449db2a8f-tuya_\u7ed3\u679c.webp\" alt=\"Kunder bes\u00f6ker spannm\u00e5lsremsmaskin\" class=\"wp-image-1386\" srcset=\"https:\/\/corn-machines.com\/wp-content\/uploads\/2025\/12\/fb4e00ef47764d21bbf8ce9449db2a8f-tuya_\u7ed3\u679c.webp 720w, https:\/\/corn-machines.com\/wp-content\/uploads\/2025\/12\/fb4e00ef47764d21bbf8ce9449db2a8f-tuya_\u7ed3\u679c-300x225.webp 300w, https:\/\/corn-machines.com\/wp-content\/uploads\/2025\/12\/fb4e00ef47764d21bbf8ce9449db2a8f-tuya_\u7ed3\u679c-16x12.webp 16w\" sizes=\"auto, (max-width: 720px) 100vw, 720px\" \/><figcaption class=\"wp-element-caption\">kunder bes\u00f6ker spannm\u00e5lsremsmaskin<\/figcaption><\/figure> <\/figure>    <h2 class=\"wp-block-heading\"><strong>Annan majskemprocessutrustning som s\u00e4ljs av Taizy<\/strong><\/h2>    <p class=\"translation-block\">Som en professionell leverant\u00f6r av jordbruksmaskiner tillhandah\u00e5ller Taizy inte bara m\u00e5ngsidig majsskalmare utan ocks\u00e5 en rad andra majshanteringsutrustningar, inklusive <a href=\"https:\/\/corn-machines.com\/sw\/product\/automated-corn-sowing-machine\/\">majsplanterare<\/a>, <a href=\"https:\/\/corn-machines.com\/sw\/product\/maize-harvesting-machine-with-seat\/\">majs sk\u00f6rdare<\/a>, <a href=\"https:\/\/corn-machines.com\/sw\/product\/corn-grits-machine\/\">majs grynmaskin<\/a>, och <a href=\"https:\/\/corn-machines.com\/sw\/product\/corn-silage-harvester-machine\/\">majs ensilagemaskin<\/a>. Vi erbjuder anv\u00e4ndare en helhetsl\u00f6sning fr\u00e5n plantering och sk\u00f6rd till bearbetning.<\/p>    <figure class=\"wp-block-gallery has-nested-images columns-default is-cropped wp-block-gallery-4 is-layout-flex wp-block-gallery-is-layout-flex\"> <figure class=\"wp-block-image size-full\"><img loading=\"lazy\" decoding=\"async\" width=\"720\" height=\"540\" data-id=\"1393\" src=\"https:\/\/corn-machines.com\/wp-content\/uploads\/2025\/12\/corn-planting-machine-1.webp\" alt=\"mashine ya kupanda mahindi\" class=\"wp-image-1393\" srcset=\"https:\/\/corn-machines.com\/wp-content\/uploads\/2025\/12\/corn-planting-machine-1.webp 720w, https:\/\/corn-machines.com\/wp-content\/uploads\/2025\/12\/corn-planting-machine-1-300x225.webp 300w, https:\/\/corn-machines.com\/wp-content\/uploads\/2025\/12\/corn-planting-machine-1-16x12.webp 16w\" sizes=\"auto, (max-width: 720px) 100vw, 720px\" \/><figcaption class=\"wp-element-caption\">mashine ya kupanda mahindi<\/figcaption><\/figure>    <figure class=\"wp-block-image size-large\"><img loading=\"lazy\" decoding=\"async\" width=\"720\" height=\"540\" data-id=\"1389\" src=\"https:\/\/corn-machines.com\/wp-content\/uploads\/2025\/12\/maize-harvester-machine.webp\" alt=\"mashine ya kuvuna mahindi\" class=\"wp-image-1389\" srcset=\"https:\/\/corn-machines.com\/wp-content\/uploads\/2025\/12\/maize-harvester-machine.webp 720w, https:\/\/corn-machines.com\/wp-content\/uploads\/2025\/12\/maize-harvester-machine-300x225.webp 300w, https:\/\/corn-machines.com\/wp-content\/uploads\/2025\/12\/maize-harvester-machine-16x12.webp 16w\" sizes=\"auto, (max-width: 720px) 100vw, 720px\" \/><figcaption class=\"wp-element-caption\">mashine ya kuvuna mahindi<\/figcaption><\/figure> <\/figure>    <figure class=\"wp-block-gallery has-nested-images columns-default is-cropped wp-block-gallery-5 is-layout-flex wp-block-gallery-is-layout-flex\"> <figure class=\"wp-block-image size-large\"><img loading=\"lazy\" decoding=\"async\" width=\"720\" height=\"540\" data-id=\"1390\" src=\"https:\/\/corn-machines.com\/wp-content\/uploads\/2025\/12\/maize-silage-harvesting-machine.webp\" alt=\"majs ensilage sk\u00f6rdemaskin\" class=\"wp-image-1390\" srcset=\"https:\/\/corn-machines.com\/wp-content\/uploads\/2025\/12\/maize-silage-harvesting-machine.webp 720w, https:\/\/corn-machines.com\/wp-content\/uploads\/2025\/12\/maize-silage-harvesting-machine-300x225.webp 300w, https:\/\/corn-machines.com\/wp-content\/uploads\/2025\/12\/maize-silage-harvesting-machine-16x12.webp 16w\" sizes=\"auto, (max-width: 720px) 100vw, 720px\" \/><figcaption class=\"wp-element-caption\">majs ensilage sk\u00f6rdemaskin<\/figcaption><\/figure>    <figure class=\"wp-block-image size-large\"><img loading=\"lazy\" decoding=\"async\" width=\"720\" height=\"540\" data-id=\"1392\" src=\"https:\/\/corn-machines.com\/wp-content\/uploads\/2025\/12\/corn-grits-making-machine.webp\" alt=\"mashine ya kutengeneza nafaka ya mahindi\" class=\"wp-image-1392\" srcset=\"https:\/\/corn-machines.com\/wp-content\/uploads\/2025\/12\/corn-grits-making-machine.webp 720w, https:\/\/corn-machines.com\/wp-content\/uploads\/2025\/12\/corn-grits-making-machine-300x225.webp 300w, https:\/\/corn-machines.com\/wp-content\/uploads\/2025\/12\/corn-grits-making-machine-16x12.webp 16w\" sizes=\"auto, (max-width: 720px) 100vw, 720px\" \/><figcaption class=\"wp-element-caption\">mashine ya kutengeneza nafaka ya mahindi<\/figcaption><\/figure> <\/figure>    <p>Om du \u00e4r intresserad av majssk\u00e4rningsmaskiner eller annan relaterad utrustning, v\u00e4nligen kontakta oss f\u00f6r detaljerad information och utrustningspriser. Vi kommer att rekommendera den mest l\u00e4mpliga maskinen f\u00f6r dig.<\/p>","protected":false},"excerpt":{"rendered":"<p>This article introduces the multifunctional corn sheller that integrates threshing, winnowing, and screening, enabling efficient grain threshing. It is suitable for corn, wheat, rice, sorghum, soybeans, and other grains. The machine has a processing capacity of up to 1000 kg\/h and a threshing rate of \u226599%.<\/p>","protected":false},"author":1,"featured_media":1387,"parent":0,"template":"","tags":[42,52],"product-type":[4],"class_list":["post-1378","product","type-product","status-publish","has-post-thumbnail","hentry","tag-corn","tag-grain","product-type-corn-thresher-machine"],"_links":{"self":[{"href":"https:\/\/corn-machines.com\/sw\/wp-json\/wp\/v2\/product\/1378","targetHints":{"allow":["GET"]}}],"collection":[{"href":"https:\/\/corn-machines.com\/sw\/wp-json\/wp\/v2\/product"}],"about":[{"href":"https:\/\/corn-machines.com\/sw\/wp-json\/wp\/v2\/types\/product"}],"author":[{"embeddable":true,"href":"https:\/\/corn-machines.com\/sw\/wp-json\/wp\/v2\/users\/1"}],"wp:featuredmedia":[{"embeddable":true,"href":"https:\/\/corn-machines.com\/sw\/wp-json\/wp\/v2\/media\/1387"}],"wp:attachment":[{"href":"https:\/\/corn-machines.com\/sw\/wp-json\/wp\/v2\/media?parent=1378"}],"wp:term":[{"taxonomy":"post_tag","embeddable":true,"href":"https:\/\/corn-machines.com\/sw\/wp-json\/wp\/v2\/tags?post=1378"},{"taxonomy":"product-type","embeddable":true,"href":"https:\/\/corn-machines.com\/sw\/wp-json\/wp\/v2\/product-type?post=1378"}],"curies":[{"name":"[\"wp\"]","href":"https:\/\/api.w.org\/{rel}","templated":true}]}}