{"id":1265,"date":"2025-11-18T16:39:32","date_gmt":"2025-11-18T08:39:32","guid":{"rendered":"https:\/\/corn-machines.com\/?post_type=product&#038;p=1265"},"modified":"2025-11-18T17:56:18","modified_gmt":"2025-11-18T09:56:18","slug":"forage-cutter-machine-with-kneading","status":"publish","type":"product","link":"https:\/\/corn-machines.com\/sw\/product\/forage-cutter-machine-with-kneading\/","title":{"rendered":"Mashine ya kukata malisho na kukanda"},"content":{"rendered":"<p class=\"translation-block\">Esta <strong>m\u00e1quina cortadora de forraje<\/strong> es un dispositivo de procesamiento de ensilaje que integra funciones de corte y amasado. Puede cortar y amasar r\u00e1pidamente materias primas como heno y paja, haciendo que el alimento final sea m\u00e1s delicado, suave y m\u00e1s f\u00e1cil de masticar y digerir para los rumiantes.<\/p>    <p>Nuestra m\u00e1quina cortadora de paja presenta alta eficiencia, con capacidad de corte que var\u00eda de 2,500 a 8,000 kg por hora. Puede equiparse con tres opciones de potencia: motor el\u00e9ctrico, motor di\u00e9sel o motor de gasolina, adapt\u00e1ndose a los requisitos de diferentes regiones.<\/p>    <figure class=\"wp-block-embed is-type-video is-provider-youtube wp-block-embed-youtube wp-embed-aspect-16-9 wp-has-aspect-ratio\"><div class=\"wp-block-embed__wrapper\"> <iframe loading=\"lazy\" title=\"M\u00e1quina cortadora de forraje con amasado | Picadora de ensilaje para cortar tallos de ma\u00edz, paja de arroz, hierba, heno\" width=\"500\" height=\"281\" src=\"https:\/\/www.youtube.com\/embed\/oCo2WT5PCIg?feature=oembed\" frameborder=\"0\" allow=\"accelerometer; autoplay; clipboard-write; encrypted-media; gyroscope; picture-in-picture; web-share\" referrerpolicy=\"strict-origin-when-cross-origin\" allowfullscreen><\/iframe> <\/div><figcaption class=\"wp-element-caption\">proceso de trabajo de la m\u00e1quina cortadora de ensilaje<\/figcaption><\/figure>    <h2 class=\"wp-block-heading\"><strong>Ventajas de la m\u00e1quina cortadora de ensilaje<\/strong><\/h2>    <ul class=\"wp-block-list\"> <li><strong>Producto acabado refinado<\/strong>: Nuestra cortadora de forraje utiliza cuchillas horizontales para cortar y luego cuchillas serradas para pulverizar, transformando grandes piezas de alimento en tiras suaves y fibrosas, haci\u00e9ndola m\u00e1s adecuada para rumiantes.<\/li>    <li><strong>Maombi mapana<\/strong>: La m\u00e1quina cortadora de paja Taizy puede procesar una variedad de materiales vegetales, incluyendo heno, alfalfa, hojas de heno, tallos de ma\u00edz, tallos de frijol, paja de arroz, tallos de cacahuete y tallos de ca\u00f1a de az\u00facar.<\/li>    <li><strong>Uso flexible<\/strong>: The silage cutter&#8217;s cutting length can be adjusted via long and short gears to meet different feeding needs.<\/li>    <li><strong>F\u00e1cil movilidad<\/strong>: Est\u00e1 equipada con cuatro ruedas y con neum\u00e1ticos neum\u00e1ticos grandes opcionales, lo que facilita su movimiento en el campo.<\/li>    <li><strong>M\u00faltiples opciones de potencia<\/strong>: La m\u00e1quina de corte de heno puede equiparse con un motor el\u00e9ctrico, motor de gasolina o motor di\u00e9sel para adaptarse a diferentes regiones y entornos exteriores.<\/li> <\/ul>    <figure class=\"wp-block-gallery has-nested-images columns-default is-cropped wp-block-gallery-2 is-layout-flex wp-block-gallery-is-layout-flex\"> <figure class=\"wp-block-image size-large\"><img loading=\"lazy\" decoding=\"async\" width=\"720\" height=\"540\" data-id=\"1269\" src=\"https:\/\/corn-machines.com\/wp-content\/uploads\/2025\/11\/silage-shredder-machine.webp\" alt=\"m\u00e1quina picadora de ensilaje\" class=\"wp-image-1269\" srcset=\"https:\/\/corn-machines.com\/wp-content\/uploads\/2025\/11\/silage-shredder-machine.webp 720w, https:\/\/corn-machines.com\/wp-content\/uploads\/2025\/11\/silage-shredder-machine-300x225.webp 300w, https:\/\/corn-machines.com\/wp-content\/uploads\/2025\/11\/silage-shredder-machine-16x12.webp 16w\" sizes=\"auto, (max-width: 720px) 100vw, 720px\" \/><figcaption class=\"wp-element-caption\">m\u00e1quina picadora de ensilaje<\/figcaption><\/figure>    <figure class=\"wp-block-image size-large\"><img loading=\"lazy\" decoding=\"async\" width=\"720\" height=\"540\" data-id=\"1266\" src=\"https:\/\/corn-machines.com\/wp-content\/uploads\/2025\/11\/forage-chopping-machine.webp\" alt=\"m\u00e1quina de corte de forraje\" class=\"wp-image-1266\" srcset=\"https:\/\/corn-machines.com\/wp-content\/uploads\/2025\/11\/forage-chopping-machine.webp 720w, https:\/\/corn-machines.com\/wp-content\/uploads\/2025\/11\/forage-chopping-machine-300x225.webp 300w, https:\/\/corn-machines.com\/wp-content\/uploads\/2025\/11\/forage-chopping-machine-16x12.webp 16w\" sizes=\"auto, (max-width: 720px) 100vw, 720px\" \/><figcaption class=\"wp-element-caption\">m\u00e1quina de corte de forraje<\/figcaption><\/figure> <\/figure>    <h2 class=\"wp-block-heading\"><strong>Estructura principal de la m\u00e1quina cortadora de forraje<\/strong><\/h2>    <p>Esta cortadora de paja tiene una estructura muy simple, compuesta por transportador, entrada, sistema de operaci\u00f3n, palanca de cambios, rueda, marco del motor y salida. El sistema de operaci\u00f3n consiste principalmente en las secciones de corte y amasado.<\/p>   <div class=\"wp-block-image\"> <figure class=\"aligncenter size-full\"><img loading=\"lazy\" decoding=\"async\" width=\"720\" height=\"540\" src=\"https:\/\/corn-machines.com\/wp-content\/uploads\/2025\/11\/structure-of-forage-cutter.webp\" alt=\"estructura de la cortadora de forraje\" class=\"wp-image-1267\" srcset=\"https:\/\/corn-machines.com\/wp-content\/uploads\/2025\/11\/structure-of-forage-cutter.webp 720w, https:\/\/corn-machines.com\/wp-content\/uploads\/2025\/11\/structure-of-forage-cutter-300x225.webp 300w, https:\/\/corn-machines.com\/wp-content\/uploads\/2025\/11\/structure-of-forage-cutter-16x12.webp 16w\" sizes=\"auto, (max-width: 720px) 100vw, 720px\" \/><figcaption class=\"wp-element-caption\">estructura de la cortadora de forraje<\/figcaption><\/figure> <\/div>   <h2 class=\"wp-block-heading\"><strong>Tipos de cortadoras de paja en venta<\/strong><\/h2>    <p>Este cortador de heno viene en dos tipos: cortadores de heno autom\u00e1ticos y cortadores de heno de tipo dividido.<\/p>    <ul class=\"wp-block-list\"> <li><strong>Cortadora autom\u00e1tica de paja<\/strong>: Sus secciones de corte y trituraci\u00f3n son inseparables.<\/li>    <li><strong>Cortadora de paja de tipo dividido<\/strong>: Esta cortadora de paja tiene secciones separadas de corte y amasado. Para piezas m\u00e1s grandes, desmonte y levante la parte de amasado. Para piezas m\u00e1s finas, coloque la parte de amasado.<\/li> <\/ul>    <figure class=\"wp-block-gallery has-nested-images columns-default is-cropped wp-block-gallery-3 is-layout-flex wp-block-gallery-is-layout-flex\"> <figure class=\"wp-block-image size-large\"><img loading=\"lazy\" decoding=\"async\" width=\"720\" height=\"540\" data-id=\"1270\" src=\"https:\/\/corn-machines.com\/wp-content\/uploads\/2025\/11\/automatic-silage-cutting-machine.webp\" alt=\"m\u00e1quina autom\u00e1tica de corte de ensilaje\" class=\"wp-image-1270\" srcset=\"https:\/\/corn-machines.com\/wp-content\/uploads\/2025\/11\/automatic-silage-cutting-machine.webp 720w, https:\/\/corn-machines.com\/wp-content\/uploads\/2025\/11\/automatic-silage-cutting-machine-300x225.webp 300w, https:\/\/corn-machines.com\/wp-content\/uploads\/2025\/11\/automatic-silage-cutting-machine-16x12.webp 16w\" sizes=\"auto, (max-width: 720px) 100vw, 720px\" \/><figcaption class=\"wp-element-caption\">m\u00e1quina autom\u00e1tica de corte de ensilaje<\/figcaption><\/figure>    <figure class=\"wp-block-image size-large\"><img loading=\"lazy\" decoding=\"async\" width=\"720\" height=\"540\" data-id=\"1271\" src=\"https:\/\/corn-machines.com\/wp-content\/uploads\/2025\/11\/split-type-forage-cutting-machine.webp\" alt=\"m\u00e1quina cortadora de forraje de tipo dividido\" class=\"wp-image-1271\" srcset=\"https:\/\/corn-machines.com\/wp-content\/uploads\/2025\/11\/split-type-forage-cutting-machine.webp 720w, https:\/\/corn-machines.com\/wp-content\/uploads\/2025\/11\/split-type-forage-cutting-machine-300x225.webp 300w, https:\/\/corn-machines.com\/wp-content\/uploads\/2025\/11\/split-type-forage-cutting-machine-16x12.webp 16w\" sizes=\"auto, (max-width: 720px) 100vw, 720px\" \/><figcaption class=\"wp-element-caption\">m\u00e1quina cortadora de forraje de tipo dividido<\/figcaption><\/figure> <\/figure>    <h2 class=\"wp-block-heading\"><strong>\u00bfC\u00f3mo funciona la m\u00e1quina cortadora de heno?<\/strong><\/h2>    <p>Despu\u00e9s de que las materias primas ingresan a la m\u00e1quina cortadora de forraje, son inicialmente cortadas por una cuchilla plana de alta velocidad, que corta el heno, la paja y otros materiales en piezas grandes o tiras cortas.<\/p>    <p>Luego, estos materiales picados se procesan a\u00fan m\u00e1s mediante cuchillas serradas a trav\u00e9s del amasado, haciendo que el heno sea m\u00e1s suave y fino, m\u00e1s adecuado para que lo mastiquen y digieran animales rumiantes como vacas y ovejas.<\/p>    <figure class=\"wp-block-gallery has-nested-images columns-default is-cropped wp-block-gallery-4 is-layout-flex wp-block-gallery-is-layout-flex\"> <figure class=\"wp-block-image size-large\"><img loading=\"lazy\" decoding=\"async\" width=\"540\" height=\"720\" data-id=\"1273\" src=\"https:\/\/corn-machines.com\/wp-content\/uploads\/2025\/11\/details-of-grass-cutting-machine.webp\" alt=\"detalles de la m\u00e1quina cortadora de hierba\" class=\"wp-image-1273\" srcset=\"https:\/\/corn-machines.com\/wp-content\/uploads\/2025\/11\/details-of-grass-cutting-machine.webp 540w, https:\/\/corn-machines.com\/wp-content\/uploads\/2025\/11\/details-of-grass-cutting-machine-225x300.webp 225w, https:\/\/corn-machines.com\/wp-content\/uploads\/2025\/11\/details-of-grass-cutting-machine-9x12.webp 9w\" sizes=\"auto, (max-width: 540px) 100vw, 540px\" \/><figcaption class=\"wp-element-caption\">detalles de la m\u00e1quina cortadora de hierba<\/figcaption><\/figure>    <figure class=\"wp-block-image size-large\"><img loading=\"lazy\" decoding=\"async\" width=\"540\" height=\"720\" data-id=\"1272\" src=\"https:\/\/corn-machines.com\/wp-content\/uploads\/2025\/11\/details-of-forage-cutter-machine.webp\" alt=\"detalles de la m\u00e1quina cortadora de forraje\" class=\"wp-image-1272\" srcset=\"https:\/\/corn-machines.com\/wp-content\/uploads\/2025\/11\/details-of-forage-cutter-machine.webp 540w, https:\/\/corn-machines.com\/wp-content\/uploads\/2025\/11\/details-of-forage-cutter-machine-225x300.webp 225w, https:\/\/corn-machines.com\/wp-content\/uploads\/2025\/11\/details-of-forage-cutter-machine-9x12.webp 9w\" sizes=\"auto, (max-width: 540px) 100vw, 540px\" \/><figcaption class=\"wp-element-caption\">detalles de la m\u00e1quina cortadora de forraje<\/figcaption><\/figure>    <figure class=\"wp-block-image size-large\"><img loading=\"lazy\" decoding=\"async\" width=\"540\" height=\"720\" data-id=\"1274\" src=\"https:\/\/corn-machines.com\/wp-content\/uploads\/2025\/11\/details-of-silage-cutting-machine.webp\" alt=\"detalles de la m\u00e1quina de corte de ensilaje\" class=\"wp-image-1274\" srcset=\"https:\/\/corn-machines.com\/wp-content\/uploads\/2025\/11\/details-of-silage-cutting-machine.webp 540w, https:\/\/corn-machines.com\/wp-content\/uploads\/2025\/11\/details-of-silage-cutting-machine-225x300.webp 225w, https:\/\/corn-machines.com\/wp-content\/uploads\/2025\/11\/details-of-silage-cutting-machine-9x12.webp 9w\" sizes=\"auto, (max-width: 540px) 100vw, 540px\" \/><figcaption class=\"wp-element-caption\">detalles de la m\u00e1quina de corte de ensilaje<\/figcaption><\/figure> <\/figure>    <figure class=\"wp-block-gallery has-nested-images columns-default is-cropped wp-block-gallery-5 is-layout-flex wp-block-gallery-is-layout-flex\"> <figure class=\"wp-block-image size-full\"><img loading=\"lazy\" decoding=\"async\" width=\"720\" height=\"540\" data-id=\"1277\" src=\"https:\/\/corn-machines.com\/wp-content\/uploads\/2025\/11\/corn-straw-cutting-machine.webp\" alt=\"m\u00e1quina cortadora de paja de ma\u00edz\" class=\"wp-image-1277\" srcset=\"https:\/\/corn-machines.com\/wp-content\/uploads\/2025\/11\/corn-straw-cutting-machine.webp 720w, https:\/\/corn-machines.com\/wp-content\/uploads\/2025\/11\/corn-straw-cutting-machine-300x225.webp 300w, https:\/\/corn-machines.com\/wp-content\/uploads\/2025\/11\/corn-straw-cutting-machine-16x12.webp 16w\" sizes=\"auto, (max-width: 720px) 100vw, 720px\" \/><figcaption class=\"wp-element-caption\">m\u00e1quina cortadora de paja de ma\u00edz<\/figcaption><\/figure>    <figure class=\"wp-block-image size-large\"><img loading=\"lazy\" decoding=\"async\" width=\"720\" height=\"540\" data-id=\"1276\" src=\"https:\/\/corn-machines.com\/wp-content\/uploads\/2025\/11\/split-type-hay-cutting-machine.webp\" alt=\"m\u00e1quina cortadora de heno de tipo dividido\" class=\"wp-image-1276\" srcset=\"https:\/\/corn-machines.com\/wp-content\/uploads\/2025\/11\/split-type-hay-cutting-machine.webp 720w, https:\/\/corn-machines.com\/wp-content\/uploads\/2025\/11\/split-type-hay-cutting-machine-300x225.webp 300w, https:\/\/corn-machines.com\/wp-content\/uploads\/2025\/11\/split-type-hay-cutting-machine-16x12.webp 16w\" sizes=\"auto, (max-width: 720px) 100vw, 720px\" \/><figcaption class=\"wp-element-caption\">m\u00e1quina cortadora de heno de tipo dividido<\/figcaption><\/figure> <\/figure>    <h2 class=\"wp-block-heading\"><strong>Aplicaci\u00f3n de la m\u00e1quina de triturado de ensilaje<\/strong><\/h2>    <p>La m\u00e1quina cortadora de forraje tiene una amplia gama de aplicaciones, capaz de cortar diversos materiales secos y h\u00famedos, como heno, alfalfa, ca\u00f1a de az\u00facar, tallos de ma\u00edz, frijol, paja de arroz, tallos de cacahuete y otros cultivos fibrosos, satisfaciendo diversas necesidades de alimentaci\u00f3n.<\/p>   <div class=\"wp-block-image\"> <figure class=\"aligncenter size-full\"><img loading=\"lazy\" decoding=\"async\" width=\"720\" height=\"540\" src=\"https:\/\/corn-machines.com\/wp-content\/uploads\/2025\/11\/application-of-silage-chopping-machine.webp\" alt=\"aplicaci\u00f3n de la m\u00e1quina de corte de ensilaje\" class=\"wp-image-1278\" srcset=\"https:\/\/corn-machines.com\/wp-content\/uploads\/2025\/11\/application-of-silage-chopping-machine.webp 720w, https:\/\/corn-machines.com\/wp-content\/uploads\/2025\/11\/application-of-silage-chopping-machine-300x225.webp 300w, https:\/\/corn-machines.com\/wp-content\/uploads\/2025\/11\/application-of-silage-chopping-machine-16x12.webp 16w\" sizes=\"auto, (max-width: 720px) 100vw, 720px\" \/><figcaption class=\"wp-element-caption\">aplicaci\u00f3n de la m\u00e1quina de corte de ensilaje<\/figcaption><\/figure> <\/div>   <p>Debido a su salida uniforme y buena palatabilidad, la m\u00e1quina de corte y amasado de paja se usa ampliamente en granjas ganaderas, granjas familiares, cooperativas, plantas de procesamiento de alimentos, bases de procesamiento de ensilaje y proyectos de reciclaje de paja agr\u00edcola.<\/p>    <h2 class=\"wp-block-heading\"><strong>Par\u00e1metros t\u00e9cnicos de la cortadora de paja<\/strong> <strong>mashine<\/strong><\/h2>    <p>Los par\u00e1metros de la m\u00e1quina autom\u00e1tica de corte de ensilaje son los siguientes:<\/p>    <figure class=\"wp-block-table\"><table><tbody><tr><td>Model<\/td><td>9ZR-2.5T<\/td><td>9ZR-380A<\/td><td>9ZR-3.8B<\/td><td>9ZR-4.8T<\/td><td>9ZR-6.8<\/td><td>9ZR-8<\/td><\/tr><tr><td>Power<\/td><td>3-4.5kw<\/td><td>3-4.5kw<\/td><td>3-4.5kw<\/td><td>5.5kw<\/td><td>7.5kw<\/td><td>11kw<\/td><\/tr><tr><td>Capacity<\/td><td>2500kg\/h<\/td><td>3800kg\/h<\/td><td>3800kg\/h<\/td><td>4800kg\/h<\/td><td>6800kg\/h<\/td><td>8000kg\/h<\/td><\/tr><tr><td>Size<\/td><td>1350*490*750mm<\/td><td>1650*550*900mm<\/td><td>1750*550*900mm<\/td><td>1750*600*930mm<\/td><td>2283*740*1040mm<\/td><td>3400*830*1200mm<\/td><\/tr><tr><td>Weight<\/td><td>67kg<\/td><td>88kg<\/td><td>93kg<\/td><td>116kg<\/td><td>189kg<\/td><td>320kg<\/td><\/tr><\/tbody><\/table><figcaption class=\"wp-element-caption\">par\u00e1metros de la m\u00e1quina autom\u00e1tica de corte de heno<\/figcaption><\/figure>    <p>Las especificaciones para la picadora de ensilaje de tipo dividido son las siguientes:<\/p>    <figure class=\"wp-block-table\"><table class=\"has-fixed-layout\"><tbody><tr><td>Model<\/td><td>9ZR-3.8C<\/td><td>9ZR-4.8C<\/td><\/tr><tr><td>Power<\/td><td>3-4.5kw<\/td><td>5.5kw<\/td><\/tr><tr><td>Capacity<\/td><td>3800kg\/h<\/td><td>4800kg\/h<\/td><\/tr><tr><td>Size<\/td><td>1750*550*900mm<\/td><td>1950*600*9300mm<\/td><\/tr><tr><td>Weight<\/td><td>94kg<\/td><td>112.5kg<\/td><\/tr><\/tbody><\/table><figcaption class=\"wp-element-caption\">datos t\u00e9cnicos de la cortadora de forraje de tipo dividido<\/figcaption><\/figure>    <h2 class=\"wp-block-heading\"><strong>Gu\u00eda de precios y compra para picadora de paja de grano<\/strong><\/h2>    <p>The price of the forage cutter machine is influenced by a variety of factors. The main factors include the machine&#8217;s output capacity, the material and number of blades, whether it has a shredding function, and the presence of casters. Higher output and more advanced configurations will result in a higher price.<\/p>   <div class=\"wp-block-image\"> <figure class=\"aligncenter size-full\"><img loading=\"lazy\" decoding=\"async\" width=\"720\" height=\"540\" src=\"https:\/\/corn-machines.com\/wp-content\/uploads\/2025\/11\/forage-shredder-machine.webp\" alt=\"m\u00e1quina picadora de forraje\" class=\"wp-image-1275\" srcset=\"https:\/\/corn-machines.com\/wp-content\/uploads\/2025\/11\/forage-shredder-machine.webp 720w, https:\/\/corn-machines.com\/wp-content\/uploads\/2025\/11\/forage-shredder-machine-300x225.webp 300w, https:\/\/corn-machines.com\/wp-content\/uploads\/2025\/11\/forage-shredder-machine-16x12.webp 16w\" sizes=\"auto, (max-width: 720px) 100vw, 720px\" \/><figcaption class=\"wp-element-caption\">m\u00e1quina picadora de forraje<\/figcaption><\/figure> <\/div>   <p>Al comprar la cortadora de paja, elija un modelo basado en sus necesidades reales. Enf\u00f3quese en el material de la cuchilla, el grosor de la m\u00e1quina, el tipo de potencia, la eficiencia de salida y si la longitud de corte es ajustable. Es mejor comprar a fabricantes de buena reputaci\u00f3n con servicio postventa confiable para garantizar un uso estable a largo plazo.<\/p>    <h2 class=\"wp-block-heading\"><strong>Caso de \u00e9xito de la m\u00e1quina de corte de ensilaje Taizy<\/strong><\/h2>    <p class=\"translation-block\"><strong>250 unidades de m\u00e1quinas cortadoras de forraje 9ZR-2.5t enviadas a Uganda<\/strong><\/p>    <p>Un cliente ugand\u00e9s especializado en distribuci\u00f3n de equipos agr\u00edcolas y ganaderos nos orden\u00f3 250 cortadoras de heno 9ZR-2.5T para suministrar a peque\u00f1os y medianos ganaderos de vacas y ovejas locales.<\/p>    <figure class=\"wp-block-gallery has-nested-images columns-default is-cropped wp-block-gallery-6 is-layout-flex wp-block-gallery-is-layout-flex\"> <figure class=\"wp-block-image size-large\"><img loading=\"lazy\" decoding=\"async\" width=\"720\" height=\"540\" data-id=\"1283\" src=\"https:\/\/corn-machines.com\/wp-content\/uploads\/2025\/11\/packaging-of-chaff-cutter.webp\" alt=\"embalaje de cortadora de paja\" class=\"wp-image-1283\" srcset=\"https:\/\/corn-machines.com\/wp-content\/uploads\/2025\/11\/packaging-of-chaff-cutter.webp 720w, https:\/\/corn-machines.com\/wp-content\/uploads\/2025\/11\/packaging-of-chaff-cutter-300x225.webp 300w, https:\/\/corn-machines.com\/wp-content\/uploads\/2025\/11\/packaging-of-chaff-cutter-16x12.webp 16w\" sizes=\"auto, (max-width: 720px) 100vw, 720px\" \/><figcaption class=\"wp-element-caption\">embalaje de cortadora de paja<\/figcaption><\/figure>    <figure class=\"wp-block-image size-large\"><img loading=\"lazy\" decoding=\"async\" width=\"720\" height=\"540\" data-id=\"1284\" src=\"https:\/\/corn-machines.com\/wp-content\/uploads\/2025\/11\/packaging-of-chaff-shredder-machine.webp\" alt=\"embalaje de la picadora de paja\" class=\"wp-image-1284\" srcset=\"https:\/\/corn-machines.com\/wp-content\/uploads\/2025\/11\/packaging-of-chaff-shredder-machine.webp 720w, https:\/\/corn-machines.com\/wp-content\/uploads\/2025\/11\/packaging-of-chaff-shredder-machine-300x225.webp 300w, https:\/\/corn-machines.com\/wp-content\/uploads\/2025\/11\/packaging-of-chaff-shredder-machine-16x12.webp 16w\" sizes=\"auto, (max-width: 720px) 100vw, 720px\" \/><figcaption class=\"wp-element-caption\">embalaje de la picadora de paja<\/figcaption><\/figure>    <figure class=\"wp-block-image size-large\"><img loading=\"lazy\" decoding=\"async\" width=\"720\" height=\"540\" data-id=\"1285\" src=\"https:\/\/corn-machines.com\/wp-content\/uploads\/2025\/11\/transportation-of-forage-cutting-machine.webp\" alt=\"transporte de la m\u00e1quina cortadora de forraje\" class=\"wp-image-1285\" srcset=\"https:\/\/corn-machines.com\/wp-content\/uploads\/2025\/11\/transportation-of-forage-cutting-machine.webp 720w, https:\/\/corn-machines.com\/wp-content\/uploads\/2025\/11\/transportation-of-forage-cutting-machine-300x225.webp 300w, https:\/\/corn-machines.com\/wp-content\/uploads\/2025\/11\/transportation-of-forage-cutting-machine-16x12.webp 16w\" sizes=\"auto, (max-width: 720px) 100vw, 720px\" \/><figcaption class=\"wp-element-caption\">transporte de la m\u00e1quina cortadora de forraje<\/figcaption><\/figure> <\/figure>    <p>Despu\u00e9s de poner en uso el equipo, el cliente report\u00f3 que la m\u00e1quina funciona de manera estable y produce una salida uniforme, mejorando significativamente la eficiencia del procesamiento de heno. Ha sido bien recibida por los agricultores y ha ayudado al cliente a mejorar su competitividad en el mercado.<\/p>    <h2 class=\"wp-block-heading\"><strong>\u00a1Cont\u00e1ctenos ahora para comenzar su proyecto!<\/strong><\/h2>    <p>Como una m\u00e1quina eficiente de procesamiento de alimento, la cortadora de forraje desempe\u00f1a un papel importante en la ganader\u00eda, producci\u00f3n de ensilaje y reciclaje de paja. Ayuda a mejorar la eficiencia del procesamiento, aumentar la calidad del alimento y reducir los costos laborales, brindando soporte confiable a agricultores y ganaderos.<\/p>    <p class=\"translation-block\">: Adem\u00e1s, ofrecemos una gama de equipos de ensilaje, incluyendo <a href=\"https:\/\/corn-machines.com\/sw\/product\/corn-silage-harvester-machine\/\">cosechadora de ensilaje<\/a> y <a href=\"https:\/\/corn-machines.com\/sw\/product\/auomatic-silage-round-baler\/\">balde de ensilaje<\/a>, que pueden combinarse para crear soluciones eficientes de procesamiento de alimento. Cont\u00e1ctenos para m\u00e1s detalles de equipos y opciones personalizadas para facilitar y hacer m\u00e1s eficiente su ganader\u00eda.<\/p>","protected":false},"excerpt":{"rendered":"<p>The forage cutter machine is a high-efficiency device used for quickly cutting silage, hay, corn stalks, forage, and other feed ingredients, significantly improving feed processing efficiency. Its output ranges from 2500 to 8000 kg\/h, meeting the daily feed processing needs of farms of different sizes and helping farmers achieve efficient and time-saving feed processing.<\/p>","protected":false},"author":1,"featured_media":1286,"parent":0,"template":"","tags":[81,87,82],"product-type":[86],"class_list":["post-1265","product","type-product","status-publish","has-post-thumbnail","hentry","tag-corn-silage","tag-forage","tag-silage","product-type-corn-silage-processing-machine"],"_links":{"self":[{"href":"https:\/\/corn-machines.com\/sw\/wp-json\/wp\/v2\/product\/1265","targetHints":{"allow":["GET"]}}],"collection":[{"href":"https:\/\/corn-machines.com\/sw\/wp-json\/wp\/v2\/product"}],"about":[{"href":"https:\/\/corn-machines.com\/sw\/wp-json\/wp\/v2\/types\/product"}],"author":[{"embeddable":true,"href":"https:\/\/corn-machines.com\/sw\/wp-json\/wp\/v2\/users\/1"}],"wp:featuredmedia":[{"embeddable":true,"href":"https:\/\/corn-machines.com\/sw\/wp-json\/wp\/v2\/media\/1286"}],"wp:attachment":[{"href":"https:\/\/corn-machines.com\/sw\/wp-json\/wp\/v2\/media?parent=1265"}],"wp:term":[{"taxonomy":"post_tag","embeddable":true,"href":"https:\/\/corn-machines.com\/sw\/wp-json\/wp\/v2\/tags?post=1265"},{"taxonomy":"product-type","embeddable":true,"href":"https:\/\/corn-machines.com\/sw\/wp-json\/wp\/v2\/product-type?post=1265"}],"curies":[{"name":"[\"wp\"]","href":"https:\/\/api.w.org\/{rel}","templated":true}]}}