{"id":124,"date":"2022-09-08T00:59:16","date_gmt":"2022-09-08T00:59:16","guid":{"rendered":"https:\/\/corn-machines.com\/?post_type=product&#038;p=124"},"modified":"2024-12-11T17:43:49","modified_gmt":"2024-12-11T09:43:49","slug":"fresh-corn-thresher-sweet-corn-sheller","status":"publish","type":"product","link":"https:\/\/corn-machines.com\/sw\/product\/fresh-corn-thresher-sweet-corn-sheller\/","title":{"rendered":"F\u00e4rsk majs avredningsmaskin | s\u00f6t majs skalare"},"content":{"rendered":"<p>M\u00e1quina de desgranar ma\u00edz fresco puede descarillar de forma eficiente tanto ma\u00edz fresco como cocido, con una capacidad de 400-500 kg\/h, asegurando que los granos de ma\u00edz permanezcan intactos y sin da\u00f1os durante el proceso.<\/p>    <p>Sehemu za kikwanguto cha mahindi safi zinazogusana na mahindi zinatengenezwa ili kukidhi viwango vikali vya usafi wa chakula, ikihakikisha mchakato safi na wa usafi wa kukwanyua.<\/p>    <p>Pato la kikwanguto cha mahindi safi ni bora kwa ajili ya kufungwa kwa makopo ya mahindi, juisi ya mahindi, na bidhaa zilizogandishwa, na kuifanya kuwa suluhisho linaloweza kutumika kwa tasnia mbalimbali za usindikaji wa chakula.<\/p>    <figure class=\"wp-block-embed is-type-video is-provider-youtube wp-block-embed-youtube wp-embed-aspect-16-9 wp-has-aspect-ratio\"><div class=\"wp-block-embed__wrapper\"> <iframe loading=\"lazy\" title=\"Uvunaji wa Mahindi Matamu Umerahisishwa: Muhtasari wa Mashine ya Kusafishia #maize #corn #farming #agriculture\" width=\"500\" height=\"281\" src=\"https:\/\/www.youtube.com\/embed\/yaa1-Qzv5Mk?feature=oembed\" frameborder=\"0\" allow=\"accelerometer; autoplay; clipboard-write; encrypted-media; gyroscope; picture-in-picture; web-share\" referrerpolicy=\"strict-origin-when-cross-origin\" allowfullscreen><\/iframe> <\/div><figcaption class=\"wp-element-caption\">Video ya kufanya kazi ya kikwanguto cha mahindi safi<\/figcaption><\/figure>    <h2 class=\"wp-block-heading\" id=\"h-raw-materials-for-fresh-corn-thresher\">Kikwanguto cha mahindi safi kinauzwa<\/h2>    <div class=\"wp-block-media-text is-stacked-on-mobile\"><figure class=\"wp-block-media-text__media\"><img loading=\"lazy\" decoding=\"async\" width=\"720\" height=\"540\" src=\"https:\/\/corn-machines.com\/wp-content\/uploads\/2023\/12\/Sweet-Maize-Sheller-Machine.webp\" alt=\"Sweet Maize Sheller Machine\" class=\"wp-image-530 size-full\" srcset=\"https:\/\/corn-machines.com\/wp-content\/uploads\/2023\/12\/Sweet-Maize-Sheller-Machine.webp 720w, https:\/\/corn-machines.com\/wp-content\/uploads\/2023\/12\/Sweet-Maize-Sheller-Machine-300x225.webp 300w\" sizes=\"auto, (max-width: 720px) 100vw, 720px\" \/><\/figure><div class=\"wp-block-media-text__content\"> <p class=\"translation-block\"><strong>Mahitaji ya maganda<\/strong>:<\/p>    <ul class=\"wp-block-list\"> <li>Mahindi lazima yamenywe kabla ya kukwanyuliwa.<\/li>    <li>Kumenya kunaweza kufanywa kwa mikono au kwa kimenyo cha mahindi.<\/li>    <li>Mavuno ya mahindi lazima pia yamenywe kabla ya kukwanyuliwa ili kuepuka kuyaacha kwenye punje.<\/li> <\/ul>    <p class=\"translation-block\"><strong>Aina za mahindi<\/strong>:<\/p>    <ul class=\"wp-block-list\"> <li>Inafaa kwa kukwanyua aina zote za mahindi, ikiwa ni pamoja na mahindi safi, matamu, glutinous, na yaliyogandishwa (baada ya kuyeyusha).<\/li> <\/ul> <\/div><\/div>    <div class=\"wp-block-media-text has-media-on-the-right is-stacked-on-mobile\"><div class=\"wp-block-media-text__content\"> <p class=\"translation-block\"><strong>Kiwango cha uzalishaji<\/strong>:<\/p>    <ul class=\"wp-block-list\"> <li>Inafaa kwa uzalishaji wa kiwango kikubwa katika mistari ya kusanyiko.<\/li>    <li>Pia inafaa kwa uzalishaji wa kiwango kidogo katika warsha za familia.<\/li> <\/ul>    <p class=\"translation-block\"><strong>Seti ya visu<\/strong>:<\/p>    <ul class=\"wp-block-list\"> <li>Ina seti ya visu ya hali ya juu ambayo hujirekebisha kiotomatiki kulingana na saizi ya kilemba cha mahindi.<\/li> <\/ul> <\/div><figure class=\"wp-block-media-text__media\"><img loading=\"lazy\" decoding=\"async\" width=\"720\" height=\"540\" src=\"https:\/\/corn-machines.com\/wp-content\/uploads\/2022\/09\/Raw-materials-for-fresh-corn-thresher.webp\" alt=\"Malighafi kwa ajili ya kikwanguto cha mahindi safi\" class=\"wp-image-129 size-full\" srcset=\"https:\/\/corn-machines.com\/wp-content\/uploads\/2022\/09\/Raw-materials-for-fresh-corn-thresher.webp 720w, https:\/\/corn-machines.com\/wp-content\/uploads\/2022\/09\/Raw-materials-for-fresh-corn-thresher-300x225.webp 300w\" sizes=\"auto, (max-width: 720px) 100vw, 720px\" \/><\/figure><\/div>    <div class=\"wp-block-media-text is-stacked-on-mobile\"><figure class=\"wp-block-media-text__media\"><img loading=\"lazy\" decoding=\"async\" width=\"720\" height=\"540\" src=\"https:\/\/corn-machines.com\/wp-content\/uploads\/2023\/12\/Fresh-corn-thresher-machine-with-good-price.webp\" alt=\"Mashine ya kutoa maganda ya mahindi mabichi yenye bei nzuri\" class=\"wp-image-526 size-full\" srcset=\"https:\/\/corn-machines.com\/wp-content\/uploads\/2023\/12\/Fresh-corn-thresher-machine-with-good-price.webp 720w, https:\/\/corn-machines.com\/wp-content\/uploads\/2023\/12\/Fresh-corn-thresher-machine-with-good-price-300x225.webp 300w\" sizes=\"auto, (max-width: 720px) 100vw, 720px\" \/><\/figure><div class=\"wp-block-media-text__content\"> <p class=\"translation-block\"><strong>Kukwanyua kunarekebishwa<\/strong>:<\/p>    <ul class=\"wp-block-list\"> <li>Kina cha kukwanyua kinaweza kurekebishwa ili kukidhi mahitaji tofauti.<\/li> <\/ul>    <p class=\"translation-block\"><strong>Ufanisi wa kukwanyua<\/strong>:<\/p>    <ul class=\"wp-block-list\"> <li>Inafikia hadi 99% ya ufanisi wa kukwanyua, ikihakikisha mahindi yanakwanyuliwa kikamilifu bila kupoteza virutubisho.<\/li> <\/ul> <\/div><\/div>    <h2 class=\"wp-block-heading\" id=\"h-parameters-of-sweet-corn-thresher\">Vigezo vya kikwanguto cha mahindi matamu<\/h2>    <figure class=\"wp-block-table\"><table><tbody><tr><td>Model<\/td><td>SL-268<\/td><td>SL-368<\/td><\/tr><tr><td>Capacity<\/td><td>400-500kg\/h<\/td><td>400-500kg\/h<\/td><\/tr><tr><td>Weight<\/td><td>100kg<\/td><td>110kg<\/td><\/tr><tr><td>Ukubwa (mm)<\/td><td>700(L)*620(W)*1250(H)<\/td><td>1320(L)*620(W)*1250(H)<\/td><\/tr><tr><td>Voltage<\/td><td>220V, awamu 1<\/td><td>220V, awamu 1<\/td><\/tr><tr><td>Power<\/td><td>2.2kw<\/td><td>2.2kw<\/td><\/tr><\/tbody><\/table><figcaption class=\"wp-element-caption\">vigezo vya kiufundi vya mashine ya kukwanyua mahindi safi<\/figcaption><\/figure>    <h2 class=\"wp-block-heading\" id=\"h-sweet-corn-thresher-machine-structure\">Muundo wa mashine ya kikwanguto cha mahindi matamu<\/h2>    <div class=\"wp-block-media-text alignwide is-stacked-on-mobile\"><figure class=\"wp-block-media-text__media\"><img loading=\"lazy\" decoding=\"async\" width=\"720\" height=\"540\" src=\"https:\/\/corn-machines.com\/wp-content\/uploads\/2022\/09\/corn-sheller.webp\" alt=\"kikunzi cha mahindi\" class=\"wp-image-132 size-full\" srcset=\"https:\/\/corn-machines.com\/wp-content\/uploads\/2022\/09\/corn-sheller.webp 720w, https:\/\/corn-machines.com\/wp-content\/uploads\/2022\/09\/corn-sheller-300x225.webp 300w\" sizes=\"auto, (max-width: 720px) 100vw, 720px\" \/><\/figure><div class=\"wp-block-media-text__content\"> <h2 class=\"wp-block-heading\" id=\"h-frequency\">Marudio<\/h2>    <ul class=\"wp-block-list\"> <li><strong>Mahali pa inverter<\/strong>Imewekwa ndani ya mashine kwa ufanisi wa operesheni.<\/li>    <li><strong>Kasi inayoweza kubadilishwa<\/strong>Kasi ya kazi inaweza kubadilishwa kulingana na mahitaji maalum.<\/li> <\/ul> <\/div><\/div>    <div class=\"wp-block-media-text alignwide has-media-on-the-right is-stacked-on-mobile\"><div class=\"wp-block-media-text__content\"> <h2 class=\"wp-block-heading\" id=\"h-automatic-shipping\">Usafirishaji wa kiotomatiki<\/h2>    <ul class=\"wp-block-list\"> <li><strong>Kifaa cha usafirishaji wa mnyororo<\/strong>Imesakinishwa na mfumo wa mnyororo kwa uendeshaji laini.<\/li>    <li><strong>Usafirishaji wa moja kwa moja<\/strong>Inawawezesha usafirishaji wa vifaa bila mshono na wa akili.<\/li>    <li><strong>Kuongeza ufanisi<\/strong>Inaboresha kwa kiasi kikubwa ufanisi wa jumla wa kazi.<\/li> <\/ul> <\/div><figure class=\"wp-block-media-text__media\"><img loading=\"lazy\" decoding=\"async\" width=\"720\" height=\"540\" src=\"https:\/\/corn-machines.com\/wp-content\/uploads\/2022\/09\/Automatic-shipping.webp\" alt=\"Usafirishaji wa kiotomatiki\" class=\"wp-image-136 size-full\" srcset=\"https:\/\/corn-machines.com\/wp-content\/uploads\/2022\/09\/Automatic-shipping.webp 720w, https:\/\/corn-machines.com\/wp-content\/uploads\/2022\/09\/Automatic-shipping-300x225.webp 300w\" sizes=\"auto, (max-width: 720px) 100vw, 720px\" \/><\/figure><\/div>    <div class=\"wp-block-media-text alignwide is-stacked-on-mobile\"><figure class=\"wp-block-media-text__media\"><img loading=\"lazy\" decoding=\"async\" width=\"720\" height=\"540\" src=\"https:\/\/corn-machines.com\/wp-content\/uploads\/2022\/09\/corn-sheller-1.webp\" alt=\"kikunzi cha mahindi\" class=\"wp-image-134 size-full\" srcset=\"https:\/\/corn-machines.com\/wp-content\/uploads\/2022\/09\/corn-sheller-1.webp 720w, https:\/\/corn-machines.com\/wp-content\/uploads\/2022\/09\/corn-sheller-1-300x225.webp 300w\" sizes=\"auto, (max-width: 720px) 100vw, 720px\" \/><\/figure><div class=\"wp-block-media-text__content\"> <h2 class=\"wp-block-heading\" id=\"h-blower-design\">Muundo wa kipulizaji<\/h2>    <ul class=\"wp-block-list\"> <li><strong>Imesakinishwa na kifaa cha hewa<\/strong>Inahakikisha mahindi yameoshwa kikamilifu baada ya kuondoa maghala.<\/li>    <li><strong>Kuondoa usafi wa pili<\/strong>Inapunguza hitaji la hatua za kusafisha ziada.<\/li>    <li><strong>Hifadhi muda na juhudi<\/strong>Inaboresha ufanisi kwa kurahisisha mchakato.<\/li> <\/ul> <\/div><\/div>    <div class=\"wp-block-media-text alignwide has-media-on-the-right is-stacked-on-mobile\"><div class=\"wp-block-media-text__content\"> <h2 class=\"wp-block-heading\" id=\"h-control-panel\">Jopo la kudhibiti<\/h2>    <ul class=\"wp-block-list\"> <li><strong>Vipengele vya jopo la udhibiti<\/strong>Inajumuisha swichi, funguo ya kurudisha nyuma, na funguo ya kusimamisha.<\/li>    <li><strong>Kazi ya funguo ya kurudisha nyuma<\/strong>Inaruhusu mahindi kuyasonga nyuma ikiwa yamezuiwa, kutatua vikwazo.<\/li>    <li><strong>Uendeshaji mzuri<\/strong>Inahakikisha uendeshaji wa maghala wa kuendelea na wa ufanisi.<\/li> <\/ul> <\/div><figure class=\"wp-block-media-text__media\"><img loading=\"lazy\" decoding=\"async\" width=\"720\" height=\"540\" src=\"https:\/\/corn-machines.com\/wp-content\/uploads\/2022\/09\/fresh-corn-thresher-2.webp\" alt=\"kikwanguto cha mahindi safi\" class=\"wp-image-135 size-full\" srcset=\"https:\/\/corn-machines.com\/wp-content\/uploads\/2022\/09\/fresh-corn-thresher-2.webp 720w, https:\/\/corn-machines.com\/wp-content\/uploads\/2022\/09\/fresh-corn-thresher-2-300x225.webp 300w\" sizes=\"auto, (max-width: 720px) 100vw, 720px\" \/><\/figure><\/div>    <div class=\"wp-block-media-text alignwide is-stacked-on-mobile\"><figure class=\"wp-block-media-text__media\"><img loading=\"lazy\" decoding=\"async\" width=\"720\" height=\"540\" src=\"https:\/\/corn-machines.com\/wp-content\/uploads\/2022\/09\/Corn-cob-export.webp\" alt=\"Usafirishaji wa kilemba cha mahindi\" class=\"wp-image-137 size-full\" srcset=\"https:\/\/corn-machines.com\/wp-content\/uploads\/2022\/09\/Corn-cob-export.webp 720w, https:\/\/corn-machines.com\/wp-content\/uploads\/2022\/09\/Corn-cob-export-300x225.webp 300w\" sizes=\"auto, (max-width: 720px) 100vw, 720px\" \/><\/figure><div class=\"wp-block-media-text__content\"> <h2 class=\"wp-block-heading\" id=\"h-corn-cob-export\">Usafirishaji wa kilemba cha mahindi<\/h2>    <ul class=\"wp-block-list\"> <li><strong>Ukubwa wa tundu unaoweza kubadilishwa<\/strong>Inajielekeza kiotomatiki kwa ukubwa wa mahindi.<\/li>    <li><strong>Uondoaji kamili wa mbegu<\/strong>Inahakikisha mbegu zote za mahindi zinachakatwa kikamilifu.<\/li>    <li><strong>Kuzuia uharibifu<\/strong>Inalinda mahindi dhidi ya uharibifu wakati wa kuondoa maghala.<\/li> <\/ul> <\/div><\/div>    <h2 class=\"wp-block-heading\" id=\"h-advantages-of-fresh-corn-thresher\">Faida za kikwanguto cha mahindi safi<\/h2>    <div class=\"wp-block-media-text is-stacked-on-mobile\"><figure class=\"wp-block-media-text__media\"><img loading=\"lazy\" decoding=\"async\" width=\"720\" height=\"540\" src=\"https:\/\/corn-machines.com\/wp-content\/uploads\/2022\/09\/corn-thresher-1.webp\" alt=\"chombo cha kuchumbia mahindi\" class=\"wp-image-131 size-full\" srcset=\"https:\/\/corn-machines.com\/wp-content\/uploads\/2022\/09\/corn-thresher-1.webp 720w, https:\/\/corn-machines.com\/wp-content\/uploads\/2022\/09\/corn-thresher-1-300x225.webp 300w\" sizes=\"auto, (max-width: 720px) 100vw, 720px\" \/><\/figure><div class=\"wp-block-media-text__content\"> <ul class=\"wp-block-list\"> <li><strong>Muundo wa kufikiria<\/strong>Imesakinishwa na magurudumu kwa urahisi na uhamaji rahisi.<\/li>    <li><strong>Roller ya mpira salama na imara<\/strong>Imetengenezwa na nyenzo zisizo na sumu, laini, na elastic ili kuhakikisha ngozi nyembamba ya mahindi inabaki salama wakati wa kuingiza, kuzuia kuvunjika kwa ngozi na mdomo wa maudhui.<\/li> <\/ul> <\/div><\/div>    <div class=\"wp-block-media-text has-media-on-the-right is-stacked-on-mobile\"><div class=\"wp-block-media-text__content\"> <ul class=\"wp-block-list\"> <li><strong>Urekebishaji wa ukubwa wa moja kwa moja<\/strong>Inakubaliana na ukubwa wa mahindi, kuhakikisha kiwango cha juu cha uondoaji wa mbegu za mahindi.<\/li>    <li><strong>Mfumo wa kuingiza wa ufanisi<\/strong>Inatumia usafirishaji wa mnyororo kwa urahisi wa kupeleka mahindi, kuongeza ufanisi wa kazi kwa kiasi kikubwa.<\/li> <\/ul> <\/div><figure class=\"wp-block-media-text__media\"><img loading=\"lazy\" decoding=\"async\" width=\"720\" height=\"540\" src=\"https:\/\/corn-machines.com\/wp-content\/uploads\/2022\/09\/Corn-thresher-effect.webp\" alt=\"bidhaa za mwisho za mashine ya kukwanyua mahindi matamu\" class=\"wp-image-142 size-full\" srcset=\"https:\/\/corn-machines.com\/wp-content\/uploads\/2022\/09\/Corn-thresher-effect.webp 720w, https:\/\/corn-machines.com\/wp-content\/uploads\/2022\/09\/Corn-thresher-effect-300x225.webp 300w\" sizes=\"auto, (max-width: 720px) 100vw, 720px\" \/><\/figure><\/div>    <h2 class=\"wp-block-heading\">Kisa cha mafanikio cha mashine yetu ya kukwanyua mahindi safi<\/h2>    <p>Katika biashara mashuhuri ya kilimo nchini Kanada, Kikwanguto chetu cha Mahindi Safi kimeleta matokeo ya kipekee. Mashine imethibitika kuwa na ufanisi sana katika kukwanyua haraka na inafaa sana katika kushughulikia mavuno makubwa ya mahindi.<\/p>    <p>Kwa kuongeza kwa kiasi kikubwa ufanisi wa uzalishaji, mashine imemsaidia mteja kupunguza saa za kazi wakati wa kilele cha msimu wa mavuno huku ikidumisha mavuno ya mahindi yenye ubora wa juu kila wakati. <\/p>    <p>Wateja wameonyesha kuridhika sana na uimara na uaminifu wa mashine, wakisifu jukumu lake katika kusasisha na kuratibu shughuli zao za kilimo.<\/p>    <figure class=\"wp-block-gallery has-nested-images columns-default is-cropped wp-block-gallery-2 is-layout-flex wp-block-gallery-is-layout-flex\"> <figure class=\"wp-block-image size-full\"><img loading=\"lazy\" decoding=\"async\" width=\"720\" height=\"540\" data-id=\"130\" src=\"https:\/\/corn-machines.com\/wp-content\/uploads\/2022\/09\/sweet-corn-thresher.webp\" alt=\"kikwanguto cha mahindi matamu\" class=\"wp-image-130\" srcset=\"https:\/\/corn-machines.com\/wp-content\/uploads\/2022\/09\/sweet-corn-thresher.webp 720w, https:\/\/corn-machines.com\/wp-content\/uploads\/2022\/09\/sweet-corn-thresher-300x225.webp 300w\" sizes=\"auto, (max-width: 720px) 100vw, 720px\" \/><figcaption class=\"wp-element-caption\">kikwanguto cha mahindi matamu kinauzwa<\/figcaption><\/figure>    <figure class=\"wp-block-image size-full\"><img loading=\"lazy\" decoding=\"async\" width=\"720\" height=\"540\" data-id=\"492\" src=\"https:\/\/corn-machines.com\/wp-content\/uploads\/2023\/11\/sweet-corn-sheller-machine-with-good-price.webp\" alt=\"mashine ya kuondoa mahindi tamu kwa bei nzuri\" class=\"wp-image-492\" srcset=\"https:\/\/corn-machines.com\/wp-content\/uploads\/2023\/11\/sweet-corn-sheller-machine-with-good-price.webp 720w, https:\/\/corn-machines.com\/wp-content\/uploads\/2023\/11\/sweet-corn-sheller-machine-with-good-price-300x225.webp 300w\" sizes=\"auto, (max-width: 720px) 100vw, 720px\" \/><figcaption class=\"wp-element-caption\">mashine ya kikunzi cha mahindi matamu kwa bei nzuri<\/figcaption><\/figure> <\/figure>    <h2 class=\"wp-block-heading\">Hitimisho<\/h2>    <p class=\"translation-block\">Kando na Kikwanguto cha Mahindi Safi, tunatoa mashine nyingi za kuchakata mahindi, pamoja na <a href=\"https:\/\/corn-machines.com\/sw\/product\/corn-peeling-and-threshing-machine\/\" data-type=\"link\" data-id=\"https:\/\/corn-machines.com\/product\/corn-peeling-and-threshing-machine\/\">vikunzi vya mahindi<\/a>, <a href=\"https:\/\/corn-machines.com\/sw\/product\/9fq-hammer-mill-machine\/\" data-type=\"link\" data-id=\"https:\/\/corn-machines.com\/product\/9fq-hammer-mill-machine\/\">vikwanguto vya mahindi<\/a>, na <a href=\"https:\/\/corn-machines.com\/sw\/product\/corn-grain-mill-machine\/\" data-type=\"link\" data-id=\"https:\/\/corn-machines.com\/product\/corn-grain-mill-machine\/\">vikwanguto vya unga wa mahindi<\/a>, ili kukidhi mahitaji tofauti ya uzalishaji. <\/p>    <p class=\"translation-block\">Jisikie huru kuwasiliana nasi kwa habari zaidi au kuomba nukuu. Tuko hapa kukupa suluhisho bora kwa mahitaji yako ya kuchakata <a href=\"https:\/\/en.wikipedia.org\/wiki\/Maize\" data-type=\"link\" data-id=\"https:\/\/en.wikipedia.org\/wiki\/Maize\" target=\"_blank\" rel=\"noopener\">mahindi<\/a>!<\/p>    <figure class=\"wp-block-image size-full\"><img loading=\"lazy\" decoding=\"async\" width=\"720\" height=\"540\" src=\"https:\/\/corn-machines.com\/wp-content\/uploads\/2022\/09\/Application-of-fresh-corn-thresher.webp\" alt=\"Matumizi ya kikwanguto cha mahindi safi\" class=\"wp-image-127\" srcset=\"https:\/\/corn-machines.com\/wp-content\/uploads\/2022\/09\/Application-of-fresh-corn-thresher.webp 720w, https:\/\/corn-machines.com\/wp-content\/uploads\/2022\/09\/Application-of-fresh-corn-thresher-300x225.webp 300w\" sizes=\"auto, (max-width: 720px) 100vw, 720px\" \/><figcaption class=\"wp-element-caption\">Matumizi ya kikwanguto cha mahindi safi<\/figcaption><\/figure>","protected":false},"excerpt":{"rendered":"<p>M\u00e1quina de desgranar ma\u00edz fresco puede descarillar de forma eficiente tanto ma\u00edz fresco como cocido, con una capacidad de 400-500 kg\/h, asegurando que los granos de ma\u00edz permanezcan intactos y sin da\u00f1os durante el proceso.<\/p>","protected":false},"author":1,"featured_media":126,"parent":0,"template":"","tags":[18,16,33,17],"product-type":[4],"class_list":["post-124","product","type-product","status-publish","has-post-thumbnail","hentry","tag-corn-shelling","tag-corn-thresher","tag-corn-threshing-machine","tag-sheller","product-type-corn-thresher-machine"],"_links":{"self":[{"href":"https:\/\/corn-machines.com\/sw\/wp-json\/wp\/v2\/product\/124","targetHints":{"allow":["GET"]}}],"collection":[{"href":"https:\/\/corn-machines.com\/sw\/wp-json\/wp\/v2\/product"}],"about":[{"href":"https:\/\/corn-machines.com\/sw\/wp-json\/wp\/v2\/types\/product"}],"author":[{"embeddable":true,"href":"https:\/\/corn-machines.com\/sw\/wp-json\/wp\/v2\/users\/1"}],"wp:featuredmedia":[{"embeddable":true,"href":"https:\/\/corn-machines.com\/sw\/wp-json\/wp\/v2\/media\/126"}],"wp:attachment":[{"href":"https:\/\/corn-machines.com\/sw\/wp-json\/wp\/v2\/media?parent=124"}],"wp:term":[{"taxonomy":"post_tag","embeddable":true,"href":"https:\/\/corn-machines.com\/sw\/wp-json\/wp\/v2\/tags?post=124"},{"taxonomy":"product-type","embeddable":true,"href":"https:\/\/corn-machines.com\/sw\/wp-json\/wp\/v2\/product-type?post=124"}],"curies":[{"name":"[\"wp\"]","href":"https:\/\/api.w.org\/{rel}","templated":true}]}}