{"id":1079,"date":"2025-10-28T13:35:02","date_gmt":"2025-10-28T05:35:02","guid":{"rendered":"https:\/\/corn-machines.com\/?post_type=product&#038;p=1079"},"modified":"2025-10-29T10:21:47","modified_gmt":"2025-10-29T02:21:47","slug":"automatic-silage-baler-machine","status":"publish","type":"product","link":"https:\/\/corn-machines.com\/sw\/product\/automatic-silage-baler-machine\/","title":{"rendered":"Automatisk ensilagebalar maskin"},"content":{"rendered":"<p class=\"translation-block\">Den<strong>ensilagebalar maskin<\/strong>anv\u00e4nds huvudsakligen f\u00f6r att komprimera och balera sk\u00f6rdad gr\u00e4s, majsstj\u00e4lkar, b\u00f6nstj\u00e4lkar och andra gr\u00f6dor. Balerad ensilage \u00e4r l\u00e4ttare att lagra och kan f\u00f6rhindra att ensilaget f\u00f6rs\u00e4mras och f\u00f6rlorar n\u00e4rings\u00e4mnen.<\/p>    <p>Mashine yetu ya kubeba silage inaweza kubeba kwa kasi ya 5-6t\/h. Ukubwa wa mwisho wa bale ni 550*520mm, na uzito wa bale ni 65-100kg. Mashine ya kubeba na kufunga silage inaweza kuendeshwa na umeme na injini ya dizeli.<\/p>    <figure class=\"wp-block-embed is-type-video is-provider-youtube wp-block-embed-youtube wp-embed-aspect-16-9 wp-has-aspect-ratio\"><div class=\"wp-block-embed__wrapper\"> <iframe loading=\"lazy\" title=\"Automatic Silage Round Baler Machine | Work Process of Corn Silage Baling and Wrapping Machine\" width=\"500\" height=\"281\" src=\"https:\/\/www.youtube.com\/embed\/g73FxWNTl0A?feature=oembed\" frameborder=\"0\" allow=\"accelerometer; autoplay; clipboard-write; encrypted-media; gyroscope; picture-in-picture; web-share\" referrerpolicy=\"strict-origin-when-cross-origin\" allowfullscreen><\/iframe> <\/div><figcaption class=\"wp-element-caption\">work video of the silage baling and wrapping machine<\/figcaption><\/figure>    <h2 class=\"wp-block-heading\"><strong>F\u00f6rdelar med ensilagebalsinsvepare\u200b<\/strong><\/h2>    <ul class=\"wp-block-list\"> <li><strong>Maombi mapana<\/strong>: Our baler and film wrapper can handle a variety of crop residues and forage, meeting the feed processing needs of different regions.<\/li>    <li><strong>High degree of automation<\/strong>: This baler and film wrapper combines baling and film wrapping in one machine, making it easy to operate and labor-saving.<\/li>    <li><strong>Excellent sealing<\/strong>: Film wrapping allows for long-term storage and is less susceptible to mold and spoilage.<\/li>    <li><strong>Uhamaji rahisi<\/strong>: Taizy baler and film wrapper can be equipped with large tires for easy field operation.<\/li>    <li><strong>Energy-efficient and durable<\/strong>: Our corn baler machine has a stable structure, a long service life, and low maintenance costs.<\/li> <\/ul>   <div class=\"wp-block-image\"> <figure class=\"aligncenter size-full\"><img loading=\"lazy\" decoding=\"async\" width=\"720\" height=\"540\" src=\"https:\/\/corn-machines.com\/wp-content\/uploads\/2025\/10\/silage-baler-and-wrapper.webp\" alt=\"ensilagebalar och insvepare\" class=\"wp-image-1080\" srcset=\"https:\/\/corn-machines.com\/wp-content\/uploads\/2025\/10\/silage-baler-and-wrapper.webp 720w, https:\/\/corn-machines.com\/wp-content\/uploads\/2025\/10\/silage-baler-and-wrapper-300x225.webp 300w, https:\/\/corn-machines.com\/wp-content\/uploads\/2025\/10\/silage-baler-and-wrapper-16x12.webp 16w\" sizes=\"auto, (max-width: 720px) 100vw, 720px\" \/><figcaption class=\"wp-element-caption\">ensilagebalar och insvepare<\/figcaption><\/figure> <\/div>   <h2 class=\"wp-block-heading\"><strong>Struktur av ensilagebalarmaskin<\/strong><\/h2>    <p>Taizy balning och insvepning maskin har en kompakt och rimlig struktur, som huvudsakligen best\u00e5r av transportband, balningsbom, insvepningsmaskinmotor och kraftsystem.<\/p>   <div class=\"wp-block-image\"> <figure class=\"aligncenter size-full\"><img loading=\"lazy\" decoding=\"async\" width=\"720\" height=\"540\" src=\"https:\/\/corn-machines.com\/wp-content\/uploads\/2025\/10\/structure-of-silage-baler-machine.webp\" alt=\"struktur av ensilagebalarmaskin\" class=\"wp-image-1081\" srcset=\"https:\/\/corn-machines.com\/wp-content\/uploads\/2025\/10\/structure-of-silage-baler-machine.webp 720w, https:\/\/corn-machines.com\/wp-content\/uploads\/2025\/10\/structure-of-silage-baler-machine-300x225.webp 300w, https:\/\/corn-machines.com\/wp-content\/uploads\/2025\/10\/structure-of-silage-baler-machine-16x12.webp 16w\" sizes=\"auto, (max-width: 720px) 100vw, 720px\" \/><figcaption class=\"wp-element-caption\">struktur av ensilagebalarmaskin<\/figcaption><\/figure> <\/div>   <h2 class=\"wp-block-heading\"><strong>Till\u00e4mpning av ensilage rundbalar<\/strong><\/h2>    <p>Ensilagebalar maskin kan balera majsstj\u00e4lkar, elefantgr\u00e4s, jordn\u00f6tter, vass och annan ensilage. Efter att ha bearbetats av ensilagebalar har dessa ensilager ett h\u00f6gt kommersiellt v\u00e4rde. <\/p>    <figure class=\"wp-block-gallery has-nested-images columns-default is-cropped wp-block-gallery-2 is-layout-flex wp-block-gallery-is-layout-flex\"> <figure class=\"wp-block-image size-large\"><img loading=\"lazy\" decoding=\"async\" width=\"720\" height=\"540\" data-id=\"1093\" src=\"https:\/\/corn-machines.com\/wp-content\/uploads\/2025\/10\/application-of-silage-round-baler-and-wrapper.webp\" alt=\"till\u00e4mpning av ensilage rundbalar och insvepare\" class=\"wp-image-1093\" srcset=\"https:\/\/corn-machines.com\/wp-content\/uploads\/2025\/10\/application-of-silage-round-baler-and-wrapper.webp 720w, https:\/\/corn-machines.com\/wp-content\/uploads\/2025\/10\/application-of-silage-round-baler-and-wrapper-300x225.webp 300w, https:\/\/corn-machines.com\/wp-content\/uploads\/2025\/10\/application-of-silage-round-baler-and-wrapper-16x12.webp 16w\" sizes=\"auto, (max-width: 720px) 100vw, 720px\" \/><figcaption class=\"wp-element-caption\">till\u00e4mpning av ensilage rundbalar och insvepare<\/figcaption><\/figure>    <figure class=\"wp-block-image size-large\"><img loading=\"lazy\" decoding=\"async\" width=\"720\" height=\"540\" data-id=\"1095\" src=\"https:\/\/corn-machines.com\/wp-content\/uploads\/2025\/10\/application-of-silage-baling-and-wrapping-machine-1.webp\" alt=\"till\u00e4mpning av ensilagebalning och insvepning maskin\" class=\"wp-image-1095\" srcset=\"https:\/\/corn-machines.com\/wp-content\/uploads\/2025\/10\/application-of-silage-baling-and-wrapping-machine-1.webp 720w, https:\/\/corn-machines.com\/wp-content\/uploads\/2025\/10\/application-of-silage-baling-and-wrapping-machine-1-300x225.webp 300w, https:\/\/corn-machines.com\/wp-content\/uploads\/2025\/10\/application-of-silage-baling-and-wrapping-machine-1-16x12.webp 16w\" sizes=\"auto, (max-width: 720px) 100vw, 720px\" \/><figcaption class=\"wp-element-caption\">till\u00e4mpning av ensilagebalning och insvepning maskin<\/figcaption><\/figure>    <figure class=\"wp-block-image size-large\"><img loading=\"lazy\" decoding=\"async\" width=\"720\" height=\"540\" data-id=\"1091\" src=\"https:\/\/corn-machines.com\/wp-content\/uploads\/2025\/10\/application-of-silage-baler.webp\" alt=\"till\u00e4mpning av ensilagebalar\" class=\"wp-image-1091\" srcset=\"https:\/\/corn-machines.com\/wp-content\/uploads\/2025\/10\/application-of-silage-baler.webp 720w, https:\/\/corn-machines.com\/wp-content\/uploads\/2025\/10\/application-of-silage-baler-300x225.webp 300w, https:\/\/corn-machines.com\/wp-content\/uploads\/2025\/10\/application-of-silage-baler-16x12.webp 16w\" sizes=\"auto, (max-width: 720px) 100vw, 720px\" \/><figcaption class=\"wp-element-caption\">till\u00e4mpning av ensilagebalar<\/figcaption><\/figure> <\/figure>    <figure class=\"wp-block-gallery has-nested-images columns-default is-cropped wp-block-gallery-3 is-layout-flex wp-block-gallery-is-layout-flex\"> <figure class=\"wp-block-image size-large\"><img loading=\"lazy\" decoding=\"async\" width=\"720\" height=\"540\" data-id=\"1089\" src=\"https:\/\/corn-machines.com\/wp-content\/uploads\/2025\/10\/application-of-corn-baler-and-wrapper.webp\" alt=\"maombi ya mashine ya kubeba mahindi na kifunga\" class=\"wp-image-1089\" srcset=\"https:\/\/corn-machines.com\/wp-content\/uploads\/2025\/10\/application-of-corn-baler-and-wrapper.webp 720w, https:\/\/corn-machines.com\/wp-content\/uploads\/2025\/10\/application-of-corn-baler-and-wrapper-300x225.webp 300w, https:\/\/corn-machines.com\/wp-content\/uploads\/2025\/10\/application-of-corn-baler-and-wrapper-16x12.webp 16w\" sizes=\"auto, (max-width: 720px) 100vw, 720px\" \/><figcaption class=\"wp-element-caption\">maombi ya mashine ya kubeba mahindi na kifunga<\/figcaption><\/figure>    <figure class=\"wp-block-image size-large\"><img loading=\"lazy\" decoding=\"async\" width=\"720\" height=\"540\" data-id=\"1090\" src=\"https:\/\/corn-machines.com\/wp-content\/uploads\/2025\/10\/application-of-silage-baler-and-wrapper.webp\" alt=\"maombi ya mashine ya kubeba silage na kifunga\" class=\"wp-image-1090\" srcset=\"https:\/\/corn-machines.com\/wp-content\/uploads\/2025\/10\/application-of-silage-baler-and-wrapper.webp 720w, https:\/\/corn-machines.com\/wp-content\/uploads\/2025\/10\/application-of-silage-baler-and-wrapper-300x225.webp 300w, https:\/\/corn-machines.com\/wp-content\/uploads\/2025\/10\/application-of-silage-baler-and-wrapper-16x12.webp 16w\" sizes=\"auto, (max-width: 720px) 100vw, 720px\" \/><figcaption class=\"wp-element-caption\">maombi ya mashine ya kubeba silage na kifunga<\/figcaption><\/figure>    <figure class=\"wp-block-image size-large\"><img loading=\"lazy\" decoding=\"async\" width=\"720\" height=\"540\" data-id=\"1088\" src=\"https:\/\/corn-machines.com\/wp-content\/uploads\/2025\/10\/application-of-claas-silage-baler.webp\" alt=\"till\u00e4mpning av ensilagebalar\" class=\"wp-image-1088\" srcset=\"https:\/\/corn-machines.com\/wp-content\/uploads\/2025\/10\/application-of-claas-silage-baler.webp 720w, https:\/\/corn-machines.com\/wp-content\/uploads\/2025\/10\/application-of-claas-silage-baler-300x225.webp 300w, https:\/\/corn-machines.com\/wp-content\/uploads\/2025\/10\/application-of-claas-silage-baler-16x12.webp 16w\" sizes=\"auto, (max-width: 720px) 100vw, 720px\" \/><figcaption class=\"wp-element-caption\">till\u00e4mpning av ensilagebalar<\/figcaption><\/figure> <\/figure>    <p>Balerad ensilage kan anv\u00e4ndas f\u00f6r att f\u00f6da n\u00f6tkreatur, f\u00e5r, kaniner, hjortar, h\u00e4star, grisar, kameler och andra djur, vilket f\u00f6rb\u00e4ttrar utnyttjandet av gr\u00f6dresurser.<\/p>    <figure class=\"wp-block-gallery has-nested-images columns-default is-cropped wp-block-gallery-4 is-layout-flex wp-block-gallery-is-layout-flex\"> <figure class=\"wp-block-image size-large\"><img loading=\"lazy\" decoding=\"async\" width=\"720\" height=\"540\" data-id=\"1096\" src=\"https:\/\/corn-machines.com\/wp-content\/uploads\/2025\/10\/finished-products-of-corn-baler.webp\" alt=\"f\u00e4rdiga produkter av majsbalar\" class=\"wp-image-1096\" srcset=\"https:\/\/corn-machines.com\/wp-content\/uploads\/2025\/10\/finished-products-of-corn-baler.webp 720w, https:\/\/corn-machines.com\/wp-content\/uploads\/2025\/10\/finished-products-of-corn-baler-300x225.webp 300w, https:\/\/corn-machines.com\/wp-content\/uploads\/2025\/10\/finished-products-of-corn-baler-16x12.webp 16w\" sizes=\"auto, (max-width: 720px) 100vw, 720px\" \/><figcaption class=\"wp-element-caption\">f\u00e4rdiga produkter av majsbalar<\/figcaption><\/figure>    <figure class=\"wp-block-image size-large\"><img loading=\"lazy\" decoding=\"async\" width=\"720\" height=\"540\" data-id=\"1097\" src=\"https:\/\/corn-machines.com\/wp-content\/uploads\/2025\/10\/finished-products-of-silage-round-baler.webp\" alt=\"f\u00e4rdiga produkter av ensilage rundbalar\" class=\"wp-image-1097\" srcset=\"https:\/\/corn-machines.com\/wp-content\/uploads\/2025\/10\/finished-products-of-silage-round-baler.webp 720w, https:\/\/corn-machines.com\/wp-content\/uploads\/2025\/10\/finished-products-of-silage-round-baler-300x225.webp 300w, https:\/\/corn-machines.com\/wp-content\/uploads\/2025\/10\/finished-products-of-silage-round-baler-16x12.webp 16w\" sizes=\"auto, (max-width: 720px) 100vw, 720px\" \/><figcaption class=\"wp-element-caption\">f\u00e4rdiga produkter av ensilage rundbalar<\/figcaption><\/figure> <\/figure>    <h2 class=\"wp-block-heading\"><strong>Taizy ensilagebalarmaskin till salu<\/strong><\/h2>    <p>V\u00e5r ensilagebalar maskin finns i tv\u00e5 typer: <\/p>    <ol class=\"wp-block-list\"> <li><strong>TZ-55-52 silage baling and wrapping machine <\/strong><\/li>    <li><strong>9YDB-55 corn baler machine<\/strong>. <\/li> <\/ol>    <h3 class=\"wp-block-heading\"><strong>Typ 1: TZ-55-52 majsbalar maskin<\/strong><\/h3>    <div class=\"wp-block-media-text is-stacked-on-mobile\"><figure class=\"wp-block-media-text__media\"><img loading=\"lazy\" decoding=\"async\" width=\"720\" height=\"540\" src=\"https:\/\/corn-machines.com\/wp-content\/uploads\/2025\/10\/sialge-baling-machine.webp\" alt=\"TZ-55-52 ensilagebalningsmaskin\" class=\"wp-image-1098 size-full\" srcset=\"https:\/\/corn-machines.com\/wp-content\/uploads\/2025\/10\/sialge-baling-machine.webp 720w, https:\/\/corn-machines.com\/wp-content\/uploads\/2025\/10\/sialge-baling-machine-300x225.webp 300w, https:\/\/corn-machines.com\/wp-content\/uploads\/2025\/10\/sialge-baling-machine-16x12.webp 16w\" sizes=\"auto, (max-width: 720px) 100vw, 720px\" \/><\/figure><div class=\"wp-block-media-text__content\"> <p>Denna majsbalning och insvepning maskin kan anv\u00e4ndas f\u00f6r att balera olika gr\u00f6str\u00e5 och ensilage.<\/p>    <p>Den kan anv\u00e4nda b\u00e5de hampa och plastsn\u00f6re.<\/p>    <p>Denna ensilagebalar kan utrustas med antingen elektrisk motor eller dieselmotor.<\/p> <\/div><\/div>    <p>Dess tekniska specifikationer \u00e4r som f\u00f6ljer:<\/p>    <figure class=\"wp-block-table\"><table><tbody><tr><td>Model<\/td><td>TZ-55-52(med motor)<\/td><td>TZ-55-52(dieselmotor)<\/td><\/tr><tr><td>Power<\/td><td>5.5+0.55kw, 3-fas<\/td><td>15hp dieselmotor<\/td><\/tr><tr><td>Balstorlek<\/td><td>\u03a6550*520mm<\/td><td>\u03a6550*520mm<\/td><\/tr><tr><td>Balningshastighet<\/td><td>50-80st\/h, 5-6t\/h<\/td><td>50-80st\/h, 5-6t\/h<\/td><\/tr><tr><td>Maskinstorlek<\/td><td>3380*1370*1300mm<\/td><td>3520*1650*1650mm<\/td><\/tr><tr><td>Maskinvikt<\/td><td>456kg<\/td><td>850kg<\/td><\/tr><tr><td>Balens vikt<\/td><td>65-100kg\/bal<\/td><td>65-100kg\/bal<\/td><\/tr><tr><td>Balens densitet<\/td><td>450-500kg\/m\u00b3<\/td><td>450-500kg\/m\u00b3<\/td><\/tr><tr><td>Filminsvepningshastighet<\/td><td>13s f\u00f6r 2 lager film, 19s f\u00f6r 3 lager film<\/td><td>13s f\u00f6r 2 lager film, 19s f\u00f6r 3 lager film<\/td><\/tr><\/tbody><\/table><figcaption class=\"wp-element-caption\">parametrar f\u00f6r TZ-55-52 ensilagebalar<\/figcaption><\/figure>    <h3 class=\"wp-block-heading\"><strong>Typ 2: 9YDB-55 ensilagebalar<\/strong><\/h3>    <div class=\"wp-block-media-text is-stacked-on-mobile\"><figure class=\"wp-block-media-text__media\"><img loading=\"lazy\" decoding=\"async\" width=\"720\" height=\"540\" src=\"https:\/\/corn-machines.com\/wp-content\/uploads\/2025\/10\/\u5fae\u4fe1\u56fe\u7247_20240716155306-tuya_\u7ed3\u679c.webp\" alt=\"\" class=\"wp-image-1100 size-full\" srcset=\"https:\/\/corn-machines.com\/wp-content\/uploads\/2025\/10\/\u5fae\u4fe1\u56fe\u7247_20240716155306-tuya_\u7ed3\u679c.webp 720w, https:\/\/corn-machines.com\/wp-content\/uploads\/2025\/10\/\u5fae\u4fe1\u56fe\u7247_20240716155306-tuya_\u7ed3\u679c-300x225.webp 300w, https:\/\/corn-machines.com\/wp-content\/uploads\/2025\/10\/\u5fae\u4fe1\u56fe\u7247_20240716155306-tuya_\u7ed3\u679c-16x12.webp 16w\" sizes=\"auto, (max-width: 720px) 100vw, 720px\" \/><\/figure><div class=\"wp-block-media-text__content\"> <p>Denna ensilagebalar kan anv\u00e4nda b\u00e5de plastn\u00e4t och transparent film.<\/p>    <p>Kwenye msingi wa kisanduku cha kuunganisha, tunaweka mkanda mmoja wa kukusanya silage ndogo, unaohudumia kurejesha nyenzo zilizokatwa.<\/p>    <p>Dess balningsram \u00e4r tjockare och har st\u00f6rre yttre lager, vilket g\u00f6r det l\u00e4ttare f\u00f6r underh\u00e5ll.<\/p> <\/div><\/div>    <p>Dess parametrar \u00e4r som f\u00f6ljer:<\/p>    <figure class=\"wp-block-table\"><table class=\"has-fixed-layout\"><tbody><tr><td>Model<\/td><td>9YDB-55<\/td><\/tr><tr><td>Power<\/td><td>5.5+0.55kw<\/td><\/tr><tr><td>Balstorlek<\/td><td>\u03a6550*520mm<\/td><\/tr><tr><td>Balningshastighet<\/td><td>50-65st\/h, 5-6t\/h<\/td><\/tr><tr><td>Maskinstorlek<\/td><td>3500*1500*1600mm<\/td><\/tr><tr><td>Maskinvikt<\/td><td>500kg<\/td><\/tr><tr><td>Balens vikt<\/td><td>65-100kg\/bal<\/td><\/tr><tr><td>Balens densitet<\/td><td>450-500kg\/m\u00b3<\/td><\/tr><tr><td>Filminsvepningshastighet<\/td><td>13s f\u00f6r 2 lager film, 19s f\u00f6r 3 lager film<\/td><\/tr><\/tbody><\/table><figcaption class=\"wp-element-caption\">parametrar f\u00f6r 9YDB-55 majsbalarmaskin<\/figcaption><\/figure>    <h2 class=\"wp-block-heading\"><strong>Kompatibla maskiner f\u00f6r ensilagebalar och insvepare<\/strong><\/h2>    <p>F\u00f6rutom att arbeta ensam kan denna ensilagebalarmaskin ocks\u00e5 anv\u00e4ndas tillsammans med hackmaskin och foderbeh\u00e5llare. Kombinationen av de tre kommer att resultera i h\u00f6gre effektivitet.<\/p>    <figure class=\"wp-block-gallery has-nested-images columns-default is-cropped wp-block-gallery-5 is-layout-flex wp-block-gallery-is-layout-flex\"> <figure class=\"wp-block-image size-large\"><img loading=\"lazy\" decoding=\"async\" width=\"720\" height=\"540\" data-id=\"1106\" src=\"https:\/\/corn-machines.com\/wp-content\/uploads\/2025\/10\/chaff-cutter-silage-baling-and-wrapping-mahcine.webp\" alt=\"chaff cutter &amp; silage baling and wrapping machine\" class=\"wp-image-1106\" srcset=\"https:\/\/corn-machines.com\/wp-content\/uploads\/2025\/10\/chaff-cutter-silage-baling-and-wrapping-mahcine.webp 720w, https:\/\/corn-machines.com\/wp-content\/uploads\/2025\/10\/chaff-cutter-silage-baling-and-wrapping-mahcine-300x225.webp 300w, https:\/\/corn-machines.com\/wp-content\/uploads\/2025\/10\/chaff-cutter-silage-baling-and-wrapping-mahcine-16x12.webp 16w\" sizes=\"auto, (max-width: 720px) 100vw, 720px\" \/><figcaption class=\"wp-element-caption\">hackmaskin &amp; ensilagebalning och insvepning maskin<\/figcaption><\/figure>    <figure class=\"wp-block-image size-large\"><img loading=\"lazy\" decoding=\"async\" width=\"720\" height=\"540\" data-id=\"1107\" src=\"https:\/\/corn-machines.com\/wp-content\/uploads\/2025\/10\/feed-bin-silage-baler.webp\" alt=\"sanduku la kuingizia malisho &amp; silage baler\" class=\"wp-image-1107\" srcset=\"https:\/\/corn-machines.com\/wp-content\/uploads\/2025\/10\/feed-bin-silage-baler.webp 720w, https:\/\/corn-machines.com\/wp-content\/uploads\/2025\/10\/feed-bin-silage-baler-300x225.webp 300w, https:\/\/corn-machines.com\/wp-content\/uploads\/2025\/10\/feed-bin-silage-baler-16x12.webp 16w\" sizes=\"auto, (max-width: 720px) 100vw, 720px\" \/><figcaption class=\"wp-element-caption\">foderbeh\u00e5llare &amp; ensilagebalar<\/figcaption><\/figure> <\/figure>    <p class=\"translation-block\"><strong>Chaff cutter<\/strong>: The chaff cutter is responsible for chopping raw materials such as pasture grass, corn stalks, or soybean stalks into suitable lengths in preparation for subsequent baling.<\/p>    <figure class=\"wp-block-embed is-type-video is-provider-youtube wp-block-embed-youtube wp-embed-aspect-9-16 wp-has-aspect-ratio\"><div class=\"wp-block-embed__wrapper\"> <iframe loading=\"lazy\" title=\"Chaff Cutter And Silage Baler And Wrapper Machine | Work Process of Chaff Cutter &amp; Corn Silage Baler\" width=\"422\" height=\"750\" src=\"https:\/\/www.youtube.com\/embed\/b9J152oU6a8?feature=oembed\" frameborder=\"0\" allow=\"accelerometer; autoplay; clipboard-write; encrypted-media; gyroscope; picture-in-picture; web-share\" referrerpolicy=\"strict-origin-when-cross-origin\" allowfullscreen><\/iframe> <\/div><figcaption class=\"wp-element-caption\">work process of chaff cutter &amp; silage baler <\/figcaption><\/figure>    <p class=\"translation-block\"><strong>Feeding bin<\/strong>: The feed bin can temporarily store materials and uniformly convey them to the baling and wrapping machine, ensuring continuous and stable feeding and improving efficiency.<\/p>    <figure class=\"wp-block-embed is-type-video is-provider-youtube wp-block-embed-youtube wp-embed-aspect-9-16 wp-has-aspect-ratio\"><div class=\"wp-block-embed__wrapper\"> <iframe loading=\"lazy\" title=\"Feeding Bin &amp; Corn Silage Baling and Wrapping Machine \u2014\u2014High Efficiency, Fully Automatic\" width=\"422\" height=\"750\" src=\"https:\/\/www.youtube.com\/embed\/R33Ts10gwOw?feature=oembed\" frameborder=\"0\" allow=\"accelerometer; autoplay; clipboard-write; encrypted-media; gyroscope; picture-in-picture; web-share\" referrerpolicy=\"strict-origin-when-cross-origin\" allowfullscreen><\/iframe> <\/div><figcaption class=\"wp-element-caption\">work video of feeding bin &amp; silage baler machine<\/figcaption><\/figure>    <h2 class=\"wp-block-heading\"><strong>Priser f\u00f6r ensilagebalsinsvepare och k\u00f6pguide<\/strong><\/h2>    <p>Priset p\u00e5 ensilagebalar och insvepare beror fr\u00e4mst p\u00e5 modellen, produktionen och graden av automatisering. Ju mer omfattande funktionerna och ju h\u00f6gre produktion, desto h\u00f6gre pris. Dessutom best\u00e4mmer antalet filmlager och det anv\u00e4nda materialet ocks\u00e5 prisdifferenser.<\/p>    <figure class=\"wp-block-gallery has-nested-images columns-default is-cropped wp-block-gallery-6 is-layout-flex wp-block-gallery-is-layout-flex\"> <figure class=\"wp-block-image size-large\"><img loading=\"lazy\" decoding=\"async\" width=\"720\" height=\"540\" data-id=\"1101\" src=\"https:\/\/corn-machines.com\/wp-content\/uploads\/2025\/10\/silage-baling-and-wrapping-machine-1.webp\" alt=\"ensilagebalning och insvepning maskin\" class=\"wp-image-1101\" srcset=\"https:\/\/corn-machines.com\/wp-content\/uploads\/2025\/10\/silage-baling-and-wrapping-machine-1.webp 720w, https:\/\/corn-machines.com\/wp-content\/uploads\/2025\/10\/silage-baling-and-wrapping-machine-1-300x225.webp 300w, https:\/\/corn-machines.com\/wp-content\/uploads\/2025\/10\/silage-baling-and-wrapping-machine-1-16x12.webp 16w\" sizes=\"auto, (max-width: 720px) 100vw, 720px\" \/><figcaption class=\"wp-element-caption\">ensilagebalning och insvepning maskin<\/figcaption><\/figure>    <figure class=\"wp-block-image size-large\"><img loading=\"lazy\" decoding=\"async\" width=\"720\" height=\"540\" data-id=\"1102\" src=\"https:\/\/corn-machines.com\/wp-content\/uploads\/2025\/10\/corn-silage-round-baler.webp\" alt=\"majs ensilage rundbalar\" class=\"wp-image-1102\" srcset=\"https:\/\/corn-machines.com\/wp-content\/uploads\/2025\/10\/corn-silage-round-baler.webp 720w, https:\/\/corn-machines.com\/wp-content\/uploads\/2025\/10\/corn-silage-round-baler-300x225.webp 300w, https:\/\/corn-machines.com\/wp-content\/uploads\/2025\/10\/corn-silage-round-baler-16x12.webp 16w\" sizes=\"auto, (max-width: 720px) 100vw, 720px\" \/><figcaption class=\"wp-element-caption\">majs ensilage rundbalar<\/figcaption><\/figure> <\/figure>    <p>Vid k\u00f6p av ensilagebalarmaskin, v\u00e4lj l\u00e4mplig modell baserat p\u00e5 g\u00e5rdens storlek, fodertyp och driftsomr\u00e5de. Prioritera ocks\u00e5 eftermarknadstj\u00e4nst och tekniskt st\u00f6d, v\u00e4lj en leverant\u00f6r med omfattande erfarenhet.<\/p>    <h2 class=\"wp-block-heading\"><strong>Varf\u00f6r v\u00e4lja Taizy majsbalarmaskin?<\/strong><\/h2>    <p>Att v\u00e4lja Taizy som din leverant\u00f6r av ensilagebalar maskin garanterar effektivitet och tillf\u00f6rlitlighet. Vi har m\u00e5nga \u00e5rs erfarenhet av produktion och export av jordbruksmaskiner, med produkter exporterade till l\u00e4nder som Kenya, Nigeria och USA, vilket ger oss ett djupt kundf\u00f6rtroende.<\/p>    <figure class=\"wp-block-gallery has-nested-images columns-default is-cropped wp-block-gallery-7 is-layout-flex wp-block-gallery-is-layout-flex\"> <figure class=\"wp-block-image size-large\"><img loading=\"lazy\" decoding=\"async\" width=\"720\" height=\"540\" data-id=\"1103\" src=\"https:\/\/corn-machines.com\/wp-content\/uploads\/2025\/10\/maize-baler-baler-and-wrapper.webp\" alt=\"majsbalar och insvepare\" class=\"wp-image-1103\" srcset=\"https:\/\/corn-machines.com\/wp-content\/uploads\/2025\/10\/maize-baler-baler-and-wrapper.webp 720w, https:\/\/corn-machines.com\/wp-content\/uploads\/2025\/10\/maize-baler-baler-and-wrapper-300x225.webp 300w, https:\/\/corn-machines.com\/wp-content\/uploads\/2025\/10\/maize-baler-baler-and-wrapper-16x12.webp 16w\" sizes=\"auto, (max-width: 720px) 100vw, 720px\" \/><figcaption class=\"wp-element-caption\">majsbalar och insvepare<\/figcaption><\/figure>    <figure class=\"wp-block-image size-large\"><img loading=\"lazy\" decoding=\"async\" width=\"720\" height=\"540\" data-id=\"1105\" src=\"https:\/\/corn-machines.com\/wp-content\/uploads\/2025\/10\/silage-baler-machine-1.webp\" alt=\"ensilagebalar maskin\" class=\"wp-image-1105\" srcset=\"https:\/\/corn-machines.com\/wp-content\/uploads\/2025\/10\/silage-baler-machine-1.webp 720w, https:\/\/corn-machines.com\/wp-content\/uploads\/2025\/10\/silage-baler-machine-1-300x225.webp 300w, https:\/\/corn-machines.com\/wp-content\/uploads\/2025\/10\/silage-baler-machine-1-16x12.webp 16w\" sizes=\"auto, (max-width: 720px) 100vw, 720px\" \/><figcaption class=\"wp-element-caption\">ensilagebalar maskin<\/figcaption><\/figure> <\/figure>    <p>Vi erbjuder skr\u00e4ddarsydda tj\u00e4nster, inklusive justeringar av balstorlek och d\u00e4ckstorlek. Dessutom har Taizy ett omfattande eftermarknadssystem, inklusive teknisk v\u00e4gledning, installationsutbildning och reservdelsf\u00f6rs\u00f6rjning, f\u00f6r att hj\u00e4lpa kunder att uppn\u00e5 l\u00f6nsam tillv\u00e4xt.<\/p>    <h2 class=\"wp-block-heading\"><strong>Kontakta oss omedelbart!<\/strong><\/h2>    <p class=\"translation-block\">Om du letar efter en effektiv och h\u00e5llbar ensilagebalar maskin, kontakta oss nu. Vi erbjuder inte bara ensilagebalning och insvepningsutrustning, utan ocks\u00e5 levererar<a href=\"https:\/\/corn-machines.com\/sw\/product\/corn-silage-harvester-machine\/\">ensilage sk\u00f6rdare<\/a>och annan relaterad jordbruksmaskin, vilket ger dig en helhetsl\u00f6sning fr\u00e5n sk\u00f6rd till ensilagebalning.<\/p>","protected":false},"excerpt":{"rendered":"<p>This article focuses on the functions, applications, and structure of the silage baler machine. Taizy silage baling and wrapping machine can bale corn stalks, vanilla, sorghum stalks, and other silage at a rate of 5-6 tons\/hour. The bale size is  \u03a6550 x 520 mm.<\/p>","protected":false},"author":1,"featured_media":1108,"parent":0,"template":"","tags":[82],"product-type":[86],"class_list":["post-1079","product","type-product","status-publish","has-post-thumbnail","hentry","tag-silage","product-type-corn-silage-processing-machine"],"_links":{"self":[{"href":"https:\/\/corn-machines.com\/sw\/wp-json\/wp\/v2\/product\/1079","targetHints":{"allow":["GET"]}}],"collection":[{"href":"https:\/\/corn-machines.com\/sw\/wp-json\/wp\/v2\/product"}],"about":[{"href":"https:\/\/corn-machines.com\/sw\/wp-json\/wp\/v2\/types\/product"}],"author":[{"embeddable":true,"href":"https:\/\/corn-machines.com\/sw\/wp-json\/wp\/v2\/users\/1"}],"wp:featuredmedia":[{"embeddable":true,"href":"https:\/\/corn-machines.com\/sw\/wp-json\/wp\/v2\/media\/1108"}],"wp:attachment":[{"href":"https:\/\/corn-machines.com\/sw\/wp-json\/wp\/v2\/media?parent=1079"}],"wp:term":[{"taxonomy":"post_tag","embeddable":true,"href":"https:\/\/corn-machines.com\/sw\/wp-json\/wp\/v2\/tags?post=1079"},{"taxonomy":"product-type","embeddable":true,"href":"https:\/\/corn-machines.com\/sw\/wp-json\/wp\/v2\/product-type?post=1079"}],"curies":[{"name":"[\"wp\"]","href":"https:\/\/api.w.org\/{rel}","templated":true}]}}