{"id":1061,"date":"2025-10-17T15:32:17","date_gmt":"2025-10-17T07:32:17","guid":{"rendered":"https:\/\/corn-machines.com\/?post_type=product&#038;p=1061"},"modified":"2025-10-20T14:06:57","modified_gmt":"2025-10-20T06:06:57","slug":"maize-threshing-machine","status":"publish","type":"product","link":"https:\/\/corn-machines.com\/sw\/product\/maize-threshing-machine\/","title":{"rendered":"M\u00e1ize threshing machine for shelling corn"},"content":{"rendered":"<p class=\"translation-block\">h\u00e4r <strong>has vikt majs sk\u00f6rdare<\/strong> anv\u00e4nds i huvudsak f\u00f6r att separera majsk\u00e4rnor fr\u00e5n kolvar. V\u00e5r majsavl\u00e4gsnare \u00e4r mycket effektiv, n\u00e5r en produktionstakt p\u00e5 2 000\u20133 000 kg\/h, och dess sk\u00f6rdetakt kan \u00f6verstiga 99%.<\/p>    <p>Taizy majs tr\u00f6skmaskin \u00e4r enkel att anv\u00e4nda, mycket effektiv, har h\u00f6g tr\u00f6skningseffektivitet och minimerar skador. D\u00e4rf\u00f6r \u00e4r den popul\u00e4r \u00f6ver hela v\u00e4rlden och har exporterats till l\u00e4nder som Sudan, Indien och Nigeria. Om du beh\u00f6ver majs tr\u00f6skmaskin, kontakta oss idag f\u00f6r en kostnadsfri konsultation.<\/p>    <figure class=\"wp-block-embed is-type-video is-provider-youtube wp-block-embed-youtube wp-embed-aspect-16-9 wp-has-aspect-ratio\"><div class=\"wp-block-embed__wrapper\"> <iframe loading=\"lazy\" title=\"Mashine ya Kuokota Mahindi Kiotomatiki | Mashine ya Kuondoa Maganda ya Mahindi yenye Ufanisi wa Juu kwa Kuokota Mahindi\" width=\"500\" height=\"281\" src=\"https:\/\/www.youtube.com\/embed\/ajgutRLRBik?feature=oembed\" frameborder=\"0\" allow=\"accelerometer; autoplay; clipboard-write; encrypted-media; gyroscope; picture-in-picture; web-share\" referrerpolicy=\"strict-origin-when-cross-origin\" allowfullscreen><\/iframe> <\/div><figcaption class=\"wp-element-caption\">mchakato wa kazi wa mashine ya kuokota mahindi<\/figcaption><\/figure>    <h2 class=\"wp-block-heading\"><strong>Utm\u00e4rkta egenskaper hos majs-skalaren maskin<\/strong><\/h2>    <ul class=\"wp-block-list\"> <li><strong>Ufanisi wa juu<\/strong>: Kukamua kwetu mahindi kunachukua bandari ya kulisha wima yenye kipenyo kikubwa cha 440\u00d7440mm, na ufanisi wa kukamua unaweza kufikia 2000-3000kg\/h, ambayo inahifadhi muda wa operesheni ya mikono.<\/li>    <li><strong>Athari nzuri ya kukamua<\/strong>: Mashine ya kukamua mahindi ya Taizy inachukua muundo wa kipekee wa nyundo ya spiral, ambayo inaruhusu mahindi makavu na mahindi ya mvua kukamuliwa kwa urahisi, kwa kiwango cha kukamua cha &gt;99% na mbegu za mahindi ziko salama na hazijavunjwa.<\/li>    <li><strong>Utendaji thabiti<\/strong>: Mashine hii ya kukamua mahindi inatumia motor ya msingi ya shaba safi, ambayo inaweza kufanya kazi kwa muda mrefu bila kujaa joto kwa urahisi, ikihakikisha uendeshaji wa mashine unaoendelea na wenye ufanisi.<\/li>    <li><strong>Muda mrefu wa huduma<\/strong>: Mwili wake unachukua teknolojia ya kupaka umeme, uso ni laini na mzuri, na ina upinzani mzuri wa unyevu na kutu, na muda mrefu wa huduma.<\/li>    <li><strong>Uwezo mkubwa wa kubadilika<\/strong>: Mashine yetu ya kuondoa ganda ya mahindi inaweza kuwekewa matairi makubwa chini, ikifanya iwe rahisi kuhamasisha na kukidhi mahitaji ya hali tofauti za uendeshaji.<\/li> <\/ul>    <figure class=\"wp-block-gallery has-nested-images columns-default is-cropped wp-block-gallery-2 is-layout-flex wp-block-gallery-is-layout-flex\"> <figure class=\"wp-block-image size-large\"><img loading=\"lazy\" decoding=\"async\" width=\"720\" height=\"540\" data-id=\"1062\" src=\"https:\/\/corn-machines.com\/wp-content\/uploads\/2025\/10\/corn-sheller-machine.webp\" alt=\"majsnagsmaskin\" class=\"wp-image-1062\" srcset=\"https:\/\/corn-machines.com\/wp-content\/uploads\/2025\/10\/corn-sheller-machine.webp 720w, https:\/\/corn-machines.com\/wp-content\/uploads\/2025\/10\/corn-sheller-machine-300x225.webp 300w, https:\/\/corn-machines.com\/wp-content\/uploads\/2025\/10\/corn-sheller-machine-16x12.webp 16w\" sizes=\"auto, (max-width: 720px) 100vw, 720px\" \/><figcaption class=\"wp-element-caption\">majsnagsmaskin<\/figcaption><\/figure>    <figure class=\"wp-block-image size-large\"><img loading=\"lazy\" decoding=\"async\" width=\"720\" height=\"540\" data-id=\"1063\" src=\"https:\/\/corn-machines.com\/wp-content\/uploads\/2025\/10\/corn-thresher.webp\" alt=\"chombo cha kuchumbia mahindi\" class=\"wp-image-1063\" srcset=\"https:\/\/corn-machines.com\/wp-content\/uploads\/2025\/10\/corn-thresher.webp 720w, https:\/\/corn-machines.com\/wp-content\/uploads\/2025\/10\/corn-thresher-300x225.webp 300w, https:\/\/corn-machines.com\/wp-content\/uploads\/2025\/10\/corn-thresher-16x12.webp 16w\" sizes=\"auto, (max-width: 720px) 100vw, 720px\" \/><figcaption class=\"wp-element-caption\">chombo cha kuchumbia mahindi<\/figcaption><\/figure> <\/figure>    <h2 class=\"wp-block-heading\"><strong>Struktur av majs tr\u00f6skmaskin<\/strong><\/h2>    <p>Taizy majs tr\u00f6skmaskin har en kompakt och rimlig struktur, s\u00e5 den \u00e4r l\u00e4tt att anv\u00e4nda. Den best\u00e5r huvudsakligen av avtagbar inmatning, kraftsystem (kan utrustas med dieselmotor eller elmotor), majsk\u00e4rnans utlopp, majsstj\u00e4lkens utlopp, stora d\u00e4ck och draget ram.<\/p>   <div class=\"wp-block-image\"> <figure class=\"aligncenter size-full\"><img loading=\"lazy\" decoding=\"async\" width=\"720\" height=\"540\" src=\"https:\/\/corn-machines.com\/wp-content\/uploads\/2025\/10\/structure-of-corn-shelling-machine.webp\" alt=\"struktur av majs skalarmaskin\" class=\"wp-image-1071\" srcset=\"https:\/\/corn-machines.com\/wp-content\/uploads\/2025\/10\/structure-of-corn-shelling-machine.webp 720w, https:\/\/corn-machines.com\/wp-content\/uploads\/2025\/10\/structure-of-corn-shelling-machine-300x225.webp 300w, https:\/\/corn-machines.com\/wp-content\/uploads\/2025\/10\/structure-of-corn-shelling-machine-16x12.webp 16w\" sizes=\"auto, (max-width: 720px) 100vw, 720px\" \/><figcaption class=\"wp-element-caption\">struktur av majs skalarmaskin<\/figcaption><\/figure> <\/div>   <h2 class=\"wp-block-heading\"><strong>Parametrar f\u00f6r majs tr\u00f6skmaskin<\/strong><\/h2>    <p>Parametrarna f\u00f6r Taizy majs tr\u00f6skmaskin visas i f\u00f6ljande tabell.<\/p>    <figure class=\"wp-block-table\"><table class=\"has-fixed-layout\"><tbody><tr><td>Model<\/td><td>TZ-650<\/td><\/tr><tr><td>Tr\u00f6skningseffektivitet<\/td><td>2000-3000kg\/h<\/td><\/tr><tr><td>Threshing rate<\/td><td>&gt;99%<\/td><\/tr><tr><td>Motorkraft<\/td><td>3.5hp<\/td><\/tr><tr><td>Inloppets storlek<\/td><td>440*440mm<\/td><\/tr><tr><td>Maskinstorlek<\/td><td>900*930*430mm<\/td><\/tr><tr><td>Maskinvikt<\/td><td>45kg<\/td><\/tr><\/tbody><\/table><figcaption class=\"wp-element-caption\">parametrar f\u00f6r majs skalarmaskin<\/figcaption><\/figure>    <h2 class=\"wp-block-heading\"><strong>F\u00f6rdelar med tr\u00f6skning av majs<\/strong><\/h2>    <p>Majs skalning \u00e4r en viktig process efter majs sk\u00f6rd. Det finns m\u00e5nga f\u00f6rdelar med att skala majs.<\/p>    <ul class=\"wp-block-list\"> <li>Baada ya mahindi kuondolewa ganda, kiasi chake kinapungua kwa kiasi kikubwa, na kuifanya kuwa <strong>rahisi kubeba na kusafirisha<\/strong>. Hifadhi pia inakuwa rahisi na salama.<\/li>    <li>Mbegu za mahindi zilizondolewa ganda zinaweza kutumika moja kwa moja kwa usindikaji wa chakula, uzalishaji wa chakula cha mifugo, au uchimbaji wa mafuta, wakati makonde ya mahindi yanaweza pia kutumika tena kama mafuta, chakula cha mifugo, au malighafi za viwanda, <strong>kuongeza thamani ya kiuchumi kwa ujumla<\/strong>.<\/li>    <li>Masikio ya mahindi yasiyokamuliwa yana unyevu mwingi, na kuifanya kuwa rahisi kwa kuota na wadudu. Kukamua na kukausha kwa ufanisi <strong>kupunguza kiwango cha unyevu wa mahindi<\/strong>, kuzuia uharibifu na kuongeza muda wa kuhifadhi.<\/li>    <li>Mbegu za mahindi zilizokamuliwa zinaweza kuingia moja kwa moja kwenye viungo vya usindikaji vinavyofuata, kama vile kuondoa ganda, kusaga, kutengeneza unga, na kutengeneza mwandiko, ambayo <strong>inaboresha kwa kiasi kikubwa ufanisi wa usindikaji<\/strong>.<\/li> <\/ul>    <figure class=\"wp-block-gallery has-nested-images columns-default is-cropped wp-block-gallery-3 is-layout-flex wp-block-gallery-is-layout-flex\"> <figure class=\"wp-block-image size-large\"><img loading=\"lazy\" decoding=\"async\" width=\"720\" height=\"540\" data-id=\"1065\" src=\"https:\/\/corn-machines.com\/wp-content\/uploads\/2025\/10\/maize-threshing-machine.webp\" alt=\"mashine ya kupalilia mahindi\" class=\"wp-image-1065\" srcset=\"https:\/\/corn-machines.com\/wp-content\/uploads\/2025\/10\/maize-threshing-machine.webp 720w, https:\/\/corn-machines.com\/wp-content\/uploads\/2025\/10\/maize-threshing-machine-300x225.webp 300w, https:\/\/corn-machines.com\/wp-content\/uploads\/2025\/10\/maize-threshing-machine-16x12.webp 16w\" sizes=\"auto, (max-width: 720px) 100vw, 720px\" \/><figcaption class=\"wp-element-caption\">mashine ya kupalilia mahindi<\/figcaption><\/figure>    <figure class=\"wp-block-image size-large\"><img loading=\"lazy\" decoding=\"async\" width=\"720\" height=\"540\" data-id=\"1064\" src=\"https:\/\/corn-machines.com\/wp-content\/uploads\/2025\/10\/threshing-effect-of-corn-thresher.webp\" alt=\"tr\u00f6skningseffekt av majs tr\u00f6skmaskin\" class=\"wp-image-1064\" srcset=\"https:\/\/corn-machines.com\/wp-content\/uploads\/2025\/10\/threshing-effect-of-corn-thresher.webp 720w, https:\/\/corn-machines.com\/wp-content\/uploads\/2025\/10\/threshing-effect-of-corn-thresher-300x225.webp 300w, https:\/\/corn-machines.com\/wp-content\/uploads\/2025\/10\/threshing-effect-of-corn-thresher-16x12.webp 16w\" sizes=\"auto, (max-width: 720px) 100vw, 720px\" \/><figcaption class=\"wp-element-caption\">tr\u00f6skningseffekt av majs tr\u00f6skmaskin<\/figcaption><\/figure> <\/figure>    <h2 class=\"wp-block-heading\"><strong>Pris f\u00f6r majs skalarmaskin<\/strong><\/h2>    <p>Priset p\u00e5 majs tr\u00f6skmaskin p\u00e5verkas av flera faktorer, inklusive maskinmodell, utg\u00e5ng, material, energik\u00e4lla och konfiguration. Generellt sett kommer h\u00f6gre utg\u00e5ng, fler funktioner och mer h\u00e5llbara material att resultera i h\u00f6gre priser.<\/p>   <div class=\"wp-block-image\"> <figure class=\"aligncenter size-full\"><img loading=\"lazy\" decoding=\"async\" width=\"720\" height=\"540\" src=\"https:\/\/corn-machines.com\/wp-content\/uploads\/2025\/10\/corn-threshing-machine.webp\" alt=\"mashine ya kuchumbia mahindi\" class=\"wp-image-1066\" srcset=\"https:\/\/corn-machines.com\/wp-content\/uploads\/2025\/10\/corn-threshing-machine.webp 720w, https:\/\/corn-machines.com\/wp-content\/uploads\/2025\/10\/corn-threshing-machine-300x225.webp 300w, https:\/\/corn-machines.com\/wp-content\/uploads\/2025\/10\/corn-threshing-machine-16x12.webp 16w\" sizes=\"auto, (max-width: 720px) 100vw, 720px\" \/><figcaption class=\"wp-element-caption\">mashine ya kuchumbia mahindi<\/figcaption><\/figure> <\/div>   <p>N\u00e4r man k\u00f6per majs tr\u00f6skmaskin b\u00f6r anv\u00e4ndare inte bara \u00f6verv\u00e4ga pris utan \u00e4ven kvalitet och prestanda. En h\u00f6gkvalitativ majs tr\u00f6skmaskin f\u00f6rb\u00e4ttrar inte bara effektiviteten utan minskar ocks\u00e5 kornbrytning och f\u00f6rl\u00e4nger livsl\u00e4ngden, vilket g\u00f6r den mer kostnadseffektiv p\u00e5 l\u00e5ng sikt.<\/p>    <h2 class=\"wp-block-heading\"><strong>Varf\u00f6r v\u00e4lja Taizy som din fr\u00e4msta leverant\u00f6r?<\/strong><\/h2>    <ul class=\"wp-block-list\"> <li>Kama mtengenezaji wa mashine za kilimo mwenye utaalamu, Taizy ina <strong>uzoefu mpana wa uzalishaji na usafirishaji<\/strong>, ikituwezesha kutoa vifaa na suluhisho zilizobinafsishwa kwa mahitaji maalum ya wateja katika maeneo mbalimbali.<\/li>    <li>Tunashughulikia uzalishaji na uuzaji wa bidhaa zetu wenyewe. Njia hii inahakikisha ubora wa bidhaa unaoendelea wakati inapoleta kupunguza gharama kwa kiasi kikubwa, na kutuwezesha kutoa wateja vifaa vyenye <strong>faida kubwa za bei<\/strong>.<\/li>    <li>Katika suala la huduma, tumekuwa na <strong>mfumo wa huduma baada ya mauzo wa kina<\/strong>, kutoa huduma za moja kwa moja ikiwa ni pamoja na mwongozo wa kiufundi, ufungaji na uanzishaji, na mafunzo ya waendeshaji.<\/li>    <li>Taizy inatoa anuwai kamili ya mashine, ikitoa wateja suluhisho kamili za vifaa vya usindikaji wa mahindi, ikiwa ni pamoja na <a href=\"https:\/\/corn-machines.com\/sw\/product\/mini-corn-harvesting-machine-maize-picker-machine\/\">mashine ya kuvuna mahindi<\/a>, <a href=\"https:\/\/corn-machines.com\/sw\/product\/mobile-grain-dryer-for-drying-grain\/\">kikavu cha mahindi<\/a>, <a href=\"https:\/\/corn-machines.com\/sw\/product\/corn-grits-machine\/\">mwandiko wa mahindi<\/a>, na zaidi.<\/li> <\/ul>    <figure class=\"wp-block-gallery has-nested-images columns-default is-cropped wp-block-gallery-4 is-layout-flex wp-block-gallery-is-layout-flex\"> <figure class=\"wp-block-image size-large\"><img loading=\"lazy\" decoding=\"async\" width=\"720\" height=\"540\" data-id=\"1067\" src=\"https:\/\/corn-machines.com\/wp-content\/uploads\/2025\/10\/maize-thresher-machine.webp\" alt=\"majsnagsmaskin\" class=\"wp-image-1067\" srcset=\"https:\/\/corn-machines.com\/wp-content\/uploads\/2025\/10\/maize-thresher-machine.webp 720w, https:\/\/corn-machines.com\/wp-content\/uploads\/2025\/10\/maize-thresher-machine-300x225.webp 300w, https:\/\/corn-machines.com\/wp-content\/uploads\/2025\/10\/maize-thresher-machine-16x12.webp 16w\" sizes=\"auto, (max-width: 720px) 100vw, 720px\" \/><figcaption class=\"wp-element-caption\">majsnagsmaskin<\/figcaption><\/figure>    <figure class=\"wp-block-image size-large\"><img loading=\"lazy\" decoding=\"async\" width=\"720\" height=\"540\" data-id=\"1068\" src=\"https:\/\/corn-machines.com\/wp-content\/uploads\/2025\/10\/maize-thresher.webp\" alt=\"chombo cha kuchumbia mahindi\" class=\"wp-image-1068\" srcset=\"https:\/\/corn-machines.com\/wp-content\/uploads\/2025\/10\/maize-thresher.webp 720w, https:\/\/corn-machines.com\/wp-content\/uploads\/2025\/10\/maize-thresher-300x225.webp 300w, https:\/\/corn-machines.com\/wp-content\/uploads\/2025\/10\/maize-thresher-16x12.webp 16w\" sizes=\"auto, (max-width: 720px) 100vw, 720px\" \/><figcaption class=\"wp-element-caption\">chombo cha kuchumbia mahindi<\/figcaption><\/figure> <\/figure>    <h2 class=\"wp-block-heading\"><strong>Framg\u00e5ngsfall av majstr\u00f6ske-maskin<\/strong><\/h2>    <p class=\"translation-block\"><strong>Taizy framg\u00e5ngsrikt exporterat 48 majs tr\u00f6skare till Sudan<\/strong><\/p>    <p>Efter framg\u00e5ng i ett statligt anbud valde den lokala klienten Taizy som utrustningsleverant\u00f6r. Efter noggranna j\u00e4mf\u00f6relser valde klienten Taizy som sin leverant\u00f6r, fr\u00e4mst p\u00e5 grund av den stabila prestandan och rimliga priset p\u00e5 v\u00e5r majs tr\u00f6skmaskin.<\/p>   <div class=\"wp-block-image\"> <figure class=\"aligncenter size-full\"><img loading=\"lazy\" decoding=\"async\" width=\"720\" height=\"540\" src=\"https:\/\/corn-machines.com\/wp-content\/uploads\/2025\/10\/maize-sheller-machine.webp\" alt=\"majs skalare maskin\" class=\"wp-image-1069\" srcset=\"https:\/\/corn-machines.com\/wp-content\/uploads\/2025\/10\/maize-sheller-machine.webp 720w, https:\/\/corn-machines.com\/wp-content\/uploads\/2025\/10\/maize-sheller-machine-300x225.webp 300w, https:\/\/corn-machines.com\/wp-content\/uploads\/2025\/10\/maize-sheller-machine-16x12.webp 16w\" sizes=\"auto, (max-width: 720px) 100vw, 720px\" \/><figcaption class=\"wp-element-caption\">majs skalare maskin<\/figcaption><\/figure> <\/div>   <p>Denna sats av majs-skalare har satts i drift i Sudan. Kundernas feedback indikerar att murs k\u00f6rmaskiner levererar ren skalning och h\u00f6g effektivitet, vilket avsev\u00e4rt \u00f6kar lokal majs bearbetningskapacitet. <\/p>    <h2 class=\"wp-block-heading\"><strong>Kontakta oss omedelbart!<\/strong><\/h2>    <p>Att anv\u00e4nda majsst\u00f6taren f\u00f6rb\u00e4ttrar inte bara effektiviteten vid sk\u00f6rd och minskar arbetskostnaderna, utan s\u00e4kerst\u00e4ller ocks\u00e5 hela och rena k\u00e4rnor, vilket underl\u00e4ttar f\u00f6rvaring och transport. Det \u00e4r en idealisk, effektiv och p\u00e5litlig enhet f\u00f6r modern jordbruk.<\/p>    <p>Kontakta oss idag f\u00f6r mer information och en offert. Vi kommer att tillhandah\u00e5lla gratis teknisk konsultation och den b\u00e4sta l\u00f6sningen.<\/p>","protected":false},"excerpt":{"rendered":"<p>The maize threshing machine can quickly and efficiently separate corn kernels from the cob. It&#8217;s a vital piece of equipment in agricultural production. This article describes the features, advantages, and specifications of a corn thresher for your reference.<\/p>","protected":false},"author":1,"featured_media":1070,"parent":0,"template":"","tags":[42,43],"product-type":[4],"class_list":["post-1061","product","type-product","status-publish","has-post-thumbnail","hentry","tag-corn","tag-maize","product-type-corn-thresher-machine"],"_links":{"self":[{"href":"https:\/\/corn-machines.com\/sw\/wp-json\/wp\/v2\/product\/1061","targetHints":{"allow":["GET"]}}],"collection":[{"href":"https:\/\/corn-machines.com\/sw\/wp-json\/wp\/v2\/product"}],"about":[{"href":"https:\/\/corn-machines.com\/sw\/wp-json\/wp\/v2\/types\/product"}],"author":[{"embeddable":true,"href":"https:\/\/corn-machines.com\/sw\/wp-json\/wp\/v2\/users\/1"}],"wp:featuredmedia":[{"embeddable":true,"href":"https:\/\/corn-machines.com\/sw\/wp-json\/wp\/v2\/media\/1070"}],"wp:attachment":[{"href":"https:\/\/corn-machines.com\/sw\/wp-json\/wp\/v2\/media?parent=1061"}],"wp:term":[{"taxonomy":"post_tag","embeddable":true,"href":"https:\/\/corn-machines.com\/sw\/wp-json\/wp\/v2\/tags?post=1061"},{"taxonomy":"product-type","embeddable":true,"href":"https:\/\/corn-machines.com\/sw\/wp-json\/wp\/v2\/product-type?post=1061"}],"curies":[{"name":"[\"wp\"]","href":"https:\/\/api.w.org\/{rel}","templated":true}]}}