{"id":1038,"date":"2025-10-11T14:23:16","date_gmt":"2025-10-11T06:23:16","guid":{"rendered":"https:\/\/corn-machines.com\/?post_type=product&#038;p=1038"},"modified":"2025-10-29T09:32:52","modified_gmt":"2025-10-29T01:32:52","slug":"corn-silage-harvester-machine","status":"publish","type":"product","link":"https:\/\/corn-machines.com\/sw\/product\/corn-silage-harvester-machine\/","title":{"rendered":"Mashine ya kuvuna silage ya mahindi"},"content":{"rendered":"<p class=\"translation-block\"><strong>Majsilageh\u00e4mtarmaskinen<\/strong> anv\u00e4nds fr\u00e4mst f\u00f6r sk\u00f6rd av majsstammar, gr\u00e4s och annat silage. Den anv\u00e4nds i stor utstr\u00e4ckning inom boskapssk\u00f6tsel och jordbruk. Den integrerar sk\u00f6rd, klyvning och insamling och f\u00f6rb\u00e4ttrar silageh\u00e4mtningens effektivitet avsev\u00e4rt.<\/p>    <p>Taizy majsilageh\u00e4mtarmaskin \u00e4r mycket effektiv. Dess sk\u00f6rdehastighet kan n\u00e5 1-5 km\/h, och dess klippbredd \u00e4r 1400-1800 mm. V\u00e5r majsilageh\u00e4mtarmaskin \u00e4r mycket popul\u00e4r \u00f6ver hela v\u00e4rlden. Vi s\u00e5lde nyligen framg\u00e5ngsrikt fyra Taizy-majsilageh\u00e4mtare till Mexiko och har f\u00e5tt utm\u00e4rkt feedback.<\/p>    <figure class=\"wp-block-embed is-type-video is-provider-youtube wp-block-embed-youtube wp-embed-aspect-16-9 wp-has-aspect-ratio\"><div class=\"wp-block-embed__wrapper\"> <iframe loading=\"lazy\" title=\"Mesin Panen Silase Jagung Hot-Selling | Bagaimana Cara Kerja Mesin Pemanen Silase Jagung?#silage\" width=\"500\" height=\"281\" src=\"https:\/\/www.youtube.com\/embed\/3WeeO7POq9Q?feature=oembed\" frameborder=\"0\" allow=\"accelerometer; autoplay; clipboard-write; encrypted-media; gyroscope; picture-in-picture; web-share\" referrerpolicy=\"strict-origin-when-cross-origin\" allowfullscreen><\/iframe> <\/div><figcaption class=\"wp-element-caption\">video bekerja dari padi silase jagung<\/figcaption><\/figure>    <h2 class=\"wp-block-heading\"><strong>F\u00f6rdelar med majsilageh\u00e4mtarmaskin<\/strong><\/h2>    <p>Som en professionell leverant\u00f6r av jordbruksmaskiner litar kunder \u00f6ver hela v\u00e4rlden p\u00e5 Taizy-majsilageh\u00e4mtarmaskin. Dess popularitet kommer fr\u00e5n f\u00f6ljande f\u00f6rdelar:<\/p>    <ul class=\"wp-block-list\"> <li>Kusaga kwa Taizy kunatoa malisho yaliyokatwa sawasawa, na kusababisha <strong>Matumizi makubwa ya malisho<\/strong>.<\/li>    <li>Inatoa <strong>Uwezo mkubwa wa kubadilika<\/strong>, kuruhusu kurekebisha kichwa cha mashine na urefu wa kukata kulingana na mahitaji.<\/li>    <li>Mashine yetu ya kuvuna mahindi ni yenye ufanisi mkubwa, na kasi ya kuvuna inafikia <strong>1-5 km\/h<\/strong>.<\/li>    <li>Kusaga mahindi za Taizy kuna sifa ya <strong>muundo mdogo na thabiti<\/strong>, na kufanya iwe nafaa kwa aina mbalimbali za ardhi.<\/li>    <li>Kusaga kwa mahindi kuna <strong>matumizi mengi<\/strong>, si kwa gogo la mahindi tu, bali pia kwa mazao mbalimbali kama nyasi za malisho na mtama.<\/li>    <li>Tunatoa <strong>mfumo wa huduma kamili<\/strong>, kutoa msaada wa kiufundi kamili kuanzia uchaguzi wa mfano na usafirishaji hadi usakinishaji na uendeshaji.<\/li> <\/ul>   <div class=\"wp-block-image\"> <figure class=\"aligncenter size-full\"><img loading=\"lazy\" decoding=\"async\" width=\"720\" height=\"540\" src=\"https:\/\/corn-machines.com\/wp-content\/uploads\/2025\/10\/corn-silage-harvester.webp\" alt=\"majsilageh\u00e4mtare\" class=\"wp-image-1040\" srcset=\"https:\/\/corn-machines.com\/wp-content\/uploads\/2025\/10\/corn-silage-harvester.webp 720w, https:\/\/corn-machines.com\/wp-content\/uploads\/2025\/10\/corn-silage-harvester-300x225.webp 300w, https:\/\/corn-machines.com\/wp-content\/uploads\/2025\/10\/corn-silage-harvester-16x12.webp 16w\" sizes=\"auto, (max-width: 720px) 100vw, 720px\" \/><figcaption class=\"wp-element-caption\">majsilageh\u00e4mtare<\/figcaption><\/figure> <\/div>   <h2 class=\"wp-block-heading\"><strong>Prim\u00e4r struktur och arbetsprinciper<\/strong><\/h2>    <p>Taizy majsilage-sk\u00e4rare maskin best\u00e5r av huvudkniv, matarhake, krossmekanism, transportbandssystem, beh\u00e5llare och kraftsystem.<\/p>    <p>N\u00e4r majsilageh\u00e4mtarmaskinen arbetar sk\u00e4r huvudkammen majsen, krossningssystemet klipper den i bitar och skickar sedan till beh\u00e5llaren, vilket slutf\u00f6r den integrerade processen av sk\u00f6rd, klyvning och insamling.<\/p>   <div class=\"wp-block-image\"> <figure class=\"aligncenter size-full\"><img loading=\"lazy\" decoding=\"async\" width=\"720\" height=\"540\" src=\"https:\/\/corn-machines.com\/wp-content\/uploads\/2025\/10\/corn-silage-harvesting-machine.webp\" alt=\"majsilageh\u00e4mtare maskin\" class=\"wp-image-1041\" srcset=\"https:\/\/corn-machines.com\/wp-content\/uploads\/2025\/10\/corn-silage-harvesting-machine.webp 720w, https:\/\/corn-machines.com\/wp-content\/uploads\/2025\/10\/corn-silage-harvesting-machine-300x225.webp 300w, https:\/\/corn-machines.com\/wp-content\/uploads\/2025\/10\/corn-silage-harvesting-machine-16x12.webp 16w\" sizes=\"auto, (max-width: 720px) 100vw, 720px\" \/><figcaption class=\"wp-element-caption\">majsilageh\u00e4mtare maskin<\/figcaption><\/figure> <\/div>   <h2 class=\"wp-block-heading\"><strong>Taizy majsilageh\u00e4mtarmaskin till salu<\/strong><\/h2>    <p>F\u00f6r att m\u00f6ta behoven hos olika kunder erbjuder vi tv\u00e5 typer av majsilageh\u00e4mtarmaskiner:<\/p>    <ol class=\"wp-block-list\"> <li><strong>Mashine ya kuvuna mahindi kwa aina ya gogo<\/strong><\/li>    <li><strong>Mashine ya kuvuna mahindi kwa aina ya crawler<\/strong><\/li> <\/ol>    <figure class=\"wp-block-gallery has-nested-images columns-default is-cropped wp-block-gallery-2 is-layout-flex wp-block-gallery-is-layout-flex\"> <figure class=\"wp-block-image size-large\"><img loading=\"lazy\" decoding=\"async\" width=\"720\" height=\"540\" data-id=\"1042\" src=\"https:\/\/corn-machines.com\/wp-content\/uploads\/2025\/10\/tire-type-corn-straw-harvester-machine.webp\" alt=\"d\u00e4cktill majsstr\u00e5h\u00e4mtarmaskin\" class=\"wp-image-1042\" srcset=\"https:\/\/corn-machines.com\/wp-content\/uploads\/2025\/10\/tire-type-corn-straw-harvester-machine.webp 720w, https:\/\/corn-machines.com\/wp-content\/uploads\/2025\/10\/tire-type-corn-straw-harvester-machine-300x225.webp 300w, https:\/\/corn-machines.com\/wp-content\/uploads\/2025\/10\/tire-type-corn-straw-harvester-machine-16x12.webp 16w\" sizes=\"auto, (max-width: 720px) 100vw, 720px\" \/><figcaption class=\"wp-element-caption\">d\u00e4cktill majsstr\u00e5h\u00e4mtarmaskin<\/figcaption><\/figure>    <figure class=\"wp-block-image size-large\"><img loading=\"lazy\" decoding=\"async\" width=\"720\" height=\"540\" data-id=\"1043\" src=\"https:\/\/corn-machines.com\/wp-content\/uploads\/2025\/10\/crawler-type-corn-silage-harvester.webp\" alt=\"sp\u00e5rdriven majsilage-sk\u00e4rare\" class=\"wp-image-1043\" srcset=\"https:\/\/corn-machines.com\/wp-content\/uploads\/2025\/10\/crawler-type-corn-silage-harvester.webp 720w, https:\/\/corn-machines.com\/wp-content\/uploads\/2025\/10\/crawler-type-corn-silage-harvester-300x225.webp 300w, https:\/\/corn-machines.com\/wp-content\/uploads\/2025\/10\/crawler-type-corn-silage-harvester-16x12.webp 16w\" sizes=\"auto, (max-width: 720px) 100vw, 720px\" \/><figcaption class=\"wp-element-caption\">sp\u00e5rdriven majsilage-sk\u00e4rare<\/figcaption><\/figure> <\/figure>    <h3 class=\"wp-block-heading\"><strong>Typ 1: D\u00e4cktill majsilage-sk\u00e4rare maskin<\/strong><\/h3>    <h4 class=\"wp-block-heading\"><strong>Funktioner av d\u00e4cktill majsilage-sk\u00e4rare maskin<\/strong><\/h4>    <ul class=\"wp-block-list\"> <li><strong>Kasi ya juu<\/strong>: Muundo wa matairi unaowezesha uendeshaji wa kubadilika, na kufanya iwe nafaa kwa kazi kwenye mashamba makubwa na maeneo tambarare.<\/li>    <li><strong>Uendeshaji rahisi wa mwelekeo<\/strong>: Inafaa kwa mashamba au ushirika wenye mabadiliko ya mara kwa mara ya shamba.<\/li>    <li><strong>Matengenezo ya chini<\/strong>: Mashine hii ina sifa ya rahisi kubadilisha matairi na ufanisi mkubwa wa sehemu.<\/li> <\/ul>   <div class=\"wp-block-image\"> <figure class=\"aligncenter size-full\"><img loading=\"lazy\" decoding=\"async\" width=\"720\" height=\"540\" src=\"https:\/\/corn-machines.com\/wp-content\/uploads\/2025\/10\/corn-straw-harvester-machine.webp\" alt=\"majslagsr\u00f6jare maskin\" class=\"wp-image-1044\" srcset=\"https:\/\/corn-machines.com\/wp-content\/uploads\/2025\/10\/corn-straw-harvester-machine.webp 720w, https:\/\/corn-machines.com\/wp-content\/uploads\/2025\/10\/corn-straw-harvester-machine-300x225.webp 300w, https:\/\/corn-machines.com\/wp-content\/uploads\/2025\/10\/corn-straw-harvester-machine-16x12.webp 16w\" sizes=\"auto, (max-width: 720px) 100vw, 720px\" \/><figcaption class=\"wp-element-caption\">majslagsr\u00f6jare maskin<\/figcaption><\/figure> <\/div>   <h4 class=\"wp-block-heading\"><strong>Parametrar f\u00f6r hjulbas majsilageh\u00e4mtarmaskin<\/strong><\/h4>    <figure class=\"wp-block-table\"><table><tbody><tr><td>Model<\/td><td>4QZ-1400<\/td><td>4QZ-1800<\/td><\/tr><tr><td>M\u00e5tt (arbetstillst\u00e5nd)<\/td><td>5022*1520*3800mm<\/td><td>5022*1520*3800mm<\/td><\/tr><tr><td>Motorkraft<\/td><td>100-150HP<\/td><td>150HP<\/td><\/tr><tr><td>Motorkraftens varvtal<\/td><td>2400r\/min<\/td><td>2400r\/min<\/td><\/tr><tr><td>Sk\u00e4rbredd<\/td><td>1400mm<\/td><td>1800mm<\/td><\/tr><tr><td>Sk\u00f6rdehastighet<\/td><td>\/<\/td><td>2-5km\/h<\/td><\/tr><tr><td>Huvudknivtyp<\/td><td>Sk\u00e4rblad<\/td><td>Sk\u00e4rblad<\/td><\/tr><tr><td>Matarhake<\/td><td>4 enheter<\/td><td>4 enheter<\/td><\/tr><tr><td>drivsystem<\/td><td>Hydraulisk drivning<\/td><td>Hydraulisk drivning<\/td><\/tr><tr><td>V\u00e4xel<\/td><td>2150mm<\/td><td>2150mm<\/td><\/tr><tr><td>Sp\u00e5rbredd<\/td><td>1300mm<\/td><td>1300mm<\/td><\/tr><tr><td>Beh\u00e5llarvolym<\/td><td>3.1m\u00b3<\/td><td>3.1m\u00b3<\/td><\/tr><tr><td>Designad klippsegmentl\u00e4ngd<\/td><td>15mm<\/td><td>15mm<\/td><\/tr><\/tbody><\/table><figcaption class=\"wp-element-caption\">parametrar f\u00f6r hjuldriven majsilageh\u00e4mtare<\/figcaption><\/figure>    <h3 class=\"wp-block-heading\"><strong>Aina ya 2: <strong>Mashine ya kuvuna mahindi kwa aina ya crawler<\/strong><\/strong><\/h3>    <h4 class=\"wp-block-heading\"><strong>Vipengele vya <strong>Vifaa vya kuvuna mahindi kwa aina ya crawler<\/strong><\/strong><\/h4>    <ul class=\"wp-block-list\"> <li><strong>Uwezo mkubwa wa kubadilika<\/strong>: Chassis yenye track inatoa mguso mzuri, na kufanya iwe nafaa kwa ardhi tata kama vile maeneo ya maji, mteremko, na mashamba yenye matope.<\/li>    <li><strong>Uimara ulioboreshwa<\/strong>: Kiwango cha chini cha katikati na kelele kidogo hakikisha uendeshaji mzuri kwenye maeneo yasiyo na usawa.<\/li>    <li><strong>Ulinzi wa udongo<\/strong>: The track&#8217;s large contact area reduces damage to farmland.<\/li> <\/ul>   <div class=\"wp-block-image\"> <figure class=\"aligncenter size-full\"><img loading=\"lazy\" decoding=\"async\" width=\"720\" height=\"540\" src=\"https:\/\/corn-machines.com\/wp-content\/uploads\/2025\/10\/maize-silage-harvester.webp\" alt=\"majsilagesk\u00e4rare\" class=\"wp-image-1047\" srcset=\"https:\/\/corn-machines.com\/wp-content\/uploads\/2025\/10\/maize-silage-harvester.webp 720w, https:\/\/corn-machines.com\/wp-content\/uploads\/2025\/10\/maize-silage-harvester-300x225.webp 300w, https:\/\/corn-machines.com\/wp-content\/uploads\/2025\/10\/maize-silage-harvester-16x12.webp 16w\" sizes=\"auto, (max-width: 720px) 100vw, 720px\" \/><figcaption class=\"wp-element-caption\">majsilagesk\u00e4rare<\/figcaption><\/figure> <\/div>   <h4 class=\"wp-block-heading\"><strong>Vigezo vya <strong><strong>Mashine ya kuvuna mahindi kwa aina ya crawler<\/strong><\/strong><\/strong><\/h4>    <figure class=\"wp-block-table\"><table><tbody><tr><td>Model<\/td><td>4QZ-1400<\/td><td>4QZ-1600<\/td><td>4QZ-1800<\/td><\/tr><tr><td>M\u00e5tt (arbetstillst\u00e5nd)<\/td><td>5200*1520*3800mm<\/td><td>5200*1680*4200mm<\/td><td>5200*1520*3800mm<\/td><\/tr><tr><td>Motorkraft<\/td><td>100-150HP<\/td><td>150HP<\/td><td>150HP<\/td><\/tr><tr><td>Motorkraftens varvtal<\/td><td>2400r\/min<\/td><td>2400r\/min<\/td><td>2400r\/min<\/td><\/tr><tr><td>Sk\u00e4rbredd<\/td><td>1400mm<\/td><td>1550mm<\/td><td>1800mm<\/td><\/tr><tr><td>Sk\u00f6rdehastighet<\/td><td>\/<\/td><td>1-3km\/h<\/td><td>\/<\/td><\/tr><tr><td>Huvudknivtyp<\/td><td>Sk\u00e4rblad<\/td><td>Sk\u00e4rblad<\/td><td>Sk\u00e4rblad<\/td><\/tr><tr><td>drivsystem<\/td><td>Hydraulisk drivning<\/td><td>Hydraulisk drivning<\/td><td>Hydraulisk drivning<\/td><\/tr><tr><td>Sp\u00e5rbredd<\/td><td>280\/350mm<\/td><td>350mm<\/td><td>280\/350mm<\/td><\/tr><tr><td>Sp\u00e5rl\u00e4ngd i kontakt med marken<\/td><td>1400mm<\/td><td>1400mm<\/td><td>1400mm<\/td><\/tr><tr><td>Sp\u00e5ravst\u00e5nd<\/td><td>1240mm<\/td><td>1240mm<\/td><td>1240mm<\/td><\/tr><tr><td>Beh\u00e5llarvolym<\/td><td>3.1m\u00b3<\/td><td>\/<\/td><td>3.1m\u00b3<\/td><\/tr><tr><td>Designad klippsegmentl\u00e4ngd<\/td><td>15mm<\/td><td>15mm<\/td><td>15mm<\/td><\/tr><\/tbody><\/table><figcaption class=\"wp-element-caption\">parametrar f\u00f6r sp\u00e5rdriven majsilageh\u00e4mtareutrustning<\/figcaption><\/figure>    <h3 class=\"wp-block-heading\"><strong>Skillnad mellan hjul- och sp\u00e5rdriven majsilageh\u00e4mtare<\/strong><\/h3>    <p>B\u00e5da de hjuldrivna majsstammarh\u00e4mtaren och den sp\u00e5rdrivna majsilage-sk\u00e4rare maskinen har sina egna egenskaper, och deras skillnader \u00e4r f\u00f6ljande:<\/p>    <figure class=\"wp-block-table\"><table><tbody><tr><td>Typ<\/td><td>D\u00e4cktill majsilage-sk\u00e4rare<\/td><td>Sp\u00e5rdriven majsilageh\u00e4mtare<\/td><\/tr><tr><td>G\u00e5ngstil<\/td><td>Hjulsdrift<\/td><td>Sp\u00e5rdriven<\/td><\/tr><tr><td>Anpassning till terr\u00e4ngen<\/td><td>Enkel, torr mark<\/td><td>Sken, v\u00e5tmark, lerig mark<\/td><\/tr><tr><td>Driftshastighet<\/td><td>Snabbt, enkel \u00f6verg\u00e5ng<\/td><td>L\u00e4tt l\u00e5ngsammare, mer stabil<\/td><\/tr><\/tbody><\/table><figcaption class=\"wp-element-caption\"> skillnad mellan de tv\u00e5 typerna av majsilageh\u00e4mtarmaskiner<\/figcaption><\/figure>    <h2 class=\"wp-block-heading\"><strong>Anv\u00e4ndning av majsstr\u00e5h\u00e4mtare<\/strong><\/h2>    <p>Maskinen kan anv\u00e4ndas f\u00f6r att sk\u00f6rda silage-majs, sorghum, alfalfa osv. Den har bred anv\u00e4ndningsomr\u00e5de.<\/p>    <ul class=\"wp-block-list\"> <li><strong>Sekta ya mifugo<\/strong>: Kutoa malisho ya ubora wa juu kwa wanyama wa kufuga kama ng'ombe wa maziwa, ng'ombe wa nyama, na kondoo, kuboresha ufanisi wa malisho na faida za kiuchumi.<\/li>    <li><strong>Sekta ya usindikaji wa malisho<\/strong>: Kutoa malighafi kwa viwanda vya kulisha, kuhakikisha ubora wa fermentation ya kulisha.<\/li>    <li><strong>Sekta ya upandaji wa mazao<\/strong>: Kusaidia wakulima kuvuna mazao ya malisho kwa ufanisi, kupunguza gharama za kazi.<\/li>    <li><strong>Sekta ya ulinzi wa mazingira ya kijani<\/strong>: Kukuza matumizi tena ya mabaki kama gogo la mahindi, na kuhimiza maendeleo ya kilimo cha kijani.<\/li> <\/ul>    <figure class=\"wp-block-gallery has-nested-images columns-default is-cropped wp-block-gallery-3 is-layout-flex wp-block-gallery-is-layout-flex\"> <figure class=\"wp-block-image size-large\"><img loading=\"lazy\" decoding=\"async\" width=\"720\" height=\"540\" data-id=\"1050\" src=\"https:\/\/corn-machines.com\/wp-content\/uploads\/2025\/10\/application-of-corn-silage.webp\" alt=\"Anv\u00e4ndning av majsilage\" class=\"wp-image-1050\" srcset=\"https:\/\/corn-machines.com\/wp-content\/uploads\/2025\/10\/application-of-corn-silage.webp 720w, https:\/\/corn-machines.com\/wp-content\/uploads\/2025\/10\/application-of-corn-silage-300x225.webp 300w, https:\/\/corn-machines.com\/wp-content\/uploads\/2025\/10\/application-of-corn-silage-16x12.webp 16w\" sizes=\"auto, (max-width: 720px) 100vw, 720px\" \/><figcaption class=\"wp-element-caption\">Anv\u00e4ndning av majsilage<\/figcaption><\/figure>    <figure class=\"wp-block-image size-large\"><img loading=\"lazy\" decoding=\"async\" width=\"720\" height=\"540\" data-id=\"1051\" src=\"https:\/\/corn-machines.com\/wp-content\/uploads\/2025\/10\/application-of-maize-silage.webp\" alt=\"till\u00e4mpning av majsilage\" class=\"wp-image-1051\" srcset=\"https:\/\/corn-machines.com\/wp-content\/uploads\/2025\/10\/application-of-maize-silage.webp 720w, https:\/\/corn-machines.com\/wp-content\/uploads\/2025\/10\/application-of-maize-silage-300x225.webp 300w, https:\/\/corn-machines.com\/wp-content\/uploads\/2025\/10\/application-of-maize-silage-16x12.webp 16w\" sizes=\"auto, (max-width: 720px) 100vw, 720px\" \/><figcaption class=\"wp-element-caption\">till\u00e4mpning av majsilage<\/figcaption><\/figure> <\/figure>    <h2 class=\"wp-block-heading\"><strong>Pris p\u00e5 majsstammarh\u00f6stare<\/strong><\/h2>    <p>Kostnaden f\u00f6r majsilageh\u00e4mtaren p\u00e5verkas fr\u00e4mst av faktorer som utrustningstyp, konfiguration och driftseffektivitet.<\/p>    <p>Vid k\u00f6p b\u00f6r anv\u00e4ndarna \u00f6verv\u00e4ga sina behov, driftstorlek och budget f\u00f6r att v\u00e4lja en modell med h\u00f6g kostnadseffektivitet och stabil prestanda f\u00f6r maximal nytta.<\/p>    <figure class=\"wp-block-gallery has-nested-images columns-default is-cropped wp-block-gallery-4 is-layout-flex wp-block-gallery-is-layout-flex\"> <figure class=\"wp-block-image size-large\"><img loading=\"lazy\" decoding=\"async\" width=\"720\" height=\"540\" data-id=\"1048\" src=\"https:\/\/corn-machines.com\/wp-content\/uploads\/2025\/10\/maize-staw-harvester.webp\" alt=\"majslagsgr\u00f6ja\" class=\"wp-image-1048\" srcset=\"https:\/\/corn-machines.com\/wp-content\/uploads\/2025\/10\/maize-staw-harvester.webp 720w, https:\/\/corn-machines.com\/wp-content\/uploads\/2025\/10\/maize-staw-harvester-300x225.webp 300w, https:\/\/corn-machines.com\/wp-content\/uploads\/2025\/10\/maize-staw-harvester-16x12.webp 16w\" sizes=\"auto, (max-width: 720px) 100vw, 720px\" \/><figcaption class=\"wp-element-caption\">majslagsgr\u00f6ja<\/figcaption><\/figure>    <figure class=\"wp-block-image size-large\"><img loading=\"lazy\" decoding=\"async\" width=\"720\" height=\"540\" data-id=\"1049\" src=\"https:\/\/corn-machines.com\/wp-content\/uploads\/2025\/10\/corn-silage-harveste-machine.webp\" alt=\"majsilage-sk\u00e4rare maskin\" class=\"wp-image-1049\" srcset=\"https:\/\/corn-machines.com\/wp-content\/uploads\/2025\/10\/corn-silage-harveste-machine.webp 720w, https:\/\/corn-machines.com\/wp-content\/uploads\/2025\/10\/corn-silage-harveste-machine-300x225.webp 300w, https:\/\/corn-machines.com\/wp-content\/uploads\/2025\/10\/corn-silage-harveste-machine-16x12.webp 16w\" sizes=\"auto, (max-width: 720px) 100vw, 720px\" \/><figcaption class=\"wp-element-caption\">majsilage-sk\u00e4rare maskin<\/figcaption><\/figure> <\/figure>    <h2 class=\"wp-block-heading\"><strong>Framg\u00e5ngsfall av majsilageh\u00e4mtare<\/strong><\/h2>    <p class=\"translation-block\"><strong>Fyra Taizy majsilageh\u00e4mtarmaskiner exporterades nyligen till Mexiko.<\/strong><\/p>    <p>Kunden, en stor \u00e5terf\u00f6rs\u00e4ljare av ranchutrustning, valde Taizy efter att ha j\u00e4mf\u00f6rt flera leverant\u00f6rer och gav maskinens prestanda och omfattande eftermarknadsservice mycket ber\u00f6m.<\/p>    <p>Detta samarbete f\u00f6rb\u00e4ttrade inte bara silage-sk\u00f6rdningseffektiviteten hos den lokala ranchen utan st\u00e4rkte ocks\u00e5 Taizys varum\u00e4rkes inflytande i Mexiko \u00e4nnu mer.<\/p>    <figure class=\"wp-block-gallery has-nested-images columns-default is-cropped wp-block-gallery-5 is-layout-flex wp-block-gallery-is-layout-flex\"> <figure class=\"wp-block-image size-large\"><img loading=\"lazy\" decoding=\"async\" width=\"540\" height=\"720\" data-id=\"1052\" src=\"https:\/\/corn-machines.com\/wp-content\/uploads\/2025\/10\/corn-silage-harvesting-machine-loading.webp\" alt=\"majsilageh\u00e4mtarmaskin lastning\" class=\"wp-image-1052\" srcset=\"https:\/\/corn-machines.com\/wp-content\/uploads\/2025\/10\/corn-silage-harvesting-machine-loading.webp 540w, https:\/\/corn-machines.com\/wp-content\/uploads\/2025\/10\/corn-silage-harvesting-machine-loading-225x300.webp 225w, https:\/\/corn-machines.com\/wp-content\/uploads\/2025\/10\/corn-silage-harvesting-machine-loading-9x12.webp 9w\" sizes=\"auto, (max-width: 540px) 100vw, 540px\" \/><figcaption class=\"wp-element-caption\">majsilageh\u00e4mtarmaskin lastning<\/figcaption><\/figure>    <figure class=\"wp-block-image size-large\"><img loading=\"lazy\" decoding=\"async\" width=\"540\" height=\"720\" data-id=\"1053\" src=\"https:\/\/corn-machines.com\/wp-content\/uploads\/2025\/10\/maize-silage-harvester-machine-loading.webp\" alt=\"majsilageh\u00e4mtarmaskin lastning\" class=\"wp-image-1053\" srcset=\"https:\/\/corn-machines.com\/wp-content\/uploads\/2025\/10\/maize-silage-harvester-machine-loading.webp 540w, https:\/\/corn-machines.com\/wp-content\/uploads\/2025\/10\/maize-silage-harvester-machine-loading-225x300.webp 225w, https:\/\/corn-machines.com\/wp-content\/uploads\/2025\/10\/maize-silage-harvester-machine-loading-9x12.webp 9w\" sizes=\"auto, (max-width: 540px) 100vw, 540px\" \/><figcaption class=\"wp-element-caption\">majsilageh\u00e4mtarmaskin lastning<\/figcaption><\/figure> <\/figure>    <h2 class=\"wp-block-heading\"><strong>Wasiliana Nasi Sasa!<\/strong><\/h2>    <p>Anv\u00e4ndningen av majsilage-sk\u00e4rmaskiner har effektivt f\u00f6rb\u00e4ttrat effektiviteten och kvaliteten p\u00e5 silageh\u00e4mtning, vilket fr\u00e4mjar utvecklingen av modern djurh\u00e5llning.<\/p>    <p class=\"translation-block\">Som en professionell jordbruksmaskinleverant\u00f6r erbjuder Taizy inte bara h\u00f6gkvalitativa maskiner utan \u00e4ven ett brett utbud av utrustning. F\u00f6rutom majsilageh\u00e4mtarmaskin tillhandah\u00e5ller vi \u00e4ven <a href=\"https:\/\/corn-machines.com\/sw\/product\/automated-corn-sowing-machine\/\">majsplanter<\/a>, <a href=\"https:\/\/corn-machines.com\/sw\/product\/corn-shelling-machine\/\">majsskalare<\/a>, <a href=\"https:\/\/corn-machines.com\/sw\/products\/maize-grits-milling-machine\/\">majskornsmillmaskin<\/a> och mer. Om du har n\u00e5gra behov, kontakta oss g\u00e4rna!<\/p>","protected":false},"excerpt":{"rendered":"<p>Majs silage-h\u00e4ckslingmaskinen \u00e4r en mycket effektiv jordbruksmaskin som kombinerar sk\u00f6rd, kapning och insamling. Den erbjuder integrerad drift och \u00e4r l\u00e4mplig f\u00f6r sk\u00f6rd av silage fr\u00e5n olika gr\u00f6dor, inklusive majs, sorghum och elefantgr\u00e4s. Tillg\u00e4nglig i d\u00e4ck- och sp\u00e5rmodeller anpassar de sig till olika terr\u00e4nger. <\/p>","protected":false},"author":1,"featured_media":1054,"parent":0,"template":"","tags":[42,81,82],"product-type":[86],"class_list":["post-1038","product","type-product","status-publish","has-post-thumbnail","hentry","tag-corn","tag-corn-silage","tag-silage","product-type-corn-silage-processing-machine"],"_links":{"self":[{"href":"https:\/\/corn-machines.com\/sw\/wp-json\/wp\/v2\/product\/1038","targetHints":{"allow":["GET"]}}],"collection":[{"href":"https:\/\/corn-machines.com\/sw\/wp-json\/wp\/v2\/product"}],"about":[{"href":"https:\/\/corn-machines.com\/sw\/wp-json\/wp\/v2\/types\/product"}],"author":[{"embeddable":true,"href":"https:\/\/corn-machines.com\/sw\/wp-json\/wp\/v2\/users\/1"}],"wp:featuredmedia":[{"embeddable":true,"href":"https:\/\/corn-machines.com\/sw\/wp-json\/wp\/v2\/media\/1054"}],"wp:attachment":[{"href":"https:\/\/corn-machines.com\/sw\/wp-json\/wp\/v2\/media?parent=1038"}],"wp:term":[{"taxonomy":"post_tag","embeddable":true,"href":"https:\/\/corn-machines.com\/sw\/wp-json\/wp\/v2\/tags?post=1038"},{"taxonomy":"product-type","embeddable":true,"href":"https:\/\/corn-machines.com\/sw\/wp-json\/wp\/v2\/product-type?post=1038"}],"curies":[{"name":"[\"wp\"]","href":"https:\/\/api.w.org\/{rel}","templated":true}]}}