{"id":102,"date":"2022-09-07T07:25:12","date_gmt":"2022-09-07T07:25:12","guid":{"rendered":"https:\/\/corn-machines.com\/?post_type=product&#038;p=102"},"modified":"2024-06-25T14:44:50","modified_gmt":"2024-06-25T06:44:50","slug":"automated-corn-sowing-machine","status":"publish","type":"product","link":"https:\/\/corn-machines.com\/sw\/product\/automated-corn-sowing-machine\/","title":{"rendered":"Majsplanteringsmaskin | Maize planter-maskin"},"content":{"rendered":"<p>Corn sowing machine can sow a variety of crops including corn, peanuts, soybeans, cotton, and more. Compatible with tractors ranging from 12 to 100 horsepower, it offers multifunctional capabilities such as furrowing, fertilizing, seeding, soil casting, and soil pressing all in one operation. <\/p>    <p>The ditching depth ranges from 60-80mm, while the sowing depth is 30-50mm, ensuring optimal seed placement for germination. We specialize in a range of models including 2-row, 3-row, 4-row, 5-row, 6-row, and 8-row corn seeders, each tailored to meet specific farming needs. <\/p>    <p>It is very suitable for large-scale sowing, and the row spacing and plant spacing are adjustable, so it has a wide range of applications and a high seed emergence rate. Discover how our corn planter can streamline your planting process and maximize agricultural productivity.<\/p>    <figure class=\"wp-block-embed is-type-video is-provider-youtube wp-block-embed-youtube wp-embed-aspect-16-9 wp-has-aspect-ratio\"><div class=\"wp-block-embed__wrapper\"> https:\/\/www.youtube.com\/watch?v=82w9anPnfRs <\/div><figcaption class=\"wp-element-caption\">Corn sowing machine working video<\/figcaption><\/figure>    <h2 class=\"wp-block-heading\" id=\"h-what-crops-can-a-corn-planter-plant\">What crops can a corn planter plant?<\/h2>    <p>In addition to corn, the corn planter can also sow soybeans, cotton, grains, vegetables, and other crops. <\/p>    <p>Since the row spacing of each crop may be different, the planting row spacing of this machine can be adjusted. So it is suitable for a variety of crops. <\/p>    <p>The sowing depth of the corn planter can be adjusted during sowing. This ensures that the seed emergence rate is as high as 99%.<\/p>    <p>After exploring the variety of crops a corn planter can handle, it is crucial to understand the structure of the corn sowing machine. This knowledge optimizes its planting capabilities.<\/p>    <figure class=\"wp-block-image size-full\"><img loading=\"lazy\" decoding=\"async\" width=\"720\" height=\"540\" src=\"https:\/\/corn-machines.com\/wp-content\/uploads\/2022\/09\/crops.webp\" alt=\"seed planting \" class=\"wp-image-105\" srcset=\"https:\/\/corn-machines.com\/wp-content\/uploads\/2022\/09\/crops.webp 720w, https:\/\/corn-machines.com\/wp-content\/uploads\/2022\/09\/crops-300x225.webp 300w\" sizes=\"auto, (max-width: 720px) 100vw, 720px\" \/><figcaption class=\"wp-element-caption\">seed planting <\/figcaption><\/figure>    <h2 class=\"wp-block-heading\" id=\"h-structure-of-corn-sowing-machine\">Structure of corn sowing machine<\/h2>    <div class=\"wp-block-media-text alignwide is-stacked-on-mobile\"><figure class=\"wp-block-media-text__media\"><img loading=\"lazy\" decoding=\"async\" width=\"720\" height=\"540\" src=\"https:\/\/corn-machines.com\/wp-content\/uploads\/2022\/09\/Corn-sowing-machine-box.webp\" alt=\"Corn sowing machine box\" class=\"wp-image-111 size-full\" srcset=\"https:\/\/corn-machines.com\/wp-content\/uploads\/2022\/09\/Corn-sowing-machine-box.webp 720w, https:\/\/corn-machines.com\/wp-content\/uploads\/2022\/09\/Corn-sowing-machine-box-300x225.webp 300w\" sizes=\"auto, (max-width: 720px) 100vw, 720px\" \/><\/figure><div class=\"wp-block-media-text__content\"> <h2 class=\"wp-block-heading\" id=\"h-corn-sowing-machine-box\">Planting box<\/h2>    <p>PC material planting box is strong and durable, and not easy to bend. <\/p>    <p class=\"translation-block\">Corn planting box has good toughness. The buckle is made of metal, the surface is <a href=\"https:\/\/en.wikipedia.org\/wiki\/Galvanization\" data-type=\"URL\" data-id=\"https:\/\/en.wikipedia.org\/wiki\/Galvanization\" target=\"_blank\" rel=\"noopener\">galvanized<\/a>, and it is not easy to rust.<\/p> <\/div><\/div>    <div class=\"wp-block-media-text alignwide has-media-on-the-right is-stacked-on-mobile\"><div class=\"wp-block-media-text__content\"> <h2 class=\"wp-block-heading has-text-align-right\" id=\"h-corn-planting-machine-body-spray\">Spraying part<\/h2>    <p>Sehemu ya mwili ya mashine ya kupandia mahindi huchakatwa kwa kusaga kwanza na kisha kutumia rangi iliyochomwa kwa joto la juu, kuhakikisha mshikamano wenye nguvu na uimara kwa muda.<\/p> <\/div><figure class=\"wp-block-media-text__media\"><img loading=\"lazy\" decoding=\"async\" width=\"720\" height=\"540\" src=\"https:\/\/corn-machines.com\/wp-content\/uploads\/2022\/09\/corn-planting-machine-body-spray.webp\" alt=\"corn planting machine body spray\" class=\"wp-image-112 size-full\" srcset=\"https:\/\/corn-machines.com\/wp-content\/uploads\/2022\/09\/corn-planting-machine-body-spray.webp 720w, https:\/\/corn-machines.com\/wp-content\/uploads\/2022\/09\/corn-planting-machine-body-spray-300x225.webp 300w\" sizes=\"auto, (max-width: 720px) 100vw, 720px\" \/><\/figure><\/div>    <div class=\"wp-block-media-text alignwide is-stacked-on-mobile\"><figure class=\"wp-block-media-text__media\"><img loading=\"lazy\" decoding=\"async\" width=\"720\" height=\"540\" src=\"https:\/\/corn-machines.com\/wp-content\/uploads\/2022\/09\/maize-planter-machine.webp\" alt=\"maize planter machine\" class=\"wp-image-113 size-full\" srcset=\"https:\/\/corn-machines.com\/wp-content\/uploads\/2022\/09\/maize-planter-machine.webp 720w, https:\/\/corn-machines.com\/wp-content\/uploads\/2022\/09\/maize-planter-machine-300x225.webp 300w\" sizes=\"auto, (max-width: 720px) 100vw, 720px\" \/><\/figure><div class=\"wp-block-media-text__content\"> <h2 class=\"wp-block-heading\">Sowing part<\/h2>    <p>The height can be adjusted. The sowing depth of the seeder can be adjusted in a simple way. <\/p>    <p>The sowing depth and row spacing can be easily adjusted according to the instructions or videos.<\/p> <\/div><\/div>    <p>The structure of the corn sowing machine plays a crucial role in ensuring the even distribution of corn seeds. <\/p>    <h2 class=\"wp-block-heading\" id=\"h-how-to-sow-corn-evenly\">How to sow corn evenly?<\/h2>    <p>The whole machine can change the plant spacing through the gearbox, which can produce four plant spacings. As long as the transmission ratio of the gearbox is changed, the plant spacing of each row of the entire machine can be changed. <\/p>    <p>The gearbox operating lever allows simultaneous control of the radial pendulum and axial movement of the pendulum wheel, ensuring fast and convenient operation. All gears of the gearbox are made of steel and have undergone carburizing treatment.<\/p>    <p>The frame is lifted from the ground. This widens the distance between the front and rear openers. As a result, it reduces wheat straw blockage in summer.<\/p>    <p>To achieve uniform distribution of corn seeds, the operational techniques are essential before delving into the specific parameters of the corn seeder machine.<\/p>    <figure class=\"wp-block-gallery has-nested-images columns-default is-cropped wp-block-gallery-2 is-layout-flex wp-block-gallery-is-layout-flex\"> <figure class=\"wp-block-image size-large\"><img loading=\"lazy\" decoding=\"async\" width=\"720\" height=\"540\" data-id=\"107\" src=\"https:\/\/corn-machines.com\/wp-content\/uploads\/2022\/09\/corn-sowing.webp\" alt=\"corn sowing\" class=\"wp-image-107\" srcset=\"https:\/\/corn-machines.com\/wp-content\/uploads\/2022\/09\/corn-sowing.webp 720w, https:\/\/corn-machines.com\/wp-content\/uploads\/2022\/09\/corn-sowing-300x225.webp 300w\" sizes=\"auto, (max-width: 720px) 100vw, 720px\" \/><figcaption class=\"wp-element-caption\">corn sowing<\/figcaption><\/figure>    <figure class=\"wp-block-image size-large\"><img loading=\"lazy\" decoding=\"async\" width=\"720\" height=\"540\" data-id=\"108\" src=\"https:\/\/corn-machines.com\/wp-content\/uploads\/2022\/09\/corn-sowing-1.webp\" alt=\"corn sowing\" class=\"wp-image-108\" srcset=\"https:\/\/corn-machines.com\/wp-content\/uploads\/2022\/09\/corn-sowing-1.webp 720w, https:\/\/corn-machines.com\/wp-content\/uploads\/2022\/09\/corn-sowing-1-300x225.webp 300w\" sizes=\"auto, (max-width: 720px) 100vw, 720px\" \/><figcaption class=\"wp-element-caption\">corn sowing<\/figcaption><\/figure> <\/figure>    <h2 class=\"wp-block-heading\" id=\"h-corn-seeder-machine-parameters\">Corn seeder machine parameters<\/h2>    <figure class=\"wp-block-table\"><table><tbody><tr><td>Model<\/td><td>2BYSF-2<\/td><td>2BYSF-3<\/td><td>2BYSF-4<\/td><td>2BYSF-5<\/td><td>2BYSF-6<\/td><td>2BYSF-8<\/td><\/tr><tr><td>Size<\/td><td>1.57*1.3*1.2m<\/td><td>1.57*1.7*1.2m<\/td><td>1.62*2.35*1.2m<\/td><td>1.62*2.75*1.2m<\/td><td>1.62*3.35*1.2m<\/td><td>1.64*4.6*1.2m<\/td><\/tr><tr><td>rad<\/td><td>2<\/td><td>3<\/td><td>4<\/td><td>5<\/td><td>6<\/td><td>8<\/td><\/tr><tr><td>Radavst\u00e5nd<\/td><td>428-570mm<\/td><td>428-570mm<\/td><td>428-570mm<\/td><td>428-570mm<\/td><td>428-570mm<\/td><td>428-570mm<\/td><\/tr><tr><td>Planteringsavst\u00e5nd<\/td><td>140mm-280mm<\/td><td>140mm-280mm<\/td><td>140mm-280mm<\/td><td>140mm-280mm<\/td><td>140mm-280mm<\/td><td>140mm-280mm<\/td><\/tr><tr><td>Gropdjup<\/td><td>&nbsp;60-80mm<\/td><td>&nbsp;60-80mm<\/td><td>&nbsp;60-80mm<\/td><td>&nbsp;60-80mm<\/td><td>&nbsp;60-80mm<\/td><td>&nbsp;60-80mm<\/td><\/tr><tr><td>G\u00f6dselgivningsdjup<\/td><td>60-80mm<\/td><td>60-80mm<\/td><td>60-80mm<\/td><td>60-80mm<\/td><td>60-80mm<\/td><td>60-80mm<\/td><\/tr><tr><td>S\u00e5djup<\/td><td>30-50mm<\/td><td>30-50mm<\/td><td>30-50mm<\/td><td>30-50mm<\/td><td>30-50mm<\/td><td>30-50mm<\/td><\/tr><tr><td>Fodertanken kapacitet<\/td><td>18.75L x2<\/td><td>18.75L x3<\/td><td>18.75L x4<\/td><td>18.75L x5<\/td><td>18.75L x6<\/td><td>18.75L x8<\/td><\/tr><tr><td>Fr\u00f6boxkapacitet<\/td><td>8.5L x 2<\/td><td>8.5L x 3<\/td><td>8.5L x 4<\/td><td>8.5L x 5<\/td><td>8.5L x 6<\/td><td>8.5L x 8<\/td><\/tr><tr><td>Weight<\/td><td>150kg<\/td><td>200kg<\/td><td>295kg<\/td><td>360kg<\/td><td>425kg<\/td><td>650kg<\/td><\/tr><tr><td>Matchad effekt<\/td><td>&nbsp;12-18hp<\/td><td>15-25hp<\/td><td>25-40hp<\/td><td>40-60hp<\/td><td>50-80hp<\/td><td>75-100hp<\/td><\/tr><tr><td>L\u00e4nkning<\/td><td>&nbsp;3-punkts<\/td><td>&nbsp;3-punkts<\/td><td>&nbsp;3-punkts<\/td><td>&nbsp;3-punkts<\/td><td>&nbsp;3-punkts<\/td><td>&nbsp;3-punkts<\/td><\/tr><\/tbody><\/table><figcaption class=\"wp-element-caption\">corn planter machine parameters<\/figcaption><\/figure>    <p>The parameters of the corn seeder machine directly influence its efficiency and precision during field operations, necessitating effective coordination with a tractor for optimal performance.<\/p>    <figure class=\"wp-block-image size-full\"><img loading=\"lazy\" decoding=\"async\" width=\"720\" height=\"540\" src=\"https:\/\/corn-machines.com\/wp-content\/uploads\/2022\/09\/corn-seeding-machine-2.webp\" alt=\"mashine ya kupandia mahindi\" class=\"wp-image-122\" srcset=\"https:\/\/corn-machines.com\/wp-content\/uploads\/2022\/09\/corn-seeding-machine-2.webp 720w, https:\/\/corn-machines.com\/wp-content\/uploads\/2022\/09\/corn-seeding-machine-2-300x225.webp 300w\" sizes=\"auto, (max-width: 720px) 100vw, 720px\" \/><figcaption class=\"wp-element-caption\">mashine ya kupandia mahindi<\/figcaption><\/figure>    <h2 class=\"wp-block-heading\" id=\"h-corn-sowing-machine-requires-the-use-of-a-tractor\">Corn sowing machine requires the use of a tractor<\/h2>    <p>The corn sowing machine must be used with a tractor. Attach the corn planter to the tractor to operate it.<\/p>    <p>Different models of corn planters require tractors with varying horsepower. This ensures the tractor can power and move the planter.<\/p>    <p>Using a tractor with the corn sowing machine highlights its reliance on mechanized power, essential for field operations.<\/p>    <figure class=\"wp-block-image size-full\"><img loading=\"lazy\" decoding=\"async\" width=\"720\" height=\"540\" src=\"https:\/\/corn-machines.com\/wp-content\/uploads\/2022\/09\/Corn-sowing-machine-with-tractor.webp\" alt=\"Corn sowing machine with tractor\" class=\"wp-image-106\" srcset=\"https:\/\/corn-machines.com\/wp-content\/uploads\/2022\/09\/Corn-sowing-machine-with-tractor.webp 720w, https:\/\/corn-machines.com\/wp-content\/uploads\/2022\/09\/Corn-sowing-machine-with-tractor-300x225.webp 300w\" sizes=\"auto, (max-width: 720px) 100vw, 720px\" \/><figcaption class=\"wp-element-caption\">Corn sowing machine with tractor<\/figcaption><\/figure>    <h2 class=\"wp-block-heading\">How does the corn planter machine work?<\/h2>   <div id=\"rank-math-howto\" class=\"rank-math-block\" > <div class=\"rank-math-howto-description\">  <\/div>  <div class=\"rank-math-steps\"> <div id=\"howto-step-1718955659893\" class=\"rank-math-step\"> <h3 class=\"rank-math-step-title\">[1. Metering Device Composition]<\/h3> <div class=\"rank-math-step-content\"><p>Metering- apparaten best\u00e5r av ett guidhjul, diaphragma, enhetskropp, rader av skophjul och enhetslock. En partition installeras mellan enhetskroppen och metering-enhetlocken f\u00f6r att s\u00e4kerst\u00e4lla stabilitet.<\/p> <\/div> <\/div> <div id=\"howto-step-1718955678792\" class=\"rank-math-step\"> <h3 class=\"rank-math-step-title\">[2. Installation av Seed Scoop Wheel]<\/h3> <div class=\"rank-math-step-content\"><p>Cnti sede nyaya mbirwo ya mhodzi yembirwo yakaiswa pamusoro pegwara bunhu, plate yekutenderera yakaiswa pakati pebhinya yemberi uye gwara wendero. Pane clearance ingangosvika 0.5mm pakati pavo kuitira kudzivirira kusasimuka panguva yekutenderera kwenhamba.<\/p> <\/div> <\/div> <div id=\"howto-step-1718955692391\" class=\"rank-math-step\"> <h3 class=\"rank-math-step-title\">3. Seed Filling Process<\/h3> <div class=\"rank-math-step-content\"><p>N\u00e4r maskinen arbetar, g\u00e5r fr\u00f6na in i m\u00e4tanordningen under skyddet. I fyllningsomr\u00e5det nedanf\u00f6r fylls skopskivan med fr\u00f6n. B\u00e5de skopskivan och styrskivan roterar medurs f\u00f6r att s\u00e4kerst\u00e4lla korrekt fyllning.<\/p> <\/div> <\/div> <div id=\"howto-step-1718955707182\" class=\"rank-math-step\"> <h3 class=\"rank-math-step-title\">4. Pembersihan dan Regulasi Benih<\/h3> <div class=\"rank-math-step-content\"><img loading=\"lazy\" decoding=\"async\" width=\"720\" height=\"540\" src=\"https:\/\/corn-machines.com\/wp-content\/uploads\/2022\/09\/commercial-Corn-sowing-machine.webp\" class=\"attachment-full size-full\" alt=\"commercial Corn sowing machine\" srcset=\"https:\/\/corn-machines.com\/wp-content\/uploads\/2022\/09\/commercial-Corn-sowing-machine.webp 720w, https:\/\/corn-machines.com\/wp-content\/uploads\/2022\/09\/commercial-Corn-sowing-machine-300x225.webp 300w, https:\/\/corn-machines.com\/wp-content\/uploads\/2022\/09\/commercial-Corn-sowing-machine-16x12.webp 16w\" sizes=\"auto, (max-width: 720px) 100vw, 720px\" \/><p>Katika eneo la kujaza, mbegu zilizozidi hutolewa kutoka kwenye vivyo vya kujaza na kushuka kurudi kwenye eneo la kujaza. Wakati gurudumu la kijiko linapozunguka hadi kwa kifaa cha kupimia, mbegu zilizozidi hufutwa, kuhakikisha kuwa kuna mbegu moja pekee kwa kijiko.<\/p> <\/div> <\/div> <div id=\"howto-step-1718955720991\" class=\"rank-math-step\"> <h3 class=\"rank-math-step-title\">[5. Seed Release]<\/h3> <div class=\"rank-math-step-content\"><p>Kusukusanya ukumurugumbu kuvunja iliweko, mbegu zielekezwa na nguvu ya centrifugal na mvuto kwenye mapini ya piramidi ya uwiano ili kuingia kwenye kope za gurudumu inayofanana. Hii inahakikisha kila kijiko kinapeleka mbegu kwa usahihi katika eneo la kupanda mbegu.<\/p> <\/div> <\/div> <div id=\"howto-step-1718955733055\" class=\"rank-math-step\"> <h3 class=\"rank-math-step-title\">6. Seed Placement<\/h3> <div class=\"rank-math-step-content\"><p>B\u00f6ner forts\u00e4tter att r\u00f6ra sig genom \u00f6ppningarna i meteringens h\u00f6lje. De faller in i \u00f6ppnaren, vilket skapar en f\u00e5ra i jorden och fullbordar fr\u00f6placeringens process.<\/p> <\/div> <\/div> <\/div> <\/div>       <p>Understanding how the corn planter machine operates provides insights into the numerous advantages it offers in agricultural practices.<\/p>    <figure class=\"wp-block-image size-full\"><img loading=\"lazy\" decoding=\"async\" width=\"720\" height=\"540\" src=\"https:\/\/corn-machines.com\/wp-content\/uploads\/2022\/09\/Corn-sowing-machine-for-sale.webp\" alt=\"Corn sowing machine for sale\" class=\"wp-image-585\" srcset=\"https:\/\/corn-machines.com\/wp-content\/uploads\/2022\/09\/Corn-sowing-machine-for-sale.webp 720w, https:\/\/corn-machines.com\/wp-content\/uploads\/2022\/09\/Corn-sowing-machine-for-sale-300x225.webp 300w, https:\/\/corn-machines.com\/wp-content\/uploads\/2022\/09\/Corn-sowing-machine-for-sale-16x12.webp 16w\" sizes=\"auto, (max-width: 720px) 100vw, 720px\" \/><figcaption class=\"wp-element-caption\">Corn sowing machine for sale<\/figcaption><\/figure>    <h2 class=\"wp-block-heading\" id=\"h-advantages-of-corn-sowing-machine\">Advantages of corn sowing machine<\/h2>    <ul class=\"wp-block-list\"> <li>High Seeding Precision. The seeding device has high seeding precision with a particle number qualification index exceeding 80%, ensuring accurate and consistent seed planting.<\/li>    <li>High-Speed Operation. Capable of working at high speeds with normal filling, reaching up to 8 km\/h when the plant spacing is at least 20 cm, allowing for faster and more efficient planting.<\/li>    <li>Accurate Hole Spacing. Ensures precise hole spacing and even seedling distribution, reducing competition among plants and promoting vigorous crop growth, leading to higher yields.<\/li> <\/ul>    <figure class=\"wp-block-image size-full\"><img loading=\"lazy\" decoding=\"async\" width=\"720\" height=\"540\" src=\"https:\/\/corn-machines.com\/wp-content\/uploads\/2022\/09\/Corn-sowing-machine-2.webp\" alt=\"Corn sowing machine\" class=\"wp-image-586\" srcset=\"https:\/\/corn-machines.com\/wp-content\/uploads\/2022\/09\/Corn-sowing-machine-2.webp 720w, https:\/\/corn-machines.com\/wp-content\/uploads\/2022\/09\/Corn-sowing-machine-2-300x225.webp 300w, https:\/\/corn-machines.com\/wp-content\/uploads\/2022\/09\/Corn-sowing-machine-2-16x12.webp 16w\" sizes=\"auto, (max-width: 720px) 100vw, 720px\" \/><figcaption class=\"wp-element-caption\">Corn sowing machine<\/figcaption><\/figure>    <ul class=\"wp-block-list\"> <li>Convenient Gearbox Operation. The gearbox operation lever controls both the radial pendulum and axial movement of the pendulum wheel simultaneously, making the operation quick and convenient.<\/li>    <li>Durable Gearbox Components. All gears in the gearbox are made from high-quality steel and carburized for enhanced durability, ensuring long-lasting performance.<\/li>    <li>Reliable Transmission Parts. The transmission components are made of high-quality rolling bearings, providing reliable performance and ensuring the machine operates smoothly.<\/li> <\/ul>    <p>The advantages of the corn sowing machine highlight its efficiency and productivity benefits, addressing various challenges faced by growers in agricultural operations.<\/p>    <figure class=\"wp-block-image size-full\"><img loading=\"lazy\" decoding=\"async\" width=\"720\" height=\"540\" src=\"https:\/\/corn-machines.com\/wp-content\/uploads\/2022\/09\/maize-planter-machine-1.webp\" alt=\"maize planter machine\" class=\"wp-image-115\" srcset=\"https:\/\/corn-machines.com\/wp-content\/uploads\/2022\/09\/maize-planter-machine-1.webp 720w, https:\/\/corn-machines.com\/wp-content\/uploads\/2022\/09\/maize-planter-machine-1-300x225.webp 300w\" sizes=\"auto, (max-width: 720px) 100vw, 720px\" \/><figcaption class=\"wp-element-caption\">maize planter machine<\/figcaption><\/figure>    <h2 class=\"wp-block-heading\" id=\"h-what-problems-do-corn-planters-solve-for-growers\">What problems do corn planters solve for growers?<\/h2>    <p>This fully automatic corn planter enhances agricultural mechanization. It is more efficient for planting. It eliminates the inefficiency and high labor of using no tools or semi-automatic planters.<\/p>    <p class=\"translation-block\">Undvik att missa den b\u00e4sta s\u00e5tidens cykel p\u00e5 grund av produktivitetproblem, vilket p\u00e5verkar majsens grodd och tillv\u00e4xt. Dessutom har vi ocks\u00e5 <a href=\"https:\/\/corn-machines.com\/sw\/product\/small-corn-seeding-machine\/\">halvautomatiska majsplanterare<\/a>, som passar mycket bra f\u00f6r sm\u00e5produktion av majsf\u00f6rs\u00e4nkning.<\/p>    <p>The corn planters effectively address various challenges encountered by growers during the planting process. Understanding tips and maintenance for the maize planting machine is equally essential for optimal performance and longevity.<\/p>    <figure class=\"wp-block-image size-full\"><img loading=\"lazy\" decoding=\"async\" width=\"720\" height=\"540\" src=\"https:\/\/corn-machines.com\/wp-content\/uploads\/2022\/09\/corn-planters.webp\" alt=\"corn planters \" class=\"wp-image-114\" srcset=\"https:\/\/corn-machines.com\/wp-content\/uploads\/2022\/09\/corn-planters.webp 720w, https:\/\/corn-machines.com\/wp-content\/uploads\/2022\/09\/corn-planters-300x225.webp 300w\" sizes=\"auto, (max-width: 720px) 100vw, 720px\" \/><figcaption class=\"wp-element-caption\">corn planters <\/figcaption><\/figure>    <h2 class=\"wp-block-heading\">Tips and maintenance of maize planting machine<\/h2>    <ul class=\"wp-block-list\"> <li>Clean the machine thoroughly after each shift, removing soil and debris from different parts.<\/li>    <li>Daily, clear any remaining fertilizer and seeds from the cylinder and lifter disc.<\/li>    <li>Regularly check and tighten connections; address any looseness promptly.<\/li>    <li>Inspect rotating parts for smooth operation; adjust or replace worn components as needed.<\/li>    <li>Apply butter to sprocket slots every four hours of operation; lubricate chains and flywheels regularly.<\/li> <\/ul>    <p>Understanding the tips and maintenance of a maize planting machine ensures its longevity and efficiency, crucial considerations when deciding how to purchase the right maize planter machine.<\/p>    <figure class=\"wp-block-image size-full\"><img loading=\"lazy\" decoding=\"async\" width=\"720\" height=\"540\" src=\"https:\/\/corn-machines.com\/wp-content\/uploads\/2022\/09\/corn-sowing-machine-1.webp\" alt=\"mashine ya kupanda mahindi\" class=\"wp-image-109\" srcset=\"https:\/\/corn-machines.com\/wp-content\/uploads\/2022\/09\/corn-sowing-machine-1.webp 720w, https:\/\/corn-machines.com\/wp-content\/uploads\/2022\/09\/corn-sowing-machine-1-300x225.webp 300w\" sizes=\"auto, (max-width: 720px) 100vw, 720px\" \/><figcaption class=\"wp-element-caption\">mashine ya kupanda mahindi<\/figcaption><\/figure>    <h2 class=\"wp-block-heading\" id=\"h-how-to-buy-a-maize-planter-machine\">How to buy a maize planter machine?<\/h2>    <p>If you are reading this, you have reached our website where you can find our contact information. Feel free to reach out to us directly using the contact details provided on the website, or leave your contact information in the message section. <\/p>    <p>Tutakutumia maelezo ya kina kuhusu mashine zetu mara moja na kuwasiliana nawe hivi karibuni. Usisite kuuliza kuhusu mashine zetu sasa ili kugundua jinsi zinavyoweza kunufaisha shughuli zako!<\/p>    <figure class=\"wp-block-image size-full\"><img loading=\"lazy\" decoding=\"async\" width=\"720\" height=\"540\" src=\"https:\/\/corn-machines.com\/wp-content\/uploads\/2022\/09\/best-Corn-sowing-machine.webp\" alt=\"best Corn sowing machine\" class=\"wp-image-583\" srcset=\"https:\/\/corn-machines.com\/wp-content\/uploads\/2022\/09\/best-Corn-sowing-machine.webp 720w, https:\/\/corn-machines.com\/wp-content\/uploads\/2022\/09\/best-Corn-sowing-machine-300x225.webp 300w, https:\/\/corn-machines.com\/wp-content\/uploads\/2022\/09\/best-Corn-sowing-machine-16x12.webp 16w\" sizes=\"auto, (max-width: 720px) 100vw, 720px\" \/><figcaption class=\"wp-element-caption\">best Corn sowing machine<\/figcaption><\/figure>","protected":false},"excerpt":{"rendered":"<p>Mashine ya kupanda mahindi inaweza kupanda mazao mbalimbali ikiwa ni pamoja na mahindi, karanga, soya, pamba, na mengineyo.<\/p>","protected":false},"author":1,"featured_media":104,"parent":0,"template":"","tags":[30,15,14],"product-type":[2],"class_list":["post-102","product","type-product","status-publish","has-post-thumbnail","hentry","tag-corn-planting-machine","tag-corn-sowing-machine","tag-seeding","product-type-corn-planting-machine"],"_links":{"self":[{"href":"https:\/\/corn-machines.com\/sw\/wp-json\/wp\/v2\/product\/102","targetHints":{"allow":["GET"]}}],"collection":[{"href":"https:\/\/corn-machines.com\/sw\/wp-json\/wp\/v2\/product"}],"about":[{"href":"https:\/\/corn-machines.com\/sw\/wp-json\/wp\/v2\/types\/product"}],"author":[{"embeddable":true,"href":"https:\/\/corn-machines.com\/sw\/wp-json\/wp\/v2\/users\/1"}],"wp:featuredmedia":[{"embeddable":true,"href":"https:\/\/corn-machines.com\/sw\/wp-json\/wp\/v2\/media\/104"}],"wp:attachment":[{"href":"https:\/\/corn-machines.com\/sw\/wp-json\/wp\/v2\/media?parent=102"}],"wp:term":[{"taxonomy":"post_tag","embeddable":true,"href":"https:\/\/corn-machines.com\/sw\/wp-json\/wp\/v2\/tags?post=102"},{"taxonomy":"product-type","embeddable":true,"href":"https:\/\/corn-machines.com\/sw\/wp-json\/wp\/v2\/product-type?post=102"}],"curies":[{"name":"[\"wp\"]","href":"https:\/\/api.w.org\/{rel}","templated":true}]}}