{"id":1013,"date":"2025-09-25T15:18:37","date_gmt":"2025-09-25T07:18:37","guid":{"rendered":"https:\/\/corn-machines.com\/?post_type=product&#038;p=1013"},"modified":"2025-10-20T14:07:42","modified_gmt":"2025-10-20T06:07:42","slug":"multifunctional-grain-thresher","status":"publish","type":"product","link":"https:\/\/corn-machines.com\/sw\/product\/multifunctional-grain-thresher\/","title":{"rendered":"Multifunctional grain thresher"},"content":{"rendered":"<p class=\"translation-block\"><strong>mashine ya kukamua nafaka ya multifunctional<\/strong> inakamua nafaka mbalimbali kwa ufanisi na haraka. Inafaa kwa mahindi, soya, sorghum, ngano, mtama, na mazao mengine. Mashine yetu ya kukamua mazao ya multifunctional pia ni yenye ufanisi mkubwa, inaweza kukamua kwa kasi ya hadi tani 5 kwa saa.<\/p>    <p>La desgranadora multifuncional de ma\u00edz cuenta con c\u00e1maras dobles y sopladores dobles, asegurando un desgranado m\u00e1s limpio. Tambi\u00e9n presenta neum\u00e1ticos grandes, lo que facilita una operaci\u00f3n flexible y conveniente. Si est\u00e1 interesado, \u00a1cont\u00e1ctenos hoy para una consulta gratuita!<\/p>    <figure class=\"wp-block-embed is-type-video is-provider-youtube wp-block-embed-youtube wp-embed-aspect-16-9 wp-has-aspect-ratio\"><div class=\"wp-block-embed__wrapper\"> <iframe loading=\"lazy\" title=\"Trilladora multifuncional | Desgranadora multifuncional de granos para ma\u00edz, sorgo, trigo, mijo\" width=\"500\" height=\"281\" src=\"https:\/\/www.youtube.com\/embed\/v5GAfCG2C8I?feature=oembed\" frameborder=\"0\" allow=\"accelerometer; autoplay; clipboard-write; encrypted-media; gyroscope; picture-in-picture; web-share\" referrerpolicy=\"strict-origin-when-cross-origin\" allowfullscreen><\/iframe> <\/div><figcaption class=\"wp-element-caption\">proceso de trabajo de la trilladora multiusos de granos<\/figcaption><\/figure>    <h2 class=\"wp-block-heading\"><strong>Funktioner hos m\u00e5ngsidig s\u00e4destr\u00f6skmaskin<\/strong><\/h2>    <ul class=\"wp-block-list\"> <li>Taizy mashine ya kulia nafaka yenye kazi nyingi inatoa chaguo mbili za nguvu: <strong>injini ya dizeli na injini ya umeme<\/strong>. Injini ya dizeli inafaa kwa matumizi shambani na maeneo yasiyo na umeme; injini ya umeme ni thabiti na inaokoa nishati.<\/li>    <li>: Mashine yetu ya kulia nafaka ina sifa <strong>matumizi mengi<\/strong>, inayoweza kulia mahindi, mtama, mtama wa pori, soya, mchele, ngano, na mazao mengine mengi ya nafaka.<\/li>    <li>Kivunja mahindi cha kazi nyingi kina sifa <strong>ufanisi wa juu wa kiutendaji<\/strong>, kufikia uwezo wa kulia wa tani 5 kwa saa. Inakidhi mahitaji ya uzalishaji wa kila kiwango kwa urahisi.<\/li>    <li>Mashine hii ni <strong>: Imewasanishwa na matairi imara na ya kudumu<\/strong>, zinazofanya iwe rahisi kuhamisha kati ya mashamba na shamba bila kikomo na eneo, kufanya operesheni kuwa rahisi na yenye ufanisi zaidi.<\/li>    <li>Mashine ya kulia nafaka ya Taizy imetengenezwa kwa <strong>Chuma kilichozidishwa na vifaa vya ubora wa juu<\/strong>, zinazotoa utulivu mkubwa na rahisi kutunza, na zinaweza kudumisha utendaji mzuri hata chini ya kazi nzito.<\/li> <\/ul>   <div class=\"wp-block-image\"> <figure class=\"aligncenter size-full\"><img loading=\"lazy\" decoding=\"async\" width=\"720\" height=\"540\" src=\"https:\/\/corn-machines.com\/wp-content\/uploads\/2025\/09\/multifunctional-corn-shelling-machine.webp\" alt=\"m\u00e5ngfunktionell majsskalemaskin\" class=\"wp-image-1014\" srcset=\"https:\/\/corn-machines.com\/wp-content\/uploads\/2025\/09\/multifunctional-corn-shelling-machine.webp 720w, https:\/\/corn-machines.com\/wp-content\/uploads\/2025\/09\/multifunctional-corn-shelling-machine-300x225.webp 300w, https:\/\/corn-machines.com\/wp-content\/uploads\/2025\/09\/multifunctional-corn-shelling-machine-16x12.webp 16w\" sizes=\"auto, (max-width: 720px) 100vw, 720px\" \/><figcaption class=\"wp-element-caption\">m\u00e5ngfunktionell majsskalemaskin<\/figcaption><\/figure> <\/div>   <h2 class=\"wp-block-heading\"><strong>Parametrar f\u00f6r m\u00e5ngfunktionell s\u00e4desm\u00e5lningsmaskin<\/strong><\/h2>    <figure class=\"wp-block-table\"><table class=\"has-fixed-layout\"><tbody><tr><td>Model<\/td><td>MT-1500<\/td><\/tr><tr><td>Power<\/td><td>7.5kw\/15-18hp<\/td><\/tr><tr><td>Capacity<\/td><td>2-5t\/h<\/td><\/tr><tr><td>Application<\/td><td>Vete, ris, majs, sojab\u00f6nor, hirs, etc.<\/td><\/tr><\/tbody><\/table><figcaption class=\"wp-element-caption\">parametrar f\u00f6r m\u00e5ngfunktionell majsr\u00e5nsk\u00e4rare<\/figcaption><\/figure>    <h2 class=\"wp-block-heading\">Huvudkomponenter av m\u00e5ngfunktionell majsskalermaskin<\/h2>    <p>Taizy m\u00e5ngfunktionella s\u00e4desm\u00e5lningsmaskin best\u00e5r huvudsakligen av f\u00f6ljande delar:<\/p>    <ul class=\"wp-block-list\"> <li><strong>Kuingiza kwa chakula cha kulisha<\/strong>: Inatumika kulisha aina mbalimbali za nafaka, ikiwa ni pamoja na mahindi, mtama, mtama wa pori, soya, mchele, na ngano, kwenye mashine. Kuingiza kwa upana kunarahisisha uendeshaji wa mara kwa mara na kuboresha ufanisi wa kupakia.<\/li>    <li><strong>Mfumo wa vyumba viwili<\/strong>: Vyumba viwili vya kulia vimewekwa ndani ya mashine, vinawawezesha kulia na kutenganisha kwa wakati mmoja, kuboresha ufanisi kwa kiasi kikubwa.<\/li>    <li><strong>Mfumo wa kuchuja<\/strong>: Skrini imewekwa kufanya utenganishaji wa awali na uchujaji wa nafaka zilizolia, kuhakikisha uchafu mdogo, bidhaa safi, na ubora wa nafaka kuimarishwa.<\/li>    <li><strong>Mashabiki wawili<\/strong>: Mashabiki wenye nguvu huwatenganisha maganda, takataka, na nafaka kutoka kwenye mashine, kuboresha usafi na kupunguza usafi wa pili.<\/li>    <li><strong>Mfumo wa nguvu<\/strong>: Mashine yetu ya kulia nafaka yenye kazi nyingi inapatikana kwa chaguo la injini ya dizeli na injini ya umeme ili kufaa mazingira tofauti ya uendeshaji.<\/li>    <li><strong>Toka la kutoa<\/strong>: Baada ya kulia, nafaka huachiliwa kutoka kwenye tokeo la kutoa, ambapo skrini na blower huwatenganisha nafaka na uchafu kwa usafi.<\/li>    <li><strong>Fremu na matairi<\/strong>: Muundo wa fremu umejengwa kwa chuma kilichozidishwa kwa nguvu na utulivu. Imewasanishwa na matairi ya kudumu kwa urahisi wa kuhamisha kati ya mashamba, shamba, au maeneo ya usindikaji, kuboresha ufanisi wa operesheni.<\/li> <\/ul>    <figure class=\"wp-block-gallery has-nested-images columns-default is-cropped wp-block-gallery-2 is-layout-flex wp-block-gallery-is-layout-flex\"> <figure class=\"wp-block-image size-large\"><img loading=\"lazy\" decoding=\"async\" width=\"720\" height=\"540\" data-id=\"1015\" src=\"https:\/\/corn-machines.com\/wp-content\/uploads\/2025\/09\/multifunctional-thresher.webp\" alt=\"m\u00e5ngfunktionell m\u00e5lningsmaskin\" class=\"wp-image-1015\" srcset=\"https:\/\/corn-machines.com\/wp-content\/uploads\/2025\/09\/multifunctional-thresher.webp 720w, https:\/\/corn-machines.com\/wp-content\/uploads\/2025\/09\/multifunctional-thresher-300x225.webp 300w, https:\/\/corn-machines.com\/wp-content\/uploads\/2025\/09\/multifunctional-thresher-16x12.webp 16w\" sizes=\"auto, (max-width: 720px) 100vw, 720px\" \/><figcaption class=\"wp-element-caption\">m\u00e5ngfunktionell m\u00e5lningsmaskin<\/figcaption><\/figure>    <figure class=\"wp-block-image size-large\"><img loading=\"lazy\" decoding=\"async\" width=\"720\" height=\"540\" data-id=\"1016\" src=\"https:\/\/corn-machines.com\/wp-content\/uploads\/2025\/09\/multifunctional-threshing-machine.webp\" alt=\"multifunctional threshing machine\" class=\"wp-image-1016\" srcset=\"https:\/\/corn-machines.com\/wp-content\/uploads\/2025\/09\/multifunctional-threshing-machine.webp 720w, https:\/\/corn-machines.com\/wp-content\/uploads\/2025\/09\/multifunctional-threshing-machine-300x225.webp 300w, https:\/\/corn-machines.com\/wp-content\/uploads\/2025\/09\/multifunctional-threshing-machine-16x12.webp 16w\" sizes=\"auto, (max-width: 720px) 100vw, 720px\" \/><figcaption class=\"wp-element-caption\">multifunctional threshing machine<\/figcaption><\/figure> <\/figure>    <h2 class=\"wp-block-heading\"><strong>Anv\u00e4ndning av m\u00e5ngfunktionell s\u00e4desskal maskin<\/strong><\/h2>    <p>Den m\u00e5ng\u00e4ndam\u00e4ngda s\u00e4desm\u00e5lningsmaskinen \u00e4r l\u00e4mplig f\u00f6r bearbetning av olika cerealgr\u00f6dor, inklusive majs, hirs, sorgum, sojab\u00f6nor, ris och vete. Oavsett om det \u00e4r i sm\u00e5jordbruk, jordbrukssamverkan eller s\u00e4desbearbetningsanl\u00e4ggningar levererar denna maskin en utm\u00e4rkt tr\u00f6skningseffektivitet.<\/p>   <div class=\"wp-block-image\"> <figure class=\"aligncenter size-full\"><img loading=\"lazy\" decoding=\"async\" width=\"720\" height=\"540\" src=\"https:\/\/corn-machines.com\/wp-content\/uploads\/2025\/09\/application-of-multifunctional-maize-sheller.webp\" alt=\"aplicaci\u00f3n de la desgranadora multifuncional de ma\u00edz\" class=\"wp-image-1023\" srcset=\"https:\/\/corn-machines.com\/wp-content\/uploads\/2025\/09\/application-of-multifunctional-maize-sheller.webp 720w, https:\/\/corn-machines.com\/wp-content\/uploads\/2025\/09\/application-of-multifunctional-maize-sheller-300x225.webp 300w, https:\/\/corn-machines.com\/wp-content\/uploads\/2025\/09\/application-of-multifunctional-maize-sheller-16x12.webp 16w\" sizes=\"auto, (max-width: 720px) 100vw, 720px\" \/><figcaption class=\"wp-element-caption\">aplicaci\u00f3n de la desgranadora multifuncional de ma\u00edz<\/figcaption><\/figure> <\/div>   <p>spannm\u00e5let som bearbetas av v\u00e5r m\u00e5ngfunktionella s\u00e4desm\u00e5lningsmaskin uppvisar minimala f\u00f6roreningar, l\u00e5gt brottfall och intakta k\u00e4rnor, vilket m\u00f6jligg\u00f6r direkt soltorkning, lagring eller vidare bearbetning.<\/p>    <h2 class=\"wp-block-heading\"><strong>F\u00f6rdelar med tr\u00f6skning av s\u00e4deslag<\/strong><\/h2>    <ul class=\"wp-block-list\"> <li>Efter tr\u00f6skningen separeras halmen fr\u00e5n s\u00e4det, vilket minskar fukt och f\u00f6roreningar samtidigt som risken f\u00f6r m\u00f6gel och skadedjur minskar, vilket g\u00f6r s\u00e4den s\u00e4krare att lagra l\u00e4ngre.<\/li>    <li>Tr\u00f6skat s\u00e4de \u00e4r mindre i volym och l\u00e4ttare i vikt \u00e4n s\u00e4de i skalet, vilket g\u00f6r det enklare att paketera och transportera och d\u00e4rmed reducerar logistik kostnader.<\/li>    <li>Tr\u00f6skning tar effektivt bort f\u00f6roreningar och ger renare och mer intakta s\u00e4den, vilket underl\u00e4ttar efterf\u00f6ljande soltorkning och torkningsprocesser.<\/li>    <li>Oavsett om det g\u00e4ller risskalning, mj\u00f6lproduktion eller vidare bearbetning \u00e4r det tr\u00f6skade s\u00e4det b\u00e4ttre l\u00e4mpat f\u00f6r direkta bearbetningssteg, vilket \u00f6kar effektiviteten och f\u00e4rdig produktkvalitet.<\/li> <\/ul>    <figure class=\"wp-block-gallery has-nested-images columns-default is-cropped wp-block-gallery-3 is-layout-flex wp-block-gallery-is-layout-flex\"> <figure class=\"wp-block-image size-large\"><img loading=\"lazy\" decoding=\"async\" width=\"720\" height=\"540\" data-id=\"1021\" src=\"https:\/\/corn-machines.com\/wp-content\/uploads\/2025\/09\/finished-product-of-multifuncitonal-grian-sheller.webp\" alt=\"f\u00e4rdig produkt av multifuncitonal grain sheller\" class=\"wp-image-1021\" srcset=\"https:\/\/corn-machines.com\/wp-content\/uploads\/2025\/09\/finished-product-of-multifuncitonal-grian-sheller.webp 720w, https:\/\/corn-machines.com\/wp-content\/uploads\/2025\/09\/finished-product-of-multifuncitonal-grian-sheller-300x225.webp 300w, https:\/\/corn-machines.com\/wp-content\/uploads\/2025\/09\/finished-product-of-multifuncitonal-grian-sheller-16x12.webp 16w\" sizes=\"auto, (max-width: 720px) 100vw, 720px\" \/><figcaption class=\"wp-element-caption\">f\u00e4rdig produkt av multifuncitonal grain sheller<\/figcaption><\/figure>    <figure class=\"wp-block-image size-large\"><img loading=\"lazy\" decoding=\"async\" width=\"720\" height=\"540\" data-id=\"1020\" src=\"https:\/\/corn-machines.com\/wp-content\/uploads\/2025\/09\/finished-product-of-grian-thresher.webp\" alt=\"f\u00e4rdig produkt av s\u00e4desm\u00e5lningsmaskin\" class=\"wp-image-1020\" srcset=\"https:\/\/corn-machines.com\/wp-content\/uploads\/2025\/09\/finished-product-of-grian-thresher.webp 720w, https:\/\/corn-machines.com\/wp-content\/uploads\/2025\/09\/finished-product-of-grian-thresher-300x225.webp 300w, https:\/\/corn-machines.com\/wp-content\/uploads\/2025\/09\/finished-product-of-grian-thresher-16x12.webp 16w\" sizes=\"auto, (max-width: 720px) 100vw, 720px\" \/><figcaption class=\"wp-element-caption\">f\u00e4rdig produkt av s\u00e4desm\u00e5lningsmaskin<\/figcaption><\/figure> <\/figure>    <h2 class=\"wp-block-heading\"><strong>Pris av m\u00e5ngfunktionell s\u00e4desm\u00e5lningsmaskin<\/strong><\/h2>    <p>Priset p\u00e5 s\u00e4desm\u00e5lningsmaskinen varierar beroende p\u00e5 dess effektkonfiguration, extrafunktioner och k\u00f6pt antal. Till exempel \u00e4r priset per enhet l\u00e4gre ju fler enheter som k\u00f6ps. Slutgiltigt pris kan beh\u00f6va fastst\u00e4llas baserat p\u00e5 specifika krav och m\u00e4ngden som best\u00e4lls.<\/p>   <div class=\"wp-block-image\"> <figure class=\"aligncenter size-full\"><img loading=\"lazy\" decoding=\"async\" width=\"720\" height=\"540\" src=\"https:\/\/corn-machines.com\/wp-content\/uploads\/2025\/09\/multi-purpose-thresher-machine.webp\" alt=\"m\u00e5ngsidig tr\u00f6skmaskin\" class=\"wp-image-1017\" srcset=\"https:\/\/corn-machines.com\/wp-content\/uploads\/2025\/09\/multi-purpose-thresher-machine.webp 720w, https:\/\/corn-machines.com\/wp-content\/uploads\/2025\/09\/multi-purpose-thresher-machine-300x225.webp 300w, https:\/\/corn-machines.com\/wp-content\/uploads\/2025\/09\/multi-purpose-thresher-machine-16x12.webp 16w\" sizes=\"auto, (max-width: 720px) 100vw, 720px\" \/><figcaption class=\"wp-element-caption\">m\u00e5ngsidig tr\u00f6skmaskin<\/figcaption><\/figure> <\/div>   <h2 class=\"wp-block-heading\"><strong>Varf\u00f6r v\u00e4lja Taizy som din ledande leverant\u00f6r\u061f<\/strong><\/h2>    <p>Att v\u00e4lja Taisi som din leverant\u00f6r inneb\u00e4r att f\u00f6rv\u00e4rva den m\u00e5ngfunktionella s\u00e4desm\u00e5lningsmaskinen av exceptionell kvalitet, p\u00e5litlig prestanda och m\u00e5ngsidig funktionalitet. Som ett f\u00f6retag med omfattande erfarenhet av jordbruksmaskinproduktion och export, sprids v\u00e5ra produkter \u00f6ver hela v\u00e4rlden.<\/p>    <figure class=\"wp-block-gallery has-nested-images columns-default is-cropped wp-block-gallery-4 is-layout-flex wp-block-gallery-is-layout-flex\"> <figure class=\"wp-block-image size-large\"><img loading=\"lazy\" decoding=\"async\" width=\"720\" height=\"540\" data-id=\"1018\" src=\"https:\/\/corn-machines.com\/wp-content\/uploads\/2025\/09\/multi-purpose-threshing-machine.webp\" alt=\"m\u00e5ngsidig avtr\u00e4desmaskin\" class=\"wp-image-1018\" srcset=\"https:\/\/corn-machines.com\/wp-content\/uploads\/2025\/09\/multi-purpose-threshing-machine.webp 720w, https:\/\/corn-machines.com\/wp-content\/uploads\/2025\/09\/multi-purpose-threshing-machine-300x225.webp 300w, https:\/\/corn-machines.com\/wp-content\/uploads\/2025\/09\/multi-purpose-threshing-machine-16x12.webp 16w\" sizes=\"auto, (max-width: 720px) 100vw, 720px\" \/><figcaption class=\"wp-element-caption\">m\u00e5ngsidig avtr\u00e4desmaskin<\/figcaption><\/figure>    <figure class=\"wp-block-image size-large\"><img loading=\"lazy\" decoding=\"async\" width=\"720\" height=\"540\" data-id=\"1019\" src=\"https:\/\/corn-machines.com\/wp-content\/uploads\/2025\/09\/multifunctional-corn-sheller.webp\" alt=\"m\u00e5ngfunktionell majsskalerare\" class=\"wp-image-1019\" srcset=\"https:\/\/corn-machines.com\/wp-content\/uploads\/2025\/09\/multifunctional-corn-sheller.webp 720w, https:\/\/corn-machines.com\/wp-content\/uploads\/2025\/09\/multifunctional-corn-sheller-300x225.webp 300w, https:\/\/corn-machines.com\/wp-content\/uploads\/2025\/09\/multifunctional-corn-sheller-16x12.webp 16w\" sizes=\"auto, (max-width: 720px) 100vw, 720px\" \/><figcaption class=\"wp-element-caption\">m\u00e5ngfunktionell majsskalerare<\/figcaption><\/figure> <\/figure>    <p class=\"translation-block\">V\u00e5rt f\u00f6retag f\u00f6ljer str\u00e4nga produktionsstandarder och s\u00e4kerst\u00e4ller att varje enhet maskin levererar varaktig h\u00e5llbarhet och stabil prestanda. Dessutom erbjuder vi ett helt sortiment av jordbruksmaskiner, inklusive <a href=\"https:\/\/corn-machines.com\/sw\/product\/mobile-grain-dryer-for-drying-grain\/\">korntork<\/a>, <a href=\"https:\/\/corn-machines.com\/sw\/product\/corn-grits-machine\/\">majsgrissmaskin<\/a> och <a href=\"https:\/\/corn-machines.com\/sw\/product\/automated-corn-sowing-machine\/\">majsplanterare<\/a>, vilket ger dig en helhetl\u00f6sning!<\/p>    <h2 class=\"wp-block-heading\"><strong>Hitimisho<\/strong><\/h2>    <p>Ya sea para granjas familiares, cooperativas agr\u00edcolas o plantas de procesamiento de granos, nuestra m\u00e1quina trilladora multiusos puede mejorar significativamente su eficiencia de producci\u00f3n, proporcionando beneficios que superan con creces el costo del equipo.<\/p>    <p>Om du beh\u00f6ver den m\u00e5ngfunktionella s\u00e4desm\u00e5lningsmaskinen, tveka inte att kontakta oss. Vi kommer att tillhandah\u00e5lla dig den b\u00e4sta utrustningen och servicen.<\/p>","protected":false},"excerpt":{"rendered":"<p>Denna artikel beskriver i detalj k\u00e4rnprestandakarakt\u00e4rerna, effektkonfigurationen, strukturella funktioner, till\u00e4mpningsomr\u00e5de och f\u00f6rdelarna med post-tr\u00f6skelfunktionen f\u00f6r Taizy m\u00e5ngfunktionella tr\u00f6skare. Utrustningen uppvisar enast\u00e5ende driftseffektivitet och m\u00e5ngsidighet vid bearbetning av olika gr\u00f6dor, inklusive majs, hirs, sorgum, sojab\u00f6nor, ris och vete. <\/p>","protected":false},"author":1,"featured_media":1022,"parent":0,"template":"","tags":[42,52,61,57],"product-type":[4],"class_list":["post-1013","product","type-product","status-publish","has-post-thumbnail","hentry","tag-corn","tag-grain","tag-millet","tag-wheat","product-type-corn-thresher-machine"],"_links":{"self":[{"href":"https:\/\/corn-machines.com\/sw\/wp-json\/wp\/v2\/product\/1013","targetHints":{"allow":["GET"]}}],"collection":[{"href":"https:\/\/corn-machines.com\/sw\/wp-json\/wp\/v2\/product"}],"about":[{"href":"https:\/\/corn-machines.com\/sw\/wp-json\/wp\/v2\/types\/product"}],"author":[{"embeddable":true,"href":"https:\/\/corn-machines.com\/sw\/wp-json\/wp\/v2\/users\/1"}],"wp:featuredmedia":[{"embeddable":true,"href":"https:\/\/corn-machines.com\/sw\/wp-json\/wp\/v2\/media\/1022"}],"wp:attachment":[{"href":"https:\/\/corn-machines.com\/sw\/wp-json\/wp\/v2\/media?parent=1013"}],"wp:term":[{"taxonomy":"post_tag","embeddable":true,"href":"https:\/\/corn-machines.com\/sw\/wp-json\/wp\/v2\/tags?post=1013"},{"taxonomy":"product-type","embeddable":true,"href":"https:\/\/corn-machines.com\/sw\/wp-json\/wp\/v2\/product-type?post=1013"}],"curies":[{"name":"[\"wp\"]","href":"https:\/\/api.w.org\/{rel}","templated":true}]}}