{"id":100,"date":"2022-09-08T02:14:50","date_gmt":"2022-09-08T02:14:50","guid":{"rendered":"https:\/\/corn-machines.com\/?post_type=product&#038;p=100"},"modified":"2022-10-09T16:12:04","modified_gmt":"2022-10-09T08:12:04","slug":"mini-corn-harvesting-machine-maize-picker-machine","status":"publish","type":"product","link":"https:\/\/corn-machines.com\/sw\/product\/mini-corn-harvesting-machine-maize-picker-machine\/","title":{"rendered":"Mini majs sk\u00f6rdemaskin | majsplockare"},"content":{"rendered":"<p>A corn harvesting machine for harvesting corn and returning the stalks to the field. Corn stalks can be crushed and returned to the field as fertilizer at the same time as the corn is harvested. It is a small corn harvester, which is easy to operate and can be completed by one person.<\/p>    <figure class=\"wp-block-image size-full\"><img loading=\"lazy\" decoding=\"async\" width=\"720\" height=\"540\" src=\"https:\/\/corn-machines.com\/wp-content\/uploads\/2022\/09\/corn-harvesting-machine.webp\" alt=\"mashine ya kuvuna mahindi\" class=\"wp-image-144\" srcset=\"https:\/\/corn-machines.com\/wp-content\/uploads\/2022\/09\/corn-harvesting-machine.webp 720w, https:\/\/corn-machines.com\/wp-content\/uploads\/2022\/09\/corn-harvesting-machine-300x225.webp 300w\" sizes=\"auto, (max-width: 720px) 100vw, 720px\" \/><figcaption>mashine ya kuvuna mahindi<\/figcaption><\/figure>    <h2 class=\"wp-block-heading\" id=\"h-the-role-of-the-corn-harvester\">The role of the corn harvester<\/h2>    <figure class=\"wp-block-image size-full\"><img loading=\"lazy\" decoding=\"async\" width=\"720\" height=\"540\" src=\"https:\/\/corn-machines.com\/wp-content\/uploads\/2022\/09\/corn-harvester.webp\" alt=\"mashine ya kuvuna mahindi\" class=\"wp-image-145\" srcset=\"https:\/\/corn-machines.com\/wp-content\/uploads\/2022\/09\/corn-harvester.webp 720w, https:\/\/corn-machines.com\/wp-content\/uploads\/2022\/09\/corn-harvester-300x225.webp 300w\" sizes=\"auto, (max-width: 720px) 100vw, 720px\" \/><figcaption>mashine ya kuvuna mahindi<\/figcaption><\/figure>    <p class=\"translation-block\">This corn harvester is a small corn harvester that can handle one row. It can complete corn harvesting, stalk crushing, and other functions at one time. can be adjusted. But it is worth noting that our corn harvester cannot perform corn peeling, and corn peeling requires a corn peeler to work. There are also various types of <a href=\"https:\/\/corn-machines.com\/sw\/product\/corn-shelling-machine\/\" data-type=\"URL\" data-id=\"https:\/\/corn-machines.com\/product\/corn-shelling-machine\/\">corn threshers on sale<\/a>.<\/p>    <h2 class=\"wp-block-heading\" id=\"h-how-to-use-a-corn-harvesting-machine\">How to use a corn harvesting machine?<\/h2>    <figure class=\"wp-block-image size-full\"><img loading=\"lazy\" decoding=\"async\" width=\"720\" height=\"540\" src=\"https:\/\/corn-machines.com\/wp-content\/uploads\/2022\/09\/Corn-harvester-walking-in-the-field.webp\" alt=\"Corn harvester walking in the field\" class=\"wp-image-146\" srcset=\"https:\/\/corn-machines.com\/wp-content\/uploads\/2022\/09\/Corn-harvester-walking-in-the-field.webp 720w, https:\/\/corn-machines.com\/wp-content\/uploads\/2022\/09\/Corn-harvester-walking-in-the-field-300x225.webp 300w\" sizes=\"auto, (max-width: 720px) 100vw, 720px\" \/><figcaption>Corn harvester walking in the field<\/figcaption><\/figure>    <p class=\"translation-block\">Wakati inatumika, mtu mmoja anaweza kusukuma mashine mbele ili kufanya kazi, na mashine itaweza kumaliza kazi ya kusaga majani na kukusanya mahindi kiotomatiki, na mtumiaji hatahisi uchovu hata baada ya siku nzima ya kazi. Kipindi bora cha mavuno kwa mashine ya kuvuna mahindi ni siku 3-5 kwa sababu bado kuna kiasi kidogo cha maji katika majani katika wakati huu, mashine ya kuvuna mahindi inaweza kusagwa kwa urahisi, na ufanisi wa kusaga majani utaahirishwa ikiwa wakati ni mapema sana au kuchelewa sana. Mashine ya kuvuna mahindi inafaa kwa aina mbalimbali za ardhi, kama vile milima, <a href=\"https:\/\/en.wikipedia.org\/wiki\/Plain\" data-type=\"URL\" data-id=\"https:\/\/en.wikipedia.org\/wiki\/Plain\" target=\"_blank\" rel=\"noopener\">nyanda<\/a>, nyumba za kuhifadhia mboga, vilima, nyanda, na aina nyingine za ardhi ambazo zinaweza kufanya kazi kawaida.<\/p>    <h2 class=\"wp-block-heading\" id=\"h-parameters-of-the-corn-harvesting-machine\">Parameters of the corn harvesting machine<\/h2>    <figure class=\"wp-block-image size-full\"><img loading=\"lazy\" decoding=\"async\" width=\"720\" height=\"540\" src=\"https:\/\/corn-machines.com\/wp-content\/uploads\/2022\/09\/corn-harvesting-machine-1.webp\" alt=\"mashine ya kuvuna mahindi\" class=\"wp-image-147\" srcset=\"https:\/\/corn-machines.com\/wp-content\/uploads\/2022\/09\/corn-harvesting-machine-1.webp 720w, https:\/\/corn-machines.com\/wp-content\/uploads\/2022\/09\/corn-harvesting-machine-1-300x225.webp 300w\" sizes=\"auto, (max-width: 720px) 100vw, 720px\" \/><figcaption>mashine ya kuvuna mahindi<\/figcaption><\/figure>    <figure class=\"wp-block-table\"><table><tbody><tr><td>Model<\/td><td>4YZ-1<\/td><\/tr><tr><td>size<\/td><td>1820\u00d7800\u00d71190mm<\/td><\/tr><tr><td>weight<\/td><td>265kg<\/td><\/tr><tr><td>Speed \u200b\u200bof work<\/td><td>0.72-1.44km\/h<\/td><\/tr><tr><td>Unit working area fuel consumption<\/td><td>\u226410kg\/h\u33a1<\/td><\/tr><tr><td>hours of productivity<\/td><td>0.03-0.06hectares\/hour<\/td><\/tr><tr><td>Number of blades<\/td><td>10<\/td><\/tr><\/tbody><\/table><\/figure>    <h2 class=\"wp-block-heading\" id=\"h-structure-of-maize-picker-machine\">Structure of maize picker machine <\/h2>    <figure class=\"wp-block-image size-full\"><img loading=\"lazy\" decoding=\"async\" width=\"720\" height=\"540\" src=\"https:\/\/corn-machines.com\/wp-content\/uploads\/2022\/09\/maize-picker-machine.webp\" alt=\"maize picker machine \" class=\"wp-image-148\" srcset=\"https:\/\/corn-machines.com\/wp-content\/uploads\/2022\/09\/maize-picker-machine.webp 720w, https:\/\/corn-machines.com\/wp-content\/uploads\/2022\/09\/maize-picker-machine-300x225.webp 300w\" sizes=\"auto, (max-width: 720px) 100vw, 720px\" \/><figcaption>maize picker machine <\/figcaption><\/figure>    <p>The single-row corn harvesting machine consists of tires, armrests, gear adjustment buttons, tires, and an engine. The machine can be equipped with a diesel engine or a gasoline engine. The machine has multiple gear adjustments, the speed can be controlled, and the tires are made of rubber.<\/p>    <h2 class=\"wp-block-heading\" id=\"h-advantages-of-corn-harvester\">Advantages of corn harvester<\/h2>    <figure class=\"wp-block-gallery has-nested-images columns-default is-cropped wp-block-gallery-2 is-layout-flex wp-block-gallery-is-layout-flex\"> <figure class=\"wp-block-image size-large\"><img loading=\"lazy\" decoding=\"async\" width=\"720\" height=\"540\" data-id=\"149\" src=\"https:\/\/corn-machines.com\/wp-content\/uploads\/2022\/09\/corn-harvester-1.webp\" alt=\"mashine ya kuvuna mahindi\" class=\"wp-image-149\" srcset=\"https:\/\/corn-machines.com\/wp-content\/uploads\/2022\/09\/corn-harvester-1.webp 720w, https:\/\/corn-machines.com\/wp-content\/uploads\/2022\/09\/corn-harvester-1-300x225.webp 300w\" sizes=\"auto, (max-width: 720px) 100vw, 720px\" \/><figcaption>mashine ya kuvuna mahindi<\/figcaption><\/figure>    <figure class=\"wp-block-image size-large\"><img loading=\"lazy\" decoding=\"async\" width=\"720\" height=\"540\" data-id=\"150\" src=\"https:\/\/corn-machines.com\/wp-content\/uploads\/2022\/09\/corn-harvester-2.webp\" alt=\"mashine ya kuvuna mahindi\" class=\"wp-image-150\" srcset=\"https:\/\/corn-machines.com\/wp-content\/uploads\/2022\/09\/corn-harvester-2.webp 720w, https:\/\/corn-machines.com\/wp-content\/uploads\/2022\/09\/corn-harvester-2-300x225.webp 300w\" sizes=\"auto, (max-width: 720px) 100vw, 720px\" \/><figcaption>mashine ya kuvuna mahindi<\/figcaption><\/figure>    <figure class=\"wp-block-image size-large\"><img loading=\"lazy\" decoding=\"async\" width=\"720\" height=\"540\" data-id=\"151\" src=\"https:\/\/corn-machines.com\/wp-content\/uploads\/2022\/09\/corn-harvester-3.webp\" alt=\"mashine ya kuvuna mahindi\" class=\"wp-image-151\" srcset=\"https:\/\/corn-machines.com\/wp-content\/uploads\/2022\/09\/corn-harvester-3.webp 720w, https:\/\/corn-machines.com\/wp-content\/uploads\/2022\/09\/corn-harvester-3-300x225.webp 300w\" sizes=\"auto, (max-width: 720px) 100vw, 720px\" \/><figcaption>mashine ya kuvuna mahindi<\/figcaption><\/figure>    <figure class=\"wp-block-image size-large\"><img loading=\"lazy\" decoding=\"async\" width=\"720\" height=\"540\" data-id=\"152\" src=\"https:\/\/corn-machines.com\/wp-content\/uploads\/2022\/09\/corn-harvester-4.webp\" alt=\"mashine ya kuvuna mahindi\" class=\"wp-image-152\" srcset=\"https:\/\/corn-machines.com\/wp-content\/uploads\/2022\/09\/corn-harvester-4.webp 720w, https:\/\/corn-machines.com\/wp-content\/uploads\/2022\/09\/corn-harvester-4-300x225.webp 300w\" sizes=\"auto, (max-width: 720px) 100vw, 720px\" \/><figcaption>mashine ya kuvuna mahindi<\/figcaption><\/figure>    <figure class=\"wp-block-image size-large\"><img loading=\"lazy\" decoding=\"async\" width=\"720\" height=\"540\" data-id=\"153\" src=\"https:\/\/corn-machines.com\/wp-content\/uploads\/2022\/09\/corn-harvesting-machine-shipping.webp\" alt=\"corn harvesting machine shipping\" class=\"wp-image-153\" srcset=\"https:\/\/corn-machines.com\/wp-content\/uploads\/2022\/09\/corn-harvesting-machine-shipping.webp 720w, https:\/\/corn-machines.com\/wp-content\/uploads\/2022\/09\/corn-harvesting-machine-shipping-300x225.webp 300w\" sizes=\"auto, (max-width: 720px) 100vw, 720px\" \/><figcaption>corn harvesting machine shipping<\/figcaption><\/figure>    <figure class=\"wp-block-image size-large\"><img loading=\"lazy\" decoding=\"async\" width=\"720\" height=\"540\" data-id=\"154\" src=\"https:\/\/corn-machines.com\/wp-content\/uploads\/2022\/09\/corn-harvester-amchine.webp\" alt=\"corn harvester amchine\" class=\"wp-image-154\" srcset=\"https:\/\/corn-machines.com\/wp-content\/uploads\/2022\/09\/corn-harvester-amchine.webp 720w, https:\/\/corn-machines.com\/wp-content\/uploads\/2022\/09\/corn-harvester-amchine-300x225.webp 300w\" sizes=\"auto, (max-width: 720px) 100vw, 720px\" \/><figcaption>corn harvester amchine<\/figcaption><\/figure> <\/figure>    <ol class=\"wp-block-list\"><li>Enlarge the aggregate box, which can hold half a bag of corn at a time, which is more convenient for bagging<\/li><li>12-piece alloy crushing blade<\/li><li>The corn harvesting machine model is small, flexible in operation, free to move, and less restricted by terrain<\/li><li>Multi-gear adjustment, you can adjust the working speed<\/li><\/ol>    <figure class=\"wp-block-embed is-type-video is-provider-youtube wp-block-embed-youtube wp-embed-aspect-16-9 wp-has-aspect-ratio\"><div class=\"wp-block-embed__wrapper\"> <iframe loading=\"lazy\" title=\"Liten majs sk\u00f6rdare | En r\u00e5 majs sk\u00f6rdemaskin | multifunktionell majsstj\u00e4lkskrossmaskin\" width=\"500\" height=\"281\" src=\"https:\/\/www.youtube.com\/embed\/dnuDU_P6r60?feature=oembed\" frameborder=\"0\" allow=\"accelerometer; autoplay; clipboard-write; encrypted-media; gyroscope; picture-in-picture; web-share\" referrerpolicy=\"strict-origin-when-cross-origin\" allowfullscreen><\/iframe> <\/div><figcaption>maize picker machine<\/figcaption><\/figure>","protected":false},"excerpt":{"rendered":"<p>Mashine ya kuvuna mahindi kwa ajili ya kuvuna mahindi na kurudisha shina shambani.<\/p>","protected":false},"author":1,"featured_media":143,"parent":0,"template":"","tags":[19,35],"product-type":[3],"class_list":["post-100","product","type-product","status-publish","has-post-thumbnail","hentry","tag-corn-harvesting-machine","tag-corn-treshing-machine","product-type-corn-harvesting-machine"],"_links":{"self":[{"href":"https:\/\/corn-machines.com\/sw\/wp-json\/wp\/v2\/product\/100","targetHints":{"allow":["GET"]}}],"collection":[{"href":"https:\/\/corn-machines.com\/sw\/wp-json\/wp\/v2\/product"}],"about":[{"href":"https:\/\/corn-machines.com\/sw\/wp-json\/wp\/v2\/types\/product"}],"author":[{"embeddable":true,"href":"https:\/\/corn-machines.com\/sw\/wp-json\/wp\/v2\/users\/1"}],"wp:featuredmedia":[{"embeddable":true,"href":"https:\/\/corn-machines.com\/sw\/wp-json\/wp\/v2\/media\/143"}],"wp:attachment":[{"href":"https:\/\/corn-machines.com\/sw\/wp-json\/wp\/v2\/media?parent=100"}],"wp:term":[{"taxonomy":"post_tag","embeddable":true,"href":"https:\/\/corn-machines.com\/sw\/wp-json\/wp\/v2\/tags?post=100"},{"taxonomy":"product-type","embeddable":true,"href":"https:\/\/corn-machines.com\/sw\/wp-json\/wp\/v2\/product-type?post=100"}],"curies":[{"name":"[\"wp\"]","href":"https:\/\/api.w.org\/{rel}","templated":true}]}}