{"id":24,"date":"2022-09-06T07:20:01","date_gmt":"2022-09-06T07:20:01","guid":{"rendered":"https:\/\/corn-machines.com\/?page_id=24"},"modified":"2022-09-15T08:45:03","modified_gmt":"2022-09-15T08:45:03","slug":"about-us","status":"publish","type":"page","link":"https:\/\/corn-machines.com\/sw\/about-us\/","title":{"rendered":"Om oss"},"content":{"rendered":"<p>Taizy ni kampuni ya vifaa vya usindikaji wa mahindi. Kampuni yetu inaweza kuwapa wazalishaji wa mahindi mashine kamili zaidi na huduma ya kuacha moja ili kuwapa wateja huduma za kuaminika zaidi na kuokoa muda. Tuna kategoria tano kuu za mashine, ikiwa ni pamoja na vipanzi vya mahindi, wavunaji wa mahindi, vipasua mahindi, mashine za kutengeneza nafaka za mahindi, na kikaushio cha mahindi. Wateja wetu wanatoka kote ulimwenguni, na nchi ambazo mashine za usindikaji wa mahindi zinauzwa zaidi ni Italia, Bangladesh, Uturuki, Dubai, Marekani, Nigeria, Ekuador, na nchi nyingine.<\/p>    <figure class=\"wp-block-image size-full\"><img loading=\"lazy\" decoding=\"async\" width=\"720\" height=\"540\" src=\"https:\/\/corn-machines.com\/wp-content\/uploads\/2022\/09\/customer-visit.webp\" alt=\"ziara ya mteja\" class=\"wp-image-340\" srcset=\"https:\/\/corn-machines.com\/wp-content\/uploads\/2022\/09\/customer-visit.webp 720w, https:\/\/corn-machines.com\/wp-content\/uploads\/2022\/09\/customer-visit-300x225.webp 300w\" sizes=\"auto, (max-width: 720px) 100vw, 720px\" \/><figcaption>ziara ya mteja<\/figcaption><\/figure>    <h2 class=\"wp-block-heading\" id=\"h-what-can-we-do-for-our-clients\">Tunaweza kuwafanyia nini wateja wetu?<\/h2>    <figure class=\"wp-block-image size-full\"><img loading=\"lazy\" decoding=\"async\" width=\"750\" height=\"342\" src=\"https:\/\/corn-machines.com\/wp-content\/uploads\/2022\/09\/Qualification-certificate.webp\" alt=\"Cheti cha kufuzu\" class=\"wp-image-341\" srcset=\"https:\/\/corn-machines.com\/wp-content\/uploads\/2022\/09\/Qualification-certificate.webp 750w, https:\/\/corn-machines.com\/wp-content\/uploads\/2022\/09\/Qualification-certificate-300x137.webp 300w\" sizes=\"auto, (max-width: 750px) 100vw, 750px\" \/><figcaption>Cheti cha kufuzu<\/figcaption><\/figure>    <p>Testmaskin. Taizai kan erbjuda kunder testmaskiner och sedan skicka relaterade videor f\u00f6r att visa maskinernas arbetsverkan.<br>Erbjuda en rimlig l\u00f6sning. Vi kommer att erbjuda kunder rimliga l\u00f6sningar och de mest effektiva f\u00f6rslagen baserat p\u00e5 varje kunds behov.<br>L\u00f6sa problemet f\u00f6r kunder som anv\u00e4nder maskinen. Efter att kunder har k\u00f6pt maskinen, om de st\u00f6ter p\u00e5 problem under anv\u00e4ndning, kommer Taizy ocks\u00e5 att hj\u00e4lpa till att l\u00f6sa dem.<\/p>    <figure class=\"wp-block-image size-full\"><img loading=\"lazy\" decoding=\"async\" width=\"720\" height=\"540\" src=\"https:\/\/corn-machines.com\/wp-content\/uploads\/2022\/09\/corn.webp\" alt=\"corn\" class=\"wp-image-342\" srcset=\"https:\/\/corn-machines.com\/wp-content\/uploads\/2022\/09\/corn.webp 720w, https:\/\/corn-machines.com\/wp-content\/uploads\/2022\/09\/corn-300x225.webp 300w\" sizes=\"auto, (max-width: 720px) 100vw, 720px\" \/><figcaption>corn<\/figcaption><\/figure>    <h2 class=\"wp-block-heading\" id=\"h-the-growth-history-of-taize-company\">Historia ya ukuaji wa kampuni ya Taize<\/h2>    <figure class=\"wp-block-image size-full\"><img loading=\"lazy\" decoding=\"async\" width=\"750\" height=\"521\" src=\"https:\/\/corn-machines.com\/wp-content\/uploads\/2022\/09\/taizy-company.webp\" alt=\"kampuni ya Taizy\" class=\"wp-image-343\" srcset=\"https:\/\/corn-machines.com\/wp-content\/uploads\/2022\/09\/taizy-company.webp 750w, https:\/\/corn-machines.com\/wp-content\/uploads\/2022\/09\/taizy-company-300x208.webp 300w\" sizes=\"auto, (max-width: 750px) 100vw, 750px\" \/><figcaption>Kampuni ya Taizy<\/figcaption><\/figure>    <p>Taize ni kampuni ya miaka 20. Tumekua kutoka kiwanda kidogo hadi uzalishaji mkubwa wa wingi. Tumekua pamoja na wateja wetu, na tuna ushirikiano wa muda mrefu na wateja zaidi ya dazeni. Kutakuwa na muda maalum wa ununuzi wa wingi kila mwaka, Taizy ndio mshirika wao anayeaminika zaidi, tuna uzoefu tajiri katika uagizaji na usafirishaji na mawasiliano ya wateja, na tunaweza kufanya kazi kwa ufanisi katika michakato ya kuagiza na kusafirisha na uzalishaji wa hati.<\/p>    <figure class=\"wp-block-image size-full\"><img loading=\"lazy\" decoding=\"async\" width=\"750\" height=\"903\" src=\"https:\/\/corn-machines.com\/wp-content\/uploads\/2022\/09\/Taizy-factory.webp\" alt=\"Kiwanda cha Taizy\" class=\"wp-image-344\" srcset=\"https:\/\/corn-machines.com\/wp-content\/uploads\/2022\/09\/Taizy-factory.webp 750w, https:\/\/corn-machines.com\/wp-content\/uploads\/2022\/09\/Taizy-factory-249x300.webp 249w\" sizes=\"auto, (max-width: 750px) 100vw, 750px\" \/><figcaption>Kiwanda cha Taizy<\/figcaption><\/figure>","protected":false},"excerpt":{"rendered":"<p>Taizy is a corn processing equipment company. Our company can provide corn producers with the most comprehensive machines and one-stop service to provide customers with the most worry-free and time-saving services. We have five major categories of machines, including corn planters, corn harvesters, corn threshers, corn grits-making machines, and corn dryers. Our customers come from [&hellip;]<\/p>\n","protected":false},"author":1,"featured_media":0,"parent":0,"menu_order":0,"comment_status":"closed","ping_status":"closed","template":"","meta":{"footnotes":""},"class_list":["post-24","page","type-page","status-publish","hentry"],"_links":{"self":[{"href":"https:\/\/corn-machines.com\/sw\/wp-json\/wp\/v2\/pages\/24","targetHints":{"allow":["GET"]}}],"collection":[{"href":"https:\/\/corn-machines.com\/sw\/wp-json\/wp\/v2\/pages"}],"about":[{"href":"https:\/\/corn-machines.com\/sw\/wp-json\/wp\/v2\/types\/page"}],"author":[{"embeddable":true,"href":"https:\/\/corn-machines.com\/sw\/wp-json\/wp\/v2\/users\/1"}],"replies":[{"embeddable":true,"href":"https:\/\/corn-machines.com\/sw\/wp-json\/wp\/v2\/comments?post=24"}],"version-history":[{"count":0,"href":"https:\/\/corn-machines.com\/sw\/wp-json\/wp\/v2\/pages\/24\/revisions"}],"wp:attachment":[{"href":"https:\/\/corn-machines.com\/sw\/wp-json\/wp\/v2\/media?parent=24"}],"curies":[{"name":"[\"wp\"]","href":"https:\/\/api.w.org\/{rel}","templated":true}]}}