{"id":919,"date":"2025-08-27T16:05:43","date_gmt":"2025-08-27T08:05:43","guid":{"rendered":"https:\/\/corn-machines.com\/?post_type=product&#038;p=919"},"modified":"2025-09-05T17:02:32","modified_gmt":"2025-09-05T09:02:32","slug":"stainless-steel-milling-machine","status":"publish","type":"product","link":"https:\/\/corn-machines.com\/pt\/product\/stainless-steel-milling-machine\/","title":{"rendered":"Fresadora de a\u00e7o inoxid\u00e1vel"},"content":{"rendered":"<p class=\"translation-block\">A <strong>m\u00e1quina de moagem em a\u00e7o inoxid\u00e1vel<\/strong> foi concebida para moer v\u00e1rios gr\u00e3os em p\u00f3 fino. O produto acabado normalmente tem um tamanho de part\u00edculas de 20-120 mesh. \u00c9 vers\u00e1til e pode ser utilizada para processar milho, trigo, especiarias, gr\u00e3os de caf\u00e9, pimentos malagueta e outros.<\/p>    <p>O nosso moinho de milho \u00e9 f\u00e1cil de operar e altamente eficiente, com uma capacidade m\u00e1xima de 1500 kg\/h. Por isso, \u00e9 popular em v\u00e1rios pa\u00edses. Foi exportado para pa\u00edses como Nig\u00e9ria e \u00cdndia. Se procura um moedor de gr\u00e3os, contacte-nos e n\u00f3s forneceremos o melhor pre\u00e7o e a mais alta qualidade.<\/p>    <figure class=\"wp-block-embed is-type-video is-provider-youtube wp-block-embed-youtube wp-embed-aspect-16-9 wp-has-aspect-ratio\"><div class=\"wp-block-embed__wrapper\"> <iframe loading=\"lazy\" title=\"Melhor M\u00e1quina de Moagem em A\u00e7o Inoxid\u00e1vel &amp; Como Funciona a M\u00e1quina de Moagem em A\u00e7o Inoxid\u00e1vel?#moagem\" width=\"500\" height=\"281\" src=\"https:\/\/www.youtube.com\/embed\/djN5FJNMrys?feature=oembed\" frameborder=\"0\" allow=\"accelerometer; autoplay; clipboard-write; encrypted-media; gyroscope; picture-in-picture; web-share\" referrerpolicy=\"strict-origin-when-cross-origin\" allowfullscreen><\/iframe> <\/div><figcaption class=\"wp-element-caption\">processo de trabalho do moinho de moagem em a\u00e7o inoxid\u00e1vel<\/figcaption><\/figure>    <h2 class=\"wp-block-heading\"><strong>Vantagens do moinho de moagem em a\u00e7o inoxid\u00e1vel<\/strong><\/h2>    <ul class=\"wp-block-list\"> <li>A produ\u00e7\u00e3o m\u00e1xima da moinho de a\u00e7o inoxid\u00e1vel pode atingir <strong>1500kg\/h<\/strong>. \u00c9 adequado para produ\u00e7\u00e3o em todas as escalas, e pode escolher o modelo que melhor atende \u00e0s suas necessidades.<\/li>    <li>O tamanho das part\u00edculas do produto acabado \u00e9 est\u00e1vel em <strong>malha 20-120<\/strong>, cobrindo necessidades de moagem grossa a fina. Pode ajust\u00e1-lo de acordo com as necessidades de diferentes cen\u00e1rios.<\/li>    <li>A f\u00e1brica de farinha de milho Taizy tem uma<strong> ampla gama de aplica\u00e7\u00f5es<\/strong>. It can process corn, chili peppers, coffee beans, ginger, and beans, achieving &#8220;one machine, multiple uses.&#8221; <\/li>    <li>O nosso moedor de a\u00e7o inoxid\u00e1vel \u00e9 feito de um material est\u00e1vel que n\u00e3o reage com ingredientes alimentares, atende aos padr\u00f5es de grau alimentar e garante seguran\u00e7a. \u00c9 tamb\u00e9m resistente \u00e0 corros\u00e3o, por isso tem uma <strong>longa vida \u00fatil<\/strong>.<\/li> <\/ul>    <figure class=\"wp-block-gallery has-nested-images columns-default is-cropped wp-block-gallery-2 is-layout-flex wp-block-gallery-is-layout-flex\"> <figure class=\"wp-block-image size-large\"><img loading=\"lazy\" decoding=\"async\" width=\"720\" height=\"540\" data-id=\"920\" src=\"https:\/\/corn-machines.com\/wp-content\/uploads\/2025\/08\/stainless-steel-grinding-machine.webp\" alt=\"m\u00e1quina de moagem em a\u00e7o inoxid\u00e1vel\" class=\"wp-image-920\" srcset=\"https:\/\/corn-machines.com\/wp-content\/uploads\/2025\/08\/stainless-steel-grinding-machine.webp 720w, https:\/\/corn-machines.com\/wp-content\/uploads\/2025\/08\/stainless-steel-grinding-machine-300x225.webp 300w, https:\/\/corn-machines.com\/wp-content\/uploads\/2025\/08\/stainless-steel-grinding-machine-16x12.webp 16w\" sizes=\"auto, (max-width: 720px) 100vw, 720px\" \/><figcaption class=\"wp-element-caption\">m\u00e1quina de moagem em a\u00e7o inoxid\u00e1vel<\/figcaption><\/figure>    <figure class=\"wp-block-image size-large\"><img loading=\"lazy\" decoding=\"async\" width=\"720\" height=\"540\" data-id=\"921\" src=\"https:\/\/corn-machines.com\/wp-content\/uploads\/2025\/08\/detail-of-corn-milling-machine.webp\" alt=\"detalhe da m\u00e1quina de moagem de milho\" class=\"wp-image-921\" srcset=\"https:\/\/corn-machines.com\/wp-content\/uploads\/2025\/08\/detail-of-corn-milling-machine.webp 720w, https:\/\/corn-machines.com\/wp-content\/uploads\/2025\/08\/detail-of-corn-milling-machine-300x225.webp 300w, https:\/\/corn-machines.com\/wp-content\/uploads\/2025\/08\/detail-of-corn-milling-machine-16x12.webp 16w\" sizes=\"auto, (max-width: 720px) 100vw, 720px\" \/><figcaption class=\"wp-element-caption\">detalhe da m\u00e1quina de moagem de milho<\/figcaption><\/figure> <\/figure>    <h2 class=\"wp-block-heading\"><strong>Tipos e par\u00e2metros do moinho de moagem em a\u00e7o inoxid\u00e1vel<\/strong><\/h2>    <p>Para satisfazer as necessidades de diferentes clientes, fornecemos dois tipos de moinhos de farinha de gr\u00e3os: moinho de farinha em a\u00e7o inoxid\u00e1vel e pequena m\u00e1quina de moagem em a\u00e7o inoxid\u00e1vel. As imagens e par\u00e2metros destes dois tipos s\u00e3o os seguintes:<\/p>    <p class=\"translation-block\"><strong>Moinho de farinha em a\u00e7o inoxid\u00e1vel<\/strong><\/p>    <p>Esta m\u00e1quina tem cinco modelos: 15B, 20B, 30B, 40B e 50B. Os seus par\u00e2metros espec\u00edficos s\u00e3o os seguintes:<\/p>    <figure class=\"wp-block-table\"><table class=\"has-fixed-layout\"><tbody><tr><td>Modelo<\/td><td>15B<\/td><td>20B<\/td><td>30B<\/td><td>40B<\/td><td>50B<\/td><\/tr><tr><td>Material<\/td><td>SUS 304<\/td><td>SUS 304<\/td><td>SUS 304<\/td><td>SUS 304<\/td><td>SUS 304<\/td><\/tr><tr><td>Poder<\/td><td>2,2 kW<\/td><td>4kw<\/td><td>7,5 kW<\/td><td>11kw<\/td><td>18.5kw<\/td><\/tr><tr><td>Velocidade de rota\u00e7\u00e3o<\/td><td>6000rpm<\/td><td>4500rpm<\/td><td>3800rpm<\/td><td>3400rpm<\/td><td>3200rpm<\/td><\/tr><tr><td>Tamanho do material<\/td><td>&lt;8mm<\/td><td>&lt;8mm<\/td><td>&lt;10mm<\/td><td>&lt;12mm<\/td><td>&lt;14mm<\/td><\/tr><tr><td>Capacidade<\/td><td>10-60kg\/h<\/td><td>60-150kg\/h<\/td><td>100-300kg\/h<\/td><td>160-800kg\/h<\/td><td>500-1500kg\/h<\/td><\/tr><tr><td>Fineness<\/td><td>20-120mesh<\/td><td>20-120mesh<\/td><td>20-120mesh<\/td><td>20-120mesh<\/td><td>20-120mesh<\/td><\/tr><tr><td>Peso<\/td><td>150kg<\/td><td>280kg<\/td><td>340kg<\/td><td>450kg<\/td><td>530kg<\/td><\/tr><\/tbody><\/table><figcaption class=\"wp-element-caption\">par\u00e2metros do moinho de farinha em a\u00e7o inoxid\u00e1vel <\/figcaption><\/figure>   <div class=\"wp-block-image\"> <figure class=\"aligncenter size-full\"><img loading=\"lazy\" decoding=\"async\" width=\"720\" height=\"540\" src=\"https:\/\/corn-machines.com\/wp-content\/uploads\/2025\/08\/stainless-steel-milling-machine.webp\" alt=\"fresadora de a\u00e7o inoxid\u00e1vel\" class=\"wp-image-922\" srcset=\"https:\/\/corn-machines.com\/wp-content\/uploads\/2025\/08\/stainless-steel-milling-machine.webp 720w, https:\/\/corn-machines.com\/wp-content\/uploads\/2025\/08\/stainless-steel-milling-machine-300x225.webp 300w, https:\/\/corn-machines.com\/wp-content\/uploads\/2025\/08\/stainless-steel-milling-machine-16x12.webp 16w\" sizes=\"auto, (max-width: 720px) 100vw, 720px\" \/><figcaption class=\"wp-element-caption\">fresadora de a\u00e7o inoxid\u00e1vel<\/figcaption><\/figure> <\/div>   <p class=\"translation-block\"><strong>Pequena m\u00e1quina de moagem em a\u00e7o inoxid\u00e1vel<\/strong><\/p>    <p>Esta m\u00e1quina tem tr\u00eas modelos: HAO-1200, HAO-2200 e HAO-3000. Os par\u00e2metros espec\u00edficos s\u00e3o os seguintes:<\/p>    <figure class=\"wp-block-table\"><table class=\"has-fixed-layout\"><tbody><tr><td>Modelo<\/td><td>HAO-1200<\/td><td>HAO-2200<\/td><td>HAO-3000<\/td><\/tr><tr><td>Poder<\/td><td>1.1kw<\/td><td>2,2 kW<\/td><td>3kw<\/td><\/tr><tr><td>Velocidade de rota\u00e7\u00e3o<\/td><td>1400rpm<\/td><td>1420rpm<\/td><td>1420rpm<\/td><\/tr><tr><td>Capacidade<\/td><td>15-40kg\/h<\/td><td>30-50kg\/h<\/td><td>30-60kg\/h<\/td><\/tr><tr><td>Fineness<\/td><td>50-200mesh<\/td><td>50-200mesh<\/td><td>50-200mesh<\/td><\/tr><tr><td>Tamanho da m\u00e1quina<\/td><td>47*22*34cm<\/td><td>55*28*41cm<\/td><td>60*30*46cm<\/td><\/tr><tr><td>Peso da m\u00e1quina<\/td><td>30kg<\/td><td>40kg<\/td><td>48kg<\/td><\/tr><\/tbody><\/table><figcaption class=\"wp-element-caption\">par\u00e2metros do pequeno a\u00e7o inoxid\u00e1vel<\/figcaption><\/figure>   <div class=\"wp-block-image\"> <figure class=\"aligncenter size-full\"><img loading=\"lazy\" decoding=\"async\" width=\"720\" height=\"540\" src=\"https:\/\/corn-machines.com\/wp-content\/uploads\/2025\/08\/Small-stainless-steel-milling-machine.webp\" alt=\"pequena m\u00e1quina de moagem em a\u00e7o inoxid\u00e1vel\" class=\"wp-image-923\" srcset=\"https:\/\/corn-machines.com\/wp-content\/uploads\/2025\/08\/Small-stainless-steel-milling-machine.webp 720w, https:\/\/corn-machines.com\/wp-content\/uploads\/2025\/08\/Small-stainless-steel-milling-machine-300x225.webp 300w, https:\/\/corn-machines.com\/wp-content\/uploads\/2025\/08\/Small-stainless-steel-milling-machine-16x12.webp 16w\" sizes=\"auto, (max-width: 720px) 100vw, 720px\" \/><figcaption class=\"wp-element-caption\">pequena m\u00e1quina de moagem em a\u00e7o inoxid\u00e1vel<\/figcaption><\/figure> <\/div>   <h2 class=\"wp-block-heading\"><strong>Estrutura da m\u00e1quina de moagem de gr\u00e3os<\/strong><\/h2>    <div class=\"wp-block-media-text is-stacked-on-mobile\"><figure class=\"wp-block-media-text__media\"><img loading=\"lazy\" decoding=\"async\" width=\"540\" height=\"720\" src=\"https:\/\/corn-machines.com\/wp-content\/uploads\/2025\/08\/stainless-steel-grinding-mill.webp\" alt=\"moinho de moagem em a\u00e7o inoxid\u00e1vel\" class=\"wp-image-924 size-full\" srcset=\"https:\/\/corn-machines.com\/wp-content\/uploads\/2025\/08\/stainless-steel-grinding-mill.webp 540w, https:\/\/corn-machines.com\/wp-content\/uploads\/2025\/08\/stainless-steel-grinding-mill-225x300.webp 225w, https:\/\/corn-machines.com\/wp-content\/uploads\/2025\/08\/stainless-steel-grinding-mill-9x12.webp 9w\" sizes=\"auto, (max-width: 540px) 100vw, 540px\" \/><\/figure><div class=\"wp-block-media-text__content\"> <p>A estrutura geral da m\u00e1quina de moagem em a\u00e7o inoxid\u00e1vel \u00e9 muito simples, composta pelos seguintes componentes principais:<\/p>    <ul class=\"wp-block-list\"> <li>Entrada<\/li>    <li>Ajuste de velocidade<\/li>    <li>Cavidade de tritura\u00e7\u00e3o<\/li>    <li>Porca solta<\/li>    <li>Bot\u00e3o de ligar\/desligar<\/li>    <li>Sa\u00edda<\/li> <\/ul> <\/div><\/div>    <h2 class=\"wp-block-heading\"><strong>Princ\u00edpio de funcionamento do moinho de gr\u00e3os<\/strong><\/h2>    <p>Este pulverizador utiliza o movimento relativo entre um disco dentado m\u00f3vel e um fixo para pulverizar o material atrav\u00e9s do impacto, cisalhamento, atrito e colis\u00e3o dos dentes. O material pulverizado \u00e9 descarregado diretamente da c\u00e2mara de pulveriza\u00e7\u00e3o.<\/p>    <p>O tamanho final das part\u00edculas do produto desta m\u00e1quina \u00e9 determinado pela peneira, que pode ser alterada para se adequar ao tamanho de part\u00edcula desejado.<\/p>    <figure class=\"wp-block-gallery has-nested-images columns-default is-cropped wp-block-gallery-3 is-layout-flex wp-block-gallery-is-layout-flex\"> <figure class=\"wp-block-image size-full\"><img loading=\"lazy\" decoding=\"async\" width=\"540\" height=\"720\" data-id=\"934\" src=\"https:\/\/corn-machines.com\/wp-content\/uploads\/2025\/08\/\u56fe\u7247\u6587\u5b57\u4fee\u6539-tuya_\u7ed3\u679c.webp\" alt=\"detalhe da m\u00e1quina de moagem de farinha em a\u00e7o inoxid\u00e1vel\" class=\"wp-image-934\" srcset=\"https:\/\/corn-machines.com\/wp-content\/uploads\/2025\/08\/\u56fe\u7247\u6587\u5b57\u4fee\u6539-tuya_\u7ed3\u679c.webp 540w, https:\/\/corn-machines.com\/wp-content\/uploads\/2025\/08\/\u56fe\u7247\u6587\u5b57\u4fee\u6539-tuya_\u7ed3\u679c-225x300.webp 225w, https:\/\/corn-machines.com\/wp-content\/uploads\/2025\/08\/\u56fe\u7247\u6587\u5b57\u4fee\u6539-tuya_\u7ed3\u679c-9x12.webp 9w\" sizes=\"auto, (max-width: 540px) 100vw, 540px\" \/><figcaption class=\"wp-element-caption\">detalhe da m\u00e1quina de moagem de farinha em a\u00e7o inoxid\u00e1vel<\/figcaption><\/figure>    <figure class=\"wp-block-image size-large\"><img loading=\"lazy\" decoding=\"async\" width=\"540\" height=\"720\" data-id=\"925\" src=\"https:\/\/corn-machines.com\/wp-content\/uploads\/2025\/08\/detail-of-small-grain-milling-machine.webp\" alt=\"detalhe da pequena m\u00e1quina de moagem de gr\u00e3os\" class=\"wp-image-925\" srcset=\"https:\/\/corn-machines.com\/wp-content\/uploads\/2025\/08\/detail-of-small-grain-milling-machine.webp 540w, https:\/\/corn-machines.com\/wp-content\/uploads\/2025\/08\/detail-of-small-grain-milling-machine-225x300.webp 225w, https:\/\/corn-machines.com\/wp-content\/uploads\/2025\/08\/detail-of-small-grain-milling-machine-9x12.webp 9w\" sizes=\"auto, (max-width: 540px) 100vw, 540px\" \/><figcaption class=\"wp-element-caption\">detalhes da pequena m\u00e1quina de moagem de gr\u00e3os<\/figcaption><\/figure>    <figure class=\"wp-block-image size-large\"><img loading=\"lazy\" decoding=\"async\" width=\"540\" height=\"720\" data-id=\"926\" src=\"https:\/\/corn-machines.com\/wp-content\/uploads\/2025\/08\/sieve-of-stainless-steel-small-mill.webp\" alt=\"peneira da pequena m\u00e1quina em a\u00e7o inoxid\u00e1vel\" class=\"wp-image-926\" srcset=\"https:\/\/corn-machines.com\/wp-content\/uploads\/2025\/08\/sieve-of-stainless-steel-small-mill.webp 540w, https:\/\/corn-machines.com\/wp-content\/uploads\/2025\/08\/sieve-of-stainless-steel-small-mill-225x300.webp 225w, https:\/\/corn-machines.com\/wp-content\/uploads\/2025\/08\/sieve-of-stainless-steel-small-mill-9x12.webp 9w\" sizes=\"auto, (max-width: 540px) 100vw, 540px\" \/><figcaption class=\"wp-element-caption\">peneira da pequena m\u00e1quina em a\u00e7o inoxid\u00e1vel<\/figcaption><\/figure> <\/figure>    <h2 class=\"wp-block-heading\"><strong>Aplica\u00e7\u00e3o da m\u00e1quina moedora em a\u00e7o inoxid\u00e1vel<\/strong><\/h2>    <p>A m\u00e1quina de moagem em a\u00e7o inoxid\u00e1vel Taizy tem uma ampla gama de aplica\u00e7\u00f5es, como gr\u00e3os de caf\u00e9, gengibre, pimenta em gr\u00e3o, soja, malaguetas, ervas, etc.<\/p>    <figure class=\"wp-block-gallery has-nested-images columns-default is-cropped wp-block-gallery-4 is-layout-flex wp-block-gallery-is-layout-flex\"> <figure class=\"wp-block-image size-large\"><img loading=\"lazy\" decoding=\"async\" width=\"720\" height=\"540\" data-id=\"930\" src=\"https:\/\/corn-machines.com\/wp-content\/uploads\/2025\/08\/application-of-stainless-steel-flour-mill-machine.webp\" alt=\"aplica\u00e7\u00e3o da m\u00e1quina de moagem de farinha em a\u00e7o inoxid\u00e1vel\" class=\"wp-image-930\" srcset=\"https:\/\/corn-machines.com\/wp-content\/uploads\/2025\/08\/application-of-stainless-steel-flour-mill-machine.webp 720w, https:\/\/corn-machines.com\/wp-content\/uploads\/2025\/08\/application-of-stainless-steel-flour-mill-machine-300x225.webp 300w, https:\/\/corn-machines.com\/wp-content\/uploads\/2025\/08\/application-of-stainless-steel-flour-mill-machine-16x12.webp 16w\" sizes=\"auto, (max-width: 720px) 100vw, 720px\" \/><figcaption class=\"wp-element-caption\">aplica\u00e7\u00e3o da m\u00e1quina de moagem de farinha em a\u00e7o inoxid\u00e1vel<\/figcaption><\/figure>    <figure class=\"wp-block-image size-large\"><img loading=\"lazy\" decoding=\"async\" width=\"720\" height=\"540\" data-id=\"931\" src=\"https:\/\/corn-machines.com\/wp-content\/uploads\/2025\/08\/application-of-stainless-steel-milling-machine.webp\" alt=\"aplica\u00e7\u00e3o da m\u00e1quina de moagem em a\u00e7o inoxid\u00e1vel\" class=\"wp-image-931\" srcset=\"https:\/\/corn-machines.com\/wp-content\/uploads\/2025\/08\/application-of-stainless-steel-milling-machine.webp 720w, https:\/\/corn-machines.com\/wp-content\/uploads\/2025\/08\/application-of-stainless-steel-milling-machine-300x225.webp 300w, https:\/\/corn-machines.com\/wp-content\/uploads\/2025\/08\/application-of-stainless-steel-milling-machine-16x12.webp 16w\" sizes=\"auto, (max-width: 720px) 100vw, 720px\" \/><figcaption class=\"wp-element-caption\">aplica\u00e7\u00e3o da m\u00e1quina de moagem em a\u00e7o inoxid\u00e1vel<\/figcaption><\/figure> <\/figure>    <h2 class=\"wp-block-heading\"><strong>Qual \u00e9 o pre\u00e7o do moinho de moagem de milho?<\/strong><\/h2>    <p>Oferecemos uma variedade de modelos de moedores de gr\u00e3os e milho. V\u00e1rios fatores determinam o pre\u00e7o do moinho de gr\u00e3os.<\/p>    <ul class=\"wp-block-list\"> <li>Primeiro, o modelo da m\u00e1quina. Diferentes modelos produzem diferentes n\u00edveis de finura do produto acabado e efici\u00eancia de processamento, resultando em varia\u00e7\u00f5es de pre\u00e7o.<\/li>    <li>Segundo, os acess\u00f3rios da m\u00e1quina. Por exemplo, se precisar de adquirir pe\u00e7as consum\u00edveis adicionais (como peneiras) ou equipamentos auxiliares (como dispositivos de manuseamento de materiais). Nesse caso, os custos dos acess\u00f3rios correspondentes ser\u00e3o adicionados ao pre\u00e7o base.<\/li>    <li>Al\u00e9m disso, o pa\u00eds de destino. Isto est\u00e1 principalmente relacionado com as taxas de frete mar\u00edtimo internacional, que variam consoante o destino e afetam diretamente o pre\u00e7o total da m\u00e1quina.<\/li> <\/ul>    <figure class=\"wp-block-gallery has-nested-images columns-default is-cropped wp-block-gallery-5 is-layout-flex wp-block-gallery-is-layout-flex\"> <figure class=\"wp-block-image size-large\"><img loading=\"lazy\" decoding=\"async\" width=\"540\" height=\"720\" data-id=\"928\" src=\"https:\/\/corn-machines.com\/wp-content\/uploads\/2025\/08\/stainless-steel-grinder-machine.webp\" alt=\"m\u00e1quina moedora em a\u00e7o inoxid\u00e1vel\" class=\"wp-image-928\" srcset=\"https:\/\/corn-machines.com\/wp-content\/uploads\/2025\/08\/stainless-steel-grinder-machine.webp 540w, https:\/\/corn-machines.com\/wp-content\/uploads\/2025\/08\/stainless-steel-grinder-machine-225x300.webp 225w, https:\/\/corn-machines.com\/wp-content\/uploads\/2025\/08\/stainless-steel-grinder-machine-9x12.webp 9w\" sizes=\"auto, (max-width: 540px) 100vw, 540px\" \/><figcaption class=\"wp-element-caption\">m\u00e1quina moedora em a\u00e7o inoxid\u00e1vel<\/figcaption><\/figure>    <figure class=\"wp-block-image size-large\"><img loading=\"lazy\" decoding=\"async\" width=\"540\" height=\"720\" data-id=\"929\" src=\"https:\/\/corn-machines.com\/wp-content\/uploads\/2025\/08\/stainless-steel-small-mill.webp\" alt=\"pequena m\u00e1quina em a\u00e7o inoxid\u00e1vel\" class=\"wp-image-929\" srcset=\"https:\/\/corn-machines.com\/wp-content\/uploads\/2025\/08\/stainless-steel-small-mill.webp 540w, https:\/\/corn-machines.com\/wp-content\/uploads\/2025\/08\/stainless-steel-small-mill-225x300.webp 225w, https:\/\/corn-machines.com\/wp-content\/uploads\/2025\/08\/stainless-steel-small-mill-9x12.webp 9w\" sizes=\"auto, (max-width: 540px) 100vw, 540px\" \/><figcaption class=\"wp-element-caption\">pequena m\u00e1quina em a\u00e7o inoxid\u00e1vel<\/figcaption><\/figure> <\/figure>    <h2 class=\"wp-block-heading\"><strong>Porqu\u00ea escolher-nos como seu fornecedor?<\/strong><\/h2>    <p class=\"translation-block\">Taizy \u00e9 uma empresa especializada em equipamentos de processamento de produtos agr\u00edcolas. Oferecemos uma gama completa de m\u00e1quinas, incluindo m\u00e1quina de moagem em a\u00e7o inoxid\u00e1vel, <a href=\"https:\/\/corn-machines.com\/pt\/product\/mini-corn-harvesting-machine-maize-picker-machine\/\">ceifeira de milho<\/a>, <a href=\"https:\/\/corn-machines.com\/pt\/product\/grain-dryer\/\">secador de milho<\/a>, <a href=\"https:\/\/corn-machines.com\/pt\/product\/fresh-corn-thresher-sweet-corn-sheller\/\">debulhadora de milho<\/a>, e <a href=\"https:\/\/corn-machines.com\/pt\/product\/corn-grits-machine\/\">m\u00e1quina de moagem de gr\u00e3os de milho<\/a>. <\/p>    <p>Fornecemos um servi\u00e7o completo para os nossos clientes. Os nossos clientes est\u00e3o espalhados pelo mundo, com o maior volume de vendas de equipamentos de processamento de milho em pa\u00edses como It\u00e1lia, Bangladesh, Turquia, Dubai, Estados Unidos, Nig\u00e9ria e Equador. Recebemos elogios un\u00e2nimes dos nossos clientes.<\/p>    <p> Se tiver alguma m\u00e1quina do seu interesse, contacte-nos agora e forneceremos o melhor servi\u00e7o e a solu\u00e7\u00e3o mais eficaz.<\/p>","protected":false},"excerpt":{"rendered":"<p>Este artigo apresenta principalmente a fresadora de a\u00e7o inoxid\u00e1vel, incluindo as suas fun\u00e7\u00f5es, vantagens, modelos, etc. A introdu\u00e7\u00e3o abrangente fornece uma refer\u00eancia para os clientes necessitados.<\/p>","protected":false},"author":1,"featured_media":933,"parent":0,"template":"","tags":[42,76,43],"product-type":[5],"class_list":["post-919","product","type-product","status-publish","has-post-thumbnail","hentry","tag-corn","tag-corn-milling","tag-maize","product-type-maize-grits-milling-machine"],"_links":{"self":[{"href":"https:\/\/corn-machines.com\/pt\/wp-json\/wp\/v2\/product\/919","targetHints":{"allow":["GET"]}}],"collection":[{"href":"https:\/\/corn-machines.com\/pt\/wp-json\/wp\/v2\/product"}],"about":[{"href":"https:\/\/corn-machines.com\/pt\/wp-json\/wp\/v2\/types\/product"}],"author":[{"embeddable":true,"href":"https:\/\/corn-machines.com\/pt\/wp-json\/wp\/v2\/users\/1"}],"wp:featuredmedia":[{"embeddable":true,"href":"https:\/\/corn-machines.com\/pt\/wp-json\/wp\/v2\/media\/933"}],"wp:attachment":[{"href":"https:\/\/corn-machines.com\/pt\/wp-json\/wp\/v2\/media?parent=919"}],"wp:term":[{"taxonomy":"post_tag","embeddable":true,"href":"https:\/\/corn-machines.com\/pt\/wp-json\/wp\/v2\/tags?post=919"},{"taxonomy":"product-type","embeddable":true,"href":"https:\/\/corn-machines.com\/pt\/wp-json\/wp\/v2\/product-type?post=919"}],"curies":[{"name":"wp","href":"https:\/\/api.w.org\/{rel}","templated":true}]}}