{"id":877,"date":"2025-08-21T15:12:18","date_gmt":"2025-08-21T07:12:18","guid":{"rendered":"https:\/\/corn-machines.com\/?post_type=product&#038;p=877"},"modified":"2025-08-29T16:05:41","modified_gmt":"2025-08-29T08:05:41","slug":"corn-cutter-machine","status":"publish","type":"product","link":"https:\/\/corn-machines.com\/pt\/product\/corn-cutter-machine\/","title":{"rendered":"M\u00e1quina autom\u00e1tica de corte de milho"},"content":{"rendered":"<p class=\"translation-block\">A <strong>m\u00e1quina de cortar milho<\/strong><span style=\"margin: 0px;padding: 0px\"><strong> pode<\/strong> remover rapidamente a cabe\u00e7a e a cauda do milho. Tem alta efici\u00eancia e pode processar milho a uma taxa de 3000-5000 espigas por hora. O comprimento do milho processado pode ser personalizado de acordo com suas necessidades, e o comprimento mais curto \u00e9 de 15cm.<\/p>    <p>O milho com a cabe\u00e7a e a cauda removidas pode ser processado em alimentos ou vendido diretamente como ingrediente. Portanto, o removedor de cabe\u00e7a e cauda de milho \u00e9 popular tanto na ind\u00fastria agr\u00edcola quanto na alimentar. Foi exportado para a \u00cdndia, Nig\u00e9ria e outros pa\u00edses e recebeu elogios un\u00e2nimes. Se precisar da m\u00e1quina de corte de milho, entre em contato conosco agora para mais informa\u00e7\u00f5es.<\/p>    <figure class=\"wp-block-embed is-type-video is-provider-youtube wp-block-embed-youtube wp-embed-aspect-16-9 wp-has-aspect-ratio\"><div class=\"wp-block-embed__wrapper\"> <iframe loading=\"lazy\" title=\"\ud83c\udf3d\ud83c\udf3dM\u00e1quina de corte de milho mais vendida | Como funciona a m\u00e1quina de remover cabe\u00e7a e cauda de milho fresco?#milho\" width=\"500\" height=\"281\" src=\"https:\/\/www.youtube.com\/embed\/Tr77gb29nc8?feature=oembed\" frameborder=\"0\" allow=\"accelerometer; autoplay; clipboard-write; encrypted-media; gyroscope; picture-in-picture; web-share\" referrerpolicy=\"strict-origin-when-cross-origin\" allowfullscreen><\/iframe> <\/div><figcaption class=\"wp-element-caption\">v\u00eddeo de trabalho da m\u00e1quina removedora de cabe\u00e7a e cauda de milho<\/figcaption><\/figure>    <h2 class=\"wp-block-heading\"><strong>Vantagens da m\u00e1quina removedora de cabe\u00e7a e cauda de milho<\/strong><\/h2>    <ul class=\"wp-block-list\"> <li>O corpo do milho congelado <strong>m\u00e1quina de cortar milho<\/strong> \u00e9 feito de <strong>a\u00e7o inoxid\u00e1vel 304<\/strong>, que <span style=\"box-sizing: border-box; margin: 0px; padding: 0px;\">oferece forte resist\u00eancia \u00e0 corros\u00e3o e resist\u00eancia ao desgaste<\/span>e, resultando numa vida \u00fatil mais longa para o equipamento.<\/li>    <li>Ela possui <strong>aplicabilidade forte<\/strong> e pode lidar com mat\u00e9rias-primas em diferentes estados, como milho sem casca, milho congelado e milho fresco, sem necessidade de pr\u00e9-tratamento adicional (como descongelar e descascar), reduzindo o processo e melhorando a efici\u00eancia do processamento.<\/li>    <li>A nossa m\u00e1quina de corte de milho <strong>apoia o ajuste do comprimento do milho<\/strong>. Pode remover com precis\u00e3o a cabe\u00e7a e a cauda de acordo com os requisitos de processamento, reduzindo o desperd\u00edcio de mat\u00e9ria-prima e garantindo a consist\u00eancia do produto final.<\/li>    <li>A m\u00e1quina de corte de milho Taziy substitui a remo\u00e7\u00e3o manual da cabe\u00e7a e da cauda, aumentando significativamente<strong> melhora a velocidade de processamento e reduz os custos de m\u00e3o-de-obra<\/strong>. \u00c9 especialmente adequado para cen\u00e1rios de produ\u00e7\u00e3o em larga escala e em massa (como conservas e f\u00e1bricas de alimentos congelados rapidamente).<\/li>    <li>A m\u00e1quina de remo\u00e7\u00e3o de cabe\u00e7a e cauda do milho possui uma <strong>combina\u00e7\u00e3o forte<\/strong>, e pode ser usado com outros equipamentos de processamento (como o <a href=\"https:\/\/corn-machines.com\/pt\/product\/sweet-corn-cutter-machine\/\">m\u00e1quina de corte de milho doce<\/a>, m\u00e1quina de embalagem), que pode melhorar melhor a capacidade de produ\u00e7\u00e3o geral.<\/li> <\/ul>   <div class=\"wp-block-image\"> <figure class=\"aligncenter size-full\"><img loading=\"lazy\" decoding=\"async\" width=\"720\" height=\"540\" src=\"https:\/\/corn-machines.com\/wp-content\/uploads\/2025\/08\/corn-head-and-tail-removing-machine.webp\" alt=\"m\u00e1quina removedora de cabe\u00e7a e cauda de milho\" class=\"wp-image-879\" srcset=\"https:\/\/corn-machines.com\/wp-content\/uploads\/2025\/08\/corn-head-and-tail-removing-machine.webp 720w, https:\/\/corn-machines.com\/wp-content\/uploads\/2025\/08\/corn-head-and-tail-removing-machine-300x225.webp 300w, https:\/\/corn-machines.com\/wp-content\/uploads\/2025\/08\/corn-head-and-tail-removing-machine-16x12.webp 16w\" sizes=\"auto, (max-width: 720px) 100vw, 720px\" \/><figcaption class=\"wp-element-caption\">m\u00e1quina removedora de cabe\u00e7a e cauda de milho<\/figcaption><\/figure> <\/div>   <h2 class=\"wp-block-heading\"><strong>Par\u00e2metros da m\u00e1quina de corte de milho<\/strong><\/h2>    <figure class=\"wp-block-table\"><table class=\"has-fixed-layout\"><tbody><tr><td>Modelo<\/td><td> Cortador de milho de linha \u00fanica<\/td><td>Cortador de milho de linha dupla<\/td><\/tr><tr><td>Poder<\/td><td>1,5 kW<\/td><td>1,5 kW<\/td><\/tr><tr><td>Peso<\/td><td>350kg<\/td><td>\/<\/td><\/tr><tr><td>Tamanho<\/td><td>2600*750*1200mm<\/td><td>7000*1700*1900mm<\/td><\/tr><tr><td>Material do corpo<\/td><td>a\u00e7o inoxid\u00e1vel 304<\/td><td>a\u00e7o inoxid\u00e1vel 304<\/td><\/tr><tr><td>Capacidade de produ\u00e7\u00e3o<\/td><td>3000 espigas\/h<\/td><td>5000 espigas\/h<\/td><\/tr><\/tbody><\/table><figcaption class=\"wp-element-caption\">par\u00e2metros da m\u00e1quina removedora de cabe\u00e7a e cauda de milho<\/figcaption><\/figure>    <h2 class=\"wp-block-heading\"><strong>Aplica\u00e7\u00e3o do removedor de cabe\u00e7a e cauda de milho<\/strong><\/h2>    <p class=\"translation-block\">A <strong>m\u00e1quina de cortar milho<\/strong> \u00e9 altamente adapt\u00e1vel e adequada para v\u00e1rios tipos de milho, como milho com casca, milho congelado, milho fresco, etc. O milho processado pela m\u00e1quina removedora de cabe\u00e7a e cauda de milho tem uma ampla gama de aplica\u00e7\u00f5es:<\/p>    <ul class=\"wp-block-list\"> <li><strong>Produ\u00e7\u00e3o de alimentos enlatados<\/strong>: Ao enlatar milho doce, a cabe\u00e7a (que \u00e9 mais dura e tem uma textura pobre) e a cauda (que pode conter seda ou partes lenhosas) devem ser removidas para garantir um sabor uniforme e uma apar\u00eancia limpa.<\/li>    <li><strong>Processamento de alimentos congelados<\/strong>: Ao processar milho fresco ou milho com cobertura, ap\u00f3s remover a cabe\u00e7a e a cauda, o milho pode ser cortado em segmentos (como segmentos de milho congelado) ou debulhado (como gr\u00e3os de milho congelados) para atender aos requisitos padronizados de supermercados, restaurantes e outros canais.<\/li>    <li><strong>Produ\u00e7\u00e3o de snacks<\/strong>: Produtos de pr\u00e9-processamento como chips de milho e snacks de espiga de milho removem partes indesejadas, garantem a qualidade da mat\u00e9ria-prima e melhoram a efici\u00eancia do processamento subsequente (como fritura e tempero).<\/li>    <li><strong>Processamento de alimentos preparados<\/strong>: O milho processado pela <strong>m\u00e1quina de cortar milho<\/strong> pode ser embalado a v\u00e1cuo diretamente como alimento preparado ap\u00f3s cozinhar.<\/li> <\/ul>    <figure class=\"wp-block-gallery has-nested-images columns-default is-cropped wp-block-gallery-2 is-layout-flex wp-block-gallery-is-layout-flex\"> <figure class=\"wp-block-image size-large\"><img loading=\"lazy\" decoding=\"async\" width=\"720\" height=\"540\" data-id=\"882\" src=\"https:\/\/corn-machines.com\/wp-content\/uploads\/2025\/08\/appliction-of-fresh-corn-cuttre.webp\" alt=\"aplica\u00e7\u00e3o do cortador de milho fresco\" class=\"wp-image-882\" srcset=\"https:\/\/corn-machines.com\/wp-content\/uploads\/2025\/08\/appliction-of-fresh-corn-cuttre.webp 720w, https:\/\/corn-machines.com\/wp-content\/uploads\/2025\/08\/appliction-of-fresh-corn-cuttre-300x225.webp 300w, https:\/\/corn-machines.com\/wp-content\/uploads\/2025\/08\/appliction-of-fresh-corn-cuttre-16x12.webp 16w\" sizes=\"auto, (max-width: 720px) 100vw, 720px\" \/><figcaption class=\"wp-element-caption\">aplica\u00e7\u00e3o do cortador de milho fresco<\/figcaption><\/figure>    <figure class=\"wp-block-image size-large\"><img loading=\"lazy\" decoding=\"async\" width=\"720\" height=\"540\" data-id=\"880\" src=\"https:\/\/corn-machines.com\/wp-content\/uploads\/2025\/08\/application-of-dry-maize-cutter.webp\" alt=\"aplica\u00e7\u00e3o do cortador de milho seco\" class=\"wp-image-880\" srcset=\"https:\/\/corn-machines.com\/wp-content\/uploads\/2025\/08\/application-of-dry-maize-cutter.webp 720w, https:\/\/corn-machines.com\/wp-content\/uploads\/2025\/08\/application-of-dry-maize-cutter-300x225.webp 300w, https:\/\/corn-machines.com\/wp-content\/uploads\/2025\/08\/application-of-dry-maize-cutter-16x12.webp 16w\" sizes=\"auto, (max-width: 720px) 100vw, 720px\" \/><figcaption class=\"wp-element-caption\">aplica\u00e7\u00e3o do cortador de milho seco<\/figcaption><\/figure>    <figure class=\"wp-block-image size-large\"><img loading=\"lazy\" decoding=\"async\" width=\"720\" height=\"540\" data-id=\"881\" src=\"https:\/\/corn-machines.com\/wp-content\/uploads\/2025\/08\/application-of-frozen-corn-cutting-machine.webp\" alt=\"aplica\u00e7\u00e3o da m\u00e1quina de cortar milho congelado\" class=\"wp-image-881\" srcset=\"https:\/\/corn-machines.com\/wp-content\/uploads\/2025\/08\/application-of-frozen-corn-cutting-machine.webp 720w, https:\/\/corn-machines.com\/wp-content\/uploads\/2025\/08\/application-of-frozen-corn-cutting-machine-300x225.webp 300w, https:\/\/corn-machines.com\/wp-content\/uploads\/2025\/08\/application-of-frozen-corn-cutting-machine-16x12.webp 16w\" sizes=\"auto, (max-width: 720px) 100vw, 720px\" \/><figcaption class=\"wp-element-caption\">aplica\u00e7\u00e3o da m\u00e1quina de cortar milho congelado<\/figcaption><\/figure> <\/figure>    <h2 class=\"wp-block-heading\"><strong>Considera\u00e7\u00f5es antes de comprar uma m\u00e1quina de corte de milho<\/strong><\/h2>    <ol class=\"wp-block-list\"> <li>Antes de comprar, precisa de ter clareza sobre o tipo de milho que pretende processar. Esta m\u00e1quina \u00e9 adequada tanto para milho fresco como congelado, mas as l\u00e2minas usadas para cortar milho congelado e fresco s\u00e3o diferentes. Precisa de comprar de acordo com as suas necessidades.<\/li>    <li>Esclare\u00e7a o comprimento final esperado do milho antes de comprar. O comprimento final do milho requer diferentes tamanhos de bandejas de milho. O comprimento da bandeja de milho \u00e9 o comprimento mais curto do milho.<\/li>    <li>Antes de comprar, \u00e9 necess\u00e1rio conhecer o seu volume de produ\u00e7\u00e3o alvo. Este <strong>m\u00e1quina de cortar milho<\/strong> dispon\u00edvel em modelos de uma ou duas filas. A capacidade de produ\u00e7\u00e3o do cortador de milho de uma fila \u00e9 de 3000 espigas\/h, e a capacidade do cortador de milho de duas filas \u00e9 de 5000 espigas\/h. Pode escolher de acordo com a sua escala de produ\u00e7\u00e3o.<\/li> <\/ol>    <figure class=\"wp-block-gallery has-nested-images columns-default is-cropped wp-block-gallery-3 is-layout-flex wp-block-gallery-is-layout-flex\"> <figure class=\"wp-block-image size-large\"><img loading=\"lazy\" decoding=\"async\" width=\"720\" height=\"540\" data-id=\"883\" src=\"https:\/\/corn-machines.com\/wp-content\/uploads\/2025\/08\/corn-cutting-machine.webp\" alt=\"m\u00e1quina de cortar milho\" class=\"wp-image-883\" srcset=\"https:\/\/corn-machines.com\/wp-content\/uploads\/2025\/08\/corn-cutting-machine.webp 720w, https:\/\/corn-machines.com\/wp-content\/uploads\/2025\/08\/corn-cutting-machine-300x225.webp 300w, https:\/\/corn-machines.com\/wp-content\/uploads\/2025\/08\/corn-cutting-machine-16x12.webp 16w\" sizes=\"auto, (max-width: 720px) 100vw, 720px\" \/><figcaption class=\"wp-element-caption\">m\u00e1quina de cortar milho<\/figcaption><\/figure>    <figure class=\"wp-block-image size-large\"><img loading=\"lazy\" decoding=\"async\" width=\"720\" height=\"540\" data-id=\"884\" src=\"https:\/\/corn-machines.com\/wp-content\/uploads\/2025\/08\/single-row-corn-cuttre.webp\" alt=\"cortador de milho de linha \u00fanica\" class=\"wp-image-884\" srcset=\"https:\/\/corn-machines.com\/wp-content\/uploads\/2025\/08\/single-row-corn-cuttre.webp 720w, https:\/\/corn-machines.com\/wp-content\/uploads\/2025\/08\/single-row-corn-cuttre-300x225.webp 300w, https:\/\/corn-machines.com\/wp-content\/uploads\/2025\/08\/single-row-corn-cuttre-16x12.webp 16w\" sizes=\"auto, (max-width: 720px) 100vw, 720px\" \/><figcaption class=\"wp-element-caption\">cortador de milho de linha \u00fanica<\/figcaption><\/figure>    <figure class=\"wp-block-image size-large\"><img loading=\"lazy\" decoding=\"async\" width=\"720\" height=\"540\" data-id=\"885\" src=\"https:\/\/corn-machines.com\/wp-content\/uploads\/2025\/08\/double-corn-head-and-tail-remover.webp\" alt=\"removedor de cabe\u00e7a e cauda de milho duplo\" class=\"wp-image-885\" srcset=\"https:\/\/corn-machines.com\/wp-content\/uploads\/2025\/08\/double-corn-head-and-tail-remover.webp 720w, https:\/\/corn-machines.com\/wp-content\/uploads\/2025\/08\/double-corn-head-and-tail-remover-300x225.webp 300w, https:\/\/corn-machines.com\/wp-content\/uploads\/2025\/08\/double-corn-head-and-tail-remover-16x12.webp 16w\" sizes=\"auto, (max-width: 720px) 100vw, 720px\" \/><figcaption class=\"wp-element-caption\">removedor de cabe\u00e7a e cauda de milho duplo<\/figcaption><\/figure> <\/figure>    <h2 class=\"wp-block-heading\"><strong>Porqu\u00ea escolher-nos como seu fornecedor?<\/strong><\/h2>    <p class=\"translation-block\">A Taizy \u00e9 uma empresa moderna de equipamentos de processamento de milho. Oferecemos uma gama completa de equipamentos e servi\u00e7os de balc\u00e3o \u00fanico para produtores de milho, garantindo tranquilidade e economia de tempo. Al\u00e9m da <strong>m\u00e1quina de cortar milho<\/strong>, tamb\u00e9m fornecemos <a href=\"https:\/\/corn-machines.com\/pt\/product\/automated-corn-sowing-machine\/\">semeadora de milho<\/a>, <a href=\"https:\/\/corn-machines.com\/pt\/product\/corn-harvester-machine\/\">colheitadeira de milho<\/a>, <a href=\"https:\/\/corn-machines.com\/pt\/product\/mobile-grain-dryer-for-drying-grain\/\">secador de milho<\/a> e muito mais. Se tiver alguma necessidade, seja bem-vindo a contactar-nos e forneceremos o servi\u00e7o e equipamento mais profissional!<\/p>","protected":false},"excerpt":{"rendered":"<p>Este artigo apresenta principalmente as fun\u00e7\u00f5es, vantagens e aplica\u00e7\u00f5es da m\u00e1quina cortadora de milho. Fornece uma refer\u00eancia para os clientes que a necessitam.<\/p>","protected":false},"author":1,"featured_media":878,"parent":0,"template":"","tags":[42,70,43],"product-type":[71],"class_list":["post-877","product","type-product","status-publish","has-post-thumbnail","hentry","tag-corn","tag-corn-cutting","tag-maize","product-type-corn-cutting-machine"],"_links":{"self":[{"href":"https:\/\/corn-machines.com\/pt\/wp-json\/wp\/v2\/product\/877","targetHints":{"allow":["GET"]}}],"collection":[{"href":"https:\/\/corn-machines.com\/pt\/wp-json\/wp\/v2\/product"}],"about":[{"href":"https:\/\/corn-machines.com\/pt\/wp-json\/wp\/v2\/types\/product"}],"author":[{"embeddable":true,"href":"https:\/\/corn-machines.com\/pt\/wp-json\/wp\/v2\/users\/1"}],"wp:featuredmedia":[{"embeddable":true,"href":"https:\/\/corn-machines.com\/pt\/wp-json\/wp\/v2\/media\/878"}],"wp:attachment":[{"href":"https:\/\/corn-machines.com\/pt\/wp-json\/wp\/v2\/media?parent=877"}],"wp:term":[{"taxonomy":"post_tag","embeddable":true,"href":"https:\/\/corn-machines.com\/pt\/wp-json\/wp\/v2\/tags?post=877"},{"taxonomy":"product-type","embeddable":true,"href":"https:\/\/corn-machines.com\/pt\/wp-json\/wp\/v2\/product-type?post=877"}],"curies":[{"name":"wp","href":"https:\/\/api.w.org\/{rel}","templated":true}]}}