{"id":857,"date":"2025-08-20T16:09:27","date_gmt":"2025-08-20T08:09:27","guid":{"rendered":"https:\/\/corn-machines.com\/?post_type=product&#038;p=857"},"modified":"2025-08-29T15:55:16","modified_gmt":"2025-08-29T07:55:16","slug":"sweet-corn-cutter-machine","status":"publish","type":"product","link":"https:\/\/corn-machines.com\/pt\/product\/sweet-corn-cutter-machine\/","title":{"rendered":"M\u00e1quina cortadora de milho doce para processamento de milho"},"content":{"rendered":"<p class=\"translation-block\">A <strong>m\u00e1quina cortadora de milho doce<\/strong> pode processar rapidamente e de forma eficiente milho fresco em segmentos de comprimento uniforme. Os comprimentos comuns dos segmentos de milho doce s\u00e3o 3cm, 5cm e 7cm (o comprimento pode ser personalizado de acordo com suas necessidades). Ela pode cortar milho e uma variedade de vegetais como cenouras e pepinos.<\/p>    <p>Sua capacidade pode atingir 500kg\/h, o que pode economizar muito tempo e m\u00e3o de obra. Foi exportada para o Vietn\u00e3, \u00cdndia e outras regi\u00f5es, e recebeu elogios un\u00e2nimes dos clientes. Se voc\u00ea est\u00e1 procurando a m\u00e1quina cortadora de milho, entre em contato conosco agora, e n\u00f3s forneceremos informa\u00e7\u00f5es detalhadas.<\/p>    <figure class=\"wp-block-embed is-type-video is-provider-youtube wp-block-embed-youtube wp-embed-aspect-16-9 wp-has-aspect-ratio\"><div class=\"wp-block-embed__wrapper\"> <iframe loading=\"lazy\" title=\"M\u00e1quina Autom\u00e1tica de Corte de Milho | Como Funciona a M\u00e1quina de Corte de Milho Doce? #processamentodemilho #milho\" width=\"500\" height=\"281\" src=\"https:\/\/www.youtube.com\/embed\/k-undA0xvkc?feature=oembed\" frameborder=\"0\" allow=\"accelerometer; autoplay; clipboard-write; encrypted-media; gyroscope; picture-in-picture; web-share\" referrerpolicy=\"strict-origin-when-cross-origin\" allowfullscreen><\/iframe> <\/div><figcaption class=\"wp-element-caption\">processo de trabalho da m\u00e1quina de corte de milho fresco<\/figcaption><\/figure>    <h2 class=\"wp-block-heading\"><strong>Vantagens da m\u00e1quina de corte de milho<\/strong><\/h2>    <ul class=\"wp-block-list\"> <li><strong>Longa vida \u00fatil<\/strong>: A estrutura do cortador de milho \u00e9 feita de a\u00e7o inoxid\u00e1vel 304, que n\u00e3o s\u00f3 \u00e9 limpo e higi\u00e9nico, mas tamb\u00e9m n\u00e3o \u00e9 f\u00e1cil de danificar e tem uma longa vida \u00fatil<\/li>    <li><strong>Corte uniforme<\/strong>: Em compara\u00e7\u00e3o com o corte manual com uma faca, o <strong>M\u00e1quina cortadora de milho doce<\/strong> tem um espa\u00e7amento fixo entre l\u00e2minas e velocidade do transportador para cortar o milho em comprimentos uniformes.<\/li>    <li><strong>Comprimento control\u00e1vel<\/strong>: O comprimento do corte pode ser ajustado para atender \u00e0s especifica\u00e7\u00f5es de diferentes cen\u00e1rios.<\/li>    <li><strong>F\u00e1cil de operar<\/strong>: O cortador moderno de espigas de milho \u00e9 simples de operar. Basta colocar o milho na entrada de alimenta\u00e7\u00e3o, e a m\u00e1quina transfere e corta automaticamente o milho. N\u00e3o \u00e9 necess\u00e1rio um treino extenso.<\/li>    <li><strong>F\u00e1cil de manter<\/strong>: Os componentes principais do segmentador de milho, como as l\u00e2minas, s\u00e3o facilmente desmont\u00e1veis e substitu\u00edveis, simplificando a manuten\u00e7\u00e3o de rotina. <\/li>    <li><strong>Ampla gama de aplica\u00e7\u00f5es<\/strong>: O cortador de milho Taizy tem uma vasta gama de aplica\u00e7\u00f5es e pode ser usado para cortar diferentes tipos de milho, bem como para processar v\u00e1rios vegetais como cenouras e abobrinhas.<\/li> <\/ul>    <figure class=\"wp-block-gallery has-nested-images columns-default is-cropped wp-block-gallery-2 is-layout-flex wp-block-gallery-is-layout-flex\"> <figure class=\"wp-block-image size-large\"><img loading=\"lazy\" decoding=\"async\" width=\"720\" height=\"540\" data-id=\"859\" src=\"https:\/\/corn-machines.com\/wp-content\/uploads\/2025\/08\/maize-cutting-machine.webp\" alt=\"m\u00e1quina de corte de milho\" class=\"wp-image-859\" srcset=\"https:\/\/corn-machines.com\/wp-content\/uploads\/2025\/08\/maize-cutting-machine.webp 720w, https:\/\/corn-machines.com\/wp-content\/uploads\/2025\/08\/maize-cutting-machine-300x225.webp 300w, https:\/\/corn-machines.com\/wp-content\/uploads\/2025\/08\/maize-cutting-machine-16x12.webp 16w\" sizes=\"auto, (max-width: 720px) 100vw, 720px\" \/><figcaption class=\"wp-element-caption\">m\u00e1quina de corte de milho<\/figcaption><\/figure>    <figure class=\"wp-block-image size-large\"><img loading=\"lazy\" decoding=\"async\" width=\"720\" height=\"540\" data-id=\"860\" src=\"https:\/\/corn-machines.com\/wp-content\/uploads\/2025\/08\/sweet-corn-cutting-machine.webp\" alt=\"m\u00e1quina de corte de milho doce\" class=\"wp-image-860\" srcset=\"https:\/\/corn-machines.com\/wp-content\/uploads\/2025\/08\/sweet-corn-cutting-machine.webp 720w, https:\/\/corn-machines.com\/wp-content\/uploads\/2025\/08\/sweet-corn-cutting-machine-300x225.webp 300w, https:\/\/corn-machines.com\/wp-content\/uploads\/2025\/08\/sweet-corn-cutting-machine-16x12.webp 16w\" sizes=\"auto, (max-width: 720px) 100vw, 720px\" \/><figcaption class=\"wp-element-caption\">m\u00e1quina de corte de milho doce<\/figcaption><\/figure> <\/figure>    <h2 class=\"wp-block-heading\"><strong>Estrutura da cortadora de milho doce<\/strong><\/h2>    <p class=\"translation-block\">A estrutura da <strong>m\u00e1quina de corte de milho doce<\/strong> \u00e9 muito simples, consistindo geralmente em caixa de controlo, correia transportadora, dispositivo de corte, etc.<\/p>    <ul class=\"wp-block-list\"> <li><strong>Caixa de controlo<\/strong>: A caixa de controlo controla principalmente a opera\u00e7\u00e3o da m\u00e1quina cortadora de milho e cont\u00e9m interruptores para corte, transporte e eleva\u00e7\u00e3o.<\/li>    <li><strong>Transportador<\/strong>: O sistema de transporte move o milho (seja em uma ou duas filas). A cortadora de milho de fila \u00fanica tem uma efici\u00eancia de 1500 milhos\/h, enquanto a de fila dupla pode processar 3000 milhos\/h.<\/li>    <li><strong>Mecanismo de corte<\/strong>: The cutter&#8217;s main function is to cut the corn into uniform lengths (the length of the segments is adjustable).<\/li> <\/ul>    <figure class=\"wp-block-gallery has-nested-images columns-default is-cropped wp-block-gallery-3 is-layout-flex wp-block-gallery-is-layout-flex\"> <figure class=\"wp-block-image size-large\"><img loading=\"lazy\" decoding=\"async\" width=\"720\" height=\"540\" data-id=\"861\" src=\"https:\/\/corn-machines.com\/wp-content\/uploads\/2025\/08\/control-box-of-maize-cutter.webp\" alt=\"caixa de controlo da m\u00e1quina de corte de milho\" class=\"wp-image-861\" srcset=\"https:\/\/corn-machines.com\/wp-content\/uploads\/2025\/08\/control-box-of-maize-cutter.webp 720w, https:\/\/corn-machines.com\/wp-content\/uploads\/2025\/08\/control-box-of-maize-cutter-300x225.webp 300w, https:\/\/corn-machines.com\/wp-content\/uploads\/2025\/08\/control-box-of-maize-cutter-16x12.webp 16w\" sizes=\"auto, (max-width: 720px) 100vw, 720px\" \/><figcaption class=\"wp-element-caption\">caixa de controlo da m\u00e1quina de corte de milho<\/figcaption><\/figure>    <figure class=\"wp-block-image size-large\"><img loading=\"lazy\" decoding=\"async\" width=\"720\" height=\"540\" data-id=\"862\" src=\"https:\/\/corn-machines.com\/wp-content\/uploads\/2025\/08\/conveying-device-of-corn-cutter.webp\" alt=\"dispositivo de transporte da m\u00e1quina de corte de milho\" class=\"wp-image-862\" srcset=\"https:\/\/corn-machines.com\/wp-content\/uploads\/2025\/08\/conveying-device-of-corn-cutter.webp 720w, https:\/\/corn-machines.com\/wp-content\/uploads\/2025\/08\/conveying-device-of-corn-cutter-300x225.webp 300w, https:\/\/corn-machines.com\/wp-content\/uploads\/2025\/08\/conveying-device-of-corn-cutter-16x12.webp 16w\" sizes=\"auto, (max-width: 720px) 100vw, 720px\" \/><figcaption class=\"wp-element-caption\">dispositivo de transporte da m\u00e1quina de corte de milho<\/figcaption><\/figure>    <figure class=\"wp-block-image size-large\"><img loading=\"lazy\" decoding=\"async\" width=\"720\" height=\"540\" data-id=\"868\" src=\"https:\/\/corn-machines.com\/wp-content\/uploads\/2025\/08\/blade-of-automatic-corn-cutter.webp\" alt=\"l\u00e2mina da m\u00e1quina autom\u00e1tica de corte de milho\" class=\"wp-image-868\" srcset=\"https:\/\/corn-machines.com\/wp-content\/uploads\/2025\/08\/blade-of-automatic-corn-cutter.webp 720w, https:\/\/corn-machines.com\/wp-content\/uploads\/2025\/08\/blade-of-automatic-corn-cutter-300x225.webp 300w, https:\/\/corn-machines.com\/wp-content\/uploads\/2025\/08\/blade-of-automatic-corn-cutter-16x12.webp 16w\" sizes=\"auto, (max-width: 720px) 100vw, 720px\" \/><figcaption class=\"wp-element-caption\">l\u00e2mina da m\u00e1quina autom\u00e1tica de corte de milho<\/figcaption><\/figure> <\/figure>    <h2 class=\"wp-block-heading\"><strong>Par\u00e2metros da m\u00e1quina cortadora de milho<\/strong><\/h2>    <figure class=\"wp-block-table\"><table class=\"has-fixed-layout\"><tbody><tr><td>Modelo<\/td><td>TZ-1<\/td><\/tr><tr><td>Poder<\/td><td>3kw<\/td><\/tr><tr><td>Tens\u00e3o<\/td><td>380v\/50hz<\/td><\/tr><tr><td>Capacidade <\/td><td>500kg\/h<\/td><\/tr><tr><td>Tamanho<\/td><td>2300*800*850mm<\/td><\/tr><tr><td>Peso<\/td><td>300kg<\/td><\/tr><tr><td>quantidade de l\u00e2minas<\/td><td>2 unidades<\/td><\/tr><\/tbody><\/table><figcaption class=\"wp-element-caption\"><strong>par\u00e2metros da m\u00e1quina de corte de milho<\/strong><\/figcaption><\/figure>    <h2 class=\"wp-block-heading\"><strong>Aplica\u00e7\u00e3o da m\u00e1quina de corte de espiga de milho<\/strong><\/h2>    <p class=\"translation-block\">A aplica\u00e7\u00e3o da <strong>m\u00e1quina de corte de milho doce<\/strong> \u00e9 muito ampla. Pode processar v\u00e1rios tipos de milho, como milho fresco, milho congelado, milho seco, milho doce e milho glutinoso. Al\u00e9m disso, a m\u00e1quina de corte de milho tamb\u00e9m pode ser usada para cortar v\u00e1rios vegetais como pepinos, cenouras e beringelas.<\/p>    <figure class=\"wp-block-gallery has-nested-images columns-default is-cropped wp-block-gallery-4 is-layout-flex wp-block-gallery-is-layout-flex\"> <figure class=\"wp-block-image size-large\"><img loading=\"lazy\" decoding=\"async\" width=\"720\" height=\"540\" data-id=\"863\" src=\"https:\/\/corn-machines.com\/wp-content\/uploads\/2025\/08\/application-of-corn-cob-cutter.webp\" alt=\"aplica\u00e7\u00e3o da m\u00e1quina de corte de espigas de milho\" class=\"wp-image-863\" srcset=\"https:\/\/corn-machines.com\/wp-content\/uploads\/2025\/08\/application-of-corn-cob-cutter.webp 720w, https:\/\/corn-machines.com\/wp-content\/uploads\/2025\/08\/application-of-corn-cob-cutter-300x225.webp 300w, https:\/\/corn-machines.com\/wp-content\/uploads\/2025\/08\/application-of-corn-cob-cutter-16x12.webp 16w\" sizes=\"auto, (max-width: 720px) 100vw, 720px\" \/><figcaption class=\"wp-element-caption\">aplica\u00e7\u00e3o da m\u00e1quina de corte de espigas de milho<\/figcaption><\/figure>    <figure class=\"wp-block-image size-large\"><img loading=\"lazy\" decoding=\"async\" width=\"720\" height=\"540\" data-id=\"864\" src=\"https:\/\/corn-machines.com\/wp-content\/uploads\/2025\/08\/application-of-maize-cutter.webp\" alt=\"aplica\u00e7\u00e3o da m\u00e1quina de corte de milho\" class=\"wp-image-864\" srcset=\"https:\/\/corn-machines.com\/wp-content\/uploads\/2025\/08\/application-of-maize-cutter.webp 720w, https:\/\/corn-machines.com\/wp-content\/uploads\/2025\/08\/application-of-maize-cutter-300x225.webp 300w, https:\/\/corn-machines.com\/wp-content\/uploads\/2025\/08\/application-of-maize-cutter-16x12.webp 16w\" sizes=\"auto, (max-width: 720px) 100vw, 720px\" \/><figcaption class=\"wp-element-caption\">aplica\u00e7\u00e3o da m\u00e1quina de corte de milho<\/figcaption><\/figure>    <figure class=\"wp-block-image size-large\"><img loading=\"lazy\" decoding=\"async\" width=\"720\" height=\"540\" data-id=\"865\" src=\"https:\/\/corn-machines.com\/wp-content\/uploads\/2025\/08\/appliction-of-sweet-corn-cutter.webp\" alt=\"aplica\u00e7\u00e3o da m\u00e1quina de corte de milho doce\" class=\"wp-image-865\" srcset=\"https:\/\/corn-machines.com\/wp-content\/uploads\/2025\/08\/appliction-of-sweet-corn-cutter.webp 720w, https:\/\/corn-machines.com\/wp-content\/uploads\/2025\/08\/appliction-of-sweet-corn-cutter-300x225.webp 300w, https:\/\/corn-machines.com\/wp-content\/uploads\/2025\/08\/appliction-of-sweet-corn-cutter-16x12.webp 16w\" sizes=\"auto, (max-width: 720px) 100vw, 720px\" \/><figcaption class=\"wp-element-caption\">aplica\u00e7\u00e3o da m\u00e1quina de corte de milho doce<\/figcaption><\/figure> <\/figure>    <h2 class=\"wp-block-heading\"><strong>FAQ da m\u00e1quina cortadora autom\u00e1tica de milho<\/strong><\/h2>   <div id=\"rank-math-faq\" class=\"rank-math-block\"> <div class=\"rank-math-list\"> <div id=\"faq-question-1755670962546\" class=\"rank-math-list-item\"> <h3 class=\"rank-math-question\">Que tipo de milho a m\u00e1quina de corte de milho pode cortar?<\/h3> <div class=\"rank-math-answer\">  <p>Todos os tipos de milho, como milho fresco, milho seco, milho pegajoso, etc.<\/p>  <\/div> <\/div> <div id=\"faq-question-1755671090690\" class=\"rank-math-list-item\"> <h3 class=\"rank-math-question\">O comprimento dos segmentos de milho pode ser ajustado?<\/h3> <div class=\"rank-math-answer\">  <p>O comprimento dos segmentos de milho \u00e9 geralmente 3cm, 5cm e 7cm, que podem ser ajustados de acordo com suas necessidades<\/p>  <\/div> <\/div> <div id=\"faq-question-1755671367710\" class=\"rank-math-list-item\"> <h3 class=\"rank-math-question\">Qual \u00e9 o material da m\u00e1quina? \u00c9 f\u00e1cil de danificar?<\/h3> <div class=\"rank-math-answer\">  <p>Toda a m\u00e1quina de corte de milho \u00e9 feita de a\u00e7o inoxid\u00e1vel 304, que n\u00e3o \u00e9 f\u00e1cil de danificar e tem uma longa vida \u00fatil.<\/p>  <\/div> <\/div> <div id=\"faq-question-1755671528074\" class=\"rank-math-list-item\"> <h3 class=\"rank-math-question\">\u00c9 dif\u00edcil operar a m\u00e1quina de corte de milho doce?<\/h3> <div class=\"rank-math-answer\">  <p>A m\u00e1quina \u00e9 muito f\u00e1cil de operar e n\u00e3o requer t\u00e9cnicos especializados. Forneceremos o tutorial em v\u00eddeo sobre como operar a m\u00e1quina.<\/p>  <\/div> <\/div> <div id=\"faq-question-1755676936997\" class=\"rank-math-list-item\"> <h3 class=\"rank-math-question\">Como limpar a m\u00e1quina de corte de milho?<\/h3> <div class=\"rank-math-answer\">  <p>A m\u00e1quina de corte de milho doce \u00e9 muito f\u00e1cil de limpar e pode ser enxaguada diretamente com \u00e1gua limpa.<\/p>  <\/div> <\/div> <\/div> <\/div>   <h2 class=\"wp-block-heading\"><strong>Caso de sucesso da m\u00e1quina cortadora de milho doce<\/strong><\/h2>    <p class=\"translation-block\"><strong>A m\u00e1quina de corte de milho doce TZ-1 foi enviada para o Vietname<\/strong><\/p>    <p>Nosso cliente \u00e9 o propriet\u00e1rio de uma f\u00e1brica local de processamento de produtos agr\u00edcolas no Vietn\u00e3. Esta f\u00e1brica processa e vende principalmente milho, arroz e outros produtos agr\u00edcolas. Ele explicou que estavam se expandindo, mas seu m\u00e9todo de corte manual era ineficiente e caro. <\/p>    <p>Assim, ele entrou em contacto connosco e perguntou sobre o cortador de milho Taizy. Apresent\u00e1mos as caracter\u00edsticas e detalhes da m\u00e1quina e envi\u00e1mos-lhe o v\u00eddeo da m\u00e1quina em funcionamento. O cliente expressou grande satisfa\u00e7\u00e3o e decidiu fazer o pedido de imediato.<\/p>    <p>A m\u00e1quina de corte de milho chegou ao Vietname a tempo. Ap\u00f3s um m\u00eas de uso, o cliente disse que a m\u00e1quina superou as suas expectativas. N\u00e3o s\u00f3 produziu cortes uniformes, mas tamb\u00e9m foi altamente eficiente, poupando 30% do tempo necess\u00e1rio para o corte de milho e reduzindo os custos de m\u00e3o de obra.<\/p>    <figure class=\"wp-block-gallery has-nested-images columns-default is-cropped wp-block-gallery-5 is-layout-flex wp-block-gallery-is-layout-flex\"> <figure class=\"wp-block-image size-large\"><img loading=\"lazy\" decoding=\"async\" width=\"540\" height=\"720\" data-id=\"867\" src=\"https:\/\/corn-machines.com\/wp-content\/uploads\/2025\/08\/sweet-corn-cutter-packaging.webp\" alt=\"embalagem da m\u00e1quina de corte de milho doce\" class=\"wp-image-867\" srcset=\"https:\/\/corn-machines.com\/wp-content\/uploads\/2025\/08\/sweet-corn-cutter-packaging.webp 540w, https:\/\/corn-machines.com\/wp-content\/uploads\/2025\/08\/sweet-corn-cutter-packaging-225x300.webp 225w, https:\/\/corn-machines.com\/wp-content\/uploads\/2025\/08\/sweet-corn-cutter-packaging-9x12.webp 9w\" sizes=\"auto, (max-width: 540px) 100vw, 540px\" \/><figcaption class=\"wp-element-caption\">embalagem da m\u00e1quina de corte de milho doce<\/figcaption><\/figure>    <figure class=\"wp-block-image size-large\"><img loading=\"lazy\" decoding=\"async\" width=\"540\" height=\"720\" data-id=\"866\" src=\"https:\/\/corn-machines.com\/wp-content\/uploads\/2025\/08\/corn-cutter-packaging.webp\" alt=\"embalagem da m\u00e1quina de corte de milho\" class=\"wp-image-866\" srcset=\"https:\/\/corn-machines.com\/wp-content\/uploads\/2025\/08\/corn-cutter-packaging.webp 540w, https:\/\/corn-machines.com\/wp-content\/uploads\/2025\/08\/corn-cutter-packaging-225x300.webp 225w, https:\/\/corn-machines.com\/wp-content\/uploads\/2025\/08\/corn-cutter-packaging-9x12.webp 9w\" sizes=\"auto, (max-width: 540px) 100vw, 540px\" \/><figcaption class=\"wp-element-caption\">embalagem da m\u00e1quina de corte de milho<\/figcaption><\/figure> <\/figure>    <h2 class=\"wp-block-heading\"><strong>Contacte-nos agora!<\/strong><\/h2>    <p class=\"translation-block\">A nossa empresa \u00e9 especializada na produ\u00e7\u00e3o de m\u00e1quinas agr\u00edcolas modernas. Al\u00e9m da m\u00e1quina cortadora de milho doce, tamb\u00e9m oferecemos outras m\u00e1quinas, como <a href=\"https:\/\/corn-machines.com\/pt\/product\/automated-corn-sowing-machine\/\">plantadora de milho<\/a>, <a href=\"https:\/\/corn-machines.com\/pt\/product\/mini-corn-harvesting-machine-maize-picker-machine\/\">colheitadeira de milho<\/a>, <a href=\"https:\/\/corn-machines.com\/pt\/product\/multifunctional-corn-thresher\/\">descaro\u00e7adora de milho<\/a>, etc. <\/p>    <p>Investimos tempo e esfor\u00e7o significativos no desenvolvimento de equipamentos que atendam \u00e0s demandas da produ\u00e7\u00e3o agr\u00edcola moderna, maximizando a efici\u00eancia da produ\u00e7\u00e3o agr\u00edcola. Se voc\u00ea precisar da m\u00e1quina, entre em contato conosco agora, e n\u00f3s forneceremos os equipamentos e servi\u00e7os mais profissionais.<\/p>","protected":false},"excerpt":{"rendered":"<p>Este artigo apresenta principalmente a m\u00e1quina cortadora de milho doce, incluindo seus par\u00e2metros detalhados, estrutura, vantagens e aplica\u00e7\u00f5es, etc. Ele fornece uma refer\u00eancia para clientes que precisam de uma m\u00e1quina segmentadora de milho.<\/p>","protected":false},"author":1,"featured_media":858,"parent":0,"template":"","tags":[42,70,43],"product-type":[71],"class_list":["post-857","product","type-product","status-publish","has-post-thumbnail","hentry","tag-corn","tag-corn-cutting","tag-maize","product-type-corn-cutting-machine"],"_links":{"self":[{"href":"https:\/\/corn-machines.com\/pt\/wp-json\/wp\/v2\/product\/857","targetHints":{"allow":["GET"]}}],"collection":[{"href":"https:\/\/corn-machines.com\/pt\/wp-json\/wp\/v2\/product"}],"about":[{"href":"https:\/\/corn-machines.com\/pt\/wp-json\/wp\/v2\/types\/product"}],"author":[{"embeddable":true,"href":"https:\/\/corn-machines.com\/pt\/wp-json\/wp\/v2\/users\/1"}],"wp:featuredmedia":[{"embeddable":true,"href":"https:\/\/corn-machines.com\/pt\/wp-json\/wp\/v2\/media\/858"}],"wp:attachment":[{"href":"https:\/\/corn-machines.com\/pt\/wp-json\/wp\/v2\/media?parent=857"}],"wp:term":[{"taxonomy":"post_tag","embeddable":true,"href":"https:\/\/corn-machines.com\/pt\/wp-json\/wp\/v2\/tags?post=857"},{"taxonomy":"product-type","embeddable":true,"href":"https:\/\/corn-machines.com\/pt\/wp-json\/wp\/v2\/product-type?post=857"}],"curies":[{"name":"wp","href":"https:\/\/api.w.org\/{rel}","templated":true}]}}