{"id":783,"date":"2025-08-12T18:24:10","date_gmt":"2025-08-12T10:24:10","guid":{"rendered":"https:\/\/corn-machines.com\/?post_type=product&#038;p=783"},"modified":"2025-11-27T16:18:10","modified_gmt":"2025-11-27T08:18:10","slug":"corn-peeling-machine","status":"publish","type":"product","link":"https:\/\/corn-machines.com\/pt\/product\/corn-peeling-machine\/","title":{"rendered":"Descascador de milho para remover a pele do milho"},"content":{"rendered":"<p class=\"translation-block\">O <strong>descascador de milho<\/strong> \u00e9 utilizado para remover a casca e o germe do milho e tritur\u00e1-lo em gr\u00e3os pequenos. Os gr\u00e3os resultantes s\u00e3o uniformes e lisos, livres de germe preto e farelo. O milho descascado tem um sabor agrad\u00e1vel e \u00e9 facilmente processado em fub\u00e1 e v\u00e1rios snacks. A m\u00e1quina descascadora de milho tem alta efici\u00eancia, e sua capacidade pode atingir 300-800kg\/h.<\/p>    <p>Nossa m\u00e1quina descascadora de milho tem as vantagens de alta efici\u00eancia, opera\u00e7\u00e3o simples e excelentes produtos acabados. Portanto, \u00e9 muito popular em v\u00e1rios lugares. Por exemplo, 30 m\u00e1quinas descascadoras de espigas de milho foram enviadas para o Burkina Faso, e o feedback do cliente \u00e9 muito bom.<\/p>    <figure class=\"wp-block-embed is-type-video is-provider-youtube wp-block-embed-youtube wp-embed-aspect-16-9 wp-has-aspect-ratio\"><div class=\"wp-block-embed__wrapper\"> <iframe loading=\"lazy\" title=\"M\u00e1quina de Descascar Milho de Alta Efici\u00eancia | Como Funciona a M\u00e1quina de Descascar Gr\u00e3os de Milho?#agriculture\" width=\"500\" height=\"281\" src=\"https:\/\/www.youtube.com\/embed\/ZY_oyhSynDk?feature=oembed\" frameborder=\"0\" allow=\"accelerometer; autoplay; clipboard-write; encrypted-media; gyroscope; picture-in-picture; web-share\" referrerpolicy=\"strict-origin-when-cross-origin\" allowfullscreen><\/iframe> <\/div><figcaption class=\"wp-element-caption\">processo de trabalho da m\u00e1quina descascadora de milho<\/figcaption><\/figure>    <h2 class=\"wp-block-heading\"><strong>Par\u00e2metros e modelos de descascador de milho<\/strong><\/h2>    <p class=\"translation-block\">Os nossos <strong>descascadores de milho<\/strong> est\u00e3o dispon\u00edveis em dois modelos: o CP-90 e o CP-120. O CP-90 tem uma capacidade de 300-500 kg\/h, enquanto o CP-120 tem uma capacidade de 700-800 kg\/h. Pode escolher a m\u00e1quina descascadora de milho com base na sua escala de produ\u00e7\u00e3o e necessidades.<\/p>    <figure class=\"wp-block-table\"><table class=\"has-fixed-layout\"><tbody><tr><td>Modelo<\/td><td>CP-90<\/td><td>CP-120<\/td><\/tr><tr><td>Poder<\/td><td>5.5kw<\/td><td>7.5-11kw<\/td><\/tr><tr><td>Capacidade<\/td><td>300-500kg\/h<\/td><td>700-800kg\/h<\/td><\/tr><tr><td>Peso<\/td><td>100kg<\/td><td>135kg<\/td><\/tr><tr><td>Tamanho<\/td><td>660*450*1020mm<\/td><td>880*550*1200mm<\/td><\/tr><\/tbody><\/table><figcaption class=\"wp-element-caption\">par\u00e2metros da m\u00e1quina descascadora de pele de milho<\/figcaption><\/figure>    <h2 class=\"wp-block-heading\"><strong>Estrutura do descascador de milho<\/strong><\/h2>    <p class=\"translation-block\">Este <strong>descascador de milho<\/strong> apresenta um design compacto, um tamanho relativamente pequeno e \u00e9 f\u00e1cil de operar. Pode ser alimentado por um motor a diesel ou um motor el\u00e9trico, permitindo uma variedade de pot\u00eancias para atender \u00e0s diversas necessidades dos clientes. A m\u00e1quina geralmente consiste em alimentador, parafuso para controlar a velocidade de alimenta\u00e7\u00e3o, l\u00e2minas de descasque, sa\u00edda de pele e sa\u00edda de produto acabado.<\/p>   <div class=\"wp-block-image\"> <figure class=\"aligncenter size-full\"><img loading=\"lazy\" decoding=\"async\" width=\"720\" height=\"540\" src=\"https:\/\/corn-machines.com\/wp-content\/uploads\/2025\/08\/structure-of-maize-peeler.webp\" alt=\"estrutura do descascador de milho\" class=\"wp-image-784\" srcset=\"https:\/\/corn-machines.com\/wp-content\/uploads\/2025\/08\/structure-of-maize-peeler.webp 720w, https:\/\/corn-machines.com\/wp-content\/uploads\/2025\/08\/structure-of-maize-peeler-300x225.webp 300w, https:\/\/corn-machines.com\/wp-content\/uploads\/2025\/08\/structure-of-maize-peeler-16x12.webp 16w\" sizes=\"auto, (max-width: 720px) 100vw, 720px\" \/><figcaption class=\"wp-element-caption\">estrutura do descascador de milho<\/figcaption><\/figure> <\/div>   <h2 class=\"wp-block-heading\"><strong>Aplica\u00e7\u00e3o do descascador de milho<\/strong><\/h2>    <p class=\"translation-block\">Ap\u00f3s o descascamento, os gr\u00e3os de milho s\u00e3o uniformes em tamanho, lisos e livres de impurezas. O milho descascado tem um sabor agrad\u00e1vel e \u00e9 facilmente processado em farinha de milho, grumos de milho e muito mais. O <strong>descascador de milho<\/strong> n\u00e3o \u00e9 apenas adequado para f\u00e1bricas de processamento de gr\u00e3os pequenos e alimentos, mas tamb\u00e9m pode ser usado como uma ferramenta de descascamento de milho para uso dom\u00e9stico.<\/p>    <figure class=\"wp-block-gallery has-nested-images columns-default is-cropped wp-block-gallery-2 is-layout-flex wp-block-gallery-is-layout-flex\"> <figure class=\"wp-block-image size-large\"><img loading=\"lazy\" decoding=\"async\" width=\"720\" height=\"540\" data-id=\"791\" src=\"https:\/\/corn-machines.com\/wp-content\/uploads\/2025\/08\/effect-of-corn-peeling-machine.webp\" alt=\"efeito do descascador de milho\" class=\"wp-image-791\" srcset=\"https:\/\/corn-machines.com\/wp-content\/uploads\/2025\/08\/effect-of-corn-peeling-machine.webp 720w, https:\/\/corn-machines.com\/wp-content\/uploads\/2025\/08\/effect-of-corn-peeling-machine-300x225.webp 300w, https:\/\/corn-machines.com\/wp-content\/uploads\/2025\/08\/effect-of-corn-peeling-machine-16x12.webp 16w\" sizes=\"auto, (max-width: 720px) 100vw, 720px\" \/><figcaption class=\"wp-element-caption\">efeito do descascador de milho<\/figcaption><\/figure>    <figure class=\"wp-block-image size-large\"><img loading=\"lazy\" decoding=\"async\" width=\"720\" height=\"540\" data-id=\"785\" src=\"https:\/\/corn-machines.com\/wp-content\/uploads\/2025\/08\/application-of-corn-peeler-machine.webp\" alt=\"aplica\u00e7\u00e3o da m\u00e1quina descascadora de milho\" class=\"wp-image-785\" srcset=\"https:\/\/corn-machines.com\/wp-content\/uploads\/2025\/08\/application-of-corn-peeler-machine.webp 720w, https:\/\/corn-machines.com\/wp-content\/uploads\/2025\/08\/application-of-corn-peeler-machine-300x225.webp 300w, https:\/\/corn-machines.com\/wp-content\/uploads\/2025\/08\/application-of-corn-peeler-machine-16x12.webp 16w\" sizes=\"auto, (max-width: 720px) 100vw, 720px\" \/><figcaption class=\"wp-element-caption\">aplica\u00e7\u00e3o da m\u00e1quina descascadora de milho<\/figcaption><\/figure> <\/figure>    <h2 class=\"wp-block-heading\"><strong>Vantagens do descascador de milho autom\u00e1tico<\/strong><\/h2>    <p>Pode completar rapidamente o trabalho de descascagem do milho, encurtando bastante o tempo de colheita e reduzindo os custos de m\u00e3o de obra; al\u00e9m disso, as debulhadoras modernas tamb\u00e9m t\u00eam as vantagens de forte adaptabilidade e f\u00e1cil opera\u00e7\u00e3o.<\/p>    <ul class=\"wp-block-list\"> <li>Comparado com a descascagem manual tradicional, o <strong>m\u00e1quina de descascamento de milho<\/strong> pode completar o processo de descascamento a uma taxa mais r\u00e1pida, com <strong>uma capacidade de 300-800 kg\/h<\/strong>, encurtando significativamente o tempo de colheita e melhorando a efici\u00eancia do trabalho.<\/li>    <li> The maize peeler machine significantly reduces farmers&#8217; labor intensity, reduces the drudgery of manual peeling, and <strong>melhora o conforto do trabalhador<\/strong>.<\/li>    <li> \u00c9 relativamente simples de operar e pode ser conclu\u00edda por uma \u00fanica pessoa. O seu tamanho relativamente pequeno faz com que seja <strong>f\u00e1cil de mover<\/strong> e adaptar-se a v\u00e1rios locais.<\/li>    <li> O produto acabado produzido pela descascadora de milho \u00e9 <strong>lisa, uniforme no tamanho e sem impurezas.<\/strong><\/li>    <li>A m\u00e1quina de descascar espigas de milho Taizy \u00e9 produzida e vendida por n\u00f3s, oferecendo uma forte <strong>vantagem de pre\u00e7o<\/strong> no mesmo mercado.<\/li>    <li>A m\u00e1quina de descascar milho vem com um <strong>garantia de um ano<\/strong> e uma equipa profissional de assist\u00eancia p\u00f3s-venda para ajudar com quaisquer problemas.<\/li> <\/ul>    <figure class=\"wp-block-gallery has-nested-images columns-default is-cropped wp-block-gallery-3 is-layout-flex wp-block-gallery-is-layout-flex\"> <figure class=\"wp-block-image size-large\"><img loading=\"lazy\" decoding=\"async\" width=\"540\" height=\"720\" data-id=\"786\" src=\"https:\/\/corn-machines.com\/wp-content\/uploads\/2025\/08\/automatic-corn-peeler.webp\" alt=\"descascador de milho autom\u00e1tico\" class=\"wp-image-786\" srcset=\"https:\/\/corn-machines.com\/wp-content\/uploads\/2025\/08\/automatic-corn-peeler.webp 540w, https:\/\/corn-machines.com\/wp-content\/uploads\/2025\/08\/automatic-corn-peeler-225x300.webp 225w, https:\/\/corn-machines.com\/wp-content\/uploads\/2025\/08\/automatic-corn-peeler-9x12.webp 9w\" sizes=\"auto, (max-width: 540px) 100vw, 540px\" \/><figcaption class=\"wp-element-caption\">descascador de milho autom\u00e1tico<\/figcaption><\/figure>    <figure class=\"wp-block-image size-full\"><img loading=\"lazy\" decoding=\"async\" width=\"720\" height=\"540\" data-id=\"787\" src=\"https:\/\/corn-machines.com\/wp-content\/uploads\/2025\/08\/corn-peeler.webp\" alt=\"exibi\u00e7\u00e3o da m\u00e1quina de descasque de milho\" class=\"wp-image-787\" srcset=\"https:\/\/corn-machines.com\/wp-content\/uploads\/2025\/08\/corn-peeler.webp 720w, https:\/\/corn-machines.com\/wp-content\/uploads\/2025\/08\/corn-peeler-300x225.webp 300w, https:\/\/corn-machines.com\/wp-content\/uploads\/2025\/08\/corn-peeler-16x12.webp 16w\" sizes=\"auto, (max-width: 720px) 100vw, 720px\" \/><figcaption class=\"wp-element-caption\">descascador de milho<\/figcaption><\/figure> <\/figure>    <h2 class=\"wp-block-heading\"><strong>Qual \u00e9 o pre\u00e7o do descascador de milho?<\/strong><\/h2>    <p>O pre\u00e7o de um descascador de milho \u00e9 influenciado por muitos fatores, principalmente o modelo e a fonte de energia. Por um lado, o pre\u00e7o da m\u00e1quina descascadora de milho varia dependendo do modelo, e o pre\u00e7o de um de grande capacidade ser\u00e1 relativamente mais alto. Por outro lado, nossos descascadores de milho podem ser equipados com motores el\u00e9tricos e a diesel, portanto, os pre\u00e7os n\u00e3o s\u00e3o fixos. Al\u00e9m disso, esta \u00e9 uma pequena m\u00e1quina agr\u00edcola, portanto, quanto mais quantidade voc\u00ea comprar, mais favor\u00e1vel ser\u00e1 o pre\u00e7o. Se desejar saber o pre\u00e7o detalhado do nosso descascador de milho, n\u00e3o hesite em contactar-nos.<\/p>   <div class=\"wp-block-image\"> <figure class=\"aligncenter size-full\"><img loading=\"lazy\" decoding=\"async\" width=\"720\" height=\"540\" src=\"https:\/\/corn-machines.com\/wp-content\/uploads\/2025\/08\/maize-peeling-machine.webp\" alt=\"m\u00e1quina descascadora de milho\" class=\"wp-image-789\" srcset=\"https:\/\/corn-machines.com\/wp-content\/uploads\/2025\/08\/maize-peeling-machine.webp 720w, https:\/\/corn-machines.com\/wp-content\/uploads\/2025\/08\/maize-peeling-machine-300x225.webp 300w, https:\/\/corn-machines.com\/wp-content\/uploads\/2025\/08\/maize-peeling-machine-16x12.webp 16w\" sizes=\"auto, (max-width: 720px) 100vw, 720px\" \/><figcaption class=\"wp-element-caption\">m\u00e1quina descascadora de milho<\/figcaption><\/figure> <\/div>   <h2 class=\"wp-block-heading\"><strong> Caso de sucesso de descascador de gr\u00e3os de milho<\/strong><\/h2>    <p class=\"translation-block\"><strong>Trinta descascadores de milho foram enviados para o Burkina Faso<\/strong><\/p>    <p class=\"translation-block\">O <strong>descascador de milho<\/strong> Taizy \u00e9 bem recebido por clientes de todas as regi\u00f5es devido ao seu excelente desempenho. Foram exportados para a Nig\u00e9ria, Ucr\u00e2nia, Burkina Faso e outras regi\u00f5es. Trinta dessas m\u00e1quinas foram enviadas para o Burkina Faso.<\/p>    <p>O cliente, um revendedor local de m\u00e1quinas agr\u00edcolas, soube que havia uma alta demanda por descascadores de milho na regi\u00e3o. Tanto as f\u00e1bricas de farinha quanto o processamento de alimentos \u00e0 base de milho dependem de descascadores de milho. Ele, portanto, quis encomendar um lote dessas m\u00e1quinas. Fornecemos a ele informa\u00e7\u00f5es e fotos sobre as m\u00e1quinas, e ele expressou sua satisfa\u00e7\u00e3o e fez um pedido de trinta m\u00e1quinas descascadoras de milho. De acordo com o feedback do cliente, os descascadores de milho est\u00e3o vendendo bem no mercado local, e os compradores lhes deram grandes elogios.<\/p>   <div class=\"wp-block-image\"> <figure class=\"aligncenter size-full\"><img loading=\"lazy\" decoding=\"async\" width=\"720\" height=\"540\" src=\"https:\/\/corn-machines.com\/wp-content\/uploads\/2025\/08\/corn-peeler.webp\" alt=\"exibi\u00e7\u00e3o da m\u00e1quina de descasque de milho\" class=\"wp-image-787\" srcset=\"https:\/\/corn-machines.com\/wp-content\/uploads\/2025\/08\/corn-peeler.webp 720w, https:\/\/corn-machines.com\/wp-content\/uploads\/2025\/08\/corn-peeler-300x225.webp 300w, https:\/\/corn-machines.com\/wp-content\/uploads\/2025\/08\/corn-peeler-16x12.webp 16w\" sizes=\"auto, (max-width: 720px) 100vw, 720px\" \/><figcaption class=\"wp-element-caption\">descascador de milho<\/figcaption><\/figure> <\/div>   <h2 class=\"wp-block-heading\"><strong>Aja agora e contacte-nos!<\/strong><\/h2>    <p class=\"translation-block\">Quer seja uma f\u00e1brica de processamento de milho ou um concession\u00e1rio de maquinaria agr\u00edcola, a <strong>descascador de milho<\/strong> Taizy \u00e9 uma \u00f3tima escolha! Al\u00e9m das descascadoras de milho, a nossa empresa tamb\u00e9m oferece outras m\u00e1quinas de milho, como <a href=\"https:\/\/corn-machines.com\/pt\/product\/automated-corn-sowing-machine\/\">semeadora de milho<\/a>, <a href=\"https:\/\/corn-machines.com\/pt\/product\/corn-harvester-machine\/\">colheitadeira de milho<\/a> e <a href=\"https:\/\/corn-machines.com\/pt\/product\/corn-grits-machine\/\">m\u00e1quina de fazer grumos de milho<\/a>. Se tiver interesse, n\u00e3o hesite em contactar-nos! Forneceremos o servi\u00e7o mais profissional e m\u00e1quinas de alta qualidade.<\/p>","protected":false},"excerpt":{"rendered":"<p>Este artigo apresenta principalmente a m\u00e1quina de descascar milho, incluindo seus par\u00e2metros, estrutura, vantagens e casos de sucesso. Esta m\u00e1quina tem uma capacidade de 300-800kg\/h e \u00e9 muito eficiente, podendo atender \u00e0s necessidades de processamento de diferentes escalas.<\/p>","protected":false},"author":1,"featured_media":788,"parent":0,"template":"","tags":[42,68,67],"product-type":[66],"class_list":["post-783","product","type-product","status-publish","has-post-thumbnail","hentry","tag-corn","tag-corn-kernels","tag-corn-peeling","product-type-corn-peeling-machine"],"_links":{"self":[{"href":"https:\/\/corn-machines.com\/pt\/wp-json\/wp\/v2\/product\/783","targetHints":{"allow":["GET"]}}],"collection":[{"href":"https:\/\/corn-machines.com\/pt\/wp-json\/wp\/v2\/product"}],"about":[{"href":"https:\/\/corn-machines.com\/pt\/wp-json\/wp\/v2\/types\/product"}],"author":[{"embeddable":true,"href":"https:\/\/corn-machines.com\/pt\/wp-json\/wp\/v2\/users\/1"}],"wp:featuredmedia":[{"embeddable":true,"href":"https:\/\/corn-machines.com\/pt\/wp-json\/wp\/v2\/media\/788"}],"wp:attachment":[{"href":"https:\/\/corn-machines.com\/pt\/wp-json\/wp\/v2\/media?parent=783"}],"wp:term":[{"taxonomy":"post_tag","embeddable":true,"href":"https:\/\/corn-machines.com\/pt\/wp-json\/wp\/v2\/tags?post=783"},{"taxonomy":"product-type","embeddable":true,"href":"https:\/\/corn-machines.com\/pt\/wp-json\/wp\/v2\/product-type?post=783"}],"curies":[{"name":"wp","href":"https:\/\/api.w.org\/{rel}","templated":true}]}}