{"id":771,"date":"2025-08-11T16:34:51","date_gmt":"2025-08-11T08:34:51","guid":{"rendered":"https:\/\/corn-machines.com\/?post_type=product&#038;p=771"},"modified":"2025-08-18T14:42:57","modified_gmt":"2025-08-18T06:42:57","slug":"corn-cleaner-machine","status":"publish","type":"product","link":"https:\/\/corn-machines.com\/pt\/product\/corn-cleaner-machine\/","title":{"rendered":"M\u00e1quina de limpeza de milho para remover impurezas de gr\u00e3os crus"},"content":{"rendered":"<p class=\"translation-block\">A <strong>m\u00e1quina de limpeza de milho<\/strong> remove principalmente impurezas como poeira, pedras e palha do gr\u00e3o cru. O seu tamanho compacto, elevado grau de automa\u00e7\u00e3o e design vers\u00e1til tornam-na uma pe\u00e7a de acompanhamento ideal para m\u00e1quinas de moagem de milho. Pode ser utilizada para limpar milho, trigo, trigo sarraceno, milhete e outros gr\u00e3os, com uma capacidade de 400-1200 kg\/h.<\/p>    <p>M\u00e1quinas de limpeza de milho s\u00e3o altamente eficientes, f\u00e1ceis de operar e amplamente aplic\u00e1veis. Por isso s\u00e3o populares entre clientes em v\u00e1rias regi\u00f5es. Foram exportadas para v\u00e1rias regi\u00f5es, incluindo Angola e Camar\u00f5es, e mereceram amplo reconhecimento.<\/p>    <figure class=\"wp-block-embed is-type-video is-provider-youtube wp-block-embed-youtube wp-embed-aspect-16-9 wp-has-aspect-ratio\"><div class=\"wp-block-embed__wrapper\"> <iframe loading=\"lazy\" title=\"M\u00e1quina de Limpeza de Milho Mais Vendida | Como Funciona a M\u00e1quina de Limpeza de Sementes de Milho?#agriculturalmachinery\" width=\"500\" height=\"281\" src=\"https:\/\/www.youtube.com\/embed\/w8UjR2vlGq8?feature=oembed\" frameborder=\"0\" allow=\"accelerometer; autoplay; clipboard-write; encrypted-media; gyroscope; picture-in-picture; web-share\" referrerpolicy=\"strict-origin-when-cross-origin\" allowfullscreen><\/iframe> <\/div><figcaption class=\"wp-element-caption\">working process of maize cleaning machine<\/figcaption><\/figure>    <h2 class=\"wp-block-heading\"><strong>Vantagens da m\u00e1quina de limpeza de gr\u00e3os<\/strong><\/h2>    <ul class=\"wp-block-list\"> <li> Ela possui alta efici\u00eancia de produ\u00e7\u00e3o, com <strong>uma capacidade de 400-1200 kg\/h<\/strong>, atendendo \u00e0s necessidades de produ\u00e7\u00e3o de diferentes escalas.<\/li>    <li>O <strong>m\u00e1quina de limpeza de milho<\/strong> possui <strong>uma ampla gama de aplica\u00e7\u00f5es<\/strong>, n\u00e3o s\u00f3 para limpar milho, mas tamb\u00e9m para limpar trigo, trigo sarraceno, millet e outros gr\u00e3os.<\/li>    <li> Geralmente, uma pessoa pode completar o trabalho, <strong>economizando 30% do tempo<\/strong>.<\/li>    <li> A m\u00e1quina de classifica\u00e7\u00e3o de milho \u00e9 altamente vers\u00e1til e pode ser <strong>integrada com outras m\u00e1quinas<\/strong>, como <a href=\"https:\/\/corn-machines.com\/pt\/product\/corn-grits-machine\/\">m\u00e1quina de fazer gr\u00e3os de milho<\/a>.<\/li>    <li>A opera\u00e7\u00e3o \u00e9 simples, exigindo apenas <strong>uma pessoa<\/strong> para completar a tarefa de limpeza de milho.<\/li>    <li> As m\u00e1quinas de limpeza de milho Taizy s\u00e3o fabricadas e vendidas por n\u00f3s, e a <strong>os pre\u00e7os s\u00e3o bastante competitivos<\/strong><\/li> <\/ul>    <figure class=\"wp-block-gallery has-nested-images columns-default is-cropped wp-block-gallery-2 is-layout-flex wp-block-gallery-is-layout-flex\"> <figure class=\"wp-block-image size-large\"><img loading=\"lazy\" decoding=\"async\" width=\"720\" height=\"540\" data-id=\"774\" src=\"https:\/\/corn-machines.com\/wp-content\/uploads\/2025\/08\/maize-cleaner-machine.webp\" alt=\"m\u00e1quina de limpeza de milho\" class=\"wp-image-774\" srcset=\"https:\/\/corn-machines.com\/wp-content\/uploads\/2025\/08\/maize-cleaner-machine.webp 720w, https:\/\/corn-machines.com\/wp-content\/uploads\/2025\/08\/maize-cleaner-machine-300x225.webp 300w, https:\/\/corn-machines.com\/wp-content\/uploads\/2025\/08\/maize-cleaner-machine-16x12.webp 16w\" sizes=\"auto, (max-width: 720px) 100vw, 720px\" \/><figcaption class=\"wp-element-caption\">m\u00e1quina de limpeza de milho<\/figcaption><\/figure>    <figure class=\"wp-block-image size-large\"><img loading=\"lazy\" decoding=\"async\" width=\"720\" height=\"540\" data-id=\"775\" src=\"https:\/\/corn-machines.com\/wp-content\/uploads\/2025\/08\/corn-seed-cleaner.webp\" alt=\"exibi\u00e7\u00e3o de limpador de sementes de milho\" class=\"wp-image-775\" srcset=\"https:\/\/corn-machines.com\/wp-content\/uploads\/2025\/08\/corn-seed-cleaner.webp 720w, https:\/\/corn-machines.com\/wp-content\/uploads\/2025\/08\/corn-seed-cleaner-300x225.webp 300w, https:\/\/corn-machines.com\/wp-content\/uploads\/2025\/08\/corn-seed-cleaner-16x12.webp 16w\" sizes=\"auto, (max-width: 720px) 100vw, 720px\" \/><figcaption class=\"wp-element-caption\">limpador de sementes de milho<\/figcaption><\/figure> <\/figure>    <h2 class=\"wp-block-heading\"><strong>Parameters of corn cleaning machine<\/strong><\/h2>    <p>A m\u00e1quina de limpeza de milho Taizy est\u00e1 dispon\u00edvel em dois modelos: FSQDJ-57 e FSQDJ-100. Cada modelo tem uma capacidade diferente: o FSQDJ-57 tem uma capacidade de 400-600 kg\/h, enquanto o FSQDJ-100 tem uma capacidade de 800-1200 kg\/h. Os par\u00e2metros espec\u00edficos da m\u00e1quina de limpeza de milho s\u00e3o os seguintes:<\/p>    <figure class=\"wp-block-table\"><table class=\"has-fixed-layout\"><tbody><tr><td>Modelo<\/td><td>FSQDJ-57<\/td><td>FSQDJ-100<\/td><\/tr><tr><td>Poder<\/td><td>3kw<\/td><td>4kw<\/td><\/tr><tr><td>Capacidade<\/td><td>400-600kg\/h<\/td><td>800-1200kg\/h<\/td><\/tr><tr><td>Peso<\/td><td>300kg<\/td><td>400kg<\/td><\/tr><tr><td>Tamanho<\/td><td>1,7*0,8*2,9m<\/td><td>1,9*1*3m<\/td><\/tr><\/tbody><\/table><figcaption class=\"wp-element-caption\">parameters of maize cleaner machine<\/figcaption><\/figure>    <h2 class=\"wp-block-heading\"><strong>Structure of maize cleaning machine<\/strong><\/h2>    <p class=\"translation-block\">A <strong>m\u00e1quina de limpeza de milho<\/strong> tem uma estrutura simples. Externamente, consiste principalmente em ventilador, correia, sa\u00edda de pedras, entrada de milho e motor. Estruturalmente, compreende principalmente um dispositivo de alimenta\u00e7\u00e3o autom\u00e1tica, um crivo vibrat\u00f3rio de dupla camada, um dispositivo de remo\u00e7\u00e3o de pedras por gravidade e um dispositivo de purifica\u00e7\u00e3o de ar.<\/p>    <ul class=\"wp-block-list\"> <li>Dispositivo de alimenta\u00e7\u00e3o autom\u00e1tica: Utiliza gravidade e fluxo de ar para carregamento autom\u00e1tico.<\/li>    <li>Crivo vibrat\u00f3rio de dupla camada: Utiliza os diferentes tamanhos de part\u00edculas do material e das impurezas para remover impurezas menores ou maiores que o material.<\/li>    <li>Dispositivo de remo\u00e7\u00e3o de pedras por gravidade: Utiliza as diferentes gravidades espec\u00edficas do material e das impurezas para remover impurezas maiores.<\/li>    <li>Air purification device: It breaks up dirt and fragile impurities adhering to the material and discharges them through the discharge port.<\/li> <\/ul>   <div class=\"wp-block-image\"> <figure class=\"aligncenter size-full\"><img loading=\"lazy\" decoding=\"async\" width=\"720\" height=\"540\" src=\"https:\/\/corn-machines.com\/wp-content\/uploads\/2025\/08\/structure-of-corn-cleaner.webp\" alt=\"structure of corn cleaner\" class=\"wp-image-773\" srcset=\"https:\/\/corn-machines.com\/wp-content\/uploads\/2025\/08\/structure-of-corn-cleaner.webp 720w, https:\/\/corn-machines.com\/wp-content\/uploads\/2025\/08\/structure-of-corn-cleaner-300x225.webp 300w, https:\/\/corn-machines.com\/wp-content\/uploads\/2025\/08\/structure-of-corn-cleaner-16x12.webp 16w\" sizes=\"auto, (max-width: 720px) 100vw, 720px\" \/><figcaption class=\"wp-element-caption\">structure of corn cleaner<\/figcaption><\/figure> <\/div>   <h2 class=\"wp-block-heading\"><strong>Application of corn sorter<\/strong><\/h2>    <p class=\"translation-block\">A nossa <strong>m\u00e1quina de limpeza de milho<\/strong> tem uma vasta gama de aplica\u00e7\u00f5es. Pode ser utilizada n\u00e3o s\u00f3 para limpar milho, mas tamb\u00e9m para limpar v\u00e1rios gr\u00e3os como trigo, sorgo, trigo sarraceno, etc. Quer seja uma f\u00e1brica de processamento de milho ou uma f\u00e1brica de processamento de v\u00e1rios gr\u00e3os, ela pode ajud\u00e1-lo!<\/p>   <div class=\"wp-block-image\"> <figure class=\"aligncenter size-full\"><img loading=\"lazy\" decoding=\"async\" width=\"720\" height=\"540\" src=\"https:\/\/corn-machines.com\/wp-content\/uploads\/2025\/08\/application-of-corn-seed-cleaner-2.webp\" alt=\"application of corn seed cleaner\" class=\"wp-image-778\" srcset=\"https:\/\/corn-machines.com\/wp-content\/uploads\/2025\/08\/application-of-corn-seed-cleaner-2.webp 720w, https:\/\/corn-machines.com\/wp-content\/uploads\/2025\/08\/application-of-corn-seed-cleaner-2-300x225.webp 300w, https:\/\/corn-machines.com\/wp-content\/uploads\/2025\/08\/application-of-corn-seed-cleaner-2-16x12.webp 16w\" sizes=\"auto, (max-width: 720px) 100vw, 720px\" \/><figcaption class=\"wp-element-caption\">application of corn seed cleaner<\/figcaption><\/figure> <\/div>   <h2 class=\"wp-block-heading\"><strong>Qual \u00e9 o pre\u00e7o da m\u00e1quina de limpeza de milho?<\/strong><\/h2>    <p>The price of maize sorting machine is affected by many factors. For one thing, regional freight costs can lead to price differences. Another factor is the capacity of the machine, which can also affect the price. Generally speaking, higher-capacity machines are more expensive. For example, the price of an FSQDJ-100 is higher than that of an FSQDJ-57. If you would like to know the exact price, please feel free to contact us!<\/p>   <div class=\"wp-block-image\"> <figure class=\"aligncenter size-full\"><img loading=\"lazy\" decoding=\"async\" width=\"720\" height=\"540\" src=\"https:\/\/corn-machines.com\/wp-content\/uploads\/2025\/08\/corn-sorting-machine.webp\" alt=\"exibi\u00e7\u00e3o de m\u00e1quina de sele\u00e7\u00e3o de milho\" class=\"wp-image-779\" srcset=\"https:\/\/corn-machines.com\/wp-content\/uploads\/2025\/08\/corn-sorting-machine.webp 720w, https:\/\/corn-machines.com\/wp-content\/uploads\/2025\/08\/corn-sorting-machine-300x225.webp 300w, https:\/\/corn-machines.com\/wp-content\/uploads\/2025\/08\/corn-sorting-machine-16x12.webp 16w\" sizes=\"auto, (max-width: 720px) 100vw, 720px\" \/><figcaption class=\"wp-element-caption\">corn sorting machine<\/figcaption><\/figure> <\/div>   <h2 class=\"wp-block-heading\"><strong>Successful case of corn seed cleaner<\/strong><\/h2>    <p class=\"translation-block\"><strong>M\u00e1quina de limpeza de milho FSQDJ-57 entregue nos Camar\u00f5es<\/strong><\/p>    <p>O cliente opera uma esta\u00e7\u00e3o de gr\u00e3os nos Camar\u00f5es. Ele queixou-se que armazenar milho com impurezas diretamente poderia levar facilmente a mofo. Remover manualmente as impurezas do gr\u00e3o desperdi\u00e7a uma quantidade significativa de tempo e m\u00e3o de obra. Recomendamos o limpador de gr\u00e3os Taizy ao cliente e fornecemos-lhe informa\u00e7\u00f5es detalhadas e imagens. O cliente ficou muito satisfeito e fez imediatamente uma encomenda.<\/p>    <p class=\"translation-block\">Ap\u00f3s receber a <strong>m\u00e1quina de limpeza de milho<\/strong>, o cliente come\u00e7ou a limpar milho e relatou que foi uma ajuda significativa. As impurezas foram removidas completamente e a opera\u00e7\u00e3o foi simples, poupando-lhes um tempo e m\u00e3o de obra consider\u00e1veis.<\/p>   <div class=\"wp-block-image\"> <figure class=\"aligncenter size-full\"><img loading=\"lazy\" decoding=\"async\" width=\"720\" height=\"540\" src=\"https:\/\/corn-machines.com\/wp-content\/uploads\/2025\/08\/corn-cleaning-machine-factory.webp\" alt=\"corn cleaning machine factory\" class=\"wp-image-780\" srcset=\"https:\/\/corn-machines.com\/wp-content\/uploads\/2025\/08\/corn-cleaning-machine-factory.webp 720w, https:\/\/corn-machines.com\/wp-content\/uploads\/2025\/08\/corn-cleaning-machine-factory-300x225.webp 300w, https:\/\/corn-machines.com\/wp-content\/uploads\/2025\/08\/corn-cleaning-machine-factory-16x12.webp 16w\" sizes=\"auto, (max-width: 720px) 100vw, 720px\" \/><figcaption class=\"wp-element-caption\">corn cleaning machine <\/figcaption><\/figure> <\/div>   <h2 class=\"wp-block-heading\"><strong>About our company<\/strong><\/h2>    <p class=\"translation-block\">Como fornecedor confi\u00e1vel de equipamentos de produ\u00e7\u00e3o agr\u00edcola, a nossa empresa oferece equipamentos para toda a ind\u00fastria de milho e gr\u00e3os. Fornecemos consistentemente aos clientes em todo o mundo solu\u00e7\u00f5es acion\u00e1veis utilizando os melhores equipamentos e servi\u00e7o garantido, resolvendo in\u00fameros desafios de produ\u00e7\u00e3o. Os nossos equipamentos, como a nossa <strong>m\u00e1quina de limpeza de milho<\/strong> e semeadores de milho, s\u00e3o tecnologicamente avan\u00e7ados na China. Se estiver interessado nos nossos equipamentos, contacte-nos e n\u00f3s fornecer-lhe-emos o melhor servi\u00e7o e equipamento!<\/p>","protected":false},"excerpt":{"rendered":"<p>Este artigo apresenta principalmente a m\u00e1quina de limpeza de milho. Inclui a estrutura, vantagens, aplica\u00e7\u00f5es, etc. Esta m\u00e1quina de limpeza de milho \u00e9 amada por clientes em diferentes regi\u00f5es devido \u00e0s suas excelentes vantagens e fornece-lhes grande ajuda.<\/p>","protected":false},"author":1,"featured_media":772,"parent":0,"template":"","tags":[42,64,61,57],"product-type":[65],"class_list":["post-771","product","type-product","status-publish","has-post-thumbnail","hentry","tag-corn","tag-corn-cleaning","tag-millet","tag-wheat","product-type-corn-cleaning-machine"],"_links":{"self":[{"href":"https:\/\/corn-machines.com\/pt\/wp-json\/wp\/v2\/product\/771","targetHints":{"allow":["GET"]}}],"collection":[{"href":"https:\/\/corn-machines.com\/pt\/wp-json\/wp\/v2\/product"}],"about":[{"href":"https:\/\/corn-machines.com\/pt\/wp-json\/wp\/v2\/types\/product"}],"author":[{"embeddable":true,"href":"https:\/\/corn-machines.com\/pt\/wp-json\/wp\/v2\/users\/1"}],"wp:featuredmedia":[{"embeddable":true,"href":"https:\/\/corn-machines.com\/pt\/wp-json\/wp\/v2\/media\/772"}],"wp:attachment":[{"href":"https:\/\/corn-machines.com\/pt\/wp-json\/wp\/v2\/media?parent=771"}],"wp:term":[{"taxonomy":"post_tag","embeddable":true,"href":"https:\/\/corn-machines.com\/pt\/wp-json\/wp\/v2\/tags?post=771"},{"taxonomy":"product-type","embeddable":true,"href":"https:\/\/corn-machines.com\/pt\/wp-json\/wp\/v2\/product-type?post=771"}],"curies":[{"name":"wp","href":"https:\/\/api.w.org\/{rel}","templated":true}]}}