{"id":76,"date":"2022-09-07T03:13:08","date_gmt":"2022-09-07T03:13:08","guid":{"rendered":"https:\/\/corn-machines.com\/?post_type=product&#038;p=76"},"modified":"2024-01-05T17:32:15","modified_gmt":"2024-01-05T09:32:15","slug":"small-corn-seeding-machine","status":"publish","type":"product","link":"https:\/\/corn-machines.com\/pt\/product\/small-corn-seeding-machine\/","title":{"rendered":"Pequena semeadora de milho | Plantador port\u00e1til de sementes de milho"},"content":{"rendered":"<p>A pequena semeadora de milho \u00e9 uma m\u00e1quina de produ\u00e7\u00e3o agr\u00edcola utilizada para o plantio de milho. Ao usar a plantadeira, a taxa de germina\u00e7\u00e3o do milho e a ordem do arranjo do milho s\u00e3o melhoradas. <\/p>    <p class=\"translation-block\">Esta m\u00e1quina de semear milho \u00e9 uma pequena plantadeira de milho e \u00e9 uma semeadora de milho semi-autom\u00e1tica. Tamb\u00e9m temos <a href=\"https:\/\/corn-machines.com\/pt\/product\/automated-corn-sowing-machine\/\">plantadeiras de milho totalmente autom\u00e1ticas<\/a> dispon\u00edveis. <\/p>    <p>A m\u00e1quina semeadora port\u00e1til de milho \u00e9 uma das m\u00e1quinas mais populares para m\u00e1quinas de produ\u00e7\u00e3o agr\u00edcola dom\u00e9stica devido ao seu pre\u00e7o acess\u00edvel.<\/p>    <figure class=\"wp-block-embed is-type-video is-provider-youtube wp-block-embed-youtube wp-embed-aspect-16-9 wp-has-aspect-ratio\"><div class=\"wp-block-embed__wrapper\"> <iframe loading=\"lazy\" title=\"Agricultura econ\u00f4mica: explorando a acessibilidade das semeadoras manuais de milho #corn #maize\" width=\"500\" height=\"281\" src=\"https:\/\/www.youtube.com\/embed\/fpNdordty5E?start=56&#038;feature=oembed\" frameborder=\"0\" allow=\"accelerometer; autoplay; clipboard-write; encrypted-media; gyroscope; picture-in-picture; web-share\" referrerpolicy=\"strict-origin-when-cross-origin\" allowfullscreen><\/iframe> <\/div><figcaption class=\"wp-element-caption\">v\u00eddeo de trabalho da semeadora de milho<\/figcaption><\/figure>    <h2 class=\"wp-block-heading\" id=\"h-the-function-of-small-corn-seeding-machine\">A fun\u00e7\u00e3o de uma pequena m\u00e1quina semeadora de milho<\/h2>    <p class=\"translation-block\">Estas tr\u00eas m\u00e1quinas semeadoras manuais semi-autom\u00e1ticas podem semear sementes como milho, trigo, sorgo, soja, etc. Al\u00e9m de semear, tamb\u00e9m podem <a href=\"https:\/\/en.wikipedia.org\/wiki\/Fertilizer\" target=\"_blank\" rel=\"noopener\">fertilizar<\/a>.<\/p>    <p>Vale ressaltar que a semeadura e a fertiliza\u00e7\u00e3o n\u00e3o podem ser feitas ao mesmo tempo, pois as sementes que acabaram de germinar s\u00e3o muito tenras, o excesso de aduba\u00e7\u00e3o pode prejudicar o crescimento do milho, e os produtores experientes est\u00e3o familiarizados com isso.<\/p>    <figure class=\"wp-block-image size-full\"><img loading=\"lazy\" decoding=\"async\" width=\"720\" height=\"540\" src=\"https:\/\/corn-machines.com\/wp-content\/uploads\/2022\/09\/corn-planter.webp\" alt=\"plantador de milho\" class=\"wp-image-81\" srcset=\"https:\/\/corn-machines.com\/wp-content\/uploads\/2022\/09\/corn-planter.webp 720w, https:\/\/corn-machines.com\/wp-content\/uploads\/2022\/09\/corn-planter-300x225.webp 300w\" sizes=\"auto, (max-width: 720px) 100vw, 720px\" \/><figcaption class=\"wp-element-caption\">M\u00e1quina plantadora de milho \u00e0 venda<\/figcaption><\/figure>    <h2 class=\"wp-block-heading\" id=\"h-type-one-one-row-corn-planter\">Tipo um: plantador de milho de uma linha<\/h2>    <figure class=\"wp-block-image size-full\"><img loading=\"lazy\" decoding=\"async\" width=\"720\" height=\"540\" src=\"https:\/\/corn-machines.com\/wp-content\/uploads\/2022\/09\/corn-seeding-machine-1.webp\" alt=\"m\u00e1quina de semeadura de milho\" class=\"wp-image-82\" srcset=\"https:\/\/corn-machines.com\/wp-content\/uploads\/2022\/09\/corn-seeding-machine-1.webp 720w, https:\/\/corn-machines.com\/wp-content\/uploads\/2022\/09\/corn-seeding-machine-1-300x225.webp 300w\" sizes=\"auto, (max-width: 720px) 100vw, 720px\" \/><figcaption class=\"wp-element-caption\">semeadora de milho com bom pre\u00e7o<\/figcaption><\/figure>    <p>Plantadora de milho de uma fileira, esse tipo de m\u00e1quina \u00e9 relativamente pequena, al\u00e9m disso, tamb\u00e9m \u00e9 relativamente leve, pode ser empurrada diretamente para a terra agr\u00edcola, podendo ser colocada no carro e puxada diretamente. f\u00e1cil de usar. O rendimento m\u00e9dio \u00e9 de 0,5 acres\/hora.<\/p>    <h3 class=\"wp-block-heading\" id=\"h-one-row-corn-planter-parameter\">Par\u00e2metro da plantadeira de milho de uma linha<\/h3>    <figure class=\"wp-block-image size-full\"><img loading=\"lazy\" decoding=\"async\" width=\"720\" height=\"540\" src=\"https:\/\/corn-machines.com\/wp-content\/uploads\/2022\/09\/corn-seeder.webp\" alt=\"semeador de milho\" class=\"wp-image-83\" srcset=\"https:\/\/corn-machines.com\/wp-content\/uploads\/2022\/09\/corn-seeder.webp 720w, https:\/\/corn-machines.com\/wp-content\/uploads\/2022\/09\/corn-seeder-300x225.webp 300w\" sizes=\"auto, (max-width: 720px) 100vw, 720px\" \/><figcaption class=\"wp-element-caption\">m\u00e1quina semeadora de milho<\/figcaption><\/figure>    <figure class=\"wp-block-table\"><table><tbody><tr><td>Nome<\/td><td>M\u00e1quina semeadora<\/td><\/tr><tr><td>Modelo<\/td><td>TZY-100<\/td><\/tr><tr><td>Capacidade<\/td><td>0,5 acres\/h<\/td><\/tr><tr><td>Tamanho<\/td><td>1370*420*900<\/td><\/tr><tr><td>Peso<\/td><td>12kg<\/td><\/tr><\/tbody><\/table><figcaption class=\"wp-element-caption\">par\u00e2metros do plantador de milho de uma linha<\/figcaption><\/figure>    <h3 class=\"wp-block-heading\" id=\"h-how-to-use-a-one-row-corn-planter\">Como usar uma plantadeira de milho de uma linha?<\/h3>    <figure class=\"wp-block-image size-full\"><img loading=\"lazy\" decoding=\"async\" width=\"720\" height=\"540\" src=\"https:\/\/corn-machines.com\/wp-content\/uploads\/2022\/09\/Corn-planter-structure.webp\" alt=\"Estrutura da plantadeira de milho\" class=\"wp-image-84\" srcset=\"https:\/\/corn-machines.com\/wp-content\/uploads\/2022\/09\/Corn-planter-structure.webp 720w, https:\/\/corn-machines.com\/wp-content\/uploads\/2022\/09\/Corn-planter-structure-300x225.webp 300w\" sizes=\"auto, (max-width: 720px) 100vw, 720px\" \/><figcaption class=\"wp-element-caption\">estrutura de plantador de milho port\u00e1til<\/figcaption><\/figure>    <p>Devido \u00e0 resist\u00eancia do terreno no momento do plantio, ser\u00e1 mais f\u00e1cil a opera\u00e7\u00e3o de duas pessoas. Um empurra por tr\u00e1s e o outro puxa pela frente. A profundidade e o espa\u00e7amento da semeadura s\u00e3o controlados manualmente. <\/p>    <p>A plantadeira de milho possui duas rodas, uma maior e outra menor. A roda maior \u00e9 respons\u00e1vel por avan\u00e7ar, e a outra roda menor cobre as sementes semeadas com terra.<\/p>    <figure class=\"wp-block-embed is-type-video is-provider-youtube wp-block-embed-youtube wp-embed-aspect-16-9 wp-has-aspect-ratio\"><div class=\"wp-block-embed__wrapper\"> <iframe loading=\"lazy\" title=\"Plantador pequeno de amendoim e milho | m\u00e1quina semeadora de milho | semeadora de amendoim | plantador manual de sementes de milho\" width=\"500\" height=\"281\" src=\"https:\/\/www.youtube.com\/embed\/Kk85uepTKMg?feature=oembed\" frameborder=\"0\" allow=\"accelerometer; autoplay; clipboard-write; encrypted-media; gyroscope; picture-in-picture; web-share\" referrerpolicy=\"strict-origin-when-cross-origin\" allowfullscreen><\/iframe> <\/div><figcaption class=\"wp-element-caption\">m\u00e1quina de semeadura de milho de amendoim<\/figcaption><\/figure>    <h2 class=\"wp-block-heading\" id=\"h-type-two-duckbill-corn-seeding-machine\">Tipo dois: m\u00e1quina semeadora de milho bico de pato<\/h2>    <figure class=\"wp-block-image size-full\"><img loading=\"lazy\" decoding=\"async\" width=\"720\" height=\"540\" src=\"https:\/\/corn-machines.com\/wp-content\/uploads\/2022\/09\/duckbill-corn-seeding-machine.webp\" alt=\"m\u00e1quina de semeadura de milho bico de pato\" class=\"wp-image-85\" srcset=\"https:\/\/corn-machines.com\/wp-content\/uploads\/2022\/09\/duckbill-corn-seeding-machine.webp 720w, https:\/\/corn-machines.com\/wp-content\/uploads\/2022\/09\/duckbill-corn-seeding-machine-300x225.webp 300w\" sizes=\"auto, (max-width: 720px) 100vw, 720px\" \/><figcaption class=\"wp-element-caption\">m\u00e1quina de semeadura de milho bico de pato<\/figcaption><\/figure>    <p>O formato desta m\u00e1quina semeadora de milho bico de pato \u00e9 relativamente \u00fanico. Existem muitas aberturas de semeadura semelhantes aos bicos de pato. Quanto mais aberturas, mais pr\u00f3ximo fica o v\u00e3o de semeadura, portanto o v\u00e3o de semeadura tamb\u00e9m pode ser ajustado. <\/p>    <p>A profundidade de semeadura da semeadora \u00e9 de 3,5 a 7,8 cent\u00edmetros. Pode ser operado por uma pessoa, em m\u00e9dia 6-8 mu podem ser plantados por dia e a efici\u00eancia do trabalho \u00e9 alta. Uma pessoa e uma m\u00e1quina podem semear de 6 a 8 acres por dia<\/p>    <h3 class=\"wp-block-heading\" id=\"h-duckbill-corn-seeding-machine-parameters\">Par\u00e2metros da m\u00e1quina semeadora de milho bico de pato<\/h3>    <figure class=\"wp-block-image size-full\"><img loading=\"lazy\" decoding=\"async\" width=\"720\" height=\"540\" src=\"https:\/\/corn-machines.com\/wp-content\/uploads\/2022\/09\/corn-seeding-machine-structure.webp\" alt=\"estrutura da m\u00e1quina semeadora de milho\" class=\"wp-image-86\" srcset=\"https:\/\/corn-machines.com\/wp-content\/uploads\/2022\/09\/corn-seeding-machine-structure.webp 720w, https:\/\/corn-machines.com\/wp-content\/uploads\/2022\/09\/corn-seeding-machine-structure-300x225.webp 300w\" sizes=\"auto, (max-width: 720px) 100vw, 720px\" \/><figcaption class=\"wp-element-caption\">estrutura industrial da m\u00e1quina semeadora de milho<\/figcaption><\/figure>    <figure class=\"wp-block-table\"><table><tbody><tr><td>Profundidade de semeadura<\/td><td>3,5-7,8 cm<\/td><\/tr><tr><td>Quantidade de semeadura<\/td><td>1-3 pe\u00e7as, ajust\u00e1vel<\/td><\/tr><tr><td>bico de pato<\/td><td>M\u00e1x. 12 pe\u00e7as<\/td><\/tr><tr><td>Peso<\/td><td>11kg<\/td><\/tr><tr><td>Tamanho da embalagem<\/td><td>58*58*25\u00a0mm<\/td><\/tr><\/tbody><\/table><figcaption class=\"wp-element-caption\">Par\u00e2metros da m\u00e1quina de semeadura de milho bico de pato<\/figcaption><\/figure>    <h2 class=\"wp-block-heading\" id=\"h-type-three-gasoline-hand-push-planter\">Tipo tr\u00eas: plantador manual a gasolina<\/h2>    <figure class=\"wp-block-image size-full\"><img loading=\"lazy\" decoding=\"async\" width=\"720\" height=\"540\" src=\"https:\/\/corn-machines.com\/wp-content\/uploads\/2022\/09\/gasoline-hand-push-planter.webp\" alt=\"plantador manual a gasolina\" class=\"wp-image-87\" srcset=\"https:\/\/corn-machines.com\/wp-content\/uploads\/2022\/09\/gasoline-hand-push-planter.webp 720w, https:\/\/corn-machines.com\/wp-content\/uploads\/2022\/09\/gasoline-hand-push-planter-300x225.webp 300w\" sizes=\"auto, (max-width: 720px) 100vw, 720px\" \/><figcaption class=\"wp-element-caption\">plantador manual a gasolina<\/figcaption><\/figure>    <p>A plantadeira manual a gasolina economiza mais tempo e m\u00e3o de obra do que as duas primeiras m\u00e1quinas manuais e tem uma estrutura simples e pre\u00e7o razo\u00e1vel. <\/p>    <p>Mesmo uma pequena \u00e1rea de plantio pode ser operada, menos restrita pelas condi\u00e7\u00f5es do terreno. Pode ser aplicado em diversos solos, como plan\u00edcies, montanhas e colinas.<\/p>    <h3 class=\"wp-block-heading\" id=\"h-the-structure-of-the-gasoline-hand-push-planter\">A estrutura da plantadeira manual a gasolina<\/h3>    <p>A alavanca de controle do acelerador, freio de m\u00e3o, alavanca de press\u00e3o, caixa de semeadura, disco de semeadura fina, mola de corrente, mola profunda e rasa, roda de borracha traseira, quadro, \u00e2ngulo de semeadura inferior, tanque de combust\u00edvel, caixa de cinto e roda dianteira de ferro. <\/p>    <p>A plantadeira de milho a gasolina possui estrutura simples, alta efici\u00eancia de trabalho e forte controlabilidade. A dire\u00e7\u00e3o pode ser controlada pela manivela e tamb\u00e9m possui estruturas como freio de m\u00e3o.<\/p>    <figure class=\"wp-block-gallery has-nested-images columns-default is-cropped wp-block-gallery-2 is-layout-flex wp-block-gallery-is-layout-flex\"> <figure class=\"wp-block-image size-large\"><img loading=\"lazy\" decoding=\"async\" width=\"720\" height=\"540\" data-id=\"88\" src=\"https:\/\/corn-machines.com\/wp-content\/uploads\/2022\/09\/wheel-of-the-gasoline-hand-push-planter.webp\" alt=\"roda do plantador manual a gasolina\" class=\"wp-image-88\" srcset=\"https:\/\/corn-machines.com\/wp-content\/uploads\/2022\/09\/wheel-of-the-gasoline-hand-push-planter.webp 720w, https:\/\/corn-machines.com\/wp-content\/uploads\/2022\/09\/wheel-of-the-gasoline-hand-push-planter-300x225.webp 300w\" sizes=\"auto, (max-width: 720px) 100vw, 720px\" \/><figcaption class=\"wp-element-caption\">roda do plantador manual de milho a gasolina<\/figcaption><\/figure>    <figure class=\"wp-block-image size-large\"><img loading=\"lazy\" decoding=\"async\" width=\"720\" height=\"540\" data-id=\"89\" src=\"https:\/\/corn-machines.com\/wp-content\/uploads\/2022\/09\/planter-engine.webp\" alt=\"motor de plantadeira\" class=\"wp-image-89\" srcset=\"https:\/\/corn-machines.com\/wp-content\/uploads\/2022\/09\/planter-engine.webp 720w, https:\/\/corn-machines.com\/wp-content\/uploads\/2022\/09\/planter-engine-300x225.webp 300w\" sizes=\"auto, (max-width: 720px) 100vw, 720px\" \/><figcaption class=\"wp-element-caption\">motor de plantadeira<\/figcaption><\/figure>    <figure class=\"wp-block-image size-large\"><img loading=\"lazy\" decoding=\"async\" width=\"720\" height=\"540\" data-id=\"90\" src=\"https:\/\/corn-machines.com\/wp-content\/uploads\/2022\/09\/Seed-funnel-for-planter.webp\" alt=\"Funil de sementes para plantador\" class=\"wp-image-90\" srcset=\"https:\/\/corn-machines.com\/wp-content\/uploads\/2022\/09\/Seed-funnel-for-planter.webp 720w, https:\/\/corn-machines.com\/wp-content\/uploads\/2022\/09\/Seed-funnel-for-planter-300x225.webp 300w\" sizes=\"auto, (max-width: 720px) 100vw, 720px\" \/><figcaption class=\"wp-element-caption\">alimentador de semeador de milho<\/figcaption><\/figure> <\/figure>    <h2 class=\"wp-block-heading\" id=\"h-advantages-of-gasoline-hand-push-planter\">Vantagens da plantadeira manual a gasolina<\/h2>    <ol class=\"wp-block-list\"> <li><strong>Acessibilidade:<\/strong> As plantadeiras manuais s\u00e3o geralmente mais acess\u00edveis em compara\u00e7\u00e3o com as plantadeiras motorizadas maiores. Isto torna-os acess\u00edveis aos pequenos agricultores com or\u00e7amentos limitados, proporcionando uma solu\u00e7\u00e3o econ\u00f3mica para as necessidades de planta\u00e7\u00e3o.<\/li>    <li><strong>Simplicidade e facilidade de uso:<\/strong> Essas plantadeiras s\u00e3o projetadas pensando na simplicidade, tornando-as f\u00e1ceis de usar, mesmo para indiv\u00edduos sem vasta experi\u00eancia em m\u00e1quinas agr\u00edcolas. \u00c9 necess\u00e1ria uma forma\u00e7\u00e3o m\u00ednima, permitindo aos agricultores adot\u00e1-las e integr\u00e1-las rapidamente nos seus processos de planta\u00e7\u00e3o.<\/li>    <li><strong>Portabilidade:<\/strong> As plantadeiras manuais s\u00e3o leves e port\u00e1teis, permitindo que os agricultores as movam facilmente pelo campo. Esta portabilidade \u00e9 vantajosa em \u00e1reas com terreno irregular ou terrenos pequenos onde a manobra de m\u00e1quinas maiores pode ser um desafio.<\/li>    <li><strong>Plantio de Precis\u00e3o:<\/strong> Apesar de serem operadas manualmente, as plantadeiras manuais podem oferecer um n\u00edvel de precis\u00e3o na coloca\u00e7\u00e3o das sementes. Isto \u00e9 essencial para otimizar o crescimento das plantas, garantir o uso eficiente das sementes e maximizar o rendimento das culturas.<\/li> <\/ol>    <figure class=\"wp-block-image size-full\"><img loading=\"lazy\" decoding=\"async\" width=\"720\" height=\"540\" src=\"https:\/\/corn-machines.com\/wp-content\/uploads\/2022\/09\/corn-planting.webp\" alt=\"plantio de milho\" class=\"wp-image-80\" srcset=\"https:\/\/corn-machines.com\/wp-content\/uploads\/2022\/09\/corn-planting.webp 720w, https:\/\/corn-machines.com\/wp-content\/uploads\/2022\/09\/corn-planting-300x225.webp 300w\" sizes=\"auto, (max-width: 720px) 100vw, 720px\" \/><figcaption class=\"wp-element-caption\">plantio de milho<\/figcaption><\/figure>    <h2 class=\"wp-block-heading\">Perguntas frequentes sobre nossa m\u00e1quina semeadora de milho<\/h2>   <div id=\"rank-math-faq\" class=\"rank-math-block\"> <div class=\"rank-math-list\"> <div id=\"faq-question-1704439665626\" class=\"rank-math-list-item\"> <h3 class=\"rank-math-question\"><strong>Qual a quantidade m\u00ednima de pedido a ser enviada?<\/strong><\/h3> <div class=\"rank-math-answer\">  <p>A quantidade m\u00ednima de compra \u00e9 de 20 pe\u00e7as.<\/p>  <\/div> <\/div> <div id=\"faq-question-1704439674339\" class=\"rank-math-list-item\"> <h3 class=\"rank-math-question\"><strong>Que gr\u00e3os um pequeno plantador pode semear?<\/strong><\/h3> <div class=\"rank-math-answer\">  <p>Trigo, algod\u00e3o, sorgo, amendoim, feij\u00e3o, colza, etc.<\/p>  <\/div> <\/div> <div id=\"faq-question-1704439692227\" class=\"rank-math-list-item\"> <h3 class=\"rank-math-question\"><strong>Quanto tempo voc\u00ea pode entregar a m\u00e1quina?<\/strong><\/h3> <div class=\"rank-math-answer\">  <p>De modo geral, ap\u00f3s receber o dep\u00f3sito, precisamos de uma semana para providenciar a mercadoria.<\/p>  <\/div> <\/div> <div id=\"faq-question-1704439708401\" class=\"rank-math-list-item\"> <h3 class=\"rank-math-question\"><strong>Qual m\u00e9todo de envio voc\u00ea usa?<\/strong><\/h3> <div class=\"rank-math-answer\">  <p>Geralmente por mar. Informe-nos se voc\u00ea tiver outros requisitos. Organizaremos o m\u00e9todo de envio mais adequado.<\/p>  <\/div> <\/div> <div id=\"faq-question-1704439724753\" class=\"rank-math-list-item\"> <h3 class=\"rank-math-question\"><strong>O manual \u00e9 em Chin\u00eas ou Ingl\u00eas?<\/strong><\/h3> <div class=\"rank-math-answer\">  <p>Anexaremos o manual de instru\u00e7\u00f5es em ingl\u00eas e enviaremos o v\u00eddeo de opera\u00e7\u00e3o.<\/p>  <\/div> <\/div> <\/div> <\/div>   <figure class=\"wp-block-image size-full\"><img loading=\"lazy\" decoding=\"async\" width=\"720\" height=\"540\" src=\"https:\/\/corn-machines.com\/wp-content\/uploads\/2022\/09\/gasoline-hand-push-planter-1.webp\" alt=\"plantador de milho manual exportado\" class=\"wp-image-91\" srcset=\"https:\/\/corn-machines.com\/wp-content\/uploads\/2022\/09\/gasoline-hand-push-planter-1.webp 720w, https:\/\/corn-machines.com\/wp-content\/uploads\/2022\/09\/gasoline-hand-push-planter-1-300x225.webp 300w\" sizes=\"auto, (max-width: 720px) 100vw, 720px\" \/><figcaption class=\"wp-element-caption\">plantador de milho manual exportado<\/figcaption><\/figure>    <h2 class=\"wp-block-heading\">Invista em nosso plantador manual de sementes de milho<\/h2>    <p>Invista agora em nosso plantador manual de sementes de milho para enfrentar os desafios da agricultura futura e obter rendimentos mais elevados e maior efici\u00eancia na produ\u00e7\u00e3o agr\u00edcola. Sinta-se \u00e0 vontade para entrar em contato em caso de d\u00favidas; nossos gerentes de neg\u00f3cios est\u00e3o prontos para lhe fornecer respostas profissionais. <\/p>    <p>Entre em contato com nossa equipe de vendas para mais detalhes e ofertas especiais. Junte-se a n\u00f3s na jornada rumo ao auge da tecnologia agr\u00edcola, moldando juntos um futuro mais brilhante para a agricultura!<\/p>","protected":false},"excerpt":{"rendered":"<p>A pequena m\u00e1quina de semear milho \u00e9 uma m\u00e1quina de produ\u00e7\u00e3o agr\u00edcola utilizada para o plantio de milho. Ao usar a semeadora, a taxa de germina\u00e7\u00e3o do milho e a ordem de disposi\u00e7\u00e3o do milho s\u00e3o melhoradas.<\/p>","protected":false},"author":1,"featured_media":79,"parent":0,"template":"","tags":[30,13],"product-type":[2],"class_list":["post-76","product","type-product","status-publish","has-post-thumbnail","hentry","tag-corn-planting-machine","tag-corn-seeding-machine","product-type-corn-planting-machine"],"_links":{"self":[{"href":"https:\/\/corn-machines.com\/pt\/wp-json\/wp\/v2\/product\/76","targetHints":{"allow":["GET"]}}],"collection":[{"href":"https:\/\/corn-machines.com\/pt\/wp-json\/wp\/v2\/product"}],"about":[{"href":"https:\/\/corn-machines.com\/pt\/wp-json\/wp\/v2\/types\/product"}],"author":[{"embeddable":true,"href":"https:\/\/corn-machines.com\/pt\/wp-json\/wp\/v2\/users\/1"}],"wp:featuredmedia":[{"embeddable":true,"href":"https:\/\/corn-machines.com\/pt\/wp-json\/wp\/v2\/media\/79"}],"wp:attachment":[{"href":"https:\/\/corn-machines.com\/pt\/wp-json\/wp\/v2\/media?parent=76"}],"wp:term":[{"taxonomy":"post_tag","embeddable":true,"href":"https:\/\/corn-machines.com\/pt\/wp-json\/wp\/v2\/tags?post=76"},{"taxonomy":"product-type","embeddable":true,"href":"https:\/\/corn-machines.com\/pt\/wp-json\/wp\/v2\/product-type?post=76"}],"curies":[{"name":"wp","href":"https:\/\/api.w.org\/{rel}","templated":true}]}}