{"id":749,"date":"2025-08-07T16:14:31","date_gmt":"2025-08-07T08:14:31","guid":{"rendered":"https:\/\/corn-machines.com\/?post_type=product&#038;p=749"},"modified":"2025-08-21T18:21:23","modified_gmt":"2025-08-21T10:21:23","slug":"multifunctional-corn-thresher","status":"publish","type":"product","link":"https:\/\/corn-machines.com\/pt\/product\/multifunctional-corn-thresher\/","title":{"rendered":"Debulhadora de milho multifuncional para milho, pain\u00e7o, sorgo"},"content":{"rendered":"<p class=\"translation-block\">O <strong>debulhador de milho<\/strong> multifuncional \u00e9 uma m\u00e1quina agr\u00edcola moderna com amplas aplica\u00e7\u00f5es e alta efici\u00eancia. A sua principal fun\u00e7\u00e3o \u00e9 debulhar gr\u00e3os de forma r\u00e1pida e eficiente. Este debulhador de milho n\u00e3o \u00e9 apenas adequado para milho, mas tamb\u00e9m para outros gr\u00e3os como trigo, sorgo e soja. A sua capacidade de produ\u00e7\u00e3o pode atingir 2-6t\/h, a taxa de debulha pode atingir 98% e a taxa de quebra \u00e9 inferior a 1,5%.<\/p>    <p>Esta debulhadora de gr\u00e3os tem sido uma escolha popular entre os clientes em v\u00e1rias regi\u00f5es, incluindo Eti\u00f3pia e Nicar\u00e1gua. Os clientes que a compraram elogiaram consistentemente a sua alta efici\u00eancia.<\/p>    <figure class=\"wp-block-embed is-type-video is-provider-youtube wp-block-embed-youtube wp-embed-aspect-16-9 wp-has-aspect-ratio\"><div class=\"wp-block-embed__wrapper\"> <iframe loading=\"lazy\" title=\"Debulhador de Milho Multifuncional | Debulhadora Multifuncional para Milho, Milheto, Sorgo, Soja\" width=\"500\" height=\"281\" src=\"https:\/\/www.youtube.com\/embed\/0Yt9iAhSbVU?feature=oembed\" frameborder=\"0\" allow=\"accelerometer; autoplay; clipboard-write; encrypted-media; gyroscope; picture-in-picture; web-share\" referrerpolicy=\"strict-origin-when-cross-origin\" allowfullscreen><\/iframe> <\/div><figcaption class=\"wp-element-caption\">processo de trabalho do debulhador multifuncional<\/figcaption><\/figure>    <h2 class=\"wp-block-heading\"><strong>Par\u00e2metros do threshing multifuncional<\/strong><\/h2>    <p class=\"translation-block\">O modelo mais vendido deste <strong>debulhador de milho<\/strong> \u00e9 o 5TD-1000. Pode ser equipado com motor a diesel, motor el\u00e9trico e TDF, o que n\u00e3o \u00e9 limitado pela eletricidade e \u00e9 adequado para v\u00e1rias regi\u00f5es. Os seus par\u00e2metros espec\u00edficos s\u00e3o os seguintes:<\/p>    <figure class=\"wp-block-table\"><table class=\"has-fixed-layout\"><tbody><tr><td>Modelo<\/td><td>5TD-1000<\/td><\/tr><tr><td>Poder<\/td><td>Motor a diesel de 15 cv, motor de 11 kW, TDF<\/td><\/tr><tr><td>Capacidade<\/td><td>0,5-4t\/h<\/td><\/tr><tr><td>Peso<\/td><td>650kg<\/td><\/tr><tr><td>Tamanho geral<\/td><td>3400 mm*2100 mm*1980 mm<\/td><\/tr><\/tbody><\/table><figcaption class=\"wp-element-caption\">par\u00e2metros do debulhador multifuncional 5TD-1000<\/figcaption><\/figure>    <h2 class=\"wp-block-heading\"><strong>Estrutura do debulhador de milho<\/strong> m\u00e1quina<\/h2>    <p>A debulhadora multifuncional de milho tem uma estrutura compacta, que \u00e9 composta principalmente pela entrada, sa\u00edda da espiga de milho, sa\u00edda do gr\u00e3o de milho, ventilador, etc. Al\u00e9m disso, tamb\u00e9m pode ser equipada com uma estrutura de tra\u00e7\u00e3o e rodas grandes, que podem puxar a m\u00e1quina para onde voc\u00ea precisar para debulhar.<\/p>    <figure class=\"wp-block-gallery has-nested-images columns-default is-cropped wp-block-gallery-2 is-layout-flex wp-block-gallery-is-layout-flex\"> <figure class=\"wp-block-image size-large\"><img loading=\"lazy\" decoding=\"async\" width=\"720\" height=\"540\" data-id=\"757\" src=\"https:\/\/corn-machines.com\/wp-content\/uploads\/2025\/08\/structure-of-multifunctional-crop-thresher.webp\" alt=\"estrutura do debulhador multifuncional de culturas\" class=\"wp-image-757\" srcset=\"https:\/\/corn-machines.com\/wp-content\/uploads\/2025\/08\/structure-of-multifunctional-crop-thresher.webp 720w, https:\/\/corn-machines.com\/wp-content\/uploads\/2025\/08\/structure-of-multifunctional-crop-thresher-300x225.webp 300w, https:\/\/corn-machines.com\/wp-content\/uploads\/2025\/08\/structure-of-multifunctional-crop-thresher-16x12.webp 16w\" sizes=\"auto, (max-width: 720px) 100vw, 720px\" \/><figcaption class=\"wp-element-caption\">estrutura do debulhador multifuncional de culturas<\/figcaption><\/figure>    <figure class=\"wp-block-image size-large\"><img loading=\"lazy\" decoding=\"async\" width=\"720\" height=\"540\" data-id=\"751\" src=\"https:\/\/corn-machines.com\/wp-content\/uploads\/2025\/08\/millet-thresher.webp\" alt=\"exibi\u00e7\u00e3o do debulhador de milheto\" class=\"wp-image-751\" srcset=\"https:\/\/corn-machines.com\/wp-content\/uploads\/2025\/08\/millet-thresher.webp 720w, https:\/\/corn-machines.com\/wp-content\/uploads\/2025\/08\/millet-thresher-300x225.webp 300w, https:\/\/corn-machines.com\/wp-content\/uploads\/2025\/08\/millet-thresher-16x12.webp 16w\" sizes=\"auto, (max-width: 720px) 100vw, 720px\" \/><figcaption class=\"wp-element-caption\">debulhador de milheto<\/figcaption><\/figure> <\/figure>    <h2 class=\"wp-block-heading\"><strong>Vantagens da m\u00e1quina de debulhar multifuncional<\/strong><\/h2>    <ul class=\"wp-block-list\"> <li><strong>Ampla aplica\u00e7\u00e3o<\/strong>: Comparado aos tradicionais, <a href=\"https:\/\/corn-machines.com\/pt\/product\/corn-shelling-machine\/\">debulhador de milho<\/a>, os debulhadores multifuncionais t\u00eam uma gama mais ampla de aplica\u00e7\u00f5es. Eles podem ser usados para milho, sorgo, arroz, milheto, trigo, soja e outros gr\u00e3os. Uma \u00fanica m\u00e1quina pode debulhar uma variedade de gr\u00e3os.<\/li>    <li><strong>Alta qualidade de debulha<\/strong>: Este debulhador multifuncional de milheto alcan\u00e7a uma taxa de debulha superior a 98%, com uma taxa de quebra inferior a 1,5%, garantindo a integridade do gr\u00e3o e minimizando a perda de gr\u00e3os.<\/li>    <li><strong>Opera\u00e7\u00e3o f\u00e1cil<\/strong>: Os debulhadores de culturas multifuncionais s\u00e3o tipicamente simples em design e f\u00e1ceis de operar, permitindo que os usu\u00e1rios dominem rapidamente o processo. Uma pessoa pode oper\u00e1-lo.<\/li>    <li><strong>Economia de m\u00e3o de obra<\/strong>: Comparado \u00e0 debulha manual tradicional, o debulhador de milho multifuncional pode reduzir significativamente a intensidade do trabalho, especialmente em opera\u00e7\u00f5es agr\u00edcolas em grande escala, economizando m\u00e3o de obra significativa.<\/li> <\/ul>   <div class=\"wp-block-image\"> <figure class=\"aligncenter size-full\"><img loading=\"lazy\" decoding=\"async\" width=\"720\" height=\"540\" src=\"https:\/\/corn-machines.com\/wp-content\/uploads\/2025\/08\/multipurpose-thresher-1.webp\" alt=\"exibi\u00e7\u00e3o do debulhador multiusos\" class=\"wp-image-756\" srcset=\"https:\/\/corn-machines.com\/wp-content\/uploads\/2025\/08\/multipurpose-thresher-1.webp 720w, https:\/\/corn-machines.com\/wp-content\/uploads\/2025\/08\/multipurpose-thresher-1-300x225.webp 300w, https:\/\/corn-machines.com\/wp-content\/uploads\/2025\/08\/multipurpose-thresher-1-16x12.webp 16w\" sizes=\"auto, (max-width: 720px) 100vw, 720px\" \/><figcaption class=\"wp-element-caption\">debulhadora polivalente<\/figcaption><\/figure> <\/div>   <h2 class=\"wp-block-heading\"><strong>Aplica\u00e7\u00e3o da threshing multifuncional de milho <\/strong><\/h2>    <p>A m\u00e1quina de debulha de gr\u00e3os Taizy \u00e9 amplamente utilizada, n\u00e3o apenas para milho, mas tamb\u00e9m para v\u00e1rios tipos de gr\u00e3os, como trigo, soja, milhete, sorgo e arroz.<\/p>   <div class=\"wp-block-image\"> <figure class=\"aligncenter size-full\"><img loading=\"lazy\" decoding=\"async\" width=\"720\" height=\"540\" src=\"https:\/\/corn-machines.com\/wp-content\/uploads\/2025\/08\/application-of-multifunction-maize-thresher.webp\" alt=\"aplica\u00e7\u00e3o da debulhadora multifuncional de milho\" class=\"wp-image-750\" srcset=\"https:\/\/corn-machines.com\/wp-content\/uploads\/2025\/08\/application-of-multifunction-maize-thresher.webp 720w, https:\/\/corn-machines.com\/wp-content\/uploads\/2025\/08\/application-of-multifunction-maize-thresher-300x225.webp 300w, https:\/\/corn-machines.com\/wp-content\/uploads\/2025\/08\/application-of-multifunction-maize-thresher-16x12.webp 16w\" sizes=\"auto, (max-width: 720px) 100vw, 720px\" \/><figcaption class=\"wp-element-caption\">aplica\u00e7\u00e3o da debulhadora multifuncional de milho<\/figcaption><\/figure> <\/div>   <h2 class=\"wp-block-heading\"><strong>Instala\u00e7\u00e3o e uso da threshing multifuncional de milho <\/strong><\/h2>    <ul class=\"wp-block-list\"> <li>Para facilitar o transporte, minimizamos o tamanho da m\u00e1quina e desmontamos alguns componentes para envio. Ao usar, reassemble de acordo com o diagrama esquem\u00e1tico.<\/li>    <li>Antes da opera\u00e7\u00e3o, verifique cuidadosamente todas as fixa\u00e7\u00f5es quanto a folgas, a flexibilidade das pe\u00e7as rotativas e a presen\u00e7a de objetos estranhos no tambor do ventilador. Gire a correia para verificar se h\u00e1 atrito ou colis\u00e3o, em seguida, execute a m\u00e1quina sem carga. S\u00f3 ligue a m\u00e1quina ap\u00f3s confirmar que tudo est\u00e1 funcionando normalmente.<\/li>    <li>Antes de cada opera\u00e7\u00e3o, lubrifique completamente os rolamentos e encha o motor a diesel com \u00f3leo suficiente. Deixe em marcha lenta por alguns minutos e aguarde at\u00e9 que funcione normalmente antes de alimentar.<\/li>    <li>\u00c9 estritamente proibido o excesso de velocidade para evitar acidentes.<\/li>    <li>Enquanto a m\u00e1quina estiver em funcionamento, n\u00e3o coloque as m\u00e3os em nenhuma pe\u00e7a rotativa para ajustar, solucionar problemas ou inspecionar a m\u00e1quina.<\/li>    <li>O milho n\u00e3o deve estar muito h\u00famido durante a opera\u00e7\u00e3o.<\/li>    <li>Ap\u00f3s a opera\u00e7\u00e3o, limpe o interior da m\u00e1quina e lubrifique e mantenha todas as pe\u00e7as lubrificadas. Quando n\u00e3o for usada por um longo per\u00edodo, guarde-a em um local seco e ventilado, protegido da chuva e da humidade.<\/li> <\/ul>    <figure class=\"wp-block-gallery has-nested-images columns-default is-cropped wp-block-gallery-3 is-layout-flex wp-block-gallery-is-layout-flex\"> <figure class=\"wp-block-image size-full\"><img loading=\"lazy\" decoding=\"async\" width=\"720\" height=\"540\" data-id=\"818\" src=\"https:\/\/corn-machines.com\/wp-content\/uploads\/2025\/08\/multifunctional-threshing-machine-2.webp\" alt=\"m\u00e1quina de debulha multifuncional\" class=\"wp-image-818\" srcset=\"https:\/\/corn-machines.com\/wp-content\/uploads\/2025\/08\/multifunctional-threshing-machine-2.webp 720w, https:\/\/corn-machines.com\/wp-content\/uploads\/2025\/08\/multifunctional-threshing-machine-2-300x225.webp 300w, https:\/\/corn-machines.com\/wp-content\/uploads\/2025\/08\/multifunctional-threshing-machine-2-16x12.webp 16w\" sizes=\"auto, (max-width: 720px) 100vw, 720px\" \/><figcaption class=\"wp-element-caption\">m\u00e1quina de debulha multifuncional<\/figcaption><\/figure>    <figure class=\"wp-block-image size-large\"><img loading=\"lazy\" decoding=\"async\" width=\"720\" height=\"540\" data-id=\"752\" src=\"https:\/\/corn-machines.com\/wp-content\/uploads\/2025\/08\/multifunction-corn-thresher.webp\" alt=\"Debulhador de milho multifuncional\" class=\"wp-image-752\" srcset=\"https:\/\/corn-machines.com\/wp-content\/uploads\/2025\/08\/multifunction-corn-thresher.webp 720w, https:\/\/corn-machines.com\/wp-content\/uploads\/2025\/08\/multifunction-corn-thresher-300x225.webp 300w, https:\/\/corn-machines.com\/wp-content\/uploads\/2025\/08\/multifunction-corn-thresher-16x12.webp 16w\" sizes=\"auto, (max-width: 720px) 100vw, 720px\" \/><figcaption class=\"wp-element-caption\">debulhador de milho multifuncional<\/figcaption><\/figure> <\/figure>    <h2 class=\"wp-block-heading\"><strong>Caso de sucesso da threshing multifuncional de milho<\/strong><\/h2>    <p>A m\u00e1quina de debulha multifuncional Taizy tem sido favorecida por clientes em todo o mundo devido \u00e0s suas excelentes vantagens. Um cliente na Nicar\u00e1gua encomendou cinco m\u00e1quinas de debulha de milho.<\/p>    <p>O cliente possui uma fazenda onde cultiva uma variedade de culturas. Para melhorar a efici\u00eancia de debulha de v\u00e1rios gr\u00e3os, ele nos consultou sobre esta m\u00e1quina. Ap\u00f3s v\u00e1rias rodadas de comunica\u00e7\u00e3o, o cliente encomendou cinco descaro\u00e7adores multifuncionais. Ao receber as m\u00e1quinas, o cliente imediatamente as colocou para trabalhar na debulha e expressou sua satisfa\u00e7\u00e3o. Ele comentou que as m\u00e1quinas n\u00e3o apenas melhoraram sua produtividade, mas tamb\u00e9m economizaram significativamente seu tempo e m\u00e3o de obra.<\/p>   <div class=\"wp-block-image\"> <figure class=\"aligncenter size-full\"><img loading=\"lazy\" decoding=\"async\" width=\"720\" height=\"540\" src=\"https:\/\/corn-machines.com\/wp-content\/uploads\/2025\/08\/Transportation-of-multipurpose-thresher.webp\" alt=\"transporte de debulhadora multifuncional\" class=\"wp-image-740\" srcset=\"https:\/\/corn-machines.com\/wp-content\/uploads\/2025\/08\/Transportation-of-multipurpose-thresher.webp 720w, https:\/\/corn-machines.com\/wp-content\/uploads\/2025\/08\/Transportation-of-multipurpose-thresher-300x225.webp 300w, https:\/\/corn-machines.com\/wp-content\/uploads\/2025\/08\/Transportation-of-multipurpose-thresher-16x12.webp 16w\" sizes=\"auto, (max-width: 720px) 100vw, 720px\" \/><figcaption class=\"wp-element-caption\">transporte de debulhadora multifuncional<\/figcaption><\/figure> <\/div>   <h2 class=\"wp-block-heading\"><strong>Contacte-nos agora!<\/strong><\/h2>    <p class=\"translation-block\">Se procura melhorar a efici\u00eancia da debulha de gr\u00e3os ou expandir para novos setores agr\u00edcolas, a debulhadora multifuncional de culturas \u00e9 uma ferramenta essencial. Como o fornecedor mais confi\u00e1vel de <strong>debulhadoras de milho<\/strong> multifuncionais na ind\u00fastria, a nossa empresa d\u00e1 prioridade \u00e0 qualidade do produto e \u00e0 satisfa\u00e7\u00e3o do cliente. Produzimos e vendemos os nossos produtos por n\u00f3s pr\u00f3prios, pelo que temos uma grande vantagem de pre\u00e7o. Bem-vindo(a) a contactar-nos, e forneceremos informa\u00e7\u00f5es mais detalhadas.<\/p>","protected":false},"excerpt":{"rendered":"<p>Este artigo foca nas especifica\u00e7\u00f5es, estrutura, vantagens e aplica\u00e7\u00f5es de um debulhador de milho multifuncional. Ele possui uma efici\u00eancia de debulha de 98% e uma taxa de quebra de menos de 1,5%, o que melhora significativamente a efici\u00eancia do debulhamento de gr\u00e3os.<\/p>","protected":false},"author":1,"featured_media":753,"parent":0,"template":"","tags":[42,55,52,61,59],"product-type":[4],"class_list":["post-749","product","type-product","status-publish","has-post-thumbnail","hentry","tag-corn","tag-corn-threshing","tag-grain","tag-millet","tag-soybean","product-type-corn-thresher-machine"],"_links":{"self":[{"href":"https:\/\/corn-machines.com\/pt\/wp-json\/wp\/v2\/product\/749","targetHints":{"allow":["GET"]}}],"collection":[{"href":"https:\/\/corn-machines.com\/pt\/wp-json\/wp\/v2\/product"}],"about":[{"href":"https:\/\/corn-machines.com\/pt\/wp-json\/wp\/v2\/types\/product"}],"author":[{"embeddable":true,"href":"https:\/\/corn-machines.com\/pt\/wp-json\/wp\/v2\/users\/1"}],"wp:featuredmedia":[{"embeddable":true,"href":"https:\/\/corn-machines.com\/pt\/wp-json\/wp\/v2\/media\/753"}],"wp:attachment":[{"href":"https:\/\/corn-machines.com\/pt\/wp-json\/wp\/v2\/media?parent=749"}],"wp:term":[{"taxonomy":"post_tag","embeddable":true,"href":"https:\/\/corn-machines.com\/pt\/wp-json\/wp\/v2\/tags?post=749"},{"taxonomy":"product-type","embeddable":true,"href":"https:\/\/corn-machines.com\/pt\/wp-json\/wp\/v2\/product-type?post=749"}],"curies":[{"name":"wp","href":"https:\/\/api.w.org\/{rel}","templated":true}]}}