{"id":706,"date":"2025-08-05T08:58:53","date_gmt":"2025-08-05T00:58:53","guid":{"rendered":"https:\/\/corn-machines.com\/?post_type=product&#038;p=706"},"modified":"2025-11-04T13:36:20","modified_gmt":"2025-11-04T05:36:20","slug":"mobile-grain-dryer-for-drying-grain","status":"publish","type":"product","link":"https:\/\/corn-machines.com\/pt\/product\/mobile-grain-dryer-for-drying-grain\/","title":{"rendered":"Secador de gr\u00e3os m\u00f3vel para secagem de colheitas"},"content":{"rendered":"<p class=\"translation-block\">O <strong>secador m\u00f3vel de gr\u00e3os<\/strong> pode remover rapidamente a humidade de v\u00e1rios gr\u00e3os, garantindo que atinjam um teor de humidade seguro antes do armazenamento. \u00c9 adequado para uma vasta gama de gr\u00e3os, incluindo arroz, trigo, milho, soja, etc.<\/p>    <p>O nosso secador m\u00f3vel de milho \u00e9 altamente eficiente, com uma capacidade de 10-240 toneladas\/24 horas, satisfazendo as necessidades de instala\u00e7\u00f5es de produ\u00e7\u00e3o maiores. O silo do secador \u00e9 constru\u00eddo em a\u00e7o inoxid\u00e1vel resistente \u00e0 ferrugem, duro e ao desgaste, garantindo uma longa vida \u00fatil. Se procura um secador de milho, o secador m\u00f3vel de milho Taizy \u00e9 uma excelente escolha. Contacte-nos para informa\u00e7\u00f5es detalhadas.<\/p>    <figure class=\"wp-block-embed is-type-video is-provider-youtube wp-block-embed-youtube wp-embed-aspect-16-9 wp-has-aspect-ratio\"><div class=\"wp-block-embed__wrapper\"> <iframe loading=\"lazy\" title=\"A Hot-Selling Mobile Grain Drying Machine With A Capacity Of 10-240 tons\/24h #graindryer #farming\" width=\"500\" height=\"281\" src=\"https:\/\/www.youtube.com\/embed\/xObmWqhUEqM?feature=oembed\" frameborder=\"0\" allow=\"accelerometer; autoplay; clipboard-write; encrypted-media; gyroscope; picture-in-picture; web-share\" referrerpolicy=\"strict-origin-when-cross-origin\" allowfullscreen><\/iframe> <\/div><figcaption class=\"wp-element-caption\">processo de trabalho da m\u00e1quina m\u00f3vel de secagem de gr\u00e3os<\/figcaption><\/figure>    <h2 class=\"wp-block-heading\"><strong>Modelos de m\u00e1quinas m\u00f3veis de secagem de gr\u00e3os<\/strong><\/h2>    <p class=\"translation-block\">Existem dois tipos de <strong>secadores m\u00f3veis de gr\u00e3os<\/strong>: secadores de cuba \u00fanica e secadores de cuba dupla. A capacidade desta m\u00e1quina varia de 10 toneladas\/24 horas a 240 toneladas, permitindo que escolha o modelo que melhor se adapta \u00e0s suas necessidades.<\/p>    <p>Secador de gr\u00e3os com bin \u00fanico:<\/p>    <figure class=\"wp-block-table\"><table class=\"has-fixed-layout\"><tbody><tr><td class=\"has-text-align-center\" data-align=\"center\"><strong>Modelo<\/strong><\/td><td class=\"has-text-align-center\" data-align=\"center\"><strong>Pot\u00eancia (KW)<\/strong><\/td><td class=\"has-text-align-center\" data-align=\"center\"><strong>Peso (Ton)<\/strong><\/td><td class=\"has-text-align-center\" data-align=\"center\"><strong>Tamanho (mm)<\/strong><\/td><td class=\"has-text-align-center\" data-align=\"center\"><strong>Sa\u00edda (24 horas)<\/strong><\/td><\/tr><tr><td class=\"has-text-align-center\" data-align=\"center\">2T<\/td><td class=\"has-text-align-center\" data-align=\"center\">11<\/td><td class=\"has-text-align-center\" data-align=\"center\">2.8<\/td><td class=\"has-text-align-center\" data-align=\"center\">5100*2000*3800<\/td><td class=\"has-text-align-center\" data-align=\"center\">20T<\/td><\/tr><tr><td class=\"has-text-align-center\" data-align=\"center\">4T<\/td><td class=\"has-text-align-center\" data-align=\"center\">19<\/td><td class=\"has-text-align-center\" data-align=\"center\">4.5<\/td><td class=\"has-text-align-center\" data-align=\"center\">5400*2100*3900<\/td><td class=\"has-text-align-center\" data-align=\"center\">40T<\/td><\/tr><tr><td class=\"has-text-align-center\" data-align=\"center\">6T<\/td><td class=\"has-text-align-center\" data-align=\"center\">24<\/td><td class=\"has-text-align-center\" data-align=\"center\">5.3<\/td><td class=\"has-text-align-center\" data-align=\"center\">5600*2100*4300<\/td><td class=\"has-text-align-center\" data-align=\"center\">60T<\/td><\/tr><tr><td class=\"has-text-align-center\" data-align=\"center\">8T<\/td><td class=\"has-text-align-center\" data-align=\"center\">28<\/td><td class=\"has-text-align-center\" data-align=\"center\">6.5<\/td><td class=\"has-text-align-center\" data-align=\"center\">6000*2100*5800<\/td><td class=\"has-text-align-center\" data-align=\"center\">80T<\/td><\/tr><tr><td class=\"has-text-align-center\" data-align=\"center\">10T<\/td><td class=\"has-text-align-center\" data-align=\"center\">32<\/td><td class=\"has-text-align-center\" data-align=\"center\">7.4<\/td><td class=\"has-text-align-center\" data-align=\"center\">6200*2100*6400<\/td><td class=\"has-text-align-center\" data-align=\"center\">100T<\/td><\/tr><\/tbody><\/table><figcaption class=\"wp-element-caption\">Par\u00e2metros das m\u00e1quinas de secagem de cereais de um \u00fanico silo<\/figcaption><\/figure>    <h2 class=\"wp-block-heading\"><strong>Vantagens do secador de cereais m\u00f3vel Taizy<\/strong><\/h2>    <ul class=\"wp-block-list\"> <li><strong>Longa vida \u00fatil<\/strong>O silo da secadora \u00e9 feito de a\u00e7o inoxid\u00e1vel, que \u00e9 resistente \u00e0 corros\u00e3o, duro e resistente ao desgaste. Tem uma vida \u00fatil mais longa do que as secadoras feitas de materiais convencionais.<\/li>    <li><strong>Ampla aplica\u00e7\u00e3o<\/strong>: Tem uma ampla gama de aplica\u00e7\u00f5es, e os gr\u00e3os aplic\u00e1veis incluem milho, trigo, feij\u00e3o, arroz, sorgo, milheto, colza, etc.<\/li>    <li><strong>F\u00e1cil de mover<\/strong>O secador m\u00f3vel \u00e9 f\u00e1cil de operar e pode ser rebocado para facilitar a mobilidade. Quando n\u00e3o est\u00e1 em uso, pode ser movido para dentro do armaz\u00e9m para proteg\u00ea-lo do vento e do sol.<\/li>    <li><strong>Alta efici\u00eancia<\/strong>O <strong>secador de gr\u00e3os m\u00f3vel<\/strong> apresenta alta efici\u00eancia de secagem, com uma capacidade de 10-240 toneladas por 24 horas.<\/li>    <li><strong>Garantia p\u00f3s-venda<\/strong>A m\u00e1quina inteira vem com uma garantia de um ano. Temos uma equipe profissional de p\u00f3s-venda e suporte t\u00e9cnico, incluindo servi\u00e7os de instala\u00e7\u00e3o e comissionamento no local.<\/li>    <li><strong>Competitividade de pre\u00e7os<\/strong>: A Taizy produz e vende os seus pr\u00f3prios secadores m\u00f3veis, pelo que tem uma forte competitividade de pre\u00e7os no mercado.<\/li> <\/ul>   <div class=\"wp-block-image\"> <figure class=\"aligncenter size-full\"><img loading=\"lazy\" decoding=\"async\" width=\"720\" height=\"540\" src=\"https:\/\/corn-machines.com\/wp-content\/uploads\/2025\/08\/mobile-corn-dryer.webp\" alt=\"o secador de milho m\u00f3vel em exibi\u00e7\u00e3o\" class=\"wp-image-709\" srcset=\"https:\/\/corn-machines.com\/wp-content\/uploads\/2025\/08\/mobile-corn-dryer.webp 720w, https:\/\/corn-machines.com\/wp-content\/uploads\/2025\/08\/mobile-corn-dryer-300x225.webp 300w, https:\/\/corn-machines.com\/wp-content\/uploads\/2025\/08\/mobile-corn-dryer-16x12.webp 16w\" sizes=\"auto, (max-width: 720px) 100vw, 720px\" \/><figcaption class=\"wp-element-caption\">secador de milho m\u00f3vel<\/figcaption><\/figure> <\/div>   <h2 class=\"wp-block-heading\"><strong>A estrutura do secador autom\u00e1tico de gr\u00e3os<\/strong><\/h2>    <p class=\"translation-block\">O <strong>secador m\u00f3vel de gr\u00e3os<\/strong> consiste num silo, escada, porta de alimenta\u00e7\u00e3o, secador, separador cicl\u00f3nico, secador, cone, rodas e ventoinha. Entre estes, o seu silo \u00e9 feito de a\u00e7o inoxid\u00e1vel, que \u00e9 resistente \u00e0 corros\u00e3o pela chuva, tem alta dureza e \u00e9 forte e resistente ao desgaste.<\/p>   <div class=\"wp-block-image\"> <figure class=\"aligncenter size-full\"><img loading=\"lazy\" decoding=\"async\" width=\"720\" height=\"540\" src=\"https:\/\/corn-machines.com\/wp-content\/uploads\/2025\/08\/the-structure-of-the-grain-drying-machine.webp\" alt=\"a estrutura da m\u00e1quina de secagem de gr\u00e3os\" class=\"wp-image-713\" srcset=\"https:\/\/corn-machines.com\/wp-content\/uploads\/2025\/08\/the-structure-of-the-grain-drying-machine.webp 720w, https:\/\/corn-machines.com\/wp-content\/uploads\/2025\/08\/the-structure-of-the-grain-drying-machine-300x225.webp 300w, https:\/\/corn-machines.com\/wp-content\/uploads\/2025\/08\/the-structure-of-the-grain-drying-machine-16x12.webp 16w\" sizes=\"auto, (max-width: 720px) 100vw, 720px\" \/><figcaption class=\"wp-element-caption\">a estrutura da m\u00e1quina de secagem de gr\u00e3os<\/figcaption><\/figure> <\/div>   <h2 class=\"wp-block-heading\"><strong>A aplica\u00e7\u00e3o da m\u00e1quina de secagem de gr\u00e3os de milho<\/strong><\/h2>    <p class=\"translation-block\">O <strong>secador m\u00f3vel de gr\u00e3os<\/strong> tem uma vasta gama de aplica\u00e7\u00f5es. Pode secar gr\u00e3os como trigo, milho, sorgo, soja e milhete. Os nossos secadores utilizam um fluxo de ar quente de \u00f3leo vegetal para secar o gr\u00e3o, o que n\u00e3o prejudica a qualidade ou a cor do gr\u00e3o.<\/p>   <div class=\"wp-block-image\"> <figure class=\"aligncenter size-full\"><img loading=\"lazy\" decoding=\"async\" width=\"720\" height=\"540\" src=\"https:\/\/corn-machines.com\/wp-content\/uploads\/2025\/08\/application-of-the-mobile-grain-dryer.webp\" alt=\"aplica\u00e7\u00e3o do secador de gr\u00e3os m\u00f3vel\" class=\"wp-image-707\" srcset=\"https:\/\/corn-machines.com\/wp-content\/uploads\/2025\/08\/application-of-the-mobile-grain-dryer.webp 720w, https:\/\/corn-machines.com\/wp-content\/uploads\/2025\/08\/application-of-the-mobile-grain-dryer-300x225.webp 300w, https:\/\/corn-machines.com\/wp-content\/uploads\/2025\/08\/application-of-the-mobile-grain-dryer-16x12.webp 16w\" sizes=\"auto, (max-width: 720px) 100vw, 720px\" \/><figcaption class=\"wp-element-caption\">aplica\u00e7\u00e3o do secador de gr\u00e3os<\/figcaption><\/figure> <\/div>   <h2 class=\"wp-block-heading\"><strong>A diferen\u00e7a entre secador m\u00f3vel e secador torre<\/strong><\/h2>    <p>A vantagem de uma m\u00e1quina de secagem de gr\u00e3os m\u00f3vel \u00e9 que \u00e9 f\u00e1cil de operar e mover, podendo ser puxada para dentro do armaz\u00e9m quando n\u00e3o est\u00e1 em uso. Os silos de gr\u00e3os em a\u00e7o inoxid\u00e1vel tamb\u00e9m n\u00e3o t\u00eam medo de enferrujar e t\u00eam baixos custos de manuten\u00e7\u00e3o.<\/p>    <p class=\"translation-block\"><a href=\"https:\/\/corn-machines.com\/pt\/product\/grain-dryer\/\">Tower dryers<\/a> take up a lot of space and are noisy. They are exposed to the elements year-round, and their annual maintenance costs are higher than those of mobile dryers.<\/p>    <figure class=\"wp-block-table\"><table class=\"has-fixed-layout\"><tbody><tr><td class=\"has-text-align-center\" data-align=\"center\">Tipos<\/td><td class=\"has-text-align-center\" data-align=\"center\">Secador de gr\u00e3os m\u00f3vel<\/td><td class=\"has-text-align-center\" data-align=\"center\">Secador de gr\u00e3os de torre<\/td><\/tr><tr><td class=\"has-text-align-center\" data-align=\"center\">Espa\u00e7o de piso<\/td><td class=\"has-text-align-center\" data-align=\"center\">Pequeno<\/td><td class=\"has-text-align-center\" data-align=\"center\">Grande<\/td><\/tr><tr><td class=\"has-text-align-center\" data-align=\"center\">Custos de manuten\u00e7\u00e3o<\/td><td class=\"has-text-align-center\" data-align=\"center\">Baixo<\/td><td class=\"has-text-align-center\" data-align=\"center\">Alto<\/td><\/tr><tr><td class=\"has-text-align-center\" data-align=\"center\">N\u00edvel de ru\u00eddo<\/td><td class=\"has-text-align-center\" data-align=\"center\">Baixo<\/td><td class=\"has-text-align-center\" data-align=\"center\">Alto<\/td><\/tr><tr><td class=\"has-text-align-center\" data-align=\"center\">Mobilidade<\/td><td class=\"has-text-align-center\" data-align=\"center\">F\u00e1cil<\/td><td class=\"has-text-align-center\" data-align=\"center\">Dif\u00edcil<\/td><\/tr><\/tbody><\/table><figcaption class=\"wp-element-caption\"><strong>: A diferen\u00e7a entre secadores m\u00f3veis de milho e secadores de gr\u00e3os de torre.<\/strong><\/figcaption><\/figure>    <figure class=\"wp-block-gallery has-nested-images columns-default is-cropped wp-block-gallery-2 is-layout-flex wp-block-gallery-is-layout-flex\"> <figure class=\"wp-block-image size-full\"><img loading=\"lazy\" decoding=\"async\" width=\"720\" height=\"540\" data-id=\"715\" src=\"https:\/\/corn-machines.com\/wp-content\/uploads\/2025\/08\/the-tower-grain-dryer-1.webp\" alt=\"secador de gr\u00e3os em torre\" class=\"wp-image-715\" srcset=\"https:\/\/corn-machines.com\/wp-content\/uploads\/2025\/08\/the-tower-grain-dryer-1.webp 720w, https:\/\/corn-machines.com\/wp-content\/uploads\/2025\/08\/the-tower-grain-dryer-1-300x225.webp 300w, https:\/\/corn-machines.com\/wp-content\/uploads\/2025\/08\/the-tower-grain-dryer-1-16x12.webp 16w\" sizes=\"auto, (max-width: 720px) 100vw, 720px\" \/><figcaption class=\"wp-element-caption\">o secador de gr\u00e3os torre<\/figcaption><\/figure>    <figure class=\"wp-block-image size-full\"><img loading=\"lazy\" decoding=\"async\" width=\"720\" height=\"540\" data-id=\"815\" src=\"https:\/\/corn-machines.com\/wp-content\/uploads\/2025\/08\/mobile-corn-drying-machine.webp\" alt=\"exibi\u00e7\u00e3o da m\u00e1quina de secagem de milho m\u00f3vel\" class=\"wp-image-815\" srcset=\"https:\/\/corn-machines.com\/wp-content\/uploads\/2025\/08\/mobile-corn-drying-machine.webp 720w, https:\/\/corn-machines.com\/wp-content\/uploads\/2025\/08\/mobile-corn-drying-machine-300x225.webp 300w, https:\/\/corn-machines.com\/wp-content\/uploads\/2025\/08\/mobile-corn-drying-machine-16x12.webp 16w\" sizes=\"auto, (max-width: 720px) 100vw, 720px\" \/><figcaption class=\"wp-element-caption\">m\u00e1quina de secagem de milho m\u00f3vel<\/figcaption><\/figure> <\/figure>    <h2 class=\"wp-block-heading\"><strong>Quanto custa uma m\u00e1quina de secagem de cereais m\u00f3vel?<\/strong><\/h2>    <p class=\"translation-block\">O pre\u00e7o de um <strong>secador m\u00f3vel de gr\u00e3os<\/strong> \u00e9 influenciado por v\u00e1rios fatores, incluindo o modelo da m\u00e1quina, a capacidade de produ\u00e7\u00e3o, o tipo de queimador e se \u00e9 personaliz\u00e1vel.<\/p>    <p>Modelo e capacidade: Secadores de milho de diferentes modelos e capacidades t\u00eam pre\u00e7os diferentes. De um modo geral, secadores maiores e de maior capacidade s\u00e3o mais caros devido \u00e0 sua maior efici\u00eancia e capacidade.<\/p>    <p>Personaliza\u00e7\u00e3o: Se um secador de gr\u00e3os autom\u00e1tico requer personaliza\u00e7\u00e3o tamb\u00e9m afeta seu pre\u00e7o. Op\u00e7\u00f5es de personaliza\u00e7\u00e3o adicionais, como materiais dur\u00e1veis para ambientes especializados, podem aumentar o pre\u00e7o.<\/p>   <div class=\"wp-block-image\"> <figure class=\"aligncenter size-full\"><img loading=\"lazy\" decoding=\"async\" width=\"720\" height=\"540\" src=\"https:\/\/corn-machines.com\/wp-content\/uploads\/2025\/08\/the-mobile-cereal-drying-machine.webp\" alt=\"a m\u00e1quina de secagem de cereais m\u00f3vel\" class=\"wp-image-712\" srcset=\"https:\/\/corn-machines.com\/wp-content\/uploads\/2025\/08\/the-mobile-cereal-drying-machine.webp 720w, https:\/\/corn-machines.com\/wp-content\/uploads\/2025\/08\/the-mobile-cereal-drying-machine-300x225.webp 300w, https:\/\/corn-machines.com\/wp-content\/uploads\/2025\/08\/the-mobile-cereal-drying-machine-16x12.webp 16w\" sizes=\"auto, (max-width: 720px) 100vw, 720px\" \/><figcaption class=\"wp-element-caption\">a m\u00e1quina de secagem de cereais m\u00f3vel<\/figcaption><\/figure> <\/div>   <h2 class=\"wp-block-heading\">Perguntas frequentes sobre o secador de gr\u00e3os m\u00f3vel<\/h2>   <div id=\"rank-math-faq\" class=\"rank-math-block\"> <div class=\"rank-math-list\"> <div id=\"faq-question-1754355955598\" class=\"rank-math-list-item\"> <h3 class=\"rank-math-question\">Quais s\u00e3o os benef\u00edcios do a\u00e7o inoxid\u00e1vel?<\/h3> <div class=\"rank-math-answer\">  <p>A vantagem do a\u00e7o inoxid\u00e1vel \u00e9 que quando a m\u00e1quina est\u00e1 em funcionamento, o vapor de \u00e1gua sair\u00e1. O a\u00e7o inoxid\u00e1vel n\u00e3o tem medo da corros\u00e3o e n\u00e3o ter\u00e1 manchas de ferrugem. Mesmo que a m\u00e1quina seja guardada ap\u00f3s o uso este ano, estar\u00e1 em boas condi\u00e7\u00f5es para ser usada no pr\u00f3ximo ano.<\/p>  <\/div> <\/div> <div id=\"faq-question-1754355991319\" class=\"rank-math-list-item\"> <h3 class=\"rank-math-question\">Quais culturas podem ser secas no secador de gr\u00e3os m\u00f3vel? Quais s\u00e3o as temperaturas?<\/h3> <div class=\"rank-math-answer\">  <p>Pode secar milho, trigo, feij\u00e3o, arroz, sorgo, colza, etc. A temperatura de secagem \u00e9 a seguinte.<br \/>Milho: 100-140\u00b0C.<br \/>Trigo: 80-90\u00b0C.<br \/>Arroz: 60-70\u00b0C.<br \/>Sorgo: 100-140\u00b0C.<br \/>Colza: 100\u00b0C.<\/p>  <\/div> <\/div> <div id=\"faq-question-1754356184021\" class=\"rank-math-list-item\"> <h3 class=\"rank-math-question\">Quais fontes de calor podem ser usadas?<\/h3> <div class=\"rank-math-answer\">  <p>A m\u00e1quina secadora de culturas pode ser alimentada por carv\u00e3o, \u00f3leo, metanol, biomassa ou eletricidade.<\/p>  <\/div> <\/div> <div id=\"faq-question-1754356195689\" class=\"rank-math-list-item\"> <h3 class=\"rank-math-question\">Qual \u00e9 a fonte de calor mais econ\u00f4mica para usar?<\/h3> <div class=\"rank-math-answer\">  <p>O carv\u00e3o \u00e9 o mais barato, custando uma m\u00e9dia de 35-40 yuan por tonelada de carv\u00e3o seco. A eletricidade \u00e9 a mais cara, e a maioria dos agricultores n\u00e3o a utiliza. Os \u00fanicos que a utilizam s\u00e3o grandes esta\u00e7\u00f5es de gr\u00e3os, que usam transformadores separados e recebem subs\u00eddios do governo.<\/p>  <\/div> <\/div> <\/div> <\/div>   <h2 class=\"wp-block-heading\"><strong>Contacte-nos agora\uff01<\/strong><\/h2>    <p>Seja voc\u00ea um pequeno agricultor ou um grande operador de terminais de gr\u00e3os, este secador de gr\u00e3os m\u00f3vel certamente atender\u00e1 \u00e0s suas necessidades. Seu desempenho superior e equipe de p\u00f3s-venda dedicada o tornaram uma escolha popular em todo o mundo. Se voc\u00ea tiver alguma d\u00favida, entre em contato conosco hoje!<\/p>","protected":false},"excerpt":{"rendered":"<p>Este artigo apresenta principalmente secadores de gr\u00e3os m\u00f3veis, incluindo seus modelos, especifica\u00e7\u00f5es, aplica\u00e7\u00f5es e vantagens. Ele fornece uma refer\u00eancia valiosa para clientes que precisam de secadores.<\/p>","protected":false},"author":1,"featured_media":708,"parent":0,"template":"","tags":[42,52,53],"product-type":[6],"class_list":["post-706","product","type-product","status-publish","has-post-thumbnail","hentry","tag-corn","tag-grain","tag-grain-drying","product-type-grain-drying-machine"],"_links":{"self":[{"href":"https:\/\/corn-machines.com\/pt\/wp-json\/wp\/v2\/product\/706","targetHints":{"allow":["GET"]}}],"collection":[{"href":"https:\/\/corn-machines.com\/pt\/wp-json\/wp\/v2\/product"}],"about":[{"href":"https:\/\/corn-machines.com\/pt\/wp-json\/wp\/v2\/types\/product"}],"author":[{"embeddable":true,"href":"https:\/\/corn-machines.com\/pt\/wp-json\/wp\/v2\/users\/1"}],"wp:featuredmedia":[{"embeddable":true,"href":"https:\/\/corn-machines.com\/pt\/wp-json\/wp\/v2\/media\/708"}],"wp:attachment":[{"href":"https:\/\/corn-machines.com\/pt\/wp-json\/wp\/v2\/media?parent=706"}],"wp:term":[{"taxonomy":"post_tag","embeddable":true,"href":"https:\/\/corn-machines.com\/pt\/wp-json\/wp\/v2\/tags?post=706"},{"taxonomy":"product-type","embeddable":true,"href":"https:\/\/corn-machines.com\/pt\/wp-json\/wp\/v2\/product-type?post=706"}],"curies":[{"name":"wp","href":"https:\/\/api.w.org\/{rel}","templated":true}]}}