{"id":66,"date":"2022-09-07T01:39:02","date_gmt":"2022-09-07T01:39:02","guid":{"rendered":"https:\/\/corn-machines.com\/?post_type=product&#038;p=66"},"modified":"2022-12-01T11:07:46","modified_gmt":"2022-12-01T03:07:46","slug":"corn-peeling-and-threshing-machine","status":"publish","type":"product","link":"https:\/\/corn-machines.com\/pt\/product\/corn-peeling-and-threshing-machine\/","title":{"rendered":"M\u00e1quina descascadora e debulhadora de milho | m\u00e1quina de descascar milho"},"content":{"rendered":"<p class=\"translation-block\">A m\u00e1quina de descasque e debulha de milho \u00e9 uma m\u00e1quina que pode realizar duas fun\u00e7\u00f5es: descascamento de milho e debulha. \u00c9 uma debulhadora de milho multifuncional com fun\u00e7\u00f5es mais abrangentes e uma m\u00e1quina mais eficiente. E a <a href=\"https:\/\/www.agriculture-machine.com\/maize-sheller\/\" data-type=\"URL\" data-id=\"https:\/\/www.agriculture-machine.com\/maize-sheller\/\" target=\"_blank\" rel=\"noopener\">corn thresher<\/a> tamb\u00e9m \u00e9 adequada para outros gr\u00e3os, como trigo, sorgo e culturas de soja. \u00c9 uma m\u00e1quina que vale muito a pena para os agricultores comprarem. Esta m\u00e1quina j\u00e1 foi vendida na Finl\u00e2ndia, Cazaquist\u00e3o, Dubai, Marrocos, Filipinas, Brasil, e noutros pa\u00edses.<\/p>    <figure class=\"wp-block-image size-full\"><img loading=\"lazy\" decoding=\"async\" width=\"720\" height=\"540\" src=\"https:\/\/corn-machines.com\/wp-content\/uploads\/2022\/09\/Corn-peeling-and-threshing-machien-1.webp\" alt=\"Descascador e debulhador de milho\" class=\"wp-image-165\" srcset=\"https:\/\/corn-machines.com\/wp-content\/uploads\/2022\/09\/Corn-peeling-and-threshing-machien-1.webp 720w, https:\/\/corn-machines.com\/wp-content\/uploads\/2022\/09\/Corn-peeling-and-threshing-machien-1-300x225.webp 300w\" sizes=\"auto, (max-width: 720px) 100vw, 720px\" \/><figcaption class=\"wp-element-caption\">M\u00e1quina descascadora e debulhadora de milho<\/figcaption><\/figure>    <h2 class=\"wp-block-heading\" id=\"h-what-are-the-functions-of-the-multifunctional-corn-thresher\">Quais s\u00e3o as fun\u00e7\u00f5es da debulhadora de milho multifuncional<\/h2>    <figure class=\"wp-block-image size-full\"><img loading=\"lazy\" decoding=\"async\" width=\"720\" height=\"540\" src=\"https:\/\/corn-machines.com\/wp-content\/uploads\/2022\/09\/functions-of-the-multifunctional-corn-thresher.webp\" alt=\"fun\u00e7\u00f5es do debulhador de milho multifuncional\" class=\"wp-image-166\" srcset=\"https:\/\/corn-machines.com\/wp-content\/uploads\/2022\/09\/functions-of-the-multifunctional-corn-thresher.webp 720w, https:\/\/corn-machines.com\/wp-content\/uploads\/2022\/09\/functions-of-the-multifunctional-corn-thresher-300x225.webp 300w\" sizes=\"auto, (max-width: 720px) 100vw, 720px\" \/><figcaption class=\"wp-element-caption\">fun\u00e7\u00f5es do debulhador de milho multifuncional<\/figcaption><\/figure>    <p>Esta m\u00e1quina de descascar e debulhar milho \u00e9 uma m\u00e1quina que pode realizar duas fun\u00e7\u00f5es de descascar e debulhar milho e pode adicionar fun\u00e7\u00f5es ao mesmo tempo. Pode obter gr\u00e3os de milho em um processamento e n\u00e3o precisa ser transportado muitas vezes. Al\u00e9m disso, este debulhador de milho pode n\u00e3o apenas debulhar milho, mas tamb\u00e9m debulhar outros milhos, como arroz, milho, trigo, soja, etc.<\/p>    <h2 class=\"wp-block-heading\" id=\"h-how-to-realize-the-processing-of-multiple-grains\">Como realizar o processamento de v\u00e1rios gr\u00e3os<\/h2>    <figure class=\"wp-block-gallery has-nested-images columns-2 is-cropped wp-block-gallery-2 is-layout-flex wp-block-gallery-is-layout-flex\"> <figure class=\"wp-block-image size-large\"><img loading=\"lazy\" decoding=\"async\" width=\"720\" height=\"540\" data-id=\"170\" src=\"https:\/\/corn-machines.com\/wp-content\/uploads\/2022\/09\/grain-thresher.webp\" alt=\"debulhador de gr\u00e3os\" class=\"wp-image-170\" srcset=\"https:\/\/corn-machines.com\/wp-content\/uploads\/2022\/09\/grain-thresher.webp 720w, https:\/\/corn-machines.com\/wp-content\/uploads\/2022\/09\/grain-thresher-300x225.webp 300w\" sizes=\"auto, (max-width: 720px) 100vw, 720px\" \/><figcaption class=\"wp-element-caption\">debulhador de gr\u00e3os<\/figcaption><\/figure>    <figure class=\"wp-block-image size-large\"><img loading=\"lazy\" decoding=\"async\" width=\"720\" height=\"540\" data-id=\"168\" src=\"https:\/\/corn-machines.com\/wp-content\/uploads\/2022\/09\/maize-shelling-machine-details-1.webp\" alt=\"detalhes da m\u00e1quina de descascar milho\" class=\"wp-image-168\" srcset=\"https:\/\/corn-machines.com\/wp-content\/uploads\/2022\/09\/maize-shelling-machine-details-1.webp 720w, https:\/\/corn-machines.com\/wp-content\/uploads\/2022\/09\/maize-shelling-machine-details-1-300x225.webp 300w\" sizes=\"auto, (max-width: 720px) 100vw, 720px\" \/><figcaption class=\"wp-element-caption\">detalhes da m\u00e1quina de descascar milho<\/figcaption><\/figure>    <figure class=\"wp-block-image size-large\"><img loading=\"lazy\" decoding=\"async\" width=\"720\" height=\"540\" data-id=\"167\" src=\"https:\/\/corn-machines.com\/wp-content\/uploads\/2022\/09\/maize-shelling-machine-details.webp\" alt=\"detalhes da m\u00e1quina de descascar milho\" class=\"wp-image-167\" srcset=\"https:\/\/corn-machines.com\/wp-content\/uploads\/2022\/09\/maize-shelling-machine-details.webp 720w, https:\/\/corn-machines.com\/wp-content\/uploads\/2022\/09\/maize-shelling-machine-details-300x225.webp 300w\" sizes=\"auto, (max-width: 720px) 100vw, 720px\" \/><figcaption class=\"wp-element-caption\">detalhes da m\u00e1quina de descascar milho<\/figcaption><\/figure>    <figure class=\"wp-block-image size-large\"><img loading=\"lazy\" decoding=\"async\" width=\"720\" height=\"540\" data-id=\"169\" src=\"https:\/\/corn-machines.com\/wp-content\/uploads\/2022\/09\/wheat-threshing.webp\" alt=\"debulha de trigo\" class=\"wp-image-169\" srcset=\"https:\/\/corn-machines.com\/wp-content\/uploads\/2022\/09\/wheat-threshing.webp 720w, https:\/\/corn-machines.com\/wp-content\/uploads\/2022\/09\/wheat-threshing-300x225.webp 300w\" sizes=\"auto, (max-width: 720px) 100vw, 720px\" \/><figcaption class=\"wp-element-caption\">debulha de trigo<\/figcaption><\/figure> <\/figure>    <p class=\"translation-block\">Como o tamanho de cada gr\u00e3o \u00e9 muito diferente, o tamanho dos gr\u00e3os de milho e das millet n\u00e3o \u00e9 o mesmo. Se quiser processar uma variedade de gr\u00e3os, \u00e9 necess\u00e1rio mudar a tela da m\u00e1quina. Isto garantir\u00e1 que, quando o debulhador multifuncional estiver a peneirar o gr\u00e3o, o gr\u00e3o n\u00e3o seja perdido devido \u00e0 malha oversized. A nossa f\u00e1brica tamb\u00e9m tem v\u00e1rias m\u00e1quinas, como um debulhador de milho fresco e<a href=\"https:\/\/corn-machines.com\/pt\/product\/corn-shelling-machine\/\" data-type=\"URL\" data-id=\"https:\/\/corn-machines.com\/product\/corn-shelling-machine\/\"> corn thresher for processing corn threshing<\/a>.<\/p>    <h2 class=\"wp-block-heading\" id=\"h-production-efficiency-of-corn-peeling-and-threshing-machine\">Efici\u00eancia de produ\u00e7\u00e3o da m\u00e1quina de descascar e debulhar milho<\/h2>    <figure class=\"wp-block-image size-full\"><img loading=\"lazy\" decoding=\"async\" width=\"720\" height=\"540\" src=\"https:\/\/corn-machines.com\/wp-content\/uploads\/2022\/09\/corn-peeling-and-threshing-machine.webp\" alt=\"m\u00e1quina de descascar e debulhar milho\" class=\"wp-image-171\" srcset=\"https:\/\/corn-machines.com\/wp-content\/uploads\/2022\/09\/corn-peeling-and-threshing-machine.webp 720w, https:\/\/corn-machines.com\/wp-content\/uploads\/2022\/09\/corn-peeling-and-threshing-machine-300x225.webp 300w\" sizes=\"auto, (max-width: 720px) 100vw, 720px\" \/><figcaption class=\"wp-element-caption\">m\u00e1quina de descascar e debulhar milho<\/figcaption><\/figure>    <p class=\"translation-block\">A m\u00e1quina de descasque e debulha de milho tem uma taxa de debulha de at\u00e9 95% e uma baixa taxa de quebras. 1,5-2 t por hora. Depois de utilizar este debulhador de milho, podem ser processados dois tipos de milho ao mesmo tempo. No entanto, este debulhador de milho processa milho sun-dried e n\u00e3o pode ser utilizado diretamente ap\u00f3s a colheita do milho. Precisa de ser seco para remover a humidade do milho. Ap\u00f3s o processamento, se o milho for colhido mais tarde e a humidade no sabugo tiver evaporado, pode ser processado diretamente. Alternativamente, se pretender debulhar milho fresco, pode utilizar um <a href=\"https:\/\/corn-machines.com\/pt\/product\/fresh-corn-thresher-sweet-corn-sheller\/\">debulhador de milho doce<\/a>.<\/p>    <h2 class=\"wp-block-heading\" id=\"h-parameters-of-corn-peeling-and-threshing-machine\">Par\u00e2metros da m\u00e1quina de descascar e debulhar milho<\/h2>    <figure class=\"wp-block-gallery has-nested-images columns-default is-cropped wp-block-gallery-3 is-layout-flex wp-block-gallery-is-layout-flex\"> <figure class=\"wp-block-image size-large\"><img loading=\"lazy\" decoding=\"async\" width=\"720\" height=\"540\" data-id=\"172\" src=\"https:\/\/corn-machines.com\/wp-content\/uploads\/2022\/09\/MT-860-corn-shelling-machine.webp\" alt=\"M\u00e1quina de descascar milho MT-860\" class=\"wp-image-172\" srcset=\"https:\/\/corn-machines.com\/wp-content\/uploads\/2022\/09\/MT-860-corn-shelling-machine.webp 720w, https:\/\/corn-machines.com\/wp-content\/uploads\/2022\/09\/MT-860-corn-shelling-machine-300x225.webp 300w\" sizes=\"auto, (max-width: 720px) 100vw, 720px\" \/><figcaption class=\"wp-element-caption\">M\u00e1quina de descascar milho MT-860<\/figcaption><\/figure>    <figure class=\"wp-block-image size-large\"><img loading=\"lazy\" decoding=\"async\" width=\"720\" height=\"540\" data-id=\"173\" src=\"https:\/\/corn-machines.com\/wp-content\/uploads\/2022\/09\/MT-1200-corn-shelling-machine.webp\" alt=\"M\u00e1quina de descascar milho MT-1200\" class=\"wp-image-173\" srcset=\"https:\/\/corn-machines.com\/wp-content\/uploads\/2022\/09\/MT-1200-corn-shelling-machine.webp 720w, https:\/\/corn-machines.com\/wp-content\/uploads\/2022\/09\/MT-1200-corn-shelling-machine-300x225.webp 300w\" sizes=\"auto, (max-width: 720px) 100vw, 720px\" \/><figcaption class=\"wp-element-caption\">M\u00e1quina de descascar milho MT-1200<\/figcaption><\/figure> <\/figure>    <figure class=\"wp-block-table\"><table><tbody><tr><td>Modelo<\/td><td>Poder<\/td><td>Capacidade<\/td><td>Peso<\/td><td>Tamanho<\/td><td>Aplicativo<\/td><\/tr><tr><td>MT-860<\/td><td>Motor diesel, motor a gasolina, motor el\u00e9trico<\/td><td>1,5-2t\/h<\/td><td>112kg<\/td><td>1150*860<em>*<\/em>1160 mm<\/td><td>Sorgo, Pain\u00e7o, Milho, Soja<\/td><\/tr><tr><td>MT-1200<\/td><td>Motor diesel 10-12HP<\/td><td>milho 3t\/h,<br>Soja 2t\/h<br>Sorgo, pain\u00e7o, trigo, arroz 1,5t\/h<\/td><td>200kg<\/td><td>2100*1700*1400mm<\/td><td>Sorgo, Pain\u00e7o, Milho, Soja<\/td><\/tr><\/tbody><\/table><\/figure>    <h2 class=\"wp-block-heading\" id=\"h-various-power-modes-of-corn-peeling-thresher\">V\u00e1rios modos de pot\u00eancia da debulhadora para descascar milho<\/h2>    <figure class=\"wp-block-gallery has-nested-images columns-default is-cropped wp-block-gallery-4 is-layout-flex wp-block-gallery-is-layout-flex\"> <figure class=\"wp-block-image size-large\"><img loading=\"lazy\" decoding=\"async\" width=\"720\" height=\"540\" data-id=\"174\" src=\"https:\/\/corn-machines.com\/wp-content\/uploads\/2022\/09\/power-of-corn-peeling-thresher.webp\" alt=\"Debulhador de milho el\u00e9trico\" class=\"wp-image-174\" srcset=\"https:\/\/corn-machines.com\/wp-content\/uploads\/2022\/09\/power-of-corn-peeling-thresher.webp 720w, https:\/\/corn-machines.com\/wp-content\/uploads\/2022\/09\/power-of-corn-peeling-thresher-300x225.webp 300w\" sizes=\"auto, (max-width: 720px) 100vw, 720px\" \/><figcaption class=\"wp-element-caption\">Debulhador de milho el\u00e9trico<\/figcaption><\/figure>    <figure class=\"wp-block-image size-large\"><img loading=\"lazy\" decoding=\"async\" width=\"720\" height=\"540\" data-id=\"175\" src=\"https:\/\/corn-machines.com\/wp-content\/uploads\/2022\/09\/Diesel-Corn-Thresher.webp\" alt=\"Debulhador de Milho Diesel\" class=\"wp-image-175\" srcset=\"https:\/\/corn-machines.com\/wp-content\/uploads\/2022\/09\/Diesel-Corn-Thresher.webp 720w, https:\/\/corn-machines.com\/wp-content\/uploads\/2022\/09\/Diesel-Corn-Thresher-300x225.webp 300w\" sizes=\"auto, (max-width: 720px) 100vw, 720px\" \/><figcaption class=\"wp-element-caption\">Debulhador de Milho Diesel<\/figcaption><\/figure>    <figure class=\"wp-block-image size-large\"><img loading=\"lazy\" decoding=\"async\" width=\"720\" height=\"540\" data-id=\"176\" src=\"https:\/\/corn-machines.com\/wp-content\/uploads\/2022\/09\/Gasoline-Corn-Thresher.webp\" alt=\"Debulhador de milho a gasolina\" class=\"wp-image-176\" srcset=\"https:\/\/corn-machines.com\/wp-content\/uploads\/2022\/09\/Gasoline-Corn-Thresher.webp 720w, https:\/\/corn-machines.com\/wp-content\/uploads\/2022\/09\/Gasoline-Corn-Thresher-300x225.webp 300w\" sizes=\"auto, (max-width: 720px) 100vw, 720px\" \/><figcaption class=\"wp-element-caption\">Debulhador de milho a gasolina<\/figcaption><\/figure> <\/figure>    <p>Podemos ser combinados com motores a diesel, motores a gasolina ou motores el\u00e9tricos como unidades de pot\u00eancia. Podemos personalizar a m\u00e1quina de acordo com suas necessidades. Isto \u00e9 para que os clientes escolham uma debulhadora de milho multifuncional que seja mais adequada para eles.<\/p>    <h2 class=\"wp-block-heading\" id=\"h-structure-of-corn-peeling-thresher\">Estrutura da debulhadora de descascamento de milho<\/h2>    <figure class=\"wp-block-gallery has-nested-images columns-default is-cropped wp-block-gallery-5 is-layout-flex wp-block-gallery-is-layout-flex\"> <figure class=\"wp-block-image size-large\"><img loading=\"lazy\" decoding=\"async\" width=\"720\" height=\"540\" data-id=\"179\" src=\"https:\/\/corn-machines.com\/wp-content\/uploads\/2022\/09\/corn-peeling-thresher-details.webp\" alt=\"detalhes da debulhadora de casca de milho\" class=\"wp-image-179\" srcset=\"https:\/\/corn-machines.com\/wp-content\/uploads\/2022\/09\/corn-peeling-thresher-details.webp 720w, https:\/\/corn-machines.com\/wp-content\/uploads\/2022\/09\/corn-peeling-thresher-details-300x225.webp 300w\" sizes=\"auto, (max-width: 720px) 100vw, 720px\" \/><figcaption class=\"wp-element-caption\">detalhes da debulhadora de casca de milho<\/figcaption><\/figure>    <figure class=\"wp-block-image size-large\"><img loading=\"lazy\" decoding=\"async\" width=\"720\" height=\"540\" data-id=\"178\" src=\"https:\/\/corn-machines.com\/wp-content\/uploads\/2022\/09\/factory-of-corn-peeling-thresher.webp\" alt=\"f\u00e1brica de debulhador de casca de milho\" class=\"wp-image-178\" srcset=\"https:\/\/corn-machines.com\/wp-content\/uploads\/2022\/09\/factory-of-corn-peeling-thresher.webp 720w, https:\/\/corn-machines.com\/wp-content\/uploads\/2022\/09\/factory-of-corn-peeling-thresher-300x225.webp 300w\" sizes=\"auto, (max-width: 720px) 100vw, 720px\" \/><figcaption class=\"wp-element-caption\">f\u00e1brica de debulhador de casca de milho<\/figcaption><\/figure>    <figure class=\"wp-block-image size-large\"><img loading=\"lazy\" decoding=\"async\" width=\"720\" height=\"540\" data-id=\"177\" src=\"https:\/\/corn-machines.com\/wp-content\/uploads\/2022\/09\/Structure-of-corn-peeling-thresher.webp\" alt=\"Estrutura da debulhadora de descascamento de milho\" class=\"wp-image-177\" srcset=\"https:\/\/corn-machines.com\/wp-content\/uploads\/2022\/09\/Structure-of-corn-peeling-thresher.webp 720w, https:\/\/corn-machines.com\/wp-content\/uploads\/2022\/09\/Structure-of-corn-peeling-thresher-300x225.webp 300w\" sizes=\"auto, (max-width: 720px) 100vw, 720px\" \/><figcaption class=\"wp-element-caption\">Estrutura da debulhadora de descascamento de milho<\/figcaption><\/figure> <\/figure>    <p>A debulhadora \u00e9 composta por uma porta de alimenta\u00e7\u00e3o, uma porta de descarga de gr\u00e3os de milho, uma sa\u00edda de impurezas, um ventilador de tiragem induzida, uma roda m\u00f3vel e uma tela. Uma coisa a se notar \u00e9 que esta pequena debulhadora possui um ventilador \u00fanico e um ventilador duplo. Para m\u00e1quinas com ventiladores duplos, o milho ap\u00f3s a trilha fica mais limpo. Depois que as espigas de milho s\u00e3o alimentadas na porta de alimenta\u00e7\u00e3o, elas entram primeiro na caixa de descascamento e, ap\u00f3s o descascamento, entram automaticamente na caixa de debulha para debulha.<\/p>    <h2 class=\"wp-block-heading\" id=\"h-how-to-use-corn-peeling-and-threshing-machine\">Como usar a m\u00e1quina descascadora e debulhadora de milho<\/h2>    <figure class=\"wp-block-gallery has-nested-images columns-default is-cropped wp-block-gallery-6 is-layout-flex wp-block-gallery-is-layout-flex\"> <figure class=\"wp-block-image size-large\"><img loading=\"lazy\" decoding=\"async\" width=\"720\" height=\"540\" data-id=\"180\" src=\"https:\/\/corn-machines.com\/wp-content\/uploads\/2022\/09\/corn-peeling-and-threshing-machine-working.webp\" alt=\"m\u00e1quina de descascar e debulhar milho funcionando\" class=\"wp-image-180\" srcset=\"https:\/\/corn-machines.com\/wp-content\/uploads\/2022\/09\/corn-peeling-and-threshing-machine-working.webp 720w, https:\/\/corn-machines.com\/wp-content\/uploads\/2022\/09\/corn-peeling-and-threshing-machine-working-300x225.webp 300w\" sizes=\"auto, (max-width: 720px) 100vw, 720px\" \/><figcaption class=\"wp-element-caption\">m\u00e1quina de descascar e debulhar milho funcionando<\/figcaption><\/figure>    <figure class=\"wp-block-image size-large\"><img loading=\"lazy\" decoding=\"async\" width=\"720\" height=\"540\" data-id=\"181\" src=\"https:\/\/corn-machines.com\/wp-content\/uploads\/2022\/09\/corn-peeling-and-threshing-machine-working-1.webp\" alt=\"m\u00e1quina de descascar e debulhar milho funcionando\" class=\"wp-image-181\" srcset=\"https:\/\/corn-machines.com\/wp-content\/uploads\/2022\/09\/corn-peeling-and-threshing-machine-working-1.webp 720w, https:\/\/corn-machines.com\/wp-content\/uploads\/2022\/09\/corn-peeling-and-threshing-machine-working-1-300x225.webp 300w\" sizes=\"auto, (max-width: 720px) 100vw, 720px\" \/><figcaption class=\"wp-element-caption\">m\u00e1quina de descascar e debulhar milho funcionando<\/figcaption><\/figure> <\/figure>    <ol class=\"wp-block-list\"> <li>Antes de ligar a m\u00e1quina, verifique se as pe\u00e7as de conex\u00e3o de cada pe\u00e7a chave est\u00e3o firmes<\/li>    <li>quando a m\u00e1quina estiver funcionando, \u00e9 estritamente proibido abrir a tampa de seguran\u00e7a.<br><\/li>    <li>se alguma situa\u00e7\u00e3o anormal for encontrada, ela deve ser parada imediatamente para inspe\u00e7\u00e3o, sendo estritamente proibido solucionar problemas da m\u00e1quina quando ela estiver funcionando<\/li>    <li> quando a porta de alimenta\u00e7\u00e3o est\u00e1 bloqueada, \u00e9 estritamente proibido usar as m\u00e3os ou paus para ajudar na alimenta\u00e7\u00e3o.<\/li>    <li>\u00e9 estritamente proibido misturar pedras, metais e outros artigos diversos em mat\u00e9rias-primas.<\/li>    <li>fique inativo por 2-3 minutos antes de ligar a m\u00e1quina para confirmar se n\u00e3o h\u00e1 nenhum fen\u00f4meno anormal antes de iniciar a opera\u00e7\u00e3o.<\/li> <\/ol>    <h2 class=\"wp-block-heading\" id=\"h-advantages-of-multifunctional-corn-thresher\">Vantagens da debulhadora de milho multifuncional<\/h2>    <figure class=\"wp-block-gallery has-nested-images columns-default is-cropped wp-block-gallery-7 is-layout-flex wp-block-gallery-is-layout-flex\"> <figure class=\"wp-block-image size-large\"><img loading=\"lazy\" decoding=\"async\" width=\"720\" height=\"540\" data-id=\"187\" src=\"https:\/\/corn-machines.com\/wp-content\/uploads\/2022\/09\/Corn-peeling-and-threshing-machine-1.webp\" alt=\"M\u00e1quina descascadora e debulhadora de milho\" class=\"wp-image-187\" srcset=\"https:\/\/corn-machines.com\/wp-content\/uploads\/2022\/09\/Corn-peeling-and-threshing-machine-1.webp 720w, https:\/\/corn-machines.com\/wp-content\/uploads\/2022\/09\/Corn-peeling-and-threshing-machine-1-300x225.webp 300w\" sizes=\"auto, (max-width: 720px) 100vw, 720px\" \/><figcaption class=\"wp-element-caption\">M\u00e1quina descascadora e debulhadora de milho<\/figcaption><\/figure>    <figure class=\"wp-block-image size-large\"><img loading=\"lazy\" decoding=\"async\" width=\"720\" height=\"540\" data-id=\"186\" src=\"https:\/\/corn-machines.com\/wp-content\/uploads\/2022\/09\/Corn-peeling-and-threshing-machine.webp\" alt=\"\" class=\"wp-image-186\" srcset=\"https:\/\/corn-machines.com\/wp-content\/uploads\/2022\/09\/Corn-peeling-and-threshing-machine.webp 720w, https:\/\/corn-machines.com\/wp-content\/uploads\/2022\/09\/Corn-peeling-and-threshing-machine-300x225.webp 300w\" sizes=\"auto, (max-width: 720px) 100vw, 720px\" \/><figcaption class=\"wp-element-caption\">m\u00e1quina de descascar milho<\/figcaption><\/figure>    <figure class=\"wp-block-image size-large\"><img loading=\"lazy\" decoding=\"async\" width=\"720\" height=\"540\" data-id=\"185\" src=\"https:\/\/corn-machines.com\/wp-content\/uploads\/2022\/09\/corn-peeling-thresher.webp\" alt=\"debulhador de casca de milho\" class=\"wp-image-185\" srcset=\"https:\/\/corn-machines.com\/wp-content\/uploads\/2022\/09\/corn-peeling-thresher.webp 720w, https:\/\/corn-machines.com\/wp-content\/uploads\/2022\/09\/corn-peeling-thresher-300x225.webp 300w\" sizes=\"auto, (max-width: 720px) 100vw, 720px\" \/><figcaption class=\"wp-element-caption\">debulhador de casca de milho<\/figcaption><\/figure>    <figure class=\"wp-block-image size-large\"><img loading=\"lazy\" decoding=\"async\" width=\"720\" height=\"540\" data-id=\"184\" src=\"https:\/\/corn-machines.com\/wp-content\/uploads\/2022\/09\/multifunctional-corn-thresher-2.webp\" alt=\"debulhador de milho multifuncional\" class=\"wp-image-184\" srcset=\"https:\/\/corn-machines.com\/wp-content\/uploads\/2022\/09\/multifunctional-corn-thresher-2.webp 720w, https:\/\/corn-machines.com\/wp-content\/uploads\/2022\/09\/multifunctional-corn-thresher-2-300x225.webp 300w\" sizes=\"auto, (max-width: 720px) 100vw, 720px\" \/><figcaption class=\"wp-element-caption\">debulhador de milho multifuncional<\/figcaption><\/figure>    <figure class=\"wp-block-image size-large\"><img loading=\"lazy\" decoding=\"async\" width=\"720\" height=\"540\" data-id=\"183\" src=\"https:\/\/corn-machines.com\/wp-content\/uploads\/2022\/09\/multifunctional-corn-thresher-1.webp\" alt=\"debulhador de milho multifuncional\" class=\"wp-image-183\" srcset=\"https:\/\/corn-machines.com\/wp-content\/uploads\/2022\/09\/multifunctional-corn-thresher-1.webp 720w, https:\/\/corn-machines.com\/wp-content\/uploads\/2022\/09\/multifunctional-corn-thresher-1-300x225.webp 300w\" sizes=\"auto, (max-width: 720px) 100vw, 720px\" \/><figcaption class=\"wp-element-caption\">debulhador de milho multifuncional<\/figcaption><\/figure>    <figure class=\"wp-block-image size-large\"><img loading=\"lazy\" decoding=\"async\" width=\"720\" height=\"540\" data-id=\"182\" src=\"https:\/\/corn-machines.com\/wp-content\/uploads\/2022\/09\/multifunctional-corn-thresher.webp\" alt=\"debulhador de milho multifuncional\" class=\"wp-image-182\" srcset=\"https:\/\/corn-machines.com\/wp-content\/uploads\/2022\/09\/multifunctional-corn-thresher.webp 720w, https:\/\/corn-machines.com\/wp-content\/uploads\/2022\/09\/multifunctional-corn-thresher-300x225.webp 300w\" sizes=\"auto, (max-width: 720px) 100vw, 720px\" \/><figcaption class=\"wp-element-caption\">debulhador de milho multifuncional<\/figcaption><\/figure> <\/figure>    <ul class=\"wp-block-list\"> <li>Aumente a entrada de ra\u00e7\u00e3o. Uma abertura de alimenta\u00e7\u00e3o ampliada facilita o abastecimento de sacos e outras ferramentas.<\/li>    <li>Adicionada fun\u00e7\u00e3o de filtro. Ap\u00f3s a trilha do milho, ele ser\u00e1 peneirado para retirar algumas impurezas, e o milho ficar\u00e1 mais limpo ap\u00f3s o desprendimento.<\/li>    <li>Com fun\u00e7\u00e3o de ajuste de vento. O debulhador ajusta diferentes tamanhos de vento enquanto debulha diferentes incentivos<\/li> <\/ul>    <h2 class=\"wp-block-heading\">V\u00eddeo da debulhadora de milho<\/h2>    <figure class=\"wp-block-embed is-type-video is-provider-youtube wp-block-embed-youtube wp-embed-aspect-16-9 wp-has-aspect-ratio\"><div class=\"wp-block-embed__wrapper\"> <iframe loading=\"lazy\" title=\"Debulhador multifuncional popular para milheto milho-soja | m\u00e1quina de descascar milho | debulha de milho\" width=\"500\" height=\"281\" src=\"https:\/\/www.youtube.com\/embed\/Yk9xeQ67xII?start=5&#038;feature=oembed\" frameborder=\"0\" allow=\"accelerometer; autoplay; clipboard-write; encrypted-media; gyroscope; picture-in-picture; web-share\" referrerpolicy=\"strict-origin-when-cross-origin\" allowfullscreen><\/iframe> <\/div><figcaption class=\"wp-element-caption\">M\u00e1quina debulhadora de milho<\/figcaption><\/figure>","protected":false},"excerpt":{"rendered":"<p>A m\u00e1quina para descascar e debulhar milho \u00e9 uma m\u00e1quina que pode realizar duas fun\u00e7\u00f5es: descascar e descascar milho. <\/p>","protected":false},"author":1,"featured_media":164,"parent":0,"template":"","tags":[20,33,21],"product-type":[4],"class_list":["post-66","product","type-product","status-publish","has-post-thumbnail","hentry","tag-corn-peeling-and-threshing-machine","tag-corn-threshing-machine","tag-maize-shelling-machine","product-type-corn-thresher-machine"],"_links":{"self":[{"href":"https:\/\/corn-machines.com\/pt\/wp-json\/wp\/v2\/product\/66","targetHints":{"allow":["GET"]}}],"collection":[{"href":"https:\/\/corn-machines.com\/pt\/wp-json\/wp\/v2\/product"}],"about":[{"href":"https:\/\/corn-machines.com\/pt\/wp-json\/wp\/v2\/types\/product"}],"author":[{"embeddable":true,"href":"https:\/\/corn-machines.com\/pt\/wp-json\/wp\/v2\/users\/1"}],"wp:featuredmedia":[{"embeddable":true,"href":"https:\/\/corn-machines.com\/pt\/wp-json\/wp\/v2\/media\/164"}],"wp:attachment":[{"href":"https:\/\/corn-machines.com\/pt\/wp-json\/wp\/v2\/media?parent=66"}],"wp:term":[{"taxonomy":"post_tag","embeddable":true,"href":"https:\/\/corn-machines.com\/pt\/wp-json\/wp\/v2\/tags?post=66"},{"taxonomy":"product-type","embeddable":true,"href":"https:\/\/corn-machines.com\/pt\/wp-json\/wp\/v2\/product-type?post=66"}],"curies":[{"name":"wp","href":"https:\/\/api.w.org\/{rel}","templated":true}]}}